{"id":6947,"date":"2025-03-03T15:20:03","date_gmt":"2025-03-03T14:20:03","guid":{"rendered":"https:\/\/pool-house.shop\/product\/peraqua-side-pac-aqu-2-steuerventil\/"},"modified":"2025-03-03T15:20:03","modified_gmt":"2025-03-03T14:20:03","slug":"peraqua-side-pac-aqu-2-steuerventil","status":"publish","type":"product","link":"https:\/\/pool-house.shop\/de\/product\/peraqua-side-pac-aqu-2-steuerventil\/","title":{"rendered":"Peraqua SIDE PAC\/AQU 2&#8243; Steuerventil"},"content":{"rendered":"<p>6-Wege-Steuerventil Peraqua mit Schlauchsatz SIDE<\/p>\n<p> Dieses 6-Wege-Steuerventil ist ein hochwertiges und langlebiges Ersatzteil f\u00fcr Filterbeh\u00e4lter.<br \/>\n Anschluss: 2&#8243; und wird mit einem Schlauchsatz geliefert.<\/p>\n<p> Steuerventil<br \/>\n Es handelt sich um ein Ersatzteil f\u00fcr den Filterbeh\u00e4lter. Seine Aufgabe ist es, die Richtung des Wasserflusses zu regulieren, wodurch die Filterfunktion bestimmt wird. <\/p>\n","protected":false},"excerpt":{"rendered":"<p>6-Wege-Steuerventil Peraqua mit Schlauchsatz SIDE Dieses 6-Wege-Steuerventil ist ein hochwertiges und langlebiges Ersatzteil f\u00fcr Filterbeh\u00e4lter. Anschluss: 2&#8243; und wird mit einem Schlauchsatz geliefert. Steuerventil Es handelt sich um ein Ersatzteil f\u00fcr den Filterbeh\u00e4lter. Seine Aufgabe ist es, die Richtung des Wasserflusses zu regulieren, wodurch die Filterfunktion bestimmt wird.<\/p>\n","protected":false},"featured_media":6949,"template":"","meta":[],"product_brand":[],"product_cat":[353,250],"product_tag":[],"class_list":{"0":"post-6947","1":"product","2":"type-product","3":"status-publish","4":"has-post-thumbnail","6":"product_cat-filteranlagen","7":"product_cat-mehrwegeventile","8":"thunk-woo-product-list","9":"open-woo-hover-none","10":"open-single-product-tab-horizontal","11":"open-shadow-","12":"open-shadow-hover-","14":"first","15":"instock","16":"taxable","17":"shipping-taxable","18":"purchasable","19":"product-type-simple"},"yoast_head":"<!-- This site is optimized with the Yoast SEO plugin v26.9 - https:\/\/yoast.com\/product\/yoast-seo-wordpress\/ -->\n<title>Peraqua SIDE PAC\/AQU 2&quot; Steuerventil - Pool-House<\/title>\n<meta name=\"robots\" content=\"index, follow, max-snippet:-1, max-image-preview:large, max-video-preview:-1\" \/>\n<link rel=\"canonical\" href=\"https:\/\/pool-house.shop\/de\/product\/peraqua-side-pac-aqu-2-steuerventil\/\" \/>\n<meta property=\"og:locale\" content=\"de_DE\" \/>\n<meta property=\"og:type\" content=\"article\" \/>\n<meta property=\"og:title\" content=\"Peraqua SIDE PAC\/AQU 2&quot; Steuerventil - Pool-House\" \/>\n<meta property=\"og:description\" content=\"6-Wege-Steuerventil Peraqua mit Schlauchsatz SIDE Dieses 6-Wege-Steuerventil ist ein hochwertiges und langlebiges Ersatzteil f\u00fcr Filterbeh\u00e4lter. Anschluss: 2&#8243; und wird mit einem Schlauchsatz geliefert. Steuerventil Es handelt sich um ein Ersatzteil f\u00fcr den Filterbeh\u00e4lter. Seine Aufgabe ist es, die Richtung des Wasserflusses zu regulieren, wodurch die Filterfunktion bestimmt wird.\" \/>\n<meta property=\"og:url\" content=\"https:\/\/pool-house.shop\/de\/product\/peraqua-side-pac-aqu-2-steuerventil\/\" \/>\n<meta property=\"og:site_name\" content=\"Pool-House\" \/>\n<meta property=\"article:publisher\" content=\"https:\/\/www.facebook.com\/termodomsk\/\" \/>\n<meta property=\"og:image\" content=\"https:\/\/pool-house.shop\/wp-content\/uploads\/2025\/03\/032029.png\" \/>\n\t<meta property=\"og:image:width\" content=\"1000\" \/>\n\t<meta property=\"og:image:height\" content=\"1000\" \/>\n\t<meta property=\"og:image:type\" content=\"image\/png\" \/>\n<meta name=\"twitter:card\" content=\"summary_large_image\" \/>\n<script type=\"application\/ld+json\" class=\"yoast-schema-graph\">{\"@context\":\"https:\/\/schema.org\",\"@graph\":[{\"@type\":\"WebPage\",\"@id\":\"https:\/\/pool-house.shop\/de\/product\/peraqua-side-pac-aqu-2-steuerventil\/\",\"url\":\"https:\/\/pool-house.shop\/de\/product\/peraqua-side-pac-aqu-2-steuerventil\/\",\"name\":\"Peraqua SIDE PAC\/AQU 2\\\" Steuerventil - Pool-House\",\"isPartOf\":{\"@id\":\"https:\/\/pool-house.shop\/de\/#website\"},\"primaryImageOfPage\":{\"@id\":\"https:\/\/pool-house.shop\/de\/product\/peraqua-side-pac-aqu-2-steuerventil\/#primaryimage\"},\"image\":{\"@id\":\"https:\/\/pool-house.shop\/de\/product\/peraqua-side-pac-aqu-2-steuerventil\/#primaryimage\"},\"thumbnailUrl\":\"https:\/\/pool-house.shop\/wp-content\/uploads\/2025\/03\/032029.png\",\"datePublished\":\"2025-03-03T14:20:03+00:00\",\"breadcrumb\":{\"@id\":\"https:\/\/pool-house.shop\/de\/product\/peraqua-side-pac-aqu-2-steuerventil\/#breadcrumb\"},\"inLanguage\":\"de\",\"potentialAction\":[{\"@type\":\"ReadAction\",\"target\":[\"https:\/\/pool-house.shop\/de\/product\/peraqua-side-pac-aqu-2-steuerventil\/\"]}]},{\"@type\":\"ImageObject\",\"inLanguage\":\"de\",\"@id\":\"https:\/\/pool-house.shop\/de\/product\/peraqua-side-pac-aqu-2-steuerventil\/#primaryimage\",\"url\":\"https:\/\/pool-house.shop\/wp-content\/uploads\/2025\/03\/032029.png\",\"contentUrl\":\"https:\/\/pool-house.shop\/wp-content\/uploads\/2025\/03\/032029.png\",\"width\":1000,\"height\":1000},{\"@type\":\"BreadcrumbList\",\"@id\":\"https:\/\/pool-house.shop\/de\/product\/peraqua-side-pac-aqu-2-steuerventil\/#breadcrumb\",\"itemListElement\":[{\"@type\":\"ListItem\",\"position\":1,\"name\":\"Domovsk\u00e1 str\u00e1nka\",\"item\":\"https:\/\/pool-house.shop\/de\/\"},{\"@type\":\"ListItem\",\"position\":2,\"name\":\"Shop\",\"item\":\"https:\/\/pool-house.shop\/de\/shop\/\"},{\"@type\":\"ListItem\",\"position\":3,\"name\":\"Peraqua SIDE PAC\/AQU 2&#8243; Steuerventil\"}]},{\"@type\":\"WebSite\",\"@id\":\"https:\/\/pool-house.shop\/de\/#website\",\"url\":\"https:\/\/pool-house.shop\/de\/\",\"name\":\"Pool-House\",\"description\":\"\",\"publisher\":{\"@id\":\"https:\/\/pool-house.shop\/de\/#organization\"},\"potentialAction\":[{\"@type\":\"SearchAction\",\"target\":{\"@type\":\"EntryPoint\",\"urlTemplate\":\"https:\/\/pool-house.shop\/de\/?s={search_term_string}\"},\"query-input\":{\"@type\":\"PropertyValueSpecification\",\"valueRequired\":true,\"valueName\":\"search_term_string\"}}],\"inLanguage\":\"de\"},{\"@type\":\"Organization\",\"@id\":\"https:\/\/pool-house.shop\/de\/#organization\",\"name\":\"Pool-House\",\"url\":\"https:\/\/pool-house.shop\/de\/\",\"logo\":{\"@type\":\"ImageObject\",\"inLanguage\":\"de\",\"@id\":\"https:\/\/pool-house.shop\/de\/#\/schema\/logo\/image\/\",\"url\":\"https:\/\/pool-house.shop\/wp-content\/uploads\/2025\/10\/logo-2-stvorec-mobil-modre.png\",\"contentUrl\":\"https:\/\/pool-house.shop\/wp-content\/uploads\/2025\/10\/logo-2-stvorec-mobil-modre.png\",\"width\":273,\"height\":189,\"caption\":\"Pool-House\"},\"image\":{\"@id\":\"https:\/\/pool-house.shop\/de\/#\/schema\/logo\/image\/\"},\"sameAs\":[\"https:\/\/www.facebook.com\/termodomsk\/\"]}]}<\/script>\n<!-- \/ Yoast SEO plugin. -->","yoast_head_json":{"title":"Peraqua SIDE PAC\/AQU 2\" Steuerventil - Pool-House","robots":{"index":"index","follow":"follow","max-snippet":"max-snippet:-1","max-image-preview":"max-image-preview:large","max-video-preview":"max-video-preview:-1"},"canonical":"https:\/\/pool-house.shop\/de\/product\/peraqua-side-pac-aqu-2-steuerventil\/","og_locale":"de_DE","og_type":"article","og_title":"Peraqua SIDE PAC\/AQU 2\" Steuerventil - Pool-House","og_description":"6-Wege-Steuerventil Peraqua mit Schlauchsatz SIDE Dieses 6-Wege-Steuerventil ist ein hochwertiges und langlebiges Ersatzteil f\u00fcr Filterbeh\u00e4lter. Anschluss: 2&#8243; und wird mit einem Schlauchsatz geliefert. Steuerventil Es handelt sich um ein Ersatzteil f\u00fcr den Filterbeh\u00e4lter. Seine Aufgabe ist es, die Richtung des Wasserflusses zu regulieren, wodurch die Filterfunktion bestimmt wird.","og_url":"https:\/\/pool-house.shop\/de\/product\/peraqua-side-pac-aqu-2-steuerventil\/","og_site_name":"Pool-House","article_publisher":"https:\/\/www.facebook.com\/termodomsk\/","og_image":[{"width":1000,"height":1000,"url":"https:\/\/pool-house.shop\/wp-content\/uploads\/2025\/03\/032029.png","type":"image\/png"}],"twitter_card":"summary_large_image","schema":{"@context":"https:\/\/schema.org","@graph":[{"@type":"WebPage","@id":"https:\/\/pool-house.shop\/de\/product\/peraqua-side-pac-aqu-2-steuerventil\/","url":"https:\/\/pool-house.shop\/de\/product\/peraqua-side-pac-aqu-2-steuerventil\/","name":"Peraqua SIDE PAC\/AQU 2\" Steuerventil - Pool-House","isPartOf":{"@id":"https:\/\/pool-house.shop\/de\/#website"},"primaryImageOfPage":{"@id":"https:\/\/pool-house.shop\/de\/product\/peraqua-side-pac-aqu-2-steuerventil\/#primaryimage"},"image":{"@id":"https:\/\/pool-house.shop\/de\/product\/peraqua-side-pac-aqu-2-steuerventil\/#primaryimage"},"thumbnailUrl":"https:\/\/pool-house.shop\/wp-content\/uploads\/2025\/03\/032029.png","datePublished":"2025-03-03T14:20:03+00:00","breadcrumb":{"@id":"https:\/\/pool-house.shop\/de\/product\/peraqua-side-pac-aqu-2-steuerventil\/#breadcrumb"},"inLanguage":"de","potentialAction":[{"@type":"ReadAction","target":["https:\/\/pool-house.shop\/de\/product\/peraqua-side-pac-aqu-2-steuerventil\/"]}]},{"@type":"ImageObject","inLanguage":"de","@id":"https:\/\/pool-house.shop\/de\/product\/peraqua-side-pac-aqu-2-steuerventil\/#primaryimage","url":"https:\/\/pool-house.shop\/wp-content\/uploads\/2025\/03\/032029.png","contentUrl":"https:\/\/pool-house.shop\/wp-content\/uploads\/2025\/03\/032029.png","width":1000,"height":1000},{"@type":"BreadcrumbList","@id":"https:\/\/pool-house.shop\/de\/product\/peraqua-side-pac-aqu-2-steuerventil\/#breadcrumb","itemListElement":[{"@type":"ListItem","position":1,"name":"Domovsk\u00e1 str\u00e1nka","item":"https:\/\/pool-house.shop\/de\/"},{"@type":"ListItem","position":2,"name":"Shop","item":"https:\/\/pool-house.shop\/de\/shop\/"},{"@type":"ListItem","position":3,"name":"Peraqua SIDE PAC\/AQU 2&#8243; Steuerventil"}]},{"@type":"WebSite","@id":"https:\/\/pool-house.shop\/de\/#website","url":"https:\/\/pool-house.shop\/de\/","name":"Pool-House","description":"","publisher":{"@id":"https:\/\/pool-house.shop\/de\/#organization"},"potentialAction":[{"@type":"SearchAction","target":{"@type":"EntryPoint","urlTemplate":"https:\/\/pool-house.shop\/de\/?s={search_term_string}"},"query-input":{"@type":"PropertyValueSpecification","valueRequired":true,"valueName":"search_term_string"}}],"inLanguage":"de"},{"@type":"Organization","@id":"https:\/\/pool-house.shop\/de\/#organization","name":"Pool-House","url":"https:\/\/pool-house.shop\/de\/","logo":{"@type":"ImageObject","inLanguage":"de","@id":"https:\/\/pool-house.shop\/de\/#\/schema\/logo\/image\/","url":"https:\/\/pool-house.shop\/wp-content\/uploads\/2025\/10\/logo-2-stvorec-mobil-modre.png","contentUrl":"https:\/\/pool-house.shop\/wp-content\/uploads\/2025\/10\/logo-2-stvorec-mobil-modre.png","width":273,"height":189,"caption":"Pool-House"},"image":{"@id":"https:\/\/pool-house.shop\/de\/#\/schema\/logo\/image\/"},"sameAs":["https:\/\/www.facebook.com\/termodomsk\/"]}]}},"_links":{"self":[{"href":"https:\/\/pool-house.shop\/de\/wp-json\/wp\/v2\/product\/6947","targetHints":{"allow":["GET"]}}],"collection":[{"href":"https:\/\/pool-house.shop\/de\/wp-json\/wp\/v2\/product"}],"about":[{"href":"https:\/\/pool-house.shop\/de\/wp-json\/wp\/v2\/types\/product"}],"wp:featuredmedia":[{"embeddable":true,"href":"https:\/\/pool-house.shop\/de\/wp-json\/wp\/v2\/media\/6949"}],"wp:attachment":[{"href":"https:\/\/pool-house.shop\/de\/wp-json\/wp\/v2\/media?parent=6947"}],"wp:term":[{"taxonomy":"product_brand","embeddable":true,"href":"https:\/\/pool-house.shop\/de\/wp-json\/wp\/v2\/product_brand?post=6947"},{"taxonomy":"product_cat","embeddable":true,"href":"https:\/\/pool-house.shop\/de\/wp-json\/wp\/v2\/product_cat?post=6947"},{"taxonomy":"product_tag","embeddable":true,"href":"https:\/\/pool-house.shop\/de\/wp-json\/wp\/v2\/product_tag?post=6947"}],"curies":[{"name":"wp","href":"https:\/\/api.w.org\/{rel}","templated":true}]}}