{"id":6971,"date":"2025-03-03T15:19:44","date_gmt":"2025-03-03T14:19:44","guid":{"rendered":"https:\/\/pool-house.shop\/product\/balaton-top-o710-2\/"},"modified":"2026-01-16T08:45:59","modified_gmt":"2026-01-16T07:45:59","slug":"balaton-top-o710-2","status":"publish","type":"product","link":"https:\/\/pool-house.shop\/de\/product\/balaton-top-o710-2\/","title":{"rendered":"Balaton Top \u00d8710 2&#8243;"},"content":{"rendered":"<p>Balaton Filterbeh\u00e4lter<\/p>\n<p> Exklusives und einzigartiges Design, hergestellt<br \/>\n mit der neuesten Spritzgusstechnologie unter Verwendung von erstklassigem lebensmittelechtem Polypropylen, das maximale Qualit\u00e4t, Zuverl\u00e4ssigkeit und Leistung garantiert.<\/p>\n<p> Eigenschaften:<br \/>\n &#8211; Geh\u00e4use und Sockel aus 100 % Polypropylen,<br \/>\n &#8211; max. Betriebsdruck: 2,5 bar,<br \/>\n &#8211; exklusives Aussehen,<br \/>\n &#8211; einfache Installation,<br \/>\n &#8211; hohe Best\u00e4ndigkeit gegen alle Arten von Belastungen,<br \/>\n &#8211; verf\u00fcgt \u00fcber ein Peraqua-Ventil,<br \/>\n &#8211; transparenter Beh\u00e4lterdeckel.<\/p>\n<p> Filterbeh\u00e4lter<br \/>\n Die Sauberkeit des Poolwassers kann durch dessen kontinuierliche Zirkulation und Filtration aufrechterhalten werden.  In stehendem Wasser, das der Sonne ausgesetzt ist, k\u00f6nnen sich leicht Algen und andere Verunreinigungen vermehren, die nicht nur das Aussehen des Wassers beeintr\u00e4chtigen, sondern auch ein Gesundheitsrisiko f\u00fcr Badeg\u00e4ste darstellen k\u00f6nnen.<br \/>\n Der Filterbeh\u00e4lter kann mithilfe der Zirkulationsanlage selbst feinste Verunreinigungen aus dem Wasser filtern, die im Filtermedium zur\u00fcckgehalten werden.<\/p>\n","protected":false},"excerpt":{"rendered":"<p>Balaton Filterbeh\u00e4lter Exklusives und einzigartiges Design, hergestellt mit der neuesten Spritzgusstechnologie unter Verwendung von erstklassigem lebensmittelechtem Polypropylen, das maximale Qualit\u00e4t, Zuverl\u00e4ssigkeit und Leistung garantiert. Eigenschaften: &#8211; Geh\u00e4use und Sockel aus 100 % Polypropylen, &#8211; max. Betriebsdruck: 2,5 bar, &#8211; exklusives Aussehen, &#8211; einfache Installation, &#8211; hohe Best\u00e4ndigkeit gegen alle Arten von Belastungen, &#8211; verf\u00fcgt \u00fcber &hellip;<\/p>\n<p class=\"read-more\"> <a class=\" thunk-readmore button \" href=\"https:\/\/pool-house.shop\/de\/product\/balaton-top-o710-2\/\"> <span class=\"screen-reader-text\">Balaton Top \u00d8710 2&#8243;<\/span>Weiterlesen<\/a><\/p>\n","protected":false},"featured_media":6973,"template":"","meta":[],"product_brand":[],"product_cat":[353,249],"product_tag":[],"class_list":{"0":"post-6971","1":"product","2":"type-product","3":"status-publish","4":"has-post-thumbnail","6":"product_cat-filteranlagen","7":"product_cat-filterkessel","8":"thunk-woo-product-list","9":"open-woo-hover-none","10":"open-single-product-tab-horizontal","11":"open-shadow-","12":"open-shadow-hover-","14":"first","15":"instock","16":"taxable","17":"shipping-taxable","18":"purchasable","19":"product-type-simple"},"yoast_head":"<!-- This site is optimized with the Yoast SEO plugin v26.9 - https:\/\/yoast.com\/product\/yoast-seo-wordpress\/ -->\n<title>Balaton Top \u00d8710 2&quot; - Pool-House<\/title>\n<meta name=\"robots\" content=\"index, follow, max-snippet:-1, max-image-preview:large, max-video-preview:-1\" \/>\n<link rel=\"canonical\" href=\"https:\/\/pool-house.shop\/de\/product\/balaton-top-o710-2\/\" \/>\n<meta property=\"og:locale\" content=\"de_DE\" \/>\n<meta property=\"og:type\" content=\"article\" \/>\n<meta property=\"og:title\" content=\"Balaton Top \u00d8710 2&quot; - Pool-House\" \/>\n<meta property=\"og:description\" content=\"Balaton Filterbeh\u00e4lter Exklusives und einzigartiges Design, hergestellt mit der neuesten Spritzgusstechnologie unter Verwendung von erstklassigem lebensmittelechtem Polypropylen, das maximale Qualit\u00e4t, Zuverl\u00e4ssigkeit und Leistung garantiert. Eigenschaften: &#8211; Geh\u00e4use und Sockel aus 100 % Polypropylen, &#8211; max. Betriebsdruck: 2,5 bar, &#8211; exklusives Aussehen, &#8211; einfache Installation, &#8211; hohe Best\u00e4ndigkeit gegen alle Arten von Belastungen, &#8211; verf\u00fcgt \u00fcber &hellip; Balaton Top \u00d8710 2&#8243;Weiterlesen\" \/>\n<meta property=\"og:url\" content=\"https:\/\/pool-house.shop\/de\/product\/balaton-top-o710-2\/\" \/>\n<meta property=\"og:site_name\" content=\"Pool-House\" \/>\n<meta property=\"article:publisher\" content=\"https:\/\/www.facebook.com\/termodomsk\/\" \/>\n<meta property=\"article:modified_time\" content=\"2026-01-16T07:45:59+00:00\" \/>\n<meta property=\"og:image\" content=\"https:\/\/pool-house.shop\/wp-content\/uploads\/2025\/03\/031671.png\" \/>\n\t<meta property=\"og:image:width\" content=\"1200\" \/>\n\t<meta property=\"og:image:height\" content=\"1200\" \/>\n\t<meta property=\"og:image:type\" content=\"image\/png\" \/>\n<meta name=\"twitter:card\" content=\"summary_large_image\" \/>\n<meta name=\"twitter:label1\" content=\"Gesch\u00e4tzte Lesezeit\" \/>\n\t<meta name=\"twitter:data1\" content=\"1\u00a0Minute\" \/>\n<script type=\"application\/ld+json\" class=\"yoast-schema-graph\">{\"@context\":\"https:\/\/schema.org\",\"@graph\":[{\"@type\":\"WebPage\",\"@id\":\"https:\/\/pool-house.shop\/de\/product\/balaton-top-o710-2\/\",\"url\":\"https:\/\/pool-house.shop\/de\/product\/balaton-top-o710-2\/\",\"name\":\"Balaton Top \u00d8710 2\\\" - Pool-House\",\"isPartOf\":{\"@id\":\"https:\/\/pool-house.shop\/de\/#website\"},\"primaryImageOfPage\":{\"@id\":\"https:\/\/pool-house.shop\/de\/product\/balaton-top-o710-2\/#primaryimage\"},\"image\":{\"@id\":\"https:\/\/pool-house.shop\/de\/product\/balaton-top-o710-2\/#primaryimage\"},\"thumbnailUrl\":\"https:\/\/pool-house.shop\/wp-content\/uploads\/2025\/03\/031671.png\",\"datePublished\":\"2025-03-03T14:19:44+00:00\",\"dateModified\":\"2026-01-16T07:45:59+00:00\",\"breadcrumb\":{\"@id\":\"https:\/\/pool-house.shop\/de\/product\/balaton-top-o710-2\/#breadcrumb\"},\"inLanguage\":\"de\",\"potentialAction\":[{\"@type\":\"ReadAction\",\"target\":[\"https:\/\/pool-house.shop\/de\/product\/balaton-top-o710-2\/\"]}]},{\"@type\":\"ImageObject\",\"inLanguage\":\"de\",\"@id\":\"https:\/\/pool-house.shop\/de\/product\/balaton-top-o710-2\/#primaryimage\",\"url\":\"https:\/\/pool-house.shop\/wp-content\/uploads\/2025\/03\/031671.png\",\"contentUrl\":\"https:\/\/pool-house.shop\/wp-content\/uploads\/2025\/03\/031671.png\",\"width\":1200,\"height\":1200},{\"@type\":\"BreadcrumbList\",\"@id\":\"https:\/\/pool-house.shop\/de\/product\/balaton-top-o710-2\/#breadcrumb\",\"itemListElement\":[{\"@type\":\"ListItem\",\"position\":1,\"name\":\"Domovsk\u00e1 str\u00e1nka\",\"item\":\"https:\/\/pool-house.shop\/de\/\"},{\"@type\":\"ListItem\",\"position\":2,\"name\":\"Shop\",\"item\":\"https:\/\/pool-house.shop\/de\/shop\/\"},{\"@type\":\"ListItem\",\"position\":3,\"name\":\"Balaton Top \u00d8710 2&#8243;\"}]},{\"@type\":\"WebSite\",\"@id\":\"https:\/\/pool-house.shop\/de\/#website\",\"url\":\"https:\/\/pool-house.shop\/de\/\",\"name\":\"Pool-House\",\"description\":\"\",\"publisher\":{\"@id\":\"https:\/\/pool-house.shop\/de\/#organization\"},\"potentialAction\":[{\"@type\":\"SearchAction\",\"target\":{\"@type\":\"EntryPoint\",\"urlTemplate\":\"https:\/\/pool-house.shop\/de\/?s={search_term_string}\"},\"query-input\":{\"@type\":\"PropertyValueSpecification\",\"valueRequired\":true,\"valueName\":\"search_term_string\"}}],\"inLanguage\":\"de\"},{\"@type\":\"Organization\",\"@id\":\"https:\/\/pool-house.shop\/de\/#organization\",\"name\":\"Pool-House\",\"url\":\"https:\/\/pool-house.shop\/de\/\",\"logo\":{\"@type\":\"ImageObject\",\"inLanguage\":\"de\",\"@id\":\"https:\/\/pool-house.shop\/de\/#\/schema\/logo\/image\/\",\"url\":\"https:\/\/pool-house.shop\/wp-content\/uploads\/2025\/10\/logo-2-stvorec-mobil-modre.png\",\"contentUrl\":\"https:\/\/pool-house.shop\/wp-content\/uploads\/2025\/10\/logo-2-stvorec-mobil-modre.png\",\"width\":273,\"height\":189,\"caption\":\"Pool-House\"},\"image\":{\"@id\":\"https:\/\/pool-house.shop\/de\/#\/schema\/logo\/image\/\"},\"sameAs\":[\"https:\/\/www.facebook.com\/termodomsk\/\"]}]}<\/script>\n<!-- \/ Yoast SEO plugin. -->","yoast_head_json":{"title":"Balaton Top \u00d8710 2\" - Pool-House","robots":{"index":"index","follow":"follow","max-snippet":"max-snippet:-1","max-image-preview":"max-image-preview:large","max-video-preview":"max-video-preview:-1"},"canonical":"https:\/\/pool-house.shop\/de\/product\/balaton-top-o710-2\/","og_locale":"de_DE","og_type":"article","og_title":"Balaton Top \u00d8710 2\" - Pool-House","og_description":"Balaton Filterbeh\u00e4lter Exklusives und einzigartiges Design, hergestellt mit der neuesten Spritzgusstechnologie unter Verwendung von erstklassigem lebensmittelechtem Polypropylen, das maximale Qualit\u00e4t, Zuverl\u00e4ssigkeit und Leistung garantiert. Eigenschaften: &#8211; Geh\u00e4use und Sockel aus 100 % Polypropylen, &#8211; max. Betriebsdruck: 2,5 bar, &#8211; exklusives Aussehen, &#8211; einfache Installation, &#8211; hohe Best\u00e4ndigkeit gegen alle Arten von Belastungen, &#8211; verf\u00fcgt \u00fcber &hellip; Balaton Top \u00d8710 2&#8243;Weiterlesen","og_url":"https:\/\/pool-house.shop\/de\/product\/balaton-top-o710-2\/","og_site_name":"Pool-House","article_publisher":"https:\/\/www.facebook.com\/termodomsk\/","article_modified_time":"2026-01-16T07:45:59+00:00","og_image":[{"width":1200,"height":1200,"url":"https:\/\/pool-house.shop\/wp-content\/uploads\/2025\/03\/031671.png","type":"image\/png"}],"twitter_card":"summary_large_image","twitter_misc":{"Gesch\u00e4tzte Lesezeit":"1\u00a0Minute"},"schema":{"@context":"https:\/\/schema.org","@graph":[{"@type":"WebPage","@id":"https:\/\/pool-house.shop\/de\/product\/balaton-top-o710-2\/","url":"https:\/\/pool-house.shop\/de\/product\/balaton-top-o710-2\/","name":"Balaton Top \u00d8710 2\" - Pool-House","isPartOf":{"@id":"https:\/\/pool-house.shop\/de\/#website"},"primaryImageOfPage":{"@id":"https:\/\/pool-house.shop\/de\/product\/balaton-top-o710-2\/#primaryimage"},"image":{"@id":"https:\/\/pool-house.shop\/de\/product\/balaton-top-o710-2\/#primaryimage"},"thumbnailUrl":"https:\/\/pool-house.shop\/wp-content\/uploads\/2025\/03\/031671.png","datePublished":"2025-03-03T14:19:44+00:00","dateModified":"2026-01-16T07:45:59+00:00","breadcrumb":{"@id":"https:\/\/pool-house.shop\/de\/product\/balaton-top-o710-2\/#breadcrumb"},"inLanguage":"de","potentialAction":[{"@type":"ReadAction","target":["https:\/\/pool-house.shop\/de\/product\/balaton-top-o710-2\/"]}]},{"@type":"ImageObject","inLanguage":"de","@id":"https:\/\/pool-house.shop\/de\/product\/balaton-top-o710-2\/#primaryimage","url":"https:\/\/pool-house.shop\/wp-content\/uploads\/2025\/03\/031671.png","contentUrl":"https:\/\/pool-house.shop\/wp-content\/uploads\/2025\/03\/031671.png","width":1200,"height":1200},{"@type":"BreadcrumbList","@id":"https:\/\/pool-house.shop\/de\/product\/balaton-top-o710-2\/#breadcrumb","itemListElement":[{"@type":"ListItem","position":1,"name":"Domovsk\u00e1 str\u00e1nka","item":"https:\/\/pool-house.shop\/de\/"},{"@type":"ListItem","position":2,"name":"Shop","item":"https:\/\/pool-house.shop\/de\/shop\/"},{"@type":"ListItem","position":3,"name":"Balaton Top \u00d8710 2&#8243;"}]},{"@type":"WebSite","@id":"https:\/\/pool-house.shop\/de\/#website","url":"https:\/\/pool-house.shop\/de\/","name":"Pool-House","description":"","publisher":{"@id":"https:\/\/pool-house.shop\/de\/#organization"},"potentialAction":[{"@type":"SearchAction","target":{"@type":"EntryPoint","urlTemplate":"https:\/\/pool-house.shop\/de\/?s={search_term_string}"},"query-input":{"@type":"PropertyValueSpecification","valueRequired":true,"valueName":"search_term_string"}}],"inLanguage":"de"},{"@type":"Organization","@id":"https:\/\/pool-house.shop\/de\/#organization","name":"Pool-House","url":"https:\/\/pool-house.shop\/de\/","logo":{"@type":"ImageObject","inLanguage":"de","@id":"https:\/\/pool-house.shop\/de\/#\/schema\/logo\/image\/","url":"https:\/\/pool-house.shop\/wp-content\/uploads\/2025\/10\/logo-2-stvorec-mobil-modre.png","contentUrl":"https:\/\/pool-house.shop\/wp-content\/uploads\/2025\/10\/logo-2-stvorec-mobil-modre.png","width":273,"height":189,"caption":"Pool-House"},"image":{"@id":"https:\/\/pool-house.shop\/de\/#\/schema\/logo\/image\/"},"sameAs":["https:\/\/www.facebook.com\/termodomsk\/"]}]}},"_links":{"self":[{"href":"https:\/\/pool-house.shop\/de\/wp-json\/wp\/v2\/product\/6971","targetHints":{"allow":["GET"]}}],"collection":[{"href":"https:\/\/pool-house.shop\/de\/wp-json\/wp\/v2\/product"}],"about":[{"href":"https:\/\/pool-house.shop\/de\/wp-json\/wp\/v2\/types\/product"}],"wp:featuredmedia":[{"embeddable":true,"href":"https:\/\/pool-house.shop\/de\/wp-json\/wp\/v2\/media\/6973"}],"wp:attachment":[{"href":"https:\/\/pool-house.shop\/de\/wp-json\/wp\/v2\/media?parent=6971"}],"wp:term":[{"taxonomy":"product_brand","embeddable":true,"href":"https:\/\/pool-house.shop\/de\/wp-json\/wp\/v2\/product_brand?post=6971"},{"taxonomy":"product_cat","embeddable":true,"href":"https:\/\/pool-house.shop\/de\/wp-json\/wp\/v2\/product_cat?post=6971"},{"taxonomy":"product_tag","embeddable":true,"href":"https:\/\/pool-house.shop\/de\/wp-json\/wp\/v2\/product_tag?post=6971"}],"curies":[{"name":"wp","href":"https:\/\/api.w.org\/{rel}","templated":true}]}}