{"id":7074,"date":"2025-03-03T15:16:38","date_gmt":"2025-03-03T14:16:38","guid":{"rendered":"https:\/\/pool-house.shop\/product\/design-einlaufduese-2-ag-fuer-folienbecken-weiss\/"},"modified":"2025-03-03T15:16:38","modified_gmt":"2025-03-03T14:16:38","slug":"design-einlaufduese-2-ag-fuer-folienbecken-weiss","status":"publish","type":"product","link":"https:\/\/pool-house.shop\/de\/product\/design-einlaufduese-2-ag-fuer-folienbecken-weiss\/","title":{"rendered":"Design-Einlaufd\u00fcse 2&#8243; AG f\u00fcr Folienbecken, wei\u00df"},"content":{"rendered":"<p>Acis Design Einlaufd\u00fcse in Wei\u00df<\/p>\n<p> Die farbige Acis Design Wandeinlaufd\u00fcse ist aus hochwertigem ABS-Kunststoff gefertigt. Diese wei\u00dfe Pool-Einlaufd\u00fcse mit Kontermutter sorgt f\u00fcr eine optimale Wasserzirkulation. Diese Einlaufd\u00fcse mit Au\u00dfengewinde wird an der Seitenwand von Folienbecken installiert. <\/p>\n<p> Anschluss: 2&#8243; AG (Au\u00dfengewinde)<\/p>\n<p> Weitere verf\u00fcgbare Farben:<br \/>\n &#8211; Anthrazit,<br \/>\n &#8211; Grau und<br \/>\n &#8211; Sand.<\/p>\n<p> Einlaufd\u00fcsen<br \/>\n Die Aufrechterhaltung der Wasserqualit\u00e4t im Pool h\u00e4ngt ma\u00dfgeblich vom Zirkulationssystem ab. Die Wandeinlaufd\u00fcse ist Teil dieses Systems und ein wesentliches Element f\u00fcr die korrekte Wasserzirkulation. Die Aufgabe der Einlaufd\u00fcse ist es, gefiltertes, gegebenenfalls erw\u00e4rmtes und chemisch aufbereitetes Wasser in den Pool zur\u00fcckzuf\u00fchren.     Um eine korrekte Wasserzirkulation zu gew\u00e4hrleisten, wird empfohlen, Wandd\u00fcsen in Skimmerbecken zu installieren, und zwar gegen\u00fcber dem Skimmer f\u00fcr die bestm\u00f6gliche Wasserzirkulation. <\/p>\n<p> ABS-Kunststoff<br \/>\n ABS (Acrylnitril-Butadien-Styrol) ist ein Thermoplast mit guter Schlagfestigkeit, hoher H\u00e4rte und Festigkeit, guter W\u00e4rme- und Chemikalienbest\u00e4ndigkeit sowie guter Ger\u00e4usch- und Vibrationsd\u00e4mpfung. Seine Einzigartigkeit liegt in der Kombination verschiedener Materialien. Acrylnitril erh\u00f6ht die W\u00e4rme- und Chemikalienbest\u00e4ndigkeit, Butadien erh\u00f6ht die Haltbarkeit und Festigkeit und Styrol verbessert die Verarbeitbarkeit, reduziert Kosten und sorgt f\u00fcr eine gl\u00e4nzende Oberfl\u00e4che.  <\/p>\n","protected":false},"excerpt":{"rendered":"<p>Acis Design Einlaufd\u00fcse in Wei\u00df Die farbige Acis Design Wandeinlaufd\u00fcse ist aus hochwertigem ABS-Kunststoff gefertigt. Diese wei\u00dfe Pool-Einlaufd\u00fcse mit Kontermutter sorgt f\u00fcr eine optimale Wasserzirkulation. Diese Einlaufd\u00fcse mit Au\u00dfengewinde wird an der Seitenwand von Folienbecken installiert. Anschluss: 2&#8243; AG (Au\u00dfengewinde) Weitere verf\u00fcgbare Farben: &#8211; Anthrazit, &#8211; Grau und &#8211; Sand. Einlaufd\u00fcsen Die Aufrechterhaltung der Wasserqualit\u00e4t &hellip;<\/p>\n<p class=\"read-more\"> <a class=\" thunk-readmore button \" href=\"https:\/\/pool-house.shop\/de\/product\/design-einlaufduese-2-ag-fuer-folienbecken-weiss\/\"> <span class=\"screen-reader-text\">Design-Einlaufd\u00fcse 2&#8243; AG f\u00fcr Folienbecken, wei\u00df<\/span>Weiterlesen<\/a><\/p>\n","protected":false},"featured_media":7075,"template":"","meta":[],"product_brand":[],"product_cat":[244],"product_tag":[],"class_list":{"0":"post-7074","1":"product","2":"type-product","3":"status-publish","4":"has-post-thumbnail","6":"product_cat-dusen","7":"thunk-woo-product-list","8":"open-woo-hover-none","9":"open-single-product-tab-horizontal","10":"open-shadow-","11":"open-shadow-hover-","13":"first","14":"onbackorder","15":"taxable","16":"shipping-taxable","17":"purchasable","18":"product-type-simple"},"yoast_head":"<!-- This site is optimized with the Yoast SEO plugin v26.9 - https:\/\/yoast.com\/product\/yoast-seo-wordpress\/ -->\n<title>Design-Einlaufd\u00fcse 2&quot; AG f\u00fcr Folienbecken, wei\u00df - Pool-House<\/title>\n<meta name=\"robots\" content=\"index, follow, max-snippet:-1, max-image-preview:large, max-video-preview:-1\" \/>\n<link rel=\"canonical\" href=\"https:\/\/pool-house.shop\/de\/product\/design-einlaufduese-2-ag-fuer-folienbecken-weiss\/\" \/>\n<meta property=\"og:locale\" content=\"de_DE\" \/>\n<meta property=\"og:type\" content=\"article\" \/>\n<meta property=\"og:title\" content=\"Design-Einlaufd\u00fcse 2&quot; AG f\u00fcr Folienbecken, wei\u00df - Pool-House\" \/>\n<meta property=\"og:description\" content=\"Acis Design Einlaufd\u00fcse in Wei\u00df Die farbige Acis Design Wandeinlaufd\u00fcse ist aus hochwertigem ABS-Kunststoff gefertigt. Diese wei\u00dfe Pool-Einlaufd\u00fcse mit Kontermutter sorgt f\u00fcr eine optimale Wasserzirkulation. Diese Einlaufd\u00fcse mit Au\u00dfengewinde wird an der Seitenwand von Folienbecken installiert. Anschluss: 2&#8243; AG (Au\u00dfengewinde) Weitere verf\u00fcgbare Farben: &#8211; Anthrazit, &#8211; Grau und &#8211; Sand. Einlaufd\u00fcsen Die Aufrechterhaltung der Wasserqualit\u00e4t &hellip; Design-Einlaufd\u00fcse 2&#8243; AG f\u00fcr Folienbecken, wei\u00dfWeiterlesen\" \/>\n<meta property=\"og:url\" content=\"https:\/\/pool-house.shop\/de\/product\/design-einlaufduese-2-ag-fuer-folienbecken-weiss\/\" \/>\n<meta property=\"og:site_name\" content=\"Pool-House\" \/>\n<meta property=\"article:publisher\" content=\"https:\/\/www.facebook.com\/termodomsk\/\" \/>\n<meta property=\"og:image\" content=\"https:\/\/pool-house.shop\/wp-content\/uploads\/termekkepek\/01\/011551.png\" \/>\n\t<meta property=\"og:image:width\" content=\"1000\" \/>\n\t<meta property=\"og:image:height\" content=\"1000\" \/>\n\t<meta property=\"og:image:type\" content=\"image\/png\" \/>\n<meta name=\"twitter:card\" content=\"summary_large_image\" \/>\n<meta name=\"twitter:label1\" content=\"Gesch\u00e4tzte Lesezeit\" \/>\n\t<meta name=\"twitter:data1\" content=\"1\u00a0Minute\" \/>\n<script type=\"application\/ld+json\" class=\"yoast-schema-graph\">{\"@context\":\"https:\/\/schema.org\",\"@graph\":[{\"@type\":\"WebPage\",\"@id\":\"https:\/\/pool-house.shop\/de\/product\/design-einlaufduese-2-ag-fuer-folienbecken-weiss\/\",\"url\":\"https:\/\/pool-house.shop\/de\/product\/design-einlaufduese-2-ag-fuer-folienbecken-weiss\/\",\"name\":\"Design-Einlaufd\u00fcse 2\\\" AG f\u00fcr Folienbecken, wei\u00df - Pool-House\",\"isPartOf\":{\"@id\":\"https:\/\/pool-house.shop\/de\/#website\"},\"primaryImageOfPage\":{\"@id\":\"https:\/\/pool-house.shop\/de\/product\/design-einlaufduese-2-ag-fuer-folienbecken-weiss\/#primaryimage\"},\"image\":{\"@id\":\"https:\/\/pool-house.shop\/de\/product\/design-einlaufduese-2-ag-fuer-folienbecken-weiss\/#primaryimage\"},\"thumbnailUrl\":\"https:\/\/pool-house.shop\/wp-content\/uploads\/termekkepek\/01\/011551.png\",\"datePublished\":\"2025-03-03T14:16:38+00:00\",\"breadcrumb\":{\"@id\":\"https:\/\/pool-house.shop\/de\/product\/design-einlaufduese-2-ag-fuer-folienbecken-weiss\/#breadcrumb\"},\"inLanguage\":\"de\",\"potentialAction\":[{\"@type\":\"ReadAction\",\"target\":[\"https:\/\/pool-house.shop\/de\/product\/design-einlaufduese-2-ag-fuer-folienbecken-weiss\/\"]}]},{\"@type\":\"ImageObject\",\"inLanguage\":\"de\",\"@id\":\"https:\/\/pool-house.shop\/de\/product\/design-einlaufduese-2-ag-fuer-folienbecken-weiss\/#primaryimage\",\"url\":\"https:\/\/pool-house.shop\/wp-content\/uploads\/termekkepek\/01\/011551.png\",\"contentUrl\":\"https:\/\/pool-house.shop\/wp-content\/uploads\/termekkepek\/01\/011551.png\",\"width\":1000,\"height\":1000},{\"@type\":\"BreadcrumbList\",\"@id\":\"https:\/\/pool-house.shop\/de\/product\/design-einlaufduese-2-ag-fuer-folienbecken-weiss\/#breadcrumb\",\"itemListElement\":[{\"@type\":\"ListItem\",\"position\":1,\"name\":\"Domovsk\u00e1 str\u00e1nka\",\"item\":\"https:\/\/pool-house.shop\/de\/\"},{\"@type\":\"ListItem\",\"position\":2,\"name\":\"Shop\",\"item\":\"https:\/\/pool-house.shop\/de\/shop\/\"},{\"@type\":\"ListItem\",\"position\":3,\"name\":\"Design-Einlaufd\u00fcse 2&#8243; AG f\u00fcr Folienbecken, wei\u00df\"}]},{\"@type\":\"WebSite\",\"@id\":\"https:\/\/pool-house.shop\/de\/#website\",\"url\":\"https:\/\/pool-house.shop\/de\/\",\"name\":\"Pool-House\",\"description\":\"\",\"publisher\":{\"@id\":\"https:\/\/pool-house.shop\/de\/#organization\"},\"potentialAction\":[{\"@type\":\"SearchAction\",\"target\":{\"@type\":\"EntryPoint\",\"urlTemplate\":\"https:\/\/pool-house.shop\/de\/?s={search_term_string}\"},\"query-input\":{\"@type\":\"PropertyValueSpecification\",\"valueRequired\":true,\"valueName\":\"search_term_string\"}}],\"inLanguage\":\"de\"},{\"@type\":\"Organization\",\"@id\":\"https:\/\/pool-house.shop\/de\/#organization\",\"name\":\"Pool-House\",\"url\":\"https:\/\/pool-house.shop\/de\/\",\"logo\":{\"@type\":\"ImageObject\",\"inLanguage\":\"de\",\"@id\":\"https:\/\/pool-house.shop\/de\/#\/schema\/logo\/image\/\",\"url\":\"https:\/\/pool-house.shop\/wp-content\/uploads\/2025\/10\/logo-2-stvorec-mobil-modre.png\",\"contentUrl\":\"https:\/\/pool-house.shop\/wp-content\/uploads\/2025\/10\/logo-2-stvorec-mobil-modre.png\",\"width\":273,\"height\":189,\"caption\":\"Pool-House\"},\"image\":{\"@id\":\"https:\/\/pool-house.shop\/de\/#\/schema\/logo\/image\/\"},\"sameAs\":[\"https:\/\/www.facebook.com\/termodomsk\/\"]}]}<\/script>\n<!-- \/ Yoast SEO plugin. -->","yoast_head_json":{"title":"Design-Einlaufd\u00fcse 2\" AG f\u00fcr Folienbecken, wei\u00df - Pool-House","robots":{"index":"index","follow":"follow","max-snippet":"max-snippet:-1","max-image-preview":"max-image-preview:large","max-video-preview":"max-video-preview:-1"},"canonical":"https:\/\/pool-house.shop\/de\/product\/design-einlaufduese-2-ag-fuer-folienbecken-weiss\/","og_locale":"de_DE","og_type":"article","og_title":"Design-Einlaufd\u00fcse 2\" AG f\u00fcr Folienbecken, wei\u00df - Pool-House","og_description":"Acis Design Einlaufd\u00fcse in Wei\u00df Die farbige Acis Design Wandeinlaufd\u00fcse ist aus hochwertigem ABS-Kunststoff gefertigt. Diese wei\u00dfe Pool-Einlaufd\u00fcse mit Kontermutter sorgt f\u00fcr eine optimale Wasserzirkulation. Diese Einlaufd\u00fcse mit Au\u00dfengewinde wird an der Seitenwand von Folienbecken installiert. Anschluss: 2&#8243; AG (Au\u00dfengewinde) Weitere verf\u00fcgbare Farben: &#8211; Anthrazit, &#8211; Grau und &#8211; Sand. Einlaufd\u00fcsen Die Aufrechterhaltung der Wasserqualit\u00e4t &hellip; Design-Einlaufd\u00fcse 2&#8243; AG f\u00fcr Folienbecken, wei\u00dfWeiterlesen","og_url":"https:\/\/pool-house.shop\/de\/product\/design-einlaufduese-2-ag-fuer-folienbecken-weiss\/","og_site_name":"Pool-House","article_publisher":"https:\/\/www.facebook.com\/termodomsk\/","og_image":[{"width":1000,"height":1000,"url":"https:\/\/pool-house.shop\/wp-content\/uploads\/termekkepek\/01\/011551.png","type":"image\/png"}],"twitter_card":"summary_large_image","twitter_misc":{"Gesch\u00e4tzte Lesezeit":"1\u00a0Minute"},"schema":{"@context":"https:\/\/schema.org","@graph":[{"@type":"WebPage","@id":"https:\/\/pool-house.shop\/de\/product\/design-einlaufduese-2-ag-fuer-folienbecken-weiss\/","url":"https:\/\/pool-house.shop\/de\/product\/design-einlaufduese-2-ag-fuer-folienbecken-weiss\/","name":"Design-Einlaufd\u00fcse 2\" AG f\u00fcr Folienbecken, wei\u00df - Pool-House","isPartOf":{"@id":"https:\/\/pool-house.shop\/de\/#website"},"primaryImageOfPage":{"@id":"https:\/\/pool-house.shop\/de\/product\/design-einlaufduese-2-ag-fuer-folienbecken-weiss\/#primaryimage"},"image":{"@id":"https:\/\/pool-house.shop\/de\/product\/design-einlaufduese-2-ag-fuer-folienbecken-weiss\/#primaryimage"},"thumbnailUrl":"https:\/\/pool-house.shop\/wp-content\/uploads\/termekkepek\/01\/011551.png","datePublished":"2025-03-03T14:16:38+00:00","breadcrumb":{"@id":"https:\/\/pool-house.shop\/de\/product\/design-einlaufduese-2-ag-fuer-folienbecken-weiss\/#breadcrumb"},"inLanguage":"de","potentialAction":[{"@type":"ReadAction","target":["https:\/\/pool-house.shop\/de\/product\/design-einlaufduese-2-ag-fuer-folienbecken-weiss\/"]}]},{"@type":"ImageObject","inLanguage":"de","@id":"https:\/\/pool-house.shop\/de\/product\/design-einlaufduese-2-ag-fuer-folienbecken-weiss\/#primaryimage","url":"https:\/\/pool-house.shop\/wp-content\/uploads\/termekkepek\/01\/011551.png","contentUrl":"https:\/\/pool-house.shop\/wp-content\/uploads\/termekkepek\/01\/011551.png","width":1000,"height":1000},{"@type":"BreadcrumbList","@id":"https:\/\/pool-house.shop\/de\/product\/design-einlaufduese-2-ag-fuer-folienbecken-weiss\/#breadcrumb","itemListElement":[{"@type":"ListItem","position":1,"name":"Domovsk\u00e1 str\u00e1nka","item":"https:\/\/pool-house.shop\/de\/"},{"@type":"ListItem","position":2,"name":"Shop","item":"https:\/\/pool-house.shop\/de\/shop\/"},{"@type":"ListItem","position":3,"name":"Design-Einlaufd\u00fcse 2&#8243; AG f\u00fcr Folienbecken, wei\u00df"}]},{"@type":"WebSite","@id":"https:\/\/pool-house.shop\/de\/#website","url":"https:\/\/pool-house.shop\/de\/","name":"Pool-House","description":"","publisher":{"@id":"https:\/\/pool-house.shop\/de\/#organization"},"potentialAction":[{"@type":"SearchAction","target":{"@type":"EntryPoint","urlTemplate":"https:\/\/pool-house.shop\/de\/?s={search_term_string}"},"query-input":{"@type":"PropertyValueSpecification","valueRequired":true,"valueName":"search_term_string"}}],"inLanguage":"de"},{"@type":"Organization","@id":"https:\/\/pool-house.shop\/de\/#organization","name":"Pool-House","url":"https:\/\/pool-house.shop\/de\/","logo":{"@type":"ImageObject","inLanguage":"de","@id":"https:\/\/pool-house.shop\/de\/#\/schema\/logo\/image\/","url":"https:\/\/pool-house.shop\/wp-content\/uploads\/2025\/10\/logo-2-stvorec-mobil-modre.png","contentUrl":"https:\/\/pool-house.shop\/wp-content\/uploads\/2025\/10\/logo-2-stvorec-mobil-modre.png","width":273,"height":189,"caption":"Pool-House"},"image":{"@id":"https:\/\/pool-house.shop\/de\/#\/schema\/logo\/image\/"},"sameAs":["https:\/\/www.facebook.com\/termodomsk\/"]}]}},"_links":{"self":[{"href":"https:\/\/pool-house.shop\/de\/wp-json\/wp\/v2\/product\/7074","targetHints":{"allow":["GET"]}}],"collection":[{"href":"https:\/\/pool-house.shop\/de\/wp-json\/wp\/v2\/product"}],"about":[{"href":"https:\/\/pool-house.shop\/de\/wp-json\/wp\/v2\/types\/product"}],"wp:featuredmedia":[{"embeddable":true,"href":"https:\/\/pool-house.shop\/de\/wp-json\/wp\/v2\/media\/7075"}],"wp:attachment":[{"href":"https:\/\/pool-house.shop\/de\/wp-json\/wp\/v2\/media?parent=7074"}],"wp:term":[{"taxonomy":"product_brand","embeddable":true,"href":"https:\/\/pool-house.shop\/de\/wp-json\/wp\/v2\/product_brand?post=7074"},{"taxonomy":"product_cat","embeddable":true,"href":"https:\/\/pool-house.shop\/de\/wp-json\/wp\/v2\/product_cat?post=7074"},{"taxonomy":"product_tag","embeddable":true,"href":"https:\/\/pool-house.shop\/de\/wp-json\/wp\/v2\/product_tag?post=7074"}],"curies":[{"name":"wp","href":"https:\/\/api.w.org\/{rel}","templated":true}]}}