{"id":7110,"date":"2025-03-03T15:21:14","date_gmt":"2025-03-03T14:21:14","guid":{"rendered":"https:\/\/pool-house.shop\/product\/filtrex-norm-plus-o2200-12m-o160\/"},"modified":"2025-03-03T15:21:14","modified_gmt":"2025-03-03T14:21:14","slug":"filtrex-norm-plus-o2200-12m-o160","status":"publish","type":"product","link":"https:\/\/pool-house.shop\/de\/product\/filtrex-norm-plus-o2200-12m-o160\/","title":{"rendered":"Filtrex Norm Plus \u00d82200 1,2m \u00d8160"},"content":{"rendered":"<p>Filterkessel Filtrex Norm Plus \u2013 1,2 m<\/p>\n<p> Zuverl\u00e4ssiger Filterkessel Filtrex Norm aus laminiertem, glasfaserverst\u00e4rktem Polyester, mit Entl\u00fcftungsventil und Manometer f\u00fcr \u00f6ffentliche Schwimmb\u00e4der. <\/p>\n<p> Filterkessel<br \/>\n Die Sauberkeit des Poolwassers kann durch dessen kontinuierliche Zirkulation und Filtration aufrechterhalten werden. In stehendem Wasser, das der Sonne ausgesetzt ist, k\u00f6nnen sich leicht Algen und andere Verunreinigungen vermehren, die nicht nur das Aussehen des Wassers beeintr\u00e4chtigen, sondern auch ein Gesundheitsrisiko f\u00fcr Badeg\u00e4ste darstellen k\u00f6nnen.<br \/>\n Der Filterbeh\u00e4lter kann mithilfe der Zirkulationsanlage selbst feinste Verunreinigungen aus dem Wasser filtern, die im Filtermedium zur\u00fcckgehalten werden.<\/p>\n","protected":false},"excerpt":{"rendered":"<p>Filterkessel Filtrex Norm Plus \u2013 1,2 m Zuverl\u00e4ssiger Filterkessel Filtrex Norm aus laminiertem, glasfaserverst\u00e4rktem Polyester, mit Entl\u00fcftungsventil und Manometer f\u00fcr \u00f6ffentliche Schwimmb\u00e4der. Filterkessel Die Sauberkeit des Poolwassers kann durch dessen kontinuierliche Zirkulation und Filtration aufrechterhalten werden. In stehendem Wasser, das der Sonne ausgesetzt ist, k\u00f6nnen sich leicht Algen und andere Verunreinigungen vermehren, die nicht nur &hellip;<\/p>\n<p class=\"read-more\"> <a class=\" thunk-readmore button \" href=\"https:\/\/pool-house.shop\/de\/product\/filtrex-norm-plus-o2200-12m-o160\/\"> <span class=\"screen-reader-text\">Filtrex Norm Plus \u00d82200 1,2m \u00d8160<\/span>Weiterlesen<\/a><\/p>\n","protected":false},"featured_media":7112,"template":"","meta":[],"product_brand":[],"product_cat":[353,249],"product_tag":[],"class_list":{"0":"post-7110","1":"product","2":"type-product","3":"status-publish","4":"has-post-thumbnail","6":"product_cat-filteranlagen","7":"product_cat-filterkessel","8":"thunk-woo-product-list","9":"open-woo-hover-none","10":"open-single-product-tab-horizontal","11":"open-shadow-","12":"open-shadow-hover-","14":"first","15":"instock","16":"taxable","17":"shipping-taxable","18":"purchasable","19":"product-type-simple"},"yoast_head":"<!-- This site is optimized with the Yoast SEO plugin v26.9 - https:\/\/yoast.com\/product\/yoast-seo-wordpress\/ -->\n<title>Filtrex Norm Plus \u00d82200 1,2m \u00d8160 - Pool-House<\/title>\n<meta name=\"robots\" content=\"index, follow, max-snippet:-1, max-image-preview:large, max-video-preview:-1\" \/>\n<link rel=\"canonical\" href=\"https:\/\/pool-house.shop\/de\/product\/filtrex-norm-plus-o2200-12m-o160\/\" \/>\n<meta property=\"og:locale\" content=\"de_DE\" \/>\n<meta property=\"og:type\" content=\"article\" \/>\n<meta property=\"og:title\" content=\"Filtrex Norm Plus \u00d82200 1,2m \u00d8160 - Pool-House\" \/>\n<meta property=\"og:description\" content=\"Filterkessel Filtrex Norm Plus \u2013 1,2 m Zuverl\u00e4ssiger Filterkessel Filtrex Norm aus laminiertem, glasfaserverst\u00e4rktem Polyester, mit Entl\u00fcftungsventil und Manometer f\u00fcr \u00f6ffentliche Schwimmb\u00e4der. Filterkessel Die Sauberkeit des Poolwassers kann durch dessen kontinuierliche Zirkulation und Filtration aufrechterhalten werden. In stehendem Wasser, das der Sonne ausgesetzt ist, k\u00f6nnen sich leicht Algen und andere Verunreinigungen vermehren, die nicht nur &hellip; Filtrex Norm Plus \u00d82200 1,2m \u00d8160Weiterlesen\" \/>\n<meta property=\"og:url\" content=\"https:\/\/pool-house.shop\/de\/product\/filtrex-norm-plus-o2200-12m-o160\/\" \/>\n<meta property=\"og:site_name\" content=\"Pool-House\" \/>\n<meta property=\"article:publisher\" content=\"https:\/\/www.facebook.com\/termodomsk\/\" \/>\n<meta property=\"og:image\" content=\"https:\/\/pool-house.shop\/wp-content\/uploads\/2025\/03\/035619.png\" \/>\n\t<meta property=\"og:image:width\" content=\"1200\" \/>\n\t<meta property=\"og:image:height\" content=\"1200\" \/>\n\t<meta property=\"og:image:type\" content=\"image\/png\" \/>\n<meta name=\"twitter:card\" content=\"summary_large_image\" \/>\n<script type=\"application\/ld+json\" class=\"yoast-schema-graph\">{\"@context\":\"https:\/\/schema.org\",\"@graph\":[{\"@type\":\"WebPage\",\"@id\":\"https:\/\/pool-house.shop\/de\/product\/filtrex-norm-plus-o2200-12m-o160\/\",\"url\":\"https:\/\/pool-house.shop\/de\/product\/filtrex-norm-plus-o2200-12m-o160\/\",\"name\":\"Filtrex Norm Plus \u00d82200 1,2m \u00d8160 - Pool-House\",\"isPartOf\":{\"@id\":\"https:\/\/pool-house.shop\/de\/#website\"},\"primaryImageOfPage\":{\"@id\":\"https:\/\/pool-house.shop\/de\/product\/filtrex-norm-plus-o2200-12m-o160\/#primaryimage\"},\"image\":{\"@id\":\"https:\/\/pool-house.shop\/de\/product\/filtrex-norm-plus-o2200-12m-o160\/#primaryimage\"},\"thumbnailUrl\":\"https:\/\/pool-house.shop\/wp-content\/uploads\/2025\/03\/035619.png\",\"datePublished\":\"2025-03-03T14:21:14+00:00\",\"breadcrumb\":{\"@id\":\"https:\/\/pool-house.shop\/de\/product\/filtrex-norm-plus-o2200-12m-o160\/#breadcrumb\"},\"inLanguage\":\"de\",\"potentialAction\":[{\"@type\":\"ReadAction\",\"target\":[\"https:\/\/pool-house.shop\/de\/product\/filtrex-norm-plus-o2200-12m-o160\/\"]}]},{\"@type\":\"ImageObject\",\"inLanguage\":\"de\",\"@id\":\"https:\/\/pool-house.shop\/de\/product\/filtrex-norm-plus-o2200-12m-o160\/#primaryimage\",\"url\":\"https:\/\/pool-house.shop\/wp-content\/uploads\/2025\/03\/035619.png\",\"contentUrl\":\"https:\/\/pool-house.shop\/wp-content\/uploads\/2025\/03\/035619.png\",\"width\":1200,\"height\":1200},{\"@type\":\"BreadcrumbList\",\"@id\":\"https:\/\/pool-house.shop\/de\/product\/filtrex-norm-plus-o2200-12m-o160\/#breadcrumb\",\"itemListElement\":[{\"@type\":\"ListItem\",\"position\":1,\"name\":\"Domovsk\u00e1 str\u00e1nka\",\"item\":\"https:\/\/pool-house.shop\/de\/\"},{\"@type\":\"ListItem\",\"position\":2,\"name\":\"Shop\",\"item\":\"https:\/\/pool-house.shop\/de\/shop\/\"},{\"@type\":\"ListItem\",\"position\":3,\"name\":\"Filtrex Norm Plus \u00d82200 1,2m \u00d8160\"}]},{\"@type\":\"WebSite\",\"@id\":\"https:\/\/pool-house.shop\/de\/#website\",\"url\":\"https:\/\/pool-house.shop\/de\/\",\"name\":\"Pool-House\",\"description\":\"\",\"publisher\":{\"@id\":\"https:\/\/pool-house.shop\/de\/#organization\"},\"potentialAction\":[{\"@type\":\"SearchAction\",\"target\":{\"@type\":\"EntryPoint\",\"urlTemplate\":\"https:\/\/pool-house.shop\/de\/?s={search_term_string}\"},\"query-input\":{\"@type\":\"PropertyValueSpecification\",\"valueRequired\":true,\"valueName\":\"search_term_string\"}}],\"inLanguage\":\"de\"},{\"@type\":\"Organization\",\"@id\":\"https:\/\/pool-house.shop\/de\/#organization\",\"name\":\"Pool-House\",\"url\":\"https:\/\/pool-house.shop\/de\/\",\"logo\":{\"@type\":\"ImageObject\",\"inLanguage\":\"de\",\"@id\":\"https:\/\/pool-house.shop\/de\/#\/schema\/logo\/image\/\",\"url\":\"https:\/\/pool-house.shop\/wp-content\/uploads\/2025\/10\/logo-2-stvorec-mobil-modre.png\",\"contentUrl\":\"https:\/\/pool-house.shop\/wp-content\/uploads\/2025\/10\/logo-2-stvorec-mobil-modre.png\",\"width\":273,\"height\":189,\"caption\":\"Pool-House\"},\"image\":{\"@id\":\"https:\/\/pool-house.shop\/de\/#\/schema\/logo\/image\/\"},\"sameAs\":[\"https:\/\/www.facebook.com\/termodomsk\/\"]}]}<\/script>\n<!-- \/ Yoast SEO plugin. -->","yoast_head_json":{"title":"Filtrex Norm Plus \u00d82200 1,2m \u00d8160 - Pool-House","robots":{"index":"index","follow":"follow","max-snippet":"max-snippet:-1","max-image-preview":"max-image-preview:large","max-video-preview":"max-video-preview:-1"},"canonical":"https:\/\/pool-house.shop\/de\/product\/filtrex-norm-plus-o2200-12m-o160\/","og_locale":"de_DE","og_type":"article","og_title":"Filtrex Norm Plus \u00d82200 1,2m \u00d8160 - Pool-House","og_description":"Filterkessel Filtrex Norm Plus \u2013 1,2 m Zuverl\u00e4ssiger Filterkessel Filtrex Norm aus laminiertem, glasfaserverst\u00e4rktem Polyester, mit Entl\u00fcftungsventil und Manometer f\u00fcr \u00f6ffentliche Schwimmb\u00e4der. Filterkessel Die Sauberkeit des Poolwassers kann durch dessen kontinuierliche Zirkulation und Filtration aufrechterhalten werden. In stehendem Wasser, das der Sonne ausgesetzt ist, k\u00f6nnen sich leicht Algen und andere Verunreinigungen vermehren, die nicht nur &hellip; Filtrex Norm Plus \u00d82200 1,2m \u00d8160Weiterlesen","og_url":"https:\/\/pool-house.shop\/de\/product\/filtrex-norm-plus-o2200-12m-o160\/","og_site_name":"Pool-House","article_publisher":"https:\/\/www.facebook.com\/termodomsk\/","og_image":[{"width":1200,"height":1200,"url":"https:\/\/pool-house.shop\/wp-content\/uploads\/2025\/03\/035619.png","type":"image\/png"}],"twitter_card":"summary_large_image","schema":{"@context":"https:\/\/schema.org","@graph":[{"@type":"WebPage","@id":"https:\/\/pool-house.shop\/de\/product\/filtrex-norm-plus-o2200-12m-o160\/","url":"https:\/\/pool-house.shop\/de\/product\/filtrex-norm-plus-o2200-12m-o160\/","name":"Filtrex Norm Plus \u00d82200 1,2m \u00d8160 - Pool-House","isPartOf":{"@id":"https:\/\/pool-house.shop\/de\/#website"},"primaryImageOfPage":{"@id":"https:\/\/pool-house.shop\/de\/product\/filtrex-norm-plus-o2200-12m-o160\/#primaryimage"},"image":{"@id":"https:\/\/pool-house.shop\/de\/product\/filtrex-norm-plus-o2200-12m-o160\/#primaryimage"},"thumbnailUrl":"https:\/\/pool-house.shop\/wp-content\/uploads\/2025\/03\/035619.png","datePublished":"2025-03-03T14:21:14+00:00","breadcrumb":{"@id":"https:\/\/pool-house.shop\/de\/product\/filtrex-norm-plus-o2200-12m-o160\/#breadcrumb"},"inLanguage":"de","potentialAction":[{"@type":"ReadAction","target":["https:\/\/pool-house.shop\/de\/product\/filtrex-norm-plus-o2200-12m-o160\/"]}]},{"@type":"ImageObject","inLanguage":"de","@id":"https:\/\/pool-house.shop\/de\/product\/filtrex-norm-plus-o2200-12m-o160\/#primaryimage","url":"https:\/\/pool-house.shop\/wp-content\/uploads\/2025\/03\/035619.png","contentUrl":"https:\/\/pool-house.shop\/wp-content\/uploads\/2025\/03\/035619.png","width":1200,"height":1200},{"@type":"BreadcrumbList","@id":"https:\/\/pool-house.shop\/de\/product\/filtrex-norm-plus-o2200-12m-o160\/#breadcrumb","itemListElement":[{"@type":"ListItem","position":1,"name":"Domovsk\u00e1 str\u00e1nka","item":"https:\/\/pool-house.shop\/de\/"},{"@type":"ListItem","position":2,"name":"Shop","item":"https:\/\/pool-house.shop\/de\/shop\/"},{"@type":"ListItem","position":3,"name":"Filtrex Norm Plus \u00d82200 1,2m \u00d8160"}]},{"@type":"WebSite","@id":"https:\/\/pool-house.shop\/de\/#website","url":"https:\/\/pool-house.shop\/de\/","name":"Pool-House","description":"","publisher":{"@id":"https:\/\/pool-house.shop\/de\/#organization"},"potentialAction":[{"@type":"SearchAction","target":{"@type":"EntryPoint","urlTemplate":"https:\/\/pool-house.shop\/de\/?s={search_term_string}"},"query-input":{"@type":"PropertyValueSpecification","valueRequired":true,"valueName":"search_term_string"}}],"inLanguage":"de"},{"@type":"Organization","@id":"https:\/\/pool-house.shop\/de\/#organization","name":"Pool-House","url":"https:\/\/pool-house.shop\/de\/","logo":{"@type":"ImageObject","inLanguage":"de","@id":"https:\/\/pool-house.shop\/de\/#\/schema\/logo\/image\/","url":"https:\/\/pool-house.shop\/wp-content\/uploads\/2025\/10\/logo-2-stvorec-mobil-modre.png","contentUrl":"https:\/\/pool-house.shop\/wp-content\/uploads\/2025\/10\/logo-2-stvorec-mobil-modre.png","width":273,"height":189,"caption":"Pool-House"},"image":{"@id":"https:\/\/pool-house.shop\/de\/#\/schema\/logo\/image\/"},"sameAs":["https:\/\/www.facebook.com\/termodomsk\/"]}]}},"_links":{"self":[{"href":"https:\/\/pool-house.shop\/de\/wp-json\/wp\/v2\/product\/7110","targetHints":{"allow":["GET"]}}],"collection":[{"href":"https:\/\/pool-house.shop\/de\/wp-json\/wp\/v2\/product"}],"about":[{"href":"https:\/\/pool-house.shop\/de\/wp-json\/wp\/v2\/types\/product"}],"wp:featuredmedia":[{"embeddable":true,"href":"https:\/\/pool-house.shop\/de\/wp-json\/wp\/v2\/media\/7112"}],"wp:attachment":[{"href":"https:\/\/pool-house.shop\/de\/wp-json\/wp\/v2\/media?parent=7110"}],"wp:term":[{"taxonomy":"product_brand","embeddable":true,"href":"https:\/\/pool-house.shop\/de\/wp-json\/wp\/v2\/product_brand?post=7110"},{"taxonomy":"product_cat","embeddable":true,"href":"https:\/\/pool-house.shop\/de\/wp-json\/wp\/v2\/product_cat?post=7110"},{"taxonomy":"product_tag","embeddable":true,"href":"https:\/\/pool-house.shop\/de\/wp-json\/wp\/v2\/product_tag?post=7110"}],"curies":[{"name":"wp","href":"https:\/\/api.w.org\/{rel}","templated":true}]}}