{"id":7130,"date":"2025-03-03T15:21:04","date_gmt":"2025-03-03T14:21:04","guid":{"rendered":"https:\/\/pool-house.shop\/product\/trb-norm-o2000-12-m-d225-200\/"},"modified":"2025-03-03T15:21:04","modified_gmt":"2025-03-03T14:21:04","slug":"trb-norm-o2000-12-m-d225-200","status":"publish","type":"product","link":"https:\/\/pool-house.shop\/de\/product\/trb-norm-o2000-12-m-d225-200\/","title":{"rendered":"TRB Norm \u00d82000 1,2 m D225\/200"},"content":{"rendered":"<p>Filterbeh\u00e4lter TRB Norm<\/p>\n<p> Dieser Filterbeh\u00e4lter, verst\u00e4rkt mit gewickelten Glasfasern, ist f\u00fcr \u00f6ffentliche Schwimmb\u00e4der bestimmt und erf\u00fcllt die technische Norm MSZ 15236:2013. Er verf\u00fcgt \u00fcber ein Schauglas und einen Trichter zur Wassersammlung.  Zubeh\u00f6r sind ein Manometer und ein Entl\u00fcftungsventil. Das Filterbett ist mit einer Filterplatte ausgestattet.<br \/>\n Beh\u00e4lter sind auch f\u00fcr Arbeitsdr\u00fccke von 4,0 und 6,0 kg\/cm\u00b2 erh\u00e4ltlich.<br \/>\n Optional ist auch eine Ausf\u00fchrung mit Vinylester-Oberfl\u00e4chenbehandlung f\u00fcr Ozonbest\u00e4ndigkeit erh\u00e4ltlich.<\/p>\n<p> Eigenschaften:<br \/>\n &#8211; Pr\u00fcfdruck: 3,5 kg\/cm\u00b2,<br \/>\n &#8211; Betriebsdruck: 2,5 kg\/cm\u00b2,<br \/>\n &#8211; Filtergeschwindigkeit: max. 30 m\u00b3\/Std.,<br \/>\n &#8211; obere \u00d6ffnung: \u00d8 200 mm bis D125 mm und \u00fcber diesem Wert \u00d8 400 mm,<br \/>\n &#8211; H\u00f6he des Filterbetts: 1.200 mm,<br \/>\n &#8211; freie H\u00f6he: 400 mm<br \/>\n &#8211; seitliche \u00d6ffnung: \u00d8 200 mm bis D125 mm und \u00fcber diesem Wert \u00d8 400 mm,<br \/>\n &#8211; der Filterbeh\u00e4lter ist vom Amt des Obersten Hygienikers (OTH) zugelassen.<\/p>\n<p> Filterbeh\u00e4lter<br \/>\n Die Reinheit des Poolwassers kann durch dessen kontinuierliche Zirkulation und Filtration aufrechterhalten werden. In stehendem Wasser, das der Sonne ausgesetzt ist, vermehren sich leicht Algen und andere Verunreinigungen, die nicht nur das Aussehen des Wassers beeintr\u00e4chtigen, sondern auch ein Gesundheitsrisiko f\u00fcr Badeg\u00e4ste darstellen k\u00f6nnen.<br \/>\n Der Filterbeh\u00e4lter kann mithilfe der Zirkulationsanlage selbst feinste Verunreinigungen aus dem Wasser filtern, die im Filtermedium zur\u00fcckgehalten werden.<\/p>\n","protected":false},"excerpt":{"rendered":"<p>Filterbeh\u00e4lter TRB Norm Dieser Filterbeh\u00e4lter, verst\u00e4rkt mit gewickelten Glasfasern, ist f\u00fcr \u00f6ffentliche Schwimmb\u00e4der bestimmt und erf\u00fcllt die technische Norm MSZ 15236:2013. Er verf\u00fcgt \u00fcber ein Schauglas und einen Trichter zur Wassersammlung. Zubeh\u00f6r sind ein Manometer und ein Entl\u00fcftungsventil. Das Filterbett ist mit einer Filterplatte ausgestattet. Beh\u00e4lter sind auch f\u00fcr Arbeitsdr\u00fccke von 4,0 und 6,0 kg\/cm\u00b2 &hellip;<\/p>\n<p class=\"read-more\"> <a class=\" thunk-readmore button \" href=\"https:\/\/pool-house.shop\/de\/product\/trb-norm-o2000-12-m-d225-200\/\"> <span class=\"screen-reader-text\">TRB Norm \u00d82000 1,2 m D225\/200<\/span>Weiterlesen<\/a><\/p>\n","protected":false},"featured_media":7132,"template":"","meta":[],"product_brand":[],"product_cat":[353,249],"product_tag":[],"class_list":{"0":"post-7130","1":"product","2":"type-product","3":"status-publish","4":"has-post-thumbnail","6":"product_cat-filteranlagen","7":"product_cat-filterkessel","8":"thunk-woo-product-list","9":"open-woo-hover-none","10":"open-single-product-tab-horizontal","11":"open-shadow-","12":"open-shadow-hover-","14":"first","15":"instock","16":"taxable","17":"shipping-taxable","18":"purchasable","19":"product-type-simple"},"yoast_head":"<!-- This site is optimized with the Yoast SEO plugin v26.9 - https:\/\/yoast.com\/product\/yoast-seo-wordpress\/ -->\n<title>TRB Norm \u00d82000 1,2 m D225\/200 - Pool-House<\/title>\n<meta name=\"robots\" content=\"index, follow, max-snippet:-1, max-image-preview:large, max-video-preview:-1\" \/>\n<link rel=\"canonical\" href=\"https:\/\/pool-house.shop\/de\/product\/trb-norm-o2000-12-m-d225-200\/\" \/>\n<meta property=\"og:locale\" content=\"de_DE\" \/>\n<meta property=\"og:type\" content=\"article\" \/>\n<meta property=\"og:title\" content=\"TRB Norm \u00d82000 1,2 m D225\/200 - Pool-House\" \/>\n<meta property=\"og:description\" content=\"Filterbeh\u00e4lter TRB Norm Dieser Filterbeh\u00e4lter, verst\u00e4rkt mit gewickelten Glasfasern, ist f\u00fcr \u00f6ffentliche Schwimmb\u00e4der bestimmt und erf\u00fcllt die technische Norm MSZ 15236:2013. Er verf\u00fcgt \u00fcber ein Schauglas und einen Trichter zur Wassersammlung. Zubeh\u00f6r sind ein Manometer und ein Entl\u00fcftungsventil. Das Filterbett ist mit einer Filterplatte ausgestattet. Beh\u00e4lter sind auch f\u00fcr Arbeitsdr\u00fccke von 4,0 und 6,0 kg\/cm\u00b2 &hellip; TRB Norm \u00d82000 1,2 m D225\/200Weiterlesen\" \/>\n<meta property=\"og:url\" content=\"https:\/\/pool-house.shop\/de\/product\/trb-norm-o2000-12-m-d225-200\/\" \/>\n<meta property=\"og:site_name\" content=\"Pool-House\" \/>\n<meta property=\"article:publisher\" content=\"https:\/\/www.facebook.com\/termodomsk\/\" \/>\n<meta property=\"og:image\" content=\"https:\/\/pool-house.shop\/wp-content\/uploads\/2025\/03\/035518.png\" \/>\n\t<meta property=\"og:image:width\" content=\"800\" \/>\n\t<meta property=\"og:image:height\" content=\"800\" \/>\n\t<meta property=\"og:image:type\" content=\"image\/png\" \/>\n<meta name=\"twitter:card\" content=\"summary_large_image\" \/>\n<meta name=\"twitter:label1\" content=\"Gesch\u00e4tzte Lesezeit\" \/>\n\t<meta name=\"twitter:data1\" content=\"1\u00a0Minute\" \/>\n<script type=\"application\/ld+json\" class=\"yoast-schema-graph\">{\"@context\":\"https:\/\/schema.org\",\"@graph\":[{\"@type\":\"WebPage\",\"@id\":\"https:\/\/pool-house.shop\/de\/product\/trb-norm-o2000-12-m-d225-200\/\",\"url\":\"https:\/\/pool-house.shop\/de\/product\/trb-norm-o2000-12-m-d225-200\/\",\"name\":\"TRB Norm \u00d82000 1,2 m D225\/200 - Pool-House\",\"isPartOf\":{\"@id\":\"https:\/\/pool-house.shop\/de\/#website\"},\"primaryImageOfPage\":{\"@id\":\"https:\/\/pool-house.shop\/de\/product\/trb-norm-o2000-12-m-d225-200\/#primaryimage\"},\"image\":{\"@id\":\"https:\/\/pool-house.shop\/de\/product\/trb-norm-o2000-12-m-d225-200\/#primaryimage\"},\"thumbnailUrl\":\"https:\/\/pool-house.shop\/wp-content\/uploads\/2025\/03\/035518.png\",\"datePublished\":\"2025-03-03T14:21:04+00:00\",\"breadcrumb\":{\"@id\":\"https:\/\/pool-house.shop\/de\/product\/trb-norm-o2000-12-m-d225-200\/#breadcrumb\"},\"inLanguage\":\"de\",\"potentialAction\":[{\"@type\":\"ReadAction\",\"target\":[\"https:\/\/pool-house.shop\/de\/product\/trb-norm-o2000-12-m-d225-200\/\"]}]},{\"@type\":\"ImageObject\",\"inLanguage\":\"de\",\"@id\":\"https:\/\/pool-house.shop\/de\/product\/trb-norm-o2000-12-m-d225-200\/#primaryimage\",\"url\":\"https:\/\/pool-house.shop\/wp-content\/uploads\/2025\/03\/035518.png\",\"contentUrl\":\"https:\/\/pool-house.shop\/wp-content\/uploads\/2025\/03\/035518.png\",\"width\":800,\"height\":800},{\"@type\":\"BreadcrumbList\",\"@id\":\"https:\/\/pool-house.shop\/de\/product\/trb-norm-o2000-12-m-d225-200\/#breadcrumb\",\"itemListElement\":[{\"@type\":\"ListItem\",\"position\":1,\"name\":\"Domovsk\u00e1 str\u00e1nka\",\"item\":\"https:\/\/pool-house.shop\/de\/\"},{\"@type\":\"ListItem\",\"position\":2,\"name\":\"Shop\",\"item\":\"https:\/\/pool-house.shop\/de\/shop\/\"},{\"@type\":\"ListItem\",\"position\":3,\"name\":\"TRB Norm \u00d82000 1,2 m D225\/200\"}]},{\"@type\":\"WebSite\",\"@id\":\"https:\/\/pool-house.shop\/de\/#website\",\"url\":\"https:\/\/pool-house.shop\/de\/\",\"name\":\"Pool-House\",\"description\":\"\",\"publisher\":{\"@id\":\"https:\/\/pool-house.shop\/de\/#organization\"},\"potentialAction\":[{\"@type\":\"SearchAction\",\"target\":{\"@type\":\"EntryPoint\",\"urlTemplate\":\"https:\/\/pool-house.shop\/de\/?s={search_term_string}\"},\"query-input\":{\"@type\":\"PropertyValueSpecification\",\"valueRequired\":true,\"valueName\":\"search_term_string\"}}],\"inLanguage\":\"de\"},{\"@type\":\"Organization\",\"@id\":\"https:\/\/pool-house.shop\/de\/#organization\",\"name\":\"Pool-House\",\"url\":\"https:\/\/pool-house.shop\/de\/\",\"logo\":{\"@type\":\"ImageObject\",\"inLanguage\":\"de\",\"@id\":\"https:\/\/pool-house.shop\/de\/#\/schema\/logo\/image\/\",\"url\":\"https:\/\/pool-house.shop\/wp-content\/uploads\/2025\/10\/logo-2-stvorec-mobil-modre.png\",\"contentUrl\":\"https:\/\/pool-house.shop\/wp-content\/uploads\/2025\/10\/logo-2-stvorec-mobil-modre.png\",\"width\":273,\"height\":189,\"caption\":\"Pool-House\"},\"image\":{\"@id\":\"https:\/\/pool-house.shop\/de\/#\/schema\/logo\/image\/\"},\"sameAs\":[\"https:\/\/www.facebook.com\/termodomsk\/\"]}]}<\/script>\n<!-- \/ Yoast SEO plugin. -->","yoast_head_json":{"title":"TRB Norm \u00d82000 1,2 m D225\/200 - Pool-House","robots":{"index":"index","follow":"follow","max-snippet":"max-snippet:-1","max-image-preview":"max-image-preview:large","max-video-preview":"max-video-preview:-1"},"canonical":"https:\/\/pool-house.shop\/de\/product\/trb-norm-o2000-12-m-d225-200\/","og_locale":"de_DE","og_type":"article","og_title":"TRB Norm \u00d82000 1,2 m D225\/200 - Pool-House","og_description":"Filterbeh\u00e4lter TRB Norm Dieser Filterbeh\u00e4lter, verst\u00e4rkt mit gewickelten Glasfasern, ist f\u00fcr \u00f6ffentliche Schwimmb\u00e4der bestimmt und erf\u00fcllt die technische Norm MSZ 15236:2013. Er verf\u00fcgt \u00fcber ein Schauglas und einen Trichter zur Wassersammlung. Zubeh\u00f6r sind ein Manometer und ein Entl\u00fcftungsventil. Das Filterbett ist mit einer Filterplatte ausgestattet. Beh\u00e4lter sind auch f\u00fcr Arbeitsdr\u00fccke von 4,0 und 6,0 kg\/cm\u00b2 &hellip; TRB Norm \u00d82000 1,2 m D225\/200Weiterlesen","og_url":"https:\/\/pool-house.shop\/de\/product\/trb-norm-o2000-12-m-d225-200\/","og_site_name":"Pool-House","article_publisher":"https:\/\/www.facebook.com\/termodomsk\/","og_image":[{"width":800,"height":800,"url":"https:\/\/pool-house.shop\/wp-content\/uploads\/2025\/03\/035518.png","type":"image\/png"}],"twitter_card":"summary_large_image","twitter_misc":{"Gesch\u00e4tzte Lesezeit":"1\u00a0Minute"},"schema":{"@context":"https:\/\/schema.org","@graph":[{"@type":"WebPage","@id":"https:\/\/pool-house.shop\/de\/product\/trb-norm-o2000-12-m-d225-200\/","url":"https:\/\/pool-house.shop\/de\/product\/trb-norm-o2000-12-m-d225-200\/","name":"TRB Norm \u00d82000 1,2 m D225\/200 - Pool-House","isPartOf":{"@id":"https:\/\/pool-house.shop\/de\/#website"},"primaryImageOfPage":{"@id":"https:\/\/pool-house.shop\/de\/product\/trb-norm-o2000-12-m-d225-200\/#primaryimage"},"image":{"@id":"https:\/\/pool-house.shop\/de\/product\/trb-norm-o2000-12-m-d225-200\/#primaryimage"},"thumbnailUrl":"https:\/\/pool-house.shop\/wp-content\/uploads\/2025\/03\/035518.png","datePublished":"2025-03-03T14:21:04+00:00","breadcrumb":{"@id":"https:\/\/pool-house.shop\/de\/product\/trb-norm-o2000-12-m-d225-200\/#breadcrumb"},"inLanguage":"de","potentialAction":[{"@type":"ReadAction","target":["https:\/\/pool-house.shop\/de\/product\/trb-norm-o2000-12-m-d225-200\/"]}]},{"@type":"ImageObject","inLanguage":"de","@id":"https:\/\/pool-house.shop\/de\/product\/trb-norm-o2000-12-m-d225-200\/#primaryimage","url":"https:\/\/pool-house.shop\/wp-content\/uploads\/2025\/03\/035518.png","contentUrl":"https:\/\/pool-house.shop\/wp-content\/uploads\/2025\/03\/035518.png","width":800,"height":800},{"@type":"BreadcrumbList","@id":"https:\/\/pool-house.shop\/de\/product\/trb-norm-o2000-12-m-d225-200\/#breadcrumb","itemListElement":[{"@type":"ListItem","position":1,"name":"Domovsk\u00e1 str\u00e1nka","item":"https:\/\/pool-house.shop\/de\/"},{"@type":"ListItem","position":2,"name":"Shop","item":"https:\/\/pool-house.shop\/de\/shop\/"},{"@type":"ListItem","position":3,"name":"TRB Norm \u00d82000 1,2 m D225\/200"}]},{"@type":"WebSite","@id":"https:\/\/pool-house.shop\/de\/#website","url":"https:\/\/pool-house.shop\/de\/","name":"Pool-House","description":"","publisher":{"@id":"https:\/\/pool-house.shop\/de\/#organization"},"potentialAction":[{"@type":"SearchAction","target":{"@type":"EntryPoint","urlTemplate":"https:\/\/pool-house.shop\/de\/?s={search_term_string}"},"query-input":{"@type":"PropertyValueSpecification","valueRequired":true,"valueName":"search_term_string"}}],"inLanguage":"de"},{"@type":"Organization","@id":"https:\/\/pool-house.shop\/de\/#organization","name":"Pool-House","url":"https:\/\/pool-house.shop\/de\/","logo":{"@type":"ImageObject","inLanguage":"de","@id":"https:\/\/pool-house.shop\/de\/#\/schema\/logo\/image\/","url":"https:\/\/pool-house.shop\/wp-content\/uploads\/2025\/10\/logo-2-stvorec-mobil-modre.png","contentUrl":"https:\/\/pool-house.shop\/wp-content\/uploads\/2025\/10\/logo-2-stvorec-mobil-modre.png","width":273,"height":189,"caption":"Pool-House"},"image":{"@id":"https:\/\/pool-house.shop\/de\/#\/schema\/logo\/image\/"},"sameAs":["https:\/\/www.facebook.com\/termodomsk\/"]}]}},"_links":{"self":[{"href":"https:\/\/pool-house.shop\/de\/wp-json\/wp\/v2\/product\/7130","targetHints":{"allow":["GET"]}}],"collection":[{"href":"https:\/\/pool-house.shop\/de\/wp-json\/wp\/v2\/product"}],"about":[{"href":"https:\/\/pool-house.shop\/de\/wp-json\/wp\/v2\/types\/product"}],"wp:featuredmedia":[{"embeddable":true,"href":"https:\/\/pool-house.shop\/de\/wp-json\/wp\/v2\/media\/7132"}],"wp:attachment":[{"href":"https:\/\/pool-house.shop\/de\/wp-json\/wp\/v2\/media?parent=7130"}],"wp:term":[{"taxonomy":"product_brand","embeddable":true,"href":"https:\/\/pool-house.shop\/de\/wp-json\/wp\/v2\/product_brand?post=7130"},{"taxonomy":"product_cat","embeddable":true,"href":"https:\/\/pool-house.shop\/de\/wp-json\/wp\/v2\/product_cat?post=7130"},{"taxonomy":"product_tag","embeddable":true,"href":"https:\/\/pool-house.shop\/de\/wp-json\/wp\/v2\/product_tag?post=7130"}],"curies":[{"name":"wp","href":"https:\/\/api.w.org\/{rel}","templated":true}]}}