{"id":7159,"date":"2025-03-03T15:20:51","date_gmt":"2025-03-03T14:20:51","guid":{"rendered":"https:\/\/pool-house.shop\/product\/filterglas-stufe-1-06-12-mm\/"},"modified":"2026-02-05T12:55:14","modified_gmt":"2026-02-05T11:55:14","slug":"filterglas-stufe-1-06-12-mm","status":"publish","type":"product","link":"https:\/\/pool-house.shop\/de\/product\/filterglas-stufe-1-06-12-mm\/","title":{"rendered":"Filterglas Stufe-1, 0,6 \u2013 1,2 mm"},"content":{"rendered":"<p>Filterglas <\/p>\n<p> Nature Works ist die neueste Generation von Filtermedien auf Basis von recyceltem Neuglas, die ausschlie\u00dflich f\u00fcr die Wasserfiltration bestimmt sind. Nature Works High Tech Filtermedien stellen eine gesunde und hygienische Methode dar, um verf\u00fcgbare Ressourcen zu optimieren und die Wasserqualit\u00e4t erheblich zu verbessern.<br \/>\n Gleichzeitig handelt es sich um ein recyceltes und recycelbares \u00f6kologisches Produkt, das die Umweltauswirkungen traditioneller Wasserreinigungsmethoden reduziert. Es kann in jeder Filtration f\u00fcr Industrie- oder Poolwasser eingesetzt werden, und seine Wirkung ist sofort sichtbar. Biofilm ist f\u00fcr Chloramine und die Verstopfung von Mikrokan\u00e4len im Filtermedium verantwortlich. Die aseptischen (bakterienfreien) Eigenschaften von Nature Works\u00ae und die Anti-Compaction Technology\u00ae verhindern die Bildung von Biofilm und verl\u00e4ngern so die Lebensdauer des Filtermediums auf unbestimmte Zeit.<x id=\"gid_0\"><\/x> <x id=\"gid_1\"><\/x> Dieses Filtermedium zeichnet sich im Vergleich zu Filtersand aus durch:<x id=\"gid_2\"><\/x> &#8211; bessere Wasserqualit\u00e4t,<x id=\"gid_3\"><\/x> &#8211; eine einzigartige und spezielle Entwicklung f\u00fcr eine lange Lebensdauer,<x id=\"gid_4\"><\/x> &#8211; weniger Energie-, Wasser- und Chemikalienverschwendung,<x id=\"gid_5\"><\/x> &#8211; eine schonende Auswirkung auf die Umwelt,<x id=\"gid_6\"><\/x> &#8211; optimierten Durchfluss,<x id=\"gid_7\"><\/x> &#8211; die Tatsache, dass sich kein Biofilm bildet und kein Flockungsmittel erforderlich ist.<x id=\"gid_8\"><\/x> <x id=\"gid_9\"><\/x> Partikel <x id=\"gid_10\"><\/x> Die Partikel sind mikroskopisch flach und haben einen glatten Rand. Die MC2 Anticompaction<x id=\"gid_11\"><\/x> Technology (Anti-Verdichtungstechnologie), die <x id=\"gid_12\"><\/x> zur Herstellung von Partikeln ohne Kanten verwendet wird, hat zwei Ziele:<x id=\"gid_13\"><\/x> 1. scharfe Kanten zu entfernen, die ein Versteck f\u00fcr Bakterien sind,<br \/>\n 2.      die Sicherheit des Produkts zu gew\u00e4hrleisten.<\/p>\n<p> Maximale Filterleistung<br \/>\n Die Wirksamkeit der Nature Works\u00ae Technologie basiert auf der Entfernung der h\u00e4ufigsten Partikel in Schwimmb\u00e4dern, die eine Tr\u00fcbung des Wassers verursachen. Dies wird durch die geeignet gew\u00e4hlten Partikelformen und deren Oberfl\u00e4chenbehandlungstechnologie erreicht, die die Bildung von Biofilm verhindert, die Mikrokan\u00e4le offen h\u00e4lt und eine absolut sichere Handhabung der Partikel erm\u00f6glicht. <\/p>\n","protected":false},"excerpt":{"rendered":"<p>Filterglas Nature Works ist die neueste Generation von Filtermedien auf Basis von recyceltem Neuglas, die ausschlie\u00dflich f\u00fcr die Wasserfiltration bestimmt sind. Nature Works High Tech Filtermedien stellen eine gesunde und hygienische Methode dar, um verf\u00fcgbare Ressourcen zu optimieren und die Wasserqualit\u00e4t erheblich zu verbessern. Gleichzeitig handelt es sich um ein recyceltes und recycelbares \u00f6kologisches Produkt, &hellip;<\/p>\n<p class=\"read-more\"> <a class=\" thunk-readmore button \" href=\"https:\/\/pool-house.shop\/de\/product\/filterglas-stufe-1-06-12-mm\/\"> <span class=\"screen-reader-text\">Filterglas Stufe-1, 0,6 \u2013 1,2 mm<\/span>Weiterlesen<\/a><\/p>\n","protected":false},"featured_media":7161,"template":"","meta":[],"product_brand":[],"product_cat":[353,354],"product_tag":[],"class_list":{"0":"post-7159","1":"product","2":"type-product","3":"status-publish","4":"has-post-thumbnail","6":"product_cat-filteranlagen","7":"product_cat-zubehor_filteranlagen","8":"thunk-woo-product-list","9":"open-woo-hover-none","10":"open-single-product-tab-horizontal","11":"open-shadow-","12":"open-shadow-hover-","14":"first","15":"instock","16":"taxable","17":"shipping-taxable","18":"purchasable","19":"product-type-simple"},"yoast_head":"<!-- This site is optimized with the Yoast SEO plugin v26.9 - https:\/\/yoast.com\/product\/yoast-seo-wordpress\/ -->\n<title>Filterglas Stufe-1, 0,6 \u2013 1,2 mm - Pool-House<\/title>\n<meta name=\"robots\" content=\"index, follow, max-snippet:-1, max-image-preview:large, max-video-preview:-1\" \/>\n<link rel=\"canonical\" href=\"https:\/\/pool-house.shop\/de\/product\/filterglas-stufe-1-06-12-mm\/\" \/>\n<meta property=\"og:locale\" content=\"de_DE\" \/>\n<meta property=\"og:type\" content=\"article\" \/>\n<meta property=\"og:title\" content=\"Filterglas Stufe-1, 0,6 \u2013 1,2 mm - Pool-House\" \/>\n<meta property=\"og:description\" content=\"Filterglas Nature Works ist die neueste Generation von Filtermedien auf Basis von recyceltem Neuglas, die ausschlie\u00dflich f\u00fcr die Wasserfiltration bestimmt sind. Nature Works High Tech Filtermedien stellen eine gesunde und hygienische Methode dar, um verf\u00fcgbare Ressourcen zu optimieren und die Wasserqualit\u00e4t erheblich zu verbessern. Gleichzeitig handelt es sich um ein recyceltes und recycelbares \u00f6kologisches Produkt, &hellip; Filterglas Stufe-1, 0,6 \u2013 1,2 mmWeiterlesen\" \/>\n<meta property=\"og:url\" content=\"https:\/\/pool-house.shop\/de\/product\/filterglas-stufe-1-06-12-mm\/\" \/>\n<meta property=\"og:site_name\" content=\"Pool-House\" \/>\n<meta property=\"article:publisher\" content=\"https:\/\/www.facebook.com\/termodomsk\/\" \/>\n<meta property=\"article:modified_time\" content=\"2026-02-05T11:55:14+00:00\" \/>\n<meta property=\"og:image\" content=\"https:\/\/pool-house.shop\/wp-content\/uploads\/2025\/03\/033101.png\" \/>\n\t<meta property=\"og:image:width\" content=\"800\" \/>\n\t<meta property=\"og:image:height\" content=\"1200\" \/>\n\t<meta property=\"og:image:type\" content=\"image\/png\" \/>\n<meta name=\"twitter:card\" content=\"summary_large_image\" \/>\n<meta name=\"twitter:label1\" content=\"Gesch\u00e4tzte Lesezeit\" \/>\n\t<meta name=\"twitter:data1\" content=\"1\u00a0Minute\" \/>\n<script type=\"application\/ld+json\" class=\"yoast-schema-graph\">{\"@context\":\"https:\/\/schema.org\",\"@graph\":[{\"@type\":\"WebPage\",\"@id\":\"https:\/\/pool-house.shop\/de\/product\/filterglas-stufe-1-06-12-mm\/\",\"url\":\"https:\/\/pool-house.shop\/de\/product\/filterglas-stufe-1-06-12-mm\/\",\"name\":\"Filterglas Stufe-1, 0,6 \u2013 1,2 mm - Pool-House\",\"isPartOf\":{\"@id\":\"https:\/\/pool-house.shop\/de\/#website\"},\"primaryImageOfPage\":{\"@id\":\"https:\/\/pool-house.shop\/de\/product\/filterglas-stufe-1-06-12-mm\/#primaryimage\"},\"image\":{\"@id\":\"https:\/\/pool-house.shop\/de\/product\/filterglas-stufe-1-06-12-mm\/#primaryimage\"},\"thumbnailUrl\":\"https:\/\/pool-house.shop\/wp-content\/uploads\/2025\/03\/033101.png\",\"datePublished\":\"2025-03-03T14:20:51+00:00\",\"dateModified\":\"2026-02-05T11:55:14+00:00\",\"breadcrumb\":{\"@id\":\"https:\/\/pool-house.shop\/de\/product\/filterglas-stufe-1-06-12-mm\/#breadcrumb\"},\"inLanguage\":\"de\",\"potentialAction\":[{\"@type\":\"ReadAction\",\"target\":[\"https:\/\/pool-house.shop\/de\/product\/filterglas-stufe-1-06-12-mm\/\"]}]},{\"@type\":\"ImageObject\",\"inLanguage\":\"de\",\"@id\":\"https:\/\/pool-house.shop\/de\/product\/filterglas-stufe-1-06-12-mm\/#primaryimage\",\"url\":\"https:\/\/pool-house.shop\/wp-content\/uploads\/2025\/03\/033101.png\",\"contentUrl\":\"https:\/\/pool-house.shop\/wp-content\/uploads\/2025\/03\/033101.png\",\"width\":800,\"height\":1200},{\"@type\":\"BreadcrumbList\",\"@id\":\"https:\/\/pool-house.shop\/de\/product\/filterglas-stufe-1-06-12-mm\/#breadcrumb\",\"itemListElement\":[{\"@type\":\"ListItem\",\"position\":1,\"name\":\"Domovsk\u00e1 str\u00e1nka\",\"item\":\"https:\/\/pool-house.shop\/de\/\"},{\"@type\":\"ListItem\",\"position\":2,\"name\":\"Shop\",\"item\":\"https:\/\/pool-house.shop\/de\/shop\/\"},{\"@type\":\"ListItem\",\"position\":3,\"name\":\"Filterglas Stufe-1, 0,6 \u2013 1,2 mm\"}]},{\"@type\":\"WebSite\",\"@id\":\"https:\/\/pool-house.shop\/de\/#website\",\"url\":\"https:\/\/pool-house.shop\/de\/\",\"name\":\"Pool-House\",\"description\":\"\",\"publisher\":{\"@id\":\"https:\/\/pool-house.shop\/de\/#organization\"},\"potentialAction\":[{\"@type\":\"SearchAction\",\"target\":{\"@type\":\"EntryPoint\",\"urlTemplate\":\"https:\/\/pool-house.shop\/de\/?s={search_term_string}\"},\"query-input\":{\"@type\":\"PropertyValueSpecification\",\"valueRequired\":true,\"valueName\":\"search_term_string\"}}],\"inLanguage\":\"de\"},{\"@type\":\"Organization\",\"@id\":\"https:\/\/pool-house.shop\/de\/#organization\",\"name\":\"Pool-House\",\"url\":\"https:\/\/pool-house.shop\/de\/\",\"logo\":{\"@type\":\"ImageObject\",\"inLanguage\":\"de\",\"@id\":\"https:\/\/pool-house.shop\/de\/#\/schema\/logo\/image\/\",\"url\":\"https:\/\/pool-house.shop\/wp-content\/uploads\/2025\/10\/logo-2-stvorec-mobil-modre.png\",\"contentUrl\":\"https:\/\/pool-house.shop\/wp-content\/uploads\/2025\/10\/logo-2-stvorec-mobil-modre.png\",\"width\":273,\"height\":189,\"caption\":\"Pool-House\"},\"image\":{\"@id\":\"https:\/\/pool-house.shop\/de\/#\/schema\/logo\/image\/\"},\"sameAs\":[\"https:\/\/www.facebook.com\/termodomsk\/\"]}]}<\/script>\n<!-- \/ Yoast SEO plugin. -->","yoast_head_json":{"title":"Filterglas Stufe-1, 0,6 \u2013 1,2 mm - Pool-House","robots":{"index":"index","follow":"follow","max-snippet":"max-snippet:-1","max-image-preview":"max-image-preview:large","max-video-preview":"max-video-preview:-1"},"canonical":"https:\/\/pool-house.shop\/de\/product\/filterglas-stufe-1-06-12-mm\/","og_locale":"de_DE","og_type":"article","og_title":"Filterglas Stufe-1, 0,6 \u2013 1,2 mm - Pool-House","og_description":"Filterglas Nature Works ist die neueste Generation von Filtermedien auf Basis von recyceltem Neuglas, die ausschlie\u00dflich f\u00fcr die Wasserfiltration bestimmt sind. Nature Works High Tech Filtermedien stellen eine gesunde und hygienische Methode dar, um verf\u00fcgbare Ressourcen zu optimieren und die Wasserqualit\u00e4t erheblich zu verbessern. Gleichzeitig handelt es sich um ein recyceltes und recycelbares \u00f6kologisches Produkt, &hellip; Filterglas Stufe-1, 0,6 \u2013 1,2 mmWeiterlesen","og_url":"https:\/\/pool-house.shop\/de\/product\/filterglas-stufe-1-06-12-mm\/","og_site_name":"Pool-House","article_publisher":"https:\/\/www.facebook.com\/termodomsk\/","article_modified_time":"2026-02-05T11:55:14+00:00","og_image":[{"width":800,"height":1200,"url":"https:\/\/pool-house.shop\/wp-content\/uploads\/2025\/03\/033101.png","type":"image\/png"}],"twitter_card":"summary_large_image","twitter_misc":{"Gesch\u00e4tzte Lesezeit":"1\u00a0Minute"},"schema":{"@context":"https:\/\/schema.org","@graph":[{"@type":"WebPage","@id":"https:\/\/pool-house.shop\/de\/product\/filterglas-stufe-1-06-12-mm\/","url":"https:\/\/pool-house.shop\/de\/product\/filterglas-stufe-1-06-12-mm\/","name":"Filterglas Stufe-1, 0,6 \u2013 1,2 mm - Pool-House","isPartOf":{"@id":"https:\/\/pool-house.shop\/de\/#website"},"primaryImageOfPage":{"@id":"https:\/\/pool-house.shop\/de\/product\/filterglas-stufe-1-06-12-mm\/#primaryimage"},"image":{"@id":"https:\/\/pool-house.shop\/de\/product\/filterglas-stufe-1-06-12-mm\/#primaryimage"},"thumbnailUrl":"https:\/\/pool-house.shop\/wp-content\/uploads\/2025\/03\/033101.png","datePublished":"2025-03-03T14:20:51+00:00","dateModified":"2026-02-05T11:55:14+00:00","breadcrumb":{"@id":"https:\/\/pool-house.shop\/de\/product\/filterglas-stufe-1-06-12-mm\/#breadcrumb"},"inLanguage":"de","potentialAction":[{"@type":"ReadAction","target":["https:\/\/pool-house.shop\/de\/product\/filterglas-stufe-1-06-12-mm\/"]}]},{"@type":"ImageObject","inLanguage":"de","@id":"https:\/\/pool-house.shop\/de\/product\/filterglas-stufe-1-06-12-mm\/#primaryimage","url":"https:\/\/pool-house.shop\/wp-content\/uploads\/2025\/03\/033101.png","contentUrl":"https:\/\/pool-house.shop\/wp-content\/uploads\/2025\/03\/033101.png","width":800,"height":1200},{"@type":"BreadcrumbList","@id":"https:\/\/pool-house.shop\/de\/product\/filterglas-stufe-1-06-12-mm\/#breadcrumb","itemListElement":[{"@type":"ListItem","position":1,"name":"Domovsk\u00e1 str\u00e1nka","item":"https:\/\/pool-house.shop\/de\/"},{"@type":"ListItem","position":2,"name":"Shop","item":"https:\/\/pool-house.shop\/de\/shop\/"},{"@type":"ListItem","position":3,"name":"Filterglas Stufe-1, 0,6 \u2013 1,2 mm"}]},{"@type":"WebSite","@id":"https:\/\/pool-house.shop\/de\/#website","url":"https:\/\/pool-house.shop\/de\/","name":"Pool-House","description":"","publisher":{"@id":"https:\/\/pool-house.shop\/de\/#organization"},"potentialAction":[{"@type":"SearchAction","target":{"@type":"EntryPoint","urlTemplate":"https:\/\/pool-house.shop\/de\/?s={search_term_string}"},"query-input":{"@type":"PropertyValueSpecification","valueRequired":true,"valueName":"search_term_string"}}],"inLanguage":"de"},{"@type":"Organization","@id":"https:\/\/pool-house.shop\/de\/#organization","name":"Pool-House","url":"https:\/\/pool-house.shop\/de\/","logo":{"@type":"ImageObject","inLanguage":"de","@id":"https:\/\/pool-house.shop\/de\/#\/schema\/logo\/image\/","url":"https:\/\/pool-house.shop\/wp-content\/uploads\/2025\/10\/logo-2-stvorec-mobil-modre.png","contentUrl":"https:\/\/pool-house.shop\/wp-content\/uploads\/2025\/10\/logo-2-stvorec-mobil-modre.png","width":273,"height":189,"caption":"Pool-House"},"image":{"@id":"https:\/\/pool-house.shop\/de\/#\/schema\/logo\/image\/"},"sameAs":["https:\/\/www.facebook.com\/termodomsk\/"]}]}},"_links":{"self":[{"href":"https:\/\/pool-house.shop\/de\/wp-json\/wp\/v2\/product\/7159","targetHints":{"allow":["GET"]}}],"collection":[{"href":"https:\/\/pool-house.shop\/de\/wp-json\/wp\/v2\/product"}],"about":[{"href":"https:\/\/pool-house.shop\/de\/wp-json\/wp\/v2\/types\/product"}],"wp:featuredmedia":[{"embeddable":true,"href":"https:\/\/pool-house.shop\/de\/wp-json\/wp\/v2\/media\/7161"}],"wp:attachment":[{"href":"https:\/\/pool-house.shop\/de\/wp-json\/wp\/v2\/media?parent=7159"}],"wp:term":[{"taxonomy":"product_brand","embeddable":true,"href":"https:\/\/pool-house.shop\/de\/wp-json\/wp\/v2\/product_brand?post=7159"},{"taxonomy":"product_cat","embeddable":true,"href":"https:\/\/pool-house.shop\/de\/wp-json\/wp\/v2\/product_cat?post=7159"},{"taxonomy":"product_tag","embeddable":true,"href":"https:\/\/pool-house.shop\/de\/wp-json\/wp\/v2\/product_tag?post=7159"}],"curies":[{"name":"wp","href":"https:\/\/api.w.org\/{rel}","templated":true}]}}