{"id":7162,"date":"2025-03-03T15:20:54","date_gmt":"2025-03-03T14:20:54","guid":{"rendered":"https:\/\/pool-house.shop\/product\/technikschacht-d320\/"},"modified":"2026-02-05T13:01:19","modified_gmt":"2026-02-05T12:01:19","slug":"technikschacht-d320","status":"publish","type":"product","link":"https:\/\/pool-house.shop\/de\/product\/technikschacht-d320\/","title":{"rendered":"Technikschacht D320"},"content":{"rendered":"<p>Technikschacht<\/p>\n<p> Dieser hochwertige, glasfaserverst\u00e4rkte und hochbest\u00e4ndige Technikschacht aus Polyester<br \/>\n ist in verschiedenen Gr\u00f6\u00dfen erh\u00e4ltlich. Der Deckel ist gr\u00fcn und der untere Teil ist cremewei\u00df. Der Deckel ist nicht begehbar! Wanddurchf\u00fchrungen und \u00d6ffnungen sind nicht vorbereitet, daher k\u00f6nnen sie je nach Bedarf \u00fcberall platziert werden. Dieser versenkbare (leere) Technikschacht bietet zwar wenig Platz, aber dank einer optimierten Innenaufteilung eine umfassende L\u00f6sung.    <\/p>\n","protected":false},"excerpt":{"rendered":"<p>Technikschacht Dieser hochwertige, glasfaserverst\u00e4rkte und hochbest\u00e4ndige Technikschacht aus Polyester ist in verschiedenen Gr\u00f6\u00dfen erh\u00e4ltlich. Der Deckel ist gr\u00fcn und der untere Teil ist cremewei\u00df. Der Deckel ist nicht begehbar! Wanddurchf\u00fchrungen und \u00d6ffnungen sind nicht vorbereitet, daher k\u00f6nnen sie je nach Bedarf \u00fcberall platziert werden. Dieser versenkbare (leere) Technikschacht bietet zwar wenig Platz, aber dank einer &hellip;<\/p>\n<p class=\"read-more\"> <a class=\" thunk-readmore button \" href=\"https:\/\/pool-house.shop\/de\/product\/technikschacht-d320\/\"> <span class=\"screen-reader-text\">Technikschacht D320<\/span>Weiterlesen<\/a><\/p>\n","protected":false},"featured_media":7164,"template":"","meta":[],"product_brand":[],"product_cat":[353,354],"product_tag":[],"class_list":{"0":"post-7162","1":"product","2":"type-product","3":"status-publish","4":"has-post-thumbnail","6":"product_cat-filteranlagen","7":"product_cat-zubehor_filteranlagen","8":"thunk-woo-product-list","9":"open-woo-hover-none","10":"open-single-product-tab-horizontal","11":"open-shadow-","12":"open-shadow-hover-","14":"first","15":"instock","16":"taxable","17":"shipping-taxable","18":"purchasable","19":"product-type-simple"},"yoast_head":"<!-- This site is optimized with the Yoast SEO plugin v26.9 - https:\/\/yoast.com\/product\/yoast-seo-wordpress\/ -->\n<title>Technikschacht D320 - Pool-House<\/title>\n<meta name=\"robots\" content=\"index, follow, max-snippet:-1, max-image-preview:large, max-video-preview:-1\" \/>\n<link rel=\"canonical\" href=\"https:\/\/pool-house.shop\/de\/product\/technikschacht-d320\/\" \/>\n<meta property=\"og:locale\" content=\"de_DE\" \/>\n<meta property=\"og:type\" content=\"article\" \/>\n<meta property=\"og:title\" content=\"Technikschacht D320 - Pool-House\" \/>\n<meta property=\"og:description\" content=\"Technikschacht Dieser hochwertige, glasfaserverst\u00e4rkte und hochbest\u00e4ndige Technikschacht aus Polyester ist in verschiedenen Gr\u00f6\u00dfen erh\u00e4ltlich. Der Deckel ist gr\u00fcn und der untere Teil ist cremewei\u00df. Der Deckel ist nicht begehbar! Wanddurchf\u00fchrungen und \u00d6ffnungen sind nicht vorbereitet, daher k\u00f6nnen sie je nach Bedarf \u00fcberall platziert werden. Dieser versenkbare (leere) Technikschacht bietet zwar wenig Platz, aber dank einer &hellip; Technikschacht D320Weiterlesen\" \/>\n<meta property=\"og:url\" content=\"https:\/\/pool-house.shop\/de\/product\/technikschacht-d320\/\" \/>\n<meta property=\"og:site_name\" content=\"Pool-House\" \/>\n<meta property=\"article:publisher\" content=\"https:\/\/www.facebook.com\/termodomsk\/\" \/>\n<meta property=\"article:modified_time\" content=\"2026-02-05T12:01:19+00:00\" \/>\n<meta property=\"og:image\" content=\"https:\/\/pool-house.shop\/wp-content\/uploads\/2025\/03\/034006.png\" \/>\n\t<meta property=\"og:image:width\" content=\"469\" \/>\n\t<meta property=\"og:image:height\" content=\"410\" \/>\n\t<meta property=\"og:image:type\" content=\"image\/png\" \/>\n<meta name=\"twitter:card\" content=\"summary_large_image\" \/>\n<script type=\"application\/ld+json\" class=\"yoast-schema-graph\">{\"@context\":\"https:\/\/schema.org\",\"@graph\":[{\"@type\":\"WebPage\",\"@id\":\"https:\/\/pool-house.shop\/de\/product\/technikschacht-d320\/\",\"url\":\"https:\/\/pool-house.shop\/de\/product\/technikschacht-d320\/\",\"name\":\"Technikschacht D320 - Pool-House\",\"isPartOf\":{\"@id\":\"https:\/\/pool-house.shop\/de\/#website\"},\"primaryImageOfPage\":{\"@id\":\"https:\/\/pool-house.shop\/de\/product\/technikschacht-d320\/#primaryimage\"},\"image\":{\"@id\":\"https:\/\/pool-house.shop\/de\/product\/technikschacht-d320\/#primaryimage\"},\"thumbnailUrl\":\"https:\/\/pool-house.shop\/wp-content\/uploads\/2025\/03\/034006.png\",\"datePublished\":\"2025-03-03T14:20:54+00:00\",\"dateModified\":\"2026-02-05T12:01:19+00:00\",\"breadcrumb\":{\"@id\":\"https:\/\/pool-house.shop\/de\/product\/technikschacht-d320\/#breadcrumb\"},\"inLanguage\":\"de\",\"potentialAction\":[{\"@type\":\"ReadAction\",\"target\":[\"https:\/\/pool-house.shop\/de\/product\/technikschacht-d320\/\"]}]},{\"@type\":\"ImageObject\",\"inLanguage\":\"de\",\"@id\":\"https:\/\/pool-house.shop\/de\/product\/technikschacht-d320\/#primaryimage\",\"url\":\"https:\/\/pool-house.shop\/wp-content\/uploads\/2025\/03\/034006.png\",\"contentUrl\":\"https:\/\/pool-house.shop\/wp-content\/uploads\/2025\/03\/034006.png\",\"width\":469,\"height\":410},{\"@type\":\"BreadcrumbList\",\"@id\":\"https:\/\/pool-house.shop\/de\/product\/technikschacht-d320\/#breadcrumb\",\"itemListElement\":[{\"@type\":\"ListItem\",\"position\":1,\"name\":\"Domovsk\u00e1 str\u00e1nka\",\"item\":\"https:\/\/pool-house.shop\/de\/\"},{\"@type\":\"ListItem\",\"position\":2,\"name\":\"Shop\",\"item\":\"https:\/\/pool-house.shop\/de\/shop\/\"},{\"@type\":\"ListItem\",\"position\":3,\"name\":\"Technikschacht D320\"}]},{\"@type\":\"WebSite\",\"@id\":\"https:\/\/pool-house.shop\/de\/#website\",\"url\":\"https:\/\/pool-house.shop\/de\/\",\"name\":\"Pool-House\",\"description\":\"\",\"publisher\":{\"@id\":\"https:\/\/pool-house.shop\/de\/#organization\"},\"potentialAction\":[{\"@type\":\"SearchAction\",\"target\":{\"@type\":\"EntryPoint\",\"urlTemplate\":\"https:\/\/pool-house.shop\/de\/?s={search_term_string}\"},\"query-input\":{\"@type\":\"PropertyValueSpecification\",\"valueRequired\":true,\"valueName\":\"search_term_string\"}}],\"inLanguage\":\"de\"},{\"@type\":\"Organization\",\"@id\":\"https:\/\/pool-house.shop\/de\/#organization\",\"name\":\"Pool-House\",\"url\":\"https:\/\/pool-house.shop\/de\/\",\"logo\":{\"@type\":\"ImageObject\",\"inLanguage\":\"de\",\"@id\":\"https:\/\/pool-house.shop\/de\/#\/schema\/logo\/image\/\",\"url\":\"https:\/\/pool-house.shop\/wp-content\/uploads\/2025\/10\/logo-2-stvorec-mobil-modre.png\",\"contentUrl\":\"https:\/\/pool-house.shop\/wp-content\/uploads\/2025\/10\/logo-2-stvorec-mobil-modre.png\",\"width\":273,\"height\":189,\"caption\":\"Pool-House\"},\"image\":{\"@id\":\"https:\/\/pool-house.shop\/de\/#\/schema\/logo\/image\/\"},\"sameAs\":[\"https:\/\/www.facebook.com\/termodomsk\/\"]}]}<\/script>\n<!-- \/ Yoast SEO plugin. -->","yoast_head_json":{"title":"Technikschacht D320 - Pool-House","robots":{"index":"index","follow":"follow","max-snippet":"max-snippet:-1","max-image-preview":"max-image-preview:large","max-video-preview":"max-video-preview:-1"},"canonical":"https:\/\/pool-house.shop\/de\/product\/technikschacht-d320\/","og_locale":"de_DE","og_type":"article","og_title":"Technikschacht D320 - Pool-House","og_description":"Technikschacht Dieser hochwertige, glasfaserverst\u00e4rkte und hochbest\u00e4ndige Technikschacht aus Polyester ist in verschiedenen Gr\u00f6\u00dfen erh\u00e4ltlich. Der Deckel ist gr\u00fcn und der untere Teil ist cremewei\u00df. Der Deckel ist nicht begehbar! Wanddurchf\u00fchrungen und \u00d6ffnungen sind nicht vorbereitet, daher k\u00f6nnen sie je nach Bedarf \u00fcberall platziert werden. Dieser versenkbare (leere) Technikschacht bietet zwar wenig Platz, aber dank einer &hellip; Technikschacht D320Weiterlesen","og_url":"https:\/\/pool-house.shop\/de\/product\/technikschacht-d320\/","og_site_name":"Pool-House","article_publisher":"https:\/\/www.facebook.com\/termodomsk\/","article_modified_time":"2026-02-05T12:01:19+00:00","og_image":[{"width":469,"height":410,"url":"https:\/\/pool-house.shop\/wp-content\/uploads\/2025\/03\/034006.png","type":"image\/png"}],"twitter_card":"summary_large_image","schema":{"@context":"https:\/\/schema.org","@graph":[{"@type":"WebPage","@id":"https:\/\/pool-house.shop\/de\/product\/technikschacht-d320\/","url":"https:\/\/pool-house.shop\/de\/product\/technikschacht-d320\/","name":"Technikschacht D320 - Pool-House","isPartOf":{"@id":"https:\/\/pool-house.shop\/de\/#website"},"primaryImageOfPage":{"@id":"https:\/\/pool-house.shop\/de\/product\/technikschacht-d320\/#primaryimage"},"image":{"@id":"https:\/\/pool-house.shop\/de\/product\/technikschacht-d320\/#primaryimage"},"thumbnailUrl":"https:\/\/pool-house.shop\/wp-content\/uploads\/2025\/03\/034006.png","datePublished":"2025-03-03T14:20:54+00:00","dateModified":"2026-02-05T12:01:19+00:00","breadcrumb":{"@id":"https:\/\/pool-house.shop\/de\/product\/technikschacht-d320\/#breadcrumb"},"inLanguage":"de","potentialAction":[{"@type":"ReadAction","target":["https:\/\/pool-house.shop\/de\/product\/technikschacht-d320\/"]}]},{"@type":"ImageObject","inLanguage":"de","@id":"https:\/\/pool-house.shop\/de\/product\/technikschacht-d320\/#primaryimage","url":"https:\/\/pool-house.shop\/wp-content\/uploads\/2025\/03\/034006.png","contentUrl":"https:\/\/pool-house.shop\/wp-content\/uploads\/2025\/03\/034006.png","width":469,"height":410},{"@type":"BreadcrumbList","@id":"https:\/\/pool-house.shop\/de\/product\/technikschacht-d320\/#breadcrumb","itemListElement":[{"@type":"ListItem","position":1,"name":"Domovsk\u00e1 str\u00e1nka","item":"https:\/\/pool-house.shop\/de\/"},{"@type":"ListItem","position":2,"name":"Shop","item":"https:\/\/pool-house.shop\/de\/shop\/"},{"@type":"ListItem","position":3,"name":"Technikschacht D320"}]},{"@type":"WebSite","@id":"https:\/\/pool-house.shop\/de\/#website","url":"https:\/\/pool-house.shop\/de\/","name":"Pool-House","description":"","publisher":{"@id":"https:\/\/pool-house.shop\/de\/#organization"},"potentialAction":[{"@type":"SearchAction","target":{"@type":"EntryPoint","urlTemplate":"https:\/\/pool-house.shop\/de\/?s={search_term_string}"},"query-input":{"@type":"PropertyValueSpecification","valueRequired":true,"valueName":"search_term_string"}}],"inLanguage":"de"},{"@type":"Organization","@id":"https:\/\/pool-house.shop\/de\/#organization","name":"Pool-House","url":"https:\/\/pool-house.shop\/de\/","logo":{"@type":"ImageObject","inLanguage":"de","@id":"https:\/\/pool-house.shop\/de\/#\/schema\/logo\/image\/","url":"https:\/\/pool-house.shop\/wp-content\/uploads\/2025\/10\/logo-2-stvorec-mobil-modre.png","contentUrl":"https:\/\/pool-house.shop\/wp-content\/uploads\/2025\/10\/logo-2-stvorec-mobil-modre.png","width":273,"height":189,"caption":"Pool-House"},"image":{"@id":"https:\/\/pool-house.shop\/de\/#\/schema\/logo\/image\/"},"sameAs":["https:\/\/www.facebook.com\/termodomsk\/"]}]}},"_links":{"self":[{"href":"https:\/\/pool-house.shop\/de\/wp-json\/wp\/v2\/product\/7162","targetHints":{"allow":["GET"]}}],"collection":[{"href":"https:\/\/pool-house.shop\/de\/wp-json\/wp\/v2\/product"}],"about":[{"href":"https:\/\/pool-house.shop\/de\/wp-json\/wp\/v2\/types\/product"}],"wp:featuredmedia":[{"embeddable":true,"href":"https:\/\/pool-house.shop\/de\/wp-json\/wp\/v2\/media\/7164"}],"wp:attachment":[{"href":"https:\/\/pool-house.shop\/de\/wp-json\/wp\/v2\/media?parent=7162"}],"wp:term":[{"taxonomy":"product_brand","embeddable":true,"href":"https:\/\/pool-house.shop\/de\/wp-json\/wp\/v2\/product_brand?post=7162"},{"taxonomy":"product_cat","embeddable":true,"href":"https:\/\/pool-house.shop\/de\/wp-json\/wp\/v2\/product_cat?post=7162"},{"taxonomy":"product_tag","embeddable":true,"href":"https:\/\/pool-house.shop\/de\/wp-json\/wp\/v2\/product_tag?post=7162"}],"curies":[{"name":"wp","href":"https:\/\/api.w.org\/{rel}","templated":true}]}}