{"id":7272,"date":"2025-03-03T15:23:23","date_gmt":"2025-03-03T14:23:23","guid":{"rendered":"https:\/\/pool-house.shop\/product\/baltico-o-1600-12-m-d125\/"},"modified":"2025-03-03T15:23:23","modified_gmt":"2025-03-03T14:23:23","slug":"baltico-o-1600-12-m-d125","status":"publish","type":"product","link":"https:\/\/pool-house.shop\/de\/product\/baltico-o-1600-12-m-d125\/","title":{"rendered":"BALTICO \u00d8 1600 1,2 m D125"},"content":{"rendered":"<p>Baltico Filterbeh\u00e4lter<\/p>\n<p> Dieser Filterbeh\u00e4lter f\u00fcr \u00f6ffentliche Schwimmb\u00e4der ist glasfaserverst\u00e4rkt und mit einer UV-best\u00e4ndigen Schutzschicht versehen. Er verf\u00fcgt \u00fcber eine Filterplatte.<br \/>\n Optional: seitliche Montage\u00f6ffnung und Schauglas.<\/p>\n<p> Eigenschaften:<br \/>\n &#8211; Filterbetth\u00f6he: 1,2 m,<br \/>\n &#8211; Durchmesser der Entleerungs\u00f6ffnung: 75 mm,<br \/>\n &#8211; PVC-Verbindungsflansch,<br \/>\n &#8211; optional ist eine Ausf\u00fchrung mit spezieller ozonbest\u00e4ndiger Beschichtung erh\u00e4ltlich,<br \/>\n &#8211; 10 Jahre Garantie,<br \/>\n &#8211; optional: 5-Wege-Steuerventil aus PVC mit Anschluss \u00fcber Verbindungsflansch,<br \/>\n &#8211; der Filterbeh\u00e4lter ist vom Amt des Obersten Hygienikers (OTH) zugelassen.<\/p>\n<p> Technische Daten:<br \/>\n &#8211; Betriebsdruck: 0,6 \u2013 2 kg\/cm\u00b2,<br \/>\n &#8211; Maximaldruck: 2,5 kg\/cm\u00b2,<br \/>\n &#8211; Pr\u00fcfdruck: 3,75 kg\/cm\u00b2,<br \/>\n &#8211; Betriebstemperatur: 1\u00b0C \u2013 40\u00b0C,<br \/>\n &#8211; obere \u00d6ffnung: \u00d8 400 mm,<br \/>\n &#8211; Filterbetth\u00f6he: 1.200 mm,<br \/>\n &#8211; seitliche \u00d6ffnung: \u00d8 400 mm,<br \/>\n &#8211; zwei Schaugl\u00e4ser \u2013 optional: \u00d8 90 mm.<\/p>\n<p> Filterbeh\u00e4lter<br \/>\n Die Sauberkeit des Poolwassers kann durch dessen kontinuierliche Zirkulation und Filtration aufrechterhalten werden. In stehendem Wasser, das der Sonne ausgesetzt ist, k\u00f6nnen sich leicht Algen und andere Verunreinigungen vermehren, die nicht nur das Aussehen des Wassers beeintr\u00e4chtigen, sondern auch ein Gesundheitsrisiko f\u00fcr Badende darstellen k\u00f6nnen.<br \/>\n Der Filterbeh\u00e4lter kann mithilfe der Zirkulationsanlage selbst feinste Verunreinigungen aus dem Wasser filtern, die im Filtermedium zur\u00fcckgehalten werden.<\/p>\n","protected":false},"excerpt":{"rendered":"<p>Baltico Filterbeh\u00e4lter Dieser Filterbeh\u00e4lter f\u00fcr \u00f6ffentliche Schwimmb\u00e4der ist glasfaserverst\u00e4rkt und mit einer UV-best\u00e4ndigen Schutzschicht versehen. Er verf\u00fcgt \u00fcber eine Filterplatte. Optional: seitliche Montage\u00f6ffnung und Schauglas. Eigenschaften: &#8211; Filterbetth\u00f6he: 1,2 m, &#8211; Durchmesser der Entleerungs\u00f6ffnung: 75 mm, &#8211; PVC-Verbindungsflansch, &#8211; optional ist eine Ausf\u00fchrung mit spezieller ozonbest\u00e4ndiger Beschichtung erh\u00e4ltlich, &#8211; 10 Jahre Garantie, &#8211; optional: 5-Wege-Steuerventil &hellip;<\/p>\n<p class=\"read-more\"> <a class=\" thunk-readmore button \" href=\"https:\/\/pool-house.shop\/de\/product\/baltico-o-1600-12-m-d125\/\"> <span class=\"screen-reader-text\">BALTICO \u00d8 1600 1,2 m D125<\/span>Weiterlesen<\/a><\/p>\n","protected":false},"featured_media":7274,"template":"","meta":[],"product_brand":[],"product_cat":[353,249],"product_tag":[],"class_list":{"0":"post-7272","1":"product","2":"type-product","3":"status-publish","4":"has-post-thumbnail","6":"product_cat-filteranlagen","7":"product_cat-filterkessel","8":"thunk-woo-product-list","9":"open-woo-hover-none","10":"open-single-product-tab-horizontal","11":"open-shadow-","12":"open-shadow-hover-","14":"first","15":"instock","16":"taxable","17":"shipping-taxable","18":"purchasable","19":"product-type-simple"},"yoast_head":"<!-- This site is optimized with the Yoast SEO plugin v26.9 - https:\/\/yoast.com\/product\/yoast-seo-wordpress\/ -->\n<title>BALTICO \u00d8 1600 1,2 m D125 - Pool-House<\/title>\n<meta name=\"robots\" content=\"index, follow, max-snippet:-1, max-image-preview:large, max-video-preview:-1\" \/>\n<link rel=\"canonical\" href=\"https:\/\/pool-house.shop\/de\/product\/baltico-o-1600-12-m-d125\/\" \/>\n<meta property=\"og:locale\" content=\"de_DE\" \/>\n<meta property=\"og:type\" content=\"article\" \/>\n<meta property=\"og:title\" content=\"BALTICO \u00d8 1600 1,2 m D125 - Pool-House\" \/>\n<meta property=\"og:description\" content=\"Baltico Filterbeh\u00e4lter Dieser Filterbeh\u00e4lter f\u00fcr \u00f6ffentliche Schwimmb\u00e4der ist glasfaserverst\u00e4rkt und mit einer UV-best\u00e4ndigen Schutzschicht versehen. Er verf\u00fcgt \u00fcber eine Filterplatte. Optional: seitliche Montage\u00f6ffnung und Schauglas. Eigenschaften: &#8211; Filterbetth\u00f6he: 1,2 m, &#8211; Durchmesser der Entleerungs\u00f6ffnung: 75 mm, &#8211; PVC-Verbindungsflansch, &#8211; optional ist eine Ausf\u00fchrung mit spezieller ozonbest\u00e4ndiger Beschichtung erh\u00e4ltlich, &#8211; 10 Jahre Garantie, &#8211; optional: 5-Wege-Steuerventil &hellip; BALTICO \u00d8 1600 1,2 m D125Weiterlesen\" \/>\n<meta property=\"og:url\" content=\"https:\/\/pool-house.shop\/de\/product\/baltico-o-1600-12-m-d125\/\" \/>\n<meta property=\"og:site_name\" content=\"Pool-House\" \/>\n<meta property=\"article:publisher\" content=\"https:\/\/www.facebook.com\/termodomsk\/\" \/>\n<meta property=\"og:image\" content=\"https:\/\/pool-house.shop\/wp-content\/uploads\/2025\/03\/037068.png\" \/>\n\t<meta property=\"og:image:width\" content=\"800\" \/>\n\t<meta property=\"og:image:height\" content=\"600\" \/>\n\t<meta property=\"og:image:type\" content=\"image\/png\" \/>\n<meta name=\"twitter:card\" content=\"summary_large_image\" \/>\n<meta name=\"twitter:label1\" content=\"Gesch\u00e4tzte Lesezeit\" \/>\n\t<meta name=\"twitter:data1\" content=\"1\u00a0Minute\" \/>\n<script type=\"application\/ld+json\" class=\"yoast-schema-graph\">{\"@context\":\"https:\/\/schema.org\",\"@graph\":[{\"@type\":\"WebPage\",\"@id\":\"https:\/\/pool-house.shop\/de\/product\/baltico-o-1600-12-m-d125\/\",\"url\":\"https:\/\/pool-house.shop\/de\/product\/baltico-o-1600-12-m-d125\/\",\"name\":\"BALTICO \u00d8 1600 1,2 m D125 - Pool-House\",\"isPartOf\":{\"@id\":\"https:\/\/pool-house.shop\/de\/#website\"},\"primaryImageOfPage\":{\"@id\":\"https:\/\/pool-house.shop\/de\/product\/baltico-o-1600-12-m-d125\/#primaryimage\"},\"image\":{\"@id\":\"https:\/\/pool-house.shop\/de\/product\/baltico-o-1600-12-m-d125\/#primaryimage\"},\"thumbnailUrl\":\"https:\/\/pool-house.shop\/wp-content\/uploads\/2025\/03\/037068.png\",\"datePublished\":\"2025-03-03T14:23:23+00:00\",\"breadcrumb\":{\"@id\":\"https:\/\/pool-house.shop\/de\/product\/baltico-o-1600-12-m-d125\/#breadcrumb\"},\"inLanguage\":\"de\",\"potentialAction\":[{\"@type\":\"ReadAction\",\"target\":[\"https:\/\/pool-house.shop\/de\/product\/baltico-o-1600-12-m-d125\/\"]}]},{\"@type\":\"ImageObject\",\"inLanguage\":\"de\",\"@id\":\"https:\/\/pool-house.shop\/de\/product\/baltico-o-1600-12-m-d125\/#primaryimage\",\"url\":\"https:\/\/pool-house.shop\/wp-content\/uploads\/2025\/03\/037068.png\",\"contentUrl\":\"https:\/\/pool-house.shop\/wp-content\/uploads\/2025\/03\/037068.png\",\"width\":800,\"height\":600},{\"@type\":\"BreadcrumbList\",\"@id\":\"https:\/\/pool-house.shop\/de\/product\/baltico-o-1600-12-m-d125\/#breadcrumb\",\"itemListElement\":[{\"@type\":\"ListItem\",\"position\":1,\"name\":\"Domovsk\u00e1 str\u00e1nka\",\"item\":\"https:\/\/pool-house.shop\/de\/\"},{\"@type\":\"ListItem\",\"position\":2,\"name\":\"Shop\",\"item\":\"https:\/\/pool-house.shop\/de\/shop\/\"},{\"@type\":\"ListItem\",\"position\":3,\"name\":\"BALTICO \u00d8 1600 1,2 m D125\"}]},{\"@type\":\"WebSite\",\"@id\":\"https:\/\/pool-house.shop\/de\/#website\",\"url\":\"https:\/\/pool-house.shop\/de\/\",\"name\":\"Pool-House\",\"description\":\"\",\"publisher\":{\"@id\":\"https:\/\/pool-house.shop\/de\/#organization\"},\"potentialAction\":[{\"@type\":\"SearchAction\",\"target\":{\"@type\":\"EntryPoint\",\"urlTemplate\":\"https:\/\/pool-house.shop\/de\/?s={search_term_string}\"},\"query-input\":{\"@type\":\"PropertyValueSpecification\",\"valueRequired\":true,\"valueName\":\"search_term_string\"}}],\"inLanguage\":\"de\"},{\"@type\":\"Organization\",\"@id\":\"https:\/\/pool-house.shop\/de\/#organization\",\"name\":\"Pool-House\",\"url\":\"https:\/\/pool-house.shop\/de\/\",\"logo\":{\"@type\":\"ImageObject\",\"inLanguage\":\"de\",\"@id\":\"https:\/\/pool-house.shop\/de\/#\/schema\/logo\/image\/\",\"url\":\"https:\/\/pool-house.shop\/wp-content\/uploads\/2025\/10\/logo-2-stvorec-mobil-modre.png\",\"contentUrl\":\"https:\/\/pool-house.shop\/wp-content\/uploads\/2025\/10\/logo-2-stvorec-mobil-modre.png\",\"width\":273,\"height\":189,\"caption\":\"Pool-House\"},\"image\":{\"@id\":\"https:\/\/pool-house.shop\/de\/#\/schema\/logo\/image\/\"},\"sameAs\":[\"https:\/\/www.facebook.com\/termodomsk\/\"]}]}<\/script>\n<!-- \/ Yoast SEO plugin. -->","yoast_head_json":{"title":"BALTICO \u00d8 1600 1,2 m D125 - Pool-House","robots":{"index":"index","follow":"follow","max-snippet":"max-snippet:-1","max-image-preview":"max-image-preview:large","max-video-preview":"max-video-preview:-1"},"canonical":"https:\/\/pool-house.shop\/de\/product\/baltico-o-1600-12-m-d125\/","og_locale":"de_DE","og_type":"article","og_title":"BALTICO \u00d8 1600 1,2 m D125 - Pool-House","og_description":"Baltico Filterbeh\u00e4lter Dieser Filterbeh\u00e4lter f\u00fcr \u00f6ffentliche Schwimmb\u00e4der ist glasfaserverst\u00e4rkt und mit einer UV-best\u00e4ndigen Schutzschicht versehen. Er verf\u00fcgt \u00fcber eine Filterplatte. Optional: seitliche Montage\u00f6ffnung und Schauglas. Eigenschaften: &#8211; Filterbetth\u00f6he: 1,2 m, &#8211; Durchmesser der Entleerungs\u00f6ffnung: 75 mm, &#8211; PVC-Verbindungsflansch, &#8211; optional ist eine Ausf\u00fchrung mit spezieller ozonbest\u00e4ndiger Beschichtung erh\u00e4ltlich, &#8211; 10 Jahre Garantie, &#8211; optional: 5-Wege-Steuerventil &hellip; BALTICO \u00d8 1600 1,2 m D125Weiterlesen","og_url":"https:\/\/pool-house.shop\/de\/product\/baltico-o-1600-12-m-d125\/","og_site_name":"Pool-House","article_publisher":"https:\/\/www.facebook.com\/termodomsk\/","og_image":[{"width":800,"height":600,"url":"https:\/\/pool-house.shop\/wp-content\/uploads\/2025\/03\/037068.png","type":"image\/png"}],"twitter_card":"summary_large_image","twitter_misc":{"Gesch\u00e4tzte Lesezeit":"1\u00a0Minute"},"schema":{"@context":"https:\/\/schema.org","@graph":[{"@type":"WebPage","@id":"https:\/\/pool-house.shop\/de\/product\/baltico-o-1600-12-m-d125\/","url":"https:\/\/pool-house.shop\/de\/product\/baltico-o-1600-12-m-d125\/","name":"BALTICO \u00d8 1600 1,2 m D125 - Pool-House","isPartOf":{"@id":"https:\/\/pool-house.shop\/de\/#website"},"primaryImageOfPage":{"@id":"https:\/\/pool-house.shop\/de\/product\/baltico-o-1600-12-m-d125\/#primaryimage"},"image":{"@id":"https:\/\/pool-house.shop\/de\/product\/baltico-o-1600-12-m-d125\/#primaryimage"},"thumbnailUrl":"https:\/\/pool-house.shop\/wp-content\/uploads\/2025\/03\/037068.png","datePublished":"2025-03-03T14:23:23+00:00","breadcrumb":{"@id":"https:\/\/pool-house.shop\/de\/product\/baltico-o-1600-12-m-d125\/#breadcrumb"},"inLanguage":"de","potentialAction":[{"@type":"ReadAction","target":["https:\/\/pool-house.shop\/de\/product\/baltico-o-1600-12-m-d125\/"]}]},{"@type":"ImageObject","inLanguage":"de","@id":"https:\/\/pool-house.shop\/de\/product\/baltico-o-1600-12-m-d125\/#primaryimage","url":"https:\/\/pool-house.shop\/wp-content\/uploads\/2025\/03\/037068.png","contentUrl":"https:\/\/pool-house.shop\/wp-content\/uploads\/2025\/03\/037068.png","width":800,"height":600},{"@type":"BreadcrumbList","@id":"https:\/\/pool-house.shop\/de\/product\/baltico-o-1600-12-m-d125\/#breadcrumb","itemListElement":[{"@type":"ListItem","position":1,"name":"Domovsk\u00e1 str\u00e1nka","item":"https:\/\/pool-house.shop\/de\/"},{"@type":"ListItem","position":2,"name":"Shop","item":"https:\/\/pool-house.shop\/de\/shop\/"},{"@type":"ListItem","position":3,"name":"BALTICO \u00d8 1600 1,2 m D125"}]},{"@type":"WebSite","@id":"https:\/\/pool-house.shop\/de\/#website","url":"https:\/\/pool-house.shop\/de\/","name":"Pool-House","description":"","publisher":{"@id":"https:\/\/pool-house.shop\/de\/#organization"},"potentialAction":[{"@type":"SearchAction","target":{"@type":"EntryPoint","urlTemplate":"https:\/\/pool-house.shop\/de\/?s={search_term_string}"},"query-input":{"@type":"PropertyValueSpecification","valueRequired":true,"valueName":"search_term_string"}}],"inLanguage":"de"},{"@type":"Organization","@id":"https:\/\/pool-house.shop\/de\/#organization","name":"Pool-House","url":"https:\/\/pool-house.shop\/de\/","logo":{"@type":"ImageObject","inLanguage":"de","@id":"https:\/\/pool-house.shop\/de\/#\/schema\/logo\/image\/","url":"https:\/\/pool-house.shop\/wp-content\/uploads\/2025\/10\/logo-2-stvorec-mobil-modre.png","contentUrl":"https:\/\/pool-house.shop\/wp-content\/uploads\/2025\/10\/logo-2-stvorec-mobil-modre.png","width":273,"height":189,"caption":"Pool-House"},"image":{"@id":"https:\/\/pool-house.shop\/de\/#\/schema\/logo\/image\/"},"sameAs":["https:\/\/www.facebook.com\/termodomsk\/"]}]}},"_links":{"self":[{"href":"https:\/\/pool-house.shop\/de\/wp-json\/wp\/v2\/product\/7272","targetHints":{"allow":["GET"]}}],"collection":[{"href":"https:\/\/pool-house.shop\/de\/wp-json\/wp\/v2\/product"}],"about":[{"href":"https:\/\/pool-house.shop\/de\/wp-json\/wp\/v2\/types\/product"}],"wp:featuredmedia":[{"embeddable":true,"href":"https:\/\/pool-house.shop\/de\/wp-json\/wp\/v2\/media\/7274"}],"wp:attachment":[{"href":"https:\/\/pool-house.shop\/de\/wp-json\/wp\/v2\/media?parent=7272"}],"wp:term":[{"taxonomy":"product_brand","embeddable":true,"href":"https:\/\/pool-house.shop\/de\/wp-json\/wp\/v2\/product_brand?post=7272"},{"taxonomy":"product_cat","embeddable":true,"href":"https:\/\/pool-house.shop\/de\/wp-json\/wp\/v2\/product_cat?post=7272"},{"taxonomy":"product_tag","embeddable":true,"href":"https:\/\/pool-house.shop\/de\/wp-json\/wp\/v2\/product_tag?post=7272"}],"curies":[{"name":"wp","href":"https:\/\/api.w.org\/{rel}","templated":true}]}}