{"id":7308,"date":"2025-03-03T15:19:34","date_gmt":"2025-03-03T14:19:34","guid":{"rendered":"https:\/\/pool-house.shop\/product\/fhb-1m-o630-1-1-2\/"},"modified":"2025-03-03T15:19:34","modified_gmt":"2025-03-03T14:19:34","slug":"fhb-1m-o630-1-1-2","status":"publish","type":"product","link":"https:\/\/pool-house.shop\/de\/product\/fhb-1m-o630-1-1-2\/","title":{"rendered":"FHB 1m \u00d8630 1 1\/2&#8243;"},"content":{"rendered":"<p>Filterbeh\u00e4lter FHB<\/p>\n<p> Filterbeh\u00e4lter aus laminiertem, glasfaserverst\u00e4rktem Polyester f\u00fcr \u00f6ffentliche Schwimmb\u00e4der, mit Schauglas und Trichter zur Wassersammlung. Zum Zubeh\u00f6r geh\u00f6ren ein Manometer und ein Entl\u00fcftungsventil. Das Filterbett ist mit Kollektorarmen ausgestattet.<br \/>\n Beh\u00e4lter sind auch f\u00fcr Betriebsdr\u00fccke von 4,0 und 6,0 kg\/cm\u00b2 erh\u00e4ltlich. Optional ist auch eine Ausf\u00fchrung mit Vinylester-Oberfl\u00e4chenbeschichtung f\u00fcr Ozonbest\u00e4ndigkeit und optional mit vergr\u00f6\u00dfertem Anschlussdurchmesser gem\u00e4\u00df der technischen Norm MSZ 15236:2013.<x id=\"gid_0\"><\/x> <x id=\"gid_1\"><\/x> Eigenschaften:<x id=\"gid_2\"><\/x> &#8211; Pr\u00fcfdruck: 3,5 kg\/cm\u00b2,<x id=\"gid_3\"><\/x> &#8211; Betriebsdruck: 2,5 kg\/cm\u00b2,<x id=\"gid_4\"><\/x> &#8211; Filtergeschwindigkeit: max. 50 m\u00b3\/Std.,<br \/>\n &#8211; obere \u00d6ffnung: \u00d8 200 mm,<br \/>\n &#8211; H\u00f6he des Filterbetts: 1.000 mm,<br \/>\n &#8211; seitliche \u00d6ffnung: \u00d8 200 mm,<br \/>\n &#8211; der Filterbeh\u00e4lter ist vom Amt des Obersten Hygienikers (OTH) zugelassen.<\/p>\n<p> Filterbeh\u00e4lter<br \/>\n Die Sauberkeit des Poolwassers kann durch dessen kontinuierliche Zirkulation und Filtration aufrechterhalten werden. In stehendem Wasser, das der Sonne ausgesetzt ist, vermehren sich leicht Algen und andere Verunreinigungen, die nicht nur das Aussehen des Wassers beeintr\u00e4chtigen, sondern auch ein Gesundheitsrisiko f\u00fcr Badende darstellen k\u00f6nnen.<br \/>\n Der Filterbeh\u00e4lter kann mithilfe der Zirkulationsanlage selbst feinste Verunreinigungen aus dem Wasser filtern, die im Filtermedium zur\u00fcckgehalten werden.<\/p>\n","protected":false},"excerpt":{"rendered":"<p>Filterbeh\u00e4lter FHB Filterbeh\u00e4lter aus laminiertem, glasfaserverst\u00e4rktem Polyester f\u00fcr \u00f6ffentliche Schwimmb\u00e4der, mit Schauglas und Trichter zur Wassersammlung. Zum Zubeh\u00f6r geh\u00f6ren ein Manometer und ein Entl\u00fcftungsventil. Das Filterbett ist mit Kollektorarmen ausgestattet. Beh\u00e4lter sind auch f\u00fcr Betriebsdr\u00fccke von 4,0 und 6,0 kg\/cm\u00b2 erh\u00e4ltlich. Optional ist auch eine Ausf\u00fchrung mit Vinylester-Oberfl\u00e4chenbeschichtung f\u00fcr Ozonbest\u00e4ndigkeit und optional mit vergr\u00f6\u00dfertem Anschlussdurchmesser &hellip;<\/p>\n<p class=\"read-more\"> <a class=\" thunk-readmore button \" href=\"https:\/\/pool-house.shop\/de\/product\/fhb-1m-o630-1-1-2\/\"> <span class=\"screen-reader-text\">FHB 1m \u00d8630 1 1\/2&#8243;<\/span>Weiterlesen<\/a><\/p>\n","protected":false},"featured_media":7310,"template":"","meta":[],"product_brand":[],"product_cat":[353,249],"product_tag":[],"class_list":{"0":"post-7308","1":"product","2":"type-product","3":"status-publish","4":"has-post-thumbnail","6":"product_cat-filteranlagen","7":"product_cat-filterkessel","8":"thunk-woo-product-list","9":"open-woo-hover-none","10":"open-single-product-tab-horizontal","11":"open-shadow-","12":"open-shadow-hover-","14":"first","15":"instock","16":"taxable","17":"shipping-taxable","18":"purchasable","19":"product-type-simple"},"yoast_head":"<!-- This site is optimized with the Yoast SEO plugin v26.9 - https:\/\/yoast.com\/product\/yoast-seo-wordpress\/ -->\n<title>FHB 1m \u00d8630 1 1\/2&quot; - Pool-House<\/title>\n<meta name=\"robots\" content=\"index, follow, max-snippet:-1, max-image-preview:large, max-video-preview:-1\" \/>\n<link rel=\"canonical\" href=\"https:\/\/pool-house.shop\/de\/product\/fhb-1m-o630-1-1-2\/\" \/>\n<meta property=\"og:locale\" content=\"de_DE\" \/>\n<meta property=\"og:type\" content=\"article\" \/>\n<meta property=\"og:title\" content=\"FHB 1m \u00d8630 1 1\/2&quot; - Pool-House\" \/>\n<meta property=\"og:description\" content=\"Filterbeh\u00e4lter FHB Filterbeh\u00e4lter aus laminiertem, glasfaserverst\u00e4rktem Polyester f\u00fcr \u00f6ffentliche Schwimmb\u00e4der, mit Schauglas und Trichter zur Wassersammlung. Zum Zubeh\u00f6r geh\u00f6ren ein Manometer und ein Entl\u00fcftungsventil. Das Filterbett ist mit Kollektorarmen ausgestattet. Beh\u00e4lter sind auch f\u00fcr Betriebsdr\u00fccke von 4,0 und 6,0 kg\/cm\u00b2 erh\u00e4ltlich. Optional ist auch eine Ausf\u00fchrung mit Vinylester-Oberfl\u00e4chenbeschichtung f\u00fcr Ozonbest\u00e4ndigkeit und optional mit vergr\u00f6\u00dfertem Anschlussdurchmesser &hellip; FHB 1m \u00d8630 1 1\/2&#8243;Weiterlesen\" \/>\n<meta property=\"og:url\" content=\"https:\/\/pool-house.shop\/de\/product\/fhb-1m-o630-1-1-2\/\" \/>\n<meta property=\"og:site_name\" content=\"Pool-House\" \/>\n<meta property=\"article:publisher\" content=\"https:\/\/www.facebook.com\/termodomsk\/\" \/>\n<meta property=\"og:image\" content=\"https:\/\/pool-house.shop\/wp-content\/uploads\/2025\/03\/031463.png\" \/>\n\t<meta property=\"og:image:width\" content=\"213\" \/>\n\t<meta property=\"og:image:height\" content=\"401\" \/>\n\t<meta property=\"og:image:type\" content=\"image\/png\" \/>\n<meta name=\"twitter:card\" content=\"summary_large_image\" \/>\n<meta name=\"twitter:label1\" content=\"Gesch\u00e4tzte Lesezeit\" \/>\n\t<meta name=\"twitter:data1\" content=\"1\u00a0Minute\" \/>\n<script type=\"application\/ld+json\" class=\"yoast-schema-graph\">{\"@context\":\"https:\/\/schema.org\",\"@graph\":[{\"@type\":\"WebPage\",\"@id\":\"https:\/\/pool-house.shop\/de\/product\/fhb-1m-o630-1-1-2\/\",\"url\":\"https:\/\/pool-house.shop\/de\/product\/fhb-1m-o630-1-1-2\/\",\"name\":\"FHB 1m \u00d8630 1 1\/2\\\" - Pool-House\",\"isPartOf\":{\"@id\":\"https:\/\/pool-house.shop\/de\/#website\"},\"primaryImageOfPage\":{\"@id\":\"https:\/\/pool-house.shop\/de\/product\/fhb-1m-o630-1-1-2\/#primaryimage\"},\"image\":{\"@id\":\"https:\/\/pool-house.shop\/de\/product\/fhb-1m-o630-1-1-2\/#primaryimage\"},\"thumbnailUrl\":\"https:\/\/pool-house.shop\/wp-content\/uploads\/2025\/03\/031463.png\",\"datePublished\":\"2025-03-03T14:19:34+00:00\",\"breadcrumb\":{\"@id\":\"https:\/\/pool-house.shop\/de\/product\/fhb-1m-o630-1-1-2\/#breadcrumb\"},\"inLanguage\":\"de\",\"potentialAction\":[{\"@type\":\"ReadAction\",\"target\":[\"https:\/\/pool-house.shop\/de\/product\/fhb-1m-o630-1-1-2\/\"]}]},{\"@type\":\"ImageObject\",\"inLanguage\":\"de\",\"@id\":\"https:\/\/pool-house.shop\/de\/product\/fhb-1m-o630-1-1-2\/#primaryimage\",\"url\":\"https:\/\/pool-house.shop\/wp-content\/uploads\/2025\/03\/031463.png\",\"contentUrl\":\"https:\/\/pool-house.shop\/wp-content\/uploads\/2025\/03\/031463.png\",\"width\":213,\"height\":401},{\"@type\":\"BreadcrumbList\",\"@id\":\"https:\/\/pool-house.shop\/de\/product\/fhb-1m-o630-1-1-2\/#breadcrumb\",\"itemListElement\":[{\"@type\":\"ListItem\",\"position\":1,\"name\":\"Domovsk\u00e1 str\u00e1nka\",\"item\":\"https:\/\/pool-house.shop\/de\/\"},{\"@type\":\"ListItem\",\"position\":2,\"name\":\"Shop\",\"item\":\"https:\/\/pool-house.shop\/de\/shop\/\"},{\"@type\":\"ListItem\",\"position\":3,\"name\":\"FHB 1m \u00d8630 1 1\/2&#8243;\"}]},{\"@type\":\"WebSite\",\"@id\":\"https:\/\/pool-house.shop\/de\/#website\",\"url\":\"https:\/\/pool-house.shop\/de\/\",\"name\":\"Pool-House\",\"description\":\"\",\"publisher\":{\"@id\":\"https:\/\/pool-house.shop\/de\/#organization\"},\"potentialAction\":[{\"@type\":\"SearchAction\",\"target\":{\"@type\":\"EntryPoint\",\"urlTemplate\":\"https:\/\/pool-house.shop\/de\/?s={search_term_string}\"},\"query-input\":{\"@type\":\"PropertyValueSpecification\",\"valueRequired\":true,\"valueName\":\"search_term_string\"}}],\"inLanguage\":\"de\"},{\"@type\":\"Organization\",\"@id\":\"https:\/\/pool-house.shop\/de\/#organization\",\"name\":\"Pool-House\",\"url\":\"https:\/\/pool-house.shop\/de\/\",\"logo\":{\"@type\":\"ImageObject\",\"inLanguage\":\"de\",\"@id\":\"https:\/\/pool-house.shop\/de\/#\/schema\/logo\/image\/\",\"url\":\"https:\/\/pool-house.shop\/wp-content\/uploads\/2025\/10\/logo-2-stvorec-mobil-modre.png\",\"contentUrl\":\"https:\/\/pool-house.shop\/wp-content\/uploads\/2025\/10\/logo-2-stvorec-mobil-modre.png\",\"width\":273,\"height\":189,\"caption\":\"Pool-House\"},\"image\":{\"@id\":\"https:\/\/pool-house.shop\/de\/#\/schema\/logo\/image\/\"},\"sameAs\":[\"https:\/\/www.facebook.com\/termodomsk\/\"]}]}<\/script>\n<!-- \/ Yoast SEO plugin. -->","yoast_head_json":{"title":"FHB 1m \u00d8630 1 1\/2\" - Pool-House","robots":{"index":"index","follow":"follow","max-snippet":"max-snippet:-1","max-image-preview":"max-image-preview:large","max-video-preview":"max-video-preview:-1"},"canonical":"https:\/\/pool-house.shop\/de\/product\/fhb-1m-o630-1-1-2\/","og_locale":"de_DE","og_type":"article","og_title":"FHB 1m \u00d8630 1 1\/2\" - Pool-House","og_description":"Filterbeh\u00e4lter FHB Filterbeh\u00e4lter aus laminiertem, glasfaserverst\u00e4rktem Polyester f\u00fcr \u00f6ffentliche Schwimmb\u00e4der, mit Schauglas und Trichter zur Wassersammlung. Zum Zubeh\u00f6r geh\u00f6ren ein Manometer und ein Entl\u00fcftungsventil. Das Filterbett ist mit Kollektorarmen ausgestattet. Beh\u00e4lter sind auch f\u00fcr Betriebsdr\u00fccke von 4,0 und 6,0 kg\/cm\u00b2 erh\u00e4ltlich. Optional ist auch eine Ausf\u00fchrung mit Vinylester-Oberfl\u00e4chenbeschichtung f\u00fcr Ozonbest\u00e4ndigkeit und optional mit vergr\u00f6\u00dfertem Anschlussdurchmesser &hellip; FHB 1m \u00d8630 1 1\/2&#8243;Weiterlesen","og_url":"https:\/\/pool-house.shop\/de\/product\/fhb-1m-o630-1-1-2\/","og_site_name":"Pool-House","article_publisher":"https:\/\/www.facebook.com\/termodomsk\/","og_image":[{"width":213,"height":401,"url":"https:\/\/pool-house.shop\/wp-content\/uploads\/2025\/03\/031463.png","type":"image\/png"}],"twitter_card":"summary_large_image","twitter_misc":{"Gesch\u00e4tzte Lesezeit":"1\u00a0Minute"},"schema":{"@context":"https:\/\/schema.org","@graph":[{"@type":"WebPage","@id":"https:\/\/pool-house.shop\/de\/product\/fhb-1m-o630-1-1-2\/","url":"https:\/\/pool-house.shop\/de\/product\/fhb-1m-o630-1-1-2\/","name":"FHB 1m \u00d8630 1 1\/2\" - Pool-House","isPartOf":{"@id":"https:\/\/pool-house.shop\/de\/#website"},"primaryImageOfPage":{"@id":"https:\/\/pool-house.shop\/de\/product\/fhb-1m-o630-1-1-2\/#primaryimage"},"image":{"@id":"https:\/\/pool-house.shop\/de\/product\/fhb-1m-o630-1-1-2\/#primaryimage"},"thumbnailUrl":"https:\/\/pool-house.shop\/wp-content\/uploads\/2025\/03\/031463.png","datePublished":"2025-03-03T14:19:34+00:00","breadcrumb":{"@id":"https:\/\/pool-house.shop\/de\/product\/fhb-1m-o630-1-1-2\/#breadcrumb"},"inLanguage":"de","potentialAction":[{"@type":"ReadAction","target":["https:\/\/pool-house.shop\/de\/product\/fhb-1m-o630-1-1-2\/"]}]},{"@type":"ImageObject","inLanguage":"de","@id":"https:\/\/pool-house.shop\/de\/product\/fhb-1m-o630-1-1-2\/#primaryimage","url":"https:\/\/pool-house.shop\/wp-content\/uploads\/2025\/03\/031463.png","contentUrl":"https:\/\/pool-house.shop\/wp-content\/uploads\/2025\/03\/031463.png","width":213,"height":401},{"@type":"BreadcrumbList","@id":"https:\/\/pool-house.shop\/de\/product\/fhb-1m-o630-1-1-2\/#breadcrumb","itemListElement":[{"@type":"ListItem","position":1,"name":"Domovsk\u00e1 str\u00e1nka","item":"https:\/\/pool-house.shop\/de\/"},{"@type":"ListItem","position":2,"name":"Shop","item":"https:\/\/pool-house.shop\/de\/shop\/"},{"@type":"ListItem","position":3,"name":"FHB 1m \u00d8630 1 1\/2&#8243;"}]},{"@type":"WebSite","@id":"https:\/\/pool-house.shop\/de\/#website","url":"https:\/\/pool-house.shop\/de\/","name":"Pool-House","description":"","publisher":{"@id":"https:\/\/pool-house.shop\/de\/#organization"},"potentialAction":[{"@type":"SearchAction","target":{"@type":"EntryPoint","urlTemplate":"https:\/\/pool-house.shop\/de\/?s={search_term_string}"},"query-input":{"@type":"PropertyValueSpecification","valueRequired":true,"valueName":"search_term_string"}}],"inLanguage":"de"},{"@type":"Organization","@id":"https:\/\/pool-house.shop\/de\/#organization","name":"Pool-House","url":"https:\/\/pool-house.shop\/de\/","logo":{"@type":"ImageObject","inLanguage":"de","@id":"https:\/\/pool-house.shop\/de\/#\/schema\/logo\/image\/","url":"https:\/\/pool-house.shop\/wp-content\/uploads\/2025\/10\/logo-2-stvorec-mobil-modre.png","contentUrl":"https:\/\/pool-house.shop\/wp-content\/uploads\/2025\/10\/logo-2-stvorec-mobil-modre.png","width":273,"height":189,"caption":"Pool-House"},"image":{"@id":"https:\/\/pool-house.shop\/de\/#\/schema\/logo\/image\/"},"sameAs":["https:\/\/www.facebook.com\/termodomsk\/"]}]}},"_links":{"self":[{"href":"https:\/\/pool-house.shop\/de\/wp-json\/wp\/v2\/product\/7308","targetHints":{"allow":["GET"]}}],"collection":[{"href":"https:\/\/pool-house.shop\/de\/wp-json\/wp\/v2\/product"}],"about":[{"href":"https:\/\/pool-house.shop\/de\/wp-json\/wp\/v2\/types\/product"}],"wp:featuredmedia":[{"embeddable":true,"href":"https:\/\/pool-house.shop\/de\/wp-json\/wp\/v2\/media\/7310"}],"wp:attachment":[{"href":"https:\/\/pool-house.shop\/de\/wp-json\/wp\/v2\/media?parent=7308"}],"wp:term":[{"taxonomy":"product_brand","embeddable":true,"href":"https:\/\/pool-house.shop\/de\/wp-json\/wp\/v2\/product_brand?post=7308"},{"taxonomy":"product_cat","embeddable":true,"href":"https:\/\/pool-house.shop\/de\/wp-json\/wp\/v2\/product_cat?post=7308"},{"taxonomy":"product_tag","embeddable":true,"href":"https:\/\/pool-house.shop\/de\/wp-json\/wp\/v2\/product_tag?post=7308"}],"curies":[{"name":"wp","href":"https:\/\/api.w.org\/{rel}","templated":true}]}}