{"id":7328,"date":"2025-03-23T23:53:59","date_gmt":"2025-03-23T22:53:59","guid":{"rendered":"https:\/\/pool-house.shop\/product\/filteranlage-balaton-side-500-optima-50m\/"},"modified":"2025-03-23T23:53:59","modified_gmt":"2025-03-23T22:53:59","slug":"filteranlage-balaton-side-500-optima-50m","status":"publish","type":"product","link":"https:\/\/pool-house.shop\/de\/product\/filteranlage-balaton-side-500-optima-50m\/","title":{"rendered":"Filteranlage Balaton Side 500 Optima 50M"},"content":{"rendered":"<p>Filteranlage Balaton Side &#8211; Optima<\/p>\n<p> Selbstansaugende Pumpe Saci Optima mit Filterbeh\u00e4lter Typ Balaton Side. Eine komplette und kosteng\u00fcnstige L\u00f6sung mit einfacher Installationsm\u00f6glichkeit f\u00fcr kleine bis mittelgro\u00dfe Pools.<br \/>\n Das Set enth\u00e4lt eine zuverl\u00e4ssige und langlebige Pumpe sowie die f\u00fcr Montage und optimalen Betrieb erforderlichen Komponenten. <\/p>\n<p> Filteranlagen<br \/>\n Sandfiltersysteme sind so konzipiert und installiert, dass sie eine ideale Kombination aus Energieeffizienz und au\u00dfergew\u00f6hnlicher Wasserreinheit bieten. Eine breite Palette an Filteranlagen, Pumpen und Zubeh\u00f6r erm\u00f6glicht die Auswahl des Systems, das am besten zum jeweiligen Pool passt. Die Filtersysteme sind so konzipiert, dass sie schnell montiert werden k\u00f6nnen und die Komponenten koordiniert funktionieren. Die Leistung der Pumpen und Filteranlagen ist f\u00fcr maximalen Durchfluss und Energieeffizienz aufeinander abgestimmt.<br \/>\n Die Filteranlagen sind aus Polypropylen gefertigt und gew\u00e4hrleisten eine lange Lebensdauer.<\/p>\n<p> Pumpe Saci Optima<br \/>\n Die Pumpe verf\u00fcgt \u00fcber einen gro\u00dfen Filterkorb mit einem transparenten Polycarbonatdeckel, der eine einfache Kontrolle der Verschmutzung des Filterkorbs erm\u00f6glicht. Alle Motorteile sind vollst\u00e4ndig isoliert, ohne die M\u00f6glichkeit des Kontakts mit Wasser. Geh\u00e4use und Laufrad sind aus glasfaserverst\u00e4rktem Polypropylen gefertigt, das Poolchemikalien widersteht und eine lange Lebensdauer garantiert.<br \/>\n Dank der mechanischen Kohle-Keramik-Dichtung und der Dichtung aus Edelstahl (AISI-316) sowie der Welle aus Edelstahl AISI 316 ist die Pumpe besonders gut f\u00fcr den Betrieb mit Salzwasser geeignet.<br \/>\n Anschluss: 1\u00bd&#8220; Innengewinde oder Klebeverschraubung D50 mm. Die Pumpe ist vom Amt des Obersten Hygienikers (OTH) zugelassen.<x id=\"gid_0\"><\/x> <x id=\"gid_1\"><\/x> Filterbeh\u00e4lter Balaton<x id=\"gid_2\"><\/x> Dieser Filterbeh\u00e4lter wird im Spritzgussverfahren aus 100 % Polypropylen hergestellt. Er ist f\u00fcr private Pools bestimmt und verf\u00fcgt \u00fcber ein Peraqua-Steuerventil. <x id=\"gid_3\"><\/x> Exklusive und einzigartige Konstruktion, hergestellt mit der neuesten Spritzgusstechnologie unter Verwendung von erstklassigem Polypropylen in Lebensmittelqualit\u00e4t, das maximale Qualit\u00e4t, Zuverl\u00e4ssigkeit und Leistung garantiert.<x id=\"gid_4\"><\/x> <x id=\"gid_5\"><\/x> Eigenschaften:<x id=\"gid_6\"><\/x> &#8211; Geh\u00e4use und Sockel aus 100 % Polypropylen, <x id=\"gid_7\"><\/x> &#8211; Arbeitsdruck: max. 2,5 bar, <x id=\"gid_8\"><\/x> &#8211; exklusives Design, <x id=\"gid_9\"><\/x> &#8211; einfache Installation, <x id=\"gid_10\"><\/x> &#8211; hohe Best\u00e4ndigkeit gegen jede Belastung,<x id=\"gid_11\"><\/x> &#8211; ausgestattet mit Peraqua-Ventil, <x id=\"gid_12\"><\/x> &#8211; transparenter Beh\u00e4lterdeckel.   <\/p>\n","protected":false},"excerpt":{"rendered":"<p>Filteranlage Balaton Side &#8211; Optima<\/p>\n<p> Selbstansaugende Pumpe Saci Optima mit Filterbeh\u00e4lter Typ Balaton Side. Eine komplette und kosteng\u00fcnstige L\u00f6sung mit einfacher Installationsm\u00f6glichkeit f\u00fcr kleine bis mittelgro\u00dfe Pools.<br \/>\n Das Set enth\u00e4lt eine zuverl\u00e4ssige und langlebige Pumpe sowie die f\u00fcr Montage und optimalen Betrieb erforderlichen Komponenten. <\/p>\n<p> Filteranlagen<br \/>\n Sandfiltersysteme sind so konzipiert und installiert, dass sie eine ideale Kombination aus Energieeffizienz und au\u00dfergew\u00f6hnlicher Wasserreinheit bieten. Eine breite Palette an Filteranlagen, Pumpen und Zubeh\u00f6r erm\u00f6glicht die Auswahl des Systems, das am besten zum jeweiligen Pool passt. Die Filtersysteme sind so konzipiert, dass sie schnell montiert werden k\u00f6nnen und die Komponenten koordiniert funktionieren. Die Leistung der Pumpen und Filteranlagen ist f\u00fcr maximalen Durchfluss und Energieeffizienz aufeinander abgestimmt.<br \/>\n Die Filteranlagen sind aus Polypropylen gefertigt und gew\u00e4hrleisten eine lange Lebensdauer.<\/p>\n<p> Pumpe Saci Optima<br \/>\n Die Pumpe verf\u00fcgt \u00fcber einen gro\u00dfen Filterkorb mit einem transparenten Polycarbonatdeckel, der eine einfache Kontrolle der Verschmutzung des Filterkorbs erm\u00f6glicht. Alle Motorteile sind vollst\u00e4ndig isoliert, ohne die M\u00f6glichkeit des Kontakts mit Wasser. Geh\u00e4use und Laufrad sind aus glasfaserverst\u00e4rktem Polypropylen gefertigt, das Poolchemikalien widersteht und eine lange Lebensdauer garantiert.<br \/>\n Dank der mechanischen Kohle-Keramik-Dichtung und der Dichtung aus Edelstahl (AISI-316) sowie der Welle aus Edelstahl AISI 316 ist die Pumpe besonders gut f\u00fcr den Betrieb mit Salzwasser geeignet.<br \/>\n Anschluss: 1\u00bd&#8220; Innengewinde oder Klebeverschraubung D50 mm. Die Pumpe ist vom Amt des Obersten Hygienikers (OTH) zugelassen.<x id=\"gid_0\"><\/x> <x id=\"gid_1\"><\/x> Filterbeh\u00e4lter Balaton<x id=\"gid_2\"><\/x> Dieser Filterbeh\u00e4lter wird im Spritzgussverfahren aus 100 % Polypropylen hergestellt. Er ist f\u00fcr private Pools bestimmt und verf\u00fcgt \u00fcber ein Peraqua-Steuerventil. <x id=\"gid_3\"><\/x> Exklusive und einzigartige Konstruktion, hergestellt mit der neuesten Spritzgusstechnologie unter Verwendung von erstklassigem Polypropylen in Lebensmittelqualit\u00e4t, das maximale Qualit\u00e4t, Zuverl\u00e4ssigkeit und Leistung garantiert.<x id=\"gid_4\"><\/x> <x id=\"gid_5\"><\/x> Eigenschaften:<x id=\"gid_6\"><\/x> &#8211; Geh\u00e4use und Sockel aus 100 % Polypropylen, <x id=\"gid_7\"><\/x> &#8211; Arbeitsdruck: max. 2,5 bar,<br \/>\n &#8211; exklusives Design,<br \/>\n &#8211; einfache Installation,<br \/>\n &#8211; hohe Best\u00e4ndigkeit gegen jede Belastung,<br \/>\n &#8211; ausgestattet mit Peraqua-Ventil,<br \/>\n &#8211; transparenter Beh\u00e4lterdeckel.   <\/p>\n","protected":false},"featured_media":7329,"template":"","meta":[],"product_brand":[],"product_cat":[353,251],"product_tag":[252],"class_list":{"0":"post-7328","1":"product","2":"type-product","3":"status-publish","4":"has-post-thumbnail","6":"product_cat-filteranlagen","7":"product_cat-filtersets","8":"product_tag-filtersets","9":"thunk-woo-product-list","10":"open-woo-hover-none","11":"open-single-product-tab-horizontal","12":"open-shadow-","13":"open-shadow-hover-","15":"first","16":"instock","17":"taxable","18":"shipping-taxable","19":"purchasable","20":"product-type-simple"},"yoast_head":"<!-- This site is optimized with the Yoast SEO plugin v26.9 - https:\/\/yoast.com\/product\/yoast-seo-wordpress\/ -->\n<title>Filteranlage Balaton Side 500 Optima 50M - Pool-House<\/title>\n<meta name=\"robots\" content=\"index, follow, max-snippet:-1, max-image-preview:large, max-video-preview:-1\" \/>\n<link rel=\"canonical\" href=\"https:\/\/pool-house.shop\/de\/product\/filteranlage-balaton-side-500-optima-50m\/\" \/>\n<meta property=\"og:locale\" content=\"de_DE\" \/>\n<meta property=\"og:type\" content=\"article\" \/>\n<meta property=\"og:title\" content=\"Filteranlage Balaton Side 500 Optima 50M - Pool-House\" \/>\n<meta property=\"og:description\" content=\"Filteranlage Balaton Side - Optima  Selbstansaugende Pumpe Saci Optima mit Filterbeh\u00e4lter Typ Balaton Side. Eine komplette und kosteng\u00fcnstige L\u00f6sung mit einfacher Installationsm\u00f6glichkeit f\u00fcr kleine bis mittelgro\u00dfe Pools.  Das Set enth\u00e4lt eine zuverl\u00e4ssige und langlebige Pumpe sowie die f\u00fcr Montage und optimalen Betrieb erforderlichen Komponenten.   Filteranlagen  Sandfiltersysteme sind so konzipiert und installiert, dass sie eine ideale Kombination aus Energieeffizienz und au\u00dfergew\u00f6hnlicher Wasserreinheit bieten. Eine breite Palette an Filteranlagen, Pumpen und Zubeh\u00f6r erm\u00f6glicht die Auswahl des Systems, das am besten zum jeweiligen Pool passt. Die Filtersysteme sind so konzipiert, dass sie schnell montiert werden k\u00f6nnen und die Komponenten koordiniert funktionieren. Die Leistung der Pumpen und Filteranlagen ist f\u00fcr maximalen Durchfluss und Energieeffizienz aufeinander abgestimmt.  Die Filteranlagen sind aus Polypropylen gefertigt und gew\u00e4hrleisten eine lange Lebensdauer.  Pumpe Saci Optima Die Pumpe verf\u00fcgt \u00fcber einen gro\u00dfen Filterkorb mit einem transparenten Polycarbonatdeckel, der eine einfache Kontrolle der Verschmutzung des Filterkorbs erm\u00f6glicht. Alle Motorteile sind vollst\u00e4ndig isoliert, ohne die M\u00f6glichkeit des Kontakts mit Wasser. Geh\u00e4use und Laufrad sind aus glasfaserverst\u00e4rktem Polypropylen gefertigt, das Poolchemikalien widersteht und eine lange Lebensdauer garantiert.    Dank der mechanischen Kohle-Keramik-Dichtung und der Dichtung aus Edelstahl (AISI-316) sowie der Welle aus Edelstahl AISI 316 ist die Pumpe besonders gut f\u00fcr den Betrieb mit Salzwasser geeignet.  Anschluss: 1\u00bd&quot; Innengewinde oder Klebeverschraubung D50 mm. Die Pumpe ist vom Amt des Obersten Hygienikers (OTH) zugelassen. Filterbeh\u00e4lter Balaton Dieser Filterbeh\u00e4lter wird im Spritzgussverfahren aus 100 % Polypropylen hergestellt. Er ist f\u00fcr private Pools bestimmt und verf\u00fcgt \u00fcber ein Peraqua-Steuerventil. Exklusive und einzigartige Konstruktion, hergestellt mit der neuesten Spritzgusstechnologie unter Verwendung von erstklassigem Polypropylen in Lebensmittelqualit\u00e4t, das maximale Qualit\u00e4t, Zuverl\u00e4ssigkeit und Leistung garantiert. Eigenschaften: - Geh\u00e4use und Sockel aus 100 % Polypropylen, - Arbeitsdruck: max. 2,5 bar,  - exklusives Design,  - einfache Installation,  - hohe Best\u00e4ndigkeit gegen jede Belastung, - ausgestattet mit Peraqua-Ventil,  - transparenter Beh\u00e4lterdeckel.\" \/>\n<meta property=\"og:url\" content=\"https:\/\/pool-house.shop\/de\/product\/filteranlage-balaton-side-500-optima-50m\/\" \/>\n<meta property=\"og:site_name\" content=\"Pool-House\" \/>\n<meta property=\"article:publisher\" content=\"https:\/\/www.facebook.com\/termodomsk\/\" \/>\n<meta property=\"og:image\" content=\"https:\/\/pool-house.shop\/wp-content\/uploads\/2025\/03\/045210.png\" \/>\n\t<meta property=\"og:image:width\" content=\"1200\" \/>\n\t<meta property=\"og:image:height\" content=\"1200\" \/>\n\t<meta property=\"og:image:type\" content=\"image\/png\" \/>\n<meta name=\"twitter:card\" content=\"summary_large_image\" \/>\n<meta name=\"twitter:label1\" content=\"Gesch\u00e4tzte Lesezeit\" \/>\n\t<meta name=\"twitter:data1\" content=\"2\u00a0Minuten\" \/>\n<script type=\"application\/ld+json\" class=\"yoast-schema-graph\">{\"@context\":\"https:\/\/schema.org\",\"@graph\":[{\"@type\":\"WebPage\",\"@id\":\"https:\/\/pool-house.shop\/de\/product\/filteranlage-balaton-side-500-optima-50m\/\",\"url\":\"https:\/\/pool-house.shop\/de\/product\/filteranlage-balaton-side-500-optima-50m\/\",\"name\":\"Filteranlage Balaton Side 500 Optima 50M - Pool-House\",\"isPartOf\":{\"@id\":\"https:\/\/pool-house.shop\/de\/#website\"},\"primaryImageOfPage\":{\"@id\":\"https:\/\/pool-house.shop\/de\/product\/filteranlage-balaton-side-500-optima-50m\/#primaryimage\"},\"image\":{\"@id\":\"https:\/\/pool-house.shop\/de\/product\/filteranlage-balaton-side-500-optima-50m\/#primaryimage\"},\"thumbnailUrl\":\"https:\/\/pool-house.shop\/wp-content\/uploads\/2025\/03\/045210.png\",\"datePublished\":\"2025-03-23T22:53:59+00:00\",\"breadcrumb\":{\"@id\":\"https:\/\/pool-house.shop\/de\/product\/filteranlage-balaton-side-500-optima-50m\/#breadcrumb\"},\"inLanguage\":\"de\",\"potentialAction\":[{\"@type\":\"ReadAction\",\"target\":[\"https:\/\/pool-house.shop\/de\/product\/filteranlage-balaton-side-500-optima-50m\/\"]}]},{\"@type\":\"ImageObject\",\"inLanguage\":\"de\",\"@id\":\"https:\/\/pool-house.shop\/de\/product\/filteranlage-balaton-side-500-optima-50m\/#primaryimage\",\"url\":\"https:\/\/pool-house.shop\/wp-content\/uploads\/2025\/03\/045210.png\",\"contentUrl\":\"https:\/\/pool-house.shop\/wp-content\/uploads\/2025\/03\/045210.png\",\"width\":1200,\"height\":1200},{\"@type\":\"BreadcrumbList\",\"@id\":\"https:\/\/pool-house.shop\/de\/product\/filteranlage-balaton-side-500-optima-50m\/#breadcrumb\",\"itemListElement\":[{\"@type\":\"ListItem\",\"position\":1,\"name\":\"Domovsk\u00e1 str\u00e1nka\",\"item\":\"https:\/\/pool-house.shop\/de\/\"},{\"@type\":\"ListItem\",\"position\":2,\"name\":\"Shop\",\"item\":\"https:\/\/pool-house.shop\/de\/shop\/\"},{\"@type\":\"ListItem\",\"position\":3,\"name\":\"Filteranlage Balaton Side 500 Optima 50M\"}]},{\"@type\":\"WebSite\",\"@id\":\"https:\/\/pool-house.shop\/de\/#website\",\"url\":\"https:\/\/pool-house.shop\/de\/\",\"name\":\"Pool-House\",\"description\":\"\",\"publisher\":{\"@id\":\"https:\/\/pool-house.shop\/de\/#organization\"},\"potentialAction\":[{\"@type\":\"SearchAction\",\"target\":{\"@type\":\"EntryPoint\",\"urlTemplate\":\"https:\/\/pool-house.shop\/de\/?s={search_term_string}\"},\"query-input\":{\"@type\":\"PropertyValueSpecification\",\"valueRequired\":true,\"valueName\":\"search_term_string\"}}],\"inLanguage\":\"de\"},{\"@type\":\"Organization\",\"@id\":\"https:\/\/pool-house.shop\/de\/#organization\",\"name\":\"Pool-House\",\"url\":\"https:\/\/pool-house.shop\/de\/\",\"logo\":{\"@type\":\"ImageObject\",\"inLanguage\":\"de\",\"@id\":\"https:\/\/pool-house.shop\/de\/#\/schema\/logo\/image\/\",\"url\":\"https:\/\/pool-house.shop\/wp-content\/uploads\/2025\/10\/logo-2-stvorec-mobil-modre.png\",\"contentUrl\":\"https:\/\/pool-house.shop\/wp-content\/uploads\/2025\/10\/logo-2-stvorec-mobil-modre.png\",\"width\":273,\"height\":189,\"caption\":\"Pool-House\"},\"image\":{\"@id\":\"https:\/\/pool-house.shop\/de\/#\/schema\/logo\/image\/\"},\"sameAs\":[\"https:\/\/www.facebook.com\/termodomsk\/\"]}]}<\/script>\n<!-- \/ Yoast SEO plugin. -->","yoast_head_json":{"title":"Filteranlage Balaton Side 500 Optima 50M - Pool-House","robots":{"index":"index","follow":"follow","max-snippet":"max-snippet:-1","max-image-preview":"max-image-preview:large","max-video-preview":"max-video-preview:-1"},"canonical":"https:\/\/pool-house.shop\/de\/product\/filteranlage-balaton-side-500-optima-50m\/","og_locale":"de_DE","og_type":"article","og_title":"Filteranlage Balaton Side 500 Optima 50M - Pool-House","og_description":"Filteranlage Balaton Side - Optima  Selbstansaugende Pumpe Saci Optima mit Filterbeh\u00e4lter Typ Balaton Side. Eine komplette und kosteng\u00fcnstige L\u00f6sung mit einfacher Installationsm\u00f6glichkeit f\u00fcr kleine bis mittelgro\u00dfe Pools.  Das Set enth\u00e4lt eine zuverl\u00e4ssige und langlebige Pumpe sowie die f\u00fcr Montage und optimalen Betrieb erforderlichen Komponenten.   Filteranlagen  Sandfiltersysteme sind so konzipiert und installiert, dass sie eine ideale Kombination aus Energieeffizienz und au\u00dfergew\u00f6hnlicher Wasserreinheit bieten. Eine breite Palette an Filteranlagen, Pumpen und Zubeh\u00f6r erm\u00f6glicht die Auswahl des Systems, das am besten zum jeweiligen Pool passt. Die Filtersysteme sind so konzipiert, dass sie schnell montiert werden k\u00f6nnen und die Komponenten koordiniert funktionieren. Die Leistung der Pumpen und Filteranlagen ist f\u00fcr maximalen Durchfluss und Energieeffizienz aufeinander abgestimmt.  Die Filteranlagen sind aus Polypropylen gefertigt und gew\u00e4hrleisten eine lange Lebensdauer.  Pumpe Saci Optima Die Pumpe verf\u00fcgt \u00fcber einen gro\u00dfen Filterkorb mit einem transparenten Polycarbonatdeckel, der eine einfache Kontrolle der Verschmutzung des Filterkorbs erm\u00f6glicht. Alle Motorteile sind vollst\u00e4ndig isoliert, ohne die M\u00f6glichkeit des Kontakts mit Wasser. Geh\u00e4use und Laufrad sind aus glasfaserverst\u00e4rktem Polypropylen gefertigt, das Poolchemikalien widersteht und eine lange Lebensdauer garantiert.    Dank der mechanischen Kohle-Keramik-Dichtung und der Dichtung aus Edelstahl (AISI-316) sowie der Welle aus Edelstahl AISI 316 ist die Pumpe besonders gut f\u00fcr den Betrieb mit Salzwasser geeignet.  Anschluss: 1\u00bd\" Innengewinde oder Klebeverschraubung D50 mm. Die Pumpe ist vom Amt des Obersten Hygienikers (OTH) zugelassen. Filterbeh\u00e4lter Balaton Dieser Filterbeh\u00e4lter wird im Spritzgussverfahren aus 100 % Polypropylen hergestellt. Er ist f\u00fcr private Pools bestimmt und verf\u00fcgt \u00fcber ein Peraqua-Steuerventil. Exklusive und einzigartige Konstruktion, hergestellt mit der neuesten Spritzgusstechnologie unter Verwendung von erstklassigem Polypropylen in Lebensmittelqualit\u00e4t, das maximale Qualit\u00e4t, Zuverl\u00e4ssigkeit und Leistung garantiert. Eigenschaften: - Geh\u00e4use und Sockel aus 100 % Polypropylen, - Arbeitsdruck: max. 2,5 bar,  - exklusives Design,  - einfache Installation,  - hohe Best\u00e4ndigkeit gegen jede Belastung, - ausgestattet mit Peraqua-Ventil,  - transparenter Beh\u00e4lterdeckel.","og_url":"https:\/\/pool-house.shop\/de\/product\/filteranlage-balaton-side-500-optima-50m\/","og_site_name":"Pool-House","article_publisher":"https:\/\/www.facebook.com\/termodomsk\/","og_image":[{"width":1200,"height":1200,"url":"https:\/\/pool-house.shop\/wp-content\/uploads\/2025\/03\/045210.png","type":"image\/png"}],"twitter_card":"summary_large_image","twitter_misc":{"Gesch\u00e4tzte Lesezeit":"2\u00a0Minuten"},"schema":{"@context":"https:\/\/schema.org","@graph":[{"@type":"WebPage","@id":"https:\/\/pool-house.shop\/de\/product\/filteranlage-balaton-side-500-optima-50m\/","url":"https:\/\/pool-house.shop\/de\/product\/filteranlage-balaton-side-500-optima-50m\/","name":"Filteranlage Balaton Side 500 Optima 50M - Pool-House","isPartOf":{"@id":"https:\/\/pool-house.shop\/de\/#website"},"primaryImageOfPage":{"@id":"https:\/\/pool-house.shop\/de\/product\/filteranlage-balaton-side-500-optima-50m\/#primaryimage"},"image":{"@id":"https:\/\/pool-house.shop\/de\/product\/filteranlage-balaton-side-500-optima-50m\/#primaryimage"},"thumbnailUrl":"https:\/\/pool-house.shop\/wp-content\/uploads\/2025\/03\/045210.png","datePublished":"2025-03-23T22:53:59+00:00","breadcrumb":{"@id":"https:\/\/pool-house.shop\/de\/product\/filteranlage-balaton-side-500-optima-50m\/#breadcrumb"},"inLanguage":"de","potentialAction":[{"@type":"ReadAction","target":["https:\/\/pool-house.shop\/de\/product\/filteranlage-balaton-side-500-optima-50m\/"]}]},{"@type":"ImageObject","inLanguage":"de","@id":"https:\/\/pool-house.shop\/de\/product\/filteranlage-balaton-side-500-optima-50m\/#primaryimage","url":"https:\/\/pool-house.shop\/wp-content\/uploads\/2025\/03\/045210.png","contentUrl":"https:\/\/pool-house.shop\/wp-content\/uploads\/2025\/03\/045210.png","width":1200,"height":1200},{"@type":"BreadcrumbList","@id":"https:\/\/pool-house.shop\/de\/product\/filteranlage-balaton-side-500-optima-50m\/#breadcrumb","itemListElement":[{"@type":"ListItem","position":1,"name":"Domovsk\u00e1 str\u00e1nka","item":"https:\/\/pool-house.shop\/de\/"},{"@type":"ListItem","position":2,"name":"Shop","item":"https:\/\/pool-house.shop\/de\/shop\/"},{"@type":"ListItem","position":3,"name":"Filteranlage Balaton Side 500 Optima 50M"}]},{"@type":"WebSite","@id":"https:\/\/pool-house.shop\/de\/#website","url":"https:\/\/pool-house.shop\/de\/","name":"Pool-House","description":"","publisher":{"@id":"https:\/\/pool-house.shop\/de\/#organization"},"potentialAction":[{"@type":"SearchAction","target":{"@type":"EntryPoint","urlTemplate":"https:\/\/pool-house.shop\/de\/?s={search_term_string}"},"query-input":{"@type":"PropertyValueSpecification","valueRequired":true,"valueName":"search_term_string"}}],"inLanguage":"de"},{"@type":"Organization","@id":"https:\/\/pool-house.shop\/de\/#organization","name":"Pool-House","url":"https:\/\/pool-house.shop\/de\/","logo":{"@type":"ImageObject","inLanguage":"de","@id":"https:\/\/pool-house.shop\/de\/#\/schema\/logo\/image\/","url":"https:\/\/pool-house.shop\/wp-content\/uploads\/2025\/10\/logo-2-stvorec-mobil-modre.png","contentUrl":"https:\/\/pool-house.shop\/wp-content\/uploads\/2025\/10\/logo-2-stvorec-mobil-modre.png","width":273,"height":189,"caption":"Pool-House"},"image":{"@id":"https:\/\/pool-house.shop\/de\/#\/schema\/logo\/image\/"},"sameAs":["https:\/\/www.facebook.com\/termodomsk\/"]}]}},"_links":{"self":[{"href":"https:\/\/pool-house.shop\/de\/wp-json\/wp\/v2\/product\/7328","targetHints":{"allow":["GET"]}}],"collection":[{"href":"https:\/\/pool-house.shop\/de\/wp-json\/wp\/v2\/product"}],"about":[{"href":"https:\/\/pool-house.shop\/de\/wp-json\/wp\/v2\/types\/product"}],"wp:featuredmedia":[{"embeddable":true,"href":"https:\/\/pool-house.shop\/de\/wp-json\/wp\/v2\/media\/7329"}],"wp:attachment":[{"href":"https:\/\/pool-house.shop\/de\/wp-json\/wp\/v2\/media?parent=7328"}],"wp:term":[{"taxonomy":"product_brand","embeddable":true,"href":"https:\/\/pool-house.shop\/de\/wp-json\/wp\/v2\/product_brand?post=7328"},{"taxonomy":"product_cat","embeddable":true,"href":"https:\/\/pool-house.shop\/de\/wp-json\/wp\/v2\/product_cat?post=7328"},{"taxonomy":"product_tag","embeddable":true,"href":"https:\/\/pool-house.shop\/de\/wp-json\/wp\/v2\/product_tag?post=7328"}],"curies":[{"name":"wp","href":"https:\/\/api.w.org\/{rel}","templated":true}]}}