{"id":7334,"date":"2025-03-23T23:53:46","date_gmt":"2025-03-23T22:53:46","guid":{"rendered":"https:\/\/pool-house.shop\/product\/filterset-balaton-top-500-optima-75m\/"},"modified":"2025-03-23T23:53:46","modified_gmt":"2025-03-23T22:53:46","slug":"filterset-balaton-top-500-optima-75m","status":"publish","type":"product","link":"https:\/\/pool-house.shop\/de\/product\/filterset-balaton-top-500-optima-75m\/","title":{"rendered":"Filterset Balaton Top 500 Optima 75M"},"content":{"rendered":"<p>Filterset Balaton Top &#8211; Optima<\/p>\n<p> Selbstansaugende Pumpe Saci Optima mit Filterbeh\u00e4lter Typ Balaton Top. Eine komplette und kosteng\u00fcnstige L\u00f6sung mit einfacher Installation f\u00fcr kleine bis mittelgro\u00dfe Pools.<br \/>\n Das Set enth\u00e4lt eine zuverl\u00e4ssige und langlebige Pumpe sowie die f\u00fcr Montage und optimalen Betrieb erforderlichen Komponenten. <\/p>\n<p> Filtersets<br \/>\n Sandfiltersysteme sind so konzipiert und installiert, dass sie eine ideale Kombination aus Energieeffizienz und au\u00dfergew\u00f6hnlicher Wasserreinheit bieten. Eine breite Palette an Filteranlagen, Pumpen und Zubeh\u00f6r erm\u00f6glicht die Auswahl des Systems, das am besten zum jeweiligen Pool passt. Filtersysteme sind so konzipiert, dass sie schnell montiert werden k\u00f6nnen und die Komponenten koordiniert funktionieren. Die Leistung der Pumpen und Filteranlagen ist f\u00fcr maximalen Durchfluss und Energieeffizienz aufeinander abgestimmt.<br \/>\n Die Filteranlagen sind aus Polypropylen gefertigt, um eine lange Lebensdauer zu gew\u00e4hrleisten.<\/p>\n<p> Pumpe Saci Optima<br \/>\n Die Pumpe verf\u00fcgt \u00fcber einen gro\u00dfen Filterkorb mit einer transparenten Polycarbonatabdeckung, die eine einfache Kontrolle des Verschmutzungsgrades des Filterkorbs erm\u00f6glicht. Alle Motorteile sind vollst\u00e4ndig isoliert, ohne die M\u00f6glichkeit des Kontakts mit Wasser. Geh\u00e4use und Laufrad sind aus glasfaserverst\u00e4rktem Polypropylen gefertigt, das Poolchemikalien widersteht und eine lange Lebensdauer garantiert.<br \/>\n Dank der Kohle-Keramik-Gleitringdichtung und der Dichtung aus Edelstahl (AISI-316) sowie der Welle aus Edelstahl AISI 316 ist die Pumpe besonders gut f\u00fcr den Betrieb mit Salzwasser geeignet.<br \/>\n Anschluss: 1\u00bd&#8220; Innengewinde oder Klebeverschraubung D50 mm. Die Pumpe ist vom Obersten Hygieneamt (OTH) zugelassen.<x id=\"gid_0\"><\/x> <x id=\"gid_1\"><\/x> Filterbeh\u00e4lter Balaton<x id=\"gid_2\"><\/x> Dieser Filterbeh\u00e4lter wird im Spritzgussverfahren aus 100 % Polypropylen hergestellt. Er ist f\u00fcr private Pools bestimmt und verf\u00fcgt \u00fcber ein Peraqua-Steuerventil.<br \/>\n Exklusive und einzigartige Konstruktion, hergestellt mit der neuesten Spritzgusstechnologie unter Verwendung von erstklassigem lebensmittelechtem Polypropylen, das maximale Qualit\u00e4t, Zuverl\u00e4ssigkeit und Leistung garantiert.<\/p>\n<p> Eigenschaften:<br \/>\n &#8211; Geh\u00e4use und Sockel aus 100 % Polypropylen,<br \/>\n &#8211; Arbeitsdruck: max. 2,5 bar,<br \/>\n &#8211; exklusives Design,<br \/>\n &#8211; einfache Installation,<br \/>\n &#8211; hohe Best\u00e4ndigkeit gegen jede Belastung,<br \/>\n &#8211; ausgestattet mit Peraqua-Ventil,<br \/>\n &#8211; transparenter Beh\u00e4lterdeckel.   <\/p>\n","protected":false},"excerpt":{"rendered":"<p>Filterset Balaton Top &#8211; Optima<\/p>\n<p> Selbstansaugende Pumpe Saci Optima mit Filterbeh\u00e4lter Typ Balaton Top. Eine komplette und kosteng\u00fcnstige L\u00f6sung mit einfacher Installation f\u00fcr kleine bis mittelgro\u00dfe Pools.<br \/>\n Das Set enth\u00e4lt eine zuverl\u00e4ssige und langlebige Pumpe sowie die f\u00fcr Montage und optimalen Betrieb erforderlichen Komponenten. <\/p>\n<p> Filtersets<br \/>\n Sandfiltersysteme sind so konzipiert und installiert, dass sie eine ideale Kombination aus Energieeffizienz und au\u00dfergew\u00f6hnlicher Wasserreinheit bieten. Eine breite Palette an Filteranlagen, Pumpen und Zubeh\u00f6r erm\u00f6glicht die Auswahl des Systems, das am besten zum jeweiligen Pool passt. Filtersysteme sind so konzipiert, dass sie schnell montiert werden k\u00f6nnen und die Komponenten koordiniert funktionieren. Die Leistung der Pumpen und Filteranlagen ist f\u00fcr maximalen Durchfluss und Energieeffizienz aufeinander abgestimmt.<br \/>\n Die Filteranlagen sind aus Polypropylen gefertigt, um eine lange Lebensdauer zu gew\u00e4hrleisten.<\/p>\n<p> Pumpe Saci Optima<br \/>\n Die Pumpe verf\u00fcgt \u00fcber einen gro\u00dfen Filterkorb mit einer transparenten Polycarbonatabdeckung, die eine einfache Kontrolle des Verschmutzungsgrades des Filterkorbs erm\u00f6glicht. Alle Motorteile sind vollst\u00e4ndig isoliert, ohne die M\u00f6glichkeit des Kontakts mit Wasser. Geh\u00e4use und Laufrad sind aus glasfaserverst\u00e4rktem Polypropylen gefertigt, das Poolchemikalien widersteht und eine lange Lebensdauer garantiert.<br \/>\n Dank der Kohle-Keramik-Gleitringdichtung und der Dichtung aus Edelstahl (AISI-316) sowie der Welle aus Edelstahl AISI 316 ist die Pumpe besonders gut f\u00fcr den Betrieb mit Salzwasser geeignet.<br \/>\n Anschluss: 1\u00bd&#8220; Innengewinde oder Klebeverschraubung D50 mm. Die Pumpe ist vom Obersten Hygieneamt (OTH) zugelassen.<x id=\"gid_0\"><\/x> <x id=\"gid_1\"><\/x> Filterbeh\u00e4lter Balaton<x id=\"gid_2\"><\/x> Dieser Filterbeh\u00e4lter wird im Spritzgussverfahren aus 100 % Polypropylen hergestellt. Er ist f\u00fcr private Pools bestimmt und verf\u00fcgt \u00fcber ein Peraqua-Steuerventil.<br \/>\n Exklusive und einzigartige Konstruktion, hergestellt mit der neuesten Spritzgusstechnologie unter Verwendung von erstklassigem lebensmittelechtem Polypropylen, das maximale Qualit\u00e4t, Zuverl\u00e4ssigkeit und Leistung garantiert.<\/p>\n<p> Eigenschaften:<br \/>\n &#8211; Geh\u00e4use und Sockel aus 100 % Polypropylen,<br \/>\n &#8211; Arbeitsdruck: max. 2,5 bar,<br \/>\n &#8211; exklusives Design,<br \/>\n &#8211; einfache Installation,<br \/>\n &#8211; hohe Best\u00e4ndigkeit gegen jede Belastung,<br \/>\n &#8211; ausgestattet mit Peraqua-Ventil,<br \/>\n &#8211; transparenter Beh\u00e4lterdeckel.   <\/p>\n","protected":false},"featured_media":7335,"template":"","meta":[],"product_brand":[],"product_cat":[353,251],"product_tag":[252],"class_list":{"0":"post-7334","1":"product","2":"type-product","3":"status-publish","4":"has-post-thumbnail","6":"product_cat-filteranlagen","7":"product_cat-filtersets","8":"product_tag-filtersets","9":"thunk-woo-product-list","10":"open-woo-hover-none","11":"open-single-product-tab-horizontal","12":"open-shadow-","13":"open-shadow-hover-","15":"first","16":"instock","17":"taxable","18":"shipping-taxable","19":"purchasable","20":"product-type-simple"},"yoast_head":"<!-- This site is optimized with the Yoast SEO plugin v26.9 - https:\/\/yoast.com\/product\/yoast-seo-wordpress\/ -->\n<title>Filterset Balaton Top 500 Optima 75M - Pool-House<\/title>\n<meta name=\"robots\" content=\"index, follow, max-snippet:-1, max-image-preview:large, max-video-preview:-1\" \/>\n<link rel=\"canonical\" href=\"https:\/\/pool-house.shop\/de\/product\/filterset-balaton-top-500-optima-75m\/\" \/>\n<meta property=\"og:locale\" content=\"de_DE\" \/>\n<meta property=\"og:type\" content=\"article\" \/>\n<meta property=\"og:title\" content=\"Filterset Balaton Top 500 Optima 75M - Pool-House\" \/>\n<meta property=\"og:description\" content=\"Filterset Balaton Top - Optima  Selbstansaugende Pumpe Saci Optima mit Filterbeh\u00e4lter Typ Balaton Top. Eine komplette und kosteng\u00fcnstige L\u00f6sung mit einfacher Installation f\u00fcr kleine bis mittelgro\u00dfe Pools.  Das Set enth\u00e4lt eine zuverl\u00e4ssige und langlebige Pumpe sowie die f\u00fcr Montage und optimalen Betrieb erforderlichen Komponenten.   Filtersets  Sandfiltersysteme sind so konzipiert und installiert, dass sie eine ideale Kombination aus Energieeffizienz und au\u00dfergew\u00f6hnlicher Wasserreinheit bieten. Eine breite Palette an Filteranlagen, Pumpen und Zubeh\u00f6r erm\u00f6glicht die Auswahl des Systems, das am besten zum jeweiligen Pool passt. Filtersysteme sind so konzipiert, dass sie schnell montiert werden k\u00f6nnen und die Komponenten koordiniert funktionieren. Die Leistung der Pumpen und Filteranlagen ist f\u00fcr maximalen Durchfluss und Energieeffizienz aufeinander abgestimmt.  Die Filteranlagen sind aus Polypropylen gefertigt, um eine lange Lebensdauer zu gew\u00e4hrleisten.  Pumpe Saci Optima Die Pumpe verf\u00fcgt \u00fcber einen gro\u00dfen Filterkorb mit einer transparenten Polycarbonatabdeckung, die eine einfache Kontrolle des Verschmutzungsgrades des Filterkorbs erm\u00f6glicht. Alle Motorteile sind vollst\u00e4ndig isoliert, ohne die M\u00f6glichkeit des Kontakts mit Wasser. Geh\u00e4use und Laufrad sind aus glasfaserverst\u00e4rktem Polypropylen gefertigt, das Poolchemikalien widersteht und eine lange Lebensdauer garantiert.    Dank der Kohle-Keramik-Gleitringdichtung und der Dichtung aus Edelstahl (AISI-316) sowie der Welle aus Edelstahl AISI 316 ist die Pumpe besonders gut f\u00fcr den Betrieb mit Salzwasser geeignet.  Anschluss: 1\u00bd&quot; Innengewinde oder Klebeverschraubung D50 mm. Die Pumpe ist vom Obersten Hygieneamt (OTH) zugelassen. Filterbeh\u00e4lter Balaton Dieser Filterbeh\u00e4lter wird im Spritzgussverfahren aus 100 % Polypropylen hergestellt. Er ist f\u00fcr private Pools bestimmt und verf\u00fcgt \u00fcber ein Peraqua-Steuerventil.  Exklusive und einzigartige Konstruktion, hergestellt mit der neuesten Spritzgusstechnologie unter Verwendung von erstklassigem lebensmittelechtem Polypropylen, das maximale Qualit\u00e4t, Zuverl\u00e4ssigkeit und Leistung garantiert.  Eigenschaften: - Geh\u00e4use und Sockel aus 100 % Polypropylen,  - Arbeitsdruck: max. 2,5 bar,  - exklusives Design,  - einfache Installation,  - hohe Best\u00e4ndigkeit gegen jede Belastung, - ausgestattet mit Peraqua-Ventil,  - transparenter Beh\u00e4lterdeckel.\" \/>\n<meta property=\"og:url\" content=\"https:\/\/pool-house.shop\/de\/product\/filterset-balaton-top-500-optima-75m\/\" \/>\n<meta property=\"og:site_name\" content=\"Pool-House\" \/>\n<meta property=\"article:publisher\" content=\"https:\/\/www.facebook.com\/termodomsk\/\" \/>\n<meta property=\"og:image\" content=\"https:\/\/pool-house.shop\/wp-content\/uploads\/2025\/03\/045110.png\" \/>\n\t<meta property=\"og:image:width\" content=\"1200\" \/>\n\t<meta property=\"og:image:height\" content=\"1200\" \/>\n\t<meta property=\"og:image:type\" content=\"image\/png\" \/>\n<meta name=\"twitter:card\" content=\"summary_large_image\" \/>\n<meta name=\"twitter:label1\" content=\"Gesch\u00e4tzte Lesezeit\" \/>\n\t<meta name=\"twitter:data1\" content=\"2\u00a0Minuten\" \/>\n<script type=\"application\/ld+json\" class=\"yoast-schema-graph\">{\"@context\":\"https:\/\/schema.org\",\"@graph\":[{\"@type\":\"WebPage\",\"@id\":\"https:\/\/pool-house.shop\/de\/product\/filterset-balaton-top-500-optima-75m\/\",\"url\":\"https:\/\/pool-house.shop\/de\/product\/filterset-balaton-top-500-optima-75m\/\",\"name\":\"Filterset Balaton Top 500 Optima 75M - Pool-House\",\"isPartOf\":{\"@id\":\"https:\/\/pool-house.shop\/de\/#website\"},\"primaryImageOfPage\":{\"@id\":\"https:\/\/pool-house.shop\/de\/product\/filterset-balaton-top-500-optima-75m\/#primaryimage\"},\"image\":{\"@id\":\"https:\/\/pool-house.shop\/de\/product\/filterset-balaton-top-500-optima-75m\/#primaryimage\"},\"thumbnailUrl\":\"https:\/\/pool-house.shop\/wp-content\/uploads\/2025\/03\/045110.png\",\"datePublished\":\"2025-03-23T22:53:46+00:00\",\"breadcrumb\":{\"@id\":\"https:\/\/pool-house.shop\/de\/product\/filterset-balaton-top-500-optima-75m\/#breadcrumb\"},\"inLanguage\":\"de\",\"potentialAction\":[{\"@type\":\"ReadAction\",\"target\":[\"https:\/\/pool-house.shop\/de\/product\/filterset-balaton-top-500-optima-75m\/\"]}]},{\"@type\":\"ImageObject\",\"inLanguage\":\"de\",\"@id\":\"https:\/\/pool-house.shop\/de\/product\/filterset-balaton-top-500-optima-75m\/#primaryimage\",\"url\":\"https:\/\/pool-house.shop\/wp-content\/uploads\/2025\/03\/045110.png\",\"contentUrl\":\"https:\/\/pool-house.shop\/wp-content\/uploads\/2025\/03\/045110.png\",\"width\":1200,\"height\":1200},{\"@type\":\"BreadcrumbList\",\"@id\":\"https:\/\/pool-house.shop\/de\/product\/filterset-balaton-top-500-optima-75m\/#breadcrumb\",\"itemListElement\":[{\"@type\":\"ListItem\",\"position\":1,\"name\":\"Domovsk\u00e1 str\u00e1nka\",\"item\":\"https:\/\/pool-house.shop\/de\/\"},{\"@type\":\"ListItem\",\"position\":2,\"name\":\"Shop\",\"item\":\"https:\/\/pool-house.shop\/de\/shop\/\"},{\"@type\":\"ListItem\",\"position\":3,\"name\":\"Filterset Balaton Top 500 Optima 75M\"}]},{\"@type\":\"WebSite\",\"@id\":\"https:\/\/pool-house.shop\/de\/#website\",\"url\":\"https:\/\/pool-house.shop\/de\/\",\"name\":\"Pool-House\",\"description\":\"\",\"publisher\":{\"@id\":\"https:\/\/pool-house.shop\/de\/#organization\"},\"potentialAction\":[{\"@type\":\"SearchAction\",\"target\":{\"@type\":\"EntryPoint\",\"urlTemplate\":\"https:\/\/pool-house.shop\/de\/?s={search_term_string}\"},\"query-input\":{\"@type\":\"PropertyValueSpecification\",\"valueRequired\":true,\"valueName\":\"search_term_string\"}}],\"inLanguage\":\"de\"},{\"@type\":\"Organization\",\"@id\":\"https:\/\/pool-house.shop\/de\/#organization\",\"name\":\"Pool-House\",\"url\":\"https:\/\/pool-house.shop\/de\/\",\"logo\":{\"@type\":\"ImageObject\",\"inLanguage\":\"de\",\"@id\":\"https:\/\/pool-house.shop\/de\/#\/schema\/logo\/image\/\",\"url\":\"https:\/\/pool-house.shop\/wp-content\/uploads\/2025\/10\/logo-2-stvorec-mobil-modre.png\",\"contentUrl\":\"https:\/\/pool-house.shop\/wp-content\/uploads\/2025\/10\/logo-2-stvorec-mobil-modre.png\",\"width\":273,\"height\":189,\"caption\":\"Pool-House\"},\"image\":{\"@id\":\"https:\/\/pool-house.shop\/de\/#\/schema\/logo\/image\/\"},\"sameAs\":[\"https:\/\/www.facebook.com\/termodomsk\/\"]}]}<\/script>\n<!-- \/ Yoast SEO plugin. -->","yoast_head_json":{"title":"Filterset Balaton Top 500 Optima 75M - Pool-House","robots":{"index":"index","follow":"follow","max-snippet":"max-snippet:-1","max-image-preview":"max-image-preview:large","max-video-preview":"max-video-preview:-1"},"canonical":"https:\/\/pool-house.shop\/de\/product\/filterset-balaton-top-500-optima-75m\/","og_locale":"de_DE","og_type":"article","og_title":"Filterset Balaton Top 500 Optima 75M - Pool-House","og_description":"Filterset Balaton Top - Optima  Selbstansaugende Pumpe Saci Optima mit Filterbeh\u00e4lter Typ Balaton Top. Eine komplette und kosteng\u00fcnstige L\u00f6sung mit einfacher Installation f\u00fcr kleine bis mittelgro\u00dfe Pools.  Das Set enth\u00e4lt eine zuverl\u00e4ssige und langlebige Pumpe sowie die f\u00fcr Montage und optimalen Betrieb erforderlichen Komponenten.   Filtersets  Sandfiltersysteme sind so konzipiert und installiert, dass sie eine ideale Kombination aus Energieeffizienz und au\u00dfergew\u00f6hnlicher Wasserreinheit bieten. Eine breite Palette an Filteranlagen, Pumpen und Zubeh\u00f6r erm\u00f6glicht die Auswahl des Systems, das am besten zum jeweiligen Pool passt. Filtersysteme sind so konzipiert, dass sie schnell montiert werden k\u00f6nnen und die Komponenten koordiniert funktionieren. Die Leistung der Pumpen und Filteranlagen ist f\u00fcr maximalen Durchfluss und Energieeffizienz aufeinander abgestimmt.  Die Filteranlagen sind aus Polypropylen gefertigt, um eine lange Lebensdauer zu gew\u00e4hrleisten.  Pumpe Saci Optima Die Pumpe verf\u00fcgt \u00fcber einen gro\u00dfen Filterkorb mit einer transparenten Polycarbonatabdeckung, die eine einfache Kontrolle des Verschmutzungsgrades des Filterkorbs erm\u00f6glicht. Alle Motorteile sind vollst\u00e4ndig isoliert, ohne die M\u00f6glichkeit des Kontakts mit Wasser. Geh\u00e4use und Laufrad sind aus glasfaserverst\u00e4rktem Polypropylen gefertigt, das Poolchemikalien widersteht und eine lange Lebensdauer garantiert.    Dank der Kohle-Keramik-Gleitringdichtung und der Dichtung aus Edelstahl (AISI-316) sowie der Welle aus Edelstahl AISI 316 ist die Pumpe besonders gut f\u00fcr den Betrieb mit Salzwasser geeignet.  Anschluss: 1\u00bd\" Innengewinde oder Klebeverschraubung D50 mm. Die Pumpe ist vom Obersten Hygieneamt (OTH) zugelassen. Filterbeh\u00e4lter Balaton Dieser Filterbeh\u00e4lter wird im Spritzgussverfahren aus 100 % Polypropylen hergestellt. Er ist f\u00fcr private Pools bestimmt und verf\u00fcgt \u00fcber ein Peraqua-Steuerventil.  Exklusive und einzigartige Konstruktion, hergestellt mit der neuesten Spritzgusstechnologie unter Verwendung von erstklassigem lebensmittelechtem Polypropylen, das maximale Qualit\u00e4t, Zuverl\u00e4ssigkeit und Leistung garantiert.  Eigenschaften: - Geh\u00e4use und Sockel aus 100 % Polypropylen,  - Arbeitsdruck: max. 2,5 bar,  - exklusives Design,  - einfache Installation,  - hohe Best\u00e4ndigkeit gegen jede Belastung, - ausgestattet mit Peraqua-Ventil,  - transparenter Beh\u00e4lterdeckel.","og_url":"https:\/\/pool-house.shop\/de\/product\/filterset-balaton-top-500-optima-75m\/","og_site_name":"Pool-House","article_publisher":"https:\/\/www.facebook.com\/termodomsk\/","og_image":[{"width":1200,"height":1200,"url":"https:\/\/pool-house.shop\/wp-content\/uploads\/2025\/03\/045110.png","type":"image\/png"}],"twitter_card":"summary_large_image","twitter_misc":{"Gesch\u00e4tzte Lesezeit":"2\u00a0Minuten"},"schema":{"@context":"https:\/\/schema.org","@graph":[{"@type":"WebPage","@id":"https:\/\/pool-house.shop\/de\/product\/filterset-balaton-top-500-optima-75m\/","url":"https:\/\/pool-house.shop\/de\/product\/filterset-balaton-top-500-optima-75m\/","name":"Filterset Balaton Top 500 Optima 75M - Pool-House","isPartOf":{"@id":"https:\/\/pool-house.shop\/de\/#website"},"primaryImageOfPage":{"@id":"https:\/\/pool-house.shop\/de\/product\/filterset-balaton-top-500-optima-75m\/#primaryimage"},"image":{"@id":"https:\/\/pool-house.shop\/de\/product\/filterset-balaton-top-500-optima-75m\/#primaryimage"},"thumbnailUrl":"https:\/\/pool-house.shop\/wp-content\/uploads\/2025\/03\/045110.png","datePublished":"2025-03-23T22:53:46+00:00","breadcrumb":{"@id":"https:\/\/pool-house.shop\/de\/product\/filterset-balaton-top-500-optima-75m\/#breadcrumb"},"inLanguage":"de","potentialAction":[{"@type":"ReadAction","target":["https:\/\/pool-house.shop\/de\/product\/filterset-balaton-top-500-optima-75m\/"]}]},{"@type":"ImageObject","inLanguage":"de","@id":"https:\/\/pool-house.shop\/de\/product\/filterset-balaton-top-500-optima-75m\/#primaryimage","url":"https:\/\/pool-house.shop\/wp-content\/uploads\/2025\/03\/045110.png","contentUrl":"https:\/\/pool-house.shop\/wp-content\/uploads\/2025\/03\/045110.png","width":1200,"height":1200},{"@type":"BreadcrumbList","@id":"https:\/\/pool-house.shop\/de\/product\/filterset-balaton-top-500-optima-75m\/#breadcrumb","itemListElement":[{"@type":"ListItem","position":1,"name":"Domovsk\u00e1 str\u00e1nka","item":"https:\/\/pool-house.shop\/de\/"},{"@type":"ListItem","position":2,"name":"Shop","item":"https:\/\/pool-house.shop\/de\/shop\/"},{"@type":"ListItem","position":3,"name":"Filterset Balaton Top 500 Optima 75M"}]},{"@type":"WebSite","@id":"https:\/\/pool-house.shop\/de\/#website","url":"https:\/\/pool-house.shop\/de\/","name":"Pool-House","description":"","publisher":{"@id":"https:\/\/pool-house.shop\/de\/#organization"},"potentialAction":[{"@type":"SearchAction","target":{"@type":"EntryPoint","urlTemplate":"https:\/\/pool-house.shop\/de\/?s={search_term_string}"},"query-input":{"@type":"PropertyValueSpecification","valueRequired":true,"valueName":"search_term_string"}}],"inLanguage":"de"},{"@type":"Organization","@id":"https:\/\/pool-house.shop\/de\/#organization","name":"Pool-House","url":"https:\/\/pool-house.shop\/de\/","logo":{"@type":"ImageObject","inLanguage":"de","@id":"https:\/\/pool-house.shop\/de\/#\/schema\/logo\/image\/","url":"https:\/\/pool-house.shop\/wp-content\/uploads\/2025\/10\/logo-2-stvorec-mobil-modre.png","contentUrl":"https:\/\/pool-house.shop\/wp-content\/uploads\/2025\/10\/logo-2-stvorec-mobil-modre.png","width":273,"height":189,"caption":"Pool-House"},"image":{"@id":"https:\/\/pool-house.shop\/de\/#\/schema\/logo\/image\/"},"sameAs":["https:\/\/www.facebook.com\/termodomsk\/"]}]}},"_links":{"self":[{"href":"https:\/\/pool-house.shop\/de\/wp-json\/wp\/v2\/product\/7334","targetHints":{"allow":["GET"]}}],"collection":[{"href":"https:\/\/pool-house.shop\/de\/wp-json\/wp\/v2\/product"}],"about":[{"href":"https:\/\/pool-house.shop\/de\/wp-json\/wp\/v2\/types\/product"}],"wp:featuredmedia":[{"embeddable":true,"href":"https:\/\/pool-house.shop\/de\/wp-json\/wp\/v2\/media\/7335"}],"wp:attachment":[{"href":"https:\/\/pool-house.shop\/de\/wp-json\/wp\/v2\/media?parent=7334"}],"wp:term":[{"taxonomy":"product_brand","embeddable":true,"href":"https:\/\/pool-house.shop\/de\/wp-json\/wp\/v2\/product_brand?post=7334"},{"taxonomy":"product_cat","embeddable":true,"href":"https:\/\/pool-house.shop\/de\/wp-json\/wp\/v2\/product_cat?post=7334"},{"taxonomy":"product_tag","embeddable":true,"href":"https:\/\/pool-house.shop\/de\/wp-json\/wp\/v2\/product_tag?post=7334"}],"curies":[{"name":"wp","href":"https:\/\/api.w.org\/{rel}","templated":true}]}}