{"id":7366,"date":"2025-03-23T23:53:11","date_gmt":"2025-03-23T22:53:11","guid":{"rendered":"https:\/\/pool-house.shop\/product\/filterset-filtrex-side-o630-1-1-2-zoll-de18\/"},"modified":"2025-03-23T23:53:11","modified_gmt":"2025-03-23T22:53:11","slug":"filterset-filtrex-side-o630-1-1-2-zoll-de18","status":"publish","type":"product","link":"https:\/\/pool-house.shop\/de\/product\/filterset-filtrex-side-o630-1-1-2-zoll-de18\/","title":{"rendered":"Filterset Filtrex Side \u00d8630 1 1\/2 Zoll DE18"},"content":{"rendered":"<p>Filterset Filtrex Side \u2013 InverEco DE18<\/p>\n<p> Hochwertige selbstansaugende Pumpe InverEco DE18 mit Filtrex Side Filterbeh\u00e4lter. Eine komplette und kosteng\u00fcnstige L\u00f6sung mit einfacher Installationsm\u00f6glichkeit f\u00fcr kleine bis mittelgro\u00dfe Pools. Das Set enth\u00e4lt eine zuverl\u00e4ssige und langlebige Inverterpumpe sowie die f\u00fcr Montage und optimalen Betrieb erforderlichen Komponenten. <\/p>\n<p> Filtersets<br \/>\n Sandfiltersysteme sind so konzipiert und installiert, dass sie eine ideale Kombination aus Energieeffizienz und au\u00dfergew\u00f6hnlicher Wasserreinheit bieten. Eine breite Palette an Filteranlagen, Pumpen und Zubeh\u00f6r erm\u00f6glicht die Auswahl des Systems, das am besten zum jeweiligen Pool passt. Die Filtersysteme sind so konzipiert, dass sie schnell montiert werden k\u00f6nnen und die Komponenten koordiniert zusammenarbeiten. Die Leistung von Pumpen und Filteranlagen ist f\u00fcr maximalen Durchfluss und Energieeffizienz aufeinander abgestimmt. <x id=\"gid_5\"><\/x> Die Filteranlagen sind aus Polypropylen gefertigt f\u00fcr eine lange Lebensdauer.<x id=\"gid_6\"><\/x> <x id=\"gid_7\"><\/x> InverEco DE18<x id=\"gid_8\"><\/x> Inverterpumpe f\u00fcr private Pools. Dank der Invertertechnologie kann die Motordrehzahl auf 1 Umdrehung genau geregelt werden.<br \/>\n Bei Bedarf einer R\u00fccksp\u00fclung kann die Pumpe mit 100 % Leistung arbeiten. F\u00fcr den t\u00e4glichen Bedarf an Filtration und Wasserzirkulation, die einen geringeren Durchfluss erfordern, kann die Pumpe mit geringerer Leistung arbeiten, wodurch sie extrem leise und energieeffizient ist.<br \/>\n Mithilfe der Aquagem Invertertechnologie ist auch die Lebensdauer der Pumpe l\u00e4nger.<\/p>\n<p> Eigenschaften:<br \/>\n &#8211; intelligente und einfache Bedienoberfl\u00e4che,<br \/>\n &#8211; 4 verschiedene programmierbare Programme,<br \/>\n &#8211; einstellbare Leistung: 30 % ~ 100 %,<br \/>\n &#8211; Anzeige des Energieverbrauchs,<br \/>\n &#8211; R\u00fccksp\u00fclung auf Knopfdruck.<\/p>\n<p> Filterbeh\u00e4lter Filtrex Side<br \/>\n Dieser zuverl\u00e4ssige laminierte Filtrex Filterbeh\u00e4lter aus Polyester ist glasfaserverst\u00e4rkt und verf\u00fcgt \u00fcber ein 6-Wege-Seitenventil sowie ein Manometer. Eine Vinylester-Oberfl\u00e4chenbehandlung ist optional. Zum Zubeh\u00f6r geh\u00f6ren ein 6-Wege-Seitenventil und ein Manometer.<\/p>\n<p> Technische Daten:<br \/>\n &#8211; Pr\u00fcfdruck: 3,5 bar,<br \/>\n &#8211; Betriebsdruck: max.    2,0 bar,<br \/>\n &#8211; Filtergeschwindigkeit: 50 m\/Std.<\/p>\n","protected":false},"excerpt":{"rendered":"<p>Filterset Filtrex Side \u2013 InverEco DE18<\/p>\n<p> Hochwertige selbstansaugende Pumpe InverEco DE18 mit Filtrex Side Filterbeh\u00e4lter. Eine komplette und kosteng\u00fcnstige L\u00f6sung mit einfacher Installationsm\u00f6glichkeit f\u00fcr kleine bis mittelgro\u00dfe Pools. Das Set enth\u00e4lt eine zuverl\u00e4ssige und langlebige Inverterpumpe sowie die f\u00fcr Montage und optimalen Betrieb erforderlichen Komponenten. <\/p>\n<p> Filtersets<br \/>\n Sandfiltersysteme sind so konzipiert und installiert, dass sie eine ideale Kombination aus Energieeffizienz und au\u00dfergew\u00f6hnlicher Wasserreinheit bieten. Eine breite Palette an Filteranlagen, Pumpen und Zubeh\u00f6r erm\u00f6glicht die Auswahl des Systems, das am besten zum jeweiligen Pool passt. Die Filtersysteme sind so konzipiert, dass sie schnell montiert werden k\u00f6nnen und die Komponenten koordiniert zusammenarbeiten. Die Leistung von Pumpen und Filteranlagen ist f\u00fcr maximalen Durchfluss und Energieeffizienz aufeinander abgestimmt. <x id=\"gid_5\"><\/x> Die Filteranlagen sind aus Polypropylen gefertigt f\u00fcr eine lange Lebensdauer.<x id=\"gid_6\"><\/x> <x id=\"gid_7\"><\/x> InverEco DE18<x id=\"gid_8\"><\/x> Inverterpumpe f\u00fcr private Pools. Dank der Invertertechnologie kann die Motordrehzahl auf 1 Umdrehung genau geregelt werden.<br \/>\n Bei Bedarf einer R\u00fccksp\u00fclung kann die Pumpe mit 100 % Leistung arbeiten. F\u00fcr den t\u00e4glichen Bedarf an Filtration und Wasserzirkulation, die einen geringeren Durchfluss erfordern, kann die Pumpe mit geringerer Leistung arbeiten, wodurch sie extrem leise und energieeffizient ist.<br \/>\n Mithilfe der Aquagem Invertertechnologie ist auch die Lebensdauer der Pumpe l\u00e4nger.<\/p>\n<p> Eigenschaften:<br \/>\n &#8211; intelligente und einfache Bedienoberfl\u00e4che,<br \/>\n &#8211; 4 verschiedene programmierbare Programme,<br \/>\n &#8211; einstellbare Leistung: 30 % ~ 100 %,<br \/>\n &#8211; Anzeige des Energieverbrauchs,<br \/>\n &#8211; R\u00fccksp\u00fclung auf Knopfdruck.<\/p>\n<p> Filterbeh\u00e4lter Filtrex Side<br \/>\n Dieser zuverl\u00e4ssige laminierte Filtrex Filterbeh\u00e4lter aus Polyester ist glasfaserverst\u00e4rkt und verf\u00fcgt \u00fcber ein 6-Wege-Seitenventil sowie ein Manometer. Eine Vinylester-Oberfl\u00e4chenbehandlung ist optional. Zum Zubeh\u00f6r geh\u00f6ren ein 6-Wege-Seitenventil und ein Manometer.<\/p>\n<p> Technische Daten:<br \/>\n &#8211; Pr\u00fcfdruck: 3,5 bar,<br \/>\n &#8211; Betriebsdruck: max.    2,0 bar,<br \/>\n &#8211; Filtergeschwindigkeit: 50 m\/Std.<\/p>\n","protected":false},"featured_media":7367,"template":"","meta":[],"product_brand":[],"product_cat":[353,251],"product_tag":[252],"class_list":{"0":"post-7366","1":"product","2":"type-product","3":"status-publish","4":"has-post-thumbnail","6":"product_cat-filteranlagen","7":"product_cat-filtersets","8":"product_tag-filtersets","9":"thunk-woo-product-list","10":"open-woo-hover-none","11":"open-single-product-tab-horizontal","12":"open-shadow-","13":"open-shadow-hover-","15":"first","16":"instock","17":"taxable","18":"shipping-taxable","19":"purchasable","20":"product-type-simple"},"yoast_head":"<!-- This site is optimized with the Yoast SEO plugin v26.9 - https:\/\/yoast.com\/product\/yoast-seo-wordpress\/ -->\n<title>Filterset Filtrex Side \u00d8630 1 1\/2 Zoll DE18 - Pool-House<\/title>\n<meta name=\"robots\" content=\"index, follow, max-snippet:-1, max-image-preview:large, max-video-preview:-1\" \/>\n<link rel=\"canonical\" href=\"https:\/\/pool-house.shop\/de\/product\/filterset-filtrex-side-o630-1-1-2-zoll-de18\/\" \/>\n<meta property=\"og:locale\" content=\"de_DE\" \/>\n<meta property=\"og:type\" content=\"article\" \/>\n<meta property=\"og:title\" content=\"Filterset Filtrex Side \u00d8630 1 1\/2 Zoll DE18 - Pool-House\" \/>\n<meta property=\"og:description\" content=\"Filterset Filtrex Side \u2013 InverEco DE18  Hochwertige selbstansaugende Pumpe InverEco DE18 mit Filtrex Side Filterbeh\u00e4lter. Eine komplette und kosteng\u00fcnstige L\u00f6sung mit einfacher Installationsm\u00f6glichkeit f\u00fcr kleine bis mittelgro\u00dfe Pools. Das Set enth\u00e4lt eine zuverl\u00e4ssige und langlebige Inverterpumpe sowie die f\u00fcr Montage und optimalen Betrieb erforderlichen Komponenten.   Filtersets  Sandfiltersysteme sind so konzipiert und installiert, dass sie eine ideale Kombination aus Energieeffizienz und au\u00dfergew\u00f6hnlicher Wasserreinheit bieten. Eine breite Palette an Filteranlagen, Pumpen und Zubeh\u00f6r erm\u00f6glicht die Auswahl des Systems, das am besten zum jeweiligen Pool passt. Die Filtersysteme sind so konzipiert, dass sie schnell montiert werden k\u00f6nnen und die Komponenten koordiniert zusammenarbeiten. Die Leistung von Pumpen und Filteranlagen ist f\u00fcr maximalen Durchfluss und Energieeffizienz aufeinander abgestimmt. Die Filteranlagen sind aus Polypropylen gefertigt f\u00fcr eine lange Lebensdauer. InverEco DE18 Inverterpumpe f\u00fcr private Pools. Dank der Invertertechnologie kann die Motordrehzahl auf 1 Umdrehung genau geregelt werden.    Bei Bedarf einer R\u00fccksp\u00fclung kann die Pumpe mit 100 % Leistung arbeiten. F\u00fcr den t\u00e4glichen Bedarf an Filtration und Wasserzirkulation, die einen geringeren Durchfluss erfordern, kann die Pumpe mit geringerer Leistung arbeiten, wodurch sie extrem leise und energieeffizient ist.  Mithilfe der Aquagem Invertertechnologie ist auch die Lebensdauer der Pumpe l\u00e4nger.  Eigenschaften: - intelligente und einfache Bedienoberfl\u00e4che, - 4 verschiedene programmierbare Programme, - einstellbare Leistung: 30 % ~ 100 %, - Anzeige des Energieverbrauchs, - R\u00fccksp\u00fclung auf Knopfdruck.  Filterbeh\u00e4lter Filtrex Side Dieser zuverl\u00e4ssige laminierte Filtrex Filterbeh\u00e4lter aus Polyester ist glasfaserverst\u00e4rkt und verf\u00fcgt \u00fcber ein 6-Wege-Seitenventil sowie ein Manometer. Eine Vinylester-Oberfl\u00e4chenbehandlung ist optional. Zum Zubeh\u00f6r geh\u00f6ren ein 6-Wege-Seitenventil und ein Manometer.  Technische Daten: - Pr\u00fcfdruck: 3,5 bar, - Betriebsdruck: max.  2,0 bar,  - Filtergeschwindigkeit: 50 m\/Std.\" \/>\n<meta property=\"og:url\" content=\"https:\/\/pool-house.shop\/de\/product\/filterset-filtrex-side-o630-1-1-2-zoll-de18\/\" \/>\n<meta property=\"og:site_name\" content=\"Pool-House\" \/>\n<meta property=\"article:publisher\" content=\"https:\/\/www.facebook.com\/termodomsk\/\" \/>\n<meta property=\"og:image\" content=\"https:\/\/pool-house.shop\/wp-content\/uploads\/2025\/03\/042216.png\" \/>\n\t<meta property=\"og:image:width\" content=\"1500\" \/>\n\t<meta property=\"og:image:height\" content=\"1500\" \/>\n\t<meta property=\"og:image:type\" content=\"image\/png\" \/>\n<meta name=\"twitter:card\" content=\"summary_large_image\" \/>\n<meta name=\"twitter:label1\" content=\"Gesch\u00e4tzte Lesezeit\" \/>\n\t<meta name=\"twitter:data1\" content=\"1\u00a0Minute\" \/>\n<script type=\"application\/ld+json\" class=\"yoast-schema-graph\">{\"@context\":\"https:\/\/schema.org\",\"@graph\":[{\"@type\":\"WebPage\",\"@id\":\"https:\/\/pool-house.shop\/de\/product\/filterset-filtrex-side-o630-1-1-2-zoll-de18\/\",\"url\":\"https:\/\/pool-house.shop\/de\/product\/filterset-filtrex-side-o630-1-1-2-zoll-de18\/\",\"name\":\"Filterset Filtrex Side \u00d8630 1 1\/2 Zoll DE18 - Pool-House\",\"isPartOf\":{\"@id\":\"https:\/\/pool-house.shop\/de\/#website\"},\"primaryImageOfPage\":{\"@id\":\"https:\/\/pool-house.shop\/de\/product\/filterset-filtrex-side-o630-1-1-2-zoll-de18\/#primaryimage\"},\"image\":{\"@id\":\"https:\/\/pool-house.shop\/de\/product\/filterset-filtrex-side-o630-1-1-2-zoll-de18\/#primaryimage\"},\"thumbnailUrl\":\"https:\/\/pool-house.shop\/wp-content\/uploads\/2025\/03\/042216.png\",\"datePublished\":\"2025-03-23T22:53:11+00:00\",\"breadcrumb\":{\"@id\":\"https:\/\/pool-house.shop\/de\/product\/filterset-filtrex-side-o630-1-1-2-zoll-de18\/#breadcrumb\"},\"inLanguage\":\"de\",\"potentialAction\":[{\"@type\":\"ReadAction\",\"target\":[\"https:\/\/pool-house.shop\/de\/product\/filterset-filtrex-side-o630-1-1-2-zoll-de18\/\"]}]},{\"@type\":\"ImageObject\",\"inLanguage\":\"de\",\"@id\":\"https:\/\/pool-house.shop\/de\/product\/filterset-filtrex-side-o630-1-1-2-zoll-de18\/#primaryimage\",\"url\":\"https:\/\/pool-house.shop\/wp-content\/uploads\/2025\/03\/042216.png\",\"contentUrl\":\"https:\/\/pool-house.shop\/wp-content\/uploads\/2025\/03\/042216.png\",\"width\":1500,\"height\":1500},{\"@type\":\"BreadcrumbList\",\"@id\":\"https:\/\/pool-house.shop\/de\/product\/filterset-filtrex-side-o630-1-1-2-zoll-de18\/#breadcrumb\",\"itemListElement\":[{\"@type\":\"ListItem\",\"position\":1,\"name\":\"Domovsk\u00e1 str\u00e1nka\",\"item\":\"https:\/\/pool-house.shop\/de\/\"},{\"@type\":\"ListItem\",\"position\":2,\"name\":\"Shop\",\"item\":\"https:\/\/pool-house.shop\/de\/shop\/\"},{\"@type\":\"ListItem\",\"position\":3,\"name\":\"Filterset Filtrex Side \u00d8630 1 1\/2 Zoll DE18\"}]},{\"@type\":\"WebSite\",\"@id\":\"https:\/\/pool-house.shop\/de\/#website\",\"url\":\"https:\/\/pool-house.shop\/de\/\",\"name\":\"Pool-House\",\"description\":\"\",\"publisher\":{\"@id\":\"https:\/\/pool-house.shop\/de\/#organization\"},\"potentialAction\":[{\"@type\":\"SearchAction\",\"target\":{\"@type\":\"EntryPoint\",\"urlTemplate\":\"https:\/\/pool-house.shop\/de\/?s={search_term_string}\"},\"query-input\":{\"@type\":\"PropertyValueSpecification\",\"valueRequired\":true,\"valueName\":\"search_term_string\"}}],\"inLanguage\":\"de\"},{\"@type\":\"Organization\",\"@id\":\"https:\/\/pool-house.shop\/de\/#organization\",\"name\":\"Pool-House\",\"url\":\"https:\/\/pool-house.shop\/de\/\",\"logo\":{\"@type\":\"ImageObject\",\"inLanguage\":\"de\",\"@id\":\"https:\/\/pool-house.shop\/de\/#\/schema\/logo\/image\/\",\"url\":\"https:\/\/pool-house.shop\/wp-content\/uploads\/2025\/10\/logo-2-stvorec-mobil-modre.png\",\"contentUrl\":\"https:\/\/pool-house.shop\/wp-content\/uploads\/2025\/10\/logo-2-stvorec-mobil-modre.png\",\"width\":273,\"height\":189,\"caption\":\"Pool-House\"},\"image\":{\"@id\":\"https:\/\/pool-house.shop\/de\/#\/schema\/logo\/image\/\"},\"sameAs\":[\"https:\/\/www.facebook.com\/termodomsk\/\"]}]}<\/script>\n<!-- \/ Yoast SEO plugin. -->","yoast_head_json":{"title":"Filterset Filtrex Side \u00d8630 1 1\/2 Zoll DE18 - Pool-House","robots":{"index":"index","follow":"follow","max-snippet":"max-snippet:-1","max-image-preview":"max-image-preview:large","max-video-preview":"max-video-preview:-1"},"canonical":"https:\/\/pool-house.shop\/de\/product\/filterset-filtrex-side-o630-1-1-2-zoll-de18\/","og_locale":"de_DE","og_type":"article","og_title":"Filterset Filtrex Side \u00d8630 1 1\/2 Zoll DE18 - Pool-House","og_description":"Filterset Filtrex Side \u2013 InverEco DE18  Hochwertige selbstansaugende Pumpe InverEco DE18 mit Filtrex Side Filterbeh\u00e4lter. Eine komplette und kosteng\u00fcnstige L\u00f6sung mit einfacher Installationsm\u00f6glichkeit f\u00fcr kleine bis mittelgro\u00dfe Pools. Das Set enth\u00e4lt eine zuverl\u00e4ssige und langlebige Inverterpumpe sowie die f\u00fcr Montage und optimalen Betrieb erforderlichen Komponenten.   Filtersets  Sandfiltersysteme sind so konzipiert und installiert, dass sie eine ideale Kombination aus Energieeffizienz und au\u00dfergew\u00f6hnlicher Wasserreinheit bieten. Eine breite Palette an Filteranlagen, Pumpen und Zubeh\u00f6r erm\u00f6glicht die Auswahl des Systems, das am besten zum jeweiligen Pool passt. Die Filtersysteme sind so konzipiert, dass sie schnell montiert werden k\u00f6nnen und die Komponenten koordiniert zusammenarbeiten. Die Leistung von Pumpen und Filteranlagen ist f\u00fcr maximalen Durchfluss und Energieeffizienz aufeinander abgestimmt. Die Filteranlagen sind aus Polypropylen gefertigt f\u00fcr eine lange Lebensdauer. InverEco DE18 Inverterpumpe f\u00fcr private Pools. Dank der Invertertechnologie kann die Motordrehzahl auf 1 Umdrehung genau geregelt werden.    Bei Bedarf einer R\u00fccksp\u00fclung kann die Pumpe mit 100 % Leistung arbeiten. F\u00fcr den t\u00e4glichen Bedarf an Filtration und Wasserzirkulation, die einen geringeren Durchfluss erfordern, kann die Pumpe mit geringerer Leistung arbeiten, wodurch sie extrem leise und energieeffizient ist.  Mithilfe der Aquagem Invertertechnologie ist auch die Lebensdauer der Pumpe l\u00e4nger.  Eigenschaften: - intelligente und einfache Bedienoberfl\u00e4che, - 4 verschiedene programmierbare Programme, - einstellbare Leistung: 30 % ~ 100 %, - Anzeige des Energieverbrauchs, - R\u00fccksp\u00fclung auf Knopfdruck.  Filterbeh\u00e4lter Filtrex Side Dieser zuverl\u00e4ssige laminierte Filtrex Filterbeh\u00e4lter aus Polyester ist glasfaserverst\u00e4rkt und verf\u00fcgt \u00fcber ein 6-Wege-Seitenventil sowie ein Manometer. Eine Vinylester-Oberfl\u00e4chenbehandlung ist optional. Zum Zubeh\u00f6r geh\u00f6ren ein 6-Wege-Seitenventil und ein Manometer.  Technische Daten: - Pr\u00fcfdruck: 3,5 bar, - Betriebsdruck: max.  2,0 bar,  - Filtergeschwindigkeit: 50 m\/Std.","og_url":"https:\/\/pool-house.shop\/de\/product\/filterset-filtrex-side-o630-1-1-2-zoll-de18\/","og_site_name":"Pool-House","article_publisher":"https:\/\/www.facebook.com\/termodomsk\/","og_image":[{"width":1500,"height":1500,"url":"https:\/\/pool-house.shop\/wp-content\/uploads\/2025\/03\/042216.png","type":"image\/png"}],"twitter_card":"summary_large_image","twitter_misc":{"Gesch\u00e4tzte Lesezeit":"1\u00a0Minute"},"schema":{"@context":"https:\/\/schema.org","@graph":[{"@type":"WebPage","@id":"https:\/\/pool-house.shop\/de\/product\/filterset-filtrex-side-o630-1-1-2-zoll-de18\/","url":"https:\/\/pool-house.shop\/de\/product\/filterset-filtrex-side-o630-1-1-2-zoll-de18\/","name":"Filterset Filtrex Side \u00d8630 1 1\/2 Zoll DE18 - Pool-House","isPartOf":{"@id":"https:\/\/pool-house.shop\/de\/#website"},"primaryImageOfPage":{"@id":"https:\/\/pool-house.shop\/de\/product\/filterset-filtrex-side-o630-1-1-2-zoll-de18\/#primaryimage"},"image":{"@id":"https:\/\/pool-house.shop\/de\/product\/filterset-filtrex-side-o630-1-1-2-zoll-de18\/#primaryimage"},"thumbnailUrl":"https:\/\/pool-house.shop\/wp-content\/uploads\/2025\/03\/042216.png","datePublished":"2025-03-23T22:53:11+00:00","breadcrumb":{"@id":"https:\/\/pool-house.shop\/de\/product\/filterset-filtrex-side-o630-1-1-2-zoll-de18\/#breadcrumb"},"inLanguage":"de","potentialAction":[{"@type":"ReadAction","target":["https:\/\/pool-house.shop\/de\/product\/filterset-filtrex-side-o630-1-1-2-zoll-de18\/"]}]},{"@type":"ImageObject","inLanguage":"de","@id":"https:\/\/pool-house.shop\/de\/product\/filterset-filtrex-side-o630-1-1-2-zoll-de18\/#primaryimage","url":"https:\/\/pool-house.shop\/wp-content\/uploads\/2025\/03\/042216.png","contentUrl":"https:\/\/pool-house.shop\/wp-content\/uploads\/2025\/03\/042216.png","width":1500,"height":1500},{"@type":"BreadcrumbList","@id":"https:\/\/pool-house.shop\/de\/product\/filterset-filtrex-side-o630-1-1-2-zoll-de18\/#breadcrumb","itemListElement":[{"@type":"ListItem","position":1,"name":"Domovsk\u00e1 str\u00e1nka","item":"https:\/\/pool-house.shop\/de\/"},{"@type":"ListItem","position":2,"name":"Shop","item":"https:\/\/pool-house.shop\/de\/shop\/"},{"@type":"ListItem","position":3,"name":"Filterset Filtrex Side \u00d8630 1 1\/2 Zoll DE18"}]},{"@type":"WebSite","@id":"https:\/\/pool-house.shop\/de\/#website","url":"https:\/\/pool-house.shop\/de\/","name":"Pool-House","description":"","publisher":{"@id":"https:\/\/pool-house.shop\/de\/#organization"},"potentialAction":[{"@type":"SearchAction","target":{"@type":"EntryPoint","urlTemplate":"https:\/\/pool-house.shop\/de\/?s={search_term_string}"},"query-input":{"@type":"PropertyValueSpecification","valueRequired":true,"valueName":"search_term_string"}}],"inLanguage":"de"},{"@type":"Organization","@id":"https:\/\/pool-house.shop\/de\/#organization","name":"Pool-House","url":"https:\/\/pool-house.shop\/de\/","logo":{"@type":"ImageObject","inLanguage":"de","@id":"https:\/\/pool-house.shop\/de\/#\/schema\/logo\/image\/","url":"https:\/\/pool-house.shop\/wp-content\/uploads\/2025\/10\/logo-2-stvorec-mobil-modre.png","contentUrl":"https:\/\/pool-house.shop\/wp-content\/uploads\/2025\/10\/logo-2-stvorec-mobil-modre.png","width":273,"height":189,"caption":"Pool-House"},"image":{"@id":"https:\/\/pool-house.shop\/de\/#\/schema\/logo\/image\/"},"sameAs":["https:\/\/www.facebook.com\/termodomsk\/"]}]}},"_links":{"self":[{"href":"https:\/\/pool-house.shop\/de\/wp-json\/wp\/v2\/product\/7366","targetHints":{"allow":["GET"]}}],"collection":[{"href":"https:\/\/pool-house.shop\/de\/wp-json\/wp\/v2\/product"}],"about":[{"href":"https:\/\/pool-house.shop\/de\/wp-json\/wp\/v2\/types\/product"}],"wp:featuredmedia":[{"embeddable":true,"href":"https:\/\/pool-house.shop\/de\/wp-json\/wp\/v2\/media\/7367"}],"wp:attachment":[{"href":"https:\/\/pool-house.shop\/de\/wp-json\/wp\/v2\/media?parent=7366"}],"wp:term":[{"taxonomy":"product_brand","embeddable":true,"href":"https:\/\/pool-house.shop\/de\/wp-json\/wp\/v2\/product_brand?post=7366"},{"taxonomy":"product_cat","embeddable":true,"href":"https:\/\/pool-house.shop\/de\/wp-json\/wp\/v2\/product_cat?post=7366"},{"taxonomy":"product_tag","embeddable":true,"href":"https:\/\/pool-house.shop\/de\/wp-json\/wp\/v2\/product_tag?post=7366"}],"curies":[{"name":"wp","href":"https:\/\/api.w.org\/{rel}","templated":true}]}}