{"id":7370,"date":"2025-03-23T23:53:08","date_gmt":"2025-03-23T22:53:08","guid":{"rendered":"https:\/\/pool-house.shop\/product\/filterset-neo-o610mm-side-1-1-2-de18\/"},"modified":"2025-03-23T23:53:08","modified_gmt":"2025-03-23T22:53:08","slug":"filterset-neo-o610mm-side-1-1-2-de18","status":"publish","type":"product","link":"https:\/\/pool-house.shop\/de\/product\/filterset-neo-o610mm-side-1-1-2-de18\/","title":{"rendered":"Filterset Neo \u00d8610mm Side 1 1\/2&#8243; DE18"},"content":{"rendered":"<p>Filterset Neo Top \u2013 InverEco DE18<\/p>\n<p> Hochwertige selbstansaugende Pumpe InverEco DE18 mit Filterbeh\u00e4lter Neo Top. Eine komplette und kosteng\u00fcnstige L\u00f6sung mit einfacher Installation f\u00fcr kleine bis mittelgro\u00dfe Pools.  Das Set enth\u00e4lt eine zuverl\u00e4ssige und langlebige Inverterpumpe sowie die f\u00fcr Montage und optimalen Betrieb erforderlichen Komponenten. <\/p>\n<p> Filtersets<br \/>\n Sandfiltersysteme sind so konzipiert und installiert, dass sie eine ideale Kombination aus Energieeffizienz und au\u00dfergew\u00f6hnlicher Wasserreinheit bieten. Eine breite Palette an Filteranlagen, Pumpen und Zubeh\u00f6r erm\u00f6glicht die Auswahl des Systems, das am besten zum jeweiligen Pool passt. Die Filtersysteme sind so konzipiert, dass sie schnell montiert werden k\u00f6nnen und die Komponenten koordiniert zusammenarbeiten. Die Leistung der Pumpen und Filteranlagen ist f\u00fcr maximalen Durchfluss und Energieeffizienz aufeinander abgestimmt.<br \/>\n Die Filteranlagen sind aus Polypropylen gefertigt f\u00fcr eine lange Lebensdauer.<\/p>\n<p> InverEco DE18<br \/>\n Inverterpumpe f\u00fcr private Pools. Dank der Invertertechnologie k\u00f6nnen die Motordrehzahlen auf 1 Umdrehung genau reguliert werden.<br \/>\n Bei Bedarf an R\u00fccksp\u00fclung kann die Pumpe mit 100 % Leistung arbeiten. F\u00fcr den t\u00e4glichen Bedarf an Filtration und Wasserzirkulation, die einen geringeren Durchfluss erfordern, kann die Pumpe mit geringerer Leistung arbeiten, wodurch sie extrem leise und energieeffizient ist.<br \/>\n Mithilfe der Aquagem Invertertechnologie ist auch die Lebensdauer der Pumpe l\u00e4nger.<\/p>\n<p> Eigenschaften:<br \/>\n &#8211; intelligente und einfache Bedienoberfl\u00e4che,<br \/>\n &#8211; 4 verschiedene zeitgesteuerte Programme,<br \/>\n &#8211; einstellbare Leistung: 30 % ~ 100 %<br \/>\n &#8211; Anzeige des Energieverbrauchs,<br \/>\n &#8211; R\u00fccksp\u00fclung auf Knopfdruck.<\/p>\n<p> Filterbeh\u00e4lter Neo<br \/>\n Ein langlebiger, korrosionsbest\u00e4ndiger Filterbeh\u00e4lter f\u00fcr maximale Leistung unter allen Wetterbedingungen. Er ist mit einem 7-Wege-Steuerventil ausgestattet, das einen schnellen und einfachen Filterwechsel erm\u00f6glicht.<br \/>\n Er verf\u00fcgt \u00fcber eine gro\u00dfe Entleerungs\u00f6ffnung f\u00fcr Sand und Wasser, f\u00fcr eine schnelle \u00dcberwinterung und Wartungsfreundlichkeit.<br \/>\n Der obere Diffusor sorgt f\u00fcr eine gleichm\u00e4\u00dfige Wasserverteilung im oberen Bereich des Sandbetts und erm\u00f6glicht so einen reibungslosen und freien Durchfluss. Pr\u00e4zise konstruierte selbstreinigende Seitenkan\u00e4le dienen einem ausgewogenen Durchfluss und einer R\u00fccksp\u00fclung sowie einer einfachen Wartung. <\/p>\n","protected":false},"excerpt":{"rendered":"<p>Filterset Neo Top \u2013 InverEco DE18<\/p>\n<p> Hochwertige selbstansaugende Pumpe InverEco DE18 mit Filterbeh\u00e4lter Neo Top. Eine komplette und kosteng\u00fcnstige L\u00f6sung mit einfacher Installation f\u00fcr kleine bis mittelgro\u00dfe Pools.  Das Set enth\u00e4lt eine zuverl\u00e4ssige und langlebige Inverterpumpe sowie die f\u00fcr Montage und optimalen Betrieb erforderlichen Komponenten. <\/p>\n<p> Filtersets<br \/>\n Sandfiltersysteme sind so konzipiert und installiert, dass sie eine ideale Kombination aus Energieeffizienz und au\u00dfergew\u00f6hnlicher Wasserreinheit bieten. Eine breite Palette an Filteranlagen, Pumpen und Zubeh\u00f6r erm\u00f6glicht die Auswahl des Systems, das am besten zum jeweiligen Pool passt. Die Filtersysteme sind so konzipiert, dass sie schnell montiert werden k\u00f6nnen und die Komponenten koordiniert zusammenarbeiten. Die Leistung der Pumpen und Filteranlagen ist f\u00fcr maximalen Durchfluss und Energieeffizienz aufeinander abgestimmt. <x id=\"gid_3\"><\/x> Die Filteranlagen sind aus Polypropylen gefertigt f\u00fcr eine lange Lebensdauer.<x id=\"gid_4\"><\/x> <x id=\"gid_5\"><\/x> InverEco DE18<x id=\"gid_6\"><\/x> Inverterpumpe f\u00fcr private Pools. Dank der Invertertechnologie k\u00f6nnen die Motordrehzahlen auf 1 Umdrehung genau reguliert werden.<br \/>\n Bei Bedarf an R\u00fccksp\u00fclung kann die Pumpe mit 100 % Leistung arbeiten. F\u00fcr den t\u00e4glichen Bedarf an Filtration und Wasserzirkulation, die einen geringeren Durchfluss erfordern, kann die Pumpe mit geringerer Leistung arbeiten, wodurch sie extrem leise und energieeffizient ist. <x id=\"gid_0\"><\/x> Mithilfe der Aquagem Invertertechnologie ist auch die Lebensdauer der Pumpe l\u00e4nger.<x id=\"gid_1\"><\/x> <x id=\"gid_2\"><\/x> Eigenschaften:<x id=\"gid_3\"><\/x> &#8211; intelligente und einfache Bedienoberfl\u00e4che,<x id=\"gid_4\"><\/x> &#8211; 4 verschiedene zeitgesteuerte Programme,<x id=\"gid_5\"><\/x> &#8211; einstellbare Leistung: 30 % ~ 100 %<x id=\"gid_6\"><\/x> &#8211; Anzeige des Energieverbrauchs,<x id=\"gid_7\"><\/x> &#8211; R\u00fccksp\u00fclung auf Knopfdruck.<x id=\"gid_8\"><\/x> <x id=\"gid_9\"><\/x> Filterbeh\u00e4lter Neo<x id=\"gid_10\"><\/x> Ein langlebiger, korrosionsbest\u00e4ndiger Filterbeh\u00e4lter f\u00fcr maximale Leistung unter allen Wetterbedingungen. Er ist mit einem 7-Wege-Steuerventil ausgestattet, das einen schnellen und einfachen Filterwechsel erm\u00f6glicht.<br \/>\n Er verf\u00fcgt \u00fcber eine gro\u00dfe Entleerungs\u00f6ffnung f\u00fcr Sand und Wasser, f\u00fcr eine schnelle \u00dcberwinterung und Wartungsfreundlichkeit.<br \/>\n Der obere Diffusor sorgt f\u00fcr eine gleichm\u00e4\u00dfige Wasserverteilung im oberen Bereich des Sandbetts und erm\u00f6glicht so einen reibungslosen und freien Durchfluss. Pr\u00e4zise konstruierte selbstreinigende Seitenkan\u00e4le dienen einem ausgewogenen Durchfluss und einer R\u00fccksp\u00fclung sowie einer einfachen Wartung. <\/p>\n","protected":false},"featured_media":7371,"template":"","meta":[],"product_brand":[],"product_cat":[353,251],"product_tag":[252],"class_list":{"0":"post-7370","1":"product","2":"type-product","3":"status-publish","4":"has-post-thumbnail","6":"product_cat-filteranlagen","7":"product_cat-filtersets","8":"product_tag-filtersets","9":"thunk-woo-product-list","10":"open-woo-hover-none","11":"open-single-product-tab-horizontal","12":"open-shadow-","13":"open-shadow-hover-","15":"first","16":"instock","17":"taxable","18":"shipping-taxable","19":"purchasable","20":"product-type-simple"},"yoast_head":"<!-- This site is optimized with the Yoast SEO plugin v26.9 - https:\/\/yoast.com\/product\/yoast-seo-wordpress\/ -->\n<title>Filterset Neo \u00d8610mm Side 1 1\/2&quot; DE18 - Pool-House<\/title>\n<meta name=\"robots\" content=\"index, follow, max-snippet:-1, max-image-preview:large, max-video-preview:-1\" \/>\n<link rel=\"canonical\" href=\"https:\/\/pool-house.shop\/de\/product\/filterset-neo-o610mm-side-1-1-2-de18\/\" \/>\n<meta property=\"og:locale\" content=\"de_DE\" \/>\n<meta property=\"og:type\" content=\"article\" \/>\n<meta property=\"og:title\" content=\"Filterset Neo \u00d8610mm Side 1 1\/2&quot; DE18 - Pool-House\" \/>\n<meta property=\"og:description\" content=\"Filterset Neo Top \u2013 InverEco DE18  Hochwertige selbstansaugende Pumpe InverEco DE18 mit Filterbeh\u00e4lter Neo Top. Eine komplette und kosteng\u00fcnstige L\u00f6sung mit einfacher Installation f\u00fcr kleine bis mittelgro\u00dfe Pools. Das Set enth\u00e4lt eine zuverl\u00e4ssige und langlebige Inverterpumpe sowie die f\u00fcr Montage und optimalen Betrieb erforderlichen Komponenten.   Filtersets  Sandfiltersysteme sind so konzipiert und installiert, dass sie eine ideale Kombination aus Energieeffizienz und au\u00dfergew\u00f6hnlicher Wasserreinheit bieten. Eine breite Palette an Filteranlagen, Pumpen und Zubeh\u00f6r erm\u00f6glicht die Auswahl des Systems, das am besten zum jeweiligen Pool passt. Die Filtersysteme sind so konzipiert, dass sie schnell montiert werden k\u00f6nnen und die Komponenten koordiniert zusammenarbeiten. Die Leistung der Pumpen und Filteranlagen ist f\u00fcr maximalen Durchfluss und Energieeffizienz aufeinander abgestimmt. Die Filteranlagen sind aus Polypropylen gefertigt f\u00fcr eine lange Lebensdauer. InverEco DE18 Inverterpumpe f\u00fcr private Pools. Dank der Invertertechnologie k\u00f6nnen die Motordrehzahlen auf 1 Umdrehung genau reguliert werden.   Bei Bedarf an R\u00fccksp\u00fclung kann die Pumpe mit 100 % Leistung arbeiten. F\u00fcr den t\u00e4glichen Bedarf an Filtration und Wasserzirkulation, die einen geringeren Durchfluss erfordern, kann die Pumpe mit geringerer Leistung arbeiten, wodurch sie extrem leise und energieeffizient ist. Mithilfe der Aquagem Invertertechnologie ist auch die Lebensdauer der Pumpe l\u00e4nger. Eigenschaften: - intelligente und einfache Bedienoberfl\u00e4che, - 4 verschiedene zeitgesteuerte Programme, - einstellbare Leistung: 30 % ~ 100 % - Anzeige des Energieverbrauchs, - R\u00fccksp\u00fclung auf Knopfdruck. Filterbeh\u00e4lter Neo Ein langlebiger, korrosionsbest\u00e4ndiger Filterbeh\u00e4lter f\u00fcr maximale Leistung unter allen Wetterbedingungen. Er ist mit einem 7-Wege-Steuerventil ausgestattet, das einen schnellen und einfachen Filterwechsel erm\u00f6glicht.   Er verf\u00fcgt \u00fcber eine gro\u00dfe Entleerungs\u00f6ffnung f\u00fcr Sand und Wasser, f\u00fcr eine schnelle \u00dcberwinterung und Wartungsfreundlichkeit.  Der obere Diffusor sorgt f\u00fcr eine gleichm\u00e4\u00dfige Wasserverteilung im oberen Bereich des Sandbetts und erm\u00f6glicht so einen reibungslosen und freien Durchfluss. Pr\u00e4zise konstruierte selbstreinigende Seitenkan\u00e4le dienen einem ausgewogenen Durchfluss und einer R\u00fccksp\u00fclung sowie einer einfachen Wartung.\" \/>\n<meta property=\"og:url\" content=\"https:\/\/pool-house.shop\/de\/product\/filterset-neo-o610mm-side-1-1-2-de18\/\" \/>\n<meta property=\"og:site_name\" content=\"Pool-House\" \/>\n<meta property=\"article:publisher\" content=\"https:\/\/www.facebook.com\/termodomsk\/\" \/>\n<meta property=\"og:image\" content=\"https:\/\/pool-house.shop\/wp-content\/uploads\/2025\/03\/042206.png\" \/>\n\t<meta property=\"og:image:width\" content=\"2000\" \/>\n\t<meta property=\"og:image:height\" content=\"2000\" \/>\n\t<meta property=\"og:image:type\" content=\"image\/png\" \/>\n<meta name=\"twitter:card\" content=\"summary_large_image\" \/>\n<meta name=\"twitter:label1\" content=\"Gesch\u00e4tzte Lesezeit\" \/>\n\t<meta name=\"twitter:data1\" content=\"2\u00a0Minuten\" \/>\n<script type=\"application\/ld+json\" class=\"yoast-schema-graph\">{\"@context\":\"https:\/\/schema.org\",\"@graph\":[{\"@type\":\"WebPage\",\"@id\":\"https:\/\/pool-house.shop\/de\/product\/filterset-neo-o610mm-side-1-1-2-de18\/\",\"url\":\"https:\/\/pool-house.shop\/de\/product\/filterset-neo-o610mm-side-1-1-2-de18\/\",\"name\":\"Filterset Neo \u00d8610mm Side 1 1\/2\\\" DE18 - Pool-House\",\"isPartOf\":{\"@id\":\"https:\/\/pool-house.shop\/de\/#website\"},\"primaryImageOfPage\":{\"@id\":\"https:\/\/pool-house.shop\/de\/product\/filterset-neo-o610mm-side-1-1-2-de18\/#primaryimage\"},\"image\":{\"@id\":\"https:\/\/pool-house.shop\/de\/product\/filterset-neo-o610mm-side-1-1-2-de18\/#primaryimage\"},\"thumbnailUrl\":\"https:\/\/pool-house.shop\/wp-content\/uploads\/2025\/03\/042206.png\",\"datePublished\":\"2025-03-23T22:53:08+00:00\",\"breadcrumb\":{\"@id\":\"https:\/\/pool-house.shop\/de\/product\/filterset-neo-o610mm-side-1-1-2-de18\/#breadcrumb\"},\"inLanguage\":\"de\",\"potentialAction\":[{\"@type\":\"ReadAction\",\"target\":[\"https:\/\/pool-house.shop\/de\/product\/filterset-neo-o610mm-side-1-1-2-de18\/\"]}]},{\"@type\":\"ImageObject\",\"inLanguage\":\"de\",\"@id\":\"https:\/\/pool-house.shop\/de\/product\/filterset-neo-o610mm-side-1-1-2-de18\/#primaryimage\",\"url\":\"https:\/\/pool-house.shop\/wp-content\/uploads\/2025\/03\/042206.png\",\"contentUrl\":\"https:\/\/pool-house.shop\/wp-content\/uploads\/2025\/03\/042206.png\",\"width\":2000,\"height\":2000},{\"@type\":\"BreadcrumbList\",\"@id\":\"https:\/\/pool-house.shop\/de\/product\/filterset-neo-o610mm-side-1-1-2-de18\/#breadcrumb\",\"itemListElement\":[{\"@type\":\"ListItem\",\"position\":1,\"name\":\"Domovsk\u00e1 str\u00e1nka\",\"item\":\"https:\/\/pool-house.shop\/de\/\"},{\"@type\":\"ListItem\",\"position\":2,\"name\":\"Shop\",\"item\":\"https:\/\/pool-house.shop\/de\/shop\/\"},{\"@type\":\"ListItem\",\"position\":3,\"name\":\"Filterset Neo \u00d8610mm Side 1 1\/2&#8243; DE18\"}]},{\"@type\":\"WebSite\",\"@id\":\"https:\/\/pool-house.shop\/de\/#website\",\"url\":\"https:\/\/pool-house.shop\/de\/\",\"name\":\"Pool-House\",\"description\":\"\",\"publisher\":{\"@id\":\"https:\/\/pool-house.shop\/de\/#organization\"},\"potentialAction\":[{\"@type\":\"SearchAction\",\"target\":{\"@type\":\"EntryPoint\",\"urlTemplate\":\"https:\/\/pool-house.shop\/de\/?s={search_term_string}\"},\"query-input\":{\"@type\":\"PropertyValueSpecification\",\"valueRequired\":true,\"valueName\":\"search_term_string\"}}],\"inLanguage\":\"de\"},{\"@type\":\"Organization\",\"@id\":\"https:\/\/pool-house.shop\/de\/#organization\",\"name\":\"Pool-House\",\"url\":\"https:\/\/pool-house.shop\/de\/\",\"logo\":{\"@type\":\"ImageObject\",\"inLanguage\":\"de\",\"@id\":\"https:\/\/pool-house.shop\/de\/#\/schema\/logo\/image\/\",\"url\":\"https:\/\/pool-house.shop\/wp-content\/uploads\/2025\/10\/logo-2-stvorec-mobil-modre.png\",\"contentUrl\":\"https:\/\/pool-house.shop\/wp-content\/uploads\/2025\/10\/logo-2-stvorec-mobil-modre.png\",\"width\":273,\"height\":189,\"caption\":\"Pool-House\"},\"image\":{\"@id\":\"https:\/\/pool-house.shop\/de\/#\/schema\/logo\/image\/\"},\"sameAs\":[\"https:\/\/www.facebook.com\/termodomsk\/\"]}]}<\/script>\n<!-- \/ Yoast SEO plugin. -->","yoast_head_json":{"title":"Filterset Neo \u00d8610mm Side 1 1\/2\" DE18 - Pool-House","robots":{"index":"index","follow":"follow","max-snippet":"max-snippet:-1","max-image-preview":"max-image-preview:large","max-video-preview":"max-video-preview:-1"},"canonical":"https:\/\/pool-house.shop\/de\/product\/filterset-neo-o610mm-side-1-1-2-de18\/","og_locale":"de_DE","og_type":"article","og_title":"Filterset Neo \u00d8610mm Side 1 1\/2\" DE18 - Pool-House","og_description":"Filterset Neo Top \u2013 InverEco DE18  Hochwertige selbstansaugende Pumpe InverEco DE18 mit Filterbeh\u00e4lter Neo Top. Eine komplette und kosteng\u00fcnstige L\u00f6sung mit einfacher Installation f\u00fcr kleine bis mittelgro\u00dfe Pools. Das Set enth\u00e4lt eine zuverl\u00e4ssige und langlebige Inverterpumpe sowie die f\u00fcr Montage und optimalen Betrieb erforderlichen Komponenten.   Filtersets  Sandfiltersysteme sind so konzipiert und installiert, dass sie eine ideale Kombination aus Energieeffizienz und au\u00dfergew\u00f6hnlicher Wasserreinheit bieten. Eine breite Palette an Filteranlagen, Pumpen und Zubeh\u00f6r erm\u00f6glicht die Auswahl des Systems, das am besten zum jeweiligen Pool passt. Die Filtersysteme sind so konzipiert, dass sie schnell montiert werden k\u00f6nnen und die Komponenten koordiniert zusammenarbeiten. Die Leistung der Pumpen und Filteranlagen ist f\u00fcr maximalen Durchfluss und Energieeffizienz aufeinander abgestimmt. Die Filteranlagen sind aus Polypropylen gefertigt f\u00fcr eine lange Lebensdauer. InverEco DE18 Inverterpumpe f\u00fcr private Pools. Dank der Invertertechnologie k\u00f6nnen die Motordrehzahlen auf 1 Umdrehung genau reguliert werden.   Bei Bedarf an R\u00fccksp\u00fclung kann die Pumpe mit 100 % Leistung arbeiten. F\u00fcr den t\u00e4glichen Bedarf an Filtration und Wasserzirkulation, die einen geringeren Durchfluss erfordern, kann die Pumpe mit geringerer Leistung arbeiten, wodurch sie extrem leise und energieeffizient ist. Mithilfe der Aquagem Invertertechnologie ist auch die Lebensdauer der Pumpe l\u00e4nger. Eigenschaften: - intelligente und einfache Bedienoberfl\u00e4che, - 4 verschiedene zeitgesteuerte Programme, - einstellbare Leistung: 30 % ~ 100 % - Anzeige des Energieverbrauchs, - R\u00fccksp\u00fclung auf Knopfdruck. Filterbeh\u00e4lter Neo Ein langlebiger, korrosionsbest\u00e4ndiger Filterbeh\u00e4lter f\u00fcr maximale Leistung unter allen Wetterbedingungen. Er ist mit einem 7-Wege-Steuerventil ausgestattet, das einen schnellen und einfachen Filterwechsel erm\u00f6glicht.   Er verf\u00fcgt \u00fcber eine gro\u00dfe Entleerungs\u00f6ffnung f\u00fcr Sand und Wasser, f\u00fcr eine schnelle \u00dcberwinterung und Wartungsfreundlichkeit.  Der obere Diffusor sorgt f\u00fcr eine gleichm\u00e4\u00dfige Wasserverteilung im oberen Bereich des Sandbetts und erm\u00f6glicht so einen reibungslosen und freien Durchfluss. Pr\u00e4zise konstruierte selbstreinigende Seitenkan\u00e4le dienen einem ausgewogenen Durchfluss und einer R\u00fccksp\u00fclung sowie einer einfachen Wartung.","og_url":"https:\/\/pool-house.shop\/de\/product\/filterset-neo-o610mm-side-1-1-2-de18\/","og_site_name":"Pool-House","article_publisher":"https:\/\/www.facebook.com\/termodomsk\/","og_image":[{"width":2000,"height":2000,"url":"https:\/\/pool-house.shop\/wp-content\/uploads\/2025\/03\/042206.png","type":"image\/png"}],"twitter_card":"summary_large_image","twitter_misc":{"Gesch\u00e4tzte Lesezeit":"2\u00a0Minuten"},"schema":{"@context":"https:\/\/schema.org","@graph":[{"@type":"WebPage","@id":"https:\/\/pool-house.shop\/de\/product\/filterset-neo-o610mm-side-1-1-2-de18\/","url":"https:\/\/pool-house.shop\/de\/product\/filterset-neo-o610mm-side-1-1-2-de18\/","name":"Filterset Neo \u00d8610mm Side 1 1\/2\" DE18 - Pool-House","isPartOf":{"@id":"https:\/\/pool-house.shop\/de\/#website"},"primaryImageOfPage":{"@id":"https:\/\/pool-house.shop\/de\/product\/filterset-neo-o610mm-side-1-1-2-de18\/#primaryimage"},"image":{"@id":"https:\/\/pool-house.shop\/de\/product\/filterset-neo-o610mm-side-1-1-2-de18\/#primaryimage"},"thumbnailUrl":"https:\/\/pool-house.shop\/wp-content\/uploads\/2025\/03\/042206.png","datePublished":"2025-03-23T22:53:08+00:00","breadcrumb":{"@id":"https:\/\/pool-house.shop\/de\/product\/filterset-neo-o610mm-side-1-1-2-de18\/#breadcrumb"},"inLanguage":"de","potentialAction":[{"@type":"ReadAction","target":["https:\/\/pool-house.shop\/de\/product\/filterset-neo-o610mm-side-1-1-2-de18\/"]}]},{"@type":"ImageObject","inLanguage":"de","@id":"https:\/\/pool-house.shop\/de\/product\/filterset-neo-o610mm-side-1-1-2-de18\/#primaryimage","url":"https:\/\/pool-house.shop\/wp-content\/uploads\/2025\/03\/042206.png","contentUrl":"https:\/\/pool-house.shop\/wp-content\/uploads\/2025\/03\/042206.png","width":2000,"height":2000},{"@type":"BreadcrumbList","@id":"https:\/\/pool-house.shop\/de\/product\/filterset-neo-o610mm-side-1-1-2-de18\/#breadcrumb","itemListElement":[{"@type":"ListItem","position":1,"name":"Domovsk\u00e1 str\u00e1nka","item":"https:\/\/pool-house.shop\/de\/"},{"@type":"ListItem","position":2,"name":"Shop","item":"https:\/\/pool-house.shop\/de\/shop\/"},{"@type":"ListItem","position":3,"name":"Filterset Neo \u00d8610mm Side 1 1\/2&#8243; DE18"}]},{"@type":"WebSite","@id":"https:\/\/pool-house.shop\/de\/#website","url":"https:\/\/pool-house.shop\/de\/","name":"Pool-House","description":"","publisher":{"@id":"https:\/\/pool-house.shop\/de\/#organization"},"potentialAction":[{"@type":"SearchAction","target":{"@type":"EntryPoint","urlTemplate":"https:\/\/pool-house.shop\/de\/?s={search_term_string}"},"query-input":{"@type":"PropertyValueSpecification","valueRequired":true,"valueName":"search_term_string"}}],"inLanguage":"de"},{"@type":"Organization","@id":"https:\/\/pool-house.shop\/de\/#organization","name":"Pool-House","url":"https:\/\/pool-house.shop\/de\/","logo":{"@type":"ImageObject","inLanguage":"de","@id":"https:\/\/pool-house.shop\/de\/#\/schema\/logo\/image\/","url":"https:\/\/pool-house.shop\/wp-content\/uploads\/2025\/10\/logo-2-stvorec-mobil-modre.png","contentUrl":"https:\/\/pool-house.shop\/wp-content\/uploads\/2025\/10\/logo-2-stvorec-mobil-modre.png","width":273,"height":189,"caption":"Pool-House"},"image":{"@id":"https:\/\/pool-house.shop\/de\/#\/schema\/logo\/image\/"},"sameAs":["https:\/\/www.facebook.com\/termodomsk\/"]}]}},"_links":{"self":[{"href":"https:\/\/pool-house.shop\/de\/wp-json\/wp\/v2\/product\/7370","targetHints":{"allow":["GET"]}}],"collection":[{"href":"https:\/\/pool-house.shop\/de\/wp-json\/wp\/v2\/product"}],"about":[{"href":"https:\/\/pool-house.shop\/de\/wp-json\/wp\/v2\/types\/product"}],"wp:featuredmedia":[{"embeddable":true,"href":"https:\/\/pool-house.shop\/de\/wp-json\/wp\/v2\/media\/7371"}],"wp:attachment":[{"href":"https:\/\/pool-house.shop\/de\/wp-json\/wp\/v2\/media?parent=7370"}],"wp:term":[{"taxonomy":"product_brand","embeddable":true,"href":"https:\/\/pool-house.shop\/de\/wp-json\/wp\/v2\/product_brand?post=7370"},{"taxonomy":"product_cat","embeddable":true,"href":"https:\/\/pool-house.shop\/de\/wp-json\/wp\/v2\/product_cat?post=7370"},{"taxonomy":"product_tag","embeddable":true,"href":"https:\/\/pool-house.shop\/de\/wp-json\/wp\/v2\/product_tag?post=7370"}],"curies":[{"name":"wp","href":"https:\/\/api.w.org\/{rel}","templated":true}]}}