{"id":7372,"date":"2025-03-23T23:54:14","date_gmt":"2025-03-23T22:54:14","guid":{"rendered":"https:\/\/pool-house.shop\/product\/filteranlage-balaton-plus-top-710-basic\/"},"modified":"2025-03-23T23:54:14","modified_gmt":"2025-03-23T22:54:14","slug":"filteranlage-balaton-plus-top-710-basic","status":"publish","type":"product","link":"https:\/\/pool-house.shop\/de\/product\/filteranlage-balaton-plus-top-710-basic\/","title":{"rendered":"Filteranlage Balaton Plus Top 710 Basic"},"content":{"rendered":"<p>Filteranlage Balaton Top &#8211; Basic<\/p>\n<p> Selbstansaugende Pumpe Basic mit einem Filterbeh\u00e4lter vom Typ Balaton Top. Eine komplette und kosteng\u00fcnstige L\u00f6sung mit einfacher Installationsm\u00f6glichkeit f\u00fcr kleine bis mittelgro\u00dfe Pools.<br \/>\n Das Set enth\u00e4lt eine zuverl\u00e4ssige und langlebige Pumpe sowie die f\u00fcr Montage und optimalen Betrieb erforderlichen Komponenten.<br \/>\n Im Lieferumfang ist ein Spezialwerkzeug zum einfachen Abschrauben des transparenten Vorfilterdeckels enthalten. Die Pumpe ist vom Amt des Obersten Hygienikers (OTH) zugelassen.<\/p>\n<p> Filtersets<br \/>\n Sandfiltersysteme sind so konzipiert und installiert, dass sie eine ideale Kombination aus Energieeffizienz und au\u00dfergew\u00f6hnlicher Wasserreinheit bieten.  Ein breites Angebot an Filteranlagen, Pumpen und Zubeh\u00f6r erm\u00f6glicht die Auswahl eines Systems, das am besten zum jeweiligen Pool passt. Die Filtersysteme sind so konzipiert, dass sie schnell montiert werden k\u00f6nnen und die Komponenten koordiniert funktionieren. Die Leistung der Pumpen und Filteranlagen ist f\u00fcr maximalen Durchfluss und Energieeffizienz aufeinander abgestimmt. <x id=\"gid_0\"><\/x> Die Filteranlagen sind aus Polypropylen gefertigt f\u00fcr eine lange Lebensdauer.<x id=\"gid_1\"><\/x> <x id=\"gid_2\"><\/x> Pumpe Basic<x id=\"gid_3\"><\/x> Diese Pumpe f\u00fcr private Pools ist aus Thermoplast gefertigt und zeichnet sich durch vielf\u00e4ltige Installationsm\u00f6glichkeiten aus. Alle ihre Elemente sind aus korrosionsbest\u00e4ndigem Thermoplast gefertigt, um Langlebigkeit und eine lange Lebensdauer zu gew\u00e4hrleisten.<br \/>\n Saug- und Druckanschluss je nach Typ 1 1\/2&#8243; \u2013 D50 \u2013 D63.<\/p>\n<p> Filterbeh\u00e4lter Balaton<br \/>\n Dieser Filterbeh\u00e4lter wird im Spritzgussverfahren aus 100 % Polypropylen hergestellt.    Er ist f\u00fcr private Pools konzipiert und verf\u00fcgt \u00fcber ein Peraqua Steuerventil.<br \/>\n Exklusive und einzigartige Konstruktion, hergestellt mit der neuesten Spritzgusstechnologie unter Verwendung von erstklassigem Polypropylen in Lebensmittelqualit\u00e4t, das maximale Qualit\u00e4t, Zuverl\u00e4ssigkeit und Leistung garantiert.<\/p>\n<p> Eigenschaften:<br \/>\n &#8211; Geh\u00e4use und Sockel aus 100 % Polypropylen,<br \/>\n &#8211; Arbeitsdruck: max. 2,5 bar,<br \/>\n &#8211; Exklusives Design,<br \/>\n &#8211; Einfache Installation,<br \/>\n &#8211; Hohe Best\u00e4ndigkeit gegen jede Belastung,<br \/>\n &#8211; Ausgestattet mit einem Peraqua Ventil,<br \/>\n &#8211; Transparenter Beh\u00e4lterdeckel. <\/p>\n","protected":false},"excerpt":{"rendered":"<p>Filteranlage Balaton Top &#8211; Basic<\/p>\n<p> Selbstansaugende Pumpe Basic mit einem Filterbeh\u00e4lter vom Typ Balaton Top. Eine komplette und kosteng\u00fcnstige L\u00f6sung mit einfacher Installationsm\u00f6glichkeit f\u00fcr kleine bis mittelgro\u00dfe Pools.<br \/>\n Das Set enth\u00e4lt eine zuverl\u00e4ssige und langlebige Pumpe sowie die f\u00fcr Montage und optimalen Betrieb erforderlichen Komponenten.<br \/>\n Im Lieferumfang ist ein Spezialwerkzeug zum einfachen Abschrauben des transparenten Vorfilterdeckels enthalten. Die Pumpe ist vom Amt des Obersten Hygienikers (OTH) zugelassen.<\/p>\n<p> Filtersets<br \/>\n Sandfiltersysteme sind so konzipiert und installiert, dass sie eine ideale Kombination aus Energieeffizienz und au\u00dfergew\u00f6hnlicher Wasserreinheit bieten.  Ein breites Angebot an Filteranlagen, Pumpen und Zubeh\u00f6r erm\u00f6glicht die Auswahl eines Systems, das am besten zum jeweiligen Pool passt. Die Filtersysteme sind so konzipiert, dass sie schnell montiert werden k\u00f6nnen und die Komponenten koordiniert funktionieren. Die Leistung der Pumpen und Filteranlagen ist f\u00fcr maximalen Durchfluss und Energieeffizienz aufeinander abgestimmt. <x id=\"gid_0\"><\/x> Die Filteranlagen sind aus Polypropylen gefertigt f\u00fcr eine lange Lebensdauer.<x id=\"gid_1\"><\/x> <x id=\"gid_2\"><\/x> Pumpe Basic<x id=\"gid_3\"><\/x> Diese Pumpe f\u00fcr private Pools ist aus Thermoplast gefertigt und zeichnet sich durch vielf\u00e4ltige Installationsm\u00f6glichkeiten aus. Alle ihre Elemente sind aus korrosionsbest\u00e4ndigem Thermoplast gefertigt, um Langlebigkeit und eine lange Lebensdauer zu gew\u00e4hrleisten.<br \/>\n Saug- und Druckanschluss je nach Typ 1 1\/2&#8243; \u2013 D50 \u2013 D63.<\/p>\n<p> Filterbeh\u00e4lter Balaton<br \/>\n Dieser Filterbeh\u00e4lter wird im Spritzgussverfahren aus 100 % Polypropylen hergestellt.    Er ist f\u00fcr private Pools konzipiert und verf\u00fcgt \u00fcber ein Peraqua Steuerventil.<br \/>\n Exklusive und einzigartige Konstruktion, hergestellt mit der neuesten Spritzgusstechnologie unter Verwendung von erstklassigem Polypropylen in Lebensmittelqualit\u00e4t, das maximale Qualit\u00e4t, Zuverl\u00e4ssigkeit und Leistung garantiert.<\/p>\n<p> Eigenschaften:<br \/>\n &#8211; Geh\u00e4use und Sockel aus 100 % Polypropylen,<br \/>\n &#8211; Arbeitsdruck: max. 2,5 bar,<br \/>\n &#8211; Exklusives Design,<br \/>\n &#8211; Einfache Installation,<br \/>\n &#8211; Hohe Best\u00e4ndigkeit gegen jede Belastung,<br \/>\n &#8211; Ausgestattet mit einem Peraqua Ventil,<br \/>\n &#8211; Transparenter Beh\u00e4lterdeckel. <\/p>\n","protected":false},"featured_media":7374,"template":"","meta":[],"product_brand":[],"product_cat":[353,251],"product_tag":[252],"class_list":{"0":"post-7372","1":"product","2":"type-product","3":"status-publish","4":"has-post-thumbnail","6":"product_cat-filteranlagen","7":"product_cat-filtersets","8":"product_tag-filtersets","9":"thunk-woo-product-list","10":"open-woo-hover-none","11":"open-single-product-tab-horizontal","12":"open-shadow-","13":"open-shadow-hover-","15":"first","16":"instock","17":"taxable","18":"shipping-taxable","19":"purchasable","20":"product-type-simple"},"yoast_head":"<!-- This site is optimized with the Yoast SEO plugin v26.9 - https:\/\/yoast.com\/product\/yoast-seo-wordpress\/ -->\n<title>Filteranlage Balaton Plus Top 710 Basic - Pool-House<\/title>\n<meta name=\"robots\" content=\"index, follow, max-snippet:-1, max-image-preview:large, max-video-preview:-1\" \/>\n<link rel=\"canonical\" href=\"https:\/\/pool-house.shop\/de\/product\/filteranlage-balaton-plus-top-710-basic\/\" \/>\n<meta property=\"og:locale\" content=\"de_DE\" \/>\n<meta property=\"og:type\" content=\"article\" \/>\n<meta property=\"og:title\" content=\"Filteranlage Balaton Plus Top 710 Basic - Pool-House\" \/>\n<meta property=\"og:description\" content=\"Filteranlage Balaton Top - Basic  Selbstansaugende Pumpe Basic mit einem Filterbeh\u00e4lter vom Typ Balaton Top. Eine komplette und kosteng\u00fcnstige L\u00f6sung mit einfacher Installationsm\u00f6glichkeit f\u00fcr kleine bis mittelgro\u00dfe Pools.  Das Set enth\u00e4lt eine zuverl\u00e4ssige und langlebige Pumpe sowie die f\u00fcr Montage und optimalen Betrieb erforderlichen Komponenten.  Im Lieferumfang ist ein Spezialwerkzeug zum einfachen Abschrauben des transparenten Vorfilterdeckels enthalten. Die Pumpe ist vom Amt des Obersten Hygienikers (OTH) zugelassen.  Filtersets  Sandfiltersysteme sind so konzipiert und installiert, dass sie eine ideale Kombination aus Energieeffizienz und au\u00dfergew\u00f6hnlicher Wasserreinheit bieten. Ein breites Angebot an Filteranlagen, Pumpen und Zubeh\u00f6r erm\u00f6glicht die Auswahl eines Systems, das am besten zum jeweiligen Pool passt. Die Filtersysteme sind so konzipiert, dass sie schnell montiert werden k\u00f6nnen und die Komponenten koordiniert funktionieren. Die Leistung der Pumpen und Filteranlagen ist f\u00fcr maximalen Durchfluss und Energieeffizienz aufeinander abgestimmt. Die Filteranlagen sind aus Polypropylen gefertigt f\u00fcr eine lange Lebensdauer. Pumpe Basic Diese Pumpe f\u00fcr private Pools ist aus Thermoplast gefertigt und zeichnet sich durch vielf\u00e4ltige Installationsm\u00f6glichkeiten aus. Alle ihre Elemente sind aus korrosionsbest\u00e4ndigem Thermoplast gefertigt, um Langlebigkeit und eine lange Lebensdauer zu gew\u00e4hrleisten. Saug- und Druckanschluss je nach Typ 1 1\/2&quot; \u2013 D50 \u2013 D63.  Filterbeh\u00e4lter Balaton Dieser Filterbeh\u00e4lter wird im Spritzgussverfahren aus 100 % Polypropylen hergestellt.  Er ist f\u00fcr private Pools konzipiert und verf\u00fcgt \u00fcber ein Peraqua Steuerventil.  Exklusive und einzigartige Konstruktion, hergestellt mit der neuesten Spritzgusstechnologie unter Verwendung von erstklassigem Polypropylen in Lebensmittelqualit\u00e4t, das maximale Qualit\u00e4t, Zuverl\u00e4ssigkeit und Leistung garantiert.  Eigenschaften: - Geh\u00e4use und Sockel aus 100 % Polypropylen,  - Arbeitsdruck: max. 2,5 bar,  - Exklusives Design,  - Einfache Installation,  - Hohe Best\u00e4ndigkeit gegen jede Belastung, - Ausgestattet mit einem Peraqua Ventil,  - Transparenter Beh\u00e4lterdeckel.\" \/>\n<meta property=\"og:url\" content=\"https:\/\/pool-house.shop\/de\/product\/filteranlage-balaton-plus-top-710-basic\/\" \/>\n<meta property=\"og:site_name\" content=\"Pool-House\" \/>\n<meta property=\"article:publisher\" content=\"https:\/\/www.facebook.com\/termodomsk\/\" \/>\n<meta property=\"og:image\" content=\"https:\/\/pool-house.shop\/wp-content\/uploads\/2025\/03\/045317.png\" \/>\n\t<meta property=\"og:image:width\" content=\"1200\" \/>\n\t<meta property=\"og:image:height\" content=\"1200\" \/>\n\t<meta property=\"og:image:type\" content=\"image\/png\" \/>\n<meta name=\"twitter:card\" content=\"summary_large_image\" \/>\n<meta name=\"twitter:label1\" content=\"Gesch\u00e4tzte Lesezeit\" \/>\n\t<meta name=\"twitter:data1\" content=\"1\u00a0Minute\" \/>\n<script type=\"application\/ld+json\" class=\"yoast-schema-graph\">{\"@context\":\"https:\/\/schema.org\",\"@graph\":[{\"@type\":\"WebPage\",\"@id\":\"https:\/\/pool-house.shop\/de\/product\/filteranlage-balaton-plus-top-710-basic\/\",\"url\":\"https:\/\/pool-house.shop\/de\/product\/filteranlage-balaton-plus-top-710-basic\/\",\"name\":\"Filteranlage Balaton Plus Top 710 Basic - Pool-House\",\"isPartOf\":{\"@id\":\"https:\/\/pool-house.shop\/de\/#website\"},\"primaryImageOfPage\":{\"@id\":\"https:\/\/pool-house.shop\/de\/product\/filteranlage-balaton-plus-top-710-basic\/#primaryimage\"},\"image\":{\"@id\":\"https:\/\/pool-house.shop\/de\/product\/filteranlage-balaton-plus-top-710-basic\/#primaryimage\"},\"thumbnailUrl\":\"https:\/\/pool-house.shop\/wp-content\/uploads\/2025\/03\/045317.png\",\"datePublished\":\"2025-03-23T22:54:14+00:00\",\"breadcrumb\":{\"@id\":\"https:\/\/pool-house.shop\/de\/product\/filteranlage-balaton-plus-top-710-basic\/#breadcrumb\"},\"inLanguage\":\"de\",\"potentialAction\":[{\"@type\":\"ReadAction\",\"target\":[\"https:\/\/pool-house.shop\/de\/product\/filteranlage-balaton-plus-top-710-basic\/\"]}]},{\"@type\":\"ImageObject\",\"inLanguage\":\"de\",\"@id\":\"https:\/\/pool-house.shop\/de\/product\/filteranlage-balaton-plus-top-710-basic\/#primaryimage\",\"url\":\"https:\/\/pool-house.shop\/wp-content\/uploads\/2025\/03\/045317.png\",\"contentUrl\":\"https:\/\/pool-house.shop\/wp-content\/uploads\/2025\/03\/045317.png\",\"width\":1200,\"height\":1200},{\"@type\":\"BreadcrumbList\",\"@id\":\"https:\/\/pool-house.shop\/de\/product\/filteranlage-balaton-plus-top-710-basic\/#breadcrumb\",\"itemListElement\":[{\"@type\":\"ListItem\",\"position\":1,\"name\":\"Domovsk\u00e1 str\u00e1nka\",\"item\":\"https:\/\/pool-house.shop\/de\/\"},{\"@type\":\"ListItem\",\"position\":2,\"name\":\"Shop\",\"item\":\"https:\/\/pool-house.shop\/de\/shop\/\"},{\"@type\":\"ListItem\",\"position\":3,\"name\":\"Filteranlage Balaton Plus Top 710 Basic\"}]},{\"@type\":\"WebSite\",\"@id\":\"https:\/\/pool-house.shop\/de\/#website\",\"url\":\"https:\/\/pool-house.shop\/de\/\",\"name\":\"Pool-House\",\"description\":\"\",\"publisher\":{\"@id\":\"https:\/\/pool-house.shop\/de\/#organization\"},\"potentialAction\":[{\"@type\":\"SearchAction\",\"target\":{\"@type\":\"EntryPoint\",\"urlTemplate\":\"https:\/\/pool-house.shop\/de\/?s={search_term_string}\"},\"query-input\":{\"@type\":\"PropertyValueSpecification\",\"valueRequired\":true,\"valueName\":\"search_term_string\"}}],\"inLanguage\":\"de\"},{\"@type\":\"Organization\",\"@id\":\"https:\/\/pool-house.shop\/de\/#organization\",\"name\":\"Pool-House\",\"url\":\"https:\/\/pool-house.shop\/de\/\",\"logo\":{\"@type\":\"ImageObject\",\"inLanguage\":\"de\",\"@id\":\"https:\/\/pool-house.shop\/de\/#\/schema\/logo\/image\/\",\"url\":\"https:\/\/pool-house.shop\/wp-content\/uploads\/2025\/10\/logo-2-stvorec-mobil-modre.png\",\"contentUrl\":\"https:\/\/pool-house.shop\/wp-content\/uploads\/2025\/10\/logo-2-stvorec-mobil-modre.png\",\"width\":273,\"height\":189,\"caption\":\"Pool-House\"},\"image\":{\"@id\":\"https:\/\/pool-house.shop\/de\/#\/schema\/logo\/image\/\"},\"sameAs\":[\"https:\/\/www.facebook.com\/termodomsk\/\"]}]}<\/script>\n<!-- \/ Yoast SEO plugin. -->","yoast_head_json":{"title":"Filteranlage Balaton Plus Top 710 Basic - Pool-House","robots":{"index":"index","follow":"follow","max-snippet":"max-snippet:-1","max-image-preview":"max-image-preview:large","max-video-preview":"max-video-preview:-1"},"canonical":"https:\/\/pool-house.shop\/de\/product\/filteranlage-balaton-plus-top-710-basic\/","og_locale":"de_DE","og_type":"article","og_title":"Filteranlage Balaton Plus Top 710 Basic - Pool-House","og_description":"Filteranlage Balaton Top - Basic  Selbstansaugende Pumpe Basic mit einem Filterbeh\u00e4lter vom Typ Balaton Top. Eine komplette und kosteng\u00fcnstige L\u00f6sung mit einfacher Installationsm\u00f6glichkeit f\u00fcr kleine bis mittelgro\u00dfe Pools.  Das Set enth\u00e4lt eine zuverl\u00e4ssige und langlebige Pumpe sowie die f\u00fcr Montage und optimalen Betrieb erforderlichen Komponenten.  Im Lieferumfang ist ein Spezialwerkzeug zum einfachen Abschrauben des transparenten Vorfilterdeckels enthalten. Die Pumpe ist vom Amt des Obersten Hygienikers (OTH) zugelassen.  Filtersets  Sandfiltersysteme sind so konzipiert und installiert, dass sie eine ideale Kombination aus Energieeffizienz und au\u00dfergew\u00f6hnlicher Wasserreinheit bieten. Ein breites Angebot an Filteranlagen, Pumpen und Zubeh\u00f6r erm\u00f6glicht die Auswahl eines Systems, das am besten zum jeweiligen Pool passt. Die Filtersysteme sind so konzipiert, dass sie schnell montiert werden k\u00f6nnen und die Komponenten koordiniert funktionieren. Die Leistung der Pumpen und Filteranlagen ist f\u00fcr maximalen Durchfluss und Energieeffizienz aufeinander abgestimmt. Die Filteranlagen sind aus Polypropylen gefertigt f\u00fcr eine lange Lebensdauer. Pumpe Basic Diese Pumpe f\u00fcr private Pools ist aus Thermoplast gefertigt und zeichnet sich durch vielf\u00e4ltige Installationsm\u00f6glichkeiten aus. Alle ihre Elemente sind aus korrosionsbest\u00e4ndigem Thermoplast gefertigt, um Langlebigkeit und eine lange Lebensdauer zu gew\u00e4hrleisten. Saug- und Druckanschluss je nach Typ 1 1\/2\" \u2013 D50 \u2013 D63.  Filterbeh\u00e4lter Balaton Dieser Filterbeh\u00e4lter wird im Spritzgussverfahren aus 100 % Polypropylen hergestellt.  Er ist f\u00fcr private Pools konzipiert und verf\u00fcgt \u00fcber ein Peraqua Steuerventil.  Exklusive und einzigartige Konstruktion, hergestellt mit der neuesten Spritzgusstechnologie unter Verwendung von erstklassigem Polypropylen in Lebensmittelqualit\u00e4t, das maximale Qualit\u00e4t, Zuverl\u00e4ssigkeit und Leistung garantiert.  Eigenschaften: - Geh\u00e4use und Sockel aus 100 % Polypropylen,  - Arbeitsdruck: max. 2,5 bar,  - Exklusives Design,  - Einfache Installation,  - Hohe Best\u00e4ndigkeit gegen jede Belastung, - Ausgestattet mit einem Peraqua Ventil,  - Transparenter Beh\u00e4lterdeckel.","og_url":"https:\/\/pool-house.shop\/de\/product\/filteranlage-balaton-plus-top-710-basic\/","og_site_name":"Pool-House","article_publisher":"https:\/\/www.facebook.com\/termodomsk\/","og_image":[{"width":1200,"height":1200,"url":"https:\/\/pool-house.shop\/wp-content\/uploads\/2025\/03\/045317.png","type":"image\/png"}],"twitter_card":"summary_large_image","twitter_misc":{"Gesch\u00e4tzte Lesezeit":"1\u00a0Minute"},"schema":{"@context":"https:\/\/schema.org","@graph":[{"@type":"WebPage","@id":"https:\/\/pool-house.shop\/de\/product\/filteranlage-balaton-plus-top-710-basic\/","url":"https:\/\/pool-house.shop\/de\/product\/filteranlage-balaton-plus-top-710-basic\/","name":"Filteranlage Balaton Plus Top 710 Basic - Pool-House","isPartOf":{"@id":"https:\/\/pool-house.shop\/de\/#website"},"primaryImageOfPage":{"@id":"https:\/\/pool-house.shop\/de\/product\/filteranlage-balaton-plus-top-710-basic\/#primaryimage"},"image":{"@id":"https:\/\/pool-house.shop\/de\/product\/filteranlage-balaton-plus-top-710-basic\/#primaryimage"},"thumbnailUrl":"https:\/\/pool-house.shop\/wp-content\/uploads\/2025\/03\/045317.png","datePublished":"2025-03-23T22:54:14+00:00","breadcrumb":{"@id":"https:\/\/pool-house.shop\/de\/product\/filteranlage-balaton-plus-top-710-basic\/#breadcrumb"},"inLanguage":"de","potentialAction":[{"@type":"ReadAction","target":["https:\/\/pool-house.shop\/de\/product\/filteranlage-balaton-plus-top-710-basic\/"]}]},{"@type":"ImageObject","inLanguage":"de","@id":"https:\/\/pool-house.shop\/de\/product\/filteranlage-balaton-plus-top-710-basic\/#primaryimage","url":"https:\/\/pool-house.shop\/wp-content\/uploads\/2025\/03\/045317.png","contentUrl":"https:\/\/pool-house.shop\/wp-content\/uploads\/2025\/03\/045317.png","width":1200,"height":1200},{"@type":"BreadcrumbList","@id":"https:\/\/pool-house.shop\/de\/product\/filteranlage-balaton-plus-top-710-basic\/#breadcrumb","itemListElement":[{"@type":"ListItem","position":1,"name":"Domovsk\u00e1 str\u00e1nka","item":"https:\/\/pool-house.shop\/de\/"},{"@type":"ListItem","position":2,"name":"Shop","item":"https:\/\/pool-house.shop\/de\/shop\/"},{"@type":"ListItem","position":3,"name":"Filteranlage Balaton Plus Top 710 Basic"}]},{"@type":"WebSite","@id":"https:\/\/pool-house.shop\/de\/#website","url":"https:\/\/pool-house.shop\/de\/","name":"Pool-House","description":"","publisher":{"@id":"https:\/\/pool-house.shop\/de\/#organization"},"potentialAction":[{"@type":"SearchAction","target":{"@type":"EntryPoint","urlTemplate":"https:\/\/pool-house.shop\/de\/?s={search_term_string}"},"query-input":{"@type":"PropertyValueSpecification","valueRequired":true,"valueName":"search_term_string"}}],"inLanguage":"de"},{"@type":"Organization","@id":"https:\/\/pool-house.shop\/de\/#organization","name":"Pool-House","url":"https:\/\/pool-house.shop\/de\/","logo":{"@type":"ImageObject","inLanguage":"de","@id":"https:\/\/pool-house.shop\/de\/#\/schema\/logo\/image\/","url":"https:\/\/pool-house.shop\/wp-content\/uploads\/2025\/10\/logo-2-stvorec-mobil-modre.png","contentUrl":"https:\/\/pool-house.shop\/wp-content\/uploads\/2025\/10\/logo-2-stvorec-mobil-modre.png","width":273,"height":189,"caption":"Pool-House"},"image":{"@id":"https:\/\/pool-house.shop\/de\/#\/schema\/logo\/image\/"},"sameAs":["https:\/\/www.facebook.com\/termodomsk\/"]}]}},"_links":{"self":[{"href":"https:\/\/pool-house.shop\/de\/wp-json\/wp\/v2\/product\/7372","targetHints":{"allow":["GET"]}}],"collection":[{"href":"https:\/\/pool-house.shop\/de\/wp-json\/wp\/v2\/product"}],"about":[{"href":"https:\/\/pool-house.shop\/de\/wp-json\/wp\/v2\/types\/product"}],"wp:featuredmedia":[{"embeddable":true,"href":"https:\/\/pool-house.shop\/de\/wp-json\/wp\/v2\/media\/7374"}],"wp:attachment":[{"href":"https:\/\/pool-house.shop\/de\/wp-json\/wp\/v2\/media?parent=7372"}],"wp:term":[{"taxonomy":"product_brand","embeddable":true,"href":"https:\/\/pool-house.shop\/de\/wp-json\/wp\/v2\/product_brand?post=7372"},{"taxonomy":"product_cat","embeddable":true,"href":"https:\/\/pool-house.shop\/de\/wp-json\/wp\/v2\/product_cat?post=7372"},{"taxonomy":"product_tag","embeddable":true,"href":"https:\/\/pool-house.shop\/de\/wp-json\/wp\/v2\/product_tag?post=7372"}],"curies":[{"name":"wp","href":"https:\/\/api.w.org\/{rel}","templated":true}]}}