{"id":7396,"date":"2025-03-23T23:54:35","date_gmt":"2025-03-23T22:54:35","guid":{"rendered":"https:\/\/pool-house.shop\/product\/filterset-pacific-510-badu-top-ii\/"},"modified":"2025-03-23T23:54:35","modified_gmt":"2025-03-23T22:54:35","slug":"filterset-pacific-510-badu-top-ii","status":"publish","type":"product","link":"https:\/\/pool-house.shop\/de\/product\/filterset-pacific-510-badu-top-ii\/","title":{"rendered":"Filterset Pacific 510 BADU Top II"},"content":{"rendered":"<p>Filterset Pacific \u2013 BADU<\/p>\n<p> Hochwertige selbstansaugende Pumpe BADU Top II mit Filterbeh\u00e4lter Typ Pacific Side. Die Filteranlage ist aus Polypropylen f\u00fcr eine lange Lebensdauer gefertigt. Eine komplette und kosteng\u00fcnstige L\u00f6sung mit einfacher Installation f\u00fcr kleine bis mittelgro\u00dfe Pools.<br \/>\n Das Set enth\u00e4lt eine zuverl\u00e4ssige und langlebige Pumpe sowie die f\u00fcr Montage und optimalen Betrieb erforderlichen Komponenten. <\/p>\n<p> Filtersets<br \/>\n Sandfiltersysteme sind so konzipiert und installiert, dass sie eine ideale Kombination aus Energieeffizienz und au\u00dfergew\u00f6hnlicher Wasserreinheit bieten. Eine breite Palette an Filteranlagen, Pumpen und Zubeh\u00f6r erm\u00f6glicht die Auswahl des Systems, das am besten zum jeweiligen Pool passt. Die Filtersysteme sind so konzipiert, dass sie schnell montiert werden k\u00f6nnen und die Komponenten koordiniert funktionieren. Die Leistung der Pumpen und Filteranlagen ist f\u00fcr maximalen Durchfluss und Energieeffizienz aufeinander abgestimmt.<br \/>\n Die Filteranlagen sind aus Polypropylen f\u00fcr eine lange Lebensdauer gefertigt.<\/p>\n<p> Pumpe BADU Top II<br \/>\n Hochleistungs-selbstansaugende Umw\u00e4lzpumpe f\u00fcr private und \u00f6ffentliche Schwimmb\u00e4der.<br \/>\n Diese Pumpe ist speziell f\u00fcr mittelgro\u00dfe Aufstellbecken, teilversenkte Becken und kleine Schwimmteiche konzipiert. Dank ihrer hohen Leistung kann an diese Pumpe auch ein automatischer Poolreiniger angeschlossen werden. Saug- und Druckanschluss: 2&#8243;\/1 \u00bd&#8220;.<br \/>\n Monoblockpumpe mit integriertem Vorfilter (3 l). Sie verf\u00fcgt \u00fcber eine transparente Polycarbonatabdeckung. Sie kann in Salzwassersystemen (Elektrolyse) bei einer Salzkonzentration von max. 5 g\/l installiert werden.<\/p>\n<p> Filterbeh\u00e4lter Pacific Side<br \/>\n Einfach zu bedienende Filteranlage f\u00fcr private Pools. Sie wird nach Industriestandards gefertigt. Dieser hochwertige, glasfaserverst\u00e4rkte Beh\u00e4lter ist UV-best\u00e4ndig beschichtet und hat eine 5-j\u00e4hrige Garantie. Er ist mit einem Manometer und einem 6-Wege-Steuerventil ausgestattet.<\/p>\n<p> Eigenschaften:<br \/>\n &#8211; Lieferung mit Glycerin-Manometer,<br \/>\n &#8211; Schwarzer verst\u00e4rkter Deckel, befestigt mit einer Gewindeschraube,<br \/>\n &#8211; Lieferung mit Praher-Ventil,<br \/>\n &#8211; Gro\u00dfe Ablass\u00f6ffnung f\u00fcr einfacheres Entleeren von Wasser und Sand,<br \/>\n &#8211; 5 Jahre Garantie,<br \/>\n &#8211; Alle Beh\u00e4lter sind druckgepr\u00fcft,<br \/>\n &#8211; Der Filterbeh\u00e4lter ist vom Amt des Obersten Hygienikers (OTH) zugelassen.      <\/p>\n","protected":false},"excerpt":{"rendered":"<p>Filterset Pacific \u2013 BADU<\/p>\n<p> Hochwertige selbstansaugende Pumpe BADU Top II mit Filterbeh\u00e4lter Typ Pacific Side. Die Filteranlage ist aus Polypropylen f\u00fcr eine lange Lebensdauer gefertigt. Eine komplette und kosteng\u00fcnstige L\u00f6sung mit einfacher Installation f\u00fcr kleine bis mittelgro\u00dfe Pools.<br \/>\n Das Set enth\u00e4lt eine zuverl\u00e4ssige und langlebige Pumpe sowie die f\u00fcr Montage und optimalen Betrieb erforderlichen Komponenten. <\/p>\n<p> Filtersets<br \/>\n Sandfiltersysteme sind so konzipiert und installiert, dass sie eine ideale Kombination aus Energieeffizienz und au\u00dfergew\u00f6hnlicher Wasserreinheit bieten. Eine breite Palette an Filteranlagen, Pumpen und Zubeh\u00f6r erm\u00f6glicht die Auswahl des Systems, das am besten zum jeweiligen Pool passt. Die Filtersysteme sind so konzipiert, dass sie schnell montiert werden k\u00f6nnen und die Komponenten koordiniert funktionieren. Die Leistung der Pumpen und Filteranlagen ist f\u00fcr maximalen Durchfluss und Energieeffizienz aufeinander abgestimmt.<br \/>\n Die Filteranlagen sind aus Polypropylen f\u00fcr eine lange Lebensdauer gefertigt.<\/p>\n<p> Pumpe BADU Top II<br \/>\n Hochleistungs-selbstansaugende Umw\u00e4lzpumpe f\u00fcr private und \u00f6ffentliche Schwimmb\u00e4der.<br \/>\n Diese Pumpe ist speziell f\u00fcr mittelgro\u00dfe Aufstellbecken, teilversenkte Becken und kleine Schwimmteiche konzipiert. Dank ihrer hohen Leistung kann an diese Pumpe auch ein automatischer Poolreiniger angeschlossen werden. Saug- und Druckanschluss: 2&#8243;\/1 \u00bd&#8220;.<br \/>\n Monoblockpumpe mit integriertem Vorfilter (3 l). Sie verf\u00fcgt \u00fcber eine transparente Polycarbonatabdeckung. Sie kann in Salzwassersystemen (Elektrolyse) bei einer Salzkonzentration von max. 5 g\/l installiert werden.<\/p>\n<p> Filterbeh\u00e4lter Pacific Side<br \/>\n Einfach zu bedienende Filteranlage f\u00fcr private Pools. Sie wird nach Industriestandards gefertigt. Dieser hochwertige, glasfaserverst\u00e4rkte Beh\u00e4lter ist UV-best\u00e4ndig beschichtet und hat eine 5-j\u00e4hrige Garantie. Er ist mit einem Manometer und einem 6-Wege-Steuerventil ausgestattet.<\/p>\n<p> Eigenschaften:<br \/>\n &#8211; Lieferung mit Glycerin-Manometer,<br \/>\n &#8211; Schwarzer verst\u00e4rkter Deckel, befestigt mit einer Gewindeschraube,<br \/>\n &#8211; Lieferung mit Praher-Ventil,<br \/>\n &#8211; Gro\u00dfe Ablass\u00f6ffnung f\u00fcr einfacheres Entleeren von Wasser und Sand,<br \/>\n &#8211; 5 Jahre Garantie,<br \/>\n &#8211; Alle Beh\u00e4lter sind druckgepr\u00fcft,<br \/>\n &#8211; Der Filterbeh\u00e4lter ist vom Amt des Obersten Hygienikers (OTH) zugelassen.      <\/p>\n","protected":false},"featured_media":7398,"template":"","meta":[],"product_brand":[],"product_cat":[353,251],"product_tag":[252],"class_list":{"0":"post-7396","1":"product","2":"type-product","3":"status-publish","4":"has-post-thumbnail","6":"product_cat-filteranlagen","7":"product_cat-filtersets","8":"product_tag-filtersets","9":"thunk-woo-product-list","10":"open-woo-hover-none","11":"open-single-product-tab-horizontal","12":"open-shadow-","13":"open-shadow-hover-","15":"first","16":"instock","17":"taxable","18":"shipping-taxable","19":"purchasable","20":"product-type-simple"},"yoast_head":"<!-- This site is optimized with the Yoast SEO plugin v26.9 - https:\/\/yoast.com\/product\/yoast-seo-wordpress\/ -->\n<title>Filterset Pacific 510 BADU Top II - Pool-House<\/title>\n<meta name=\"robots\" content=\"index, follow, max-snippet:-1, max-image-preview:large, max-video-preview:-1\" \/>\n<link rel=\"canonical\" href=\"https:\/\/pool-house.shop\/de\/product\/filterset-pacific-510-badu-top-ii\/\" \/>\n<meta property=\"og:locale\" content=\"de_DE\" \/>\n<meta property=\"og:type\" content=\"article\" \/>\n<meta property=\"og:title\" content=\"Filterset Pacific 510 BADU Top II - Pool-House\" \/>\n<meta property=\"og:description\" content=\"Filterset Pacific \u2013 BADU  Hochwertige selbstansaugende Pumpe BADU Top II mit Filterbeh\u00e4lter Typ Pacific Side. Die Filteranlage ist aus Polypropylen f\u00fcr eine lange Lebensdauer gefertigt. Eine komplette und kosteng\u00fcnstige L\u00f6sung mit einfacher Installation f\u00fcr kleine bis mittelgro\u00dfe Pools.  Das Set enth\u00e4lt eine zuverl\u00e4ssige und langlebige Pumpe sowie die f\u00fcr Montage und optimalen Betrieb erforderlichen Komponenten.   Filtersets  Sandfiltersysteme sind so konzipiert und installiert, dass sie eine ideale Kombination aus Energieeffizienz und au\u00dfergew\u00f6hnlicher Wasserreinheit bieten. Eine breite Palette an Filteranlagen, Pumpen und Zubeh\u00f6r erm\u00f6glicht die Auswahl des Systems, das am besten zum jeweiligen Pool passt. Die Filtersysteme sind so konzipiert, dass sie schnell montiert werden k\u00f6nnen und die Komponenten koordiniert funktionieren. Die Leistung der Pumpen und Filteranlagen ist f\u00fcr maximalen Durchfluss und Energieeffizienz aufeinander abgestimmt.  Die Filteranlagen sind aus Polypropylen f\u00fcr eine lange Lebensdauer gefertigt.  Pumpe BADU Top II Hochleistungs-selbstansaugende Umw\u00e4lzpumpe f\u00fcr private und \u00f6ffentliche Schwimmb\u00e4der. Diese Pumpe ist speziell f\u00fcr mittelgro\u00dfe Aufstellbecken, teilversenkte Becken und kleine Schwimmteiche konzipiert. Dank ihrer hohen Leistung kann an diese Pumpe auch ein automatischer Poolreiniger angeschlossen werden. Saug- und Druckanschluss: 2&quot;\/1 \u00bd&quot;.     Monoblockpumpe mit integriertem Vorfilter (3 l). Sie verf\u00fcgt \u00fcber eine transparente Polycarbonatabdeckung. Sie kann in Salzwassersystemen (Elektrolyse) bei einer Salzkonzentration von max. 5 g\/l installiert werden.  Filterbeh\u00e4lter Pacific Side Einfach zu bedienende Filteranlage f\u00fcr private Pools. Sie wird nach Industriestandards gefertigt. Dieser hochwertige, glasfaserverst\u00e4rkte Beh\u00e4lter ist UV-best\u00e4ndig beschichtet und hat eine 5-j\u00e4hrige Garantie. Er ist mit einem Manometer und einem 6-Wege-Steuerventil ausgestattet.  Eigenschaften: - Lieferung mit Glycerin-Manometer, - Schwarzer verst\u00e4rkter Deckel, befestigt mit einer Gewindeschraube, - Lieferung mit Praher-Ventil, - Gro\u00dfe Ablass\u00f6ffnung f\u00fcr einfacheres Entleeren von Wasser und Sand, - 5 Jahre Garantie, - Alle Beh\u00e4lter sind druckgepr\u00fcft, - Der Filterbeh\u00e4lter ist vom Amt des Obersten Hygienikers (OTH) zugelassen.\" \/>\n<meta property=\"og:url\" content=\"https:\/\/pool-house.shop\/de\/product\/filterset-pacific-510-badu-top-ii\/\" \/>\n<meta property=\"og:site_name\" content=\"Pool-House\" \/>\n<meta property=\"article:publisher\" content=\"https:\/\/www.facebook.com\/termodomsk\/\" \/>\n<meta property=\"og:image\" content=\"https:\/\/pool-house.shop\/wp-content\/uploads\/2025\/03\/048012.png\" \/>\n\t<meta property=\"og:image:width\" content=\"1448\" \/>\n\t<meta property=\"og:image:height\" content=\"856\" \/>\n\t<meta property=\"og:image:type\" content=\"image\/png\" \/>\n<meta name=\"twitter:card\" content=\"summary_large_image\" \/>\n<meta name=\"twitter:label1\" content=\"Gesch\u00e4tzte Lesezeit\" \/>\n\t<meta name=\"twitter:data1\" content=\"2\u00a0Minuten\" \/>\n<script type=\"application\/ld+json\" class=\"yoast-schema-graph\">{\"@context\":\"https:\/\/schema.org\",\"@graph\":[{\"@type\":\"WebPage\",\"@id\":\"https:\/\/pool-house.shop\/de\/product\/filterset-pacific-510-badu-top-ii\/\",\"url\":\"https:\/\/pool-house.shop\/de\/product\/filterset-pacific-510-badu-top-ii\/\",\"name\":\"Filterset Pacific 510 BADU Top II - Pool-House\",\"isPartOf\":{\"@id\":\"https:\/\/pool-house.shop\/de\/#website\"},\"primaryImageOfPage\":{\"@id\":\"https:\/\/pool-house.shop\/de\/product\/filterset-pacific-510-badu-top-ii\/#primaryimage\"},\"image\":{\"@id\":\"https:\/\/pool-house.shop\/de\/product\/filterset-pacific-510-badu-top-ii\/#primaryimage\"},\"thumbnailUrl\":\"https:\/\/pool-house.shop\/wp-content\/uploads\/2025\/03\/048012.png\",\"datePublished\":\"2025-03-23T22:54:35+00:00\",\"breadcrumb\":{\"@id\":\"https:\/\/pool-house.shop\/de\/product\/filterset-pacific-510-badu-top-ii\/#breadcrumb\"},\"inLanguage\":\"de\",\"potentialAction\":[{\"@type\":\"ReadAction\",\"target\":[\"https:\/\/pool-house.shop\/de\/product\/filterset-pacific-510-badu-top-ii\/\"]}]},{\"@type\":\"ImageObject\",\"inLanguage\":\"de\",\"@id\":\"https:\/\/pool-house.shop\/de\/product\/filterset-pacific-510-badu-top-ii\/#primaryimage\",\"url\":\"https:\/\/pool-house.shop\/wp-content\/uploads\/2025\/03\/048012.png\",\"contentUrl\":\"https:\/\/pool-house.shop\/wp-content\/uploads\/2025\/03\/048012.png\",\"width\":1448,\"height\":856},{\"@type\":\"BreadcrumbList\",\"@id\":\"https:\/\/pool-house.shop\/de\/product\/filterset-pacific-510-badu-top-ii\/#breadcrumb\",\"itemListElement\":[{\"@type\":\"ListItem\",\"position\":1,\"name\":\"Domovsk\u00e1 str\u00e1nka\",\"item\":\"https:\/\/pool-house.shop\/de\/\"},{\"@type\":\"ListItem\",\"position\":2,\"name\":\"Shop\",\"item\":\"https:\/\/pool-house.shop\/de\/shop\/\"},{\"@type\":\"ListItem\",\"position\":3,\"name\":\"Filterset Pacific 510 BADU Top II\"}]},{\"@type\":\"WebSite\",\"@id\":\"https:\/\/pool-house.shop\/de\/#website\",\"url\":\"https:\/\/pool-house.shop\/de\/\",\"name\":\"Pool-House\",\"description\":\"\",\"publisher\":{\"@id\":\"https:\/\/pool-house.shop\/de\/#organization\"},\"potentialAction\":[{\"@type\":\"SearchAction\",\"target\":{\"@type\":\"EntryPoint\",\"urlTemplate\":\"https:\/\/pool-house.shop\/de\/?s={search_term_string}\"},\"query-input\":{\"@type\":\"PropertyValueSpecification\",\"valueRequired\":true,\"valueName\":\"search_term_string\"}}],\"inLanguage\":\"de\"},{\"@type\":\"Organization\",\"@id\":\"https:\/\/pool-house.shop\/de\/#organization\",\"name\":\"Pool-House\",\"url\":\"https:\/\/pool-house.shop\/de\/\",\"logo\":{\"@type\":\"ImageObject\",\"inLanguage\":\"de\",\"@id\":\"https:\/\/pool-house.shop\/de\/#\/schema\/logo\/image\/\",\"url\":\"https:\/\/pool-house.shop\/wp-content\/uploads\/2025\/10\/logo-2-stvorec-mobil-modre.png\",\"contentUrl\":\"https:\/\/pool-house.shop\/wp-content\/uploads\/2025\/10\/logo-2-stvorec-mobil-modre.png\",\"width\":273,\"height\":189,\"caption\":\"Pool-House\"},\"image\":{\"@id\":\"https:\/\/pool-house.shop\/de\/#\/schema\/logo\/image\/\"},\"sameAs\":[\"https:\/\/www.facebook.com\/termodomsk\/\"]}]}<\/script>\n<!-- \/ Yoast SEO plugin. -->","yoast_head_json":{"title":"Filterset Pacific 510 BADU Top II - Pool-House","robots":{"index":"index","follow":"follow","max-snippet":"max-snippet:-1","max-image-preview":"max-image-preview:large","max-video-preview":"max-video-preview:-1"},"canonical":"https:\/\/pool-house.shop\/de\/product\/filterset-pacific-510-badu-top-ii\/","og_locale":"de_DE","og_type":"article","og_title":"Filterset Pacific 510 BADU Top II - Pool-House","og_description":"Filterset Pacific \u2013 BADU  Hochwertige selbstansaugende Pumpe BADU Top II mit Filterbeh\u00e4lter Typ Pacific Side. Die Filteranlage ist aus Polypropylen f\u00fcr eine lange Lebensdauer gefertigt. Eine komplette und kosteng\u00fcnstige L\u00f6sung mit einfacher Installation f\u00fcr kleine bis mittelgro\u00dfe Pools.  Das Set enth\u00e4lt eine zuverl\u00e4ssige und langlebige Pumpe sowie die f\u00fcr Montage und optimalen Betrieb erforderlichen Komponenten.   Filtersets  Sandfiltersysteme sind so konzipiert und installiert, dass sie eine ideale Kombination aus Energieeffizienz und au\u00dfergew\u00f6hnlicher Wasserreinheit bieten. Eine breite Palette an Filteranlagen, Pumpen und Zubeh\u00f6r erm\u00f6glicht die Auswahl des Systems, das am besten zum jeweiligen Pool passt. Die Filtersysteme sind so konzipiert, dass sie schnell montiert werden k\u00f6nnen und die Komponenten koordiniert funktionieren. Die Leistung der Pumpen und Filteranlagen ist f\u00fcr maximalen Durchfluss und Energieeffizienz aufeinander abgestimmt.  Die Filteranlagen sind aus Polypropylen f\u00fcr eine lange Lebensdauer gefertigt.  Pumpe BADU Top II Hochleistungs-selbstansaugende Umw\u00e4lzpumpe f\u00fcr private und \u00f6ffentliche Schwimmb\u00e4der. Diese Pumpe ist speziell f\u00fcr mittelgro\u00dfe Aufstellbecken, teilversenkte Becken und kleine Schwimmteiche konzipiert. Dank ihrer hohen Leistung kann an diese Pumpe auch ein automatischer Poolreiniger angeschlossen werden. Saug- und Druckanschluss: 2\"\/1 \u00bd\".     Monoblockpumpe mit integriertem Vorfilter (3 l). Sie verf\u00fcgt \u00fcber eine transparente Polycarbonatabdeckung. Sie kann in Salzwassersystemen (Elektrolyse) bei einer Salzkonzentration von max. 5 g\/l installiert werden.  Filterbeh\u00e4lter Pacific Side Einfach zu bedienende Filteranlage f\u00fcr private Pools. Sie wird nach Industriestandards gefertigt. Dieser hochwertige, glasfaserverst\u00e4rkte Beh\u00e4lter ist UV-best\u00e4ndig beschichtet und hat eine 5-j\u00e4hrige Garantie. Er ist mit einem Manometer und einem 6-Wege-Steuerventil ausgestattet.  Eigenschaften: - Lieferung mit Glycerin-Manometer, - Schwarzer verst\u00e4rkter Deckel, befestigt mit einer Gewindeschraube, - Lieferung mit Praher-Ventil, - Gro\u00dfe Ablass\u00f6ffnung f\u00fcr einfacheres Entleeren von Wasser und Sand, - 5 Jahre Garantie, - Alle Beh\u00e4lter sind druckgepr\u00fcft, - Der Filterbeh\u00e4lter ist vom Amt des Obersten Hygienikers (OTH) zugelassen.","og_url":"https:\/\/pool-house.shop\/de\/product\/filterset-pacific-510-badu-top-ii\/","og_site_name":"Pool-House","article_publisher":"https:\/\/www.facebook.com\/termodomsk\/","og_image":[{"width":1448,"height":856,"url":"https:\/\/pool-house.shop\/wp-content\/uploads\/2025\/03\/048012.png","type":"image\/png"}],"twitter_card":"summary_large_image","twitter_misc":{"Gesch\u00e4tzte Lesezeit":"2\u00a0Minuten"},"schema":{"@context":"https:\/\/schema.org","@graph":[{"@type":"WebPage","@id":"https:\/\/pool-house.shop\/de\/product\/filterset-pacific-510-badu-top-ii\/","url":"https:\/\/pool-house.shop\/de\/product\/filterset-pacific-510-badu-top-ii\/","name":"Filterset Pacific 510 BADU Top II - Pool-House","isPartOf":{"@id":"https:\/\/pool-house.shop\/de\/#website"},"primaryImageOfPage":{"@id":"https:\/\/pool-house.shop\/de\/product\/filterset-pacific-510-badu-top-ii\/#primaryimage"},"image":{"@id":"https:\/\/pool-house.shop\/de\/product\/filterset-pacific-510-badu-top-ii\/#primaryimage"},"thumbnailUrl":"https:\/\/pool-house.shop\/wp-content\/uploads\/2025\/03\/048012.png","datePublished":"2025-03-23T22:54:35+00:00","breadcrumb":{"@id":"https:\/\/pool-house.shop\/de\/product\/filterset-pacific-510-badu-top-ii\/#breadcrumb"},"inLanguage":"de","potentialAction":[{"@type":"ReadAction","target":["https:\/\/pool-house.shop\/de\/product\/filterset-pacific-510-badu-top-ii\/"]}]},{"@type":"ImageObject","inLanguage":"de","@id":"https:\/\/pool-house.shop\/de\/product\/filterset-pacific-510-badu-top-ii\/#primaryimage","url":"https:\/\/pool-house.shop\/wp-content\/uploads\/2025\/03\/048012.png","contentUrl":"https:\/\/pool-house.shop\/wp-content\/uploads\/2025\/03\/048012.png","width":1448,"height":856},{"@type":"BreadcrumbList","@id":"https:\/\/pool-house.shop\/de\/product\/filterset-pacific-510-badu-top-ii\/#breadcrumb","itemListElement":[{"@type":"ListItem","position":1,"name":"Domovsk\u00e1 str\u00e1nka","item":"https:\/\/pool-house.shop\/de\/"},{"@type":"ListItem","position":2,"name":"Shop","item":"https:\/\/pool-house.shop\/de\/shop\/"},{"@type":"ListItem","position":3,"name":"Filterset Pacific 510 BADU Top II"}]},{"@type":"WebSite","@id":"https:\/\/pool-house.shop\/de\/#website","url":"https:\/\/pool-house.shop\/de\/","name":"Pool-House","description":"","publisher":{"@id":"https:\/\/pool-house.shop\/de\/#organization"},"potentialAction":[{"@type":"SearchAction","target":{"@type":"EntryPoint","urlTemplate":"https:\/\/pool-house.shop\/de\/?s={search_term_string}"},"query-input":{"@type":"PropertyValueSpecification","valueRequired":true,"valueName":"search_term_string"}}],"inLanguage":"de"},{"@type":"Organization","@id":"https:\/\/pool-house.shop\/de\/#organization","name":"Pool-House","url":"https:\/\/pool-house.shop\/de\/","logo":{"@type":"ImageObject","inLanguage":"de","@id":"https:\/\/pool-house.shop\/de\/#\/schema\/logo\/image\/","url":"https:\/\/pool-house.shop\/wp-content\/uploads\/2025\/10\/logo-2-stvorec-mobil-modre.png","contentUrl":"https:\/\/pool-house.shop\/wp-content\/uploads\/2025\/10\/logo-2-stvorec-mobil-modre.png","width":273,"height":189,"caption":"Pool-House"},"image":{"@id":"https:\/\/pool-house.shop\/de\/#\/schema\/logo\/image\/"},"sameAs":["https:\/\/www.facebook.com\/termodomsk\/"]}]}},"_links":{"self":[{"href":"https:\/\/pool-house.shop\/de\/wp-json\/wp\/v2\/product\/7396","targetHints":{"allow":["GET"]}}],"collection":[{"href":"https:\/\/pool-house.shop\/de\/wp-json\/wp\/v2\/product"}],"about":[{"href":"https:\/\/pool-house.shop\/de\/wp-json\/wp\/v2\/types\/product"}],"wp:featuredmedia":[{"embeddable":true,"href":"https:\/\/pool-house.shop\/de\/wp-json\/wp\/v2\/media\/7398"}],"wp:attachment":[{"href":"https:\/\/pool-house.shop\/de\/wp-json\/wp\/v2\/media?parent=7396"}],"wp:term":[{"taxonomy":"product_brand","embeddable":true,"href":"https:\/\/pool-house.shop\/de\/wp-json\/wp\/v2\/product_brand?post=7396"},{"taxonomy":"product_cat","embeddable":true,"href":"https:\/\/pool-house.shop\/de\/wp-json\/wp\/v2\/product_cat?post=7396"},{"taxonomy":"product_tag","embeddable":true,"href":"https:\/\/pool-house.shop\/de\/wp-json\/wp\/v2\/product_tag?post=7396"}],"curies":[{"name":"wp","href":"https:\/\/api.w.org\/{rel}","templated":true}]}}