{"id":7406,"date":"2025-03-23T23:54:30","date_gmt":"2025-03-23T22:54:30","guid":{"rendered":"https:\/\/pool-house.shop\/product\/filteranlage-pacific-750-winner-200m\/"},"modified":"2025-03-23T23:54:30","modified_gmt":"2025-03-23T22:54:30","slug":"filteranlage-pacific-750-winner-200m","status":"publish","type":"product","link":"https:\/\/pool-house.shop\/de\/product\/filteranlage-pacific-750-winner-200m\/","title":{"rendered":"Filteranlage Pacific 750 WINNER 200M"},"content":{"rendered":"<p>Filteranlage Pacific \u2013 Winner<\/p>\n<p> Hochwertige selbstansaugende Pumpe Saci Winner mit einem Filterbeh\u00e4lter vom Typ Pacific Side. Die Filteranlage ist aus Polypropylen gefertigt f\u00fcr eine lange Lebensdauer. Eine komplette und kosteng\u00fcnstige L\u00f6sung mit einfacher Installationsm\u00f6glichkeit f\u00fcr kleine bis mittelgro\u00dfe Pools.<br \/>\n Das Set enth\u00e4lt eine zuverl\u00e4ssige und langlebige Pumpe sowie die f\u00fcr Montage und optimalen Betrieb erforderlichen Komponenten. <\/p>\n<p> Filteranlagen<br \/>\n Sandfiltersysteme sind so konzipiert und installiert, dass sie eine ideale Kombination aus Energieeffizienz und au\u00dfergew\u00f6hnlicher Wasserreinheit bieten. Eine breite Palette an Filteranlagen, Pumpen und Zubeh\u00f6r erm\u00f6glicht die Auswahl des Systems, das am besten zum jeweiligen Pool passt. Die Filtersysteme sind so konzipiert, dass sie schnell montiert werden k\u00f6nnen und die Komponenten koordiniert zusammenarbeiten. Die Leistung der Pumpen und Filteranlagen ist f\u00fcr maximalen Durchfluss und Energieeffizienz aufeinander abgestimmt.<br \/>\n Die Filteranlagen sind aus Polypropylen gefertigt f\u00fcr eine lange Lebensdauer.<\/p>\n<p> Pumpe Saci Winner<br \/>\n Selbstansaugende Pumpe WINNER mit ausgezeichneter hydraulischer Effizienz und gro\u00dfem Vorfilter. Die Pumpenwelle ist aus Edelstahl AISI 316 gefertigt. Geh\u00e4use und Laufrad sind aus glasfaserverst\u00e4rktem Polypropylen gefertigt. Dank ihrer Konstruktion kann sie auch f\u00fcr die Zirkulation von Meerwasser verwendet werden.<br \/>\n Anschluss: 2&#8243; Innengewinde oder Klebeverschraubung D63 mm.<\/p>\n<p> Filterbeh\u00e4lter Pacific Side<br \/>\n Einfach zu bedienende Filteranlage f\u00fcr private Pools. Sie ist nach Industriestandards gefertigt. Dieser hochwertige, glasfaserverst\u00e4rkte Beh\u00e4lter verf\u00fcgt \u00fcber eine UV-best\u00e4ndige Oberfl\u00e4chenbehandlung und eine 5-j\u00e4hrige Garantie.           Sie ist mit einem Manometer und einem 6-Wege-Steuerventil ausgestattet.<\/p>\n<p> Eigenschaften:<br \/>\n &#8211; Lieferung mit Glycerin-Manometer,<br \/>\n &#8211; Schwarzer, verst\u00e4rkter Deckel, befestigt mit einer Gewindeschraube,<br \/>\n &#8211; Lieferung mit Praher-Ventil,<br \/>\n &#8211; Gro\u00dfe Ablass\u00f6ffnung f\u00fcr einfacheres Ablassen von Wasser und Sand,<br \/>\n &#8211; 5 Jahre Garantie,<br \/>\n &#8211; Alle Beh\u00e4lter sind druckgepr\u00fcft,<br \/>\n &#8211; Der Filterbeh\u00e4lter ist vom Amt des Obersten Hygienikers (OTH) zugelassen.<\/p>\n","protected":false},"excerpt":{"rendered":"<p>Filteranlage Pacific \u2013 Winner<\/p>\n<p> Hochwertige selbstansaugende Pumpe Saci Winner mit einem Filterbeh\u00e4lter vom Typ Pacific Side. Die Filteranlage ist aus Polypropylen gefertigt f\u00fcr eine lange Lebensdauer. Eine komplette und kosteng\u00fcnstige L\u00f6sung mit einfacher Installationsm\u00f6glichkeit f\u00fcr kleine bis mittelgro\u00dfe Pools.<br \/>\n Das Set enth\u00e4lt eine zuverl\u00e4ssige und langlebige Pumpe sowie die f\u00fcr Montage und optimalen Betrieb erforderlichen Komponenten. <\/p>\n<p> Filteranlagen<br \/>\n Sandfiltersysteme sind so konzipiert und installiert, dass sie eine ideale Kombination aus Energieeffizienz und au\u00dfergew\u00f6hnlicher Wasserreinheit bieten. Eine breite Palette an Filteranlagen, Pumpen und Zubeh\u00f6r erm\u00f6glicht die Auswahl des Systems, das am besten zum jeweiligen Pool passt. Die Filtersysteme sind so konzipiert, dass sie schnell montiert werden k\u00f6nnen und die Komponenten koordiniert zusammenarbeiten. Die Leistung der Pumpen und Filteranlagen ist f\u00fcr maximalen Durchfluss und Energieeffizienz aufeinander abgestimmt.<br \/>\n Die Filteranlagen sind aus Polypropylen gefertigt f\u00fcr eine lange Lebensdauer.<\/p>\n<p> Pumpe Saci Winner<br \/>\n Selbstansaugende Pumpe WINNER mit ausgezeichneter hydraulischer Effizienz und gro\u00dfem Vorfilter. Die Pumpenwelle ist aus Edelstahl AISI 316 gefertigt. Geh\u00e4use und Laufrad sind aus glasfaserverst\u00e4rktem Polypropylen gefertigt. Dank ihrer Konstruktion kann sie auch f\u00fcr die Zirkulation von Meerwasser verwendet werden.<br \/>\n Anschluss: 2&#8243; Innengewinde oder Klebeverschraubung D63 mm.<\/p>\n<p> Filterbeh\u00e4lter Pacific Side<br \/>\n Einfach zu bedienende Filteranlage f\u00fcr private Pools. Sie ist nach Industriestandards gefertigt. Dieser hochwertige, glasfaserverst\u00e4rkte Beh\u00e4lter verf\u00fcgt \u00fcber eine UV-best\u00e4ndige Oberfl\u00e4chenbehandlung und eine 5-j\u00e4hrige Garantie. Sie ist mit einem Manometer und einem 6-Wege-Steuerventil ausgestattet.<\/p>\n<p> Eigenschaften:<br \/>\n &#8211; Lieferung mit Glycerin-Manometer,<br \/>\n &#8211; schwarzer verst\u00e4rkter Deckel, befestigt mit einer Gewindeschraube,<br \/>\n &#8211; Lieferung mit Praher-Ventil,<br \/>\n &#8211; gro\u00dfe Ablass\u00f6ffnung f\u00fcr einfacheres Entleeren von Wasser und Sand,<br \/>\n &#8211; 5 Jahre Garantie,<br \/>\n &#8211; alle Beh\u00e4lter sind druckgepr\u00fcft,<br \/>\n &#8211; der Filterbeh\u00e4lter ist vom Hauptgesundheitsamt (OTH) zugelassen.           <\/p>\n","protected":false},"featured_media":7407,"template":"","meta":[],"product_brand":[],"product_cat":[353,251],"product_tag":[252],"class_list":{"0":"post-7406","1":"product","2":"type-product","3":"status-publish","4":"has-post-thumbnail","6":"product_cat-filteranlagen","7":"product_cat-filtersets","8":"product_tag-filtersets","9":"thunk-woo-product-list","10":"open-woo-hover-none","11":"open-single-product-tab-horizontal","12":"open-shadow-","13":"open-shadow-hover-","15":"first","16":"instock","17":"taxable","18":"shipping-taxable","19":"purchasable","20":"product-type-simple"},"yoast_head":"<!-- This site is optimized with the Yoast SEO plugin v26.9 - https:\/\/yoast.com\/product\/yoast-seo-wordpress\/ -->\n<title>Filteranlage Pacific 750 WINNER 200M - Pool-House<\/title>\n<meta name=\"robots\" content=\"index, follow, max-snippet:-1, max-image-preview:large, max-video-preview:-1\" \/>\n<link rel=\"canonical\" href=\"https:\/\/pool-house.shop\/de\/product\/filteranlage-pacific-750-winner-200m\/\" \/>\n<meta property=\"og:locale\" content=\"de_DE\" \/>\n<meta property=\"og:type\" content=\"article\" \/>\n<meta property=\"og:title\" content=\"Filteranlage Pacific 750 WINNER 200M - Pool-House\" \/>\n<meta property=\"og:description\" content=\"Filteranlage Pacific \u2013 Winner  Hochwertige selbstansaugende Pumpe Saci Winner mit einem Filterbeh\u00e4lter vom Typ Pacific Side. Die Filteranlage ist aus Polypropylen gefertigt f\u00fcr eine lange Lebensdauer. Eine komplette und kosteng\u00fcnstige L\u00f6sung mit einfacher Installationsm\u00f6glichkeit f\u00fcr kleine bis mittelgro\u00dfe Pools.  Das Set enth\u00e4lt eine zuverl\u00e4ssige und langlebige Pumpe sowie die f\u00fcr Montage und optimalen Betrieb erforderlichen Komponenten.   Filteranlagen  Sandfiltersysteme sind so konzipiert und installiert, dass sie eine ideale Kombination aus Energieeffizienz und au\u00dfergew\u00f6hnlicher Wasserreinheit bieten. Eine breite Palette an Filteranlagen, Pumpen und Zubeh\u00f6r erm\u00f6glicht die Auswahl des Systems, das am besten zum jeweiligen Pool passt. Die Filtersysteme sind so konzipiert, dass sie schnell montiert werden k\u00f6nnen und die Komponenten koordiniert zusammenarbeiten. Die Leistung der Pumpen und Filteranlagen ist f\u00fcr maximalen Durchfluss und Energieeffizienz aufeinander abgestimmt.  Die Filteranlagen sind aus Polypropylen gefertigt f\u00fcr eine lange Lebensdauer.  Pumpe Saci Winner Selbstansaugende Pumpe WINNER mit ausgezeichneter hydraulischer Effizienz und gro\u00dfem Vorfilter. Die Pumpenwelle ist aus Edelstahl AISI 316 gefertigt. Geh\u00e4use und Laufrad sind aus glasfaserverst\u00e4rktem Polypropylen gefertigt. Dank ihrer Konstruktion kann sie auch f\u00fcr die Zirkulation von Meerwasser verwendet werden. Anschluss: 2&quot; Innengewinde oder Klebeverschraubung D63 mm.  Filterbeh\u00e4lter Pacific Side Einfach zu bedienende Filteranlage f\u00fcr private Pools. Sie ist nach Industriestandards gefertigt. Dieser hochwertige, glasfaserverst\u00e4rkte Beh\u00e4lter verf\u00fcgt \u00fcber eine UV-best\u00e4ndige Oberfl\u00e4chenbehandlung und eine 5-j\u00e4hrige Garantie. Sie ist mit einem Manometer und einem 6-Wege-Steuerventil ausgestattet.  Eigenschaften: - Lieferung mit Glycerin-Manometer, - schwarzer verst\u00e4rkter Deckel, befestigt mit einer Gewindeschraube, - Lieferung mit Praher-Ventil, - gro\u00dfe Ablass\u00f6ffnung f\u00fcr einfacheres Entleeren von Wasser und Sand, - 5 Jahre Garantie, - alle Beh\u00e4lter sind druckgepr\u00fcft, - der Filterbeh\u00e4lter ist vom Hauptgesundheitsamt (OTH) zugelassen.\" \/>\n<meta property=\"og:url\" content=\"https:\/\/pool-house.shop\/de\/product\/filteranlage-pacific-750-winner-200m\/\" \/>\n<meta property=\"og:site_name\" content=\"Pool-House\" \/>\n<meta property=\"article:publisher\" content=\"https:\/\/www.facebook.com\/termodomsk\/\" \/>\n<meta property=\"og:image\" content=\"https:\/\/pool-house.shop\/wp-content\/uploads\/2025\/03\/047024.png\" \/>\n\t<meta property=\"og:image:width\" content=\"1448\" \/>\n\t<meta property=\"og:image:height\" content=\"856\" \/>\n\t<meta property=\"og:image:type\" content=\"image\/png\" \/>\n<meta name=\"twitter:card\" content=\"summary_large_image\" \/>\n<meta name=\"twitter:label1\" content=\"Gesch\u00e4tzte Lesezeit\" \/>\n\t<meta name=\"twitter:data1\" content=\"1\u00a0Minute\" \/>\n<script type=\"application\/ld+json\" class=\"yoast-schema-graph\">{\"@context\":\"https:\/\/schema.org\",\"@graph\":[{\"@type\":\"WebPage\",\"@id\":\"https:\/\/pool-house.shop\/de\/product\/filteranlage-pacific-750-winner-200m\/\",\"url\":\"https:\/\/pool-house.shop\/de\/product\/filteranlage-pacific-750-winner-200m\/\",\"name\":\"Filteranlage Pacific 750 WINNER 200M - Pool-House\",\"isPartOf\":{\"@id\":\"https:\/\/pool-house.shop\/de\/#website\"},\"primaryImageOfPage\":{\"@id\":\"https:\/\/pool-house.shop\/de\/product\/filteranlage-pacific-750-winner-200m\/#primaryimage\"},\"image\":{\"@id\":\"https:\/\/pool-house.shop\/de\/product\/filteranlage-pacific-750-winner-200m\/#primaryimage\"},\"thumbnailUrl\":\"https:\/\/pool-house.shop\/wp-content\/uploads\/2025\/03\/047024.png\",\"datePublished\":\"2025-03-23T22:54:30+00:00\",\"breadcrumb\":{\"@id\":\"https:\/\/pool-house.shop\/de\/product\/filteranlage-pacific-750-winner-200m\/#breadcrumb\"},\"inLanguage\":\"de\",\"potentialAction\":[{\"@type\":\"ReadAction\",\"target\":[\"https:\/\/pool-house.shop\/de\/product\/filteranlage-pacific-750-winner-200m\/\"]}]},{\"@type\":\"ImageObject\",\"inLanguage\":\"de\",\"@id\":\"https:\/\/pool-house.shop\/de\/product\/filteranlage-pacific-750-winner-200m\/#primaryimage\",\"url\":\"https:\/\/pool-house.shop\/wp-content\/uploads\/2025\/03\/047024.png\",\"contentUrl\":\"https:\/\/pool-house.shop\/wp-content\/uploads\/2025\/03\/047024.png\",\"width\":1448,\"height\":856},{\"@type\":\"BreadcrumbList\",\"@id\":\"https:\/\/pool-house.shop\/de\/product\/filteranlage-pacific-750-winner-200m\/#breadcrumb\",\"itemListElement\":[{\"@type\":\"ListItem\",\"position\":1,\"name\":\"Domovsk\u00e1 str\u00e1nka\",\"item\":\"https:\/\/pool-house.shop\/de\/\"},{\"@type\":\"ListItem\",\"position\":2,\"name\":\"Shop\",\"item\":\"https:\/\/pool-house.shop\/de\/shop\/\"},{\"@type\":\"ListItem\",\"position\":3,\"name\":\"Filteranlage Pacific 750 WINNER 200M\"}]},{\"@type\":\"WebSite\",\"@id\":\"https:\/\/pool-house.shop\/de\/#website\",\"url\":\"https:\/\/pool-house.shop\/de\/\",\"name\":\"Pool-House\",\"description\":\"\",\"publisher\":{\"@id\":\"https:\/\/pool-house.shop\/de\/#organization\"},\"potentialAction\":[{\"@type\":\"SearchAction\",\"target\":{\"@type\":\"EntryPoint\",\"urlTemplate\":\"https:\/\/pool-house.shop\/de\/?s={search_term_string}\"},\"query-input\":{\"@type\":\"PropertyValueSpecification\",\"valueRequired\":true,\"valueName\":\"search_term_string\"}}],\"inLanguage\":\"de\"},{\"@type\":\"Organization\",\"@id\":\"https:\/\/pool-house.shop\/de\/#organization\",\"name\":\"Pool-House\",\"url\":\"https:\/\/pool-house.shop\/de\/\",\"logo\":{\"@type\":\"ImageObject\",\"inLanguage\":\"de\",\"@id\":\"https:\/\/pool-house.shop\/de\/#\/schema\/logo\/image\/\",\"url\":\"https:\/\/pool-house.shop\/wp-content\/uploads\/2025\/10\/logo-2-stvorec-mobil-modre.png\",\"contentUrl\":\"https:\/\/pool-house.shop\/wp-content\/uploads\/2025\/10\/logo-2-stvorec-mobil-modre.png\",\"width\":273,\"height\":189,\"caption\":\"Pool-House\"},\"image\":{\"@id\":\"https:\/\/pool-house.shop\/de\/#\/schema\/logo\/image\/\"},\"sameAs\":[\"https:\/\/www.facebook.com\/termodomsk\/\"]}]}<\/script>\n<!-- \/ Yoast SEO plugin. -->","yoast_head_json":{"title":"Filteranlage Pacific 750 WINNER 200M - Pool-House","robots":{"index":"index","follow":"follow","max-snippet":"max-snippet:-1","max-image-preview":"max-image-preview:large","max-video-preview":"max-video-preview:-1"},"canonical":"https:\/\/pool-house.shop\/de\/product\/filteranlage-pacific-750-winner-200m\/","og_locale":"de_DE","og_type":"article","og_title":"Filteranlage Pacific 750 WINNER 200M - Pool-House","og_description":"Filteranlage Pacific \u2013 Winner  Hochwertige selbstansaugende Pumpe Saci Winner mit einem Filterbeh\u00e4lter vom Typ Pacific Side. Die Filteranlage ist aus Polypropylen gefertigt f\u00fcr eine lange Lebensdauer. Eine komplette und kosteng\u00fcnstige L\u00f6sung mit einfacher Installationsm\u00f6glichkeit f\u00fcr kleine bis mittelgro\u00dfe Pools.  Das Set enth\u00e4lt eine zuverl\u00e4ssige und langlebige Pumpe sowie die f\u00fcr Montage und optimalen Betrieb erforderlichen Komponenten.   Filteranlagen  Sandfiltersysteme sind so konzipiert und installiert, dass sie eine ideale Kombination aus Energieeffizienz und au\u00dfergew\u00f6hnlicher Wasserreinheit bieten. Eine breite Palette an Filteranlagen, Pumpen und Zubeh\u00f6r erm\u00f6glicht die Auswahl des Systems, das am besten zum jeweiligen Pool passt. Die Filtersysteme sind so konzipiert, dass sie schnell montiert werden k\u00f6nnen und die Komponenten koordiniert zusammenarbeiten. Die Leistung der Pumpen und Filteranlagen ist f\u00fcr maximalen Durchfluss und Energieeffizienz aufeinander abgestimmt.  Die Filteranlagen sind aus Polypropylen gefertigt f\u00fcr eine lange Lebensdauer.  Pumpe Saci Winner Selbstansaugende Pumpe WINNER mit ausgezeichneter hydraulischer Effizienz und gro\u00dfem Vorfilter. Die Pumpenwelle ist aus Edelstahl AISI 316 gefertigt. Geh\u00e4use und Laufrad sind aus glasfaserverst\u00e4rktem Polypropylen gefertigt. Dank ihrer Konstruktion kann sie auch f\u00fcr die Zirkulation von Meerwasser verwendet werden. Anschluss: 2\" Innengewinde oder Klebeverschraubung D63 mm.  Filterbeh\u00e4lter Pacific Side Einfach zu bedienende Filteranlage f\u00fcr private Pools. Sie ist nach Industriestandards gefertigt. Dieser hochwertige, glasfaserverst\u00e4rkte Beh\u00e4lter verf\u00fcgt \u00fcber eine UV-best\u00e4ndige Oberfl\u00e4chenbehandlung und eine 5-j\u00e4hrige Garantie. Sie ist mit einem Manometer und einem 6-Wege-Steuerventil ausgestattet.  Eigenschaften: - Lieferung mit Glycerin-Manometer, - schwarzer verst\u00e4rkter Deckel, befestigt mit einer Gewindeschraube, - Lieferung mit Praher-Ventil, - gro\u00dfe Ablass\u00f6ffnung f\u00fcr einfacheres Entleeren von Wasser und Sand, - 5 Jahre Garantie, - alle Beh\u00e4lter sind druckgepr\u00fcft, - der Filterbeh\u00e4lter ist vom Hauptgesundheitsamt (OTH) zugelassen.","og_url":"https:\/\/pool-house.shop\/de\/product\/filteranlage-pacific-750-winner-200m\/","og_site_name":"Pool-House","article_publisher":"https:\/\/www.facebook.com\/termodomsk\/","og_image":[{"width":1448,"height":856,"url":"https:\/\/pool-house.shop\/wp-content\/uploads\/2025\/03\/047024.png","type":"image\/png"}],"twitter_card":"summary_large_image","twitter_misc":{"Gesch\u00e4tzte Lesezeit":"1\u00a0Minute"},"schema":{"@context":"https:\/\/schema.org","@graph":[{"@type":"WebPage","@id":"https:\/\/pool-house.shop\/de\/product\/filteranlage-pacific-750-winner-200m\/","url":"https:\/\/pool-house.shop\/de\/product\/filteranlage-pacific-750-winner-200m\/","name":"Filteranlage Pacific 750 WINNER 200M - Pool-House","isPartOf":{"@id":"https:\/\/pool-house.shop\/de\/#website"},"primaryImageOfPage":{"@id":"https:\/\/pool-house.shop\/de\/product\/filteranlage-pacific-750-winner-200m\/#primaryimage"},"image":{"@id":"https:\/\/pool-house.shop\/de\/product\/filteranlage-pacific-750-winner-200m\/#primaryimage"},"thumbnailUrl":"https:\/\/pool-house.shop\/wp-content\/uploads\/2025\/03\/047024.png","datePublished":"2025-03-23T22:54:30+00:00","breadcrumb":{"@id":"https:\/\/pool-house.shop\/de\/product\/filteranlage-pacific-750-winner-200m\/#breadcrumb"},"inLanguage":"de","potentialAction":[{"@type":"ReadAction","target":["https:\/\/pool-house.shop\/de\/product\/filteranlage-pacific-750-winner-200m\/"]}]},{"@type":"ImageObject","inLanguage":"de","@id":"https:\/\/pool-house.shop\/de\/product\/filteranlage-pacific-750-winner-200m\/#primaryimage","url":"https:\/\/pool-house.shop\/wp-content\/uploads\/2025\/03\/047024.png","contentUrl":"https:\/\/pool-house.shop\/wp-content\/uploads\/2025\/03\/047024.png","width":1448,"height":856},{"@type":"BreadcrumbList","@id":"https:\/\/pool-house.shop\/de\/product\/filteranlage-pacific-750-winner-200m\/#breadcrumb","itemListElement":[{"@type":"ListItem","position":1,"name":"Domovsk\u00e1 str\u00e1nka","item":"https:\/\/pool-house.shop\/de\/"},{"@type":"ListItem","position":2,"name":"Shop","item":"https:\/\/pool-house.shop\/de\/shop\/"},{"@type":"ListItem","position":3,"name":"Filteranlage Pacific 750 WINNER 200M"}]},{"@type":"WebSite","@id":"https:\/\/pool-house.shop\/de\/#website","url":"https:\/\/pool-house.shop\/de\/","name":"Pool-House","description":"","publisher":{"@id":"https:\/\/pool-house.shop\/de\/#organization"},"potentialAction":[{"@type":"SearchAction","target":{"@type":"EntryPoint","urlTemplate":"https:\/\/pool-house.shop\/de\/?s={search_term_string}"},"query-input":{"@type":"PropertyValueSpecification","valueRequired":true,"valueName":"search_term_string"}}],"inLanguage":"de"},{"@type":"Organization","@id":"https:\/\/pool-house.shop\/de\/#organization","name":"Pool-House","url":"https:\/\/pool-house.shop\/de\/","logo":{"@type":"ImageObject","inLanguage":"de","@id":"https:\/\/pool-house.shop\/de\/#\/schema\/logo\/image\/","url":"https:\/\/pool-house.shop\/wp-content\/uploads\/2025\/10\/logo-2-stvorec-mobil-modre.png","contentUrl":"https:\/\/pool-house.shop\/wp-content\/uploads\/2025\/10\/logo-2-stvorec-mobil-modre.png","width":273,"height":189,"caption":"Pool-House"},"image":{"@id":"https:\/\/pool-house.shop\/de\/#\/schema\/logo\/image\/"},"sameAs":["https:\/\/www.facebook.com\/termodomsk\/"]}]}},"_links":{"self":[{"href":"https:\/\/pool-house.shop\/de\/wp-json\/wp\/v2\/product\/7406","targetHints":{"allow":["GET"]}}],"collection":[{"href":"https:\/\/pool-house.shop\/de\/wp-json\/wp\/v2\/product"}],"about":[{"href":"https:\/\/pool-house.shop\/de\/wp-json\/wp\/v2\/types\/product"}],"wp:featuredmedia":[{"embeddable":true,"href":"https:\/\/pool-house.shop\/de\/wp-json\/wp\/v2\/media\/7407"}],"wp:attachment":[{"href":"https:\/\/pool-house.shop\/de\/wp-json\/wp\/v2\/media?parent=7406"}],"wp:term":[{"taxonomy":"product_brand","embeddable":true,"href":"https:\/\/pool-house.shop\/de\/wp-json\/wp\/v2\/product_brand?post=7406"},{"taxonomy":"product_cat","embeddable":true,"href":"https:\/\/pool-house.shop\/de\/wp-json\/wp\/v2\/product_cat?post=7406"},{"taxonomy":"product_tag","embeddable":true,"href":"https:\/\/pool-house.shop\/de\/wp-json\/wp\/v2\/product_tag?post=7406"}],"curies":[{"name":"wp","href":"https:\/\/api.w.org\/{rel}","templated":true}]}}