{"id":7454,"date":"2025-03-24T00:01:44","date_gmt":"2025-03-23T23:01:44","guid":{"rendered":"https:\/\/pool-house.shop\/product\/waermetauscher-d-kwt-va-kunststoff-ss316-85-kw\/"},"modified":"2025-03-24T00:01:44","modified_gmt":"2025-03-23T23:01:44","slug":"waermetauscher-d-kwt-va-kunststoff-ss316-85-kw","status":"publish","type":"product","link":"https:\/\/pool-house.shop\/de\/product\/waermetauscher-d-kwt-va-kunststoff-ss316-85-kw\/","title":{"rendered":"W\u00e4rmetauscher D-KWT-VA Kunststoff \/SS316 85 kW"},"content":{"rendered":"<p>W\u00e4rmetauscher D-KWT-VA Kunststoff <\/p>\n<p> Gerippter Rohrw\u00e4rmetauscher aus Edelstahl (Typ VA) oder Titan (Typ TI) mit einem Geh\u00e4use aus Polypropylen (PP) mit hoher Korrosionsbest\u00e4ndigkeit f\u00fcr Schwimmb\u00e4der. Dieser Titan-W\u00e4rmetauscher ist f\u00fcr Salzwasserpools geeignet.<\/p>\n<p> Eigenschaften:<br \/>\n &#8211; Anschluss mittels Klebeverschraubung D50 mm,<br \/>\n &#8211; Polypropylen-H\u00fclse zur Befestigung,<br \/>\n &#8211; max. Druck \u2013 Heizung: 6 bar, <x id=\"gid_7\"><\/x> &#8211; max. Druck \u2013 Pool: 2,5 bar, <x id=\"gid_8\"><\/x> &#8211; max. Temperatur: 90 \u00b0C.    <\/p>\n","protected":false},"excerpt":{"rendered":"<p>W\u00e4rmetauscher D-KWT-VA Kunststoff <\/p>\n<p> Gerippter Rohrw\u00e4rmetauscher aus Edelstahl (Typ VA) oder Titan (Typ TI) mit einem Geh\u00e4use aus Polypropylen (PP) mit hoher Korrosionsbest\u00e4ndigkeit f\u00fcr Schwimmb\u00e4der. Dieser Titan-W\u00e4rmetauscher ist f\u00fcr Salzwasserpools geeignet.<x id=\"gid_2\"><\/x> <x id=\"gid_3\"><\/x> Eigenschaften:<x id=\"gid_4\"><\/x> &#8211; Anschluss mittels Klebeverschraubung D50 mm,<x id=\"gid_5\"><\/x> &#8211; Polypropylen-H\u00fclse zur Befestigung,<x id=\"gid_6\"><\/x> &#8211; max. Druck \u2013 Heizung: 6 bar, <x id=\"gid_7\"><\/x> &#8211; max. Druck \u2013 Pool: 2,5 bar, <x id=\"gid_8\"><\/x> &#8211; max. Temperatur: 90 \u00b0C.    <\/p>\n","protected":false},"featured_media":2904,"template":"","meta":[],"product_brand":[],"product_cat":[255],"product_tag":[256],"class_list":{"0":"post-7454","1":"product","2":"type-product","3":"status-publish","4":"has-post-thumbnail","6":"product_cat-warmetauscher","7":"product_tag-warmetauscher","8":"thunk-woo-product-list","9":"open-woo-hover-none","10":"open-single-product-tab-horizontal","11":"open-shadow-","12":"open-shadow-hover-","14":"first","15":"instock","16":"taxable","17":"shipping-taxable","18":"purchasable","19":"product-type-simple"},"yoast_head":"<!-- This site is optimized with the Yoast SEO plugin v26.9 - https:\/\/yoast.com\/product\/yoast-seo-wordpress\/ -->\n<title>W\u00e4rmetauscher D-KWT-VA Kunststoff \/SS316 85 kW - Pool-House<\/title>\n<meta name=\"robots\" content=\"index, follow, max-snippet:-1, max-image-preview:large, max-video-preview:-1\" \/>\n<link rel=\"canonical\" href=\"https:\/\/pool-house.shop\/de\/product\/waermetauscher-d-kwt-va-kunststoff-ss316-85-kw\/\" \/>\n<meta property=\"og:locale\" content=\"de_DE\" \/>\n<meta property=\"og:type\" content=\"article\" \/>\n<meta property=\"og:title\" content=\"W\u00e4rmetauscher D-KWT-VA Kunststoff \/SS316 85 kW - Pool-House\" \/>\n<meta property=\"og:description\" content=\"W\u00e4rmetauscher D-KWT-VA Kunststoff   Gerippter Rohrw\u00e4rmetauscher aus Edelstahl (Typ VA) oder Titan (Typ TI) mit einem Geh\u00e4use aus Polypropylen (PP) mit hoher Korrosionsbest\u00e4ndigkeit f\u00fcr Schwimmb\u00e4der. Dieser Titan-W\u00e4rmetauscher ist f\u00fcr Salzwasserpools geeignet. Eigenschaften: - Anschluss mittels Klebeverschraubung D50 mm, - Polypropylen-H\u00fclse zur Befestigung, - max. Druck \u2013 Heizung: 6 bar, - max. Druck \u2013 Pool: 2,5 bar, - max. Temperatur: 90 \u00b0C.\" \/>\n<meta property=\"og:url\" content=\"https:\/\/pool-house.shop\/de\/product\/waermetauscher-d-kwt-va-kunststoff-ss316-85-kw\/\" \/>\n<meta property=\"og:site_name\" content=\"Pool-House\" \/>\n<meta property=\"article:publisher\" content=\"https:\/\/www.facebook.com\/termodomsk\/\" \/>\n<meta property=\"og:image\" content=\"https:\/\/pool-house.shop\/wp-content\/uploads\/2025\/03\/060803.png\" \/>\n\t<meta property=\"og:image:width\" content=\"1600\" \/>\n\t<meta property=\"og:image:height\" content=\"1600\" \/>\n\t<meta property=\"og:image:type\" content=\"image\/png\" \/>\n<meta name=\"twitter:card\" content=\"summary_large_image\" \/>\n<script type=\"application\/ld+json\" class=\"yoast-schema-graph\">{\"@context\":\"https:\/\/schema.org\",\"@graph\":[{\"@type\":\"WebPage\",\"@id\":\"https:\/\/pool-house.shop\/de\/product\/waermetauscher-d-kwt-va-kunststoff-ss316-85-kw\/\",\"url\":\"https:\/\/pool-house.shop\/de\/product\/waermetauscher-d-kwt-va-kunststoff-ss316-85-kw\/\",\"name\":\"W\u00e4rmetauscher D-KWT-VA Kunststoff \/SS316 85 kW - Pool-House\",\"isPartOf\":{\"@id\":\"https:\/\/pool-house.shop\/de\/#website\"},\"primaryImageOfPage\":{\"@id\":\"https:\/\/pool-house.shop\/de\/product\/waermetauscher-d-kwt-va-kunststoff-ss316-85-kw\/#primaryimage\"},\"image\":{\"@id\":\"https:\/\/pool-house.shop\/de\/product\/waermetauscher-d-kwt-va-kunststoff-ss316-85-kw\/#primaryimage\"},\"thumbnailUrl\":\"https:\/\/pool-house.shop\/wp-content\/uploads\/2025\/03\/060803.png\",\"datePublished\":\"2025-03-23T23:01:44+00:00\",\"breadcrumb\":{\"@id\":\"https:\/\/pool-house.shop\/de\/product\/waermetauscher-d-kwt-va-kunststoff-ss316-85-kw\/#breadcrumb\"},\"inLanguage\":\"de\",\"potentialAction\":[{\"@type\":\"ReadAction\",\"target\":[\"https:\/\/pool-house.shop\/de\/product\/waermetauscher-d-kwt-va-kunststoff-ss316-85-kw\/\"]}]},{\"@type\":\"ImageObject\",\"inLanguage\":\"de\",\"@id\":\"https:\/\/pool-house.shop\/de\/product\/waermetauscher-d-kwt-va-kunststoff-ss316-85-kw\/#primaryimage\",\"url\":\"https:\/\/pool-house.shop\/wp-content\/uploads\/2025\/03\/060803.png\",\"contentUrl\":\"https:\/\/pool-house.shop\/wp-content\/uploads\/2025\/03\/060803.png\",\"width\":1600,\"height\":1600},{\"@type\":\"BreadcrumbList\",\"@id\":\"https:\/\/pool-house.shop\/de\/product\/waermetauscher-d-kwt-va-kunststoff-ss316-85-kw\/#breadcrumb\",\"itemListElement\":[{\"@type\":\"ListItem\",\"position\":1,\"name\":\"Domovsk\u00e1 str\u00e1nka\",\"item\":\"https:\/\/pool-house.shop\/de\/\"},{\"@type\":\"ListItem\",\"position\":2,\"name\":\"Shop\",\"item\":\"https:\/\/pool-house.shop\/de\/shop\/\"},{\"@type\":\"ListItem\",\"position\":3,\"name\":\"W\u00e4rmetauscher D-KWT-VA Kunststoff \/SS316 85 kW\"}]},{\"@type\":\"WebSite\",\"@id\":\"https:\/\/pool-house.shop\/de\/#website\",\"url\":\"https:\/\/pool-house.shop\/de\/\",\"name\":\"Pool-House\",\"description\":\"\",\"publisher\":{\"@id\":\"https:\/\/pool-house.shop\/de\/#organization\"},\"potentialAction\":[{\"@type\":\"SearchAction\",\"target\":{\"@type\":\"EntryPoint\",\"urlTemplate\":\"https:\/\/pool-house.shop\/de\/?s={search_term_string}\"},\"query-input\":{\"@type\":\"PropertyValueSpecification\",\"valueRequired\":true,\"valueName\":\"search_term_string\"}}],\"inLanguage\":\"de\"},{\"@type\":\"Organization\",\"@id\":\"https:\/\/pool-house.shop\/de\/#organization\",\"name\":\"Pool-House\",\"url\":\"https:\/\/pool-house.shop\/de\/\",\"logo\":{\"@type\":\"ImageObject\",\"inLanguage\":\"de\",\"@id\":\"https:\/\/pool-house.shop\/de\/#\/schema\/logo\/image\/\",\"url\":\"https:\/\/pool-house.shop\/wp-content\/uploads\/2025\/10\/logo-2-stvorec-mobil-modre.png\",\"contentUrl\":\"https:\/\/pool-house.shop\/wp-content\/uploads\/2025\/10\/logo-2-stvorec-mobil-modre.png\",\"width\":273,\"height\":189,\"caption\":\"Pool-House\"},\"image\":{\"@id\":\"https:\/\/pool-house.shop\/de\/#\/schema\/logo\/image\/\"},\"sameAs\":[\"https:\/\/www.facebook.com\/termodomsk\/\"]}]}<\/script>\n<!-- \/ Yoast SEO plugin. -->","yoast_head_json":{"title":"W\u00e4rmetauscher D-KWT-VA Kunststoff \/SS316 85 kW - Pool-House","robots":{"index":"index","follow":"follow","max-snippet":"max-snippet:-1","max-image-preview":"max-image-preview:large","max-video-preview":"max-video-preview:-1"},"canonical":"https:\/\/pool-house.shop\/de\/product\/waermetauscher-d-kwt-va-kunststoff-ss316-85-kw\/","og_locale":"de_DE","og_type":"article","og_title":"W\u00e4rmetauscher D-KWT-VA Kunststoff \/SS316 85 kW - Pool-House","og_description":"W\u00e4rmetauscher D-KWT-VA Kunststoff   Gerippter Rohrw\u00e4rmetauscher aus Edelstahl (Typ VA) oder Titan (Typ TI) mit einem Geh\u00e4use aus Polypropylen (PP) mit hoher Korrosionsbest\u00e4ndigkeit f\u00fcr Schwimmb\u00e4der. Dieser Titan-W\u00e4rmetauscher ist f\u00fcr Salzwasserpools geeignet. Eigenschaften: - Anschluss mittels Klebeverschraubung D50 mm, - Polypropylen-H\u00fclse zur Befestigung, - max. Druck \u2013 Heizung: 6 bar, - max. Druck \u2013 Pool: 2,5 bar, - max. Temperatur: 90 \u00b0C.","og_url":"https:\/\/pool-house.shop\/de\/product\/waermetauscher-d-kwt-va-kunststoff-ss316-85-kw\/","og_site_name":"Pool-House","article_publisher":"https:\/\/www.facebook.com\/termodomsk\/","og_image":[{"width":1600,"height":1600,"url":"https:\/\/pool-house.shop\/wp-content\/uploads\/2025\/03\/060803.png","type":"image\/png"}],"twitter_card":"summary_large_image","schema":{"@context":"https:\/\/schema.org","@graph":[{"@type":"WebPage","@id":"https:\/\/pool-house.shop\/de\/product\/waermetauscher-d-kwt-va-kunststoff-ss316-85-kw\/","url":"https:\/\/pool-house.shop\/de\/product\/waermetauscher-d-kwt-va-kunststoff-ss316-85-kw\/","name":"W\u00e4rmetauscher D-KWT-VA Kunststoff \/SS316 85 kW - Pool-House","isPartOf":{"@id":"https:\/\/pool-house.shop\/de\/#website"},"primaryImageOfPage":{"@id":"https:\/\/pool-house.shop\/de\/product\/waermetauscher-d-kwt-va-kunststoff-ss316-85-kw\/#primaryimage"},"image":{"@id":"https:\/\/pool-house.shop\/de\/product\/waermetauscher-d-kwt-va-kunststoff-ss316-85-kw\/#primaryimage"},"thumbnailUrl":"https:\/\/pool-house.shop\/wp-content\/uploads\/2025\/03\/060803.png","datePublished":"2025-03-23T23:01:44+00:00","breadcrumb":{"@id":"https:\/\/pool-house.shop\/de\/product\/waermetauscher-d-kwt-va-kunststoff-ss316-85-kw\/#breadcrumb"},"inLanguage":"de","potentialAction":[{"@type":"ReadAction","target":["https:\/\/pool-house.shop\/de\/product\/waermetauscher-d-kwt-va-kunststoff-ss316-85-kw\/"]}]},{"@type":"ImageObject","inLanguage":"de","@id":"https:\/\/pool-house.shop\/de\/product\/waermetauscher-d-kwt-va-kunststoff-ss316-85-kw\/#primaryimage","url":"https:\/\/pool-house.shop\/wp-content\/uploads\/2025\/03\/060803.png","contentUrl":"https:\/\/pool-house.shop\/wp-content\/uploads\/2025\/03\/060803.png","width":1600,"height":1600},{"@type":"BreadcrumbList","@id":"https:\/\/pool-house.shop\/de\/product\/waermetauscher-d-kwt-va-kunststoff-ss316-85-kw\/#breadcrumb","itemListElement":[{"@type":"ListItem","position":1,"name":"Domovsk\u00e1 str\u00e1nka","item":"https:\/\/pool-house.shop\/de\/"},{"@type":"ListItem","position":2,"name":"Shop","item":"https:\/\/pool-house.shop\/de\/shop\/"},{"@type":"ListItem","position":3,"name":"W\u00e4rmetauscher D-KWT-VA Kunststoff \/SS316 85 kW"}]},{"@type":"WebSite","@id":"https:\/\/pool-house.shop\/de\/#website","url":"https:\/\/pool-house.shop\/de\/","name":"Pool-House","description":"","publisher":{"@id":"https:\/\/pool-house.shop\/de\/#organization"},"potentialAction":[{"@type":"SearchAction","target":{"@type":"EntryPoint","urlTemplate":"https:\/\/pool-house.shop\/de\/?s={search_term_string}"},"query-input":{"@type":"PropertyValueSpecification","valueRequired":true,"valueName":"search_term_string"}}],"inLanguage":"de"},{"@type":"Organization","@id":"https:\/\/pool-house.shop\/de\/#organization","name":"Pool-House","url":"https:\/\/pool-house.shop\/de\/","logo":{"@type":"ImageObject","inLanguage":"de","@id":"https:\/\/pool-house.shop\/de\/#\/schema\/logo\/image\/","url":"https:\/\/pool-house.shop\/wp-content\/uploads\/2025\/10\/logo-2-stvorec-mobil-modre.png","contentUrl":"https:\/\/pool-house.shop\/wp-content\/uploads\/2025\/10\/logo-2-stvorec-mobil-modre.png","width":273,"height":189,"caption":"Pool-House"},"image":{"@id":"https:\/\/pool-house.shop\/de\/#\/schema\/logo\/image\/"},"sameAs":["https:\/\/www.facebook.com\/termodomsk\/"]}]}},"_links":{"self":[{"href":"https:\/\/pool-house.shop\/de\/wp-json\/wp\/v2\/product\/7454","targetHints":{"allow":["GET"]}}],"collection":[{"href":"https:\/\/pool-house.shop\/de\/wp-json\/wp\/v2\/product"}],"about":[{"href":"https:\/\/pool-house.shop\/de\/wp-json\/wp\/v2\/types\/product"}],"wp:featuredmedia":[{"embeddable":true,"href":"https:\/\/pool-house.shop\/de\/wp-json\/wp\/v2\/media\/2904"}],"wp:attachment":[{"href":"https:\/\/pool-house.shop\/de\/wp-json\/wp\/v2\/media?parent=7454"}],"wp:term":[{"taxonomy":"product_brand","embeddable":true,"href":"https:\/\/pool-house.shop\/de\/wp-json\/wp\/v2\/product_brand?post=7454"},{"taxonomy":"product_cat","embeddable":true,"href":"https:\/\/pool-house.shop\/de\/wp-json\/wp\/v2\/product_cat?post=7454"},{"taxonomy":"product_tag","embeddable":true,"href":"https:\/\/pool-house.shop\/de\/wp-json\/wp\/v2\/product_tag?post=7454"}],"curies":[{"name":"wp","href":"https:\/\/api.w.org\/{rel}","templated":true}]}}