{"id":7530,"date":"2025-03-24T00:02:37","date_gmt":"2025-03-23T23:02:37","guid":{"rendered":"https:\/\/pool-house.shop\/product\/plattenwaermetauscher-power-x-pwt-415-va\/"},"modified":"2025-03-24T00:02:37","modified_gmt":"2025-03-23T23:02:37","slug":"plattenwaermetauscher-power-x-pwt-415-va","status":"publish","type":"product","link":"https:\/\/pool-house.shop\/de\/product\/plattenwaermetauscher-power-x-pwt-415-va\/","title":{"rendered":"Plattenw\u00e4rmetauscher Power X-PWT 415-VA"},"content":{"rendered":"<p>Plattenw\u00e4rmetauscher Power X-PWT<\/p>\n<p> Diese Plattenw\u00e4rmetauscher sind f\u00fcr die Wassererw\u00e4rmung konzipiert. Sie sind f\u00fcr Temperaturen von 60 \u2013 70 \u00b0C auf der Prim\u00e4rseite und eine Betriebsleistung von 35 \u2013 500 kW ausgelegt. Dank ihrer Konstruktion eignen sie sich f\u00fcr den Betrieb kleiner und gro\u00dfer Schwimmbecken. Geschraubte Plattenw\u00e4rmetauscher werden aus Edelstahl AISI 316 oder Titan gefertigt und gew\u00e4hrleisten eine hohe Energieeffizienz bei geringem Druckverlust.   <\/p>\n","protected":false},"excerpt":{"rendered":"<p>Plattenw\u00e4rmetauscher Power X-PWT<\/p>\n<p> Diese Plattenw\u00e4rmetauscher sind f\u00fcr die Wassererw\u00e4rmung konzipiert. Sie sind f\u00fcr Temperaturen von 60 \u2013 70 \u00b0C auf der Prim\u00e4rseite und eine Betriebsleistung von 35 \u2013 500 kW ausgelegt. Dank ihrer Konstruktion eignen sie sich f\u00fcr den Betrieb kleiner und gro\u00dfer Schwimmbecken. Geschraubte Plattenw\u00e4rmetauscher werden aus Edelstahl AISI 316 oder Titan gefertigt und gew\u00e4hrleisten eine hohe Energieeffizienz bei geringem Druckverlust.   <\/p>\n","protected":false},"featured_media":2954,"template":"","meta":[],"product_brand":[],"product_cat":[255],"product_tag":[256],"class_list":{"0":"post-7530","1":"product","2":"type-product","3":"status-publish","4":"has-post-thumbnail","6":"product_cat-warmetauscher","7":"product_tag-warmetauscher","8":"thunk-woo-product-list","9":"open-woo-hover-none","10":"open-single-product-tab-horizontal","11":"open-shadow-","12":"open-shadow-hover-","14":"first","15":"instock","16":"taxable","17":"shipping-taxable","18":"purchasable","19":"product-type-simple"},"yoast_head":"<!-- This site is optimized with the Yoast SEO plugin v26.9 - https:\/\/yoast.com\/product\/yoast-seo-wordpress\/ -->\n<title>Plattenw\u00e4rmetauscher Power X-PWT 415-VA - Pool-House<\/title>\n<meta name=\"robots\" content=\"index, follow, max-snippet:-1, max-image-preview:large, max-video-preview:-1\" \/>\n<link rel=\"canonical\" href=\"https:\/\/pool-house.shop\/de\/product\/plattenwaermetauscher-power-x-pwt-415-va\/\" \/>\n<meta property=\"og:locale\" content=\"de_DE\" \/>\n<meta property=\"og:type\" content=\"article\" \/>\n<meta property=\"og:title\" content=\"Plattenw\u00e4rmetauscher Power X-PWT 415-VA - Pool-House\" \/>\n<meta property=\"og:description\" content=\"Plattenw\u00e4rmetauscher Power X-PWT  Diese Plattenw\u00e4rmetauscher sind f\u00fcr die Wassererw\u00e4rmung konzipiert. Sie sind f\u00fcr Temperaturen von 60 \u2013 70 \u00b0C auf der Prim\u00e4rseite und eine Betriebsleistung von 35 \u2013 500 kW ausgelegt. Dank ihrer Konstruktion eignen sie sich f\u00fcr den Betrieb kleiner und gro\u00dfer Schwimmbecken. Geschraubte Plattenw\u00e4rmetauscher werden aus Edelstahl AISI 316 oder Titan gefertigt und gew\u00e4hrleisten eine hohe Energieeffizienz bei geringem Druckverlust.\" \/>\n<meta property=\"og:url\" content=\"https:\/\/pool-house.shop\/de\/product\/plattenwaermetauscher-power-x-pwt-415-va\/\" \/>\n<meta property=\"og:site_name\" content=\"Pool-House\" \/>\n<meta property=\"article:publisher\" content=\"https:\/\/www.facebook.com\/termodomsk\/\" \/>\n<meta property=\"og:image\" content=\"https:\/\/pool-house.shop\/wp-content\/uploads\/2025\/03\/061903.png\" \/>\n\t<meta property=\"og:image:width\" content=\"1600\" \/>\n\t<meta property=\"og:image:height\" content=\"1600\" \/>\n\t<meta property=\"og:image:type\" content=\"image\/png\" \/>\n<meta name=\"twitter:card\" content=\"summary_large_image\" \/>\n<script type=\"application\/ld+json\" class=\"yoast-schema-graph\">{\"@context\":\"https:\/\/schema.org\",\"@graph\":[{\"@type\":\"WebPage\",\"@id\":\"https:\/\/pool-house.shop\/de\/product\/plattenwaermetauscher-power-x-pwt-415-va\/\",\"url\":\"https:\/\/pool-house.shop\/de\/product\/plattenwaermetauscher-power-x-pwt-415-va\/\",\"name\":\"Plattenw\u00e4rmetauscher Power X-PWT 415-VA - Pool-House\",\"isPartOf\":{\"@id\":\"https:\/\/pool-house.shop\/de\/#website\"},\"primaryImageOfPage\":{\"@id\":\"https:\/\/pool-house.shop\/de\/product\/plattenwaermetauscher-power-x-pwt-415-va\/#primaryimage\"},\"image\":{\"@id\":\"https:\/\/pool-house.shop\/de\/product\/plattenwaermetauscher-power-x-pwt-415-va\/#primaryimage\"},\"thumbnailUrl\":\"https:\/\/pool-house.shop\/wp-content\/uploads\/2025\/03\/061903.png\",\"datePublished\":\"2025-03-23T23:02:37+00:00\",\"breadcrumb\":{\"@id\":\"https:\/\/pool-house.shop\/de\/product\/plattenwaermetauscher-power-x-pwt-415-va\/#breadcrumb\"},\"inLanguage\":\"de\",\"potentialAction\":[{\"@type\":\"ReadAction\",\"target\":[\"https:\/\/pool-house.shop\/de\/product\/plattenwaermetauscher-power-x-pwt-415-va\/\"]}]},{\"@type\":\"ImageObject\",\"inLanguage\":\"de\",\"@id\":\"https:\/\/pool-house.shop\/de\/product\/plattenwaermetauscher-power-x-pwt-415-va\/#primaryimage\",\"url\":\"https:\/\/pool-house.shop\/wp-content\/uploads\/2025\/03\/061903.png\",\"contentUrl\":\"https:\/\/pool-house.shop\/wp-content\/uploads\/2025\/03\/061903.png\",\"width\":1600,\"height\":1600},{\"@type\":\"BreadcrumbList\",\"@id\":\"https:\/\/pool-house.shop\/de\/product\/plattenwaermetauscher-power-x-pwt-415-va\/#breadcrumb\",\"itemListElement\":[{\"@type\":\"ListItem\",\"position\":1,\"name\":\"Domovsk\u00e1 str\u00e1nka\",\"item\":\"https:\/\/pool-house.shop\/de\/\"},{\"@type\":\"ListItem\",\"position\":2,\"name\":\"Shop\",\"item\":\"https:\/\/pool-house.shop\/de\/shop\/\"},{\"@type\":\"ListItem\",\"position\":3,\"name\":\"Plattenw\u00e4rmetauscher Power X-PWT 415-VA\"}]},{\"@type\":\"WebSite\",\"@id\":\"https:\/\/pool-house.shop\/de\/#website\",\"url\":\"https:\/\/pool-house.shop\/de\/\",\"name\":\"Pool-House\",\"description\":\"\",\"publisher\":{\"@id\":\"https:\/\/pool-house.shop\/de\/#organization\"},\"potentialAction\":[{\"@type\":\"SearchAction\",\"target\":{\"@type\":\"EntryPoint\",\"urlTemplate\":\"https:\/\/pool-house.shop\/de\/?s={search_term_string}\"},\"query-input\":{\"@type\":\"PropertyValueSpecification\",\"valueRequired\":true,\"valueName\":\"search_term_string\"}}],\"inLanguage\":\"de\"},{\"@type\":\"Organization\",\"@id\":\"https:\/\/pool-house.shop\/de\/#organization\",\"name\":\"Pool-House\",\"url\":\"https:\/\/pool-house.shop\/de\/\",\"logo\":{\"@type\":\"ImageObject\",\"inLanguage\":\"de\",\"@id\":\"https:\/\/pool-house.shop\/de\/#\/schema\/logo\/image\/\",\"url\":\"https:\/\/pool-house.shop\/wp-content\/uploads\/2025\/10\/logo-2-stvorec-mobil-modre.png\",\"contentUrl\":\"https:\/\/pool-house.shop\/wp-content\/uploads\/2025\/10\/logo-2-stvorec-mobil-modre.png\",\"width\":273,\"height\":189,\"caption\":\"Pool-House\"},\"image\":{\"@id\":\"https:\/\/pool-house.shop\/de\/#\/schema\/logo\/image\/\"},\"sameAs\":[\"https:\/\/www.facebook.com\/termodomsk\/\"]}]}<\/script>\n<!-- \/ Yoast SEO plugin. -->","yoast_head_json":{"title":"Plattenw\u00e4rmetauscher Power X-PWT 415-VA - Pool-House","robots":{"index":"index","follow":"follow","max-snippet":"max-snippet:-1","max-image-preview":"max-image-preview:large","max-video-preview":"max-video-preview:-1"},"canonical":"https:\/\/pool-house.shop\/de\/product\/plattenwaermetauscher-power-x-pwt-415-va\/","og_locale":"de_DE","og_type":"article","og_title":"Plattenw\u00e4rmetauscher Power X-PWT 415-VA - Pool-House","og_description":"Plattenw\u00e4rmetauscher Power X-PWT  Diese Plattenw\u00e4rmetauscher sind f\u00fcr die Wassererw\u00e4rmung konzipiert. Sie sind f\u00fcr Temperaturen von 60 \u2013 70 \u00b0C auf der Prim\u00e4rseite und eine Betriebsleistung von 35 \u2013 500 kW ausgelegt. Dank ihrer Konstruktion eignen sie sich f\u00fcr den Betrieb kleiner und gro\u00dfer Schwimmbecken. Geschraubte Plattenw\u00e4rmetauscher werden aus Edelstahl AISI 316 oder Titan gefertigt und gew\u00e4hrleisten eine hohe Energieeffizienz bei geringem Druckverlust.","og_url":"https:\/\/pool-house.shop\/de\/product\/plattenwaermetauscher-power-x-pwt-415-va\/","og_site_name":"Pool-House","article_publisher":"https:\/\/www.facebook.com\/termodomsk\/","og_image":[{"width":1600,"height":1600,"url":"https:\/\/pool-house.shop\/wp-content\/uploads\/2025\/03\/061903.png","type":"image\/png"}],"twitter_card":"summary_large_image","schema":{"@context":"https:\/\/schema.org","@graph":[{"@type":"WebPage","@id":"https:\/\/pool-house.shop\/de\/product\/plattenwaermetauscher-power-x-pwt-415-va\/","url":"https:\/\/pool-house.shop\/de\/product\/plattenwaermetauscher-power-x-pwt-415-va\/","name":"Plattenw\u00e4rmetauscher Power X-PWT 415-VA - Pool-House","isPartOf":{"@id":"https:\/\/pool-house.shop\/de\/#website"},"primaryImageOfPage":{"@id":"https:\/\/pool-house.shop\/de\/product\/plattenwaermetauscher-power-x-pwt-415-va\/#primaryimage"},"image":{"@id":"https:\/\/pool-house.shop\/de\/product\/plattenwaermetauscher-power-x-pwt-415-va\/#primaryimage"},"thumbnailUrl":"https:\/\/pool-house.shop\/wp-content\/uploads\/2025\/03\/061903.png","datePublished":"2025-03-23T23:02:37+00:00","breadcrumb":{"@id":"https:\/\/pool-house.shop\/de\/product\/plattenwaermetauscher-power-x-pwt-415-va\/#breadcrumb"},"inLanguage":"de","potentialAction":[{"@type":"ReadAction","target":["https:\/\/pool-house.shop\/de\/product\/plattenwaermetauscher-power-x-pwt-415-va\/"]}]},{"@type":"ImageObject","inLanguage":"de","@id":"https:\/\/pool-house.shop\/de\/product\/plattenwaermetauscher-power-x-pwt-415-va\/#primaryimage","url":"https:\/\/pool-house.shop\/wp-content\/uploads\/2025\/03\/061903.png","contentUrl":"https:\/\/pool-house.shop\/wp-content\/uploads\/2025\/03\/061903.png","width":1600,"height":1600},{"@type":"BreadcrumbList","@id":"https:\/\/pool-house.shop\/de\/product\/plattenwaermetauscher-power-x-pwt-415-va\/#breadcrumb","itemListElement":[{"@type":"ListItem","position":1,"name":"Domovsk\u00e1 str\u00e1nka","item":"https:\/\/pool-house.shop\/de\/"},{"@type":"ListItem","position":2,"name":"Shop","item":"https:\/\/pool-house.shop\/de\/shop\/"},{"@type":"ListItem","position":3,"name":"Plattenw\u00e4rmetauscher Power X-PWT 415-VA"}]},{"@type":"WebSite","@id":"https:\/\/pool-house.shop\/de\/#website","url":"https:\/\/pool-house.shop\/de\/","name":"Pool-House","description":"","publisher":{"@id":"https:\/\/pool-house.shop\/de\/#organization"},"potentialAction":[{"@type":"SearchAction","target":{"@type":"EntryPoint","urlTemplate":"https:\/\/pool-house.shop\/de\/?s={search_term_string}"},"query-input":{"@type":"PropertyValueSpecification","valueRequired":true,"valueName":"search_term_string"}}],"inLanguage":"de"},{"@type":"Organization","@id":"https:\/\/pool-house.shop\/de\/#organization","name":"Pool-House","url":"https:\/\/pool-house.shop\/de\/","logo":{"@type":"ImageObject","inLanguage":"de","@id":"https:\/\/pool-house.shop\/de\/#\/schema\/logo\/image\/","url":"https:\/\/pool-house.shop\/wp-content\/uploads\/2025\/10\/logo-2-stvorec-mobil-modre.png","contentUrl":"https:\/\/pool-house.shop\/wp-content\/uploads\/2025\/10\/logo-2-stvorec-mobil-modre.png","width":273,"height":189,"caption":"Pool-House"},"image":{"@id":"https:\/\/pool-house.shop\/de\/#\/schema\/logo\/image\/"},"sameAs":["https:\/\/www.facebook.com\/termodomsk\/"]}]}},"_links":{"self":[{"href":"https:\/\/pool-house.shop\/de\/wp-json\/wp\/v2\/product\/7530","targetHints":{"allow":["GET"]}}],"collection":[{"href":"https:\/\/pool-house.shop\/de\/wp-json\/wp\/v2\/product"}],"about":[{"href":"https:\/\/pool-house.shop\/de\/wp-json\/wp\/v2\/types\/product"}],"wp:featuredmedia":[{"embeddable":true,"href":"https:\/\/pool-house.shop\/de\/wp-json\/wp\/v2\/media\/2954"}],"wp:attachment":[{"href":"https:\/\/pool-house.shop\/de\/wp-json\/wp\/v2\/media?parent=7530"}],"wp:term":[{"taxonomy":"product_brand","embeddable":true,"href":"https:\/\/pool-house.shop\/de\/wp-json\/wp\/v2\/product_brand?post=7530"},{"taxonomy":"product_cat","embeddable":true,"href":"https:\/\/pool-house.shop\/de\/wp-json\/wp\/v2\/product_cat?post=7530"},{"taxonomy":"product_tag","embeddable":true,"href":"https:\/\/pool-house.shop\/de\/wp-json\/wp\/v2\/product_tag?post=7530"}],"curies":[{"name":"wp","href":"https:\/\/api.w.org\/{rel}","templated":true}]}}