{"id":7534,"date":"2025-03-24T00:04:14","date_gmt":"2025-03-23T23:04:14","guid":{"rendered":"https:\/\/pool-house.shop\/product\/mp2-r-15l-std-1-bar\/"},"modified":"2025-03-24T00:04:14","modified_gmt":"2025-03-23T23:04:14","slug":"mp2-r-15l-std-1-bar","status":"publish","type":"product","link":"https:\/\/pool-house.shop\/de\/product\/mp2-r-15l-std-1-bar\/","title":{"rendered":"MP2-R 1,5l\/Std. &#8211; 1 bar"},"content":{"rendered":"<p>Microdos MP2-R<\/p>\n<p> Zuverl\u00e4ssige peristaltische Dosierpumpe von Microdos in kompakter Gr\u00f6\u00dfe mit einfacher Installation. Sie wird mit einer Wandhalterung geliefert und verf\u00fcgt \u00fcber eine automatische Entl\u00fcftung. Sie erfordert minimale Wartung und ist sicher in der Anwendung. Die Rollen sind selbstschmierend, sie ist mit einem 2,5 m langen Kabel ausgestattet und wird ohne Zubeh\u00f6r geliefert.<br \/>\n Die Leistung ist manuell von 10 bis 100 % einstellbar.<\/p>\n<p> Zubeh\u00f6r:<br \/>\n &#8211; Einspritzventil,<br \/>\n &#8211; Fu\u00dfventil,<br \/>\n &#8211; 2 m Chemikalienschlauch aus PVC 4 x 6 auf der Saugseite,<br \/>\n &#8211; 2 m Chemikalienschlauch aus PE 4 x 6 auf der Druckseite.   <\/p>\n","protected":false},"excerpt":{"rendered":"<p>Microdos MP2-R<\/p>\n<p> Zuverl\u00e4ssige peristaltische Dosierpumpe von Microdos in kompakter Gr\u00f6\u00dfe mit einfacher Installation. Sie wird mit einer Wandhalterung geliefert und verf\u00fcgt \u00fcber eine automatische Entl\u00fcftung. Sie erfordert minimale Wartung und ist sicher in der Anwendung. Die Rollen sind selbstschmierend, sie ist mit einem 2,5 m langen Kabel ausgestattet und wird ohne Zubeh\u00f6r geliefert.<br \/>\n Die Leistung ist manuell von 10 bis 100 % einstellbar.<\/p>\n<p> Zubeh\u00f6r:<br \/>\n &#8211; Einspritzventil,<br \/>\n &#8211; Fu\u00dfventil,<br \/>\n &#8211; 2 m Chemikalienschlauch aus PVC 4 x 6 auf der Saugseite,<br \/>\n &#8211; 2 m Chemikalienschlauch aus PE 4 x 6 auf der Druckseite.   <\/p>\n","protected":false},"featured_media":3042,"template":"","meta":[],"product_brand":[],"product_cat":[260],"product_tag":[262],"class_list":{"0":"post-7534","1":"product","2":"type-product","3":"status-publish","4":"has-post-thumbnail","6":"product_cat-dosierpumpen","7":"product_tag-dosierpumpen","8":"thunk-woo-product-list","9":"open-woo-hover-none","10":"open-single-product-tab-horizontal","11":"open-shadow-","12":"open-shadow-hover-","14":"first","15":"instock","16":"taxable","17":"shipping-taxable","18":"purchasable","19":"product-type-simple"},"yoast_head":"<!-- This site is optimized with the Yoast SEO plugin v26.9 - https:\/\/yoast.com\/product\/yoast-seo-wordpress\/ -->\n<title>MP2-R 1,5l\/Std. - 1 bar - Pool-House<\/title>\n<meta name=\"robots\" content=\"index, follow, max-snippet:-1, max-image-preview:large, max-video-preview:-1\" \/>\n<link rel=\"canonical\" href=\"https:\/\/pool-house.shop\/de\/product\/mp2-r-15l-std-1-bar\/\" \/>\n<meta property=\"og:locale\" content=\"de_DE\" \/>\n<meta property=\"og:type\" content=\"article\" \/>\n<meta property=\"og:title\" content=\"MP2-R 1,5l\/Std. - 1 bar - Pool-House\" \/>\n<meta property=\"og:description\" content=\"Microdos MP2-R  Zuverl\u00e4ssige peristaltische Dosierpumpe von Microdos in kompakter Gr\u00f6\u00dfe mit einfacher Installation. Sie wird mit einer Wandhalterung geliefert und verf\u00fcgt \u00fcber eine automatische Entl\u00fcftung. Sie erfordert minimale Wartung und ist sicher in der Anwendung. Die Rollen sind selbstschmierend, sie ist mit einem 2,5 m langen Kabel ausgestattet und wird ohne Zubeh\u00f6r geliefert. Die Leistung ist manuell von 10 bis 100 % einstellbar.  Zubeh\u00f6r: - Einspritzventil, - Fu\u00dfventil, - 2 m Chemikalienschlauch aus PVC 4 x 6 auf der Saugseite, - 2 m Chemikalienschlauch aus PE 4 x 6 auf der Druckseite.\" \/>\n<meta property=\"og:url\" content=\"https:\/\/pool-house.shop\/de\/product\/mp2-r-15l-std-1-bar\/\" \/>\n<meta property=\"og:site_name\" content=\"Pool-House\" \/>\n<meta property=\"article:publisher\" content=\"https:\/\/www.facebook.com\/termodomsk\/\" \/>\n<meta property=\"og:image\" content=\"https:\/\/pool-house.shop\/wp-content\/uploads\/2025\/03\/071011.png\" \/>\n\t<meta property=\"og:image:width\" content=\"1600\" \/>\n\t<meta property=\"og:image:height\" content=\"1600\" \/>\n\t<meta property=\"og:image:type\" content=\"image\/png\" \/>\n<meta name=\"twitter:card\" content=\"summary_large_image\" \/>\n<script type=\"application\/ld+json\" class=\"yoast-schema-graph\">{\"@context\":\"https:\/\/schema.org\",\"@graph\":[{\"@type\":\"WebPage\",\"@id\":\"https:\/\/pool-house.shop\/de\/product\/mp2-r-15l-std-1-bar\/\",\"url\":\"https:\/\/pool-house.shop\/de\/product\/mp2-r-15l-std-1-bar\/\",\"name\":\"MP2-R 1,5l\/Std. - 1 bar - Pool-House\",\"isPartOf\":{\"@id\":\"https:\/\/pool-house.shop\/de\/#website\"},\"primaryImageOfPage\":{\"@id\":\"https:\/\/pool-house.shop\/de\/product\/mp2-r-15l-std-1-bar\/#primaryimage\"},\"image\":{\"@id\":\"https:\/\/pool-house.shop\/de\/product\/mp2-r-15l-std-1-bar\/#primaryimage\"},\"thumbnailUrl\":\"https:\/\/pool-house.shop\/wp-content\/uploads\/2025\/03\/071011.png\",\"datePublished\":\"2025-03-23T23:04:14+00:00\",\"breadcrumb\":{\"@id\":\"https:\/\/pool-house.shop\/de\/product\/mp2-r-15l-std-1-bar\/#breadcrumb\"},\"inLanguage\":\"de\",\"potentialAction\":[{\"@type\":\"ReadAction\",\"target\":[\"https:\/\/pool-house.shop\/de\/product\/mp2-r-15l-std-1-bar\/\"]}]},{\"@type\":\"ImageObject\",\"inLanguage\":\"de\",\"@id\":\"https:\/\/pool-house.shop\/de\/product\/mp2-r-15l-std-1-bar\/#primaryimage\",\"url\":\"https:\/\/pool-house.shop\/wp-content\/uploads\/2025\/03\/071011.png\",\"contentUrl\":\"https:\/\/pool-house.shop\/wp-content\/uploads\/2025\/03\/071011.png\",\"width\":1600,\"height\":1600},{\"@type\":\"BreadcrumbList\",\"@id\":\"https:\/\/pool-house.shop\/de\/product\/mp2-r-15l-std-1-bar\/#breadcrumb\",\"itemListElement\":[{\"@type\":\"ListItem\",\"position\":1,\"name\":\"Domovsk\u00e1 str\u00e1nka\",\"item\":\"https:\/\/pool-house.shop\/de\/\"},{\"@type\":\"ListItem\",\"position\":2,\"name\":\"Shop\",\"item\":\"https:\/\/pool-house.shop\/de\/shop\/\"},{\"@type\":\"ListItem\",\"position\":3,\"name\":\"MP2-R 1,5l\/Std. &#8211; 1 bar\"}]},{\"@type\":\"WebSite\",\"@id\":\"https:\/\/pool-house.shop\/de\/#website\",\"url\":\"https:\/\/pool-house.shop\/de\/\",\"name\":\"Pool-House\",\"description\":\"\",\"publisher\":{\"@id\":\"https:\/\/pool-house.shop\/de\/#organization\"},\"potentialAction\":[{\"@type\":\"SearchAction\",\"target\":{\"@type\":\"EntryPoint\",\"urlTemplate\":\"https:\/\/pool-house.shop\/de\/?s={search_term_string}\"},\"query-input\":{\"@type\":\"PropertyValueSpecification\",\"valueRequired\":true,\"valueName\":\"search_term_string\"}}],\"inLanguage\":\"de\"},{\"@type\":\"Organization\",\"@id\":\"https:\/\/pool-house.shop\/de\/#organization\",\"name\":\"Pool-House\",\"url\":\"https:\/\/pool-house.shop\/de\/\",\"logo\":{\"@type\":\"ImageObject\",\"inLanguage\":\"de\",\"@id\":\"https:\/\/pool-house.shop\/de\/#\/schema\/logo\/image\/\",\"url\":\"https:\/\/pool-house.shop\/wp-content\/uploads\/2025\/10\/logo-2-stvorec-mobil-modre.png\",\"contentUrl\":\"https:\/\/pool-house.shop\/wp-content\/uploads\/2025\/10\/logo-2-stvorec-mobil-modre.png\",\"width\":273,\"height\":189,\"caption\":\"Pool-House\"},\"image\":{\"@id\":\"https:\/\/pool-house.shop\/de\/#\/schema\/logo\/image\/\"},\"sameAs\":[\"https:\/\/www.facebook.com\/termodomsk\/\"]}]}<\/script>\n<!-- \/ Yoast SEO plugin. -->","yoast_head_json":{"title":"MP2-R 1,5l\/Std. - 1 bar - Pool-House","robots":{"index":"index","follow":"follow","max-snippet":"max-snippet:-1","max-image-preview":"max-image-preview:large","max-video-preview":"max-video-preview:-1"},"canonical":"https:\/\/pool-house.shop\/de\/product\/mp2-r-15l-std-1-bar\/","og_locale":"de_DE","og_type":"article","og_title":"MP2-R 1,5l\/Std. - 1 bar - Pool-House","og_description":"Microdos MP2-R  Zuverl\u00e4ssige peristaltische Dosierpumpe von Microdos in kompakter Gr\u00f6\u00dfe mit einfacher Installation. Sie wird mit einer Wandhalterung geliefert und verf\u00fcgt \u00fcber eine automatische Entl\u00fcftung. Sie erfordert minimale Wartung und ist sicher in der Anwendung. Die Rollen sind selbstschmierend, sie ist mit einem 2,5 m langen Kabel ausgestattet und wird ohne Zubeh\u00f6r geliefert. Die Leistung ist manuell von 10 bis 100 % einstellbar.  Zubeh\u00f6r: - Einspritzventil, - Fu\u00dfventil, - 2 m Chemikalienschlauch aus PVC 4 x 6 auf der Saugseite, - 2 m Chemikalienschlauch aus PE 4 x 6 auf der Druckseite.","og_url":"https:\/\/pool-house.shop\/de\/product\/mp2-r-15l-std-1-bar\/","og_site_name":"Pool-House","article_publisher":"https:\/\/www.facebook.com\/termodomsk\/","og_image":[{"width":1600,"height":1600,"url":"https:\/\/pool-house.shop\/wp-content\/uploads\/2025\/03\/071011.png","type":"image\/png"}],"twitter_card":"summary_large_image","schema":{"@context":"https:\/\/schema.org","@graph":[{"@type":"WebPage","@id":"https:\/\/pool-house.shop\/de\/product\/mp2-r-15l-std-1-bar\/","url":"https:\/\/pool-house.shop\/de\/product\/mp2-r-15l-std-1-bar\/","name":"MP2-R 1,5l\/Std. - 1 bar - Pool-House","isPartOf":{"@id":"https:\/\/pool-house.shop\/de\/#website"},"primaryImageOfPage":{"@id":"https:\/\/pool-house.shop\/de\/product\/mp2-r-15l-std-1-bar\/#primaryimage"},"image":{"@id":"https:\/\/pool-house.shop\/de\/product\/mp2-r-15l-std-1-bar\/#primaryimage"},"thumbnailUrl":"https:\/\/pool-house.shop\/wp-content\/uploads\/2025\/03\/071011.png","datePublished":"2025-03-23T23:04:14+00:00","breadcrumb":{"@id":"https:\/\/pool-house.shop\/de\/product\/mp2-r-15l-std-1-bar\/#breadcrumb"},"inLanguage":"de","potentialAction":[{"@type":"ReadAction","target":["https:\/\/pool-house.shop\/de\/product\/mp2-r-15l-std-1-bar\/"]}]},{"@type":"ImageObject","inLanguage":"de","@id":"https:\/\/pool-house.shop\/de\/product\/mp2-r-15l-std-1-bar\/#primaryimage","url":"https:\/\/pool-house.shop\/wp-content\/uploads\/2025\/03\/071011.png","contentUrl":"https:\/\/pool-house.shop\/wp-content\/uploads\/2025\/03\/071011.png","width":1600,"height":1600},{"@type":"BreadcrumbList","@id":"https:\/\/pool-house.shop\/de\/product\/mp2-r-15l-std-1-bar\/#breadcrumb","itemListElement":[{"@type":"ListItem","position":1,"name":"Domovsk\u00e1 str\u00e1nka","item":"https:\/\/pool-house.shop\/de\/"},{"@type":"ListItem","position":2,"name":"Shop","item":"https:\/\/pool-house.shop\/de\/shop\/"},{"@type":"ListItem","position":3,"name":"MP2-R 1,5l\/Std. &#8211; 1 bar"}]},{"@type":"WebSite","@id":"https:\/\/pool-house.shop\/de\/#website","url":"https:\/\/pool-house.shop\/de\/","name":"Pool-House","description":"","publisher":{"@id":"https:\/\/pool-house.shop\/de\/#organization"},"potentialAction":[{"@type":"SearchAction","target":{"@type":"EntryPoint","urlTemplate":"https:\/\/pool-house.shop\/de\/?s={search_term_string}"},"query-input":{"@type":"PropertyValueSpecification","valueRequired":true,"valueName":"search_term_string"}}],"inLanguage":"de"},{"@type":"Organization","@id":"https:\/\/pool-house.shop\/de\/#organization","name":"Pool-House","url":"https:\/\/pool-house.shop\/de\/","logo":{"@type":"ImageObject","inLanguage":"de","@id":"https:\/\/pool-house.shop\/de\/#\/schema\/logo\/image\/","url":"https:\/\/pool-house.shop\/wp-content\/uploads\/2025\/10\/logo-2-stvorec-mobil-modre.png","contentUrl":"https:\/\/pool-house.shop\/wp-content\/uploads\/2025\/10\/logo-2-stvorec-mobil-modre.png","width":273,"height":189,"caption":"Pool-House"},"image":{"@id":"https:\/\/pool-house.shop\/de\/#\/schema\/logo\/image\/"},"sameAs":["https:\/\/www.facebook.com\/termodomsk\/"]}]}},"_links":{"self":[{"href":"https:\/\/pool-house.shop\/de\/wp-json\/wp\/v2\/product\/7534","targetHints":{"allow":["GET"]}}],"collection":[{"href":"https:\/\/pool-house.shop\/de\/wp-json\/wp\/v2\/product"}],"about":[{"href":"https:\/\/pool-house.shop\/de\/wp-json\/wp\/v2\/types\/product"}],"wp:featuredmedia":[{"embeddable":true,"href":"https:\/\/pool-house.shop\/de\/wp-json\/wp\/v2\/media\/3042"}],"wp:attachment":[{"href":"https:\/\/pool-house.shop\/de\/wp-json\/wp\/v2\/media?parent=7534"}],"wp:term":[{"taxonomy":"product_brand","embeddable":true,"href":"https:\/\/pool-house.shop\/de\/wp-json\/wp\/v2\/product_brand?post=7534"},{"taxonomy":"product_cat","embeddable":true,"href":"https:\/\/pool-house.shop\/de\/wp-json\/wp\/v2\/product_cat?post=7534"},{"taxonomy":"product_tag","embeddable":true,"href":"https:\/\/pool-house.shop\/de\/wp-json\/wp\/v2\/product_tag?post=7534"}],"curies":[{"name":"wp","href":"https:\/\/api.w.org\/{rel}","templated":true}]}}