{"id":7555,"date":"2025-03-24T00:03:39","date_gmt":"2025-03-23T23:03:39","guid":{"rendered":"https:\/\/pool-house.shop\/product\/solarheizung\/"},"modified":"2025-03-24T00:03:39","modified_gmt":"2025-03-23T23:03:39","slug":"solarheizung","status":"publish","type":"product","link":"https:\/\/pool-house.shop\/de\/product\/solarheizung\/","title":{"rendered":"Solarheizung"},"content":{"rendered":"<p>Solarheizung<\/p>\n<p> Solarwassererw\u00e4rmung in \u201ePyramidenform\u201c mit einem Solarkollektor, ausschlie\u00dflich zur Regulierung der Wassertemperatur in Aufstellbecken. Umweltfreundliche Technologie. Das Geh\u00e4use besteht aus schwarzem Polypropylen. Jedes Panel verf\u00fcgt \u00fcber eine bestimmte Anzahl gerader Kan\u00e4le, die an beiden Enden mit dem Hauptkollektorrohr verbunden sind. Die Heizung kann an alle Standard-Wasserleitungen angeschlossen werden und wird im Falle eines Pools an den Kreislauf des gefilterten Wassers angeschlossen.<br \/>\n  Bei regelm\u00e4\u00dfiger Sonneneinstrahlung eignet es sich zur Aufrechterhaltung der Wassertemperatur und gegebenenfalls zu deren Erh\u00f6hung. Unter optimalen Bedingungen kann die Temperatur innerhalb von 3 bis 4 Tagen um bis zu 6 Grad (max.) erh\u00f6ht werden, abh\u00e4ngig von der Gr\u00f6\u00dfe des Pools. <\/p>\n<p> Eigenschaften:<br \/>\n &#8211; Volumen: 10,7 l,<br \/>\n &#8211; Ma\u00dfe: 73 x 73 x 22 cm,<br \/>\n &#8211; Gewicht: 8,9 kg. <\/p>\n","protected":false},"excerpt":{"rendered":"<p>Solarheizung<\/p>\n<p> Solarwassererw\u00e4rmung in \u201ePyramidenform\u201c mit einem Solarkollektor, ausschlie\u00dflich zur Regulierung der Wassertemperatur in Aufstellbecken. Umweltfreundliche Technologie. Das Geh\u00e4use besteht aus schwarzem Polypropylen. Jedes Panel verf\u00fcgt \u00fcber eine bestimmte Anzahl gerader Kan\u00e4le, die an beiden Enden mit dem Hauptkollektorrohr verbunden sind. Die Heizung kann an alle Standard-Wasserleitungen angeschlossen werden und wird im Falle eines Pools an den Kreislauf des gefilterten Wassers angeschlossen.<br \/>\n  Bei regelm\u00e4\u00dfiger Sonneneinstrahlung eignet es sich zur Aufrechterhaltung der Wassertemperatur und gegebenenfalls zu deren Erh\u00f6hung. Unter optimalen Bedingungen kann die Temperatur innerhalb von 3 bis 4 Tagen um bis zu 6 Grad (max.) erh\u00f6ht werden, abh\u00e4ngig von der Gr\u00f6\u00dfe des Pools. <\/p>\n<p> Eigenschaften:<br \/>\n &#8211; Volumen: 10,7 l,<br \/>\n &#8211; Ma\u00dfe: 73 x 73 x 22 cm,<br \/>\n &#8211; Gewicht: 8,9 kg. <\/p>\n","protected":false},"featured_media":3020,"template":"","meta":[],"product_brand":[],"product_cat":[253],"product_tag":[254],"class_list":{"0":"post-7555","1":"product","2":"type-product","3":"status-publish","4":"has-post-thumbnail","6":"product_cat-elektrische-heizung","7":"product_tag-elektrische-heizung","8":"thunk-woo-product-list","9":"open-woo-hover-none","10":"open-single-product-tab-horizontal","11":"open-shadow-","12":"open-shadow-hover-","14":"first","15":"instock","16":"taxable","17":"shipping-taxable","18":"purchasable","19":"product-type-simple"},"yoast_head":"<!-- This site is optimized with the Yoast SEO plugin v26.9 - https:\/\/yoast.com\/product\/yoast-seo-wordpress\/ -->\n<title>Solarheizung - Pool-House<\/title>\n<meta name=\"robots\" content=\"index, follow, max-snippet:-1, max-image-preview:large, max-video-preview:-1\" \/>\n<link rel=\"canonical\" href=\"https:\/\/pool-house.shop\/de\/product\/solarheizung\/\" \/>\n<meta property=\"og:locale\" content=\"de_DE\" \/>\n<meta property=\"og:type\" content=\"article\" \/>\n<meta property=\"og:title\" content=\"Solarheizung - Pool-House\" \/>\n<meta property=\"og:description\" content=\"Solarheizung  Solarwassererw\u00e4rmung in \u201ePyramidenform\u201c mit einem Solarkollektor, ausschlie\u00dflich zur Regulierung der Wassertemperatur in Aufstellbecken. Umweltfreundliche Technologie. Das Geh\u00e4use besteht aus schwarzem Polypropylen. Jedes Panel verf\u00fcgt \u00fcber eine bestimmte Anzahl gerader Kan\u00e4le, die an beiden Enden mit dem Hauptkollektorrohr verbunden sind. Die Heizung kann an alle Standard-Wasserleitungen angeschlossen werden und wird im Falle eines Pools an den Kreislauf des gefilterten Wassers angeschlossen.     Bei regelm\u00e4\u00dfiger Sonneneinstrahlung eignet es sich zur Aufrechterhaltung der Wassertemperatur und gegebenenfalls zu deren Erh\u00f6hung. Unter optimalen Bedingungen kann die Temperatur innerhalb von 3 bis 4 Tagen um bis zu 6 Grad (max.) erh\u00f6ht werden, abh\u00e4ngig von der Gr\u00f6\u00dfe des Pools.   Eigenschaften:  - Volumen: 10,7 l, - Ma\u00dfe: 73 x 73 x 22 cm,  - Gewicht: 8,9 kg.\" \/>\n<meta property=\"og:url\" content=\"https:\/\/pool-house.shop\/de\/product\/solarheizung\/\" \/>\n<meta property=\"og:site_name\" content=\"Pool-House\" \/>\n<meta property=\"article:publisher\" content=\"https:\/\/www.facebook.com\/termodomsk\/\" \/>\n<meta property=\"og:image\" content=\"https:\/\/pool-house.shop\/wp-content\/uploads\/2025\/03\/065600.png\" \/>\n\t<meta property=\"og:image:width\" content=\"1600\" \/>\n\t<meta property=\"og:image:height\" content=\"1600\" \/>\n\t<meta property=\"og:image:type\" content=\"image\/png\" \/>\n<meta name=\"twitter:card\" content=\"summary_large_image\" \/>\n<meta name=\"twitter:label1\" content=\"Gesch\u00e4tzte Lesezeit\" \/>\n\t<meta name=\"twitter:data1\" content=\"1\u00a0Minute\" \/>\n<script type=\"application\/ld+json\" class=\"yoast-schema-graph\">{\"@context\":\"https:\/\/schema.org\",\"@graph\":[{\"@type\":\"WebPage\",\"@id\":\"https:\/\/pool-house.shop\/de\/product\/solarheizung\/\",\"url\":\"https:\/\/pool-house.shop\/de\/product\/solarheizung\/\",\"name\":\"Solarheizung - Pool-House\",\"isPartOf\":{\"@id\":\"https:\/\/pool-house.shop\/de\/#website\"},\"primaryImageOfPage\":{\"@id\":\"https:\/\/pool-house.shop\/de\/product\/solarheizung\/#primaryimage\"},\"image\":{\"@id\":\"https:\/\/pool-house.shop\/de\/product\/solarheizung\/#primaryimage\"},\"thumbnailUrl\":\"https:\/\/pool-house.shop\/wp-content\/uploads\/2025\/03\/065600.png\",\"datePublished\":\"2025-03-23T23:03:39+00:00\",\"breadcrumb\":{\"@id\":\"https:\/\/pool-house.shop\/de\/product\/solarheizung\/#breadcrumb\"},\"inLanguage\":\"de\",\"potentialAction\":[{\"@type\":\"ReadAction\",\"target\":[\"https:\/\/pool-house.shop\/de\/product\/solarheizung\/\"]}]},{\"@type\":\"ImageObject\",\"inLanguage\":\"de\",\"@id\":\"https:\/\/pool-house.shop\/de\/product\/solarheizung\/#primaryimage\",\"url\":\"https:\/\/pool-house.shop\/wp-content\/uploads\/2025\/03\/065600.png\",\"contentUrl\":\"https:\/\/pool-house.shop\/wp-content\/uploads\/2025\/03\/065600.png\",\"width\":1600,\"height\":1600},{\"@type\":\"BreadcrumbList\",\"@id\":\"https:\/\/pool-house.shop\/de\/product\/solarheizung\/#breadcrumb\",\"itemListElement\":[{\"@type\":\"ListItem\",\"position\":1,\"name\":\"Domovsk\u00e1 str\u00e1nka\",\"item\":\"https:\/\/pool-house.shop\/de\/\"},{\"@type\":\"ListItem\",\"position\":2,\"name\":\"Shop\",\"item\":\"https:\/\/pool-house.shop\/de\/shop\/\"},{\"@type\":\"ListItem\",\"position\":3,\"name\":\"Solarheizung\"}]},{\"@type\":\"WebSite\",\"@id\":\"https:\/\/pool-house.shop\/de\/#website\",\"url\":\"https:\/\/pool-house.shop\/de\/\",\"name\":\"Pool-House\",\"description\":\"\",\"publisher\":{\"@id\":\"https:\/\/pool-house.shop\/de\/#organization\"},\"potentialAction\":[{\"@type\":\"SearchAction\",\"target\":{\"@type\":\"EntryPoint\",\"urlTemplate\":\"https:\/\/pool-house.shop\/de\/?s={search_term_string}\"},\"query-input\":{\"@type\":\"PropertyValueSpecification\",\"valueRequired\":true,\"valueName\":\"search_term_string\"}}],\"inLanguage\":\"de\"},{\"@type\":\"Organization\",\"@id\":\"https:\/\/pool-house.shop\/de\/#organization\",\"name\":\"Pool-House\",\"url\":\"https:\/\/pool-house.shop\/de\/\",\"logo\":{\"@type\":\"ImageObject\",\"inLanguage\":\"de\",\"@id\":\"https:\/\/pool-house.shop\/de\/#\/schema\/logo\/image\/\",\"url\":\"https:\/\/pool-house.shop\/wp-content\/uploads\/2025\/10\/logo-2-stvorec-mobil-modre.png\",\"contentUrl\":\"https:\/\/pool-house.shop\/wp-content\/uploads\/2025\/10\/logo-2-stvorec-mobil-modre.png\",\"width\":273,\"height\":189,\"caption\":\"Pool-House\"},\"image\":{\"@id\":\"https:\/\/pool-house.shop\/de\/#\/schema\/logo\/image\/\"},\"sameAs\":[\"https:\/\/www.facebook.com\/termodomsk\/\"]}]}<\/script>\n<!-- \/ Yoast SEO plugin. -->","yoast_head_json":{"title":"Solarheizung - Pool-House","robots":{"index":"index","follow":"follow","max-snippet":"max-snippet:-1","max-image-preview":"max-image-preview:large","max-video-preview":"max-video-preview:-1"},"canonical":"https:\/\/pool-house.shop\/de\/product\/solarheizung\/","og_locale":"de_DE","og_type":"article","og_title":"Solarheizung - Pool-House","og_description":"Solarheizung  Solarwassererw\u00e4rmung in \u201ePyramidenform\u201c mit einem Solarkollektor, ausschlie\u00dflich zur Regulierung der Wassertemperatur in Aufstellbecken. Umweltfreundliche Technologie. Das Geh\u00e4use besteht aus schwarzem Polypropylen. Jedes Panel verf\u00fcgt \u00fcber eine bestimmte Anzahl gerader Kan\u00e4le, die an beiden Enden mit dem Hauptkollektorrohr verbunden sind. Die Heizung kann an alle Standard-Wasserleitungen angeschlossen werden und wird im Falle eines Pools an den Kreislauf des gefilterten Wassers angeschlossen.     Bei regelm\u00e4\u00dfiger Sonneneinstrahlung eignet es sich zur Aufrechterhaltung der Wassertemperatur und gegebenenfalls zu deren Erh\u00f6hung. Unter optimalen Bedingungen kann die Temperatur innerhalb von 3 bis 4 Tagen um bis zu 6 Grad (max.) erh\u00f6ht werden, abh\u00e4ngig von der Gr\u00f6\u00dfe des Pools.   Eigenschaften:  - Volumen: 10,7 l, - Ma\u00dfe: 73 x 73 x 22 cm,  - Gewicht: 8,9 kg.","og_url":"https:\/\/pool-house.shop\/de\/product\/solarheizung\/","og_site_name":"Pool-House","article_publisher":"https:\/\/www.facebook.com\/termodomsk\/","og_image":[{"width":1600,"height":1600,"url":"https:\/\/pool-house.shop\/wp-content\/uploads\/2025\/03\/065600.png","type":"image\/png"}],"twitter_card":"summary_large_image","twitter_misc":{"Gesch\u00e4tzte Lesezeit":"1\u00a0Minute"},"schema":{"@context":"https:\/\/schema.org","@graph":[{"@type":"WebPage","@id":"https:\/\/pool-house.shop\/de\/product\/solarheizung\/","url":"https:\/\/pool-house.shop\/de\/product\/solarheizung\/","name":"Solarheizung - Pool-House","isPartOf":{"@id":"https:\/\/pool-house.shop\/de\/#website"},"primaryImageOfPage":{"@id":"https:\/\/pool-house.shop\/de\/product\/solarheizung\/#primaryimage"},"image":{"@id":"https:\/\/pool-house.shop\/de\/product\/solarheizung\/#primaryimage"},"thumbnailUrl":"https:\/\/pool-house.shop\/wp-content\/uploads\/2025\/03\/065600.png","datePublished":"2025-03-23T23:03:39+00:00","breadcrumb":{"@id":"https:\/\/pool-house.shop\/de\/product\/solarheizung\/#breadcrumb"},"inLanguage":"de","potentialAction":[{"@type":"ReadAction","target":["https:\/\/pool-house.shop\/de\/product\/solarheizung\/"]}]},{"@type":"ImageObject","inLanguage":"de","@id":"https:\/\/pool-house.shop\/de\/product\/solarheizung\/#primaryimage","url":"https:\/\/pool-house.shop\/wp-content\/uploads\/2025\/03\/065600.png","contentUrl":"https:\/\/pool-house.shop\/wp-content\/uploads\/2025\/03\/065600.png","width":1600,"height":1600},{"@type":"BreadcrumbList","@id":"https:\/\/pool-house.shop\/de\/product\/solarheizung\/#breadcrumb","itemListElement":[{"@type":"ListItem","position":1,"name":"Domovsk\u00e1 str\u00e1nka","item":"https:\/\/pool-house.shop\/de\/"},{"@type":"ListItem","position":2,"name":"Shop","item":"https:\/\/pool-house.shop\/de\/shop\/"},{"@type":"ListItem","position":3,"name":"Solarheizung"}]},{"@type":"WebSite","@id":"https:\/\/pool-house.shop\/de\/#website","url":"https:\/\/pool-house.shop\/de\/","name":"Pool-House","description":"","publisher":{"@id":"https:\/\/pool-house.shop\/de\/#organization"},"potentialAction":[{"@type":"SearchAction","target":{"@type":"EntryPoint","urlTemplate":"https:\/\/pool-house.shop\/de\/?s={search_term_string}"},"query-input":{"@type":"PropertyValueSpecification","valueRequired":true,"valueName":"search_term_string"}}],"inLanguage":"de"},{"@type":"Organization","@id":"https:\/\/pool-house.shop\/de\/#organization","name":"Pool-House","url":"https:\/\/pool-house.shop\/de\/","logo":{"@type":"ImageObject","inLanguage":"de","@id":"https:\/\/pool-house.shop\/de\/#\/schema\/logo\/image\/","url":"https:\/\/pool-house.shop\/wp-content\/uploads\/2025\/10\/logo-2-stvorec-mobil-modre.png","contentUrl":"https:\/\/pool-house.shop\/wp-content\/uploads\/2025\/10\/logo-2-stvorec-mobil-modre.png","width":273,"height":189,"caption":"Pool-House"},"image":{"@id":"https:\/\/pool-house.shop\/de\/#\/schema\/logo\/image\/"},"sameAs":["https:\/\/www.facebook.com\/termodomsk\/"]}]}},"_links":{"self":[{"href":"https:\/\/pool-house.shop\/de\/wp-json\/wp\/v2\/product\/7555","targetHints":{"allow":["GET"]}}],"collection":[{"href":"https:\/\/pool-house.shop\/de\/wp-json\/wp\/v2\/product"}],"about":[{"href":"https:\/\/pool-house.shop\/de\/wp-json\/wp\/v2\/types\/product"}],"wp:featuredmedia":[{"embeddable":true,"href":"https:\/\/pool-house.shop\/de\/wp-json\/wp\/v2\/media\/3020"}],"wp:attachment":[{"href":"https:\/\/pool-house.shop\/de\/wp-json\/wp\/v2\/media?parent=7555"}],"wp:term":[{"taxonomy":"product_brand","embeddable":true,"href":"https:\/\/pool-house.shop\/de\/wp-json\/wp\/v2\/product_brand?post=7555"},{"taxonomy":"product_cat","embeddable":true,"href":"https:\/\/pool-house.shop\/de\/wp-json\/wp\/v2\/product_cat?post=7555"},{"taxonomy":"product_tag","embeddable":true,"href":"https:\/\/pool-house.shop\/de\/wp-json\/wp\/v2\/product_tag?post=7555"}],"curies":[{"name":"wp","href":"https:\/\/api.w.org\/{rel}","templated":true}]}}