{"id":7571,"date":"2025-03-24T00:03:41","date_gmt":"2025-03-23T23:03:41","guid":{"rendered":"https:\/\/pool-house.shop\/product\/solarpanel-lux-800\/"},"modified":"2026-01-11T11:22:14","modified_gmt":"2026-01-11T10:22:14","slug":"solarpanel-lux-800","status":"publish","type":"product","link":"https:\/\/pool-house.shop\/de\/product\/solarpanel-lux-800\/","title":{"rendered":"Solarpanel LUX 800"},"content":{"rendered":"<p>Solarpanel LUX 800<\/p>\n<p> Der Solarkollektor nimmt W\u00e4rmeenergie von den Sonnenstrahlen auf und gibt sie an das darin zirkulierende Wasser ab. Die Solarpanels LUX 800 lassen sich schnell und einfach installieren, und bei Bedarf k\u00f6nnen mit einem Verbindungssatz auch mehrere Einheiten miteinander verbunden werden.<br \/>\n Ein korrekt zusammengebautes und angeschlossenes Solarkollektorsystem<br \/>\n kann die Temperatur des Poolwassers w\u00e4hrend der Sommersaison um bis zu 6 \u00b0C erh\u00f6hen. Installieren Sie den Solarkollektor an einem Ort, der ausreichend direktes Sonnenlicht erh\u00e4lt (mindestens 6 Stunden t\u00e4glich). Je l\u00e4nger die Sonne den Solarkollektor erw\u00e4rmt, desto w\u00e4rmer wird das Wasser. Abmessungen des Panels: 790 mm x 1.190 mm.<br \/>\n  F\u00fcr die Wassererw\u00e4rmung kann unter idealen Bedingungen (klarer Himmel, ganzt\u00e4gige Sonneneinstrahlung) mit einem Panel\/7 m\u00b3 gerechnet werden.<\/p>\n","protected":false},"excerpt":{"rendered":"<p>Solarpanel LUX 800<\/p>\n<p> Der Solarkollektor nimmt W\u00e4rmeenergie von den Sonnenstrahlen auf und gibt sie an das darin zirkulierende Wasser ab. Die Solarpanels LUX 800 lassen sich schnell und einfach installieren, und bei Bedarf k\u00f6nnen mit einem Verbindungssatz auch mehrere Einheiten miteinander verbunden werden.<br \/>\n Ein korrekt zusammengebautes und angeschlossenes Solarkollektorsystem<br \/>\n kann die Temperatur des Poolwassers w\u00e4hrend der Sommersaison um bis zu 6 \u00b0C erh\u00f6hen. Installieren Sie den Solarkollektor an einem Ort, der ausreichend direktes Sonnenlicht erh\u00e4lt (mindestens 6 Stunden t\u00e4glich). Je l\u00e4nger die Sonne den Solarkollektor erw\u00e4rmt, desto w\u00e4rmer wird das Wasser. Abmessungen des Panels: 790 mm x 1.190 mm.<br \/>\n  F\u00fcr die Wassererw\u00e4rmung kann unter idealen Bedingungen (klarer Himmel, ganzt\u00e4gige Sonneneinstrahlung) mit einem Panel\/7 m\u00b3 gerechnet werden.<\/p>\n","protected":false},"featured_media":3022,"template":"","meta":[],"product_brand":[],"product_cat":[253],"product_tag":[254],"class_list":{"0":"post-7571","1":"product","2":"type-product","3":"status-publish","4":"has-post-thumbnail","6":"product_cat-elektrische-heizung","7":"product_tag-elektrische-heizung","8":"thunk-woo-product-list","9":"open-woo-hover-none","10":"open-single-product-tab-horizontal","11":"open-shadow-","12":"open-shadow-hover-","14":"first","15":"instock","16":"taxable","17":"shipping-taxable","18":"purchasable","19":"product-type-simple"},"yoast_head":"<!-- This site is optimized with the Yoast SEO plugin v26.9 - https:\/\/yoast.com\/product\/yoast-seo-wordpress\/ -->\n<title>Solarpanel LUX 800 - Pool-House<\/title>\n<meta name=\"robots\" content=\"index, follow, max-snippet:-1, max-image-preview:large, max-video-preview:-1\" \/>\n<link rel=\"canonical\" href=\"https:\/\/pool-house.shop\/de\/product\/solarpanel-lux-800\/\" \/>\n<meta property=\"og:locale\" content=\"de_DE\" \/>\n<meta property=\"og:type\" content=\"article\" \/>\n<meta property=\"og:title\" content=\"Solarpanel LUX 800 - Pool-House\" \/>\n<meta property=\"og:description\" content=\"Solarpanel LUX 800  Der Solarkollektor nimmt W\u00e4rmeenergie von den Sonnenstrahlen auf und gibt sie an das darin zirkulierende Wasser ab. Die Solarpanels LUX 800 lassen sich schnell und einfach installieren, und bei Bedarf k\u00f6nnen mit einem Verbindungssatz auch mehrere Einheiten miteinander verbunden werden.  Ein korrekt zusammengebautes und angeschlossenes Solarkollektorsystem  kann die Temperatur des Poolwassers w\u00e4hrend der Sommersaison um bis zu 6 \u00b0C erh\u00f6hen. Installieren Sie den Solarkollektor an einem Ort, der ausreichend direktes Sonnenlicht erh\u00e4lt (mindestens 6 Stunden t\u00e4glich). Je l\u00e4nger die Sonne den Solarkollektor erw\u00e4rmt, desto w\u00e4rmer wird das Wasser. Abmessungen des Panels: 790 mm x 1.190 mm.    F\u00fcr die Wassererw\u00e4rmung kann unter idealen Bedingungen (klarer Himmel, ganzt\u00e4gige Sonneneinstrahlung) mit einem Panel\/7 m\u00b3 gerechnet werden.\" \/>\n<meta property=\"og:url\" content=\"https:\/\/pool-house.shop\/de\/product\/solarpanel-lux-800\/\" \/>\n<meta property=\"og:site_name\" content=\"Pool-House\" \/>\n<meta property=\"article:publisher\" content=\"https:\/\/www.facebook.com\/termodomsk\/\" \/>\n<meta property=\"article:modified_time\" content=\"2026-01-11T10:22:14+00:00\" \/>\n<meta property=\"og:image\" content=\"https:\/\/pool-house.shop\/wp-content\/uploads\/2025\/03\/065800.png\" \/>\n\t<meta property=\"og:image:width\" content=\"1600\" \/>\n\t<meta property=\"og:image:height\" content=\"1600\" \/>\n\t<meta property=\"og:image:type\" content=\"image\/png\" \/>\n<meta name=\"twitter:card\" content=\"summary_large_image\" \/>\n<meta name=\"twitter:label1\" content=\"Gesch\u00e4tzte Lesezeit\" \/>\n\t<meta name=\"twitter:data1\" content=\"1\u00a0Minute\" \/>\n<script type=\"application\/ld+json\" class=\"yoast-schema-graph\">{\"@context\":\"https:\/\/schema.org\",\"@graph\":[{\"@type\":\"WebPage\",\"@id\":\"https:\/\/pool-house.shop\/de\/product\/solarpanel-lux-800\/\",\"url\":\"https:\/\/pool-house.shop\/de\/product\/solarpanel-lux-800\/\",\"name\":\"Solarpanel LUX 800 - Pool-House\",\"isPartOf\":{\"@id\":\"https:\/\/pool-house.shop\/de\/#website\"},\"primaryImageOfPage\":{\"@id\":\"https:\/\/pool-house.shop\/de\/product\/solarpanel-lux-800\/#primaryimage\"},\"image\":{\"@id\":\"https:\/\/pool-house.shop\/de\/product\/solarpanel-lux-800\/#primaryimage\"},\"thumbnailUrl\":\"https:\/\/pool-house.shop\/wp-content\/uploads\/2025\/03\/065800.png\",\"datePublished\":\"2025-03-23T23:03:41+00:00\",\"dateModified\":\"2026-01-11T10:22:14+00:00\",\"breadcrumb\":{\"@id\":\"https:\/\/pool-house.shop\/de\/product\/solarpanel-lux-800\/#breadcrumb\"},\"inLanguage\":\"de\",\"potentialAction\":[{\"@type\":\"ReadAction\",\"target\":[\"https:\/\/pool-house.shop\/de\/product\/solarpanel-lux-800\/\"]}]},{\"@type\":\"ImageObject\",\"inLanguage\":\"de\",\"@id\":\"https:\/\/pool-house.shop\/de\/product\/solarpanel-lux-800\/#primaryimage\",\"url\":\"https:\/\/pool-house.shop\/wp-content\/uploads\/2025\/03\/065800.png\",\"contentUrl\":\"https:\/\/pool-house.shop\/wp-content\/uploads\/2025\/03\/065800.png\",\"width\":1600,\"height\":1600},{\"@type\":\"BreadcrumbList\",\"@id\":\"https:\/\/pool-house.shop\/de\/product\/solarpanel-lux-800\/#breadcrumb\",\"itemListElement\":[{\"@type\":\"ListItem\",\"position\":1,\"name\":\"Domovsk\u00e1 str\u00e1nka\",\"item\":\"https:\/\/pool-house.shop\/de\/\"},{\"@type\":\"ListItem\",\"position\":2,\"name\":\"Shop\",\"item\":\"https:\/\/pool-house.shop\/de\/shop\/\"},{\"@type\":\"ListItem\",\"position\":3,\"name\":\"Solarpanel LUX 800\"}]},{\"@type\":\"WebSite\",\"@id\":\"https:\/\/pool-house.shop\/de\/#website\",\"url\":\"https:\/\/pool-house.shop\/de\/\",\"name\":\"Pool-House\",\"description\":\"\",\"publisher\":{\"@id\":\"https:\/\/pool-house.shop\/de\/#organization\"},\"potentialAction\":[{\"@type\":\"SearchAction\",\"target\":{\"@type\":\"EntryPoint\",\"urlTemplate\":\"https:\/\/pool-house.shop\/de\/?s={search_term_string}\"},\"query-input\":{\"@type\":\"PropertyValueSpecification\",\"valueRequired\":true,\"valueName\":\"search_term_string\"}}],\"inLanguage\":\"de\"},{\"@type\":\"Organization\",\"@id\":\"https:\/\/pool-house.shop\/de\/#organization\",\"name\":\"Pool-House\",\"url\":\"https:\/\/pool-house.shop\/de\/\",\"logo\":{\"@type\":\"ImageObject\",\"inLanguage\":\"de\",\"@id\":\"https:\/\/pool-house.shop\/de\/#\/schema\/logo\/image\/\",\"url\":\"https:\/\/pool-house.shop\/wp-content\/uploads\/2025\/10\/logo-2-stvorec-mobil-modre.png\",\"contentUrl\":\"https:\/\/pool-house.shop\/wp-content\/uploads\/2025\/10\/logo-2-stvorec-mobil-modre.png\",\"width\":273,\"height\":189,\"caption\":\"Pool-House\"},\"image\":{\"@id\":\"https:\/\/pool-house.shop\/de\/#\/schema\/logo\/image\/\"},\"sameAs\":[\"https:\/\/www.facebook.com\/termodomsk\/\"]}]}<\/script>\n<!-- \/ Yoast SEO plugin. -->","yoast_head_json":{"title":"Solarpanel LUX 800 - Pool-House","robots":{"index":"index","follow":"follow","max-snippet":"max-snippet:-1","max-image-preview":"max-image-preview:large","max-video-preview":"max-video-preview:-1"},"canonical":"https:\/\/pool-house.shop\/de\/product\/solarpanel-lux-800\/","og_locale":"de_DE","og_type":"article","og_title":"Solarpanel LUX 800 - Pool-House","og_description":"Solarpanel LUX 800  Der Solarkollektor nimmt W\u00e4rmeenergie von den Sonnenstrahlen auf und gibt sie an das darin zirkulierende Wasser ab. Die Solarpanels LUX 800 lassen sich schnell und einfach installieren, und bei Bedarf k\u00f6nnen mit einem Verbindungssatz auch mehrere Einheiten miteinander verbunden werden.  Ein korrekt zusammengebautes und angeschlossenes Solarkollektorsystem  kann die Temperatur des Poolwassers w\u00e4hrend der Sommersaison um bis zu 6 \u00b0C erh\u00f6hen. Installieren Sie den Solarkollektor an einem Ort, der ausreichend direktes Sonnenlicht erh\u00e4lt (mindestens 6 Stunden t\u00e4glich). Je l\u00e4nger die Sonne den Solarkollektor erw\u00e4rmt, desto w\u00e4rmer wird das Wasser. Abmessungen des Panels: 790 mm x 1.190 mm.    F\u00fcr die Wassererw\u00e4rmung kann unter idealen Bedingungen (klarer Himmel, ganzt\u00e4gige Sonneneinstrahlung) mit einem Panel\/7 m\u00b3 gerechnet werden.","og_url":"https:\/\/pool-house.shop\/de\/product\/solarpanel-lux-800\/","og_site_name":"Pool-House","article_publisher":"https:\/\/www.facebook.com\/termodomsk\/","article_modified_time":"2026-01-11T10:22:14+00:00","og_image":[{"width":1600,"height":1600,"url":"https:\/\/pool-house.shop\/wp-content\/uploads\/2025\/03\/065800.png","type":"image\/png"}],"twitter_card":"summary_large_image","twitter_misc":{"Gesch\u00e4tzte Lesezeit":"1\u00a0Minute"},"schema":{"@context":"https:\/\/schema.org","@graph":[{"@type":"WebPage","@id":"https:\/\/pool-house.shop\/de\/product\/solarpanel-lux-800\/","url":"https:\/\/pool-house.shop\/de\/product\/solarpanel-lux-800\/","name":"Solarpanel LUX 800 - Pool-House","isPartOf":{"@id":"https:\/\/pool-house.shop\/de\/#website"},"primaryImageOfPage":{"@id":"https:\/\/pool-house.shop\/de\/product\/solarpanel-lux-800\/#primaryimage"},"image":{"@id":"https:\/\/pool-house.shop\/de\/product\/solarpanel-lux-800\/#primaryimage"},"thumbnailUrl":"https:\/\/pool-house.shop\/wp-content\/uploads\/2025\/03\/065800.png","datePublished":"2025-03-23T23:03:41+00:00","dateModified":"2026-01-11T10:22:14+00:00","breadcrumb":{"@id":"https:\/\/pool-house.shop\/de\/product\/solarpanel-lux-800\/#breadcrumb"},"inLanguage":"de","potentialAction":[{"@type":"ReadAction","target":["https:\/\/pool-house.shop\/de\/product\/solarpanel-lux-800\/"]}]},{"@type":"ImageObject","inLanguage":"de","@id":"https:\/\/pool-house.shop\/de\/product\/solarpanel-lux-800\/#primaryimage","url":"https:\/\/pool-house.shop\/wp-content\/uploads\/2025\/03\/065800.png","contentUrl":"https:\/\/pool-house.shop\/wp-content\/uploads\/2025\/03\/065800.png","width":1600,"height":1600},{"@type":"BreadcrumbList","@id":"https:\/\/pool-house.shop\/de\/product\/solarpanel-lux-800\/#breadcrumb","itemListElement":[{"@type":"ListItem","position":1,"name":"Domovsk\u00e1 str\u00e1nka","item":"https:\/\/pool-house.shop\/de\/"},{"@type":"ListItem","position":2,"name":"Shop","item":"https:\/\/pool-house.shop\/de\/shop\/"},{"@type":"ListItem","position":3,"name":"Solarpanel LUX 800"}]},{"@type":"WebSite","@id":"https:\/\/pool-house.shop\/de\/#website","url":"https:\/\/pool-house.shop\/de\/","name":"Pool-House","description":"","publisher":{"@id":"https:\/\/pool-house.shop\/de\/#organization"},"potentialAction":[{"@type":"SearchAction","target":{"@type":"EntryPoint","urlTemplate":"https:\/\/pool-house.shop\/de\/?s={search_term_string}"},"query-input":{"@type":"PropertyValueSpecification","valueRequired":true,"valueName":"search_term_string"}}],"inLanguage":"de"},{"@type":"Organization","@id":"https:\/\/pool-house.shop\/de\/#organization","name":"Pool-House","url":"https:\/\/pool-house.shop\/de\/","logo":{"@type":"ImageObject","inLanguage":"de","@id":"https:\/\/pool-house.shop\/de\/#\/schema\/logo\/image\/","url":"https:\/\/pool-house.shop\/wp-content\/uploads\/2025\/10\/logo-2-stvorec-mobil-modre.png","contentUrl":"https:\/\/pool-house.shop\/wp-content\/uploads\/2025\/10\/logo-2-stvorec-mobil-modre.png","width":273,"height":189,"caption":"Pool-House"},"image":{"@id":"https:\/\/pool-house.shop\/de\/#\/schema\/logo\/image\/"},"sameAs":["https:\/\/www.facebook.com\/termodomsk\/"]}]}},"_links":{"self":[{"href":"https:\/\/pool-house.shop\/de\/wp-json\/wp\/v2\/product\/7571","targetHints":{"allow":["GET"]}}],"collection":[{"href":"https:\/\/pool-house.shop\/de\/wp-json\/wp\/v2\/product"}],"about":[{"href":"https:\/\/pool-house.shop\/de\/wp-json\/wp\/v2\/types\/product"}],"wp:featuredmedia":[{"embeddable":true,"href":"https:\/\/pool-house.shop\/de\/wp-json\/wp\/v2\/media\/3022"}],"wp:attachment":[{"href":"https:\/\/pool-house.shop\/de\/wp-json\/wp\/v2\/media?parent=7571"}],"wp:term":[{"taxonomy":"product_brand","embeddable":true,"href":"https:\/\/pool-house.shop\/de\/wp-json\/wp\/v2\/product_brand?post=7571"},{"taxonomy":"product_cat","embeddable":true,"href":"https:\/\/pool-house.shop\/de\/wp-json\/wp\/v2\/product_cat?post=7571"},{"taxonomy":"product_tag","embeddable":true,"href":"https:\/\/pool-house.shop\/de\/wp-json\/wp\/v2\/product_tag?post=7571"}],"curies":[{"name":"wp","href":"https:\/\/api.w.org\/{rel}","templated":true}]}}