{"id":7885,"date":"2025-03-03T15:21:43","date_gmt":"2025-03-03T14:21:43","guid":{"rendered":"https:\/\/pool-house.shop\/product\/barent-1m-o750-seitlich-2\/"},"modified":"2025-03-03T15:21:43","modified_gmt":"2025-03-03T14:21:43","slug":"barent-1m-o750-seitlich-2","status":"publish","type":"product","link":"https:\/\/pool-house.shop\/de\/product\/barent-1m-o750-seitlich-2\/","title":{"rendered":"BARENT 1m \u00d8750 Seitlich 2&#8243;"},"content":{"rendered":"<p>Filterkessel Barent<\/p>\n<p> Dieser glasfaserverst\u00e4rkte Filterkessel f\u00fcr private Schwimmb\u00e4der erf\u00fcllt Industriestandards, verf\u00fcgt \u00fcber eine UV-best\u00e4ndige Schutzschicht und Kollektorarme.<br \/>\n Er wird mit einem Manometer und einem 6-Wege-Steuerventil geliefert.<\/p>\n<p> Eigenschaften:<br \/>\n &#8211; Lieferung mit Glycerin-Manometer,<br \/>\n &#8211; alle Beh\u00e4lter sind druckgepr\u00fcft,<br \/>\n &#8211; 5 Jahre Garantie,<br \/>\n &#8211; Durchmesser 620\/750\/900 mm,<br \/>\n &#8211; Filterbetth\u00f6he: 1 m,<br \/>\n &#8211; der Filterbeh\u00e4lter ist vom Obersten Gesundheitsamt (OTH) zugelassen.<\/p>\n<p> Technische Daten:<br \/>\n &#8211; Betriebsdruck: 0,6 \u2013 1,6 kg\/cm\u00b2,<br \/>\n &#8211; Maximaldruck: 2 kg\/cm\u00b2,<br \/>\n &#8211; Pr\u00fcfdruck: 3 kg\/cm\u00b2,<br \/>\n &#8211; Betriebstemperatur: 1 \u00b0C \u2013 40 \u00b0C.<\/p>\n<p> Filterbeh\u00e4lter<br \/>\n Die Sauberkeit des Poolwassers kann durch dessen kontinuierliche Zirkulation und Filtration aufrechterhalten werden. In stehendem Wasser, das der Sonne ausgesetzt ist, k\u00f6nnen sich leicht Algen und andere Verunreinigungen vermehren, die nicht nur das Aussehen des Wassers beeintr\u00e4chtigen, sondern auch ein Gesundheitsrisiko f\u00fcr Badende darstellen k\u00f6nnen.<br \/>\n Der Filterbeh\u00e4lter kann mithilfe der Zirkulationsanlage selbst feinste Verunreinigungen aus dem Wasser filtern, die im Filtermedium zur\u00fcckgehalten werden.<\/p>\n","protected":false},"excerpt":{"rendered":"<p>Filterkessel Barent Dieser glasfaserverst\u00e4rkte Filterkessel f\u00fcr private Schwimmb\u00e4der erf\u00fcllt Industriestandards, verf\u00fcgt \u00fcber eine UV-best\u00e4ndige Schutzschicht und Kollektorarme. Er wird mit einem Manometer und einem 6-Wege-Steuerventil geliefert. Eigenschaften: &#8211; Lieferung mit Glycerin-Manometer, &#8211; alle Beh\u00e4lter sind druckgepr\u00fcft, &#8211; 5 Jahre Garantie, &#8211; Durchmesser 620\/750\/900 mm, &#8211; Filterbetth\u00f6he: 1 m, &#8211; der Filterbeh\u00e4lter ist vom Obersten Gesundheitsamt &hellip;<\/p>\n<p class=\"read-more\"> <a class=\" thunk-readmore button \" href=\"https:\/\/pool-house.shop\/de\/product\/barent-1m-o750-seitlich-2\/\"> <span class=\"screen-reader-text\">BARENT 1m \u00d8750 Seitlich 2&#8243;<\/span>Weiterlesen<\/a><\/p>\n","protected":false},"featured_media":7886,"template":"","meta":[],"product_brand":[],"product_cat":[353,249],"product_tag":[],"class_list":{"0":"post-7885","1":"product","2":"type-product","3":"status-publish","4":"has-post-thumbnail","6":"product_cat-filteranlagen","7":"product_cat-filterkessel","8":"thunk-woo-product-list","9":"open-woo-hover-none","10":"open-single-product-tab-horizontal","11":"open-shadow-","12":"open-shadow-hover-","14":"first","15":"instock","16":"taxable","17":"shipping-taxable","18":"purchasable","19":"product-type-simple"},"yoast_head":"<!-- This site is optimized with the Yoast SEO plugin v26.9 - https:\/\/yoast.com\/product\/yoast-seo-wordpress\/ -->\n<title>BARENT 1m \u00d8750 Seitlich 2&quot; - Pool-House<\/title>\n<meta name=\"robots\" content=\"index, follow, max-snippet:-1, max-image-preview:large, max-video-preview:-1\" \/>\n<link rel=\"canonical\" href=\"https:\/\/pool-house.shop\/de\/product\/barent-1m-o750-seitlich-2\/\" \/>\n<meta property=\"og:locale\" content=\"de_DE\" \/>\n<meta property=\"og:type\" content=\"article\" \/>\n<meta property=\"og:title\" content=\"BARENT 1m \u00d8750 Seitlich 2&quot; - Pool-House\" \/>\n<meta property=\"og:description\" content=\"Filterkessel Barent Dieser glasfaserverst\u00e4rkte Filterkessel f\u00fcr private Schwimmb\u00e4der erf\u00fcllt Industriestandards, verf\u00fcgt \u00fcber eine UV-best\u00e4ndige Schutzschicht und Kollektorarme. Er wird mit einem Manometer und einem 6-Wege-Steuerventil geliefert. Eigenschaften: &#8211; Lieferung mit Glycerin-Manometer, &#8211; alle Beh\u00e4lter sind druckgepr\u00fcft, &#8211; 5 Jahre Garantie, &#8211; Durchmesser 620\/750\/900 mm, &#8211; Filterbetth\u00f6he: 1 m, &#8211; der Filterbeh\u00e4lter ist vom Obersten Gesundheitsamt &hellip; BARENT 1m \u00d8750 Seitlich 2&#8243;Weiterlesen\" \/>\n<meta property=\"og:url\" content=\"https:\/\/pool-house.shop\/de\/product\/barent-1m-o750-seitlich-2\/\" \/>\n<meta property=\"og:site_name\" content=\"Pool-House\" \/>\n<meta property=\"article:publisher\" content=\"https:\/\/www.facebook.com\/termodomsk\/\" \/>\n<meta property=\"og:image\" content=\"https:\/\/pool-house.shop\/wp-content\/uploads\/2025\/03\/036375.png\" \/>\n\t<meta property=\"og:image:width\" content=\"1600\" \/>\n\t<meta property=\"og:image:height\" content=\"1600\" \/>\n\t<meta property=\"og:image:type\" content=\"image\/png\" \/>\n<meta name=\"twitter:card\" content=\"summary_large_image\" \/>\n<meta name=\"twitter:label1\" content=\"Gesch\u00e4tzte Lesezeit\" \/>\n\t<meta name=\"twitter:data1\" content=\"1\u00a0Minute\" \/>\n<script type=\"application\/ld+json\" class=\"yoast-schema-graph\">{\"@context\":\"https:\/\/schema.org\",\"@graph\":[{\"@type\":\"WebPage\",\"@id\":\"https:\/\/pool-house.shop\/de\/product\/barent-1m-o750-seitlich-2\/\",\"url\":\"https:\/\/pool-house.shop\/de\/product\/barent-1m-o750-seitlich-2\/\",\"name\":\"BARENT 1m \u00d8750 Seitlich 2\\\" - Pool-House\",\"isPartOf\":{\"@id\":\"https:\/\/pool-house.shop\/de\/#website\"},\"primaryImageOfPage\":{\"@id\":\"https:\/\/pool-house.shop\/de\/product\/barent-1m-o750-seitlich-2\/#primaryimage\"},\"image\":{\"@id\":\"https:\/\/pool-house.shop\/de\/product\/barent-1m-o750-seitlich-2\/#primaryimage\"},\"thumbnailUrl\":\"https:\/\/pool-house.shop\/wp-content\/uploads\/2025\/03\/036375.png\",\"datePublished\":\"2025-03-03T14:21:43+00:00\",\"breadcrumb\":{\"@id\":\"https:\/\/pool-house.shop\/de\/product\/barent-1m-o750-seitlich-2\/#breadcrumb\"},\"inLanguage\":\"de\",\"potentialAction\":[{\"@type\":\"ReadAction\",\"target\":[\"https:\/\/pool-house.shop\/de\/product\/barent-1m-o750-seitlich-2\/\"]}]},{\"@type\":\"ImageObject\",\"inLanguage\":\"de\",\"@id\":\"https:\/\/pool-house.shop\/de\/product\/barent-1m-o750-seitlich-2\/#primaryimage\",\"url\":\"https:\/\/pool-house.shop\/wp-content\/uploads\/2025\/03\/036375.png\",\"contentUrl\":\"https:\/\/pool-house.shop\/wp-content\/uploads\/2025\/03\/036375.png\",\"width\":1600,\"height\":1600},{\"@type\":\"BreadcrumbList\",\"@id\":\"https:\/\/pool-house.shop\/de\/product\/barent-1m-o750-seitlich-2\/#breadcrumb\",\"itemListElement\":[{\"@type\":\"ListItem\",\"position\":1,\"name\":\"Domovsk\u00e1 str\u00e1nka\",\"item\":\"https:\/\/pool-house.shop\/de\/\"},{\"@type\":\"ListItem\",\"position\":2,\"name\":\"Shop\",\"item\":\"https:\/\/pool-house.shop\/de\/shop\/\"},{\"@type\":\"ListItem\",\"position\":3,\"name\":\"BARENT 1m \u00d8750 Seitlich 2&#8243;\"}]},{\"@type\":\"WebSite\",\"@id\":\"https:\/\/pool-house.shop\/de\/#website\",\"url\":\"https:\/\/pool-house.shop\/de\/\",\"name\":\"Pool-House\",\"description\":\"\",\"publisher\":{\"@id\":\"https:\/\/pool-house.shop\/de\/#organization\"},\"potentialAction\":[{\"@type\":\"SearchAction\",\"target\":{\"@type\":\"EntryPoint\",\"urlTemplate\":\"https:\/\/pool-house.shop\/de\/?s={search_term_string}\"},\"query-input\":{\"@type\":\"PropertyValueSpecification\",\"valueRequired\":true,\"valueName\":\"search_term_string\"}}],\"inLanguage\":\"de\"},{\"@type\":\"Organization\",\"@id\":\"https:\/\/pool-house.shop\/de\/#organization\",\"name\":\"Pool-House\",\"url\":\"https:\/\/pool-house.shop\/de\/\",\"logo\":{\"@type\":\"ImageObject\",\"inLanguage\":\"de\",\"@id\":\"https:\/\/pool-house.shop\/de\/#\/schema\/logo\/image\/\",\"url\":\"https:\/\/pool-house.shop\/wp-content\/uploads\/2025\/10\/logo-2-stvorec-mobil-modre.png\",\"contentUrl\":\"https:\/\/pool-house.shop\/wp-content\/uploads\/2025\/10\/logo-2-stvorec-mobil-modre.png\",\"width\":273,\"height\":189,\"caption\":\"Pool-House\"},\"image\":{\"@id\":\"https:\/\/pool-house.shop\/de\/#\/schema\/logo\/image\/\"},\"sameAs\":[\"https:\/\/www.facebook.com\/termodomsk\/\"]}]}<\/script>\n<!-- \/ Yoast SEO plugin. -->","yoast_head_json":{"title":"BARENT 1m \u00d8750 Seitlich 2\" - Pool-House","robots":{"index":"index","follow":"follow","max-snippet":"max-snippet:-1","max-image-preview":"max-image-preview:large","max-video-preview":"max-video-preview:-1"},"canonical":"https:\/\/pool-house.shop\/de\/product\/barent-1m-o750-seitlich-2\/","og_locale":"de_DE","og_type":"article","og_title":"BARENT 1m \u00d8750 Seitlich 2\" - Pool-House","og_description":"Filterkessel Barent Dieser glasfaserverst\u00e4rkte Filterkessel f\u00fcr private Schwimmb\u00e4der erf\u00fcllt Industriestandards, verf\u00fcgt \u00fcber eine UV-best\u00e4ndige Schutzschicht und Kollektorarme. Er wird mit einem Manometer und einem 6-Wege-Steuerventil geliefert. Eigenschaften: &#8211; Lieferung mit Glycerin-Manometer, &#8211; alle Beh\u00e4lter sind druckgepr\u00fcft, &#8211; 5 Jahre Garantie, &#8211; Durchmesser 620\/750\/900 mm, &#8211; Filterbetth\u00f6he: 1 m, &#8211; der Filterbeh\u00e4lter ist vom Obersten Gesundheitsamt &hellip; BARENT 1m \u00d8750 Seitlich 2&#8243;Weiterlesen","og_url":"https:\/\/pool-house.shop\/de\/product\/barent-1m-o750-seitlich-2\/","og_site_name":"Pool-House","article_publisher":"https:\/\/www.facebook.com\/termodomsk\/","og_image":[{"width":1600,"height":1600,"url":"https:\/\/pool-house.shop\/wp-content\/uploads\/2025\/03\/036375.png","type":"image\/png"}],"twitter_card":"summary_large_image","twitter_misc":{"Gesch\u00e4tzte Lesezeit":"1\u00a0Minute"},"schema":{"@context":"https:\/\/schema.org","@graph":[{"@type":"WebPage","@id":"https:\/\/pool-house.shop\/de\/product\/barent-1m-o750-seitlich-2\/","url":"https:\/\/pool-house.shop\/de\/product\/barent-1m-o750-seitlich-2\/","name":"BARENT 1m \u00d8750 Seitlich 2\" - Pool-House","isPartOf":{"@id":"https:\/\/pool-house.shop\/de\/#website"},"primaryImageOfPage":{"@id":"https:\/\/pool-house.shop\/de\/product\/barent-1m-o750-seitlich-2\/#primaryimage"},"image":{"@id":"https:\/\/pool-house.shop\/de\/product\/barent-1m-o750-seitlich-2\/#primaryimage"},"thumbnailUrl":"https:\/\/pool-house.shop\/wp-content\/uploads\/2025\/03\/036375.png","datePublished":"2025-03-03T14:21:43+00:00","breadcrumb":{"@id":"https:\/\/pool-house.shop\/de\/product\/barent-1m-o750-seitlich-2\/#breadcrumb"},"inLanguage":"de","potentialAction":[{"@type":"ReadAction","target":["https:\/\/pool-house.shop\/de\/product\/barent-1m-o750-seitlich-2\/"]}]},{"@type":"ImageObject","inLanguage":"de","@id":"https:\/\/pool-house.shop\/de\/product\/barent-1m-o750-seitlich-2\/#primaryimage","url":"https:\/\/pool-house.shop\/wp-content\/uploads\/2025\/03\/036375.png","contentUrl":"https:\/\/pool-house.shop\/wp-content\/uploads\/2025\/03\/036375.png","width":1600,"height":1600},{"@type":"BreadcrumbList","@id":"https:\/\/pool-house.shop\/de\/product\/barent-1m-o750-seitlich-2\/#breadcrumb","itemListElement":[{"@type":"ListItem","position":1,"name":"Domovsk\u00e1 str\u00e1nka","item":"https:\/\/pool-house.shop\/de\/"},{"@type":"ListItem","position":2,"name":"Shop","item":"https:\/\/pool-house.shop\/de\/shop\/"},{"@type":"ListItem","position":3,"name":"BARENT 1m \u00d8750 Seitlich 2&#8243;"}]},{"@type":"WebSite","@id":"https:\/\/pool-house.shop\/de\/#website","url":"https:\/\/pool-house.shop\/de\/","name":"Pool-House","description":"","publisher":{"@id":"https:\/\/pool-house.shop\/de\/#organization"},"potentialAction":[{"@type":"SearchAction","target":{"@type":"EntryPoint","urlTemplate":"https:\/\/pool-house.shop\/de\/?s={search_term_string}"},"query-input":{"@type":"PropertyValueSpecification","valueRequired":true,"valueName":"search_term_string"}}],"inLanguage":"de"},{"@type":"Organization","@id":"https:\/\/pool-house.shop\/de\/#organization","name":"Pool-House","url":"https:\/\/pool-house.shop\/de\/","logo":{"@type":"ImageObject","inLanguage":"de","@id":"https:\/\/pool-house.shop\/de\/#\/schema\/logo\/image\/","url":"https:\/\/pool-house.shop\/wp-content\/uploads\/2025\/10\/logo-2-stvorec-mobil-modre.png","contentUrl":"https:\/\/pool-house.shop\/wp-content\/uploads\/2025\/10\/logo-2-stvorec-mobil-modre.png","width":273,"height":189,"caption":"Pool-House"},"image":{"@id":"https:\/\/pool-house.shop\/de\/#\/schema\/logo\/image\/"},"sameAs":["https:\/\/www.facebook.com\/termodomsk\/"]}]}},"_links":{"self":[{"href":"https:\/\/pool-house.shop\/de\/wp-json\/wp\/v2\/product\/7885","targetHints":{"allow":["GET"]}}],"collection":[{"href":"https:\/\/pool-house.shop\/de\/wp-json\/wp\/v2\/product"}],"about":[{"href":"https:\/\/pool-house.shop\/de\/wp-json\/wp\/v2\/types\/product"}],"wp:featuredmedia":[{"embeddable":true,"href":"https:\/\/pool-house.shop\/de\/wp-json\/wp\/v2\/media\/7886"}],"wp:attachment":[{"href":"https:\/\/pool-house.shop\/de\/wp-json\/wp\/v2\/media?parent=7885"}],"wp:term":[{"taxonomy":"product_brand","embeddable":true,"href":"https:\/\/pool-house.shop\/de\/wp-json\/wp\/v2\/product_brand?post=7885"},{"taxonomy":"product_cat","embeddable":true,"href":"https:\/\/pool-house.shop\/de\/wp-json\/wp\/v2\/product_cat?post=7885"},{"taxonomy":"product_tag","embeddable":true,"href":"https:\/\/pool-house.shop\/de\/wp-json\/wp\/v2\/product_tag?post=7885"}],"curies":[{"name":"wp","href":"https:\/\/api.w.org\/{rel}","templated":true}]}}