{"id":7936,"date":"2025-03-23T23:52:19","date_gmt":"2025-03-23T22:52:19","guid":{"rendered":"https:\/\/pool-house.shop\/product\/filteranlage-optima-top-o-480-mm\/"},"modified":"2025-03-23T23:52:19","modified_gmt":"2025-03-23T22:52:19","slug":"filteranlage-optima-top-o-480-mm","status":"publish","type":"product","link":"https:\/\/pool-house.shop\/de\/product\/filteranlage-optima-top-o-480-mm\/","title":{"rendered":"Filteranlage Optima Top \u00d8 480 mm"},"content":{"rendered":"<p>Filteranlage Neo \u2013 Optima<\/p>\n<p> Hochwertige selbstansaugende Pumpe Saci Optima mit Filterbeh\u00e4lter Neo Top. Eine komplette und preiswerte L\u00f6sung mit einfacher Installation f\u00fcr kleine bis mittelgro\u00dfe Pools.<br \/>\n Das Set enth\u00e4lt eine zuverl\u00e4ssige und langlebige Pumpe sowie die f\u00fcr die Montage und den optimalen Betrieb erforderlichen Komponenten. <\/p>\n<p> Filteranlagen<br \/>\n Sandfiltersysteme sind so konzipiert und installiert, dass sie eine ideale Kombination aus Energieeffizienz und au\u00dfergew\u00f6hnlicher Wasserreinheit bieten. Eine breite Palette an Filteranlagen, Pumpen und Zubeh\u00f6r erm\u00f6glicht die Auswahl des Systems, das am besten zum jeweiligen Pool passt. Die Filtersysteme sind so konzipiert, dass sie schnell montiert werden k\u00f6nnen und die Komponenten koordiniert funktionieren. Die Leistung der Pumpen und Filteranlagen ist f\u00fcr maximalen Durchfluss und Energieeffizienz aufeinander abgestimmt.<br \/>\n Die Filteranlagen sind aus Polypropylen gefertigt, um eine lange Lebensdauer zu gew\u00e4hrleisten.<\/p>\n<p> Pumpe Saci Optima<br \/>\n Die Pumpe verf\u00fcgt \u00fcber einen gro\u00dfen Filterkorb mit einer transparenten Polycarbonatabdeckung, die eine einfache Kontrolle des Verschmutzungsgrades des Filterkorbs erm\u00f6glicht. Alle Motorteile sind vollst\u00e4ndig isoliert, ohne die M\u00f6glichkeit des Kontakts mit Wasser. Geh\u00e4use und Laufrad bestehen aus glasfaserverst\u00e4rktem Polypropylen, das Poolchemikalien widersteht und eine lange Lebensdauer garantiert.<br \/>\n Dank der mechanischen Kohlenstoff-Keramik-Dichtung und der Dichtung aus Edelstahl (AISI-316) sowie der Welle aus Edelstahl AISI 316 ist die Pumpe besonders gut f\u00fcr den Betrieb mit Salzwasser geeignet.<br \/>\n Anschluss: Innengewinde 1\u00bd&#8220; oder Klebeverschraubung D50 mm. Die Pumpe ist vom Amt des Obersten Hygienikers (OTH) zugelassen.<\/p>\n<p> Filterbeh\u00e4lter Neo<br \/>\n Langlebiger, korrosionsbest\u00e4ndiger Filterbeh\u00e4lter f\u00fcr maximale Leistung unter allen Wetterbedingungen. Er ist mit einem 7-Wege-Steuerventil ausgestattet, das einen schnellen und einfachen Filterwechsel erm\u00f6glicht.<br \/>\n Er verf\u00fcgt \u00fcber eine gro\u00dfe Entleerungs\u00f6ffnung f\u00fcr Sand und Wasser, f\u00fcr eine schnelle \u00dcberwinterung und Wartungsfreundlichkeit.<br \/>\n Der obere Diffusor sorgt f\u00fcr eine gleichm\u00e4\u00dfige Wasserverteilung im oberen Bereich des Sandbetts und erm\u00f6glicht so einen reibungslosen und freien Durchfluss. Pr\u00e4zise konstruierte selbstreinigende Seitenkan\u00e4le dienen einem ausgewogenen Durchfluss und einer R\u00fccksp\u00fclung sowie einer einfachen Wartung. <\/p>\n","protected":false},"excerpt":{"rendered":"<p>Filteranlage Neo \u2013 Optima<\/p>\n<p> Hochwertige selbstansaugende Pumpe Saci Optima mit Filterbeh\u00e4lter Neo Top. Eine komplette und preiswerte L\u00f6sung mit einfacher Installation f\u00fcr kleine bis mittelgro\u00dfe Pools.<br \/>\n Das Set enth\u00e4lt eine zuverl\u00e4ssige und langlebige Pumpe sowie die f\u00fcr die Montage und den optimalen Betrieb erforderlichen Komponenten. <\/p>\n<p> Filteranlagen<br \/>\n Sandfiltersysteme sind so konzipiert und installiert, dass sie eine ideale Kombination aus Energieeffizienz und au\u00dfergew\u00f6hnlicher Wasserreinheit bieten. Eine breite Palette an Filteranlagen, Pumpen und Zubeh\u00f6r erm\u00f6glicht die Auswahl des Systems, das am besten zum jeweiligen Pool passt. Die Filtersysteme sind so konzipiert, dass sie schnell montiert werden k\u00f6nnen und die Komponenten koordiniert funktionieren. Die Leistung der Pumpen und Filteranlagen ist f\u00fcr maximalen Durchfluss und Energieeffizienz aufeinander abgestimmt.<br \/>\n Die Filteranlagen sind aus Polypropylen gefertigt, um eine lange Lebensdauer zu gew\u00e4hrleisten.<\/p>\n<p> Pumpe Saci Optima<br \/>\n Die Pumpe verf\u00fcgt \u00fcber einen gro\u00dfen Filterkorb mit einer transparenten Polycarbonatabdeckung, die eine einfache Kontrolle des Verschmutzungsgrades des Filterkorbs erm\u00f6glicht. Alle Motorteile sind vollst\u00e4ndig isoliert, ohne die M\u00f6glichkeit des Kontakts mit Wasser. Geh\u00e4use und Laufrad bestehen aus glasfaserverst\u00e4rktem Polypropylen, das Poolchemikalien widersteht und eine lange Lebensdauer garantiert.<br \/>\n Dank der mechanischen Kohlenstoff-Keramik-Dichtung und der Dichtung aus Edelstahl (AISI-316) sowie der Welle aus Edelstahl AISI 316 ist die Pumpe besonders gut f\u00fcr den Betrieb mit Salzwasser geeignet.<br \/>\n Anschluss: Innengewinde 1\u00bd&#8220; oder Klebeverschraubung D50 mm. Die Pumpe ist vom Amt des Obersten Hygienikers (OTH) zugelassen.<\/p>\n<p> Filterbeh\u00e4lter Neo<br \/>\n Langlebiger, korrosionsbest\u00e4ndiger Filterbeh\u00e4lter f\u00fcr maximale Leistung unter allen Wetterbedingungen. Er ist mit einem 7-Wege-Steuerventil ausgestattet, das einen schnellen und einfachen Filterwechsel erm\u00f6glicht.<br \/>\n Er verf\u00fcgt \u00fcber eine gro\u00dfe Entleerungs\u00f6ffnung f\u00fcr Sand und Wasser, f\u00fcr eine schnelle \u00dcberwinterung und Wartungsfreundlichkeit.<br \/>\n Der obere Diffusor sorgt f\u00fcr eine gleichm\u00e4\u00dfige Wasserverteilung im oberen Bereich des Sandbetts und erm\u00f6glicht so einen reibungslosen und freien Durchfluss. Pr\u00e4zise konstruierte selbstreinigende Seitenkan\u00e4le dienen einem ausgewogenen Durchfluss und einer R\u00fccksp\u00fclung sowie einer einfachen Wartung. <\/p>\n","protected":false},"featured_media":7938,"template":"","meta":[],"product_brand":[],"product_cat":[353,251],"product_tag":[252],"class_list":{"0":"post-7936","1":"product","2":"type-product","3":"status-publish","4":"has-post-thumbnail","6":"product_cat-filteranlagen","7":"product_cat-filtersets","8":"product_tag-filtersets","9":"thunk-woo-product-list","10":"open-woo-hover-none","11":"open-single-product-tab-horizontal","12":"open-shadow-","13":"open-shadow-hover-","15":"first","16":"instock","17":"taxable","18":"shipping-taxable","19":"purchasable","20":"product-type-simple"},"yoast_head":"<!-- This site is optimized with the Yoast SEO plugin v26.9 - https:\/\/yoast.com\/product\/yoast-seo-wordpress\/ -->\n<title>Filteranlage Optima Top \u00d8 480 mm - Pool-House<\/title>\n<meta name=\"robots\" content=\"index, follow, max-snippet:-1, max-image-preview:large, max-video-preview:-1\" \/>\n<link rel=\"canonical\" href=\"https:\/\/pool-house.shop\/de\/product\/filteranlage-optima-top-o-480-mm\/\" \/>\n<meta property=\"og:locale\" content=\"de_DE\" \/>\n<meta property=\"og:type\" content=\"article\" \/>\n<meta property=\"og:title\" content=\"Filteranlage Optima Top \u00d8 480 mm - Pool-House\" \/>\n<meta property=\"og:description\" content=\"Filteranlage Neo \u2013 Optima  Hochwertige selbstansaugende Pumpe Saci Optima mit Filterbeh\u00e4lter Neo Top. Eine komplette und preiswerte L\u00f6sung mit einfacher Installation f\u00fcr kleine bis mittelgro\u00dfe Pools.  Das Set enth\u00e4lt eine zuverl\u00e4ssige und langlebige Pumpe sowie die f\u00fcr die Montage und den optimalen Betrieb erforderlichen Komponenten.   Filteranlagen  Sandfiltersysteme sind so konzipiert und installiert, dass sie eine ideale Kombination aus Energieeffizienz und au\u00dfergew\u00f6hnlicher Wasserreinheit bieten. Eine breite Palette an Filteranlagen, Pumpen und Zubeh\u00f6r erm\u00f6glicht die Auswahl des Systems, das am besten zum jeweiligen Pool passt. Die Filtersysteme sind so konzipiert, dass sie schnell montiert werden k\u00f6nnen und die Komponenten koordiniert funktionieren. Die Leistung der Pumpen und Filteranlagen ist f\u00fcr maximalen Durchfluss und Energieeffizienz aufeinander abgestimmt.  Die Filteranlagen sind aus Polypropylen gefertigt, um eine lange Lebensdauer zu gew\u00e4hrleisten.  Pumpe Saci Optima Die Pumpe verf\u00fcgt \u00fcber einen gro\u00dfen Filterkorb mit einer transparenten Polycarbonatabdeckung, die eine einfache Kontrolle des Verschmutzungsgrades des Filterkorbs erm\u00f6glicht. Alle Motorteile sind vollst\u00e4ndig isoliert, ohne die M\u00f6glichkeit des Kontakts mit Wasser. Geh\u00e4use und Laufrad bestehen aus glasfaserverst\u00e4rktem Polypropylen, das Poolchemikalien widersteht und eine lange Lebensdauer garantiert.    Dank der mechanischen Kohlenstoff-Keramik-Dichtung und der Dichtung aus Edelstahl (AISI-316) sowie der Welle aus Edelstahl AISI 316 ist die Pumpe besonders gut f\u00fcr den Betrieb mit Salzwasser geeignet.  Anschluss: Innengewinde 1\u00bd&quot; oder Klebeverschraubung D50 mm. Die Pumpe ist vom Amt des Obersten Hygienikers (OTH) zugelassen.  Filterbeh\u00e4lter Neo Langlebiger, korrosionsbest\u00e4ndiger Filterbeh\u00e4lter f\u00fcr maximale Leistung unter allen Wetterbedingungen. Er ist mit einem 7-Wege-Steuerventil ausgestattet, das einen schnellen und einfachen Filterwechsel erm\u00f6glicht.   Er verf\u00fcgt \u00fcber eine gro\u00dfe Entleerungs\u00f6ffnung f\u00fcr Sand und Wasser, f\u00fcr eine schnelle \u00dcberwinterung und Wartungsfreundlichkeit.  Der obere Diffusor sorgt f\u00fcr eine gleichm\u00e4\u00dfige Wasserverteilung im oberen Bereich des Sandbetts und erm\u00f6glicht so einen reibungslosen und freien Durchfluss. Pr\u00e4zise konstruierte selbstreinigende Seitenkan\u00e4le dienen einem ausgewogenen Durchfluss und einer R\u00fccksp\u00fclung sowie einer einfachen Wartung.\" \/>\n<meta property=\"og:url\" content=\"https:\/\/pool-house.shop\/de\/product\/filteranlage-optima-top-o-480-mm\/\" \/>\n<meta property=\"og:site_name\" content=\"Pool-House\" \/>\n<meta property=\"article:publisher\" content=\"https:\/\/www.facebook.com\/termodomsk\/\" \/>\n<meta property=\"og:image\" content=\"https:\/\/pool-house.shop\/wp-content\/uploads\/2025\/03\/040032.png\" \/>\n\t<meta property=\"og:image:width\" content=\"1600\" \/>\n\t<meta property=\"og:image:height\" content=\"1600\" \/>\n\t<meta property=\"og:image:type\" content=\"image\/png\" \/>\n<meta name=\"twitter:card\" content=\"summary_large_image\" \/>\n<meta name=\"twitter:label1\" content=\"Gesch\u00e4tzte Lesezeit\" \/>\n\t<meta name=\"twitter:data1\" content=\"2\u00a0Minuten\" \/>\n<script type=\"application\/ld+json\" class=\"yoast-schema-graph\">{\"@context\":\"https:\/\/schema.org\",\"@graph\":[{\"@type\":\"WebPage\",\"@id\":\"https:\/\/pool-house.shop\/de\/product\/filteranlage-optima-top-o-480-mm\/\",\"url\":\"https:\/\/pool-house.shop\/de\/product\/filteranlage-optima-top-o-480-mm\/\",\"name\":\"Filteranlage Optima Top \u00d8 480 mm - Pool-House\",\"isPartOf\":{\"@id\":\"https:\/\/pool-house.shop\/de\/#website\"},\"primaryImageOfPage\":{\"@id\":\"https:\/\/pool-house.shop\/de\/product\/filteranlage-optima-top-o-480-mm\/#primaryimage\"},\"image\":{\"@id\":\"https:\/\/pool-house.shop\/de\/product\/filteranlage-optima-top-o-480-mm\/#primaryimage\"},\"thumbnailUrl\":\"https:\/\/pool-house.shop\/wp-content\/uploads\/2025\/03\/040032.png\",\"datePublished\":\"2025-03-23T22:52:19+00:00\",\"breadcrumb\":{\"@id\":\"https:\/\/pool-house.shop\/de\/product\/filteranlage-optima-top-o-480-mm\/#breadcrumb\"},\"inLanguage\":\"de\",\"potentialAction\":[{\"@type\":\"ReadAction\",\"target\":[\"https:\/\/pool-house.shop\/de\/product\/filteranlage-optima-top-o-480-mm\/\"]}]},{\"@type\":\"ImageObject\",\"inLanguage\":\"de\",\"@id\":\"https:\/\/pool-house.shop\/de\/product\/filteranlage-optima-top-o-480-mm\/#primaryimage\",\"url\":\"https:\/\/pool-house.shop\/wp-content\/uploads\/2025\/03\/040032.png\",\"contentUrl\":\"https:\/\/pool-house.shop\/wp-content\/uploads\/2025\/03\/040032.png\",\"width\":1600,\"height\":1600},{\"@type\":\"BreadcrumbList\",\"@id\":\"https:\/\/pool-house.shop\/de\/product\/filteranlage-optima-top-o-480-mm\/#breadcrumb\",\"itemListElement\":[{\"@type\":\"ListItem\",\"position\":1,\"name\":\"Domovsk\u00e1 str\u00e1nka\",\"item\":\"https:\/\/pool-house.shop\/de\/\"},{\"@type\":\"ListItem\",\"position\":2,\"name\":\"Shop\",\"item\":\"https:\/\/pool-house.shop\/de\/shop\/\"},{\"@type\":\"ListItem\",\"position\":3,\"name\":\"Filteranlage Optima Top \u00d8 480 mm\"}]},{\"@type\":\"WebSite\",\"@id\":\"https:\/\/pool-house.shop\/de\/#website\",\"url\":\"https:\/\/pool-house.shop\/de\/\",\"name\":\"Pool-House\",\"description\":\"\",\"publisher\":{\"@id\":\"https:\/\/pool-house.shop\/de\/#organization\"},\"potentialAction\":[{\"@type\":\"SearchAction\",\"target\":{\"@type\":\"EntryPoint\",\"urlTemplate\":\"https:\/\/pool-house.shop\/de\/?s={search_term_string}\"},\"query-input\":{\"@type\":\"PropertyValueSpecification\",\"valueRequired\":true,\"valueName\":\"search_term_string\"}}],\"inLanguage\":\"de\"},{\"@type\":\"Organization\",\"@id\":\"https:\/\/pool-house.shop\/de\/#organization\",\"name\":\"Pool-House\",\"url\":\"https:\/\/pool-house.shop\/de\/\",\"logo\":{\"@type\":\"ImageObject\",\"inLanguage\":\"de\",\"@id\":\"https:\/\/pool-house.shop\/de\/#\/schema\/logo\/image\/\",\"url\":\"https:\/\/pool-house.shop\/wp-content\/uploads\/2025\/10\/logo-2-stvorec-mobil-modre.png\",\"contentUrl\":\"https:\/\/pool-house.shop\/wp-content\/uploads\/2025\/10\/logo-2-stvorec-mobil-modre.png\",\"width\":273,\"height\":189,\"caption\":\"Pool-House\"},\"image\":{\"@id\":\"https:\/\/pool-house.shop\/de\/#\/schema\/logo\/image\/\"},\"sameAs\":[\"https:\/\/www.facebook.com\/termodomsk\/\"]}]}<\/script>\n<!-- \/ Yoast SEO plugin. -->","yoast_head_json":{"title":"Filteranlage Optima Top \u00d8 480 mm - Pool-House","robots":{"index":"index","follow":"follow","max-snippet":"max-snippet:-1","max-image-preview":"max-image-preview:large","max-video-preview":"max-video-preview:-1"},"canonical":"https:\/\/pool-house.shop\/de\/product\/filteranlage-optima-top-o-480-mm\/","og_locale":"de_DE","og_type":"article","og_title":"Filteranlage Optima Top \u00d8 480 mm - Pool-House","og_description":"Filteranlage Neo \u2013 Optima  Hochwertige selbstansaugende Pumpe Saci Optima mit Filterbeh\u00e4lter Neo Top. Eine komplette und preiswerte L\u00f6sung mit einfacher Installation f\u00fcr kleine bis mittelgro\u00dfe Pools.  Das Set enth\u00e4lt eine zuverl\u00e4ssige und langlebige Pumpe sowie die f\u00fcr die Montage und den optimalen Betrieb erforderlichen Komponenten.   Filteranlagen  Sandfiltersysteme sind so konzipiert und installiert, dass sie eine ideale Kombination aus Energieeffizienz und au\u00dfergew\u00f6hnlicher Wasserreinheit bieten. Eine breite Palette an Filteranlagen, Pumpen und Zubeh\u00f6r erm\u00f6glicht die Auswahl des Systems, das am besten zum jeweiligen Pool passt. Die Filtersysteme sind so konzipiert, dass sie schnell montiert werden k\u00f6nnen und die Komponenten koordiniert funktionieren. Die Leistung der Pumpen und Filteranlagen ist f\u00fcr maximalen Durchfluss und Energieeffizienz aufeinander abgestimmt.  Die Filteranlagen sind aus Polypropylen gefertigt, um eine lange Lebensdauer zu gew\u00e4hrleisten.  Pumpe Saci Optima Die Pumpe verf\u00fcgt \u00fcber einen gro\u00dfen Filterkorb mit einer transparenten Polycarbonatabdeckung, die eine einfache Kontrolle des Verschmutzungsgrades des Filterkorbs erm\u00f6glicht. Alle Motorteile sind vollst\u00e4ndig isoliert, ohne die M\u00f6glichkeit des Kontakts mit Wasser. Geh\u00e4use und Laufrad bestehen aus glasfaserverst\u00e4rktem Polypropylen, das Poolchemikalien widersteht und eine lange Lebensdauer garantiert.    Dank der mechanischen Kohlenstoff-Keramik-Dichtung und der Dichtung aus Edelstahl (AISI-316) sowie der Welle aus Edelstahl AISI 316 ist die Pumpe besonders gut f\u00fcr den Betrieb mit Salzwasser geeignet.  Anschluss: Innengewinde 1\u00bd\" oder Klebeverschraubung D50 mm. Die Pumpe ist vom Amt des Obersten Hygienikers (OTH) zugelassen.  Filterbeh\u00e4lter Neo Langlebiger, korrosionsbest\u00e4ndiger Filterbeh\u00e4lter f\u00fcr maximale Leistung unter allen Wetterbedingungen. Er ist mit einem 7-Wege-Steuerventil ausgestattet, das einen schnellen und einfachen Filterwechsel erm\u00f6glicht.   Er verf\u00fcgt \u00fcber eine gro\u00dfe Entleerungs\u00f6ffnung f\u00fcr Sand und Wasser, f\u00fcr eine schnelle \u00dcberwinterung und Wartungsfreundlichkeit.  Der obere Diffusor sorgt f\u00fcr eine gleichm\u00e4\u00dfige Wasserverteilung im oberen Bereich des Sandbetts und erm\u00f6glicht so einen reibungslosen und freien Durchfluss. Pr\u00e4zise konstruierte selbstreinigende Seitenkan\u00e4le dienen einem ausgewogenen Durchfluss und einer R\u00fccksp\u00fclung sowie einer einfachen Wartung.","og_url":"https:\/\/pool-house.shop\/de\/product\/filteranlage-optima-top-o-480-mm\/","og_site_name":"Pool-House","article_publisher":"https:\/\/www.facebook.com\/termodomsk\/","og_image":[{"width":1600,"height":1600,"url":"https:\/\/pool-house.shop\/wp-content\/uploads\/2025\/03\/040032.png","type":"image\/png"}],"twitter_card":"summary_large_image","twitter_misc":{"Gesch\u00e4tzte Lesezeit":"2\u00a0Minuten"},"schema":{"@context":"https:\/\/schema.org","@graph":[{"@type":"WebPage","@id":"https:\/\/pool-house.shop\/de\/product\/filteranlage-optima-top-o-480-mm\/","url":"https:\/\/pool-house.shop\/de\/product\/filteranlage-optima-top-o-480-mm\/","name":"Filteranlage Optima Top \u00d8 480 mm - Pool-House","isPartOf":{"@id":"https:\/\/pool-house.shop\/de\/#website"},"primaryImageOfPage":{"@id":"https:\/\/pool-house.shop\/de\/product\/filteranlage-optima-top-o-480-mm\/#primaryimage"},"image":{"@id":"https:\/\/pool-house.shop\/de\/product\/filteranlage-optima-top-o-480-mm\/#primaryimage"},"thumbnailUrl":"https:\/\/pool-house.shop\/wp-content\/uploads\/2025\/03\/040032.png","datePublished":"2025-03-23T22:52:19+00:00","breadcrumb":{"@id":"https:\/\/pool-house.shop\/de\/product\/filteranlage-optima-top-o-480-mm\/#breadcrumb"},"inLanguage":"de","potentialAction":[{"@type":"ReadAction","target":["https:\/\/pool-house.shop\/de\/product\/filteranlage-optima-top-o-480-mm\/"]}]},{"@type":"ImageObject","inLanguage":"de","@id":"https:\/\/pool-house.shop\/de\/product\/filteranlage-optima-top-o-480-mm\/#primaryimage","url":"https:\/\/pool-house.shop\/wp-content\/uploads\/2025\/03\/040032.png","contentUrl":"https:\/\/pool-house.shop\/wp-content\/uploads\/2025\/03\/040032.png","width":1600,"height":1600},{"@type":"BreadcrumbList","@id":"https:\/\/pool-house.shop\/de\/product\/filteranlage-optima-top-o-480-mm\/#breadcrumb","itemListElement":[{"@type":"ListItem","position":1,"name":"Domovsk\u00e1 str\u00e1nka","item":"https:\/\/pool-house.shop\/de\/"},{"@type":"ListItem","position":2,"name":"Shop","item":"https:\/\/pool-house.shop\/de\/shop\/"},{"@type":"ListItem","position":3,"name":"Filteranlage Optima Top \u00d8 480 mm"}]},{"@type":"WebSite","@id":"https:\/\/pool-house.shop\/de\/#website","url":"https:\/\/pool-house.shop\/de\/","name":"Pool-House","description":"","publisher":{"@id":"https:\/\/pool-house.shop\/de\/#organization"},"potentialAction":[{"@type":"SearchAction","target":{"@type":"EntryPoint","urlTemplate":"https:\/\/pool-house.shop\/de\/?s={search_term_string}"},"query-input":{"@type":"PropertyValueSpecification","valueRequired":true,"valueName":"search_term_string"}}],"inLanguage":"de"},{"@type":"Organization","@id":"https:\/\/pool-house.shop\/de\/#organization","name":"Pool-House","url":"https:\/\/pool-house.shop\/de\/","logo":{"@type":"ImageObject","inLanguage":"de","@id":"https:\/\/pool-house.shop\/de\/#\/schema\/logo\/image\/","url":"https:\/\/pool-house.shop\/wp-content\/uploads\/2025\/10\/logo-2-stvorec-mobil-modre.png","contentUrl":"https:\/\/pool-house.shop\/wp-content\/uploads\/2025\/10\/logo-2-stvorec-mobil-modre.png","width":273,"height":189,"caption":"Pool-House"},"image":{"@id":"https:\/\/pool-house.shop\/de\/#\/schema\/logo\/image\/"},"sameAs":["https:\/\/www.facebook.com\/termodomsk\/"]}]}},"_links":{"self":[{"href":"https:\/\/pool-house.shop\/de\/wp-json\/wp\/v2\/product\/7936","targetHints":{"allow":["GET"]}}],"collection":[{"href":"https:\/\/pool-house.shop\/de\/wp-json\/wp\/v2\/product"}],"about":[{"href":"https:\/\/pool-house.shop\/de\/wp-json\/wp\/v2\/types\/product"}],"wp:featuredmedia":[{"embeddable":true,"href":"https:\/\/pool-house.shop\/de\/wp-json\/wp\/v2\/media\/7938"}],"wp:attachment":[{"href":"https:\/\/pool-house.shop\/de\/wp-json\/wp\/v2\/media?parent=7936"}],"wp:term":[{"taxonomy":"product_brand","embeddable":true,"href":"https:\/\/pool-house.shop\/de\/wp-json\/wp\/v2\/product_brand?post=7936"},{"taxonomy":"product_cat","embeddable":true,"href":"https:\/\/pool-house.shop\/de\/wp-json\/wp\/v2\/product_cat?post=7936"},{"taxonomy":"product_tag","embeddable":true,"href":"https:\/\/pool-house.shop\/de\/wp-json\/wp\/v2\/product_tag?post=7936"}],"curies":[{"name":"wp","href":"https:\/\/api.w.org\/{rel}","templated":true}]}}