{"id":7946,"date":"2025-03-23T23:52:31","date_gmt":"2025-03-23T22:52:31","guid":{"rendered":"https:\/\/pool-house.shop\/product\/filterset-magic-top-o-350-mm\/"},"modified":"2025-03-23T23:52:31","modified_gmt":"2025-03-23T22:52:31","slug":"filterset-magic-top-o-350-mm","status":"publish","type":"product","link":"https:\/\/pool-house.shop\/de\/product\/filterset-magic-top-o-350-mm\/","title":{"rendered":"Filterset Magic Top \u00d8 350 mm"},"content":{"rendered":"<p>Filterset Neo \u2013 Badu Magic<\/p>\n<p> Selbstansaugende Pumpe Badu Magic II mit Filterbeh\u00e4lter Neo Top. Eine komplette und preiswerte L\u00f6sung mit einfacher Installationsm\u00f6glichkeit f\u00fcr kleine bis mittelgro\u00dfe Pools.<br \/>\n Das Set enth\u00e4lt eine zuverl\u00e4ssige und langlebige Pumpe sowie die f\u00fcr die Montage und den optimalen Betrieb erforderlichen Komponenten. <\/p>\n<p> Filtersysteme<br \/>\n Sandfiltersysteme sind so konzipiert und installiert, dass sie eine ideale Kombination aus Energieeffizienz und au\u00dfergew\u00f6hnlicher Wasserreinheit bieten. Eine breite Palette an Filteranlagen, Pumpen und Zubeh\u00f6r erm\u00f6glicht die Auswahl des Systems, das am besten zum jeweiligen Pool passt. Die Filtersysteme sind so konzipiert, dass sie schnell montiert werden k\u00f6nnen und die Komponenten koordiniert zusammenarbeiten. Die Leistung der Pumpen und Filteranlagen ist f\u00fcr maximalen Durchfluss und Energieeffizienz aufeinander abgestimmt.<br \/>\n Die Filteranlagen sind aus Polypropylen gefertigt, um eine lange Lebensdauer zu gew\u00e4hrleisten.<\/p>\n<p> Pumpe Badu Magic II<br \/>\n Selbstansaugende Monoblock-Umw\u00e4lzpumpe mit integriertem Vorfilter f\u00fcr kleine und mittelgro\u00dfe Pools, entwickelt f\u00fcr den Haushaltsbereich. Hocheffiziente, zuverl\u00e4ssige Pumpe einer deutschen Marke f\u00fcr Aufstellbecken, die auch in Salzwassersystemen mit einer Salzkonzentration von max. 5 g\/l installiert werden kann.<br \/>\n Wichtig: Die Pumpe kann bis zu 2 m \u00fcber dem Wasserspiegel oder bis zu 3 m darunter installiert werden.<br \/>\n Empfohlene Poolgr\u00f6\u00dfe: 10 \u2013 60 m\u00b3.<\/p>\n<p> Filterbeh\u00e4lter Neo<br \/>\n Langlebiger, korrosionsbest\u00e4ndiger Filterbeh\u00e4lter f\u00fcr maximale Leistung unter allen Wetterbedingungen. Er ist mit einem 7-Wege-Steuerventil ausgestattet, das einen schnellen und einfachen Filterwechsel erm\u00f6glicht.<br \/>\n Er verf\u00fcgt \u00fcber eine gro\u00dfe Entleerungs\u00f6ffnung f\u00fcr Sand und Wasser, f\u00fcr eine schnelle \u00dcberwinterung und Wartungsfreundlichkeit.<br \/>\n Der obere Diffusor sorgt f\u00fcr eine gleichm\u00e4\u00dfige Wasserverteilung im oberen Bereich des Sandbetts und erm\u00f6glicht so einen reibungslosen und freien Durchfluss. Pr\u00e4zise konstruierte selbstreinigende Seitenkan\u00e4le dienen einem ausgewogenen Durchfluss und einer R\u00fccksp\u00fclung sowie einer einfachen Wartung. <\/p>\n","protected":false},"excerpt":{"rendered":"<p>Filterset Neo \u2013 Badu Magic<\/p>\n<p> Selbstansaugende Pumpe Badu Magic II mit Filterbeh\u00e4lter Neo Top. Eine komplette und preiswerte L\u00f6sung mit einfacher Installationsm\u00f6glichkeit f\u00fcr kleine bis mittelgro\u00dfe Pools.<br \/>\n Das Set enth\u00e4lt eine zuverl\u00e4ssige und langlebige Pumpe sowie die f\u00fcr die Montage und den optimalen Betrieb erforderlichen Komponenten. <\/p>\n<p> Filtersysteme<br \/>\n Sandfiltersysteme sind so konzipiert und installiert, dass sie eine ideale Kombination aus Energieeffizienz und au\u00dfergew\u00f6hnlicher Wasserreinheit bieten. Eine breite Palette an Filteranlagen, Pumpen und Zubeh\u00f6r erm\u00f6glicht die Auswahl des Systems, das am besten zum jeweiligen Pool passt. Die Filtersysteme sind so konzipiert, dass sie schnell montiert werden k\u00f6nnen und die Komponenten koordiniert zusammenarbeiten. Die Leistung der Pumpen und Filteranlagen ist f\u00fcr maximalen Durchfluss und Energieeffizienz aufeinander abgestimmt.<br \/>\n Die Filteranlagen sind aus Polypropylen gefertigt, um eine lange Lebensdauer zu gew\u00e4hrleisten.<\/p>\n<p> Pumpe Badu Magic II<br \/>\n Selbstansaugende Monoblock-Umw\u00e4lzpumpe mit integriertem Vorfilter f\u00fcr kleine und mittelgro\u00dfe Pools, entwickelt f\u00fcr den Haushaltsbereich. Hocheffiziente, zuverl\u00e4ssige Pumpe einer deutschen Marke f\u00fcr Aufstellbecken, die auch in Salzwassersystemen mit einer Salzkonzentration von max. 5 g\/l installiert werden kann.<br \/>\n Wichtig: Die Pumpe kann bis zu 2 m \u00fcber dem Wasserspiegel oder bis zu 3 m darunter installiert werden.<br \/>\n Empfohlene Poolgr\u00f6\u00dfe: 10 \u2013 60 m\u00b3.<\/p>\n<p> Filterbeh\u00e4lter Neo<br \/>\n Langlebiger, korrosionsbest\u00e4ndiger Filterbeh\u00e4lter f\u00fcr maximale Leistung unter allen Wetterbedingungen. Er ist mit einem 7-Wege-Steuerventil ausgestattet, das einen schnellen und einfachen Filterwechsel erm\u00f6glicht.<br \/>\n Er verf\u00fcgt \u00fcber eine gro\u00dfe Entleerungs\u00f6ffnung f\u00fcr Sand und Wasser, f\u00fcr eine schnelle \u00dcberwinterung und Wartungsfreundlichkeit.<br \/>\n Der obere Diffusor sorgt f\u00fcr eine gleichm\u00e4\u00dfige Wasserverteilung im oberen Bereich des Sandbetts und erm\u00f6glicht so einen reibungslosen und freien Durchfluss. Pr\u00e4zise konstruierte selbstreinigende Seitenkan\u00e4le dienen einem ausgewogenen Durchfluss und einer R\u00fccksp\u00fclung sowie einer einfachen Wartung. <\/p>\n","protected":false},"featured_media":7947,"template":"","meta":[],"product_brand":[],"product_cat":[353,251],"product_tag":[252],"class_list":{"0":"post-7946","1":"product","2":"type-product","3":"status-publish","4":"has-post-thumbnail","6":"product_cat-filteranlagen","7":"product_cat-filtersets","8":"product_tag-filtersets","9":"thunk-woo-product-list","10":"open-woo-hover-none","11":"open-single-product-tab-horizontal","12":"open-shadow-","13":"open-shadow-hover-","15":"first","16":"instock","17":"taxable","18":"shipping-taxable","19":"purchasable","20":"product-type-simple"},"yoast_head":"<!-- This site is optimized with the Yoast SEO plugin v26.9 - https:\/\/yoast.com\/product\/yoast-seo-wordpress\/ -->\n<title>Filterset Magic Top \u00d8 350 mm - Pool-House<\/title>\n<meta name=\"robots\" content=\"index, follow, max-snippet:-1, max-image-preview:large, max-video-preview:-1\" \/>\n<link rel=\"canonical\" href=\"https:\/\/pool-house.shop\/de\/product\/filterset-magic-top-o-350-mm\/\" \/>\n<meta property=\"og:locale\" content=\"de_DE\" \/>\n<meta property=\"og:type\" content=\"article\" \/>\n<meta property=\"og:title\" content=\"Filterset Magic Top \u00d8 350 mm - Pool-House\" \/>\n<meta property=\"og:description\" content=\"Filterset Neo \u2013 Badu Magic  Selbstansaugende Pumpe Badu Magic II mit Filterbeh\u00e4lter Neo Top. Eine komplette und preiswerte L\u00f6sung mit einfacher Installationsm\u00f6glichkeit f\u00fcr kleine bis mittelgro\u00dfe Pools.  Das Set enth\u00e4lt eine zuverl\u00e4ssige und langlebige Pumpe sowie die f\u00fcr die Montage und den optimalen Betrieb erforderlichen Komponenten.   Filtersysteme  Sandfiltersysteme sind so konzipiert und installiert, dass sie eine ideale Kombination aus Energieeffizienz und au\u00dfergew\u00f6hnlicher Wasserreinheit bieten. Eine breite Palette an Filteranlagen, Pumpen und Zubeh\u00f6r erm\u00f6glicht die Auswahl des Systems, das am besten zum jeweiligen Pool passt. Die Filtersysteme sind so konzipiert, dass sie schnell montiert werden k\u00f6nnen und die Komponenten koordiniert zusammenarbeiten. Die Leistung der Pumpen und Filteranlagen ist f\u00fcr maximalen Durchfluss und Energieeffizienz aufeinander abgestimmt.  Die Filteranlagen sind aus Polypropylen gefertigt, um eine lange Lebensdauer zu gew\u00e4hrleisten.  Pumpe Badu Magic II Selbstansaugende Monoblock-Umw\u00e4lzpumpe mit integriertem Vorfilter f\u00fcr kleine und mittelgro\u00dfe Pools, entwickelt f\u00fcr den Haushaltsbereich. Hocheffiziente, zuverl\u00e4ssige Pumpe einer deutschen Marke f\u00fcr Aufstellbecken, die auch in Salzwassersystemen mit einer Salzkonzentration von max. 5 g\/l installiert werden kann. Wichtig: Die Pumpe kann bis zu 2 m \u00fcber dem Wasserspiegel oder bis zu 3 m darunter installiert werden. Empfohlene Poolgr\u00f6\u00dfe: 10 \u2013 60 m\u00b3.  Filterbeh\u00e4lter Neo Langlebiger, korrosionsbest\u00e4ndiger Filterbeh\u00e4lter f\u00fcr maximale Leistung unter allen Wetterbedingungen. Er ist mit einem 7-Wege-Steuerventil ausgestattet, das einen schnellen und einfachen Filterwechsel erm\u00f6glicht.      Er verf\u00fcgt \u00fcber eine gro\u00dfe Entleerungs\u00f6ffnung f\u00fcr Sand und Wasser, f\u00fcr eine schnelle \u00dcberwinterung und Wartungsfreundlichkeit.  Der obere Diffusor sorgt f\u00fcr eine gleichm\u00e4\u00dfige Wasserverteilung im oberen Bereich des Sandbetts und erm\u00f6glicht so einen reibungslosen und freien Durchfluss. Pr\u00e4zise konstruierte selbstreinigende Seitenkan\u00e4le dienen einem ausgewogenen Durchfluss und einer R\u00fccksp\u00fclung sowie einer einfachen Wartung.\" \/>\n<meta property=\"og:url\" content=\"https:\/\/pool-house.shop\/de\/product\/filterset-magic-top-o-350-mm\/\" \/>\n<meta property=\"og:site_name\" content=\"Pool-House\" \/>\n<meta property=\"article:publisher\" content=\"https:\/\/www.facebook.com\/termodomsk\/\" \/>\n<meta property=\"og:image\" content=\"https:\/\/pool-house.shop\/wp-content\/uploads\/2025\/03\/040040.png\" \/>\n\t<meta property=\"og:image:width\" content=\"1600\" \/>\n\t<meta property=\"og:image:height\" content=\"1600\" \/>\n\t<meta property=\"og:image:type\" content=\"image\/png\" \/>\n<meta name=\"twitter:card\" content=\"summary_large_image\" \/>\n<meta name=\"twitter:label1\" content=\"Gesch\u00e4tzte Lesezeit\" \/>\n\t<meta name=\"twitter:data1\" content=\"2\u00a0Minuten\" \/>\n<script type=\"application\/ld+json\" class=\"yoast-schema-graph\">{\"@context\":\"https:\/\/schema.org\",\"@graph\":[{\"@type\":\"WebPage\",\"@id\":\"https:\/\/pool-house.shop\/de\/product\/filterset-magic-top-o-350-mm\/\",\"url\":\"https:\/\/pool-house.shop\/de\/product\/filterset-magic-top-o-350-mm\/\",\"name\":\"Filterset Magic Top \u00d8 350 mm - Pool-House\",\"isPartOf\":{\"@id\":\"https:\/\/pool-house.shop\/de\/#website\"},\"primaryImageOfPage\":{\"@id\":\"https:\/\/pool-house.shop\/de\/product\/filterset-magic-top-o-350-mm\/#primaryimage\"},\"image\":{\"@id\":\"https:\/\/pool-house.shop\/de\/product\/filterset-magic-top-o-350-mm\/#primaryimage\"},\"thumbnailUrl\":\"https:\/\/pool-house.shop\/wp-content\/uploads\/2025\/03\/040040.png\",\"datePublished\":\"2025-03-23T22:52:31+00:00\",\"breadcrumb\":{\"@id\":\"https:\/\/pool-house.shop\/de\/product\/filterset-magic-top-o-350-mm\/#breadcrumb\"},\"inLanguage\":\"de\",\"potentialAction\":[{\"@type\":\"ReadAction\",\"target\":[\"https:\/\/pool-house.shop\/de\/product\/filterset-magic-top-o-350-mm\/\"]}]},{\"@type\":\"ImageObject\",\"inLanguage\":\"de\",\"@id\":\"https:\/\/pool-house.shop\/de\/product\/filterset-magic-top-o-350-mm\/#primaryimage\",\"url\":\"https:\/\/pool-house.shop\/wp-content\/uploads\/2025\/03\/040040.png\",\"contentUrl\":\"https:\/\/pool-house.shop\/wp-content\/uploads\/2025\/03\/040040.png\",\"width\":1600,\"height\":1600},{\"@type\":\"BreadcrumbList\",\"@id\":\"https:\/\/pool-house.shop\/de\/product\/filterset-magic-top-o-350-mm\/#breadcrumb\",\"itemListElement\":[{\"@type\":\"ListItem\",\"position\":1,\"name\":\"Domovsk\u00e1 str\u00e1nka\",\"item\":\"https:\/\/pool-house.shop\/de\/\"},{\"@type\":\"ListItem\",\"position\":2,\"name\":\"Shop\",\"item\":\"https:\/\/pool-house.shop\/de\/shop\/\"},{\"@type\":\"ListItem\",\"position\":3,\"name\":\"Filterset Magic Top \u00d8 350 mm\"}]},{\"@type\":\"WebSite\",\"@id\":\"https:\/\/pool-house.shop\/de\/#website\",\"url\":\"https:\/\/pool-house.shop\/de\/\",\"name\":\"Pool-House\",\"description\":\"\",\"publisher\":{\"@id\":\"https:\/\/pool-house.shop\/de\/#organization\"},\"potentialAction\":[{\"@type\":\"SearchAction\",\"target\":{\"@type\":\"EntryPoint\",\"urlTemplate\":\"https:\/\/pool-house.shop\/de\/?s={search_term_string}\"},\"query-input\":{\"@type\":\"PropertyValueSpecification\",\"valueRequired\":true,\"valueName\":\"search_term_string\"}}],\"inLanguage\":\"de\"},{\"@type\":\"Organization\",\"@id\":\"https:\/\/pool-house.shop\/de\/#organization\",\"name\":\"Pool-House\",\"url\":\"https:\/\/pool-house.shop\/de\/\",\"logo\":{\"@type\":\"ImageObject\",\"inLanguage\":\"de\",\"@id\":\"https:\/\/pool-house.shop\/de\/#\/schema\/logo\/image\/\",\"url\":\"https:\/\/pool-house.shop\/wp-content\/uploads\/2025\/10\/logo-2-stvorec-mobil-modre.png\",\"contentUrl\":\"https:\/\/pool-house.shop\/wp-content\/uploads\/2025\/10\/logo-2-stvorec-mobil-modre.png\",\"width\":273,\"height\":189,\"caption\":\"Pool-House\"},\"image\":{\"@id\":\"https:\/\/pool-house.shop\/de\/#\/schema\/logo\/image\/\"},\"sameAs\":[\"https:\/\/www.facebook.com\/termodomsk\/\"]}]}<\/script>\n<!-- \/ Yoast SEO plugin. -->","yoast_head_json":{"title":"Filterset Magic Top \u00d8 350 mm - Pool-House","robots":{"index":"index","follow":"follow","max-snippet":"max-snippet:-1","max-image-preview":"max-image-preview:large","max-video-preview":"max-video-preview:-1"},"canonical":"https:\/\/pool-house.shop\/de\/product\/filterset-magic-top-o-350-mm\/","og_locale":"de_DE","og_type":"article","og_title":"Filterset Magic Top \u00d8 350 mm - Pool-House","og_description":"Filterset Neo \u2013 Badu Magic  Selbstansaugende Pumpe Badu Magic II mit Filterbeh\u00e4lter Neo Top. Eine komplette und preiswerte L\u00f6sung mit einfacher Installationsm\u00f6glichkeit f\u00fcr kleine bis mittelgro\u00dfe Pools.  Das Set enth\u00e4lt eine zuverl\u00e4ssige und langlebige Pumpe sowie die f\u00fcr die Montage und den optimalen Betrieb erforderlichen Komponenten.   Filtersysteme  Sandfiltersysteme sind so konzipiert und installiert, dass sie eine ideale Kombination aus Energieeffizienz und au\u00dfergew\u00f6hnlicher Wasserreinheit bieten. Eine breite Palette an Filteranlagen, Pumpen und Zubeh\u00f6r erm\u00f6glicht die Auswahl des Systems, das am besten zum jeweiligen Pool passt. Die Filtersysteme sind so konzipiert, dass sie schnell montiert werden k\u00f6nnen und die Komponenten koordiniert zusammenarbeiten. Die Leistung der Pumpen und Filteranlagen ist f\u00fcr maximalen Durchfluss und Energieeffizienz aufeinander abgestimmt.  Die Filteranlagen sind aus Polypropylen gefertigt, um eine lange Lebensdauer zu gew\u00e4hrleisten.  Pumpe Badu Magic II Selbstansaugende Monoblock-Umw\u00e4lzpumpe mit integriertem Vorfilter f\u00fcr kleine und mittelgro\u00dfe Pools, entwickelt f\u00fcr den Haushaltsbereich. Hocheffiziente, zuverl\u00e4ssige Pumpe einer deutschen Marke f\u00fcr Aufstellbecken, die auch in Salzwassersystemen mit einer Salzkonzentration von max. 5 g\/l installiert werden kann. Wichtig: Die Pumpe kann bis zu 2 m \u00fcber dem Wasserspiegel oder bis zu 3 m darunter installiert werden. Empfohlene Poolgr\u00f6\u00dfe: 10 \u2013 60 m\u00b3.  Filterbeh\u00e4lter Neo Langlebiger, korrosionsbest\u00e4ndiger Filterbeh\u00e4lter f\u00fcr maximale Leistung unter allen Wetterbedingungen. Er ist mit einem 7-Wege-Steuerventil ausgestattet, das einen schnellen und einfachen Filterwechsel erm\u00f6glicht.      Er verf\u00fcgt \u00fcber eine gro\u00dfe Entleerungs\u00f6ffnung f\u00fcr Sand und Wasser, f\u00fcr eine schnelle \u00dcberwinterung und Wartungsfreundlichkeit.  Der obere Diffusor sorgt f\u00fcr eine gleichm\u00e4\u00dfige Wasserverteilung im oberen Bereich des Sandbetts und erm\u00f6glicht so einen reibungslosen und freien Durchfluss. Pr\u00e4zise konstruierte selbstreinigende Seitenkan\u00e4le dienen einem ausgewogenen Durchfluss und einer R\u00fccksp\u00fclung sowie einer einfachen Wartung.","og_url":"https:\/\/pool-house.shop\/de\/product\/filterset-magic-top-o-350-mm\/","og_site_name":"Pool-House","article_publisher":"https:\/\/www.facebook.com\/termodomsk\/","og_image":[{"width":1600,"height":1600,"url":"https:\/\/pool-house.shop\/wp-content\/uploads\/2025\/03\/040040.png","type":"image\/png"}],"twitter_card":"summary_large_image","twitter_misc":{"Gesch\u00e4tzte Lesezeit":"2\u00a0Minuten"},"schema":{"@context":"https:\/\/schema.org","@graph":[{"@type":"WebPage","@id":"https:\/\/pool-house.shop\/de\/product\/filterset-magic-top-o-350-mm\/","url":"https:\/\/pool-house.shop\/de\/product\/filterset-magic-top-o-350-mm\/","name":"Filterset Magic Top \u00d8 350 mm - Pool-House","isPartOf":{"@id":"https:\/\/pool-house.shop\/de\/#website"},"primaryImageOfPage":{"@id":"https:\/\/pool-house.shop\/de\/product\/filterset-magic-top-o-350-mm\/#primaryimage"},"image":{"@id":"https:\/\/pool-house.shop\/de\/product\/filterset-magic-top-o-350-mm\/#primaryimage"},"thumbnailUrl":"https:\/\/pool-house.shop\/wp-content\/uploads\/2025\/03\/040040.png","datePublished":"2025-03-23T22:52:31+00:00","breadcrumb":{"@id":"https:\/\/pool-house.shop\/de\/product\/filterset-magic-top-o-350-mm\/#breadcrumb"},"inLanguage":"de","potentialAction":[{"@type":"ReadAction","target":["https:\/\/pool-house.shop\/de\/product\/filterset-magic-top-o-350-mm\/"]}]},{"@type":"ImageObject","inLanguage":"de","@id":"https:\/\/pool-house.shop\/de\/product\/filterset-magic-top-o-350-mm\/#primaryimage","url":"https:\/\/pool-house.shop\/wp-content\/uploads\/2025\/03\/040040.png","contentUrl":"https:\/\/pool-house.shop\/wp-content\/uploads\/2025\/03\/040040.png","width":1600,"height":1600},{"@type":"BreadcrumbList","@id":"https:\/\/pool-house.shop\/de\/product\/filterset-magic-top-o-350-mm\/#breadcrumb","itemListElement":[{"@type":"ListItem","position":1,"name":"Domovsk\u00e1 str\u00e1nka","item":"https:\/\/pool-house.shop\/de\/"},{"@type":"ListItem","position":2,"name":"Shop","item":"https:\/\/pool-house.shop\/de\/shop\/"},{"@type":"ListItem","position":3,"name":"Filterset Magic Top \u00d8 350 mm"}]},{"@type":"WebSite","@id":"https:\/\/pool-house.shop\/de\/#website","url":"https:\/\/pool-house.shop\/de\/","name":"Pool-House","description":"","publisher":{"@id":"https:\/\/pool-house.shop\/de\/#organization"},"potentialAction":[{"@type":"SearchAction","target":{"@type":"EntryPoint","urlTemplate":"https:\/\/pool-house.shop\/de\/?s={search_term_string}"},"query-input":{"@type":"PropertyValueSpecification","valueRequired":true,"valueName":"search_term_string"}}],"inLanguage":"de"},{"@type":"Organization","@id":"https:\/\/pool-house.shop\/de\/#organization","name":"Pool-House","url":"https:\/\/pool-house.shop\/de\/","logo":{"@type":"ImageObject","inLanguage":"de","@id":"https:\/\/pool-house.shop\/de\/#\/schema\/logo\/image\/","url":"https:\/\/pool-house.shop\/wp-content\/uploads\/2025\/10\/logo-2-stvorec-mobil-modre.png","contentUrl":"https:\/\/pool-house.shop\/wp-content\/uploads\/2025\/10\/logo-2-stvorec-mobil-modre.png","width":273,"height":189,"caption":"Pool-House"},"image":{"@id":"https:\/\/pool-house.shop\/de\/#\/schema\/logo\/image\/"},"sameAs":["https:\/\/www.facebook.com\/termodomsk\/"]}]}},"_links":{"self":[{"href":"https:\/\/pool-house.shop\/de\/wp-json\/wp\/v2\/product\/7946","targetHints":{"allow":["GET"]}}],"collection":[{"href":"https:\/\/pool-house.shop\/de\/wp-json\/wp\/v2\/product"}],"about":[{"href":"https:\/\/pool-house.shop\/de\/wp-json\/wp\/v2\/types\/product"}],"wp:featuredmedia":[{"embeddable":true,"href":"https:\/\/pool-house.shop\/de\/wp-json\/wp\/v2\/media\/7947"}],"wp:attachment":[{"href":"https:\/\/pool-house.shop\/de\/wp-json\/wp\/v2\/media?parent=7946"}],"wp:term":[{"taxonomy":"product_brand","embeddable":true,"href":"https:\/\/pool-house.shop\/de\/wp-json\/wp\/v2\/product_brand?post=7946"},{"taxonomy":"product_cat","embeddable":true,"href":"https:\/\/pool-house.shop\/de\/wp-json\/wp\/v2\/product_cat?post=7946"},{"taxonomy":"product_tag","embeddable":true,"href":"https:\/\/pool-house.shop\/de\/wp-json\/wp\/v2\/product_tag?post=7946"}],"curies":[{"name":"wp","href":"https:\/\/api.w.org\/{rel}","templated":true}]}}