{"id":7965,"date":"2025-03-03T15:23:02","date_gmt":"2025-03-03T14:23:02","guid":{"rendered":"https:\/\/pool-house.shop\/product\/indico-o1800-12m-d110\/"},"modified":"2025-03-03T15:23:02","modified_gmt":"2025-03-03T14:23:02","slug":"indico-o1800-12m-d110","status":"publish","type":"product","link":"https:\/\/pool-house.shop\/de\/product\/indico-o1800-12m-d110\/","title":{"rendered":"INDICO \u00d81800 1,2m D110"},"content":{"rendered":"<p>Indico Filterbeh\u00e4lter<\/p>\n<p> Dieser glasfaserverst\u00e4rkte Filterbeh\u00e4lter f\u00fcr \u00f6ffentliche Schwimmb\u00e4der erf\u00fcllt Industriestandards und verf\u00fcgt \u00fcber eine UV-best\u00e4ndige Oberfl\u00e4chenbehandlung sowie Kollektorarme. Er ist mit einem glasfaserverst\u00e4rkten Deckel mit 400 mm Durchmesser und einer Seitenabdeckung ausgestattet.<br \/>\n Optional: seitliche Montage\u00f6ffnung und Schauglas.<\/p>\n<p> Eigenschaften:<br \/>\n &#8211; Filterbetth\u00f6he: 1,2 m,<br \/>\n &#8211; Durchmesser der Ablass\u00f6ffnung: 75 mm,<br \/>\n &#8211; PVC-Anschlussmuffe,<br \/>\n &#8211; optional ist eine Ausf\u00fchrung mit spezieller ozonbest\u00e4ndiger Beschichtung,<br \/>\n &#8211; 10 Jahre Garantie,<br \/>\n &#8211; der Filterbeh\u00e4lter ist vom Obersten Gesundheitsamt (OTH) zugelassen.<\/p>\n<p> Technische Daten:<br \/>\n &#8211; Betriebsdruck: 0,6 \u2013 2 kg\/cm\u00b2,<br \/>\n &#8211; Maximaldruck: 2,5 kg\/cm\u00b2,<br \/>\n &#8211; Pr\u00fcfdruck: 3,75 kg\/cm\u00b2,<br \/>\n &#8211; Betriebstemperatur: 1\u00b0C \u2013 40\u00b0C,<br \/>\n &#8211; obere \u00d6ffnung: \u00d8 400 mm,<br \/>\n &#8211; Filterbetth\u00f6he: 1.200 mm,<br \/>\n &#8211; seitliche \u00d6ffnung: \u00d8 400 mm,<br \/>\n &#8211; zwei Schaugl\u00e4ser \u2013 optional: \u00d8 90 mm.<\/p>\n<p> Filterbeh\u00e4lter<br \/>\n Die Sauberkeit des Poolwassers kann durch dessen kontinuierliche Zirkulation und Filtration aufrechterhalten werden. In stehendem Wasser, das der Sonne ausgesetzt ist, k\u00f6nnen sich leicht Algen und andere Verunreinigungen vermehren, die nicht nur das Aussehen des Wassers beeintr\u00e4chtigen, sondern auch ein Gesundheitsrisiko f\u00fcr Badende darstellen k\u00f6nnen.<br \/>\n Der Filterbeh\u00e4lter kann mithilfe der Zirkulationsanlage selbst feinste Verunreinigungen aus dem Wasser filtern, die im Filtermedium zur\u00fcckgehalten werden.<\/p>\n","protected":false},"excerpt":{"rendered":"<p>Indico Filterbeh\u00e4lter Dieser glasfaserverst\u00e4rkte Filterbeh\u00e4lter f\u00fcr \u00f6ffentliche Schwimmb\u00e4der erf\u00fcllt Industriestandards und verf\u00fcgt \u00fcber eine UV-best\u00e4ndige Oberfl\u00e4chenbehandlung sowie Kollektorarme. Er ist mit einem glasfaserverst\u00e4rkten Deckel mit 400 mm Durchmesser und einer Seitenabdeckung ausgestattet. Optional: seitliche Montage\u00f6ffnung und Schauglas. Eigenschaften: &#8211; Filterbetth\u00f6he: 1,2 m, &#8211; Durchmesser der Ablass\u00f6ffnung: 75 mm, &#8211; PVC-Anschlussmuffe, &#8211; optional ist eine Ausf\u00fchrung &hellip;<\/p>\n<p class=\"read-more\"> <a class=\" thunk-readmore button \" href=\"https:\/\/pool-house.shop\/de\/product\/indico-o1800-12m-d110\/\"> <span class=\"screen-reader-text\">INDICO \u00d81800 1,2m D110<\/span>Weiterlesen<\/a><\/p>\n","protected":false},"featured_media":7967,"template":"","meta":[],"product_brand":[],"product_cat":[353,249],"product_tag":[],"class_list":{"0":"post-7965","1":"product","2":"type-product","3":"status-publish","4":"has-post-thumbnail","6":"product_cat-filteranlagen","7":"product_cat-filterkessel","8":"thunk-woo-product-list","9":"open-woo-hover-none","10":"open-single-product-tab-horizontal","11":"open-shadow-","12":"open-shadow-hover-","14":"first","15":"instock","16":"taxable","17":"shipping-taxable","18":"purchasable","19":"product-type-simple"},"yoast_head":"<!-- This site is optimized with the Yoast SEO plugin v26.9 - https:\/\/yoast.com\/product\/yoast-seo-wordpress\/ -->\n<title>INDICO \u00d81800 1,2m D110 - Pool-House<\/title>\n<meta name=\"robots\" content=\"index, follow, max-snippet:-1, max-image-preview:large, max-video-preview:-1\" \/>\n<link rel=\"canonical\" href=\"https:\/\/pool-house.shop\/de\/product\/indico-o1800-12m-d110\/\" \/>\n<meta property=\"og:locale\" content=\"de_DE\" \/>\n<meta property=\"og:type\" content=\"article\" \/>\n<meta property=\"og:title\" content=\"INDICO \u00d81800 1,2m D110 - Pool-House\" \/>\n<meta property=\"og:description\" content=\"Indico Filterbeh\u00e4lter Dieser glasfaserverst\u00e4rkte Filterbeh\u00e4lter f\u00fcr \u00f6ffentliche Schwimmb\u00e4der erf\u00fcllt Industriestandards und verf\u00fcgt \u00fcber eine UV-best\u00e4ndige Oberfl\u00e4chenbehandlung sowie Kollektorarme. Er ist mit einem glasfaserverst\u00e4rkten Deckel mit 400 mm Durchmesser und einer Seitenabdeckung ausgestattet. Optional: seitliche Montage\u00f6ffnung und Schauglas. Eigenschaften: &#8211; Filterbetth\u00f6he: 1,2 m, &#8211; Durchmesser der Ablass\u00f6ffnung: 75 mm, &#8211; PVC-Anschlussmuffe, &#8211; optional ist eine Ausf\u00fchrung &hellip; INDICO \u00d81800 1,2m D110Weiterlesen\" \/>\n<meta property=\"og:url\" content=\"https:\/\/pool-house.shop\/de\/product\/indico-o1800-12m-d110\/\" \/>\n<meta property=\"og:site_name\" content=\"Pool-House\" \/>\n<meta property=\"article:publisher\" content=\"https:\/\/www.facebook.com\/termodomsk\/\" \/>\n<meta property=\"og:image\" content=\"https:\/\/pool-house.shop\/wp-content\/uploads\/2025\/03\/037051.png\" \/>\n\t<meta property=\"og:image:width\" content=\"1600\" \/>\n\t<meta property=\"og:image:height\" content=\"1600\" \/>\n\t<meta property=\"og:image:type\" content=\"image\/png\" \/>\n<meta name=\"twitter:card\" content=\"summary_large_image\" \/>\n<meta name=\"twitter:label1\" content=\"Gesch\u00e4tzte Lesezeit\" \/>\n\t<meta name=\"twitter:data1\" content=\"1\u00a0Minute\" \/>\n<script type=\"application\/ld+json\" class=\"yoast-schema-graph\">{\"@context\":\"https:\/\/schema.org\",\"@graph\":[{\"@type\":\"WebPage\",\"@id\":\"https:\/\/pool-house.shop\/de\/product\/indico-o1800-12m-d110\/\",\"url\":\"https:\/\/pool-house.shop\/de\/product\/indico-o1800-12m-d110\/\",\"name\":\"INDICO \u00d81800 1,2m D110 - Pool-House\",\"isPartOf\":{\"@id\":\"https:\/\/pool-house.shop\/de\/#website\"},\"primaryImageOfPage\":{\"@id\":\"https:\/\/pool-house.shop\/de\/product\/indico-o1800-12m-d110\/#primaryimage\"},\"image\":{\"@id\":\"https:\/\/pool-house.shop\/de\/product\/indico-o1800-12m-d110\/#primaryimage\"},\"thumbnailUrl\":\"https:\/\/pool-house.shop\/wp-content\/uploads\/2025\/03\/037051.png\",\"datePublished\":\"2025-03-03T14:23:02+00:00\",\"breadcrumb\":{\"@id\":\"https:\/\/pool-house.shop\/de\/product\/indico-o1800-12m-d110\/#breadcrumb\"},\"inLanguage\":\"de\",\"potentialAction\":[{\"@type\":\"ReadAction\",\"target\":[\"https:\/\/pool-house.shop\/de\/product\/indico-o1800-12m-d110\/\"]}]},{\"@type\":\"ImageObject\",\"inLanguage\":\"de\",\"@id\":\"https:\/\/pool-house.shop\/de\/product\/indico-o1800-12m-d110\/#primaryimage\",\"url\":\"https:\/\/pool-house.shop\/wp-content\/uploads\/2025\/03\/037051.png\",\"contentUrl\":\"https:\/\/pool-house.shop\/wp-content\/uploads\/2025\/03\/037051.png\",\"width\":1600,\"height\":1600},{\"@type\":\"BreadcrumbList\",\"@id\":\"https:\/\/pool-house.shop\/de\/product\/indico-o1800-12m-d110\/#breadcrumb\",\"itemListElement\":[{\"@type\":\"ListItem\",\"position\":1,\"name\":\"Domovsk\u00e1 str\u00e1nka\",\"item\":\"https:\/\/pool-house.shop\/de\/\"},{\"@type\":\"ListItem\",\"position\":2,\"name\":\"Shop\",\"item\":\"https:\/\/pool-house.shop\/de\/shop\/\"},{\"@type\":\"ListItem\",\"position\":3,\"name\":\"INDICO \u00d81800 1,2m D110\"}]},{\"@type\":\"WebSite\",\"@id\":\"https:\/\/pool-house.shop\/de\/#website\",\"url\":\"https:\/\/pool-house.shop\/de\/\",\"name\":\"Pool-House\",\"description\":\"\",\"publisher\":{\"@id\":\"https:\/\/pool-house.shop\/de\/#organization\"},\"potentialAction\":[{\"@type\":\"SearchAction\",\"target\":{\"@type\":\"EntryPoint\",\"urlTemplate\":\"https:\/\/pool-house.shop\/de\/?s={search_term_string}\"},\"query-input\":{\"@type\":\"PropertyValueSpecification\",\"valueRequired\":true,\"valueName\":\"search_term_string\"}}],\"inLanguage\":\"de\"},{\"@type\":\"Organization\",\"@id\":\"https:\/\/pool-house.shop\/de\/#organization\",\"name\":\"Pool-House\",\"url\":\"https:\/\/pool-house.shop\/de\/\",\"logo\":{\"@type\":\"ImageObject\",\"inLanguage\":\"de\",\"@id\":\"https:\/\/pool-house.shop\/de\/#\/schema\/logo\/image\/\",\"url\":\"https:\/\/pool-house.shop\/wp-content\/uploads\/2025\/10\/logo-2-stvorec-mobil-modre.png\",\"contentUrl\":\"https:\/\/pool-house.shop\/wp-content\/uploads\/2025\/10\/logo-2-stvorec-mobil-modre.png\",\"width\":273,\"height\":189,\"caption\":\"Pool-House\"},\"image\":{\"@id\":\"https:\/\/pool-house.shop\/de\/#\/schema\/logo\/image\/\"},\"sameAs\":[\"https:\/\/www.facebook.com\/termodomsk\/\"]}]}<\/script>\n<!-- \/ Yoast SEO plugin. -->","yoast_head_json":{"title":"INDICO \u00d81800 1,2m D110 - Pool-House","robots":{"index":"index","follow":"follow","max-snippet":"max-snippet:-1","max-image-preview":"max-image-preview:large","max-video-preview":"max-video-preview:-1"},"canonical":"https:\/\/pool-house.shop\/de\/product\/indico-o1800-12m-d110\/","og_locale":"de_DE","og_type":"article","og_title":"INDICO \u00d81800 1,2m D110 - Pool-House","og_description":"Indico Filterbeh\u00e4lter Dieser glasfaserverst\u00e4rkte Filterbeh\u00e4lter f\u00fcr \u00f6ffentliche Schwimmb\u00e4der erf\u00fcllt Industriestandards und verf\u00fcgt \u00fcber eine UV-best\u00e4ndige Oberfl\u00e4chenbehandlung sowie Kollektorarme. Er ist mit einem glasfaserverst\u00e4rkten Deckel mit 400 mm Durchmesser und einer Seitenabdeckung ausgestattet. Optional: seitliche Montage\u00f6ffnung und Schauglas. Eigenschaften: &#8211; Filterbetth\u00f6he: 1,2 m, &#8211; Durchmesser der Ablass\u00f6ffnung: 75 mm, &#8211; PVC-Anschlussmuffe, &#8211; optional ist eine Ausf\u00fchrung &hellip; INDICO \u00d81800 1,2m D110Weiterlesen","og_url":"https:\/\/pool-house.shop\/de\/product\/indico-o1800-12m-d110\/","og_site_name":"Pool-House","article_publisher":"https:\/\/www.facebook.com\/termodomsk\/","og_image":[{"width":1600,"height":1600,"url":"https:\/\/pool-house.shop\/wp-content\/uploads\/2025\/03\/037051.png","type":"image\/png"}],"twitter_card":"summary_large_image","twitter_misc":{"Gesch\u00e4tzte Lesezeit":"1\u00a0Minute"},"schema":{"@context":"https:\/\/schema.org","@graph":[{"@type":"WebPage","@id":"https:\/\/pool-house.shop\/de\/product\/indico-o1800-12m-d110\/","url":"https:\/\/pool-house.shop\/de\/product\/indico-o1800-12m-d110\/","name":"INDICO \u00d81800 1,2m D110 - Pool-House","isPartOf":{"@id":"https:\/\/pool-house.shop\/de\/#website"},"primaryImageOfPage":{"@id":"https:\/\/pool-house.shop\/de\/product\/indico-o1800-12m-d110\/#primaryimage"},"image":{"@id":"https:\/\/pool-house.shop\/de\/product\/indico-o1800-12m-d110\/#primaryimage"},"thumbnailUrl":"https:\/\/pool-house.shop\/wp-content\/uploads\/2025\/03\/037051.png","datePublished":"2025-03-03T14:23:02+00:00","breadcrumb":{"@id":"https:\/\/pool-house.shop\/de\/product\/indico-o1800-12m-d110\/#breadcrumb"},"inLanguage":"de","potentialAction":[{"@type":"ReadAction","target":["https:\/\/pool-house.shop\/de\/product\/indico-o1800-12m-d110\/"]}]},{"@type":"ImageObject","inLanguage":"de","@id":"https:\/\/pool-house.shop\/de\/product\/indico-o1800-12m-d110\/#primaryimage","url":"https:\/\/pool-house.shop\/wp-content\/uploads\/2025\/03\/037051.png","contentUrl":"https:\/\/pool-house.shop\/wp-content\/uploads\/2025\/03\/037051.png","width":1600,"height":1600},{"@type":"BreadcrumbList","@id":"https:\/\/pool-house.shop\/de\/product\/indico-o1800-12m-d110\/#breadcrumb","itemListElement":[{"@type":"ListItem","position":1,"name":"Domovsk\u00e1 str\u00e1nka","item":"https:\/\/pool-house.shop\/de\/"},{"@type":"ListItem","position":2,"name":"Shop","item":"https:\/\/pool-house.shop\/de\/shop\/"},{"@type":"ListItem","position":3,"name":"INDICO \u00d81800 1,2m D110"}]},{"@type":"WebSite","@id":"https:\/\/pool-house.shop\/de\/#website","url":"https:\/\/pool-house.shop\/de\/","name":"Pool-House","description":"","publisher":{"@id":"https:\/\/pool-house.shop\/de\/#organization"},"potentialAction":[{"@type":"SearchAction","target":{"@type":"EntryPoint","urlTemplate":"https:\/\/pool-house.shop\/de\/?s={search_term_string}"},"query-input":{"@type":"PropertyValueSpecification","valueRequired":true,"valueName":"search_term_string"}}],"inLanguage":"de"},{"@type":"Organization","@id":"https:\/\/pool-house.shop\/de\/#organization","name":"Pool-House","url":"https:\/\/pool-house.shop\/de\/","logo":{"@type":"ImageObject","inLanguage":"de","@id":"https:\/\/pool-house.shop\/de\/#\/schema\/logo\/image\/","url":"https:\/\/pool-house.shop\/wp-content\/uploads\/2025\/10\/logo-2-stvorec-mobil-modre.png","contentUrl":"https:\/\/pool-house.shop\/wp-content\/uploads\/2025\/10\/logo-2-stvorec-mobil-modre.png","width":273,"height":189,"caption":"Pool-House"},"image":{"@id":"https:\/\/pool-house.shop\/de\/#\/schema\/logo\/image\/"},"sameAs":["https:\/\/www.facebook.com\/termodomsk\/"]}]}},"_links":{"self":[{"href":"https:\/\/pool-house.shop\/de\/wp-json\/wp\/v2\/product\/7965","targetHints":{"allow":["GET"]}}],"collection":[{"href":"https:\/\/pool-house.shop\/de\/wp-json\/wp\/v2\/product"}],"about":[{"href":"https:\/\/pool-house.shop\/de\/wp-json\/wp\/v2\/types\/product"}],"wp:featuredmedia":[{"embeddable":true,"href":"https:\/\/pool-house.shop\/de\/wp-json\/wp\/v2\/media\/7967"}],"wp:attachment":[{"href":"https:\/\/pool-house.shop\/de\/wp-json\/wp\/v2\/media?parent=7965"}],"wp:term":[{"taxonomy":"product_brand","embeddable":true,"href":"https:\/\/pool-house.shop\/de\/wp-json\/wp\/v2\/product_brand?post=7965"},{"taxonomy":"product_cat","embeddable":true,"href":"https:\/\/pool-house.shop\/de\/wp-json\/wp\/v2\/product_cat?post=7965"},{"taxonomy":"product_tag","embeddable":true,"href":"https:\/\/pool-house.shop\/de\/wp-json\/wp\/v2\/product_tag?post=7965"}],"curies":[{"name":"wp","href":"https:\/\/api.w.org\/{rel}","templated":true}]}}