{"id":7989,"date":"2025-03-23T23:52:55","date_gmt":"2025-03-23T22:52:55","guid":{"rendered":"https:\/\/pool-house.shop\/product\/filteranlage-pacific-680-inverpro-ip25\/"},"modified":"2025-03-23T23:52:55","modified_gmt":"2025-03-23T22:52:55","slug":"filteranlage-pacific-680-inverpro-ip25","status":"publish","type":"product","link":"https:\/\/pool-house.shop\/de\/product\/filteranlage-pacific-680-inverpro-ip25\/","title":{"rendered":"Filteranlage Pacific 680 InverPro IP25"},"content":{"rendered":"<p>Filteranlage Pacific \u2013 InverPro<\/p>\n<p> Hochwertige selbstansaugende Aquagem InverPro Pumpe mit einem Filterbeh\u00e4lter vom Typ Pacific Side. Eine komplette und kosteng\u00fcnstige L\u00f6sung mit einfacher Installationsm\u00f6glichkeit f\u00fcr kleine bis mittelgro\u00dfe Pools. Das Set enth\u00e4lt eine zuverl\u00e4ssige und langlebige Inverterpumpe sowie die f\u00fcr die Montage und den optimalen Betrieb erforderlichen Komponenten.<\/p>\n<p> Filteranlagen<br \/>\n Sandfiltersysteme sind so konzipiert und installiert, dass sie eine ideale Kombination aus Energieeffizienz und au\u00dfergew\u00f6hnlicher Wasserreinheit bieten. Eine breite Palette an Filteranlagen, Pumpen und Zubeh\u00f6r erm\u00f6glicht die Auswahl des Systems, das am besten zum jeweiligen Pool passt. Die Filtersysteme sind so konzipiert, dass sie schnell montiert werden k\u00f6nnen und die Komponenten koordiniert funktionieren. Die Leistung der Pumpen und Filteranlagen ist f\u00fcr maximalen Durchfluss und Energieeffizienz aufeinander abgestimmt.<br \/>\n Die Filteranlagen sind aus Polypropylen gefertigt, um eine lange Lebensdauer zu gew\u00e4hrleisten.<\/p>\n<p> InverPro<br \/>\n Die InverPro Pumpe ist eine wirklich moderne L\u00f6sung f\u00fcr die Zirkulation von Poolwasser. Sie verf\u00fcgt \u00fcber einen Inverter, d. h. einen Frequenzumrichter, der den Motor nur so weit antreibt, wie es erforderlich ist, oder gem\u00e4\u00df der Einstellung. Langfristig wird dadurch sehr viel Energie gespart, was sich auch auf der Energierechnung widerspiegelt.<br \/>\n Die Pumpe verf\u00fcgt \u00fcber eine integrierte Wi-Fi-Einheit, \u00fcber die sie vom Mobiltelefon aus gesteuert werden kann und \u00fcber die App kann der Betrieb des gesamten Systems unabh\u00e4ngig vom Betriebssystem des Telefons \u2013 Android oder iOS \u2013 eingestellt und angepasst werden.<br \/>\n Es stehen zwei Betriebsmodi zur Auswahl: manuell und automatisch. Das Ger\u00e4t zeigt den tats\u00e4chlichen Verbrauch und weitere wichtige Daten an. \u00dcber das Telefon stehen auch Timerfunktionen, R\u00fccksp\u00fclung, Ein- und Ausschalten zur Verf\u00fcgung. Im automatischen Invertermodus wird der Durchfluss eingegeben und die Pumpe passt ihre Leistung entsprechend an.   <\/p>\n<p> App<br \/>\n Die Pumpe kann \u00fcber die InverFlow App verwendet werden, die auf Telefone mit iOS- und Android-Systemen heruntergeladen werden kann.<\/p>\n<p> Vorteile der InverPro Pumpe:<br \/>\n &#8211; leiser Betrieb,<br \/>\n &#8211; zwei Betriebsmodi: automatisch und manuell,<br \/>\n &#8211; Messung und Anzeige des Stromverbrauchs,<br \/>\n &#8211; Messung und Anzeige des Durchflusses,<br \/>\n &#8211; R\u00fccksp\u00fclung auf Knopfdruck,<br \/>\n &#8211; externe Steuerung: RS485 Modbus, digitaler Eingang, Relaisausgang,<br \/>\n &#8211; Wi-Fi: Pumpe fernsteuerbar,<br \/>\n &#8211; Sanftanlauf: vollst\u00e4ndiger Schutz des elektrischen Systems,<br \/>\n &#8211; InverSilence-Technologie: leisester und energieeffizientester Betrieb.<\/p>\n<p> Filterbeh\u00e4lter Pacific Side<br \/>\n Einfach zu bedienende Filteranlage f\u00fcr private Pools. Sie wird nach Industriestandards gefertigt. Dieser hochwertige, glasfaserverst\u00e4rkte Beh\u00e4lter verf\u00fcgt \u00fcber eine UV-best\u00e4ndige Oberfl\u00e4che und eine 5-j\u00e4hrige Garantie. Er ist mit einem Manometer und einem 6-Wege-Steuerventil ausgestattet.<\/p>\n<p> Eigenschaften:<br \/>\n &#8211; Lieferung mit Glycerin-Manometer,<br \/>\n &#8211; schwarzer verst\u00e4rkter Deckel, befestigt mit einer Gewindeschraube,<br \/>\n &#8211; Lieferung mit Praher-Ventil,<br \/>\n &#8211; gro\u00dfe Ablass\u00f6ffnung f\u00fcr einfacheres Entleeren von Wasser und Sand,<br \/>\n &#8211; 5 Jahre Garantie,<br \/>\n &#8211; alle Beh\u00e4lter sind druckgepr\u00fcft,<br \/>\n &#8211; der Filterbeh\u00e4lter ist vom Obersten Hygieneamt (OTH) zugelassen.   <\/p>\n","protected":false},"excerpt":{"rendered":"<p>Filteranlage Pacific \u2013 InverPro<\/p>\n<p> Hochwertige selbstansaugende Aquagem InverPro Pumpe mit einem Filterbeh\u00e4lter vom Typ Pacific Side. Eine komplette und kosteng\u00fcnstige L\u00f6sung mit einfacher Installationsm\u00f6glichkeit f\u00fcr kleine bis mittelgro\u00dfe Pools. Das Set enth\u00e4lt eine zuverl\u00e4ssige und langlebige Inverterpumpe sowie die f\u00fcr die Montage und den optimalen Betrieb erforderlichen Komponenten.<\/p>\n<p> Filteranlagen<br \/>\n Sandfiltersysteme sind so konzipiert und installiert, dass sie eine ideale Kombination aus Energieeffizienz und au\u00dfergew\u00f6hnlicher Wasserreinheit bieten. Eine breite Palette an Filteranlagen, Pumpen und Zubeh\u00f6r erm\u00f6glicht die Auswahl des Systems, das am besten zum jeweiligen Pool passt. Die Filtersysteme sind so konzipiert, dass sie schnell montiert werden k\u00f6nnen und die Komponenten koordiniert funktionieren. Die Leistung der Pumpen und Filteranlagen ist f\u00fcr maximalen Durchfluss und Energieeffizienz aufeinander abgestimmt.<br \/>\n Die Filteranlagen sind aus Polypropylen gefertigt, um eine lange Lebensdauer zu gew\u00e4hrleisten.<\/p>\n<p> InverPro<br \/>\n Die InverPro Pumpe ist eine wirklich moderne L\u00f6sung f\u00fcr die Zirkulation von Poolwasser. Sie verf\u00fcgt \u00fcber einen Inverter, d. h. einen Frequenzumrichter, der den Motor nur so weit antreibt, wie es erforderlich ist, oder gem\u00e4\u00df der Einstellung. Langfristig wird dadurch sehr viel Energie gespart, was sich auch auf der Energierechnung widerspiegelt.<br \/>\n Die Pumpe verf\u00fcgt \u00fcber eine integrierte Wi-Fi-Einheit, \u00fcber die sie vom Mobiltelefon aus gesteuert werden kann und \u00fcber die App kann der Betrieb des gesamten Systems unabh\u00e4ngig vom Betriebssystem des Telefons \u2013 Android oder iOS \u2013 eingestellt und angepasst werden.<br \/>\n Es stehen zwei Betriebsmodi zur Auswahl: manuell und automatisch. Das Ger\u00e4t zeigt den tats\u00e4chlichen Verbrauch und weitere wichtige Daten an. \u00dcber das Telefon stehen auch Timerfunktionen, R\u00fccksp\u00fclung, Ein- und Ausschalten zur Verf\u00fcgung. Im automatischen Invertermodus wird der Durchfluss eingegeben und die Pumpe passt ihre Leistung entsprechend an.   <\/p>\n<p> App<br \/>\n Die Pumpe kann \u00fcber die InverFlow App verwendet werden, die auf Telefone mit iOS- und Android-Systemen heruntergeladen werden kann.<\/p>\n<p> Vorteile der InverPro Pumpe:<br \/>\n &#8211; leiser Betrieb,<br \/>\n &#8211; zwei Betriebsmodi: automatisch und manuell,<br \/>\n &#8211; Messung und Anzeige des Stromverbrauchs,<br \/>\n &#8211; Messung und Anzeige des Durchflusses,<br \/>\n &#8211; R\u00fccksp\u00fclung auf Knopfdruck,<br \/>\n &#8211; externe Steuerung: RS485 Modbus, digitaler Eingang, Relaisausgang,<br \/>\n &#8211; Wi-Fi: Pumpe fernsteuerbar,<br \/>\n &#8211; Sanftanlauf: vollst\u00e4ndiger Schutz des elektrischen Systems,<br \/>\n &#8211; InverSilence-Technologie: leisester und energieeffizientester Betrieb.<\/p>\n<p> Filterbeh\u00e4lter Pacific Side<br \/>\n Einfach zu bedienende Filteranlage f\u00fcr private Pools. Sie wird nach Industriestandards gefertigt. Dieser hochwertige, glasfaserverst\u00e4rkte Beh\u00e4lter verf\u00fcgt \u00fcber eine UV-best\u00e4ndige Oberfl\u00e4che und eine 5-j\u00e4hrige Garantie. Er ist mit einem Manometer und einem 6-Wege-Steuerventil ausgestattet.<\/p>\n<p> Eigenschaften:<br \/>\n &#8211; Lieferung mit Glycerin-Manometer,<br \/>\n &#8211; schwarzer verst\u00e4rkter Deckel, befestigt mit einer Gewindeschraube,<br \/>\n &#8211; Lieferung mit Praher-Ventil,<br \/>\n &#8211; gro\u00dfe Ablass\u00f6ffnung f\u00fcr einfacheres Entleeren von Wasser und Sand,<br \/>\n &#8211; 5 Jahre Garantie,<br \/>\n &#8211; alle Beh\u00e4lter sind druckgepr\u00fcft,<br \/>\n &#8211; der Filterbeh\u00e4lter ist vom Obersten Hygieneamt (OTH) zugelassen.   <\/p>\n","protected":false},"featured_media":7991,"template":"","meta":[],"product_brand":[],"product_cat":[353,251],"product_tag":[252],"class_list":{"0":"post-7989","1":"product","2":"type-product","3":"status-publish","4":"has-post-thumbnail","6":"product_cat-filteranlagen","7":"product_cat-filtersets","8":"product_tag-filtersets","9":"thunk-woo-product-list","10":"open-woo-hover-none","11":"open-single-product-tab-horizontal","12":"open-shadow-","13":"open-shadow-hover-","15":"first","16":"instock","17":"taxable","18":"shipping-taxable","19":"purchasable","20":"product-type-simple"},"yoast_head":"<!-- This site is optimized with the Yoast SEO plugin v26.9 - https:\/\/yoast.com\/product\/yoast-seo-wordpress\/ -->\n<title>Filteranlage Pacific 680 InverPro IP25 - Pool-House<\/title>\n<meta name=\"robots\" content=\"index, follow, max-snippet:-1, max-image-preview:large, max-video-preview:-1\" \/>\n<link rel=\"canonical\" href=\"https:\/\/pool-house.shop\/de\/product\/filteranlage-pacific-680-inverpro-ip25\/\" \/>\n<meta property=\"og:locale\" content=\"de_DE\" \/>\n<meta property=\"og:type\" content=\"article\" \/>\n<meta property=\"og:title\" content=\"Filteranlage Pacific 680 InverPro IP25 - Pool-House\" \/>\n<meta property=\"og:description\" content=\"Filteranlage Pacific \u2013 InverPro  Hochwertige selbstansaugende Aquagem InverPro Pumpe mit einem Filterbeh\u00e4lter vom Typ Pacific Side. Eine komplette und kosteng\u00fcnstige L\u00f6sung mit einfacher Installationsm\u00f6glichkeit f\u00fcr kleine bis mittelgro\u00dfe Pools. Das Set enth\u00e4lt eine zuverl\u00e4ssige und langlebige Inverterpumpe sowie die f\u00fcr die Montage und den optimalen Betrieb erforderlichen Komponenten.  Filteranlagen  Sandfiltersysteme sind so konzipiert und installiert, dass sie eine ideale Kombination aus Energieeffizienz und au\u00dfergew\u00f6hnlicher Wasserreinheit bieten. Eine breite Palette an Filteranlagen, Pumpen und Zubeh\u00f6r erm\u00f6glicht die Auswahl des Systems, das am besten zum jeweiligen Pool passt. Die Filtersysteme sind so konzipiert, dass sie schnell montiert werden k\u00f6nnen und die Komponenten koordiniert funktionieren. Die Leistung der Pumpen und Filteranlagen ist f\u00fcr maximalen Durchfluss und Energieeffizienz aufeinander abgestimmt.  Die Filteranlagen sind aus Polypropylen gefertigt, um eine lange Lebensdauer zu gew\u00e4hrleisten.  InverPro Die InverPro Pumpe ist eine wirklich moderne L\u00f6sung f\u00fcr die Zirkulation von Poolwasser. Sie verf\u00fcgt \u00fcber einen Inverter, d. h. einen Frequenzumrichter, der den Motor nur so weit antreibt, wie es erforderlich ist, oder gem\u00e4\u00df der Einstellung. Langfristig wird dadurch sehr viel Energie gespart, was sich auch auf der Energierechnung widerspiegelt.      Die Pumpe verf\u00fcgt \u00fcber eine integrierte Wi-Fi-Einheit, \u00fcber die sie vom Mobiltelefon aus gesteuert werden kann und \u00fcber die App kann der Betrieb des gesamten Systems unabh\u00e4ngig vom Betriebssystem des Telefons \u2013 Android oder iOS \u2013 eingestellt und angepasst werden. Es stehen zwei Betriebsmodi zur Auswahl: manuell und automatisch. Das Ger\u00e4t zeigt den tats\u00e4chlichen Verbrauch und weitere wichtige Daten an. \u00dcber das Telefon stehen auch Timerfunktionen, R\u00fccksp\u00fclung, Ein- und Ausschalten zur Verf\u00fcgung. Im automatischen Invertermodus wird der Durchfluss eingegeben und die Pumpe passt ihre Leistung entsprechend an.    App  Die Pumpe kann \u00fcber die InverFlow App verwendet werden, die auf Telefone mit iOS- und Android-Systemen heruntergeladen werden kann.  Vorteile der InverPro Pumpe:  - leiser Betrieb, - zwei Betriebsmodi: automatisch und manuell, - Messung und Anzeige des Stromverbrauchs, - Messung und Anzeige des Durchflusses,  - R\u00fccksp\u00fclung auf Knopfdruck,  - externe Steuerung: RS485 Modbus, digitaler Eingang, Relaisausgang,  - Wi-Fi: Pumpe fernsteuerbar,  - Sanftanlauf: vollst\u00e4ndiger Schutz des elektrischen Systems,  - InverSilence-Technologie: leisester und energieeffizientester Betrieb.  Filterbeh\u00e4lter Pacific Side Einfach zu bedienende Filteranlage f\u00fcr private Pools. Sie wird nach Industriestandards gefertigt. Dieser hochwertige, glasfaserverst\u00e4rkte Beh\u00e4lter verf\u00fcgt \u00fcber eine UV-best\u00e4ndige Oberfl\u00e4che und eine 5-j\u00e4hrige Garantie. Er ist mit einem Manometer und einem 6-Wege-Steuerventil ausgestattet.  Eigenschaften: - Lieferung mit Glycerin-Manometer, - schwarzer verst\u00e4rkter Deckel, befestigt mit einer Gewindeschraube, - Lieferung mit Praher-Ventil, - gro\u00dfe Ablass\u00f6ffnung f\u00fcr einfacheres Entleeren von Wasser und Sand, - 5 Jahre Garantie, - alle Beh\u00e4lter sind druckgepr\u00fcft, - der Filterbeh\u00e4lter ist vom Obersten Hygieneamt (OTH) zugelassen.\" \/>\n<meta property=\"og:url\" content=\"https:\/\/pool-house.shop\/de\/product\/filteranlage-pacific-680-inverpro-ip25\/\" \/>\n<meta property=\"og:site_name\" content=\"Pool-House\" \/>\n<meta property=\"article:publisher\" content=\"https:\/\/www.facebook.com\/termodomsk\/\" \/>\n<meta property=\"og:image\" content=\"https:\/\/pool-house.shop\/wp-content\/uploads\/2025\/03\/042103.png\" \/>\n\t<meta property=\"og:image:width\" content=\"1200\" \/>\n\t<meta property=\"og:image:height\" content=\"1200\" \/>\n\t<meta property=\"og:image:type\" content=\"image\/png\" \/>\n<meta name=\"twitter:card\" content=\"summary_large_image\" \/>\n<meta name=\"twitter:label1\" content=\"Gesch\u00e4tzte Lesezeit\" \/>\n\t<meta name=\"twitter:data1\" content=\"2\u00a0Minuten\" \/>\n<script type=\"application\/ld+json\" class=\"yoast-schema-graph\">{\"@context\":\"https:\/\/schema.org\",\"@graph\":[{\"@type\":\"WebPage\",\"@id\":\"https:\/\/pool-house.shop\/de\/product\/filteranlage-pacific-680-inverpro-ip25\/\",\"url\":\"https:\/\/pool-house.shop\/de\/product\/filteranlage-pacific-680-inverpro-ip25\/\",\"name\":\"Filteranlage Pacific 680 InverPro IP25 - Pool-House\",\"isPartOf\":{\"@id\":\"https:\/\/pool-house.shop\/de\/#website\"},\"primaryImageOfPage\":{\"@id\":\"https:\/\/pool-house.shop\/de\/product\/filteranlage-pacific-680-inverpro-ip25\/#primaryimage\"},\"image\":{\"@id\":\"https:\/\/pool-house.shop\/de\/product\/filteranlage-pacific-680-inverpro-ip25\/#primaryimage\"},\"thumbnailUrl\":\"https:\/\/pool-house.shop\/wp-content\/uploads\/2025\/03\/042103.png\",\"datePublished\":\"2025-03-23T22:52:55+00:00\",\"breadcrumb\":{\"@id\":\"https:\/\/pool-house.shop\/de\/product\/filteranlage-pacific-680-inverpro-ip25\/#breadcrumb\"},\"inLanguage\":\"de\",\"potentialAction\":[{\"@type\":\"ReadAction\",\"target\":[\"https:\/\/pool-house.shop\/de\/product\/filteranlage-pacific-680-inverpro-ip25\/\"]}]},{\"@type\":\"ImageObject\",\"inLanguage\":\"de\",\"@id\":\"https:\/\/pool-house.shop\/de\/product\/filteranlage-pacific-680-inverpro-ip25\/#primaryimage\",\"url\":\"https:\/\/pool-house.shop\/wp-content\/uploads\/2025\/03\/042103.png\",\"contentUrl\":\"https:\/\/pool-house.shop\/wp-content\/uploads\/2025\/03\/042103.png\",\"width\":1200,\"height\":1200},{\"@type\":\"BreadcrumbList\",\"@id\":\"https:\/\/pool-house.shop\/de\/product\/filteranlage-pacific-680-inverpro-ip25\/#breadcrumb\",\"itemListElement\":[{\"@type\":\"ListItem\",\"position\":1,\"name\":\"Domovsk\u00e1 str\u00e1nka\",\"item\":\"https:\/\/pool-house.shop\/de\/\"},{\"@type\":\"ListItem\",\"position\":2,\"name\":\"Shop\",\"item\":\"https:\/\/pool-house.shop\/de\/shop\/\"},{\"@type\":\"ListItem\",\"position\":3,\"name\":\"Filteranlage Pacific 680 InverPro IP25\"}]},{\"@type\":\"WebSite\",\"@id\":\"https:\/\/pool-house.shop\/de\/#website\",\"url\":\"https:\/\/pool-house.shop\/de\/\",\"name\":\"Pool-House\",\"description\":\"\",\"publisher\":{\"@id\":\"https:\/\/pool-house.shop\/de\/#organization\"},\"potentialAction\":[{\"@type\":\"SearchAction\",\"target\":{\"@type\":\"EntryPoint\",\"urlTemplate\":\"https:\/\/pool-house.shop\/de\/?s={search_term_string}\"},\"query-input\":{\"@type\":\"PropertyValueSpecification\",\"valueRequired\":true,\"valueName\":\"search_term_string\"}}],\"inLanguage\":\"de\"},{\"@type\":\"Organization\",\"@id\":\"https:\/\/pool-house.shop\/de\/#organization\",\"name\":\"Pool-House\",\"url\":\"https:\/\/pool-house.shop\/de\/\",\"logo\":{\"@type\":\"ImageObject\",\"inLanguage\":\"de\",\"@id\":\"https:\/\/pool-house.shop\/de\/#\/schema\/logo\/image\/\",\"url\":\"https:\/\/pool-house.shop\/wp-content\/uploads\/2025\/10\/logo-2-stvorec-mobil-modre.png\",\"contentUrl\":\"https:\/\/pool-house.shop\/wp-content\/uploads\/2025\/10\/logo-2-stvorec-mobil-modre.png\",\"width\":273,\"height\":189,\"caption\":\"Pool-House\"},\"image\":{\"@id\":\"https:\/\/pool-house.shop\/de\/#\/schema\/logo\/image\/\"},\"sameAs\":[\"https:\/\/www.facebook.com\/termodomsk\/\"]}]}<\/script>\n<!-- \/ Yoast SEO plugin. -->","yoast_head_json":{"title":"Filteranlage Pacific 680 InverPro IP25 - Pool-House","robots":{"index":"index","follow":"follow","max-snippet":"max-snippet:-1","max-image-preview":"max-image-preview:large","max-video-preview":"max-video-preview:-1"},"canonical":"https:\/\/pool-house.shop\/de\/product\/filteranlage-pacific-680-inverpro-ip25\/","og_locale":"de_DE","og_type":"article","og_title":"Filteranlage Pacific 680 InverPro IP25 - Pool-House","og_description":"Filteranlage Pacific \u2013 InverPro  Hochwertige selbstansaugende Aquagem InverPro Pumpe mit einem Filterbeh\u00e4lter vom Typ Pacific Side. Eine komplette und kosteng\u00fcnstige L\u00f6sung mit einfacher Installationsm\u00f6glichkeit f\u00fcr kleine bis mittelgro\u00dfe Pools. Das Set enth\u00e4lt eine zuverl\u00e4ssige und langlebige Inverterpumpe sowie die f\u00fcr die Montage und den optimalen Betrieb erforderlichen Komponenten.  Filteranlagen  Sandfiltersysteme sind so konzipiert und installiert, dass sie eine ideale Kombination aus Energieeffizienz und au\u00dfergew\u00f6hnlicher Wasserreinheit bieten. Eine breite Palette an Filteranlagen, Pumpen und Zubeh\u00f6r erm\u00f6glicht die Auswahl des Systems, das am besten zum jeweiligen Pool passt. Die Filtersysteme sind so konzipiert, dass sie schnell montiert werden k\u00f6nnen und die Komponenten koordiniert funktionieren. Die Leistung der Pumpen und Filteranlagen ist f\u00fcr maximalen Durchfluss und Energieeffizienz aufeinander abgestimmt.  Die Filteranlagen sind aus Polypropylen gefertigt, um eine lange Lebensdauer zu gew\u00e4hrleisten.  InverPro Die InverPro Pumpe ist eine wirklich moderne L\u00f6sung f\u00fcr die Zirkulation von Poolwasser. Sie verf\u00fcgt \u00fcber einen Inverter, d. h. einen Frequenzumrichter, der den Motor nur so weit antreibt, wie es erforderlich ist, oder gem\u00e4\u00df der Einstellung. Langfristig wird dadurch sehr viel Energie gespart, was sich auch auf der Energierechnung widerspiegelt.      Die Pumpe verf\u00fcgt \u00fcber eine integrierte Wi-Fi-Einheit, \u00fcber die sie vom Mobiltelefon aus gesteuert werden kann und \u00fcber die App kann der Betrieb des gesamten Systems unabh\u00e4ngig vom Betriebssystem des Telefons \u2013 Android oder iOS \u2013 eingestellt und angepasst werden. Es stehen zwei Betriebsmodi zur Auswahl: manuell und automatisch. Das Ger\u00e4t zeigt den tats\u00e4chlichen Verbrauch und weitere wichtige Daten an. \u00dcber das Telefon stehen auch Timerfunktionen, R\u00fccksp\u00fclung, Ein- und Ausschalten zur Verf\u00fcgung. Im automatischen Invertermodus wird der Durchfluss eingegeben und die Pumpe passt ihre Leistung entsprechend an.    App  Die Pumpe kann \u00fcber die InverFlow App verwendet werden, die auf Telefone mit iOS- und Android-Systemen heruntergeladen werden kann.  Vorteile der InverPro Pumpe:  - leiser Betrieb, - zwei Betriebsmodi: automatisch und manuell, - Messung und Anzeige des Stromverbrauchs, - Messung und Anzeige des Durchflusses,  - R\u00fccksp\u00fclung auf Knopfdruck,  - externe Steuerung: RS485 Modbus, digitaler Eingang, Relaisausgang,  - Wi-Fi: Pumpe fernsteuerbar,  - Sanftanlauf: vollst\u00e4ndiger Schutz des elektrischen Systems,  - InverSilence-Technologie: leisester und energieeffizientester Betrieb.  Filterbeh\u00e4lter Pacific Side Einfach zu bedienende Filteranlage f\u00fcr private Pools. Sie wird nach Industriestandards gefertigt. Dieser hochwertige, glasfaserverst\u00e4rkte Beh\u00e4lter verf\u00fcgt \u00fcber eine UV-best\u00e4ndige Oberfl\u00e4che und eine 5-j\u00e4hrige Garantie. Er ist mit einem Manometer und einem 6-Wege-Steuerventil ausgestattet.  Eigenschaften: - Lieferung mit Glycerin-Manometer, - schwarzer verst\u00e4rkter Deckel, befestigt mit einer Gewindeschraube, - Lieferung mit Praher-Ventil, - gro\u00dfe Ablass\u00f6ffnung f\u00fcr einfacheres Entleeren von Wasser und Sand, - 5 Jahre Garantie, - alle Beh\u00e4lter sind druckgepr\u00fcft, - der Filterbeh\u00e4lter ist vom Obersten Hygieneamt (OTH) zugelassen.","og_url":"https:\/\/pool-house.shop\/de\/product\/filteranlage-pacific-680-inverpro-ip25\/","og_site_name":"Pool-House","article_publisher":"https:\/\/www.facebook.com\/termodomsk\/","og_image":[{"width":1200,"height":1200,"url":"https:\/\/pool-house.shop\/wp-content\/uploads\/2025\/03\/042103.png","type":"image\/png"}],"twitter_card":"summary_large_image","twitter_misc":{"Gesch\u00e4tzte Lesezeit":"2\u00a0Minuten"},"schema":{"@context":"https:\/\/schema.org","@graph":[{"@type":"WebPage","@id":"https:\/\/pool-house.shop\/de\/product\/filteranlage-pacific-680-inverpro-ip25\/","url":"https:\/\/pool-house.shop\/de\/product\/filteranlage-pacific-680-inverpro-ip25\/","name":"Filteranlage Pacific 680 InverPro IP25 - Pool-House","isPartOf":{"@id":"https:\/\/pool-house.shop\/de\/#website"},"primaryImageOfPage":{"@id":"https:\/\/pool-house.shop\/de\/product\/filteranlage-pacific-680-inverpro-ip25\/#primaryimage"},"image":{"@id":"https:\/\/pool-house.shop\/de\/product\/filteranlage-pacific-680-inverpro-ip25\/#primaryimage"},"thumbnailUrl":"https:\/\/pool-house.shop\/wp-content\/uploads\/2025\/03\/042103.png","datePublished":"2025-03-23T22:52:55+00:00","breadcrumb":{"@id":"https:\/\/pool-house.shop\/de\/product\/filteranlage-pacific-680-inverpro-ip25\/#breadcrumb"},"inLanguage":"de","potentialAction":[{"@type":"ReadAction","target":["https:\/\/pool-house.shop\/de\/product\/filteranlage-pacific-680-inverpro-ip25\/"]}]},{"@type":"ImageObject","inLanguage":"de","@id":"https:\/\/pool-house.shop\/de\/product\/filteranlage-pacific-680-inverpro-ip25\/#primaryimage","url":"https:\/\/pool-house.shop\/wp-content\/uploads\/2025\/03\/042103.png","contentUrl":"https:\/\/pool-house.shop\/wp-content\/uploads\/2025\/03\/042103.png","width":1200,"height":1200},{"@type":"BreadcrumbList","@id":"https:\/\/pool-house.shop\/de\/product\/filteranlage-pacific-680-inverpro-ip25\/#breadcrumb","itemListElement":[{"@type":"ListItem","position":1,"name":"Domovsk\u00e1 str\u00e1nka","item":"https:\/\/pool-house.shop\/de\/"},{"@type":"ListItem","position":2,"name":"Shop","item":"https:\/\/pool-house.shop\/de\/shop\/"},{"@type":"ListItem","position":3,"name":"Filteranlage Pacific 680 InverPro IP25"}]},{"@type":"WebSite","@id":"https:\/\/pool-house.shop\/de\/#website","url":"https:\/\/pool-house.shop\/de\/","name":"Pool-House","description":"","publisher":{"@id":"https:\/\/pool-house.shop\/de\/#organization"},"potentialAction":[{"@type":"SearchAction","target":{"@type":"EntryPoint","urlTemplate":"https:\/\/pool-house.shop\/de\/?s={search_term_string}"},"query-input":{"@type":"PropertyValueSpecification","valueRequired":true,"valueName":"search_term_string"}}],"inLanguage":"de"},{"@type":"Organization","@id":"https:\/\/pool-house.shop\/de\/#organization","name":"Pool-House","url":"https:\/\/pool-house.shop\/de\/","logo":{"@type":"ImageObject","inLanguage":"de","@id":"https:\/\/pool-house.shop\/de\/#\/schema\/logo\/image\/","url":"https:\/\/pool-house.shop\/wp-content\/uploads\/2025\/10\/logo-2-stvorec-mobil-modre.png","contentUrl":"https:\/\/pool-house.shop\/wp-content\/uploads\/2025\/10\/logo-2-stvorec-mobil-modre.png","width":273,"height":189,"caption":"Pool-House"},"image":{"@id":"https:\/\/pool-house.shop\/de\/#\/schema\/logo\/image\/"},"sameAs":["https:\/\/www.facebook.com\/termodomsk\/"]}]}},"_links":{"self":[{"href":"https:\/\/pool-house.shop\/de\/wp-json\/wp\/v2\/product\/7989","targetHints":{"allow":["GET"]}}],"collection":[{"href":"https:\/\/pool-house.shop\/de\/wp-json\/wp\/v2\/product"}],"about":[{"href":"https:\/\/pool-house.shop\/de\/wp-json\/wp\/v2\/types\/product"}],"wp:featuredmedia":[{"embeddable":true,"href":"https:\/\/pool-house.shop\/de\/wp-json\/wp\/v2\/media\/7991"}],"wp:attachment":[{"href":"https:\/\/pool-house.shop\/de\/wp-json\/wp\/v2\/media?parent=7989"}],"wp:term":[{"taxonomy":"product_brand","embeddable":true,"href":"https:\/\/pool-house.shop\/de\/wp-json\/wp\/v2\/product_brand?post=7989"},{"taxonomy":"product_cat","embeddable":true,"href":"https:\/\/pool-house.shop\/de\/wp-json\/wp\/v2\/product_cat?post=7989"},{"taxonomy":"product_tag","embeddable":true,"href":"https:\/\/pool-house.shop\/de\/wp-json\/wp\/v2\/product_tag?post=7989"}],"curies":[{"name":"wp","href":"https:\/\/api.w.org\/{rel}","templated":true}]}}