{"id":7992,"date":"2025-03-23T23:54:49","date_gmt":"2025-03-23T22:54:49","guid":{"rendered":"https:\/\/pool-house.shop\/product\/filterset-aquarius-side-620-badu-top-ii\/"},"modified":"2025-03-23T23:54:49","modified_gmt":"2025-03-23T22:54:49","slug":"filterset-aquarius-side-620-badu-top-ii","status":"publish","type":"product","link":"https:\/\/pool-house.shop\/de\/product\/filterset-aquarius-side-620-badu-top-ii\/","title":{"rendered":"Filterset Aquarius SIDE 620 BADU Top II"},"content":{"rendered":"<p>Filteranlage Aquarius \u2013 BADU Top II <\/p>\n<p> Selbstansaugende Pumpe BADU Top II mit Filterbeh\u00e4lter Typ Aquarius Side. Eine komplette und kosteng\u00fcnstige L\u00f6sung mit einfacher Installation f\u00fcr kleine bis mittelgro\u00dfe Pools.<br \/>\n Das Set enth\u00e4lt eine zuverl\u00e4ssige und langlebige Pumpe sowie die f\u00fcr Montage und optimalen Betrieb erforderlichen Komponenten. <\/p>\n<p> Filteranlagen<br \/>\n Sandfiltersysteme sind so konzipiert und installiert, dass sie eine ideale Kombination aus Energieeffizienz und au\u00dfergew\u00f6hnlicher Wasserreinheit bieten. Eine breite Palette an Filteranlagen, Pumpen und Zubeh\u00f6r erm\u00f6glicht die Auswahl des Systems, das am besten zum jeweiligen Pool passt. Die Filtersysteme sind so konzipiert, dass sie schnell montiert werden k\u00f6nnen und die Komponenten koordiniert zusammenarbeiten. Die Leistung der Pumpen und Filteranlagen ist f\u00fcr maximalen Durchfluss und Energieeffizienz aufeinander abgestimmt.<br \/>\n Die Filteranlagen sind aus Polypropylen gefertigt, um eine lange Lebensdauer zu gew\u00e4hrleisten.<\/p>\n<p> Pumpe BADU Top II<br \/>\n Hochleistungs-Selbstansaug-Umw\u00e4lzpumpe f\u00fcr private und \u00f6ffentliche Schwimmb\u00e4der.<br \/>\n Diese Pumpe ist speziell f\u00fcr mittelgro\u00dfe Aufstellbecken, teilweise eingelassene Becken und kleine Schwimmteiche konzipiert. Dank ihrer hohen Leistung kann an diese Pumpe auch ein automatischer Poolreiniger angeschlossen werden. Saug- und Druckanschluss: 2&#8243;\/1 \u00bd&#8220;.<br \/>\n Monoblockpumpe mit integriertem Vorfilter (3 l). Verf\u00fcgt \u00fcber eine transparente Polycarbonatabdeckung.  Sie kann in Salzwassersystemen (Elektrolyse) bei einer Salzkonzentration von max. 5 g\/l installiert werden.<x id=\"gid_0\"><\/x> <x id=\"gid_1\"><\/x> Filterbeh\u00e4lter Aquarius<x id=\"gid_2\"><\/x> Filteranlage Aquarius f\u00fcr exklusive Pools. Dieser Polypropylen-Filterbeh\u00e4lter zeichnet sich durch h\u00f6chste Qualit\u00e4t, Zuverl\u00e4ssigkeit, Leistung und eine einzigartige Konstruktion aus.<br \/>\n  Exklusive und einzigartige Konstruktion, hergestellt mit den neuesten Technologien. Aquarius Filterbeh\u00e4lter werden aus erstklassigem Polypropylen in Lebensmittelqualit\u00e4t spritzgegossen, was maximale Qualit\u00e4t, Zuverl\u00e4ssigkeit und Leistung garantiert. <\/p>\n","protected":false},"excerpt":{"rendered":"<p>Filteranlage Aquarius \u2013 BADU Top II <\/p>\n<p> Selbstansaugende Pumpe BADU Top II mit Filterbeh\u00e4lter Typ Aquarius Side. Eine komplette und kosteng\u00fcnstige L\u00f6sung mit einfacher Installation f\u00fcr kleine bis mittelgro\u00dfe Pools.<br \/>\n Das Set enth\u00e4lt eine zuverl\u00e4ssige und langlebige Pumpe sowie die f\u00fcr Montage und optimalen Betrieb erforderlichen Komponenten. <\/p>\n<p> Filteranlagen<br \/>\n Sandfiltersysteme sind so konzipiert und installiert, dass sie eine ideale Kombination aus Energieeffizienz und au\u00dfergew\u00f6hnlicher Wasserreinheit bieten. Eine breite Palette an Filteranlagen, Pumpen und Zubeh\u00f6r erm\u00f6glicht die Auswahl des Systems, das am besten zum jeweiligen Pool passt. Die Filtersysteme sind so konzipiert, dass sie schnell montiert werden k\u00f6nnen und die Komponenten koordiniert zusammenarbeiten. Die Leistung der Pumpen und Filteranlagen ist f\u00fcr maximalen Durchfluss und Energieeffizienz aufeinander abgestimmt.<br \/>\n Die Filteranlagen sind aus Polypropylen gefertigt, um eine lange Lebensdauer zu gew\u00e4hrleisten.<\/p>\n<p> Pumpe BADU Top II<br \/>\n Hochleistungs-Selbstansaug-Umw\u00e4lzpumpe f\u00fcr private und \u00f6ffentliche Schwimmb\u00e4der.<br \/>\n Diese Pumpe ist speziell f\u00fcr mittelgro\u00dfe Aufstellbecken, teilweise eingelassene Becken und kleine Schwimmteiche konzipiert. Dank ihrer hohen Leistung kann an diese Pumpe auch ein automatischer Poolreiniger angeschlossen werden. Saug- und Druckanschluss: 2&#8243;\/1 \u00bd&#8220;.<br \/>\n Monoblockpumpe mit integriertem Vorfilter (3 l). Verf\u00fcgt \u00fcber eine transparente Polycarbonatabdeckung.  Sie kann in Salzwassersystemen (Elektrolyse) bei einer Salzkonzentration von max. 5 g\/l installiert werden.<x id=\"gid_0\"><\/x> <x id=\"gid_1\"><\/x> Filterbeh\u00e4lter Aquarius<x id=\"gid_2\"><\/x> Filteranlage Aquarius f\u00fcr exklusive Pools. Dieser Polypropylen-Filterbeh\u00e4lter zeichnet sich durch h\u00f6chste Qualit\u00e4t, Zuverl\u00e4ssigkeit, Leistung und eine einzigartige Konstruktion aus.<br \/>\n  Exklusive und einzigartige Konstruktion, hergestellt mit den neuesten Technologien. Aquarius Filterbeh\u00e4lter werden aus erstklassigem Polypropylen in Lebensmittelqualit\u00e4t spritzgegossen, was maximale Qualit\u00e4t, Zuverl\u00e4ssigkeit und Leistung garantiert. <\/p>\n","protected":false},"featured_media":7994,"template":"","meta":[],"product_brand":[],"product_cat":[353,251],"product_tag":[252],"class_list":{"0":"post-7992","1":"product","2":"type-product","3":"status-publish","4":"has-post-thumbnail","6":"product_cat-filteranlagen","7":"product_cat-filtersets","8":"product_tag-filtersets","9":"thunk-woo-product-list","10":"open-woo-hover-none","11":"open-single-product-tab-horizontal","12":"open-shadow-","13":"open-shadow-hover-","15":"first","16":"instock","17":"taxable","18":"shipping-taxable","19":"purchasable","20":"product-type-simple"},"yoast_head":"<!-- This site is optimized with the Yoast SEO plugin v26.9 - https:\/\/yoast.com\/product\/yoast-seo-wordpress\/ -->\n<title>Filterset Aquarius SIDE 620 BADU Top II - Pool-House<\/title>\n<meta name=\"robots\" content=\"index, follow, max-snippet:-1, max-image-preview:large, max-video-preview:-1\" \/>\n<link rel=\"canonical\" href=\"https:\/\/pool-house.shop\/de\/product\/filterset-aquarius-side-620-badu-top-ii\/\" \/>\n<meta property=\"og:locale\" content=\"de_DE\" \/>\n<meta property=\"og:type\" content=\"article\" \/>\n<meta property=\"og:title\" content=\"Filterset Aquarius SIDE 620 BADU Top II - Pool-House\" \/>\n<meta property=\"og:description\" content=\"Filteranlage Aquarius \u2013 BADU Top II   Selbstansaugende Pumpe BADU Top II mit Filterbeh\u00e4lter Typ Aquarius Side. Eine komplette und kosteng\u00fcnstige L\u00f6sung mit einfacher Installation f\u00fcr kleine bis mittelgro\u00dfe Pools.  Das Set enth\u00e4lt eine zuverl\u00e4ssige und langlebige Pumpe sowie die f\u00fcr Montage und optimalen Betrieb erforderlichen Komponenten.   Filteranlagen  Sandfiltersysteme sind so konzipiert und installiert, dass sie eine ideale Kombination aus Energieeffizienz und au\u00dfergew\u00f6hnlicher Wasserreinheit bieten. Eine breite Palette an Filteranlagen, Pumpen und Zubeh\u00f6r erm\u00f6glicht die Auswahl des Systems, das am besten zum jeweiligen Pool passt. Die Filtersysteme sind so konzipiert, dass sie schnell montiert werden k\u00f6nnen und die Komponenten koordiniert zusammenarbeiten. Die Leistung der Pumpen und Filteranlagen ist f\u00fcr maximalen Durchfluss und Energieeffizienz aufeinander abgestimmt.  Die Filteranlagen sind aus Polypropylen gefertigt, um eine lange Lebensdauer zu gew\u00e4hrleisten.  Pumpe BADU Top II Hochleistungs-Selbstansaug-Umw\u00e4lzpumpe f\u00fcr private und \u00f6ffentliche Schwimmb\u00e4der. Diese Pumpe ist speziell f\u00fcr mittelgro\u00dfe Aufstellbecken, teilweise eingelassene Becken und kleine Schwimmteiche konzipiert. Dank ihrer hohen Leistung kann an diese Pumpe auch ein automatischer Poolreiniger angeschlossen werden. Saug- und Druckanschluss: 2&quot;\/1 \u00bd&quot;.    Monoblockpumpe mit integriertem Vorfilter (3 l). Verf\u00fcgt \u00fcber eine transparente Polycarbonatabdeckung. Sie kann in Salzwassersystemen (Elektrolyse) bei einer Salzkonzentration von max. 5 g\/l installiert werden. Filterbeh\u00e4lter Aquarius Filteranlage Aquarius f\u00fcr exklusive Pools. Dieser Polypropylen-Filterbeh\u00e4lter zeichnet sich durch h\u00f6chste Qualit\u00e4t, Zuverl\u00e4ssigkeit, Leistung und eine einzigartige Konstruktion aus.   Exklusive und einzigartige Konstruktion, hergestellt mit den neuesten Technologien. Aquarius Filterbeh\u00e4lter werden aus erstklassigem Polypropylen in Lebensmittelqualit\u00e4t spritzgegossen, was maximale Qualit\u00e4t, Zuverl\u00e4ssigkeit und Leistung garantiert.\" \/>\n<meta property=\"og:url\" content=\"https:\/\/pool-house.shop\/de\/product\/filterset-aquarius-side-620-badu-top-ii\/\" \/>\n<meta property=\"og:site_name\" content=\"Pool-House\" \/>\n<meta property=\"article:publisher\" content=\"https:\/\/www.facebook.com\/termodomsk\/\" \/>\n<meta property=\"og:image\" content=\"https:\/\/pool-house.shop\/wp-content\/uploads\/2025\/03\/048514.png\" \/>\n\t<meta property=\"og:image:width\" content=\"1448\" \/>\n\t<meta property=\"og:image:height\" content=\"856\" \/>\n\t<meta property=\"og:image:type\" content=\"image\/png\" \/>\n<meta name=\"twitter:card\" content=\"summary_large_image\" \/>\n<meta name=\"twitter:label1\" content=\"Gesch\u00e4tzte Lesezeit\" \/>\n\t<meta name=\"twitter:data1\" content=\"1\u00a0Minute\" \/>\n<script type=\"application\/ld+json\" class=\"yoast-schema-graph\">{\"@context\":\"https:\/\/schema.org\",\"@graph\":[{\"@type\":\"WebPage\",\"@id\":\"https:\/\/pool-house.shop\/de\/product\/filterset-aquarius-side-620-badu-top-ii\/\",\"url\":\"https:\/\/pool-house.shop\/de\/product\/filterset-aquarius-side-620-badu-top-ii\/\",\"name\":\"Filterset Aquarius SIDE 620 BADU Top II - Pool-House\",\"isPartOf\":{\"@id\":\"https:\/\/pool-house.shop\/de\/#website\"},\"primaryImageOfPage\":{\"@id\":\"https:\/\/pool-house.shop\/de\/product\/filterset-aquarius-side-620-badu-top-ii\/#primaryimage\"},\"image\":{\"@id\":\"https:\/\/pool-house.shop\/de\/product\/filterset-aquarius-side-620-badu-top-ii\/#primaryimage\"},\"thumbnailUrl\":\"https:\/\/pool-house.shop\/wp-content\/uploads\/2025\/03\/048514.png\",\"datePublished\":\"2025-03-23T22:54:49+00:00\",\"breadcrumb\":{\"@id\":\"https:\/\/pool-house.shop\/de\/product\/filterset-aquarius-side-620-badu-top-ii\/#breadcrumb\"},\"inLanguage\":\"de\",\"potentialAction\":[{\"@type\":\"ReadAction\",\"target\":[\"https:\/\/pool-house.shop\/de\/product\/filterset-aquarius-side-620-badu-top-ii\/\"]}]},{\"@type\":\"ImageObject\",\"inLanguage\":\"de\",\"@id\":\"https:\/\/pool-house.shop\/de\/product\/filterset-aquarius-side-620-badu-top-ii\/#primaryimage\",\"url\":\"https:\/\/pool-house.shop\/wp-content\/uploads\/2025\/03\/048514.png\",\"contentUrl\":\"https:\/\/pool-house.shop\/wp-content\/uploads\/2025\/03\/048514.png\",\"width\":1448,\"height\":856},{\"@type\":\"BreadcrumbList\",\"@id\":\"https:\/\/pool-house.shop\/de\/product\/filterset-aquarius-side-620-badu-top-ii\/#breadcrumb\",\"itemListElement\":[{\"@type\":\"ListItem\",\"position\":1,\"name\":\"Domovsk\u00e1 str\u00e1nka\",\"item\":\"https:\/\/pool-house.shop\/de\/\"},{\"@type\":\"ListItem\",\"position\":2,\"name\":\"Shop\",\"item\":\"https:\/\/pool-house.shop\/de\/shop\/\"},{\"@type\":\"ListItem\",\"position\":3,\"name\":\"Filterset Aquarius SIDE 620 BADU Top II\"}]},{\"@type\":\"WebSite\",\"@id\":\"https:\/\/pool-house.shop\/de\/#website\",\"url\":\"https:\/\/pool-house.shop\/de\/\",\"name\":\"Pool-House\",\"description\":\"\",\"publisher\":{\"@id\":\"https:\/\/pool-house.shop\/de\/#organization\"},\"potentialAction\":[{\"@type\":\"SearchAction\",\"target\":{\"@type\":\"EntryPoint\",\"urlTemplate\":\"https:\/\/pool-house.shop\/de\/?s={search_term_string}\"},\"query-input\":{\"@type\":\"PropertyValueSpecification\",\"valueRequired\":true,\"valueName\":\"search_term_string\"}}],\"inLanguage\":\"de\"},{\"@type\":\"Organization\",\"@id\":\"https:\/\/pool-house.shop\/de\/#organization\",\"name\":\"Pool-House\",\"url\":\"https:\/\/pool-house.shop\/de\/\",\"logo\":{\"@type\":\"ImageObject\",\"inLanguage\":\"de\",\"@id\":\"https:\/\/pool-house.shop\/de\/#\/schema\/logo\/image\/\",\"url\":\"https:\/\/pool-house.shop\/wp-content\/uploads\/2025\/10\/logo-2-stvorec-mobil-modre.png\",\"contentUrl\":\"https:\/\/pool-house.shop\/wp-content\/uploads\/2025\/10\/logo-2-stvorec-mobil-modre.png\",\"width\":273,\"height\":189,\"caption\":\"Pool-House\"},\"image\":{\"@id\":\"https:\/\/pool-house.shop\/de\/#\/schema\/logo\/image\/\"},\"sameAs\":[\"https:\/\/www.facebook.com\/termodomsk\/\"]}]}<\/script>\n<!-- \/ Yoast SEO plugin. -->","yoast_head_json":{"title":"Filterset Aquarius SIDE 620 BADU Top II - Pool-House","robots":{"index":"index","follow":"follow","max-snippet":"max-snippet:-1","max-image-preview":"max-image-preview:large","max-video-preview":"max-video-preview:-1"},"canonical":"https:\/\/pool-house.shop\/de\/product\/filterset-aquarius-side-620-badu-top-ii\/","og_locale":"de_DE","og_type":"article","og_title":"Filterset Aquarius SIDE 620 BADU Top II - Pool-House","og_description":"Filteranlage Aquarius \u2013 BADU Top II   Selbstansaugende Pumpe BADU Top II mit Filterbeh\u00e4lter Typ Aquarius Side. Eine komplette und kosteng\u00fcnstige L\u00f6sung mit einfacher Installation f\u00fcr kleine bis mittelgro\u00dfe Pools.  Das Set enth\u00e4lt eine zuverl\u00e4ssige und langlebige Pumpe sowie die f\u00fcr Montage und optimalen Betrieb erforderlichen Komponenten.   Filteranlagen  Sandfiltersysteme sind so konzipiert und installiert, dass sie eine ideale Kombination aus Energieeffizienz und au\u00dfergew\u00f6hnlicher Wasserreinheit bieten. Eine breite Palette an Filteranlagen, Pumpen und Zubeh\u00f6r erm\u00f6glicht die Auswahl des Systems, das am besten zum jeweiligen Pool passt. Die Filtersysteme sind so konzipiert, dass sie schnell montiert werden k\u00f6nnen und die Komponenten koordiniert zusammenarbeiten. Die Leistung der Pumpen und Filteranlagen ist f\u00fcr maximalen Durchfluss und Energieeffizienz aufeinander abgestimmt.  Die Filteranlagen sind aus Polypropylen gefertigt, um eine lange Lebensdauer zu gew\u00e4hrleisten.  Pumpe BADU Top II Hochleistungs-Selbstansaug-Umw\u00e4lzpumpe f\u00fcr private und \u00f6ffentliche Schwimmb\u00e4der. Diese Pumpe ist speziell f\u00fcr mittelgro\u00dfe Aufstellbecken, teilweise eingelassene Becken und kleine Schwimmteiche konzipiert. Dank ihrer hohen Leistung kann an diese Pumpe auch ein automatischer Poolreiniger angeschlossen werden. Saug- und Druckanschluss: 2\"\/1 \u00bd\".    Monoblockpumpe mit integriertem Vorfilter (3 l). Verf\u00fcgt \u00fcber eine transparente Polycarbonatabdeckung. Sie kann in Salzwassersystemen (Elektrolyse) bei einer Salzkonzentration von max. 5 g\/l installiert werden. Filterbeh\u00e4lter Aquarius Filteranlage Aquarius f\u00fcr exklusive Pools. Dieser Polypropylen-Filterbeh\u00e4lter zeichnet sich durch h\u00f6chste Qualit\u00e4t, Zuverl\u00e4ssigkeit, Leistung und eine einzigartige Konstruktion aus.   Exklusive und einzigartige Konstruktion, hergestellt mit den neuesten Technologien. Aquarius Filterbeh\u00e4lter werden aus erstklassigem Polypropylen in Lebensmittelqualit\u00e4t spritzgegossen, was maximale Qualit\u00e4t, Zuverl\u00e4ssigkeit und Leistung garantiert.","og_url":"https:\/\/pool-house.shop\/de\/product\/filterset-aquarius-side-620-badu-top-ii\/","og_site_name":"Pool-House","article_publisher":"https:\/\/www.facebook.com\/termodomsk\/","og_image":[{"width":1448,"height":856,"url":"https:\/\/pool-house.shop\/wp-content\/uploads\/2025\/03\/048514.png","type":"image\/png"}],"twitter_card":"summary_large_image","twitter_misc":{"Gesch\u00e4tzte Lesezeit":"1\u00a0Minute"},"schema":{"@context":"https:\/\/schema.org","@graph":[{"@type":"WebPage","@id":"https:\/\/pool-house.shop\/de\/product\/filterset-aquarius-side-620-badu-top-ii\/","url":"https:\/\/pool-house.shop\/de\/product\/filterset-aquarius-side-620-badu-top-ii\/","name":"Filterset Aquarius SIDE 620 BADU Top II - Pool-House","isPartOf":{"@id":"https:\/\/pool-house.shop\/de\/#website"},"primaryImageOfPage":{"@id":"https:\/\/pool-house.shop\/de\/product\/filterset-aquarius-side-620-badu-top-ii\/#primaryimage"},"image":{"@id":"https:\/\/pool-house.shop\/de\/product\/filterset-aquarius-side-620-badu-top-ii\/#primaryimage"},"thumbnailUrl":"https:\/\/pool-house.shop\/wp-content\/uploads\/2025\/03\/048514.png","datePublished":"2025-03-23T22:54:49+00:00","breadcrumb":{"@id":"https:\/\/pool-house.shop\/de\/product\/filterset-aquarius-side-620-badu-top-ii\/#breadcrumb"},"inLanguage":"de","potentialAction":[{"@type":"ReadAction","target":["https:\/\/pool-house.shop\/de\/product\/filterset-aquarius-side-620-badu-top-ii\/"]}]},{"@type":"ImageObject","inLanguage":"de","@id":"https:\/\/pool-house.shop\/de\/product\/filterset-aquarius-side-620-badu-top-ii\/#primaryimage","url":"https:\/\/pool-house.shop\/wp-content\/uploads\/2025\/03\/048514.png","contentUrl":"https:\/\/pool-house.shop\/wp-content\/uploads\/2025\/03\/048514.png","width":1448,"height":856},{"@type":"BreadcrumbList","@id":"https:\/\/pool-house.shop\/de\/product\/filterset-aquarius-side-620-badu-top-ii\/#breadcrumb","itemListElement":[{"@type":"ListItem","position":1,"name":"Domovsk\u00e1 str\u00e1nka","item":"https:\/\/pool-house.shop\/de\/"},{"@type":"ListItem","position":2,"name":"Shop","item":"https:\/\/pool-house.shop\/de\/shop\/"},{"@type":"ListItem","position":3,"name":"Filterset Aquarius SIDE 620 BADU Top II"}]},{"@type":"WebSite","@id":"https:\/\/pool-house.shop\/de\/#website","url":"https:\/\/pool-house.shop\/de\/","name":"Pool-House","description":"","publisher":{"@id":"https:\/\/pool-house.shop\/de\/#organization"},"potentialAction":[{"@type":"SearchAction","target":{"@type":"EntryPoint","urlTemplate":"https:\/\/pool-house.shop\/de\/?s={search_term_string}"},"query-input":{"@type":"PropertyValueSpecification","valueRequired":true,"valueName":"search_term_string"}}],"inLanguage":"de"},{"@type":"Organization","@id":"https:\/\/pool-house.shop\/de\/#organization","name":"Pool-House","url":"https:\/\/pool-house.shop\/de\/","logo":{"@type":"ImageObject","inLanguage":"de","@id":"https:\/\/pool-house.shop\/de\/#\/schema\/logo\/image\/","url":"https:\/\/pool-house.shop\/wp-content\/uploads\/2025\/10\/logo-2-stvorec-mobil-modre.png","contentUrl":"https:\/\/pool-house.shop\/wp-content\/uploads\/2025\/10\/logo-2-stvorec-mobil-modre.png","width":273,"height":189,"caption":"Pool-House"},"image":{"@id":"https:\/\/pool-house.shop\/de\/#\/schema\/logo\/image\/"},"sameAs":["https:\/\/www.facebook.com\/termodomsk\/"]}]}},"_links":{"self":[{"href":"https:\/\/pool-house.shop\/de\/wp-json\/wp\/v2\/product\/7992","targetHints":{"allow":["GET"]}}],"collection":[{"href":"https:\/\/pool-house.shop\/de\/wp-json\/wp\/v2\/product"}],"about":[{"href":"https:\/\/pool-house.shop\/de\/wp-json\/wp\/v2\/types\/product"}],"wp:featuredmedia":[{"embeddable":true,"href":"https:\/\/pool-house.shop\/de\/wp-json\/wp\/v2\/media\/7994"}],"wp:attachment":[{"href":"https:\/\/pool-house.shop\/de\/wp-json\/wp\/v2\/media?parent=7992"}],"wp:term":[{"taxonomy":"product_brand","embeddable":true,"href":"https:\/\/pool-house.shop\/de\/wp-json\/wp\/v2\/product_brand?post=7992"},{"taxonomy":"product_cat","embeddable":true,"href":"https:\/\/pool-house.shop\/de\/wp-json\/wp\/v2\/product_cat?post=7992"},{"taxonomy":"product_tag","embeddable":true,"href":"https:\/\/pool-house.shop\/de\/wp-json\/wp\/v2\/product_tag?post=7992"}],"curies":[{"name":"wp","href":"https:\/\/api.w.org\/{rel}","templated":true}]}}