{"id":8018,"date":"2025-03-23T23:55:19","date_gmt":"2025-03-23T22:55:19","guid":{"rendered":"https:\/\/pool-house.shop\/product\/filterset-aquarius-side-790-euroswim150\/"},"modified":"2025-03-23T23:55:19","modified_gmt":"2025-03-23T22:55:19","slug":"filterset-aquarius-side-790-euroswim150","status":"publish","type":"product","link":"https:\/\/pool-house.shop\/de\/product\/filterset-aquarius-side-790-euroswim150\/","title":{"rendered":"Filterset Aquarius SIDE 790 Euroswim150"},"content":{"rendered":"<p>Filterset Aquarius \u2013 Euroswim <\/p>\n<p> Selbstansaugende Euroswim-Pumpe mit Filterbeh\u00e4lter vom Typ Aquarius Side. Eine komplette und kosteng\u00fcnstige L\u00f6sung mit einfacher Installationsm\u00f6glichkeit f\u00fcr kleine bis mittelgro\u00dfe Pools. <x id=\"gid_2\"><\/x> Das Set enth\u00e4lt eine zuverl\u00e4ssige und langlebige Pumpe sowie die f\u00fcr Montage und optimalen Betrieb erforderlichen Komponenten. <x id=\"gid_3\"><\/x> <x id=\"gid_4\"><\/x> Filtersets <x id=\"gid_5\"><\/x> Sandfiltersysteme sind so konzipiert und installiert, dass sie eine ideale Kombination aus Energieeffizienz und au\u00dfergew\u00f6hnlicher Wasserreinheit bieten. Eine breite Palette an Filteranlagen, Pumpen und Zubeh\u00f6r erm\u00f6glicht die Auswahl des Systems, das am besten zu Ihrem Pool passt.   Filtersysteme sind so konzipiert, dass sie schnell montiert werden k\u00f6nnen und die Komponenten koordiniert funktionieren. Die Leistung von Pumpen und Filteranlagen ist f\u00fcr maximalen Durchfluss und Energieeffizienz aufeinander abgestimmt.<br \/>\n Die Filteranlagen sind aus Polypropylen gefertigt, um eine lange Lebensdauer zu gew\u00e4hrleisten.<\/p>\n<p> DAB Euroswim<br \/>\n Diese \u00e4u\u00dferst zuverl\u00e4ssige Pumpe verf\u00fcgt \u00fcber einen hocheffizienten und leisen Motor (53 \u2013 64 dBA). Es ist sowohl eine einphasige als auch eine dreiphasige Version mit einer Leistung von 0,5 PS bis 3 PS erh\u00e4ltlich. Die Vorfilterkonstruktion erh\u00f6ht die Filterkapazit\u00e4t erheblich und reduziert den Wartungsaufwand durch Verstopfungen.<br \/>\n Der Motor ist vollst\u00e4ndig wasserdicht. Die Pumpe hat einen extrem leisen Betrieb, ist sehr zuverl\u00e4ssig und ist f\u00fcr die Wasserzirkulation sowie die Filtration von privaten Pools bestimmt. In begrenztem Umfang ist sie auch f\u00fcr den Einsatz in Landwirtschaft und Industrie sowie f\u00fcr die kontinuierliche Zirkulation von Meerwasser geeignet.  <\/p>\n<p> Die Pumpe eignet sich zum F\u00f6rdern von sauberem oder leicht verschmutztem Wasser, aber auch von Wasser mit hohem Chlor-\/Bromgehalt und PHMB (Polyhexamethylen-Guanidin) oder durch Chlorelektrolyse aufbereitetem Wasser. Die Pumpe kann befestigt und transportiert werden.<\/p>\n<p> Konstruktionsmerkmale der Pumpe<br \/>\n Pumpengeh\u00e4use und Filterkorb sind aus glasfaserverst\u00e4rktem Technopolymer gefertigt. Der Vorfilterdeckel ist aus transparentem, chemikalienbest\u00e4ndigem Polycarbonat und der Diffusor aus verst\u00e4rktem Technopolymer gefertigt. Der Gleitring ist aus Kohlenstoff\/Aluminium\/NBR-Gummi\/Edelstahl AISI316 gefertigt. Die O-Ringe am Pumpengeh\u00e4use sind aus NBR-Gummi, die Gewindebefestigungselemente und Verst\u00e4rkungsringe sind aus Edelstahl AISI 316. Die Klappen zum Bef\u00fcllen und Entleeren des Wassers k\u00f6nnen werkzeuglos entnommen und ausgetauscht werden. Die Pumpe ist vom Amt des Obersten Hygienikers (OTH) zugelassen.<\/p>\n<p> Konstruktionsmerkmale des Motors<br \/>\n Asynchroner zweipoliger Motor mit Dauerlast (S1) und einem breiten Leistungsbereich von 0,5 PS bis 3 PS, in einphasiger und dreiphasiger Ausf\u00fchrung.       Das Motorgeh\u00e4use besteht aus Aluminiumguss mit einer elektrophoretischen Oberfl\u00e4chenbehandlung, die Oxidation auch unter aggressiven Bedingungen verhindert.<br \/>\n Die einphasige Version verf\u00fcgt \u00fcber einen eingebauten W\u00e4rme- und \u00dcberstromschutz sowie einen PSC-Kondensator (Permanent Split Capacitor), der in allen Versionen im Anschlusskasten untergebracht ist.<\/p>\n<p> Die Schutzart des Motors und des Anschlusskastens ist: IP55.<br \/>\n Isolationsklasse: F.<br \/>\n Kugellager: sind wasserdicht, abgedichtet, wasser- und feuchtigkeitsbest\u00e4ndig.<br \/>\n Die Motorkonstruktion entspricht der Norm EN 60335-2-41.<\/p>\n<p> Filterbeh\u00e4lter Aquarius<br \/>\n Aquarius Filteranlage f\u00fcr exklusive Pools. Dieser Polypropylen-Filterbeh\u00e4lter zeichnet sich durch h\u00f6chste Qualit\u00e4t, Zuverl\u00e4ssigkeit, Leistung und eine einzigartige Konstruktion aus.<br \/>\n  Exklusive und einzigartige Konstruktion, hergestellt mit den neuesten Technologien. Aquarius Filterbeh\u00e4lter werden aus erstklassigem Polypropylen in Lebensmittelqualit\u00e4t spritzgegossen, was maximale Qualit\u00e4t, Zuverl\u00e4ssigkeit und Leistung garantiert. <\/p>\n","protected":false},"excerpt":{"rendered":"<p>Filterset Aquarius \u2013 Euroswim <\/p>\n<p> Selbstansaugende Euroswim-Pumpe mit Filterbeh\u00e4lter vom Typ Aquarius Side. Eine komplette und kosteng\u00fcnstige L\u00f6sung mit einfacher Installationsm\u00f6glichkeit f\u00fcr kleine bis mittelgro\u00dfe Pools.<br \/>\n Das Set enth\u00e4lt eine zuverl\u00e4ssige und langlebige Pumpe sowie die f\u00fcr Montage und optimalen Betrieb erforderlichen Komponenten. <\/p>\n<p> Filtersets<br \/>\n Sandfiltersysteme sind so konzipiert und installiert, dass sie eine ideale Kombination aus Energieeffizienz und au\u00dfergew\u00f6hnlicher Wasserreinheit bieten. Eine breite Palette an Filteranlagen, Pumpen und Zubeh\u00f6r erm\u00f6glicht die Auswahl des Systems, das am besten zu Ihrem Pool passt.   Filtersysteme sind so konzipiert, dass sie schnell montiert werden k\u00f6nnen und die Komponenten koordiniert funktionieren. Die Leistung von Pumpen und Filteranlagen ist f\u00fcr maximalen Durchfluss und Energieeffizienz aufeinander abgestimmt.<br \/>\n Die Filteranlagen sind aus Polypropylen gefertigt, um eine lange Lebensdauer zu gew\u00e4hrleisten.<\/p>\n<p> DAB Euroswim<br \/>\n Diese \u00e4u\u00dferst zuverl\u00e4ssige Pumpe verf\u00fcgt \u00fcber einen hocheffizienten und leisen Motor (53 \u2013 64 dBA). Es ist sowohl eine einphasige als auch eine dreiphasige Version mit einer Leistung von 0,5 PS bis 3 PS erh\u00e4ltlich. Die Vorfilterkonstruktion erh\u00f6ht die Filterkapazit\u00e4t erheblich und reduziert den Wartungsaufwand durch Verstopfungen.<br \/>\n Der Motor ist vollst\u00e4ndig wasserdicht. Die Pumpe hat einen extrem leisen Betrieb, ist sehr zuverl\u00e4ssig und ist f\u00fcr die Wasserzirkulation sowie die Filtration von privaten Pools bestimmt. In begrenztem Umfang ist sie auch f\u00fcr den Einsatz in Landwirtschaft und Industrie sowie f\u00fcr die kontinuierliche Zirkulation von Meerwasser geeignet.  <\/p>\n<p> Die Pumpe eignet sich zum F\u00f6rdern von sauberem oder leicht verschmutztem Wasser, aber auch von Wasser mit hohem Chlor-\/Bromgehalt und PHMB (Polyhexamethylen-Guanidin) oder durch Chlorelektrolyse aufbereitetem Wasser. Die Pumpe kann befestigt und transportiert werden.<\/p>\n<p> Konstruktionsmerkmale der Pumpe<br \/>\n Pumpengeh\u00e4use und Filterkorb sind aus glasfaserverst\u00e4rktem Technopolymer gefertigt. Der Vorfilterdeckel ist aus transparentem, chemikalienbest\u00e4ndigem Polycarbonat und der Diffusor aus verst\u00e4rktem Technopolymer gefertigt. Der Gleitring ist aus Kohlenstoff\/Aluminium\/NBR-Gummi\/Edelstahl AISI316 gefertigt. Die O-Ringe am Pumpengeh\u00e4use sind aus NBR-Gummi, die Gewindebefestigungselemente und Verst\u00e4rkungsringe sind aus Edelstahl AISI 316. Die Klappen zum Bef\u00fcllen und Entleeren des Wassers k\u00f6nnen werkzeuglos entnommen und ausgetauscht werden. Die Pumpe ist vom Amt des Obersten Hygienikers (OTH) zugelassen.<\/p>\n<p> Konstruktionsmerkmale des Motors<br \/>\n Asynchroner zweipoliger Motor mit Dauerlast (S1) und einem breiten Leistungsbereich von 0,5 PS bis 3 PS, in einphasiger und dreiphasiger Ausf\u00fchrung.       Das Motorgeh\u00e4use besteht aus Aluminiumguss mit einer elektrophoretischen Oberfl\u00e4chenbehandlung, die Oxidation auch unter aggressiven Bedingungen verhindert.<br \/>\n Die einphasige Version verf\u00fcgt \u00fcber einen eingebauten W\u00e4rme- und \u00dcberstromschutz sowie einen PSC-Kondensator (Permanent Split Capacitor), der in allen Versionen im Anschlusskasten untergebracht ist.<\/p>\n<p> Die Schutzart des Motors und des Anschlusskastens ist: IP55.<br \/>\n Isolationsklasse: F.<br \/>\n Kugellager: sind wasserdicht, abgedichtet, wasser- und feuchtigkeitsbest\u00e4ndig.<br \/>\n Die Motorkonstruktion entspricht der Norm EN 60335-2-41.<\/p>\n<p> Filterbeh\u00e4lter Aquarius<br \/>\n Aquarius Filteranlage f\u00fcr exklusive Pools. Dieser Polypropylen-Filterbeh\u00e4lter zeichnet sich durch h\u00f6chste Qualit\u00e4t, Zuverl\u00e4ssigkeit, Leistung und eine einzigartige Konstruktion aus.<br \/>\n  Exklusive und einzigartige Konstruktion, hergestellt mit den neuesten Technologien. Aquarius Filterbeh\u00e4lter werden aus erstklassigem Polypropylen in Lebensmittelqualit\u00e4t spritzgegossen, was maximale Qualit\u00e4t, Zuverl\u00e4ssigkeit und Leistung garantiert. <\/p>\n","protected":false},"featured_media":8019,"template":"","meta":[],"product_brand":[],"product_cat":[353,251],"product_tag":[252],"class_list":{"0":"post-8018","1":"product","2":"type-product","3":"status-publish","4":"has-post-thumbnail","6":"product_cat-filteranlagen","7":"product_cat-filtersets","8":"product_tag-filtersets","9":"thunk-woo-product-list","10":"open-woo-hover-none","11":"open-single-product-tab-horizontal","12":"open-shadow-","13":"open-shadow-hover-","15":"first","16":"instock","17":"taxable","18":"shipping-taxable","19":"purchasable","20":"product-type-simple"},"yoast_head":"<!-- This site is optimized with the Yoast SEO plugin v26.9 - https:\/\/yoast.com\/product\/yoast-seo-wordpress\/ -->\n<title>Filterset Aquarius SIDE 790 Euroswim150 - Pool-House<\/title>\n<meta name=\"robots\" content=\"index, follow, max-snippet:-1, max-image-preview:large, max-video-preview:-1\" \/>\n<link rel=\"canonical\" href=\"https:\/\/pool-house.shop\/de\/product\/filterset-aquarius-side-790-euroswim150\/\" \/>\n<meta property=\"og:locale\" content=\"de_DE\" \/>\n<meta property=\"og:type\" content=\"article\" \/>\n<meta property=\"og:title\" content=\"Filterset Aquarius SIDE 790 Euroswim150 - Pool-House\" \/>\n<meta property=\"og:description\" content=\"Filterset Aquarius \u2013 Euroswim   Selbstansaugende Euroswim-Pumpe mit Filterbeh\u00e4lter vom Typ Aquarius Side. Eine komplette und kosteng\u00fcnstige L\u00f6sung mit einfacher Installationsm\u00f6glichkeit f\u00fcr kleine bis mittelgro\u00dfe Pools.  Das Set enth\u00e4lt eine zuverl\u00e4ssige und langlebige Pumpe sowie die f\u00fcr Montage und optimalen Betrieb erforderlichen Komponenten.   Filtersets  Sandfiltersysteme sind so konzipiert und installiert, dass sie eine ideale Kombination aus Energieeffizienz und au\u00dfergew\u00f6hnlicher Wasserreinheit bieten. Eine breite Palette an Filteranlagen, Pumpen und Zubeh\u00f6r erm\u00f6glicht die Auswahl des Systems, das am besten zu Ihrem Pool passt.  Filtersysteme sind so konzipiert, dass sie schnell montiert werden k\u00f6nnen und die Komponenten koordiniert funktionieren. Die Leistung von Pumpen und Filteranlagen ist f\u00fcr maximalen Durchfluss und Energieeffizienz aufeinander abgestimmt.  Die Filteranlagen sind aus Polypropylen gefertigt, um eine lange Lebensdauer zu gew\u00e4hrleisten.  DAB Euroswim Diese \u00e4u\u00dferst zuverl\u00e4ssige Pumpe verf\u00fcgt \u00fcber einen hocheffizienten und leisen Motor (53 \u2013 64 dBA). Es ist sowohl eine einphasige als auch eine dreiphasige Version mit einer Leistung von 0,5 PS bis 3 PS erh\u00e4ltlich. Die Vorfilterkonstruktion erh\u00f6ht die Filterkapazit\u00e4t erheblich und reduziert den Wartungsaufwand durch Verstopfungen.   Der Motor ist vollst\u00e4ndig wasserdicht. Die Pumpe hat einen extrem leisen Betrieb, ist sehr zuverl\u00e4ssig und ist f\u00fcr die Wasserzirkulation sowie die Filtration von privaten Pools bestimmt. In begrenztem Umfang ist sie auch f\u00fcr den Einsatz in Landwirtschaft und Industrie sowie f\u00fcr die kontinuierliche Zirkulation von Meerwasser geeignet.   Die Pumpe eignet sich zum F\u00f6rdern von sauberem oder leicht verschmutztem Wasser, aber auch von Wasser mit hohem Chlor-\/Bromgehalt und PHMB (Polyhexamethylen-Guanidin) oder durch Chlorelektrolyse aufbereitetem Wasser. Die Pumpe kann befestigt und transportiert werden.  Konstruktionsmerkmale der Pumpe Pumpengeh\u00e4use und Filterkorb sind aus glasfaserverst\u00e4rktem Technopolymer gefertigt. Der Vorfilterdeckel ist aus transparentem, chemikalienbest\u00e4ndigem Polycarbonat und der Diffusor aus verst\u00e4rktem Technopolymer gefertigt. Der Gleitring ist aus Kohlenstoff\/Aluminium\/NBR-Gummi\/Edelstahl AISI316 gefertigt. Die O-Ringe am Pumpengeh\u00e4use sind aus NBR-Gummi, die Gewindebefestigungselemente und Verst\u00e4rkungsringe sind aus Edelstahl AISI 316. Die Klappen zum Bef\u00fcllen und Entleeren des Wassers k\u00f6nnen werkzeuglos entnommen und ausgetauscht werden. Die Pumpe ist vom Amt des Obersten Hygienikers (OTH) zugelassen.  Konstruktionsmerkmale des Motors Asynchroner zweipoliger Motor mit Dauerlast (S1) und einem breiten Leistungsbereich von 0,5 PS bis 3 PS, in einphasiger und dreiphasiger Ausf\u00fchrung.    Das Motorgeh\u00e4use besteht aus Aluminiumguss mit einer elektrophoretischen Oberfl\u00e4chenbehandlung, die Oxidation auch unter aggressiven Bedingungen verhindert. Die einphasige Version verf\u00fcgt \u00fcber einen eingebauten W\u00e4rme- und \u00dcberstromschutz sowie einen PSC-Kondensator (Permanent Split Capacitor), der in allen Versionen im Anschlusskasten untergebracht ist.  Die Schutzart des Motors und des Anschlusskastens ist: IP55. Isolationsklasse: F. Kugellager: sind wasserdicht, abgedichtet, wasser- und feuchtigkeitsbest\u00e4ndig. Die Motorkonstruktion entspricht der Norm EN 60335-2-41.  Filterbeh\u00e4lter Aquarius Aquarius Filteranlage f\u00fcr exklusive Pools. Dieser Polypropylen-Filterbeh\u00e4lter zeichnet sich durch h\u00f6chste Qualit\u00e4t, Zuverl\u00e4ssigkeit, Leistung und eine einzigartige Konstruktion aus.  Exklusive und einzigartige Konstruktion, hergestellt mit den neuesten Technologien. Aquarius Filterbeh\u00e4lter werden aus erstklassigem Polypropylen in Lebensmittelqualit\u00e4t spritzgegossen, was maximale Qualit\u00e4t, Zuverl\u00e4ssigkeit und Leistung garantiert.\" \/>\n<meta property=\"og:url\" content=\"https:\/\/pool-house.shop\/de\/product\/filterset-aquarius-side-790-euroswim150\/\" \/>\n<meta property=\"og:site_name\" content=\"Pool-House\" \/>\n<meta property=\"article:publisher\" content=\"https:\/\/www.facebook.com\/termodomsk\/\" \/>\n<meta property=\"og:image\" content=\"https:\/\/pool-house.shop\/wp-content\/uploads\/2025\/03\/048645.png\" \/>\n\t<meta property=\"og:image:width\" content=\"1200\" \/>\n\t<meta property=\"og:image:height\" content=\"1200\" \/>\n\t<meta property=\"og:image:type\" content=\"image\/png\" \/>\n<meta name=\"twitter:card\" content=\"summary_large_image\" \/>\n<meta name=\"twitter:label1\" content=\"Gesch\u00e4tzte Lesezeit\" \/>\n\t<meta name=\"twitter:data1\" content=\"3\u00a0Minuten\" \/>\n<script type=\"application\/ld+json\" class=\"yoast-schema-graph\">{\"@context\":\"https:\/\/schema.org\",\"@graph\":[{\"@type\":\"WebPage\",\"@id\":\"https:\/\/pool-house.shop\/de\/product\/filterset-aquarius-side-790-euroswim150\/\",\"url\":\"https:\/\/pool-house.shop\/de\/product\/filterset-aquarius-side-790-euroswim150\/\",\"name\":\"Filterset Aquarius SIDE 790 Euroswim150 - Pool-House\",\"isPartOf\":{\"@id\":\"https:\/\/pool-house.shop\/de\/#website\"},\"primaryImageOfPage\":{\"@id\":\"https:\/\/pool-house.shop\/de\/product\/filterset-aquarius-side-790-euroswim150\/#primaryimage\"},\"image\":{\"@id\":\"https:\/\/pool-house.shop\/de\/product\/filterset-aquarius-side-790-euroswim150\/#primaryimage\"},\"thumbnailUrl\":\"https:\/\/pool-house.shop\/wp-content\/uploads\/2025\/03\/048645.png\",\"datePublished\":\"2025-03-23T22:55:19+00:00\",\"breadcrumb\":{\"@id\":\"https:\/\/pool-house.shop\/de\/product\/filterset-aquarius-side-790-euroswim150\/#breadcrumb\"},\"inLanguage\":\"de\",\"potentialAction\":[{\"@type\":\"ReadAction\",\"target\":[\"https:\/\/pool-house.shop\/de\/product\/filterset-aquarius-side-790-euroswim150\/\"]}]},{\"@type\":\"ImageObject\",\"inLanguage\":\"de\",\"@id\":\"https:\/\/pool-house.shop\/de\/product\/filterset-aquarius-side-790-euroswim150\/#primaryimage\",\"url\":\"https:\/\/pool-house.shop\/wp-content\/uploads\/2025\/03\/048645.png\",\"contentUrl\":\"https:\/\/pool-house.shop\/wp-content\/uploads\/2025\/03\/048645.png\",\"width\":1200,\"height\":1200},{\"@type\":\"BreadcrumbList\",\"@id\":\"https:\/\/pool-house.shop\/de\/product\/filterset-aquarius-side-790-euroswim150\/#breadcrumb\",\"itemListElement\":[{\"@type\":\"ListItem\",\"position\":1,\"name\":\"Domovsk\u00e1 str\u00e1nka\",\"item\":\"https:\/\/pool-house.shop\/de\/\"},{\"@type\":\"ListItem\",\"position\":2,\"name\":\"Shop\",\"item\":\"https:\/\/pool-house.shop\/de\/shop\/\"},{\"@type\":\"ListItem\",\"position\":3,\"name\":\"Filterset Aquarius SIDE 790 Euroswim150\"}]},{\"@type\":\"WebSite\",\"@id\":\"https:\/\/pool-house.shop\/de\/#website\",\"url\":\"https:\/\/pool-house.shop\/de\/\",\"name\":\"Pool-House\",\"description\":\"\",\"publisher\":{\"@id\":\"https:\/\/pool-house.shop\/de\/#organization\"},\"potentialAction\":[{\"@type\":\"SearchAction\",\"target\":{\"@type\":\"EntryPoint\",\"urlTemplate\":\"https:\/\/pool-house.shop\/de\/?s={search_term_string}\"},\"query-input\":{\"@type\":\"PropertyValueSpecification\",\"valueRequired\":true,\"valueName\":\"search_term_string\"}}],\"inLanguage\":\"de\"},{\"@type\":\"Organization\",\"@id\":\"https:\/\/pool-house.shop\/de\/#organization\",\"name\":\"Pool-House\",\"url\":\"https:\/\/pool-house.shop\/de\/\",\"logo\":{\"@type\":\"ImageObject\",\"inLanguage\":\"de\",\"@id\":\"https:\/\/pool-house.shop\/de\/#\/schema\/logo\/image\/\",\"url\":\"https:\/\/pool-house.shop\/wp-content\/uploads\/2025\/10\/logo-2-stvorec-mobil-modre.png\",\"contentUrl\":\"https:\/\/pool-house.shop\/wp-content\/uploads\/2025\/10\/logo-2-stvorec-mobil-modre.png\",\"width\":273,\"height\":189,\"caption\":\"Pool-House\"},\"image\":{\"@id\":\"https:\/\/pool-house.shop\/de\/#\/schema\/logo\/image\/\"},\"sameAs\":[\"https:\/\/www.facebook.com\/termodomsk\/\"]}]}<\/script>\n<!-- \/ Yoast SEO plugin. -->","yoast_head_json":{"title":"Filterset Aquarius SIDE 790 Euroswim150 - Pool-House","robots":{"index":"index","follow":"follow","max-snippet":"max-snippet:-1","max-image-preview":"max-image-preview:large","max-video-preview":"max-video-preview:-1"},"canonical":"https:\/\/pool-house.shop\/de\/product\/filterset-aquarius-side-790-euroswim150\/","og_locale":"de_DE","og_type":"article","og_title":"Filterset Aquarius SIDE 790 Euroswim150 - Pool-House","og_description":"Filterset Aquarius \u2013 Euroswim   Selbstansaugende Euroswim-Pumpe mit Filterbeh\u00e4lter vom Typ Aquarius Side. Eine komplette und kosteng\u00fcnstige L\u00f6sung mit einfacher Installationsm\u00f6glichkeit f\u00fcr kleine bis mittelgro\u00dfe Pools.  Das Set enth\u00e4lt eine zuverl\u00e4ssige und langlebige Pumpe sowie die f\u00fcr Montage und optimalen Betrieb erforderlichen Komponenten.   Filtersets  Sandfiltersysteme sind so konzipiert und installiert, dass sie eine ideale Kombination aus Energieeffizienz und au\u00dfergew\u00f6hnlicher Wasserreinheit bieten. Eine breite Palette an Filteranlagen, Pumpen und Zubeh\u00f6r erm\u00f6glicht die Auswahl des Systems, das am besten zu Ihrem Pool passt.  Filtersysteme sind so konzipiert, dass sie schnell montiert werden k\u00f6nnen und die Komponenten koordiniert funktionieren. Die Leistung von Pumpen und Filteranlagen ist f\u00fcr maximalen Durchfluss und Energieeffizienz aufeinander abgestimmt.  Die Filteranlagen sind aus Polypropylen gefertigt, um eine lange Lebensdauer zu gew\u00e4hrleisten.  DAB Euroswim Diese \u00e4u\u00dferst zuverl\u00e4ssige Pumpe verf\u00fcgt \u00fcber einen hocheffizienten und leisen Motor (53 \u2013 64 dBA). Es ist sowohl eine einphasige als auch eine dreiphasige Version mit einer Leistung von 0,5 PS bis 3 PS erh\u00e4ltlich. Die Vorfilterkonstruktion erh\u00f6ht die Filterkapazit\u00e4t erheblich und reduziert den Wartungsaufwand durch Verstopfungen.   Der Motor ist vollst\u00e4ndig wasserdicht. Die Pumpe hat einen extrem leisen Betrieb, ist sehr zuverl\u00e4ssig und ist f\u00fcr die Wasserzirkulation sowie die Filtration von privaten Pools bestimmt. In begrenztem Umfang ist sie auch f\u00fcr den Einsatz in Landwirtschaft und Industrie sowie f\u00fcr die kontinuierliche Zirkulation von Meerwasser geeignet.   Die Pumpe eignet sich zum F\u00f6rdern von sauberem oder leicht verschmutztem Wasser, aber auch von Wasser mit hohem Chlor-\/Bromgehalt und PHMB (Polyhexamethylen-Guanidin) oder durch Chlorelektrolyse aufbereitetem Wasser. Die Pumpe kann befestigt und transportiert werden.  Konstruktionsmerkmale der Pumpe Pumpengeh\u00e4use und Filterkorb sind aus glasfaserverst\u00e4rktem Technopolymer gefertigt. Der Vorfilterdeckel ist aus transparentem, chemikalienbest\u00e4ndigem Polycarbonat und der Diffusor aus verst\u00e4rktem Technopolymer gefertigt. Der Gleitring ist aus Kohlenstoff\/Aluminium\/NBR-Gummi\/Edelstahl AISI316 gefertigt. Die O-Ringe am Pumpengeh\u00e4use sind aus NBR-Gummi, die Gewindebefestigungselemente und Verst\u00e4rkungsringe sind aus Edelstahl AISI 316. Die Klappen zum Bef\u00fcllen und Entleeren des Wassers k\u00f6nnen werkzeuglos entnommen und ausgetauscht werden. Die Pumpe ist vom Amt des Obersten Hygienikers (OTH) zugelassen.  Konstruktionsmerkmale des Motors Asynchroner zweipoliger Motor mit Dauerlast (S1) und einem breiten Leistungsbereich von 0,5 PS bis 3 PS, in einphasiger und dreiphasiger Ausf\u00fchrung.    Das Motorgeh\u00e4use besteht aus Aluminiumguss mit einer elektrophoretischen Oberfl\u00e4chenbehandlung, die Oxidation auch unter aggressiven Bedingungen verhindert. Die einphasige Version verf\u00fcgt \u00fcber einen eingebauten W\u00e4rme- und \u00dcberstromschutz sowie einen PSC-Kondensator (Permanent Split Capacitor), der in allen Versionen im Anschlusskasten untergebracht ist.  Die Schutzart des Motors und des Anschlusskastens ist: IP55. Isolationsklasse: F. Kugellager: sind wasserdicht, abgedichtet, wasser- und feuchtigkeitsbest\u00e4ndig. Die Motorkonstruktion entspricht der Norm EN 60335-2-41.  Filterbeh\u00e4lter Aquarius Aquarius Filteranlage f\u00fcr exklusive Pools. Dieser Polypropylen-Filterbeh\u00e4lter zeichnet sich durch h\u00f6chste Qualit\u00e4t, Zuverl\u00e4ssigkeit, Leistung und eine einzigartige Konstruktion aus.  Exklusive und einzigartige Konstruktion, hergestellt mit den neuesten Technologien. Aquarius Filterbeh\u00e4lter werden aus erstklassigem Polypropylen in Lebensmittelqualit\u00e4t spritzgegossen, was maximale Qualit\u00e4t, Zuverl\u00e4ssigkeit und Leistung garantiert.","og_url":"https:\/\/pool-house.shop\/de\/product\/filterset-aquarius-side-790-euroswim150\/","og_site_name":"Pool-House","article_publisher":"https:\/\/www.facebook.com\/termodomsk\/","og_image":[{"width":1200,"height":1200,"url":"https:\/\/pool-house.shop\/wp-content\/uploads\/2025\/03\/048645.png","type":"image\/png"}],"twitter_card":"summary_large_image","twitter_misc":{"Gesch\u00e4tzte Lesezeit":"3\u00a0Minuten"},"schema":{"@context":"https:\/\/schema.org","@graph":[{"@type":"WebPage","@id":"https:\/\/pool-house.shop\/de\/product\/filterset-aquarius-side-790-euroswim150\/","url":"https:\/\/pool-house.shop\/de\/product\/filterset-aquarius-side-790-euroswim150\/","name":"Filterset Aquarius SIDE 790 Euroswim150 - Pool-House","isPartOf":{"@id":"https:\/\/pool-house.shop\/de\/#website"},"primaryImageOfPage":{"@id":"https:\/\/pool-house.shop\/de\/product\/filterset-aquarius-side-790-euroswim150\/#primaryimage"},"image":{"@id":"https:\/\/pool-house.shop\/de\/product\/filterset-aquarius-side-790-euroswim150\/#primaryimage"},"thumbnailUrl":"https:\/\/pool-house.shop\/wp-content\/uploads\/2025\/03\/048645.png","datePublished":"2025-03-23T22:55:19+00:00","breadcrumb":{"@id":"https:\/\/pool-house.shop\/de\/product\/filterset-aquarius-side-790-euroswim150\/#breadcrumb"},"inLanguage":"de","potentialAction":[{"@type":"ReadAction","target":["https:\/\/pool-house.shop\/de\/product\/filterset-aquarius-side-790-euroswim150\/"]}]},{"@type":"ImageObject","inLanguage":"de","@id":"https:\/\/pool-house.shop\/de\/product\/filterset-aquarius-side-790-euroswim150\/#primaryimage","url":"https:\/\/pool-house.shop\/wp-content\/uploads\/2025\/03\/048645.png","contentUrl":"https:\/\/pool-house.shop\/wp-content\/uploads\/2025\/03\/048645.png","width":1200,"height":1200},{"@type":"BreadcrumbList","@id":"https:\/\/pool-house.shop\/de\/product\/filterset-aquarius-side-790-euroswim150\/#breadcrumb","itemListElement":[{"@type":"ListItem","position":1,"name":"Domovsk\u00e1 str\u00e1nka","item":"https:\/\/pool-house.shop\/de\/"},{"@type":"ListItem","position":2,"name":"Shop","item":"https:\/\/pool-house.shop\/de\/shop\/"},{"@type":"ListItem","position":3,"name":"Filterset Aquarius SIDE 790 Euroswim150"}]},{"@type":"WebSite","@id":"https:\/\/pool-house.shop\/de\/#website","url":"https:\/\/pool-house.shop\/de\/","name":"Pool-House","description":"","publisher":{"@id":"https:\/\/pool-house.shop\/de\/#organization"},"potentialAction":[{"@type":"SearchAction","target":{"@type":"EntryPoint","urlTemplate":"https:\/\/pool-house.shop\/de\/?s={search_term_string}"},"query-input":{"@type":"PropertyValueSpecification","valueRequired":true,"valueName":"search_term_string"}}],"inLanguage":"de"},{"@type":"Organization","@id":"https:\/\/pool-house.shop\/de\/#organization","name":"Pool-House","url":"https:\/\/pool-house.shop\/de\/","logo":{"@type":"ImageObject","inLanguage":"de","@id":"https:\/\/pool-house.shop\/de\/#\/schema\/logo\/image\/","url":"https:\/\/pool-house.shop\/wp-content\/uploads\/2025\/10\/logo-2-stvorec-mobil-modre.png","contentUrl":"https:\/\/pool-house.shop\/wp-content\/uploads\/2025\/10\/logo-2-stvorec-mobil-modre.png","width":273,"height":189,"caption":"Pool-House"},"image":{"@id":"https:\/\/pool-house.shop\/de\/#\/schema\/logo\/image\/"},"sameAs":["https:\/\/www.facebook.com\/termodomsk\/"]}]}},"_links":{"self":[{"href":"https:\/\/pool-house.shop\/de\/wp-json\/wp\/v2\/product\/8018","targetHints":{"allow":["GET"]}}],"collection":[{"href":"https:\/\/pool-house.shop\/de\/wp-json\/wp\/v2\/product"}],"about":[{"href":"https:\/\/pool-house.shop\/de\/wp-json\/wp\/v2\/types\/product"}],"wp:featuredmedia":[{"embeddable":true,"href":"https:\/\/pool-house.shop\/de\/wp-json\/wp\/v2\/media\/8019"}],"wp:attachment":[{"href":"https:\/\/pool-house.shop\/de\/wp-json\/wp\/v2\/media?parent=8018"}],"wp:term":[{"taxonomy":"product_brand","embeddable":true,"href":"https:\/\/pool-house.shop\/de\/wp-json\/wp\/v2\/product_brand?post=8018"},{"taxonomy":"product_cat","embeddable":true,"href":"https:\/\/pool-house.shop\/de\/wp-json\/wp\/v2\/product_cat?post=8018"},{"taxonomy":"product_tag","embeddable":true,"href":"https:\/\/pool-house.shop\/de\/wp-json\/wp\/v2\/product_tag?post=8018"}],"curies":[{"name":"wp","href":"https:\/\/api.w.org\/{rel}","templated":true}]}}