{"id":8020,"date":"2025-03-23T23:55:34","date_gmt":"2025-03-23T22:55:34","guid":{"rendered":"https:\/\/pool-house.shop\/product\/basic-6-m%c2%b3-std-h6-m-035-ps-230-v\/"},"modified":"2025-03-23T23:55:34","modified_gmt":"2025-03-23T22:55:34","slug":"basic-6-m%c2%b3-std-h6-m-035-ps-230-v","status":"publish","type":"product","link":"https:\/\/pool-house.shop\/de\/product\/basic-6-m%c2%b3-std-h6-m-035-ps-230-v\/","title":{"rendered":"Basic 6 m\u00b3\/Std. H=6 m 0,35 PS\/230 V"},"content":{"rendered":"<p>Pumpe Basic<\/p>\n<p> Diese Pumpe f\u00fcr private Schwimmb\u00e4der ist aus Thermoplast gefertigt und zeichnet sich durch mehrere Installationsm\u00f6glichkeiten aus. Alle ihre Elemente sind aus korrosionsbest\u00e4ndigem Thermoplast gefertigt, um Langlebigkeit und eine lange Lebensdauer zu gew\u00e4hrleisten.<br \/>\n Saug- und Druckanschluss je nach Typ 1 1\/2&#8243; \u2013 D50 \u2013 D63.<\/p>\n<p> Technische Daten:<br \/>\n &#8211; Betriebsbereich: 6 m\u00b3\/Std., H = 6 m,<br \/>\n &#8211; Leistung: 0,35 PS,<br \/>\n &#8211; Versorgungsspannung: 230 V. <\/p>\n","protected":false},"excerpt":{"rendered":"<p>Pumpe Basic<\/p>\n<p> Diese Pumpe f\u00fcr private Schwimmb\u00e4der ist aus Thermoplast gefertigt und zeichnet sich durch mehrere Installationsm\u00f6glichkeiten aus. Alle ihre Elemente sind aus korrosionsbest\u00e4ndigem Thermoplast gefertigt, um Langlebigkeit und eine lange Lebensdauer zu gew\u00e4hrleisten.<br \/>\n Saug- und Druckanschluss je nach Typ 1 1\/2&#8243; \u2013 D50 \u2013 D63.<\/p>\n<p> Technische Daten:<br \/>\n &#8211; Betriebsbereich: 6 m\u00b3\/Std., H = 6 m,<br \/>\n &#8211; Leistung: 0,35 PS,<br \/>\n &#8211; Versorgungsspannung: 230 V. <\/p>\n","protected":false},"featured_media":8023,"template":"","meta":[],"product_brand":[],"product_cat":[390,353,265],"product_tag":[267],"class_list":{"0":"post-8020","1":"product","2":"type-product","3":"status-publish","4":"has-post-thumbnail","6":"product_cat-basic","7":"product_cat-filteranlagen","8":"product_cat-filterpumpen","9":"product_tag-filterpumpen","10":"thunk-woo-product-list","11":"open-woo-hover-none","12":"open-single-product-tab-horizontal","13":"open-shadow-","14":"open-shadow-hover-","16":"first","17":"instock","18":"taxable","19":"shipping-taxable","20":"purchasable","21":"product-type-simple"},"yoast_head":"<!-- This site is optimized with the Yoast SEO plugin v26.9 - https:\/\/yoast.com\/product\/yoast-seo-wordpress\/ -->\n<title>Basic 6 m\u00b3\/Std. H=6 m 0,35 PS\/230 V - Pool-House<\/title>\n<meta name=\"robots\" content=\"index, follow, max-snippet:-1, max-image-preview:large, max-video-preview:-1\" \/>\n<link rel=\"canonical\" href=\"https:\/\/pool-house.shop\/de\/product\/basic-6-m%c2%b3-std-h6-m-035-ps-230-v\/\" \/>\n<meta property=\"og:locale\" content=\"de_DE\" \/>\n<meta property=\"og:type\" content=\"article\" \/>\n<meta property=\"og:title\" content=\"Basic 6 m\u00b3\/Std. H=6 m 0,35 PS\/230 V - Pool-House\" \/>\n<meta property=\"og:description\" content=\"Pumpe Basic  Diese Pumpe f\u00fcr private Schwimmb\u00e4der ist aus Thermoplast gefertigt und zeichnet sich durch mehrere Installationsm\u00f6glichkeiten aus. Alle ihre Elemente sind aus korrosionsbest\u00e4ndigem Thermoplast gefertigt, um Langlebigkeit und eine lange Lebensdauer zu gew\u00e4hrleisten. Saug- und Druckanschluss je nach Typ 1 1\/2&quot; \u2013 D50 \u2013 D63.  Technische Daten: - Betriebsbereich: 6 m\u00b3\/Std., H = 6 m, - Leistung: 0,35 PS, - Versorgungsspannung: 230 V.\" \/>\n<meta property=\"og:url\" content=\"https:\/\/pool-house.shop\/de\/product\/basic-6-m%c2%b3-std-h6-m-035-ps-230-v\/\" \/>\n<meta property=\"og:site_name\" content=\"Pool-House\" \/>\n<meta property=\"article:publisher\" content=\"https:\/\/www.facebook.com\/termodomsk\/\" \/>\n<meta property=\"og:image\" content=\"https:\/\/pool-house.shop\/wp-content\/uploads\/2025\/03\/050006.png\" \/>\n\t<meta property=\"og:image:width\" content=\"800\" \/>\n\t<meta property=\"og:image:height\" content=\"800\" \/>\n\t<meta property=\"og:image:type\" content=\"image\/png\" \/>\n<meta name=\"twitter:card\" content=\"summary_large_image\" \/>\n<script type=\"application\/ld+json\" class=\"yoast-schema-graph\">{\"@context\":\"https:\/\/schema.org\",\"@graph\":[{\"@type\":\"WebPage\",\"@id\":\"https:\/\/pool-house.shop\/de\/product\/basic-6-m%c2%b3-std-h6-m-035-ps-230-v\/\",\"url\":\"https:\/\/pool-house.shop\/de\/product\/basic-6-m%c2%b3-std-h6-m-035-ps-230-v\/\",\"name\":\"Basic 6 m\u00b3\/Std. H=6 m 0,35 PS\/230 V - Pool-House\",\"isPartOf\":{\"@id\":\"https:\/\/pool-house.shop\/de\/#website\"},\"primaryImageOfPage\":{\"@id\":\"https:\/\/pool-house.shop\/de\/product\/basic-6-m%c2%b3-std-h6-m-035-ps-230-v\/#primaryimage\"},\"image\":{\"@id\":\"https:\/\/pool-house.shop\/de\/product\/basic-6-m%c2%b3-std-h6-m-035-ps-230-v\/#primaryimage\"},\"thumbnailUrl\":\"https:\/\/pool-house.shop\/wp-content\/uploads\/2025\/03\/050006.png\",\"datePublished\":\"2025-03-23T22:55:34+00:00\",\"breadcrumb\":{\"@id\":\"https:\/\/pool-house.shop\/de\/product\/basic-6-m%c2%b3-std-h6-m-035-ps-230-v\/#breadcrumb\"},\"inLanguage\":\"de\",\"potentialAction\":[{\"@type\":\"ReadAction\",\"target\":[\"https:\/\/pool-house.shop\/de\/product\/basic-6-m%c2%b3-std-h6-m-035-ps-230-v\/\"]}]},{\"@type\":\"ImageObject\",\"inLanguage\":\"de\",\"@id\":\"https:\/\/pool-house.shop\/de\/product\/basic-6-m%c2%b3-std-h6-m-035-ps-230-v\/#primaryimage\",\"url\":\"https:\/\/pool-house.shop\/wp-content\/uploads\/2025\/03\/050006.png\",\"contentUrl\":\"https:\/\/pool-house.shop\/wp-content\/uploads\/2025\/03\/050006.png\",\"width\":800,\"height\":800},{\"@type\":\"BreadcrumbList\",\"@id\":\"https:\/\/pool-house.shop\/de\/product\/basic-6-m%c2%b3-std-h6-m-035-ps-230-v\/#breadcrumb\",\"itemListElement\":[{\"@type\":\"ListItem\",\"position\":1,\"name\":\"Domovsk\u00e1 str\u00e1nka\",\"item\":\"https:\/\/pool-house.shop\/de\/\"},{\"@type\":\"ListItem\",\"position\":2,\"name\":\"Shop\",\"item\":\"https:\/\/pool-house.shop\/de\/shop\/\"},{\"@type\":\"ListItem\",\"position\":3,\"name\":\"Basic 6 m\u00b3\/Std. H=6 m 0,35 PS\/230 V\"}]},{\"@type\":\"WebSite\",\"@id\":\"https:\/\/pool-house.shop\/de\/#website\",\"url\":\"https:\/\/pool-house.shop\/de\/\",\"name\":\"Pool-House\",\"description\":\"\",\"publisher\":{\"@id\":\"https:\/\/pool-house.shop\/de\/#organization\"},\"potentialAction\":[{\"@type\":\"SearchAction\",\"target\":{\"@type\":\"EntryPoint\",\"urlTemplate\":\"https:\/\/pool-house.shop\/de\/?s={search_term_string}\"},\"query-input\":{\"@type\":\"PropertyValueSpecification\",\"valueRequired\":true,\"valueName\":\"search_term_string\"}}],\"inLanguage\":\"de\"},{\"@type\":\"Organization\",\"@id\":\"https:\/\/pool-house.shop\/de\/#organization\",\"name\":\"Pool-House\",\"url\":\"https:\/\/pool-house.shop\/de\/\",\"logo\":{\"@type\":\"ImageObject\",\"inLanguage\":\"de\",\"@id\":\"https:\/\/pool-house.shop\/de\/#\/schema\/logo\/image\/\",\"url\":\"https:\/\/pool-house.shop\/wp-content\/uploads\/2025\/10\/logo-2-stvorec-mobil-modre.png\",\"contentUrl\":\"https:\/\/pool-house.shop\/wp-content\/uploads\/2025\/10\/logo-2-stvorec-mobil-modre.png\",\"width\":273,\"height\":189,\"caption\":\"Pool-House\"},\"image\":{\"@id\":\"https:\/\/pool-house.shop\/de\/#\/schema\/logo\/image\/\"},\"sameAs\":[\"https:\/\/www.facebook.com\/termodomsk\/\"]}]}<\/script>\n<!-- \/ Yoast SEO plugin. -->","yoast_head_json":{"title":"Basic 6 m\u00b3\/Std. H=6 m 0,35 PS\/230 V - Pool-House","robots":{"index":"index","follow":"follow","max-snippet":"max-snippet:-1","max-image-preview":"max-image-preview:large","max-video-preview":"max-video-preview:-1"},"canonical":"https:\/\/pool-house.shop\/de\/product\/basic-6-m%c2%b3-std-h6-m-035-ps-230-v\/","og_locale":"de_DE","og_type":"article","og_title":"Basic 6 m\u00b3\/Std. H=6 m 0,35 PS\/230 V - Pool-House","og_description":"Pumpe Basic  Diese Pumpe f\u00fcr private Schwimmb\u00e4der ist aus Thermoplast gefertigt und zeichnet sich durch mehrere Installationsm\u00f6glichkeiten aus. Alle ihre Elemente sind aus korrosionsbest\u00e4ndigem Thermoplast gefertigt, um Langlebigkeit und eine lange Lebensdauer zu gew\u00e4hrleisten. Saug- und Druckanschluss je nach Typ 1 1\/2\" \u2013 D50 \u2013 D63.  Technische Daten: - Betriebsbereich: 6 m\u00b3\/Std., H = 6 m, - Leistung: 0,35 PS, - Versorgungsspannung: 230 V.","og_url":"https:\/\/pool-house.shop\/de\/product\/basic-6-m%c2%b3-std-h6-m-035-ps-230-v\/","og_site_name":"Pool-House","article_publisher":"https:\/\/www.facebook.com\/termodomsk\/","og_image":[{"width":800,"height":800,"url":"https:\/\/pool-house.shop\/wp-content\/uploads\/2025\/03\/050006.png","type":"image\/png"}],"twitter_card":"summary_large_image","schema":{"@context":"https:\/\/schema.org","@graph":[{"@type":"WebPage","@id":"https:\/\/pool-house.shop\/de\/product\/basic-6-m%c2%b3-std-h6-m-035-ps-230-v\/","url":"https:\/\/pool-house.shop\/de\/product\/basic-6-m%c2%b3-std-h6-m-035-ps-230-v\/","name":"Basic 6 m\u00b3\/Std. H=6 m 0,35 PS\/230 V - Pool-House","isPartOf":{"@id":"https:\/\/pool-house.shop\/de\/#website"},"primaryImageOfPage":{"@id":"https:\/\/pool-house.shop\/de\/product\/basic-6-m%c2%b3-std-h6-m-035-ps-230-v\/#primaryimage"},"image":{"@id":"https:\/\/pool-house.shop\/de\/product\/basic-6-m%c2%b3-std-h6-m-035-ps-230-v\/#primaryimage"},"thumbnailUrl":"https:\/\/pool-house.shop\/wp-content\/uploads\/2025\/03\/050006.png","datePublished":"2025-03-23T22:55:34+00:00","breadcrumb":{"@id":"https:\/\/pool-house.shop\/de\/product\/basic-6-m%c2%b3-std-h6-m-035-ps-230-v\/#breadcrumb"},"inLanguage":"de","potentialAction":[{"@type":"ReadAction","target":["https:\/\/pool-house.shop\/de\/product\/basic-6-m%c2%b3-std-h6-m-035-ps-230-v\/"]}]},{"@type":"ImageObject","inLanguage":"de","@id":"https:\/\/pool-house.shop\/de\/product\/basic-6-m%c2%b3-std-h6-m-035-ps-230-v\/#primaryimage","url":"https:\/\/pool-house.shop\/wp-content\/uploads\/2025\/03\/050006.png","contentUrl":"https:\/\/pool-house.shop\/wp-content\/uploads\/2025\/03\/050006.png","width":800,"height":800},{"@type":"BreadcrumbList","@id":"https:\/\/pool-house.shop\/de\/product\/basic-6-m%c2%b3-std-h6-m-035-ps-230-v\/#breadcrumb","itemListElement":[{"@type":"ListItem","position":1,"name":"Domovsk\u00e1 str\u00e1nka","item":"https:\/\/pool-house.shop\/de\/"},{"@type":"ListItem","position":2,"name":"Shop","item":"https:\/\/pool-house.shop\/de\/shop\/"},{"@type":"ListItem","position":3,"name":"Basic 6 m\u00b3\/Std. H=6 m 0,35 PS\/230 V"}]},{"@type":"WebSite","@id":"https:\/\/pool-house.shop\/de\/#website","url":"https:\/\/pool-house.shop\/de\/","name":"Pool-House","description":"","publisher":{"@id":"https:\/\/pool-house.shop\/de\/#organization"},"potentialAction":[{"@type":"SearchAction","target":{"@type":"EntryPoint","urlTemplate":"https:\/\/pool-house.shop\/de\/?s={search_term_string}"},"query-input":{"@type":"PropertyValueSpecification","valueRequired":true,"valueName":"search_term_string"}}],"inLanguage":"de"},{"@type":"Organization","@id":"https:\/\/pool-house.shop\/de\/#organization","name":"Pool-House","url":"https:\/\/pool-house.shop\/de\/","logo":{"@type":"ImageObject","inLanguage":"de","@id":"https:\/\/pool-house.shop\/de\/#\/schema\/logo\/image\/","url":"https:\/\/pool-house.shop\/wp-content\/uploads\/2025\/10\/logo-2-stvorec-mobil-modre.png","contentUrl":"https:\/\/pool-house.shop\/wp-content\/uploads\/2025\/10\/logo-2-stvorec-mobil-modre.png","width":273,"height":189,"caption":"Pool-House"},"image":{"@id":"https:\/\/pool-house.shop\/de\/#\/schema\/logo\/image\/"},"sameAs":["https:\/\/www.facebook.com\/termodomsk\/"]}]}},"_links":{"self":[{"href":"https:\/\/pool-house.shop\/de\/wp-json\/wp\/v2\/product\/8020","targetHints":{"allow":["GET"]}}],"collection":[{"href":"https:\/\/pool-house.shop\/de\/wp-json\/wp\/v2\/product"}],"about":[{"href":"https:\/\/pool-house.shop\/de\/wp-json\/wp\/v2\/types\/product"}],"wp:featuredmedia":[{"embeddable":true,"href":"https:\/\/pool-house.shop\/de\/wp-json\/wp\/v2\/media\/8023"}],"wp:attachment":[{"href":"https:\/\/pool-house.shop\/de\/wp-json\/wp\/v2\/media?parent=8020"}],"wp:term":[{"taxonomy":"product_brand","embeddable":true,"href":"https:\/\/pool-house.shop\/de\/wp-json\/wp\/v2\/product_brand?post=8020"},{"taxonomy":"product_cat","embeddable":true,"href":"https:\/\/pool-house.shop\/de\/wp-json\/wp\/v2\/product_cat?post=8020"},{"taxonomy":"product_tag","embeddable":true,"href":"https:\/\/pool-house.shop\/de\/wp-json\/wp\/v2\/product_tag?post=8020"}],"curies":[{"name":"wp","href":"https:\/\/api.w.org\/{rel}","templated":true}]}}