{"id":8080,"date":"2025-03-24T00:01:15","date_gmt":"2025-03-23T23:01:15","guid":{"rendered":"https:\/\/pool-house.shop\/product\/elektrische-heizung-evo-d-ewt-12-kw\/"},"modified":"2025-03-24T00:01:15","modified_gmt":"2025-03-23T23:01:15","slug":"elektrische-heizung-evo-d-ewt-12-kw","status":"publish","type":"product","link":"https:\/\/pool-house.shop\/de\/product\/elektrische-heizung-evo-d-ewt-12-kw\/","title":{"rendered":"Elektrische Heizung Evo D-EWT 12 kW"},"content":{"rendered":"<p>Elektrische Heizung Evo D-EWT<\/p>\n<p> Die elektrischen W\u00e4rmetauscher der Serie D-EWT Evo verf\u00fcgen \u00fcber ein Regelthermostat von 0 \u2013 40 \u00b0C, ein Sicherheitsthermostat von 55 \u00b0C, einen Durchflussregler zum Schutz vor geringem Wasserdurchfluss und Heizspiralen aus Incoloy 825, die extrem korrosionsbest\u00e4ndig sind. Sie sind vielseitig einsetzbar \u2013 zur Beheizung von Pools, Whirlpools und \u00e4hnlichen Anlagen.<br \/>\n Zwei neue und innovative Klebemuffen D50 wurden speziell f\u00fcr den Anschluss an das Zirkulationssystem entwickelt. Der Durchflussregler wird in eine der beiden Muffen geschraubt, was seine Platzierung am Ein- oder Ausgang des W\u00e4rmetauschers erm\u00f6glicht. Ein weiterer Vorteil ist, dass der Durchflussregler bei Wartung oder Reparatur nicht entfernt werden muss und im Rohr gesch\u00fctzt ist. Sie funktionieren perfekt sowohl in fest installierten als auch in mobilen Anlagen.<\/p>\n<p> Eigenschaften:<br \/>\n &#8211; dient zur Lufterw\u00e4rmung \u2013 f\u00fcr Whirlpool-Systeme,<br \/>\n &#8211; hergestellt aus Edelstahl AISI304 \u2013 lange Lebensdauer und hohe Qualit\u00e4t,<br \/>\n &#8211; kompakte Abmessungen und einfache Montage,<br \/>\n &#8211; einstellbarer Thermostat 30 \u2013 90 \u00b0C,<br \/>\n &#8211; Anschluss mittels Gummimuffe 2&#8243; x \u00d860 mm.   <\/p>\n","protected":false},"excerpt":{"rendered":"<p>Elektrische Heizung Evo D-EWT<\/p>\n<p> Die elektrischen W\u00e4rmetauscher der Serie D-EWT Evo verf\u00fcgen \u00fcber ein Regelthermostat von 0 \u2013 40 \u00b0C, ein Sicherheitsthermostat von 55 \u00b0C, einen Durchflussregler zum Schutz vor geringem Wasserdurchfluss und Heizspiralen aus Incoloy 825, die extrem korrosionsbest\u00e4ndig sind. Sie sind vielseitig einsetzbar \u2013 zur Beheizung von Pools, Whirlpools und \u00e4hnlichen Anlagen.<br \/>\n Zwei neue und innovative Klebemuffen D50 wurden speziell f\u00fcr den Anschluss an das Zirkulationssystem entwickelt. Der Durchflussregler wird in eine der beiden Muffen geschraubt, was seine Platzierung am Ein- oder Ausgang des W\u00e4rmetauschers erm\u00f6glicht. Ein weiterer Vorteil ist, dass der Durchflussregler bei Wartung oder Reparatur nicht entfernt werden muss und im Rohr gesch\u00fctzt ist. Sie funktionieren perfekt sowohl in fest installierten als auch in mobilen Anlagen.<\/p>\n<p> Eigenschaften:<br \/>\n &#8211; dient zur Lufterw\u00e4rmung \u2013 f\u00fcr Whirlpool-Systeme,<br \/>\n &#8211; hergestellt aus Edelstahl AISI304 \u2013 lange Lebensdauer und hohe Qualit\u00e4t,<br \/>\n &#8211; kompakte Abmessungen und einfache Montage,<br \/>\n &#8211; einstellbarer Thermostat 30 \u2013 90 \u00b0C,<br \/>\n &#8211; Anschluss mittels Gummimuffe 2&#8243; x \u00d860 mm.   <\/p>\n","protected":false},"featured_media":2870,"template":"","meta":[],"product_brand":[],"product_cat":[253],"product_tag":[254],"class_list":{"0":"post-8080","1":"product","2":"type-product","3":"status-publish","4":"has-post-thumbnail","6":"product_cat-elektrische-heizung","7":"product_tag-elektrische-heizung","8":"thunk-woo-product-list","9":"open-woo-hover-none","10":"open-single-product-tab-horizontal","11":"open-shadow-","12":"open-shadow-hover-","14":"first","15":"instock","16":"taxable","17":"shipping-taxable","18":"purchasable","19":"product-type-simple"},"yoast_head":"<!-- This site is optimized with the Yoast SEO plugin v26.9 - https:\/\/yoast.com\/product\/yoast-seo-wordpress\/ -->\n<title>Elektrische Heizung Evo D-EWT 12 kW - Pool-House<\/title>\n<meta name=\"robots\" content=\"index, follow, max-snippet:-1, max-image-preview:large, max-video-preview:-1\" \/>\n<link rel=\"canonical\" href=\"https:\/\/pool-house.shop\/de\/product\/elektrische-heizung-evo-d-ewt-12-kw\/\" \/>\n<meta property=\"og:locale\" content=\"de_DE\" \/>\n<meta property=\"og:type\" content=\"article\" \/>\n<meta property=\"og:title\" content=\"Elektrische Heizung Evo D-EWT 12 kW - Pool-House\" \/>\n<meta property=\"og:description\" content=\"Elektrische Heizung Evo D-EWT  Die elektrischen W\u00e4rmetauscher der Serie D-EWT Evo verf\u00fcgen \u00fcber ein Regelthermostat von 0 \u2013 40 \u00b0C, ein Sicherheitsthermostat von 55 \u00b0C, einen Durchflussregler zum Schutz vor geringem Wasserdurchfluss und Heizspiralen aus Incoloy 825, die extrem korrosionsbest\u00e4ndig sind. Sie sind vielseitig einsetzbar \u2013 zur Beheizung von Pools, Whirlpools und \u00e4hnlichen Anlagen. Zwei neue und innovative Klebemuffen D50 wurden speziell f\u00fcr den Anschluss an das Zirkulationssystem entwickelt. Der Durchflussregler wird in eine der beiden Muffen geschraubt, was seine Platzierung am Ein- oder Ausgang des W\u00e4rmetauschers erm\u00f6glicht. Ein weiterer Vorteil ist, dass der Durchflussregler bei Wartung oder Reparatur nicht entfernt werden muss und im Rohr gesch\u00fctzt ist. Sie funktionieren perfekt sowohl in fest installierten als auch in mobilen Anlagen.  Eigenschaften: - dient zur Lufterw\u00e4rmung \u2013 f\u00fcr Whirlpool-Systeme, - hergestellt aus Edelstahl AISI304 \u2013 lange Lebensdauer und hohe Qualit\u00e4t, - kompakte Abmessungen und einfache Montage, - einstellbarer Thermostat 30 \u2013 90 \u00b0C, - Anschluss mittels Gummimuffe 2&quot; x \u00d860 mm.\" \/>\n<meta property=\"og:url\" content=\"https:\/\/pool-house.shop\/de\/product\/elektrische-heizung-evo-d-ewt-12-kw\/\" \/>\n<meta property=\"og:site_name\" content=\"Pool-House\" \/>\n<meta property=\"article:publisher\" content=\"https:\/\/www.facebook.com\/termodomsk\/\" \/>\n<meta property=\"og:image\" content=\"https:\/\/pool-house.shop\/wp-content\/uploads\/2025\/03\/060255.png\" \/>\n\t<meta property=\"og:image:width\" content=\"1600\" \/>\n\t<meta property=\"og:image:height\" content=\"1600\" \/>\n\t<meta property=\"og:image:type\" content=\"image\/png\" \/>\n<meta name=\"twitter:card\" content=\"summary_large_image\" \/>\n<meta name=\"twitter:label1\" content=\"Gesch\u00e4tzte Lesezeit\" \/>\n\t<meta name=\"twitter:data1\" content=\"1\u00a0Minute\" \/>\n<script type=\"application\/ld+json\" class=\"yoast-schema-graph\">{\"@context\":\"https:\/\/schema.org\",\"@graph\":[{\"@type\":\"WebPage\",\"@id\":\"https:\/\/pool-house.shop\/de\/product\/elektrische-heizung-evo-d-ewt-12-kw\/\",\"url\":\"https:\/\/pool-house.shop\/de\/product\/elektrische-heizung-evo-d-ewt-12-kw\/\",\"name\":\"Elektrische Heizung Evo D-EWT 12 kW - Pool-House\",\"isPartOf\":{\"@id\":\"https:\/\/pool-house.shop\/de\/#website\"},\"primaryImageOfPage\":{\"@id\":\"https:\/\/pool-house.shop\/de\/product\/elektrische-heizung-evo-d-ewt-12-kw\/#primaryimage\"},\"image\":{\"@id\":\"https:\/\/pool-house.shop\/de\/product\/elektrische-heizung-evo-d-ewt-12-kw\/#primaryimage\"},\"thumbnailUrl\":\"https:\/\/pool-house.shop\/wp-content\/uploads\/2025\/03\/060255.png\",\"datePublished\":\"2025-03-23T23:01:15+00:00\",\"breadcrumb\":{\"@id\":\"https:\/\/pool-house.shop\/de\/product\/elektrische-heizung-evo-d-ewt-12-kw\/#breadcrumb\"},\"inLanguage\":\"de\",\"potentialAction\":[{\"@type\":\"ReadAction\",\"target\":[\"https:\/\/pool-house.shop\/de\/product\/elektrische-heizung-evo-d-ewt-12-kw\/\"]}]},{\"@type\":\"ImageObject\",\"inLanguage\":\"de\",\"@id\":\"https:\/\/pool-house.shop\/de\/product\/elektrische-heizung-evo-d-ewt-12-kw\/#primaryimage\",\"url\":\"https:\/\/pool-house.shop\/wp-content\/uploads\/2025\/03\/060255.png\",\"contentUrl\":\"https:\/\/pool-house.shop\/wp-content\/uploads\/2025\/03\/060255.png\",\"width\":1600,\"height\":1600},{\"@type\":\"BreadcrumbList\",\"@id\":\"https:\/\/pool-house.shop\/de\/product\/elektrische-heizung-evo-d-ewt-12-kw\/#breadcrumb\",\"itemListElement\":[{\"@type\":\"ListItem\",\"position\":1,\"name\":\"Domovsk\u00e1 str\u00e1nka\",\"item\":\"https:\/\/pool-house.shop\/de\/\"},{\"@type\":\"ListItem\",\"position\":2,\"name\":\"Shop\",\"item\":\"https:\/\/pool-house.shop\/de\/shop\/\"},{\"@type\":\"ListItem\",\"position\":3,\"name\":\"Elektrische Heizung Evo D-EWT 12 kW\"}]},{\"@type\":\"WebSite\",\"@id\":\"https:\/\/pool-house.shop\/de\/#website\",\"url\":\"https:\/\/pool-house.shop\/de\/\",\"name\":\"Pool-House\",\"description\":\"\",\"publisher\":{\"@id\":\"https:\/\/pool-house.shop\/de\/#organization\"},\"potentialAction\":[{\"@type\":\"SearchAction\",\"target\":{\"@type\":\"EntryPoint\",\"urlTemplate\":\"https:\/\/pool-house.shop\/de\/?s={search_term_string}\"},\"query-input\":{\"@type\":\"PropertyValueSpecification\",\"valueRequired\":true,\"valueName\":\"search_term_string\"}}],\"inLanguage\":\"de\"},{\"@type\":\"Organization\",\"@id\":\"https:\/\/pool-house.shop\/de\/#organization\",\"name\":\"Pool-House\",\"url\":\"https:\/\/pool-house.shop\/de\/\",\"logo\":{\"@type\":\"ImageObject\",\"inLanguage\":\"de\",\"@id\":\"https:\/\/pool-house.shop\/de\/#\/schema\/logo\/image\/\",\"url\":\"https:\/\/pool-house.shop\/wp-content\/uploads\/2025\/10\/logo-2-stvorec-mobil-modre.png\",\"contentUrl\":\"https:\/\/pool-house.shop\/wp-content\/uploads\/2025\/10\/logo-2-stvorec-mobil-modre.png\",\"width\":273,\"height\":189,\"caption\":\"Pool-House\"},\"image\":{\"@id\":\"https:\/\/pool-house.shop\/de\/#\/schema\/logo\/image\/\"},\"sameAs\":[\"https:\/\/www.facebook.com\/termodomsk\/\"]}]}<\/script>\n<!-- \/ Yoast SEO plugin. -->","yoast_head_json":{"title":"Elektrische Heizung Evo D-EWT 12 kW - Pool-House","robots":{"index":"index","follow":"follow","max-snippet":"max-snippet:-1","max-image-preview":"max-image-preview:large","max-video-preview":"max-video-preview:-1"},"canonical":"https:\/\/pool-house.shop\/de\/product\/elektrische-heizung-evo-d-ewt-12-kw\/","og_locale":"de_DE","og_type":"article","og_title":"Elektrische Heizung Evo D-EWT 12 kW - Pool-House","og_description":"Elektrische Heizung Evo D-EWT  Die elektrischen W\u00e4rmetauscher der Serie D-EWT Evo verf\u00fcgen \u00fcber ein Regelthermostat von 0 \u2013 40 \u00b0C, ein Sicherheitsthermostat von 55 \u00b0C, einen Durchflussregler zum Schutz vor geringem Wasserdurchfluss und Heizspiralen aus Incoloy 825, die extrem korrosionsbest\u00e4ndig sind. Sie sind vielseitig einsetzbar \u2013 zur Beheizung von Pools, Whirlpools und \u00e4hnlichen Anlagen. Zwei neue und innovative Klebemuffen D50 wurden speziell f\u00fcr den Anschluss an das Zirkulationssystem entwickelt. Der Durchflussregler wird in eine der beiden Muffen geschraubt, was seine Platzierung am Ein- oder Ausgang des W\u00e4rmetauschers erm\u00f6glicht. Ein weiterer Vorteil ist, dass der Durchflussregler bei Wartung oder Reparatur nicht entfernt werden muss und im Rohr gesch\u00fctzt ist. Sie funktionieren perfekt sowohl in fest installierten als auch in mobilen Anlagen.  Eigenschaften: - dient zur Lufterw\u00e4rmung \u2013 f\u00fcr Whirlpool-Systeme, - hergestellt aus Edelstahl AISI304 \u2013 lange Lebensdauer und hohe Qualit\u00e4t, - kompakte Abmessungen und einfache Montage, - einstellbarer Thermostat 30 \u2013 90 \u00b0C, - Anschluss mittels Gummimuffe 2\" x \u00d860 mm.","og_url":"https:\/\/pool-house.shop\/de\/product\/elektrische-heizung-evo-d-ewt-12-kw\/","og_site_name":"Pool-House","article_publisher":"https:\/\/www.facebook.com\/termodomsk\/","og_image":[{"width":1600,"height":1600,"url":"https:\/\/pool-house.shop\/wp-content\/uploads\/2025\/03\/060255.png","type":"image\/png"}],"twitter_card":"summary_large_image","twitter_misc":{"Gesch\u00e4tzte Lesezeit":"1\u00a0Minute"},"schema":{"@context":"https:\/\/schema.org","@graph":[{"@type":"WebPage","@id":"https:\/\/pool-house.shop\/de\/product\/elektrische-heizung-evo-d-ewt-12-kw\/","url":"https:\/\/pool-house.shop\/de\/product\/elektrische-heizung-evo-d-ewt-12-kw\/","name":"Elektrische Heizung Evo D-EWT 12 kW - Pool-House","isPartOf":{"@id":"https:\/\/pool-house.shop\/de\/#website"},"primaryImageOfPage":{"@id":"https:\/\/pool-house.shop\/de\/product\/elektrische-heizung-evo-d-ewt-12-kw\/#primaryimage"},"image":{"@id":"https:\/\/pool-house.shop\/de\/product\/elektrische-heizung-evo-d-ewt-12-kw\/#primaryimage"},"thumbnailUrl":"https:\/\/pool-house.shop\/wp-content\/uploads\/2025\/03\/060255.png","datePublished":"2025-03-23T23:01:15+00:00","breadcrumb":{"@id":"https:\/\/pool-house.shop\/de\/product\/elektrische-heizung-evo-d-ewt-12-kw\/#breadcrumb"},"inLanguage":"de","potentialAction":[{"@type":"ReadAction","target":["https:\/\/pool-house.shop\/de\/product\/elektrische-heizung-evo-d-ewt-12-kw\/"]}]},{"@type":"ImageObject","inLanguage":"de","@id":"https:\/\/pool-house.shop\/de\/product\/elektrische-heizung-evo-d-ewt-12-kw\/#primaryimage","url":"https:\/\/pool-house.shop\/wp-content\/uploads\/2025\/03\/060255.png","contentUrl":"https:\/\/pool-house.shop\/wp-content\/uploads\/2025\/03\/060255.png","width":1600,"height":1600},{"@type":"BreadcrumbList","@id":"https:\/\/pool-house.shop\/de\/product\/elektrische-heizung-evo-d-ewt-12-kw\/#breadcrumb","itemListElement":[{"@type":"ListItem","position":1,"name":"Domovsk\u00e1 str\u00e1nka","item":"https:\/\/pool-house.shop\/de\/"},{"@type":"ListItem","position":2,"name":"Shop","item":"https:\/\/pool-house.shop\/de\/shop\/"},{"@type":"ListItem","position":3,"name":"Elektrische Heizung Evo D-EWT 12 kW"}]},{"@type":"WebSite","@id":"https:\/\/pool-house.shop\/de\/#website","url":"https:\/\/pool-house.shop\/de\/","name":"Pool-House","description":"","publisher":{"@id":"https:\/\/pool-house.shop\/de\/#organization"},"potentialAction":[{"@type":"SearchAction","target":{"@type":"EntryPoint","urlTemplate":"https:\/\/pool-house.shop\/de\/?s={search_term_string}"},"query-input":{"@type":"PropertyValueSpecification","valueRequired":true,"valueName":"search_term_string"}}],"inLanguage":"de"},{"@type":"Organization","@id":"https:\/\/pool-house.shop\/de\/#organization","name":"Pool-House","url":"https:\/\/pool-house.shop\/de\/","logo":{"@type":"ImageObject","inLanguage":"de","@id":"https:\/\/pool-house.shop\/de\/#\/schema\/logo\/image\/","url":"https:\/\/pool-house.shop\/wp-content\/uploads\/2025\/10\/logo-2-stvorec-mobil-modre.png","contentUrl":"https:\/\/pool-house.shop\/wp-content\/uploads\/2025\/10\/logo-2-stvorec-mobil-modre.png","width":273,"height":189,"caption":"Pool-House"},"image":{"@id":"https:\/\/pool-house.shop\/de\/#\/schema\/logo\/image\/"},"sameAs":["https:\/\/www.facebook.com\/termodomsk\/"]}]}},"_links":{"self":[{"href":"https:\/\/pool-house.shop\/de\/wp-json\/wp\/v2\/product\/8080","targetHints":{"allow":["GET"]}}],"collection":[{"href":"https:\/\/pool-house.shop\/de\/wp-json\/wp\/v2\/product"}],"about":[{"href":"https:\/\/pool-house.shop\/de\/wp-json\/wp\/v2\/types\/product"}],"wp:featuredmedia":[{"embeddable":true,"href":"https:\/\/pool-house.shop\/de\/wp-json\/wp\/v2\/media\/2870"}],"wp:attachment":[{"href":"https:\/\/pool-house.shop\/de\/wp-json\/wp\/v2\/media?parent=8080"}],"wp:term":[{"taxonomy":"product_brand","embeddable":true,"href":"https:\/\/pool-house.shop\/de\/wp-json\/wp\/v2\/product_brand?post=8080"},{"taxonomy":"product_cat","embeddable":true,"href":"https:\/\/pool-house.shop\/de\/wp-json\/wp\/v2\/product_cat?post=8080"},{"taxonomy":"product_tag","embeddable":true,"href":"https:\/\/pool-house.shop\/de\/wp-json\/wp\/v2\/product_tag?post=8080"}],"curies":[{"name":"wp","href":"https:\/\/api.w.org\/{rel}","templated":true}]}}