{"id":8092,"date":"2025-03-24T00:00:48","date_gmt":"2025-03-23T23:00:48","guid":{"rendered":"https:\/\/pool-house.shop\/product\/waermetauscher-d-hwt-115-154-kw\/"},"modified":"2025-03-24T00:00:48","modified_gmt":"2025-03-23T23:00:48","slug":"waermetauscher-d-hwt-115-154-kw","status":"publish","type":"product","link":"https:\/\/pool-house.shop\/de\/product\/waermetauscher-d-hwt-115-154-kw\/","title":{"rendered":"W\u00e4rmetauscher D-HWT 115 &#8211; 154 kW"},"content":{"rendered":"<p>W\u00e4rmetauscher D-HWT <\/p>\n<p> Kompletter Rippenrohrw\u00e4rmetauscher aus Edelstahl (Typ VA) oder Titan (Typ TI) mit kompaktem Polypropylen (PP)-Geh\u00e4use und hohem Wirkungsgrad. Er dient zur Beheizung von Pools, Whirlpools und Schwimmteichen.<br \/>\n Wasser\/Wasser-W\u00e4rmetauscher mit glatten, spiralf\u00f6rmig gewickelten Rohren, Querstrom, moderner Schwei\u00dftechnik und hochwertiger Verarbeitung. Die lange Lebensdauer des Ger\u00e4ts wird durch F\u00e4rbung, Passivierung und elektrolytisches Polieren des Au\u00dfenmaterials gew\u00e4hrleistet. Diese W\u00e4rmetauscher bieten maximale Energieeffizienz bei minimalem Druckverlust. Wie alle Spiralw\u00e4rmetauscher m\u00fcssen sie direkt in das Poolwasserzirkulationssystem oder \u00fcber ein Bypass-System installiert werden.<\/p>\n<p> Eigenschaften:<br \/>\n &#8211; im Lieferumfang ist eine Befestigungsschelle aus Edelstahl enthalten,<br \/>\n &#8211; max. Druck \u2013 Heizung: 10 bar,<x id=\"gid_4\"><\/x> &#8211; max. Druck \u2013 Pool: 3 bar.     <\/p>\n","protected":false},"excerpt":{"rendered":"<p>W\u00e4rmetauscher D-HWT <\/p>\n<p> Kompletter Rippenrohrw\u00e4rmetauscher aus Edelstahl (Typ VA) oder Titan (Typ TI) mit kompaktem Polypropylen (PP)-Geh\u00e4use und hohem Wirkungsgrad. Er dient zur Beheizung von Pools, Whirlpools und Schwimmteichen.<br \/>\n Wasser\/Wasser-W\u00e4rmetauscher mit glatten, spiralf\u00f6rmig gewickelten Rohren, Querstrom, moderner Schwei\u00dftechnik und hochwertiger Verarbeitung. Die lange Lebensdauer des Ger\u00e4ts wird durch F\u00e4rbung, Passivierung und elektrolytisches Polieren des Au\u00dfenmaterials gew\u00e4hrleistet. Diese W\u00e4rmetauscher bieten maximale Energieeffizienz bei minimalem Druckverlust. Wie alle Spiralw\u00e4rmetauscher m\u00fcssen sie direkt in das Poolwasserzirkulationssystem oder \u00fcber ein Bypass-System installiert werden.<x id=\"gid_0\"><\/x> <x id=\"gid_1\"><\/x> Eigenschaften:<x id=\"gid_2\"><\/x> &#8211; im Lieferumfang ist eine Befestigungsschelle aus Edelstahl enthalten,<x id=\"gid_3\"><\/x> &#8211; max. Druck \u2013 Heizung: 10 bar,<x id=\"gid_4\"><\/x> &#8211; max. Druck \u2013 Pool: 3 bar.     <\/p>\n","protected":false},"featured_media":2844,"template":"","meta":[],"product_brand":[],"product_cat":[255],"product_tag":[256],"class_list":{"0":"post-8092","1":"product","2":"type-product","3":"status-publish","4":"has-post-thumbnail","6":"product_cat-warmetauscher","7":"product_tag-warmetauscher","8":"thunk-woo-product-list","9":"open-woo-hover-none","10":"open-single-product-tab-horizontal","11":"open-shadow-","12":"open-shadow-hover-","14":"first","15":"instock","16":"taxable","17":"shipping-taxable","18":"purchasable","19":"product-type-simple"},"yoast_head":"<!-- This site is optimized with the Yoast SEO plugin v26.9 - https:\/\/yoast.com\/product\/yoast-seo-wordpress\/ -->\n<title>W\u00e4rmetauscher D-HWT 115 - 154 kW - Pool-House<\/title>\n<meta name=\"robots\" content=\"index, follow, max-snippet:-1, max-image-preview:large, max-video-preview:-1\" \/>\n<link rel=\"canonical\" href=\"https:\/\/pool-house.shop\/de\/product\/waermetauscher-d-hwt-115-154-kw\/\" \/>\n<meta property=\"og:locale\" content=\"de_DE\" \/>\n<meta property=\"og:type\" content=\"article\" \/>\n<meta property=\"og:title\" content=\"W\u00e4rmetauscher D-HWT 115 - 154 kW - Pool-House\" \/>\n<meta property=\"og:description\" content=\"W\u00e4rmetauscher D-HWT   Kompletter Rippenrohrw\u00e4rmetauscher aus Edelstahl (Typ VA) oder Titan (Typ TI) mit kompaktem Polypropylen (PP)-Geh\u00e4use und hohem Wirkungsgrad. Er dient zur Beheizung von Pools, Whirlpools und Schwimmteichen.  Wasser\/Wasser-W\u00e4rmetauscher mit glatten, spiralf\u00f6rmig gewickelten Rohren, Querstrom, moderner Schwei\u00dftechnik und hochwertiger Verarbeitung. Die lange Lebensdauer des Ger\u00e4ts wird durch F\u00e4rbung, Passivierung und elektrolytisches Polieren des Au\u00dfenmaterials gew\u00e4hrleistet. Diese W\u00e4rmetauscher bieten maximale Energieeffizienz bei minimalem Druckverlust. Wie alle Spiralw\u00e4rmetauscher m\u00fcssen sie direkt in das Poolwasserzirkulationssystem oder \u00fcber ein Bypass-System installiert werden. Eigenschaften: - im Lieferumfang ist eine Befestigungsschelle aus Edelstahl enthalten, - max. Druck \u2013 Heizung: 10 bar, - max. Druck \u2013 Pool: 3 bar.\" \/>\n<meta property=\"og:url\" content=\"https:\/\/pool-house.shop\/de\/product\/waermetauscher-d-hwt-115-154-kw\/\" \/>\n<meta property=\"og:site_name\" content=\"Pool-House\" \/>\n<meta property=\"article:publisher\" content=\"https:\/\/www.facebook.com\/termodomsk\/\" \/>\n<meta property=\"og:image\" content=\"https:\/\/pool-house.shop\/wp-content\/uploads\/2025\/03\/060119.png\" \/>\n\t<meta property=\"og:image:width\" content=\"1400\" \/>\n\t<meta property=\"og:image:height\" content=\"1400\" \/>\n\t<meta property=\"og:image:type\" content=\"image\/png\" \/>\n<meta name=\"twitter:card\" content=\"summary_large_image\" \/>\n<meta name=\"twitter:label1\" content=\"Gesch\u00e4tzte Lesezeit\" \/>\n\t<meta name=\"twitter:data1\" content=\"1\u00a0Minute\" \/>\n<script type=\"application\/ld+json\" class=\"yoast-schema-graph\">{\"@context\":\"https:\/\/schema.org\",\"@graph\":[{\"@type\":\"WebPage\",\"@id\":\"https:\/\/pool-house.shop\/de\/product\/waermetauscher-d-hwt-115-154-kw\/\",\"url\":\"https:\/\/pool-house.shop\/de\/product\/waermetauscher-d-hwt-115-154-kw\/\",\"name\":\"W\u00e4rmetauscher D-HWT 115 - 154 kW - Pool-House\",\"isPartOf\":{\"@id\":\"https:\/\/pool-house.shop\/de\/#website\"},\"primaryImageOfPage\":{\"@id\":\"https:\/\/pool-house.shop\/de\/product\/waermetauscher-d-hwt-115-154-kw\/#primaryimage\"},\"image\":{\"@id\":\"https:\/\/pool-house.shop\/de\/product\/waermetauscher-d-hwt-115-154-kw\/#primaryimage\"},\"thumbnailUrl\":\"https:\/\/pool-house.shop\/wp-content\/uploads\/2025\/03\/060119.png\",\"datePublished\":\"2025-03-23T23:00:48+00:00\",\"breadcrumb\":{\"@id\":\"https:\/\/pool-house.shop\/de\/product\/waermetauscher-d-hwt-115-154-kw\/#breadcrumb\"},\"inLanguage\":\"de\",\"potentialAction\":[{\"@type\":\"ReadAction\",\"target\":[\"https:\/\/pool-house.shop\/de\/product\/waermetauscher-d-hwt-115-154-kw\/\"]}]},{\"@type\":\"ImageObject\",\"inLanguage\":\"de\",\"@id\":\"https:\/\/pool-house.shop\/de\/product\/waermetauscher-d-hwt-115-154-kw\/#primaryimage\",\"url\":\"https:\/\/pool-house.shop\/wp-content\/uploads\/2025\/03\/060119.png\",\"contentUrl\":\"https:\/\/pool-house.shop\/wp-content\/uploads\/2025\/03\/060119.png\",\"width\":1400,\"height\":1400},{\"@type\":\"BreadcrumbList\",\"@id\":\"https:\/\/pool-house.shop\/de\/product\/waermetauscher-d-hwt-115-154-kw\/#breadcrumb\",\"itemListElement\":[{\"@type\":\"ListItem\",\"position\":1,\"name\":\"Domovsk\u00e1 str\u00e1nka\",\"item\":\"https:\/\/pool-house.shop\/de\/\"},{\"@type\":\"ListItem\",\"position\":2,\"name\":\"Shop\",\"item\":\"https:\/\/pool-house.shop\/de\/shop\/\"},{\"@type\":\"ListItem\",\"position\":3,\"name\":\"W\u00e4rmetauscher D-HWT 115 &#8211; 154 kW\"}]},{\"@type\":\"WebSite\",\"@id\":\"https:\/\/pool-house.shop\/de\/#website\",\"url\":\"https:\/\/pool-house.shop\/de\/\",\"name\":\"Pool-House\",\"description\":\"\",\"publisher\":{\"@id\":\"https:\/\/pool-house.shop\/de\/#organization\"},\"potentialAction\":[{\"@type\":\"SearchAction\",\"target\":{\"@type\":\"EntryPoint\",\"urlTemplate\":\"https:\/\/pool-house.shop\/de\/?s={search_term_string}\"},\"query-input\":{\"@type\":\"PropertyValueSpecification\",\"valueRequired\":true,\"valueName\":\"search_term_string\"}}],\"inLanguage\":\"de\"},{\"@type\":\"Organization\",\"@id\":\"https:\/\/pool-house.shop\/de\/#organization\",\"name\":\"Pool-House\",\"url\":\"https:\/\/pool-house.shop\/de\/\",\"logo\":{\"@type\":\"ImageObject\",\"inLanguage\":\"de\",\"@id\":\"https:\/\/pool-house.shop\/de\/#\/schema\/logo\/image\/\",\"url\":\"https:\/\/pool-house.shop\/wp-content\/uploads\/2025\/10\/logo-2-stvorec-mobil-modre.png\",\"contentUrl\":\"https:\/\/pool-house.shop\/wp-content\/uploads\/2025\/10\/logo-2-stvorec-mobil-modre.png\",\"width\":273,\"height\":189,\"caption\":\"Pool-House\"},\"image\":{\"@id\":\"https:\/\/pool-house.shop\/de\/#\/schema\/logo\/image\/\"},\"sameAs\":[\"https:\/\/www.facebook.com\/termodomsk\/\"]}]}<\/script>\n<!-- \/ Yoast SEO plugin. -->","yoast_head_json":{"title":"W\u00e4rmetauscher D-HWT 115 - 154 kW - Pool-House","robots":{"index":"index","follow":"follow","max-snippet":"max-snippet:-1","max-image-preview":"max-image-preview:large","max-video-preview":"max-video-preview:-1"},"canonical":"https:\/\/pool-house.shop\/de\/product\/waermetauscher-d-hwt-115-154-kw\/","og_locale":"de_DE","og_type":"article","og_title":"W\u00e4rmetauscher D-HWT 115 - 154 kW - Pool-House","og_description":"W\u00e4rmetauscher D-HWT   Kompletter Rippenrohrw\u00e4rmetauscher aus Edelstahl (Typ VA) oder Titan (Typ TI) mit kompaktem Polypropylen (PP)-Geh\u00e4use und hohem Wirkungsgrad. Er dient zur Beheizung von Pools, Whirlpools und Schwimmteichen.  Wasser\/Wasser-W\u00e4rmetauscher mit glatten, spiralf\u00f6rmig gewickelten Rohren, Querstrom, moderner Schwei\u00dftechnik und hochwertiger Verarbeitung. Die lange Lebensdauer des Ger\u00e4ts wird durch F\u00e4rbung, Passivierung und elektrolytisches Polieren des Au\u00dfenmaterials gew\u00e4hrleistet. Diese W\u00e4rmetauscher bieten maximale Energieeffizienz bei minimalem Druckverlust. Wie alle Spiralw\u00e4rmetauscher m\u00fcssen sie direkt in das Poolwasserzirkulationssystem oder \u00fcber ein Bypass-System installiert werden. Eigenschaften: - im Lieferumfang ist eine Befestigungsschelle aus Edelstahl enthalten, - max. Druck \u2013 Heizung: 10 bar, - max. Druck \u2013 Pool: 3 bar.","og_url":"https:\/\/pool-house.shop\/de\/product\/waermetauscher-d-hwt-115-154-kw\/","og_site_name":"Pool-House","article_publisher":"https:\/\/www.facebook.com\/termodomsk\/","og_image":[{"width":1400,"height":1400,"url":"https:\/\/pool-house.shop\/wp-content\/uploads\/2025\/03\/060119.png","type":"image\/png"}],"twitter_card":"summary_large_image","twitter_misc":{"Gesch\u00e4tzte Lesezeit":"1\u00a0Minute"},"schema":{"@context":"https:\/\/schema.org","@graph":[{"@type":"WebPage","@id":"https:\/\/pool-house.shop\/de\/product\/waermetauscher-d-hwt-115-154-kw\/","url":"https:\/\/pool-house.shop\/de\/product\/waermetauscher-d-hwt-115-154-kw\/","name":"W\u00e4rmetauscher D-HWT 115 - 154 kW - Pool-House","isPartOf":{"@id":"https:\/\/pool-house.shop\/de\/#website"},"primaryImageOfPage":{"@id":"https:\/\/pool-house.shop\/de\/product\/waermetauscher-d-hwt-115-154-kw\/#primaryimage"},"image":{"@id":"https:\/\/pool-house.shop\/de\/product\/waermetauscher-d-hwt-115-154-kw\/#primaryimage"},"thumbnailUrl":"https:\/\/pool-house.shop\/wp-content\/uploads\/2025\/03\/060119.png","datePublished":"2025-03-23T23:00:48+00:00","breadcrumb":{"@id":"https:\/\/pool-house.shop\/de\/product\/waermetauscher-d-hwt-115-154-kw\/#breadcrumb"},"inLanguage":"de","potentialAction":[{"@type":"ReadAction","target":["https:\/\/pool-house.shop\/de\/product\/waermetauscher-d-hwt-115-154-kw\/"]}]},{"@type":"ImageObject","inLanguage":"de","@id":"https:\/\/pool-house.shop\/de\/product\/waermetauscher-d-hwt-115-154-kw\/#primaryimage","url":"https:\/\/pool-house.shop\/wp-content\/uploads\/2025\/03\/060119.png","contentUrl":"https:\/\/pool-house.shop\/wp-content\/uploads\/2025\/03\/060119.png","width":1400,"height":1400},{"@type":"BreadcrumbList","@id":"https:\/\/pool-house.shop\/de\/product\/waermetauscher-d-hwt-115-154-kw\/#breadcrumb","itemListElement":[{"@type":"ListItem","position":1,"name":"Domovsk\u00e1 str\u00e1nka","item":"https:\/\/pool-house.shop\/de\/"},{"@type":"ListItem","position":2,"name":"Shop","item":"https:\/\/pool-house.shop\/de\/shop\/"},{"@type":"ListItem","position":3,"name":"W\u00e4rmetauscher D-HWT 115 &#8211; 154 kW"}]},{"@type":"WebSite","@id":"https:\/\/pool-house.shop\/de\/#website","url":"https:\/\/pool-house.shop\/de\/","name":"Pool-House","description":"","publisher":{"@id":"https:\/\/pool-house.shop\/de\/#organization"},"potentialAction":[{"@type":"SearchAction","target":{"@type":"EntryPoint","urlTemplate":"https:\/\/pool-house.shop\/de\/?s={search_term_string}"},"query-input":{"@type":"PropertyValueSpecification","valueRequired":true,"valueName":"search_term_string"}}],"inLanguage":"de"},{"@type":"Organization","@id":"https:\/\/pool-house.shop\/de\/#organization","name":"Pool-House","url":"https:\/\/pool-house.shop\/de\/","logo":{"@type":"ImageObject","inLanguage":"de","@id":"https:\/\/pool-house.shop\/de\/#\/schema\/logo\/image\/","url":"https:\/\/pool-house.shop\/wp-content\/uploads\/2025\/10\/logo-2-stvorec-mobil-modre.png","contentUrl":"https:\/\/pool-house.shop\/wp-content\/uploads\/2025\/10\/logo-2-stvorec-mobil-modre.png","width":273,"height":189,"caption":"Pool-House"},"image":{"@id":"https:\/\/pool-house.shop\/de\/#\/schema\/logo\/image\/"},"sameAs":["https:\/\/www.facebook.com\/termodomsk\/"]}]}},"_links":{"self":[{"href":"https:\/\/pool-house.shop\/de\/wp-json\/wp\/v2\/product\/8092","targetHints":{"allow":["GET"]}}],"collection":[{"href":"https:\/\/pool-house.shop\/de\/wp-json\/wp\/v2\/product"}],"about":[{"href":"https:\/\/pool-house.shop\/de\/wp-json\/wp\/v2\/types\/product"}],"wp:featuredmedia":[{"embeddable":true,"href":"https:\/\/pool-house.shop\/de\/wp-json\/wp\/v2\/media\/2844"}],"wp:attachment":[{"href":"https:\/\/pool-house.shop\/de\/wp-json\/wp\/v2\/media?parent=8092"}],"wp:term":[{"taxonomy":"product_brand","embeddable":true,"href":"https:\/\/pool-house.shop\/de\/wp-json\/wp\/v2\/product_brand?post=8092"},{"taxonomy":"product_cat","embeddable":true,"href":"https:\/\/pool-house.shop\/de\/wp-json\/wp\/v2\/product_cat?post=8092"},{"taxonomy":"product_tag","embeddable":true,"href":"https:\/\/pool-house.shop\/de\/wp-json\/wp\/v2\/product_tag?post=8092"}],"curies":[{"name":"wp","href":"https:\/\/api.w.org\/{rel}","templated":true}]}}