{"id":8120,"date":"2025-03-24T00:00:39","date_gmt":"2025-03-23T23:00:39","guid":{"rendered":"https:\/\/pool-house.shop\/product\/waermetauscher-solar-d-nwt-35-60-kw\/"},"modified":"2025-03-24T00:00:39","modified_gmt":"2025-03-23T23:00:39","slug":"waermetauscher-solar-d-nwt-35-60-kw","status":"publish","type":"product","link":"https:\/\/pool-house.shop\/de\/product\/waermetauscher-solar-d-nwt-35-60-kw\/","title":{"rendered":"W\u00e4rmetauscher Solar D-NWT 35 &#8211; 60 kW"},"content":{"rendered":"<p>W\u00e4rmetauscher Solar D-NWT<\/p>\n<p> Rohr-Solarw\u00e4rmetauscher aus AISI 316L Stahl zur Wassererw\u00e4rmung mittels Niedertemperatur-Heizsystemen.<br \/>\n Wasser\/Wasser-W\u00e4rmetauscher mit glatten, spiralf\u00f6rmig gewickelten Rohren, querverlaufendem elektrischem Fluss, Innenmantel und Str\u00f6mungsrichter f\u00fcr eine optimale Aufnahme der Prim\u00e4renergie, mit fortschrittlicher Schwei\u00dftechnik und hochwertiger Verarbeitung. Die lange Lebensdauer des Ger\u00e4ts wird durch F\u00e4rbung, Passivierung und elektrolytisches Polieren des Au\u00dfenmaterials gew\u00e4hrleistet. Diese W\u00e4rmetauscher bieten maximale Energieeffizienz bei minimalem Druckverlust. Wie alle Spiralw\u00e4rmetauscher m\u00fcssen sie direkt in das Zirkulationssystem des Poolwassers oder \u00fcber ein Bypass-System installiert werden.<\/p>\n<p> W\u00e4rmetauscher Solar Hybrid D-SHWT<br \/>\n Hybrid-W\u00e4rmetauscher aus Edelstahl f\u00fcr die kombinierte \u2013 hybride Wassererw\u00e4rmung: mittels Solarzelle und W\u00e4rmetauscher.<br \/>\n Der sorgf\u00e4ltig verarbeitete Wasser\/Wasser-W\u00e4rmetauscher mit der \u00fcblichen Premium-Qualit\u00e4tskonstruktion ist vielseitig als Hybrid-W\u00e4rmetauscher einsetzbar. Er nutzt alternative Energie, und fossile Brennstoffe werden nur bei Bedarf hinzugef\u00fcgt. Wie alle Spiralw\u00e4rmetauscher werden sie in das Zirkulationssystem integriert, entweder direkt oder \u00fcber ein Bypass-System.<\/p>\n<p> Eigenschaften:<br \/>\n &#8211; eine Befestigungsschelle aus Edelstahl ist im Lieferumfang enthalten,<br \/>\n &#8211; max. Druck \u2013 Heizung: 10 bar,<br \/>\n &#8211; max. Druck \u2013 Pool: 3 bar.       <\/p>\n","protected":false},"excerpt":{"rendered":"<p>W\u00e4rmetauscher Solar D-NWT<\/p>\n<p> Rohr-Solarw\u00e4rmetauscher aus AISI 316L Stahl zur Wassererw\u00e4rmung mittels Niedertemperatur-Heizsystemen.<br \/>\n Wasser\/Wasser-W\u00e4rmetauscher mit glatten, spiralf\u00f6rmig gewickelten Rohren, querverlaufendem elektrischem Fluss, Innenmantel und Str\u00f6mungsrichter f\u00fcr eine optimale Aufnahme der Prim\u00e4renergie, mit fortschrittlicher Schwei\u00dftechnik und hochwertiger Verarbeitung. Die lange Lebensdauer des Ger\u00e4ts wird durch F\u00e4rbung, Passivierung und elektrolytisches Polieren des Au\u00dfenmaterials gew\u00e4hrleistet. Diese W\u00e4rmetauscher bieten maximale Energieeffizienz bei minimalem Druckverlust. Wie alle Spiralw\u00e4rmetauscher m\u00fcssen sie direkt in das Zirkulationssystem des Poolwassers oder \u00fcber ein Bypass-System installiert werden.<\/p>\n<p> W\u00e4rmetauscher Solar Hybrid D-SHWT<br \/>\n Hybrid-W\u00e4rmetauscher aus Edelstahl f\u00fcr die kombinierte \u2013 hybride Wassererw\u00e4rmung: mittels Solarzelle und W\u00e4rmetauscher.<br \/>\n Der sorgf\u00e4ltig verarbeitete Wasser\/Wasser-W\u00e4rmetauscher mit der \u00fcblichen Premium-Qualit\u00e4tskonstruktion ist vielseitig als Hybrid-W\u00e4rmetauscher einsetzbar. Er nutzt alternative Energie, und fossile Brennstoffe werden nur bei Bedarf hinzugef\u00fcgt. Wie alle Spiralw\u00e4rmetauscher werden sie in das Zirkulationssystem integriert, entweder direkt oder \u00fcber ein Bypass-System.<x id=\"gid_7\"><\/x> <x id=\"gid_8\"><\/x> Eigenschaften:<x id=\"gid_9\"><\/x> &#8211; eine Befestigungsschelle aus Edelstahl ist im Lieferumfang enthalten,<x id=\"gid_10\"><\/x> &#8211; max. Druck \u2013 Heizung: 10 bar,<x id=\"gid_11\"><\/x> &#8211; max. Druck \u2013 Pool: 3 bar.       <\/p>\n","protected":false},"featured_media":2830,"template":"","meta":[],"product_brand":[],"product_cat":[255],"product_tag":[256],"class_list":{"0":"post-8120","1":"product","2":"type-product","3":"status-publish","4":"has-post-thumbnail","6":"product_cat-warmetauscher","7":"product_tag-warmetauscher","8":"thunk-woo-product-list","9":"open-woo-hover-none","10":"open-single-product-tab-horizontal","11":"open-shadow-","12":"open-shadow-hover-","14":"first","15":"instock","16":"taxable","17":"shipping-taxable","18":"purchasable","19":"product-type-simple"},"yoast_head":"<!-- This site is optimized with the Yoast SEO plugin v26.9 - https:\/\/yoast.com\/product\/yoast-seo-wordpress\/ -->\n<title>W\u00e4rmetauscher Solar D-NWT 35 - 60 kW - Pool-House<\/title>\n<meta name=\"robots\" content=\"index, follow, max-snippet:-1, max-image-preview:large, max-video-preview:-1\" \/>\n<link rel=\"canonical\" href=\"https:\/\/pool-house.shop\/de\/product\/waermetauscher-solar-d-nwt-35-60-kw\/\" \/>\n<meta property=\"og:locale\" content=\"de_DE\" \/>\n<meta property=\"og:type\" content=\"article\" \/>\n<meta property=\"og:title\" content=\"W\u00e4rmetauscher Solar D-NWT 35 - 60 kW - Pool-House\" \/>\n<meta property=\"og:description\" content=\"W\u00e4rmetauscher Solar D-NWT  Rohr-Solarw\u00e4rmetauscher aus AISI 316L Stahl zur Wassererw\u00e4rmung mittels Niedertemperatur-Heizsystemen.  Wasser\/Wasser-W\u00e4rmetauscher mit glatten, spiralf\u00f6rmig gewickelten Rohren, querverlaufendem elektrischem Fluss, Innenmantel und Str\u00f6mungsrichter f\u00fcr eine optimale Aufnahme der Prim\u00e4renergie, mit fortschrittlicher Schwei\u00dftechnik und hochwertiger Verarbeitung. Die lange Lebensdauer des Ger\u00e4ts wird durch F\u00e4rbung, Passivierung und elektrolytisches Polieren des Au\u00dfenmaterials gew\u00e4hrleistet. Diese W\u00e4rmetauscher bieten maximale Energieeffizienz bei minimalem Druckverlust. Wie alle Spiralw\u00e4rmetauscher m\u00fcssen sie direkt in das Zirkulationssystem des Poolwassers oder \u00fcber ein Bypass-System installiert werden.  W\u00e4rmetauscher Solar Hybrid D-SHWT Hybrid-W\u00e4rmetauscher aus Edelstahl f\u00fcr die kombinierte \u2013 hybride Wassererw\u00e4rmung: mittels Solarzelle und W\u00e4rmetauscher.  Der sorgf\u00e4ltig verarbeitete Wasser\/Wasser-W\u00e4rmetauscher mit der \u00fcblichen Premium-Qualit\u00e4tskonstruktion ist vielseitig als Hybrid-W\u00e4rmetauscher einsetzbar. Er nutzt alternative Energie, und fossile Brennstoffe werden nur bei Bedarf hinzugef\u00fcgt. Wie alle Spiralw\u00e4rmetauscher werden sie in das Zirkulationssystem integriert, entweder direkt oder \u00fcber ein Bypass-System. Eigenschaften: - eine Befestigungsschelle aus Edelstahl ist im Lieferumfang enthalten, - max. Druck \u2013 Heizung: 10 bar, - max. Druck \u2013 Pool: 3 bar.\" \/>\n<meta property=\"og:url\" content=\"https:\/\/pool-house.shop\/de\/product\/waermetauscher-solar-d-nwt-35-60-kw\/\" \/>\n<meta property=\"og:site_name\" content=\"Pool-House\" \/>\n<meta property=\"article:publisher\" content=\"https:\/\/www.facebook.com\/termodomsk\/\" \/>\n<meta property=\"og:image\" content=\"https:\/\/pool-house.shop\/wp-content\/uploads\/2025\/03\/060107.png\" \/>\n\t<meta property=\"og:image:width\" content=\"1600\" \/>\n\t<meta property=\"og:image:height\" content=\"1600\" \/>\n\t<meta property=\"og:image:type\" content=\"image\/png\" \/>\n<meta name=\"twitter:card\" content=\"summary_large_image\" \/>\n<meta name=\"twitter:label1\" content=\"Gesch\u00e4tzte Lesezeit\" \/>\n\t<meta name=\"twitter:data1\" content=\"1\u00a0Minute\" \/>\n<script type=\"application\/ld+json\" class=\"yoast-schema-graph\">{\"@context\":\"https:\/\/schema.org\",\"@graph\":[{\"@type\":\"WebPage\",\"@id\":\"https:\/\/pool-house.shop\/de\/product\/waermetauscher-solar-d-nwt-35-60-kw\/\",\"url\":\"https:\/\/pool-house.shop\/de\/product\/waermetauscher-solar-d-nwt-35-60-kw\/\",\"name\":\"W\u00e4rmetauscher Solar D-NWT 35 - 60 kW - Pool-House\",\"isPartOf\":{\"@id\":\"https:\/\/pool-house.shop\/de\/#website\"},\"primaryImageOfPage\":{\"@id\":\"https:\/\/pool-house.shop\/de\/product\/waermetauscher-solar-d-nwt-35-60-kw\/#primaryimage\"},\"image\":{\"@id\":\"https:\/\/pool-house.shop\/de\/product\/waermetauscher-solar-d-nwt-35-60-kw\/#primaryimage\"},\"thumbnailUrl\":\"https:\/\/pool-house.shop\/wp-content\/uploads\/2025\/03\/060107.png\",\"datePublished\":\"2025-03-23T23:00:39+00:00\",\"breadcrumb\":{\"@id\":\"https:\/\/pool-house.shop\/de\/product\/waermetauscher-solar-d-nwt-35-60-kw\/#breadcrumb\"},\"inLanguage\":\"de\",\"potentialAction\":[{\"@type\":\"ReadAction\",\"target\":[\"https:\/\/pool-house.shop\/de\/product\/waermetauscher-solar-d-nwt-35-60-kw\/\"]}]},{\"@type\":\"ImageObject\",\"inLanguage\":\"de\",\"@id\":\"https:\/\/pool-house.shop\/de\/product\/waermetauscher-solar-d-nwt-35-60-kw\/#primaryimage\",\"url\":\"https:\/\/pool-house.shop\/wp-content\/uploads\/2025\/03\/060107.png\",\"contentUrl\":\"https:\/\/pool-house.shop\/wp-content\/uploads\/2025\/03\/060107.png\",\"width\":1600,\"height\":1600},{\"@type\":\"BreadcrumbList\",\"@id\":\"https:\/\/pool-house.shop\/de\/product\/waermetauscher-solar-d-nwt-35-60-kw\/#breadcrumb\",\"itemListElement\":[{\"@type\":\"ListItem\",\"position\":1,\"name\":\"Domovsk\u00e1 str\u00e1nka\",\"item\":\"https:\/\/pool-house.shop\/de\/\"},{\"@type\":\"ListItem\",\"position\":2,\"name\":\"Shop\",\"item\":\"https:\/\/pool-house.shop\/de\/shop\/\"},{\"@type\":\"ListItem\",\"position\":3,\"name\":\"W\u00e4rmetauscher Solar D-NWT 35 &#8211; 60 kW\"}]},{\"@type\":\"WebSite\",\"@id\":\"https:\/\/pool-house.shop\/de\/#website\",\"url\":\"https:\/\/pool-house.shop\/de\/\",\"name\":\"Pool-House\",\"description\":\"\",\"publisher\":{\"@id\":\"https:\/\/pool-house.shop\/de\/#organization\"},\"potentialAction\":[{\"@type\":\"SearchAction\",\"target\":{\"@type\":\"EntryPoint\",\"urlTemplate\":\"https:\/\/pool-house.shop\/de\/?s={search_term_string}\"},\"query-input\":{\"@type\":\"PropertyValueSpecification\",\"valueRequired\":true,\"valueName\":\"search_term_string\"}}],\"inLanguage\":\"de\"},{\"@type\":\"Organization\",\"@id\":\"https:\/\/pool-house.shop\/de\/#organization\",\"name\":\"Pool-House\",\"url\":\"https:\/\/pool-house.shop\/de\/\",\"logo\":{\"@type\":\"ImageObject\",\"inLanguage\":\"de\",\"@id\":\"https:\/\/pool-house.shop\/de\/#\/schema\/logo\/image\/\",\"url\":\"https:\/\/pool-house.shop\/wp-content\/uploads\/2025\/10\/logo-2-stvorec-mobil-modre.png\",\"contentUrl\":\"https:\/\/pool-house.shop\/wp-content\/uploads\/2025\/10\/logo-2-stvorec-mobil-modre.png\",\"width\":273,\"height\":189,\"caption\":\"Pool-House\"},\"image\":{\"@id\":\"https:\/\/pool-house.shop\/de\/#\/schema\/logo\/image\/\"},\"sameAs\":[\"https:\/\/www.facebook.com\/termodomsk\/\"]}]}<\/script>\n<!-- \/ Yoast SEO plugin. -->","yoast_head_json":{"title":"W\u00e4rmetauscher Solar D-NWT 35 - 60 kW - Pool-House","robots":{"index":"index","follow":"follow","max-snippet":"max-snippet:-1","max-image-preview":"max-image-preview:large","max-video-preview":"max-video-preview:-1"},"canonical":"https:\/\/pool-house.shop\/de\/product\/waermetauscher-solar-d-nwt-35-60-kw\/","og_locale":"de_DE","og_type":"article","og_title":"W\u00e4rmetauscher Solar D-NWT 35 - 60 kW - Pool-House","og_description":"W\u00e4rmetauscher Solar D-NWT  Rohr-Solarw\u00e4rmetauscher aus AISI 316L Stahl zur Wassererw\u00e4rmung mittels Niedertemperatur-Heizsystemen.  Wasser\/Wasser-W\u00e4rmetauscher mit glatten, spiralf\u00f6rmig gewickelten Rohren, querverlaufendem elektrischem Fluss, Innenmantel und Str\u00f6mungsrichter f\u00fcr eine optimale Aufnahme der Prim\u00e4renergie, mit fortschrittlicher Schwei\u00dftechnik und hochwertiger Verarbeitung. Die lange Lebensdauer des Ger\u00e4ts wird durch F\u00e4rbung, Passivierung und elektrolytisches Polieren des Au\u00dfenmaterials gew\u00e4hrleistet. Diese W\u00e4rmetauscher bieten maximale Energieeffizienz bei minimalem Druckverlust. Wie alle Spiralw\u00e4rmetauscher m\u00fcssen sie direkt in das Zirkulationssystem des Poolwassers oder \u00fcber ein Bypass-System installiert werden.  W\u00e4rmetauscher Solar Hybrid D-SHWT Hybrid-W\u00e4rmetauscher aus Edelstahl f\u00fcr die kombinierte \u2013 hybride Wassererw\u00e4rmung: mittels Solarzelle und W\u00e4rmetauscher.  Der sorgf\u00e4ltig verarbeitete Wasser\/Wasser-W\u00e4rmetauscher mit der \u00fcblichen Premium-Qualit\u00e4tskonstruktion ist vielseitig als Hybrid-W\u00e4rmetauscher einsetzbar. Er nutzt alternative Energie, und fossile Brennstoffe werden nur bei Bedarf hinzugef\u00fcgt. Wie alle Spiralw\u00e4rmetauscher werden sie in das Zirkulationssystem integriert, entweder direkt oder \u00fcber ein Bypass-System. Eigenschaften: - eine Befestigungsschelle aus Edelstahl ist im Lieferumfang enthalten, - max. Druck \u2013 Heizung: 10 bar, - max. Druck \u2013 Pool: 3 bar.","og_url":"https:\/\/pool-house.shop\/de\/product\/waermetauscher-solar-d-nwt-35-60-kw\/","og_site_name":"Pool-House","article_publisher":"https:\/\/www.facebook.com\/termodomsk\/","og_image":[{"width":1600,"height":1600,"url":"https:\/\/pool-house.shop\/wp-content\/uploads\/2025\/03\/060107.png","type":"image\/png"}],"twitter_card":"summary_large_image","twitter_misc":{"Gesch\u00e4tzte Lesezeit":"1\u00a0Minute"},"schema":{"@context":"https:\/\/schema.org","@graph":[{"@type":"WebPage","@id":"https:\/\/pool-house.shop\/de\/product\/waermetauscher-solar-d-nwt-35-60-kw\/","url":"https:\/\/pool-house.shop\/de\/product\/waermetauscher-solar-d-nwt-35-60-kw\/","name":"W\u00e4rmetauscher Solar D-NWT 35 - 60 kW - Pool-House","isPartOf":{"@id":"https:\/\/pool-house.shop\/de\/#website"},"primaryImageOfPage":{"@id":"https:\/\/pool-house.shop\/de\/product\/waermetauscher-solar-d-nwt-35-60-kw\/#primaryimage"},"image":{"@id":"https:\/\/pool-house.shop\/de\/product\/waermetauscher-solar-d-nwt-35-60-kw\/#primaryimage"},"thumbnailUrl":"https:\/\/pool-house.shop\/wp-content\/uploads\/2025\/03\/060107.png","datePublished":"2025-03-23T23:00:39+00:00","breadcrumb":{"@id":"https:\/\/pool-house.shop\/de\/product\/waermetauscher-solar-d-nwt-35-60-kw\/#breadcrumb"},"inLanguage":"de","potentialAction":[{"@type":"ReadAction","target":["https:\/\/pool-house.shop\/de\/product\/waermetauscher-solar-d-nwt-35-60-kw\/"]}]},{"@type":"ImageObject","inLanguage":"de","@id":"https:\/\/pool-house.shop\/de\/product\/waermetauscher-solar-d-nwt-35-60-kw\/#primaryimage","url":"https:\/\/pool-house.shop\/wp-content\/uploads\/2025\/03\/060107.png","contentUrl":"https:\/\/pool-house.shop\/wp-content\/uploads\/2025\/03\/060107.png","width":1600,"height":1600},{"@type":"BreadcrumbList","@id":"https:\/\/pool-house.shop\/de\/product\/waermetauscher-solar-d-nwt-35-60-kw\/#breadcrumb","itemListElement":[{"@type":"ListItem","position":1,"name":"Domovsk\u00e1 str\u00e1nka","item":"https:\/\/pool-house.shop\/de\/"},{"@type":"ListItem","position":2,"name":"Shop","item":"https:\/\/pool-house.shop\/de\/shop\/"},{"@type":"ListItem","position":3,"name":"W\u00e4rmetauscher Solar D-NWT 35 &#8211; 60 kW"}]},{"@type":"WebSite","@id":"https:\/\/pool-house.shop\/de\/#website","url":"https:\/\/pool-house.shop\/de\/","name":"Pool-House","description":"","publisher":{"@id":"https:\/\/pool-house.shop\/de\/#organization"},"potentialAction":[{"@type":"SearchAction","target":{"@type":"EntryPoint","urlTemplate":"https:\/\/pool-house.shop\/de\/?s={search_term_string}"},"query-input":{"@type":"PropertyValueSpecification","valueRequired":true,"valueName":"search_term_string"}}],"inLanguage":"de"},{"@type":"Organization","@id":"https:\/\/pool-house.shop\/de\/#organization","name":"Pool-House","url":"https:\/\/pool-house.shop\/de\/","logo":{"@type":"ImageObject","inLanguage":"de","@id":"https:\/\/pool-house.shop\/de\/#\/schema\/logo\/image\/","url":"https:\/\/pool-house.shop\/wp-content\/uploads\/2025\/10\/logo-2-stvorec-mobil-modre.png","contentUrl":"https:\/\/pool-house.shop\/wp-content\/uploads\/2025\/10\/logo-2-stvorec-mobil-modre.png","width":273,"height":189,"caption":"Pool-House"},"image":{"@id":"https:\/\/pool-house.shop\/de\/#\/schema\/logo\/image\/"},"sameAs":["https:\/\/www.facebook.com\/termodomsk\/"]}]}},"_links":{"self":[{"href":"https:\/\/pool-house.shop\/de\/wp-json\/wp\/v2\/product\/8120","targetHints":{"allow":["GET"]}}],"collection":[{"href":"https:\/\/pool-house.shop\/de\/wp-json\/wp\/v2\/product"}],"about":[{"href":"https:\/\/pool-house.shop\/de\/wp-json\/wp\/v2\/types\/product"}],"wp:featuredmedia":[{"embeddable":true,"href":"https:\/\/pool-house.shop\/de\/wp-json\/wp\/v2\/media\/2830"}],"wp:attachment":[{"href":"https:\/\/pool-house.shop\/de\/wp-json\/wp\/v2\/media?parent=8120"}],"wp:term":[{"taxonomy":"product_brand","embeddable":true,"href":"https:\/\/pool-house.shop\/de\/wp-json\/wp\/v2\/product_brand?post=8120"},{"taxonomy":"product_cat","embeddable":true,"href":"https:\/\/pool-house.shop\/de\/wp-json\/wp\/v2\/product_cat?post=8120"},{"taxonomy":"product_tag","embeddable":true,"href":"https:\/\/pool-house.shop\/de\/wp-json\/wp\/v2\/product_tag?post=8120"}],"curies":[{"name":"wp","href":"https:\/\/api.w.org\/{rel}","templated":true}]}}