{"id":8153,"date":"2025-03-24T00:00:07","date_gmt":"2025-03-23T23:00:07","guid":{"rendered":"https:\/\/pool-house.shop\/product\/heizspirale-evo-d-ewt-6-kw\/"},"modified":"2025-03-24T00:00:07","modified_gmt":"2025-03-23T23:00:07","slug":"heizspirale-evo-d-ewt-6-kw","status":"publish","type":"product","link":"https:\/\/pool-house.shop\/de\/product\/heizspirale-evo-d-ewt-6-kw\/","title":{"rendered":"Heizspirale Evo D-EWT 6 kW"},"content":{"rendered":"<p>Heizspirale f\u00fcr Elektroheizung<\/p>\n<p> Ersatzteil f\u00fcr Elektroheizung \u2013 Heizspirale. <\/p>\n<p> Typen:<br \/>\n &#8211; Evo,<br \/>\n &#8211; Evo Titan,<br \/>\n &#8211; Mini.<\/p>\n<p> Heizspiralen<br \/>\n Elektrische W\u00e4rmetauscher der Serie D-EWT Evo mit Regelthermostat 0 \u2013 40 \u00b0C, Sicherheitsthermostat 55 \u00b0C, Durchflussregler zum Schutz vor langsamer Wasserstr\u00f6mung und Heizspiralen aus Incoloy 825 Material mit hoher Korrosionsbest\u00e4ndigkeit sind \u00e4u\u00dferst vielseitig einsetzbar \u2013 zum Beheizen von Pools, Whirlpools und \u00e4hnlichen Anlagen.<\/p>\n","protected":false},"excerpt":{"rendered":"<p>Heizspirale f\u00fcr Elektroheizung<\/p>\n<p> Ersatzteil f\u00fcr Elektroheizung \u2013 Heizspirale. <\/p>\n<p> Typen:<br \/>\n &#8211; Evo,<br \/>\n &#8211; Evo Titan,<br \/>\n &#8211; Mini.<\/p>\n<p> Heizspiralen<br \/>\n Elektrische W\u00e4rmetauscher der Serie D-EWT Evo mit Regelthermostat 0 \u2013 40 \u00b0C, Sicherheitsthermostat 55 \u00b0C, Durchflussregler zum Schutz vor langsamer Wasserstr\u00f6mung und Heizspiralen aus Incoloy 825 Material mit hoher Korrosionsbest\u00e4ndigkeit sind \u00e4u\u00dferst vielseitig einsetzbar \u2013 zum Beheizen von Pools, Whirlpools und \u00e4hnlichen Anlagen.<\/p>\n","protected":false},"featured_media":2794,"template":"","meta":[],"product_brand":[],"product_cat":[253],"product_tag":[254],"class_list":{"0":"post-8153","1":"product","2":"type-product","3":"status-publish","4":"has-post-thumbnail","6":"product_cat-elektrische-heizung","7":"product_tag-elektrische-heizung","8":"thunk-woo-product-list","9":"open-woo-hover-none","10":"open-single-product-tab-horizontal","11":"open-shadow-","12":"open-shadow-hover-","14":"first","15":"instock","16":"taxable","17":"shipping-taxable","18":"purchasable","19":"product-type-simple"},"yoast_head":"<!-- This site is optimized with the Yoast SEO plugin v26.9 - https:\/\/yoast.com\/product\/yoast-seo-wordpress\/ -->\n<title>Heizspirale Evo D-EWT 6 kW - Pool-House<\/title>\n<meta name=\"robots\" content=\"index, follow, max-snippet:-1, max-image-preview:large, max-video-preview:-1\" \/>\n<link rel=\"canonical\" href=\"https:\/\/pool-house.shop\/de\/product\/heizspirale-evo-d-ewt-6-kw\/\" \/>\n<meta property=\"og:locale\" content=\"de_DE\" \/>\n<meta property=\"og:type\" content=\"article\" \/>\n<meta property=\"og:title\" content=\"Heizspirale Evo D-EWT 6 kW - Pool-House\" \/>\n<meta property=\"og:description\" content=\"Heizspirale f\u00fcr Elektroheizung  Ersatzteil f\u00fcr Elektroheizung \u2013 Heizspirale.   Typen: - Evo, - Evo Titan, - Mini.  Heizspiralen Elektrische W\u00e4rmetauscher der Serie D-EWT Evo mit Regelthermostat 0 \u2013 40 \u00b0C, Sicherheitsthermostat 55 \u00b0C, Durchflussregler zum Schutz vor langsamer Wasserstr\u00f6mung und Heizspiralen aus Incoloy 825 Material mit hoher Korrosionsbest\u00e4ndigkeit sind \u00e4u\u00dferst vielseitig einsetzbar \u2013 zum Beheizen von Pools, Whirlpools und \u00e4hnlichen Anlagen.\" \/>\n<meta property=\"og:url\" content=\"https:\/\/pool-house.shop\/de\/product\/heizspirale-evo-d-ewt-6-kw\/\" \/>\n<meta property=\"og:site_name\" content=\"Pool-House\" \/>\n<meta property=\"article:publisher\" content=\"https:\/\/www.facebook.com\/termodomsk\/\" \/>\n<meta property=\"og:image\" content=\"https:\/\/pool-house.shop\/wp-content\/uploads\/2025\/03\/060052.png\" \/>\n\t<meta property=\"og:image:width\" content=\"1600\" \/>\n\t<meta property=\"og:image:height\" content=\"1600\" \/>\n\t<meta property=\"og:image:type\" content=\"image\/png\" \/>\n<meta name=\"twitter:card\" content=\"summary_large_image\" \/>\n<script type=\"application\/ld+json\" class=\"yoast-schema-graph\">{\"@context\":\"https:\/\/schema.org\",\"@graph\":[{\"@type\":\"WebPage\",\"@id\":\"https:\/\/pool-house.shop\/de\/product\/heizspirale-evo-d-ewt-6-kw\/\",\"url\":\"https:\/\/pool-house.shop\/de\/product\/heizspirale-evo-d-ewt-6-kw\/\",\"name\":\"Heizspirale Evo D-EWT 6 kW - Pool-House\",\"isPartOf\":{\"@id\":\"https:\/\/pool-house.shop\/de\/#website\"},\"primaryImageOfPage\":{\"@id\":\"https:\/\/pool-house.shop\/de\/product\/heizspirale-evo-d-ewt-6-kw\/#primaryimage\"},\"image\":{\"@id\":\"https:\/\/pool-house.shop\/de\/product\/heizspirale-evo-d-ewt-6-kw\/#primaryimage\"},\"thumbnailUrl\":\"https:\/\/pool-house.shop\/wp-content\/uploads\/2025\/03\/060052.png\",\"datePublished\":\"2025-03-23T23:00:07+00:00\",\"breadcrumb\":{\"@id\":\"https:\/\/pool-house.shop\/de\/product\/heizspirale-evo-d-ewt-6-kw\/#breadcrumb\"},\"inLanguage\":\"de\",\"potentialAction\":[{\"@type\":\"ReadAction\",\"target\":[\"https:\/\/pool-house.shop\/de\/product\/heizspirale-evo-d-ewt-6-kw\/\"]}]},{\"@type\":\"ImageObject\",\"inLanguage\":\"de\",\"@id\":\"https:\/\/pool-house.shop\/de\/product\/heizspirale-evo-d-ewt-6-kw\/#primaryimage\",\"url\":\"https:\/\/pool-house.shop\/wp-content\/uploads\/2025\/03\/060052.png\",\"contentUrl\":\"https:\/\/pool-house.shop\/wp-content\/uploads\/2025\/03\/060052.png\",\"width\":1600,\"height\":1600},{\"@type\":\"BreadcrumbList\",\"@id\":\"https:\/\/pool-house.shop\/de\/product\/heizspirale-evo-d-ewt-6-kw\/#breadcrumb\",\"itemListElement\":[{\"@type\":\"ListItem\",\"position\":1,\"name\":\"Domovsk\u00e1 str\u00e1nka\",\"item\":\"https:\/\/pool-house.shop\/de\/\"},{\"@type\":\"ListItem\",\"position\":2,\"name\":\"Shop\",\"item\":\"https:\/\/pool-house.shop\/de\/shop\/\"},{\"@type\":\"ListItem\",\"position\":3,\"name\":\"Heizspirale Evo D-EWT 6 kW\"}]},{\"@type\":\"WebSite\",\"@id\":\"https:\/\/pool-house.shop\/de\/#website\",\"url\":\"https:\/\/pool-house.shop\/de\/\",\"name\":\"Pool-House\",\"description\":\"\",\"publisher\":{\"@id\":\"https:\/\/pool-house.shop\/de\/#organization\"},\"potentialAction\":[{\"@type\":\"SearchAction\",\"target\":{\"@type\":\"EntryPoint\",\"urlTemplate\":\"https:\/\/pool-house.shop\/de\/?s={search_term_string}\"},\"query-input\":{\"@type\":\"PropertyValueSpecification\",\"valueRequired\":true,\"valueName\":\"search_term_string\"}}],\"inLanguage\":\"de\"},{\"@type\":\"Organization\",\"@id\":\"https:\/\/pool-house.shop\/de\/#organization\",\"name\":\"Pool-House\",\"url\":\"https:\/\/pool-house.shop\/de\/\",\"logo\":{\"@type\":\"ImageObject\",\"inLanguage\":\"de\",\"@id\":\"https:\/\/pool-house.shop\/de\/#\/schema\/logo\/image\/\",\"url\":\"https:\/\/pool-house.shop\/wp-content\/uploads\/2025\/10\/logo-2-stvorec-mobil-modre.png\",\"contentUrl\":\"https:\/\/pool-house.shop\/wp-content\/uploads\/2025\/10\/logo-2-stvorec-mobil-modre.png\",\"width\":273,\"height\":189,\"caption\":\"Pool-House\"},\"image\":{\"@id\":\"https:\/\/pool-house.shop\/de\/#\/schema\/logo\/image\/\"},\"sameAs\":[\"https:\/\/www.facebook.com\/termodomsk\/\"]}]}<\/script>\n<!-- \/ Yoast SEO plugin. -->","yoast_head_json":{"title":"Heizspirale Evo D-EWT 6 kW - Pool-House","robots":{"index":"index","follow":"follow","max-snippet":"max-snippet:-1","max-image-preview":"max-image-preview:large","max-video-preview":"max-video-preview:-1"},"canonical":"https:\/\/pool-house.shop\/de\/product\/heizspirale-evo-d-ewt-6-kw\/","og_locale":"de_DE","og_type":"article","og_title":"Heizspirale Evo D-EWT 6 kW - Pool-House","og_description":"Heizspirale f\u00fcr Elektroheizung  Ersatzteil f\u00fcr Elektroheizung \u2013 Heizspirale.   Typen: - Evo, - Evo Titan, - Mini.  Heizspiralen Elektrische W\u00e4rmetauscher der Serie D-EWT Evo mit Regelthermostat 0 \u2013 40 \u00b0C, Sicherheitsthermostat 55 \u00b0C, Durchflussregler zum Schutz vor langsamer Wasserstr\u00f6mung und Heizspiralen aus Incoloy 825 Material mit hoher Korrosionsbest\u00e4ndigkeit sind \u00e4u\u00dferst vielseitig einsetzbar \u2013 zum Beheizen von Pools, Whirlpools und \u00e4hnlichen Anlagen.","og_url":"https:\/\/pool-house.shop\/de\/product\/heizspirale-evo-d-ewt-6-kw\/","og_site_name":"Pool-House","article_publisher":"https:\/\/www.facebook.com\/termodomsk\/","og_image":[{"width":1600,"height":1600,"url":"https:\/\/pool-house.shop\/wp-content\/uploads\/2025\/03\/060052.png","type":"image\/png"}],"twitter_card":"summary_large_image","schema":{"@context":"https:\/\/schema.org","@graph":[{"@type":"WebPage","@id":"https:\/\/pool-house.shop\/de\/product\/heizspirale-evo-d-ewt-6-kw\/","url":"https:\/\/pool-house.shop\/de\/product\/heizspirale-evo-d-ewt-6-kw\/","name":"Heizspirale Evo D-EWT 6 kW - Pool-House","isPartOf":{"@id":"https:\/\/pool-house.shop\/de\/#website"},"primaryImageOfPage":{"@id":"https:\/\/pool-house.shop\/de\/product\/heizspirale-evo-d-ewt-6-kw\/#primaryimage"},"image":{"@id":"https:\/\/pool-house.shop\/de\/product\/heizspirale-evo-d-ewt-6-kw\/#primaryimage"},"thumbnailUrl":"https:\/\/pool-house.shop\/wp-content\/uploads\/2025\/03\/060052.png","datePublished":"2025-03-23T23:00:07+00:00","breadcrumb":{"@id":"https:\/\/pool-house.shop\/de\/product\/heizspirale-evo-d-ewt-6-kw\/#breadcrumb"},"inLanguage":"de","potentialAction":[{"@type":"ReadAction","target":["https:\/\/pool-house.shop\/de\/product\/heizspirale-evo-d-ewt-6-kw\/"]}]},{"@type":"ImageObject","inLanguage":"de","@id":"https:\/\/pool-house.shop\/de\/product\/heizspirale-evo-d-ewt-6-kw\/#primaryimage","url":"https:\/\/pool-house.shop\/wp-content\/uploads\/2025\/03\/060052.png","contentUrl":"https:\/\/pool-house.shop\/wp-content\/uploads\/2025\/03\/060052.png","width":1600,"height":1600},{"@type":"BreadcrumbList","@id":"https:\/\/pool-house.shop\/de\/product\/heizspirale-evo-d-ewt-6-kw\/#breadcrumb","itemListElement":[{"@type":"ListItem","position":1,"name":"Domovsk\u00e1 str\u00e1nka","item":"https:\/\/pool-house.shop\/de\/"},{"@type":"ListItem","position":2,"name":"Shop","item":"https:\/\/pool-house.shop\/de\/shop\/"},{"@type":"ListItem","position":3,"name":"Heizspirale Evo D-EWT 6 kW"}]},{"@type":"WebSite","@id":"https:\/\/pool-house.shop\/de\/#website","url":"https:\/\/pool-house.shop\/de\/","name":"Pool-House","description":"","publisher":{"@id":"https:\/\/pool-house.shop\/de\/#organization"},"potentialAction":[{"@type":"SearchAction","target":{"@type":"EntryPoint","urlTemplate":"https:\/\/pool-house.shop\/de\/?s={search_term_string}"},"query-input":{"@type":"PropertyValueSpecification","valueRequired":true,"valueName":"search_term_string"}}],"inLanguage":"de"},{"@type":"Organization","@id":"https:\/\/pool-house.shop\/de\/#organization","name":"Pool-House","url":"https:\/\/pool-house.shop\/de\/","logo":{"@type":"ImageObject","inLanguage":"de","@id":"https:\/\/pool-house.shop\/de\/#\/schema\/logo\/image\/","url":"https:\/\/pool-house.shop\/wp-content\/uploads\/2025\/10\/logo-2-stvorec-mobil-modre.png","contentUrl":"https:\/\/pool-house.shop\/wp-content\/uploads\/2025\/10\/logo-2-stvorec-mobil-modre.png","width":273,"height":189,"caption":"Pool-House"},"image":{"@id":"https:\/\/pool-house.shop\/de\/#\/schema\/logo\/image\/"},"sameAs":["https:\/\/www.facebook.com\/termodomsk\/"]}]}},"_links":{"self":[{"href":"https:\/\/pool-house.shop\/de\/wp-json\/wp\/v2\/product\/8153","targetHints":{"allow":["GET"]}}],"collection":[{"href":"https:\/\/pool-house.shop\/de\/wp-json\/wp\/v2\/product"}],"about":[{"href":"https:\/\/pool-house.shop\/de\/wp-json\/wp\/v2\/types\/product"}],"wp:featuredmedia":[{"embeddable":true,"href":"https:\/\/pool-house.shop\/de\/wp-json\/wp\/v2\/media\/2794"}],"wp:attachment":[{"href":"https:\/\/pool-house.shop\/de\/wp-json\/wp\/v2\/media?parent=8153"}],"wp:term":[{"taxonomy":"product_brand","embeddable":true,"href":"https:\/\/pool-house.shop\/de\/wp-json\/wp\/v2\/product_brand?post=8153"},{"taxonomy":"product_cat","embeddable":true,"href":"https:\/\/pool-house.shop\/de\/wp-json\/wp\/v2\/product_cat?post=8153"},{"taxonomy":"product_tag","embeddable":true,"href":"https:\/\/pool-house.shop\/de\/wp-json\/wp\/v2\/product_tag?post=8153"}],"curies":[{"name":"wp","href":"https:\/\/api.w.org\/{rel}","templated":true}]}}