{"id":8161,"date":"2025-03-23T23:59:53","date_gmt":"2025-03-23T22:59:53","guid":{"rendered":"https:\/\/pool-house.shop\/product\/frequenzumrichter-e-pool-tt3-11a\/"},"modified":"2026-01-28T09:33:40","modified_gmt":"2026-01-28T08:33:40","slug":"frequenzumrichter-e-pool-tt3-11a","status":"publish","type":"product","link":"https:\/\/pool-house.shop\/de\/product\/frequenzumrichter-e-pool-tt3-11a\/","title":{"rendered":"Frequenzumrichter E-Pool TT3-11A"},"content":{"rendered":"<p>Frequenzumrichter E-Pool<\/p>\n<p> Da der Durchfluss bei der Wasserzirkulation in \u00f6ffentlichen Schwimmb\u00e4dern von der Anzahl der Badeg\u00e4ste abh\u00e4ngt, ist es nicht energieeffizient, wenn die Pumpen st\u00e4ndig mit 100 % Leistung laufen.<br \/>\n Die Inverter-Steuereinheit E-Pool wurde speziell zur Automatisierung von Pumpen entwickelt. Anstatt die Pumpe mit voller Leistung zu betreiben, regelt sie deren Drehzahl.<br \/>\n Sie kann die Pumpenleistung basierend auf zeitgesteuerten Programmen anpassen, wodurch Energie gespart und die Betriebskosten gesenkt werden.<br \/>\n Bei Systemen mit mehreren Pumpen kann sie mit anderen Pumpen kommunizieren, sofern diese mit einer E-Pool-Steuereinheit ausgestattet sind. <\/p>\n<p> Hauptmerkmale:<br \/>\n &#8211; Erhebliche Energieeinsparung, da die Pumpe ihre Betriebsgeschwindigkeit je nach den Anforderungen der Wasserzirkulation anpassen kann.<br \/>\n &#8211; Verschiedene Betriebsgeschwindigkeiten je nach Programmen.<br \/>\n &#8211; Kommunikation zwischen den Pumpen.<br \/>\n &#8211; \u00dcberstromschutz.<br \/>\n &#8211; Selbstlernendes System, das st\u00e4ndig Parameter \u00fcberwacht, um einen Trockenlauf der Pumpe zu verhindern.<br \/>\n &#8211; Leiser Betrieb.<br \/>\n &#8211; Geeignet f\u00fcr alle Pumpentypen (Kreisel-, Vertikal-, Tauchpumpen mit Induktionsmotor oder Permanentmagnetmotor PM).<br \/>\n &#8211; Einfache Bedienung.<br \/>\n &#8211; Energieeinsparung.<br \/>\n &#8211; Kommunikation von max. 8 (e)Pool-Einheiten. <x id=\"gid_0\"><\/x> &#8211; Wandmontage (optional).<x id=\"gid_1\"><\/x> <x id=\"gid_2\"><\/x> Die perfekte L\u00f6sung f\u00fcr \u00f6ffentliche Schwimmb\u00e4der dank der M\u00f6glichkeit der Nachr\u00fcstung, ohne dass eine bestehende und gut funktionierende Pumpe ausgetauscht werden muss.<x id=\"gid_3\"><\/x> <x id=\"gid_4\"><\/x> Technische Daten:<x id=\"gid_5\"><\/x> &#8211; 3-Phasen-Pumpe,<x id=\"gid_6\"><\/x> &#8211; Spannung: 400 V, <x id=\"gid_7\"><\/x> &#8211; Leistung: max. 4 kW (5,5 PS).  <\/p>\n","protected":false},"excerpt":{"rendered":"<p>Frequenzumrichter E-Pool<\/p>\n<p> Da der Durchfluss bei der Wasserzirkulation in \u00f6ffentlichen Schwimmb\u00e4dern von der Anzahl der Badeg\u00e4ste abh\u00e4ngt, ist es nicht energieeffizient, wenn die Pumpen st\u00e4ndig mit 100 % Leistung laufen.<br \/>\n Die Inverter-Steuereinheit E-Pool wurde speziell zur Automatisierung von Pumpen entwickelt. Anstatt die Pumpe mit voller Leistung zu betreiben, regelt sie deren Drehzahl.<br \/>\n Sie kann die Pumpenleistung basierend auf zeitgesteuerten Programmen anpassen, wodurch Energie gespart und die Betriebskosten gesenkt werden.<br \/>\n Bei Systemen mit mehreren Pumpen kann sie mit anderen Pumpen kommunizieren, sofern diese mit einer E-Pool-Steuereinheit ausgestattet sind. <\/p>\n<p> Hauptmerkmale:<br \/>\n &#8211; Erhebliche Energieeinsparung, da die Pumpe ihre Betriebsgeschwindigkeit je nach den Anforderungen der Wasserzirkulation anpassen kann.<br \/>\n &#8211; Verschiedene Betriebsgeschwindigkeiten je nach Programmen.<br \/>\n &#8211; Kommunikation zwischen den Pumpen.<br \/>\n &#8211; \u00dcberstromschutz.<br \/>\n &#8211; Selbstlernendes System, das st\u00e4ndig Parameter \u00fcberwacht, um einen Trockenlauf der Pumpe zu verhindern.<br \/>\n &#8211; Leiser Betrieb.<br \/>\n &#8211; Geeignet f\u00fcr alle Pumpentypen (Kreisel-, Vertikal-, Tauchpumpen mit Induktionsmotor oder Permanentmagnetmotor PM).<br \/>\n &#8211; Einfache Bedienung.<br \/>\n &#8211; Energieeinsparung.<br \/>\n &#8211; Kommunikation von max. 8 (e)Pool-Einheiten.<br \/>\n &#8211; Wandmontage (optional).<\/p>\n<p> Die perfekte L\u00f6sung f\u00fcr \u00f6ffentliche Schwimmb\u00e4der dank der M\u00f6glichkeit der Nachr\u00fcstung, ohne dass eine bestehende und gut funktionierende Pumpe ausgetauscht werden muss.<\/p>\n<p> Technische Daten:<br \/>\n &#8211; 3-Phasen-Pumpe,<br \/>\n &#8211; Spannung: 400 V,<br \/>\n &#8211; Leistung: max. 4 kW (5,5 PS).  <\/p>\n","protected":false},"featured_media":8163,"template":"","meta":[],"product_brand":[],"product_cat":[353,354],"product_tag":[258],"class_list":{"0":"post-8161","1":"product","2":"type-product","3":"status-publish","4":"has-post-thumbnail","6":"product_cat-filteranlagen","7":"product_cat-zubehor_filteranlagen","8":"product_tag-zubehor","9":"thunk-woo-product-list","10":"open-woo-hover-none","11":"open-single-product-tab-horizontal","12":"open-shadow-","13":"open-shadow-hover-","15":"first","16":"instock","17":"featured","18":"taxable","19":"shipping-taxable","20":"purchasable","21":"product-type-simple"},"yoast_head":"<!-- This site is optimized with the Yoast SEO plugin v26.9 - https:\/\/yoast.com\/product\/yoast-seo-wordpress\/ -->\n<title>Frequenzumrichter E-Pool TT3-11A - Pool-House<\/title>\n<meta name=\"robots\" content=\"index, follow, max-snippet:-1, max-image-preview:large, max-video-preview:-1\" \/>\n<link rel=\"canonical\" href=\"https:\/\/pool-house.shop\/de\/product\/frequenzumrichter-e-pool-tt3-11a\/\" \/>\n<meta property=\"og:locale\" content=\"de_DE\" \/>\n<meta property=\"og:type\" content=\"article\" \/>\n<meta property=\"og:title\" content=\"Frequenzumrichter E-Pool TT3-11A - Pool-House\" \/>\n<meta property=\"og:description\" content=\"Frequenzumrichter E-Pool  Da der Durchfluss bei der Wasserzirkulation in \u00f6ffentlichen Schwimmb\u00e4dern von der Anzahl der Badeg\u00e4ste abh\u00e4ngt, ist es nicht energieeffizient, wenn die Pumpen st\u00e4ndig mit 100 % Leistung laufen. Die Inverter-Steuereinheit E-Pool wurde speziell zur Automatisierung von Pumpen entwickelt. Anstatt die Pumpe mit voller Leistung zu betreiben, regelt sie deren Drehzahl.  Sie kann die Pumpenleistung basierend auf zeitgesteuerten Programmen anpassen, wodurch Energie gespart und die Betriebskosten gesenkt werden. Bei Systemen mit mehreren Pumpen kann sie mit anderen Pumpen kommunizieren, sofern diese mit einer E-Pool-Steuereinheit ausgestattet sind.   Hauptmerkmale: - Erhebliche Energieeinsparung, da die Pumpe ihre Betriebsgeschwindigkeit je nach den Anforderungen der Wasserzirkulation anpassen kann.  - Verschiedene Betriebsgeschwindigkeiten je nach Programmen. - Kommunikation zwischen den Pumpen. - \u00dcberstromschutz. - Selbstlernendes System, das st\u00e4ndig Parameter \u00fcberwacht, um einen Trockenlauf der Pumpe zu verhindern. - Leiser Betrieb.  - Geeignet f\u00fcr alle Pumpentypen (Kreisel-, Vertikal-, Tauchpumpen mit Induktionsmotor oder Permanentmagnetmotor PM). - Einfache Bedienung. - Energieeinsparung.  - Kommunikation von max. 8 (e)Pool-Einheiten.  - Wandmontage (optional).  Die perfekte L\u00f6sung f\u00fcr \u00f6ffentliche Schwimmb\u00e4der dank der M\u00f6glichkeit der Nachr\u00fcstung, ohne dass eine bestehende und gut funktionierende Pumpe ausgetauscht werden muss.  Technische Daten: - 3-Phasen-Pumpe, - Spannung: 400 V,  - Leistung: max. 4 kW (5,5 PS).\" \/>\n<meta property=\"og:url\" content=\"https:\/\/pool-house.shop\/de\/product\/frequenzumrichter-e-pool-tt3-11a\/\" \/>\n<meta property=\"og:site_name\" content=\"Pool-House\" \/>\n<meta property=\"article:publisher\" content=\"https:\/\/www.facebook.com\/termodomsk\/\" \/>\n<meta property=\"article:modified_time\" content=\"2026-01-28T08:33:40+00:00\" \/>\n<meta property=\"og:image\" content=\"https:\/\/pool-house.shop\/wp-content\/uploads\/2025\/03\/059611.png\" \/>\n\t<meta property=\"og:image:width\" content=\"1000\" \/>\n\t<meta property=\"og:image:height\" content=\"1000\" \/>\n\t<meta property=\"og:image:type\" content=\"image\/png\" \/>\n<meta name=\"twitter:card\" content=\"summary_large_image\" \/>\n<meta name=\"twitter:label1\" content=\"Gesch\u00e4tzte Lesezeit\" \/>\n\t<meta name=\"twitter:data1\" content=\"1\u00a0Minute\" \/>\n<script type=\"application\/ld+json\" class=\"yoast-schema-graph\">{\"@context\":\"https:\/\/schema.org\",\"@graph\":[{\"@type\":\"WebPage\",\"@id\":\"https:\/\/pool-house.shop\/de\/product\/frequenzumrichter-e-pool-tt3-11a\/\",\"url\":\"https:\/\/pool-house.shop\/de\/product\/frequenzumrichter-e-pool-tt3-11a\/\",\"name\":\"Frequenzumrichter E-Pool TT3-11A - Pool-House\",\"isPartOf\":{\"@id\":\"https:\/\/pool-house.shop\/de\/#website\"},\"primaryImageOfPage\":{\"@id\":\"https:\/\/pool-house.shop\/de\/product\/frequenzumrichter-e-pool-tt3-11a\/#primaryimage\"},\"image\":{\"@id\":\"https:\/\/pool-house.shop\/de\/product\/frequenzumrichter-e-pool-tt3-11a\/#primaryimage\"},\"thumbnailUrl\":\"https:\/\/pool-house.shop\/wp-content\/uploads\/2025\/03\/059611.png\",\"datePublished\":\"2025-03-23T22:59:53+00:00\",\"dateModified\":\"2026-01-28T08:33:40+00:00\",\"breadcrumb\":{\"@id\":\"https:\/\/pool-house.shop\/de\/product\/frequenzumrichter-e-pool-tt3-11a\/#breadcrumb\"},\"inLanguage\":\"de\",\"potentialAction\":[{\"@type\":\"ReadAction\",\"target\":[\"https:\/\/pool-house.shop\/de\/product\/frequenzumrichter-e-pool-tt3-11a\/\"]}]},{\"@type\":\"ImageObject\",\"inLanguage\":\"de\",\"@id\":\"https:\/\/pool-house.shop\/de\/product\/frequenzumrichter-e-pool-tt3-11a\/#primaryimage\",\"url\":\"https:\/\/pool-house.shop\/wp-content\/uploads\/2025\/03\/059611.png\",\"contentUrl\":\"https:\/\/pool-house.shop\/wp-content\/uploads\/2025\/03\/059611.png\",\"width\":1000,\"height\":1000},{\"@type\":\"BreadcrumbList\",\"@id\":\"https:\/\/pool-house.shop\/de\/product\/frequenzumrichter-e-pool-tt3-11a\/#breadcrumb\",\"itemListElement\":[{\"@type\":\"ListItem\",\"position\":1,\"name\":\"Domovsk\u00e1 str\u00e1nka\",\"item\":\"https:\/\/pool-house.shop\/de\/\"},{\"@type\":\"ListItem\",\"position\":2,\"name\":\"Shop\",\"item\":\"https:\/\/pool-house.shop\/de\/shop\/\"},{\"@type\":\"ListItem\",\"position\":3,\"name\":\"Frequenzumrichter E-Pool TT3-11A\"}]},{\"@type\":\"WebSite\",\"@id\":\"https:\/\/pool-house.shop\/de\/#website\",\"url\":\"https:\/\/pool-house.shop\/de\/\",\"name\":\"Pool-House\",\"description\":\"\",\"publisher\":{\"@id\":\"https:\/\/pool-house.shop\/de\/#organization\"},\"potentialAction\":[{\"@type\":\"SearchAction\",\"target\":{\"@type\":\"EntryPoint\",\"urlTemplate\":\"https:\/\/pool-house.shop\/de\/?s={search_term_string}\"},\"query-input\":{\"@type\":\"PropertyValueSpecification\",\"valueRequired\":true,\"valueName\":\"search_term_string\"}}],\"inLanguage\":\"de\"},{\"@type\":\"Organization\",\"@id\":\"https:\/\/pool-house.shop\/de\/#organization\",\"name\":\"Pool-House\",\"url\":\"https:\/\/pool-house.shop\/de\/\",\"logo\":{\"@type\":\"ImageObject\",\"inLanguage\":\"de\",\"@id\":\"https:\/\/pool-house.shop\/de\/#\/schema\/logo\/image\/\",\"url\":\"https:\/\/pool-house.shop\/wp-content\/uploads\/2025\/10\/logo-2-stvorec-mobil-modre.png\",\"contentUrl\":\"https:\/\/pool-house.shop\/wp-content\/uploads\/2025\/10\/logo-2-stvorec-mobil-modre.png\",\"width\":273,\"height\":189,\"caption\":\"Pool-House\"},\"image\":{\"@id\":\"https:\/\/pool-house.shop\/de\/#\/schema\/logo\/image\/\"},\"sameAs\":[\"https:\/\/www.facebook.com\/termodomsk\/\"]}]}<\/script>\n<!-- \/ Yoast SEO plugin. -->","yoast_head_json":{"title":"Frequenzumrichter E-Pool TT3-11A - Pool-House","robots":{"index":"index","follow":"follow","max-snippet":"max-snippet:-1","max-image-preview":"max-image-preview:large","max-video-preview":"max-video-preview:-1"},"canonical":"https:\/\/pool-house.shop\/de\/product\/frequenzumrichter-e-pool-tt3-11a\/","og_locale":"de_DE","og_type":"article","og_title":"Frequenzumrichter E-Pool TT3-11A - Pool-House","og_description":"Frequenzumrichter E-Pool  Da der Durchfluss bei der Wasserzirkulation in \u00f6ffentlichen Schwimmb\u00e4dern von der Anzahl der Badeg\u00e4ste abh\u00e4ngt, ist es nicht energieeffizient, wenn die Pumpen st\u00e4ndig mit 100 % Leistung laufen. Die Inverter-Steuereinheit E-Pool wurde speziell zur Automatisierung von Pumpen entwickelt. Anstatt die Pumpe mit voller Leistung zu betreiben, regelt sie deren Drehzahl.  Sie kann die Pumpenleistung basierend auf zeitgesteuerten Programmen anpassen, wodurch Energie gespart und die Betriebskosten gesenkt werden. Bei Systemen mit mehreren Pumpen kann sie mit anderen Pumpen kommunizieren, sofern diese mit einer E-Pool-Steuereinheit ausgestattet sind.   Hauptmerkmale: - Erhebliche Energieeinsparung, da die Pumpe ihre Betriebsgeschwindigkeit je nach den Anforderungen der Wasserzirkulation anpassen kann.  - Verschiedene Betriebsgeschwindigkeiten je nach Programmen. - Kommunikation zwischen den Pumpen. - \u00dcberstromschutz. - Selbstlernendes System, das st\u00e4ndig Parameter \u00fcberwacht, um einen Trockenlauf der Pumpe zu verhindern. - Leiser Betrieb.  - Geeignet f\u00fcr alle Pumpentypen (Kreisel-, Vertikal-, Tauchpumpen mit Induktionsmotor oder Permanentmagnetmotor PM). - Einfache Bedienung. - Energieeinsparung.  - Kommunikation von max. 8 (e)Pool-Einheiten.  - Wandmontage (optional).  Die perfekte L\u00f6sung f\u00fcr \u00f6ffentliche Schwimmb\u00e4der dank der M\u00f6glichkeit der Nachr\u00fcstung, ohne dass eine bestehende und gut funktionierende Pumpe ausgetauscht werden muss.  Technische Daten: - 3-Phasen-Pumpe, - Spannung: 400 V,  - Leistung: max. 4 kW (5,5 PS).","og_url":"https:\/\/pool-house.shop\/de\/product\/frequenzumrichter-e-pool-tt3-11a\/","og_site_name":"Pool-House","article_publisher":"https:\/\/www.facebook.com\/termodomsk\/","article_modified_time":"2026-01-28T08:33:40+00:00","og_image":[{"width":1000,"height":1000,"url":"https:\/\/pool-house.shop\/wp-content\/uploads\/2025\/03\/059611.png","type":"image\/png"}],"twitter_card":"summary_large_image","twitter_misc":{"Gesch\u00e4tzte Lesezeit":"1\u00a0Minute"},"schema":{"@context":"https:\/\/schema.org","@graph":[{"@type":"WebPage","@id":"https:\/\/pool-house.shop\/de\/product\/frequenzumrichter-e-pool-tt3-11a\/","url":"https:\/\/pool-house.shop\/de\/product\/frequenzumrichter-e-pool-tt3-11a\/","name":"Frequenzumrichter E-Pool TT3-11A - Pool-House","isPartOf":{"@id":"https:\/\/pool-house.shop\/de\/#website"},"primaryImageOfPage":{"@id":"https:\/\/pool-house.shop\/de\/product\/frequenzumrichter-e-pool-tt3-11a\/#primaryimage"},"image":{"@id":"https:\/\/pool-house.shop\/de\/product\/frequenzumrichter-e-pool-tt3-11a\/#primaryimage"},"thumbnailUrl":"https:\/\/pool-house.shop\/wp-content\/uploads\/2025\/03\/059611.png","datePublished":"2025-03-23T22:59:53+00:00","dateModified":"2026-01-28T08:33:40+00:00","breadcrumb":{"@id":"https:\/\/pool-house.shop\/de\/product\/frequenzumrichter-e-pool-tt3-11a\/#breadcrumb"},"inLanguage":"de","potentialAction":[{"@type":"ReadAction","target":["https:\/\/pool-house.shop\/de\/product\/frequenzumrichter-e-pool-tt3-11a\/"]}]},{"@type":"ImageObject","inLanguage":"de","@id":"https:\/\/pool-house.shop\/de\/product\/frequenzumrichter-e-pool-tt3-11a\/#primaryimage","url":"https:\/\/pool-house.shop\/wp-content\/uploads\/2025\/03\/059611.png","contentUrl":"https:\/\/pool-house.shop\/wp-content\/uploads\/2025\/03\/059611.png","width":1000,"height":1000},{"@type":"BreadcrumbList","@id":"https:\/\/pool-house.shop\/de\/product\/frequenzumrichter-e-pool-tt3-11a\/#breadcrumb","itemListElement":[{"@type":"ListItem","position":1,"name":"Domovsk\u00e1 str\u00e1nka","item":"https:\/\/pool-house.shop\/de\/"},{"@type":"ListItem","position":2,"name":"Shop","item":"https:\/\/pool-house.shop\/de\/shop\/"},{"@type":"ListItem","position":3,"name":"Frequenzumrichter E-Pool TT3-11A"}]},{"@type":"WebSite","@id":"https:\/\/pool-house.shop\/de\/#website","url":"https:\/\/pool-house.shop\/de\/","name":"Pool-House","description":"","publisher":{"@id":"https:\/\/pool-house.shop\/de\/#organization"},"potentialAction":[{"@type":"SearchAction","target":{"@type":"EntryPoint","urlTemplate":"https:\/\/pool-house.shop\/de\/?s={search_term_string}"},"query-input":{"@type":"PropertyValueSpecification","valueRequired":true,"valueName":"search_term_string"}}],"inLanguage":"de"},{"@type":"Organization","@id":"https:\/\/pool-house.shop\/de\/#organization","name":"Pool-House","url":"https:\/\/pool-house.shop\/de\/","logo":{"@type":"ImageObject","inLanguage":"de","@id":"https:\/\/pool-house.shop\/de\/#\/schema\/logo\/image\/","url":"https:\/\/pool-house.shop\/wp-content\/uploads\/2025\/10\/logo-2-stvorec-mobil-modre.png","contentUrl":"https:\/\/pool-house.shop\/wp-content\/uploads\/2025\/10\/logo-2-stvorec-mobil-modre.png","width":273,"height":189,"caption":"Pool-House"},"image":{"@id":"https:\/\/pool-house.shop\/de\/#\/schema\/logo\/image\/"},"sameAs":["https:\/\/www.facebook.com\/termodomsk\/"]}]}},"_links":{"self":[{"href":"https:\/\/pool-house.shop\/de\/wp-json\/wp\/v2\/product\/8161","targetHints":{"allow":["GET"]}}],"collection":[{"href":"https:\/\/pool-house.shop\/de\/wp-json\/wp\/v2\/product"}],"about":[{"href":"https:\/\/pool-house.shop\/de\/wp-json\/wp\/v2\/types\/product"}],"wp:featuredmedia":[{"embeddable":true,"href":"https:\/\/pool-house.shop\/de\/wp-json\/wp\/v2\/media\/8163"}],"wp:attachment":[{"href":"https:\/\/pool-house.shop\/de\/wp-json\/wp\/v2\/media?parent=8161"}],"wp:term":[{"taxonomy":"product_brand","embeddable":true,"href":"https:\/\/pool-house.shop\/de\/wp-json\/wp\/v2\/product_brand?post=8161"},{"taxonomy":"product_cat","embeddable":true,"href":"https:\/\/pool-house.shop\/de\/wp-json\/wp\/v2\/product_cat?post=8161"},{"taxonomy":"product_tag","embeddable":true,"href":"https:\/\/pool-house.shop\/de\/wp-json\/wp\/v2\/product_tag?post=8161"}],"curies":[{"name":"wp","href":"https:\/\/api.w.org\/{rel}","templated":true}]}}