{"id":8168,"date":"2025-03-23T23:59:48","date_gmt":"2025-03-23T22:59:48","guid":{"rendered":"https:\/\/pool-house.shop\/product\/vorfilter-giant-pp-dn-150-150-40-l\/"},"modified":"2026-02-05T13:00:20","modified_gmt":"2026-02-05T12:00:20","slug":"vorfilter-giant-pp-dn-150-150-40-l","status":"publish","type":"product","link":"https:\/\/pool-house.shop\/de\/product\/vorfilter-giant-pp-dn-150-150-40-l\/","title":{"rendered":"Vorfilter Giant PP DN 150\/150 40 l"},"content":{"rendered":"<p>Vorfilter Giant<\/p>\n<p> Verschiedene Arten von Vorfiltern zur Vorfiltration mechanischer Verunreinigungen, zum wirksamen Schutz der Pumpe und zur Verl\u00e4ngerung ihrer Lebensdauer. Sie werden auf der Saugseite der Pumpe installiert. Dank des transparenten oder abnehmbaren Deckels kann der Verschmutzungsgrad des Filterelements \u00fcberpr\u00fcft werden. Das Filterelement l\u00e4sst sich leicht entnehmen und unter flie\u00dfendem Wasser reinigen.<\/p>\n<p> Eigenschaften des Vorfilters Giant PP<br \/>\n Diese Vorfilter bestehen aus glasfaserverst\u00e4rktem Polypropylen und verf\u00fcgen \u00fcber einen transparenten Polycarbonatdeckel.<br \/>\n &#8211; Das Volumen des Vorfilters betr\u00e4gt 20 l, der Filterkorb ist aus PP (Polypropylen).<br \/>\n &#8211; Saug- und Druckanschluss: 4&#8243; (Klebeanschluss D110) oder 5&#8243;.   <\/p>\n","protected":false},"excerpt":{"rendered":"<p>Vorfilter Giant<\/p>\n<p> Verschiedene Arten von Vorfiltern zur Vorfiltration mechanischer Verunreinigungen, zum wirksamen Schutz der Pumpe und zur Verl\u00e4ngerung ihrer Lebensdauer. Sie werden auf der Saugseite der Pumpe installiert. Dank des transparenten oder abnehmbaren Deckels kann der Verschmutzungsgrad des Filterelements \u00fcberpr\u00fcft werden. Das Filterelement l\u00e4sst sich leicht entnehmen und unter flie\u00dfendem Wasser reinigen.<\/p>\n<p> Eigenschaften des Vorfilters Giant PP<br \/>\n Diese Vorfilter bestehen aus glasfaserverst\u00e4rktem Polypropylen und verf\u00fcgen \u00fcber einen transparenten Polycarbonatdeckel.<br \/>\n &#8211; Das Volumen des Vorfilters betr\u00e4gt 20 l, der Filterkorb ist aus PP (Polypropylen).<br \/>\n &#8211; Saug- und Druckanschluss: 4&#8243; (Klebeanschluss D110) oder 5&#8243;.   <\/p>\n","protected":false},"featured_media":8171,"template":"","meta":[],"product_brand":[],"product_cat":[353,354],"product_tag":[258],"class_list":{"0":"post-8168","1":"product","2":"type-product","3":"status-publish","4":"has-post-thumbnail","6":"product_cat-filteranlagen","7":"product_cat-zubehor_filteranlagen","8":"product_tag-zubehor","9":"thunk-woo-product-list","10":"open-woo-hover-none","11":"open-single-product-tab-horizontal","12":"open-shadow-","13":"open-shadow-hover-","15":"first","16":"instock","17":"taxable","18":"shipping-taxable","19":"purchasable","20":"product-type-simple"},"yoast_head":"<!-- This site is optimized with the Yoast SEO plugin v26.9 - https:\/\/yoast.com\/product\/yoast-seo-wordpress\/ -->\n<title>Vorfilter Giant PP DN 150\/150 40 l - Pool-House<\/title>\n<meta name=\"robots\" content=\"index, follow, max-snippet:-1, max-image-preview:large, max-video-preview:-1\" \/>\n<link rel=\"canonical\" href=\"https:\/\/pool-house.shop\/de\/product\/vorfilter-giant-pp-dn-150-150-40-l\/\" \/>\n<meta property=\"og:locale\" content=\"de_DE\" \/>\n<meta property=\"og:type\" content=\"article\" \/>\n<meta property=\"og:title\" content=\"Vorfilter Giant PP DN 150\/150 40 l - Pool-House\" \/>\n<meta property=\"og:description\" content=\"Vorfilter Giant  Verschiedene Arten von Vorfiltern zur Vorfiltration mechanischer Verunreinigungen, zum wirksamen Schutz der Pumpe und zur Verl\u00e4ngerung ihrer Lebensdauer. Sie werden auf der Saugseite der Pumpe installiert. Dank des transparenten oder abnehmbaren Deckels kann der Verschmutzungsgrad des Filterelements \u00fcberpr\u00fcft werden. Das Filterelement l\u00e4sst sich leicht entnehmen und unter flie\u00dfendem Wasser reinigen.  Eigenschaften des Vorfilters Giant PP Diese Vorfilter bestehen aus glasfaserverst\u00e4rktem Polypropylen und verf\u00fcgen \u00fcber einen transparenten Polycarbonatdeckel.  - Das Volumen des Vorfilters betr\u00e4gt 20 l, der Filterkorb ist aus PP (Polypropylen).  - Saug- und Druckanschluss: 4&quot; (Klebeanschluss D110) oder 5&quot;.\" \/>\n<meta property=\"og:url\" content=\"https:\/\/pool-house.shop\/de\/product\/vorfilter-giant-pp-dn-150-150-40-l\/\" \/>\n<meta property=\"og:site_name\" content=\"Pool-House\" \/>\n<meta property=\"article:publisher\" content=\"https:\/\/www.facebook.com\/termodomsk\/\" \/>\n<meta property=\"article:modified_time\" content=\"2026-02-05T12:00:20+00:00\" \/>\n<meta property=\"og:image\" content=\"https:\/\/pool-house.shop\/wp-content\/uploads\/2025\/03\/058440.png\" \/>\n\t<meta property=\"og:image:width\" content=\"1400\" \/>\n\t<meta property=\"og:image:height\" content=\"1400\" \/>\n\t<meta property=\"og:image:type\" content=\"image\/png\" \/>\n<meta name=\"twitter:card\" content=\"summary_large_image\" \/>\n<script type=\"application\/ld+json\" class=\"yoast-schema-graph\">{\"@context\":\"https:\/\/schema.org\",\"@graph\":[{\"@type\":\"WebPage\",\"@id\":\"https:\/\/pool-house.shop\/de\/product\/vorfilter-giant-pp-dn-150-150-40-l\/\",\"url\":\"https:\/\/pool-house.shop\/de\/product\/vorfilter-giant-pp-dn-150-150-40-l\/\",\"name\":\"Vorfilter Giant PP DN 150\/150 40 l - Pool-House\",\"isPartOf\":{\"@id\":\"https:\/\/pool-house.shop\/de\/#website\"},\"primaryImageOfPage\":{\"@id\":\"https:\/\/pool-house.shop\/de\/product\/vorfilter-giant-pp-dn-150-150-40-l\/#primaryimage\"},\"image\":{\"@id\":\"https:\/\/pool-house.shop\/de\/product\/vorfilter-giant-pp-dn-150-150-40-l\/#primaryimage\"},\"thumbnailUrl\":\"https:\/\/pool-house.shop\/wp-content\/uploads\/2025\/03\/058440.png\",\"datePublished\":\"2025-03-23T22:59:48+00:00\",\"dateModified\":\"2026-02-05T12:00:20+00:00\",\"breadcrumb\":{\"@id\":\"https:\/\/pool-house.shop\/de\/product\/vorfilter-giant-pp-dn-150-150-40-l\/#breadcrumb\"},\"inLanguage\":\"de\",\"potentialAction\":[{\"@type\":\"ReadAction\",\"target\":[\"https:\/\/pool-house.shop\/de\/product\/vorfilter-giant-pp-dn-150-150-40-l\/\"]}]},{\"@type\":\"ImageObject\",\"inLanguage\":\"de\",\"@id\":\"https:\/\/pool-house.shop\/de\/product\/vorfilter-giant-pp-dn-150-150-40-l\/#primaryimage\",\"url\":\"https:\/\/pool-house.shop\/wp-content\/uploads\/2025\/03\/058440.png\",\"contentUrl\":\"https:\/\/pool-house.shop\/wp-content\/uploads\/2025\/03\/058440.png\",\"width\":1400,\"height\":1400},{\"@type\":\"BreadcrumbList\",\"@id\":\"https:\/\/pool-house.shop\/de\/product\/vorfilter-giant-pp-dn-150-150-40-l\/#breadcrumb\",\"itemListElement\":[{\"@type\":\"ListItem\",\"position\":1,\"name\":\"Domovsk\u00e1 str\u00e1nka\",\"item\":\"https:\/\/pool-house.shop\/de\/\"},{\"@type\":\"ListItem\",\"position\":2,\"name\":\"Shop\",\"item\":\"https:\/\/pool-house.shop\/de\/shop\/\"},{\"@type\":\"ListItem\",\"position\":3,\"name\":\"Vorfilter Giant PP DN 150\/150 40 l\"}]},{\"@type\":\"WebSite\",\"@id\":\"https:\/\/pool-house.shop\/de\/#website\",\"url\":\"https:\/\/pool-house.shop\/de\/\",\"name\":\"Pool-House\",\"description\":\"\",\"publisher\":{\"@id\":\"https:\/\/pool-house.shop\/de\/#organization\"},\"potentialAction\":[{\"@type\":\"SearchAction\",\"target\":{\"@type\":\"EntryPoint\",\"urlTemplate\":\"https:\/\/pool-house.shop\/de\/?s={search_term_string}\"},\"query-input\":{\"@type\":\"PropertyValueSpecification\",\"valueRequired\":true,\"valueName\":\"search_term_string\"}}],\"inLanguage\":\"de\"},{\"@type\":\"Organization\",\"@id\":\"https:\/\/pool-house.shop\/de\/#organization\",\"name\":\"Pool-House\",\"url\":\"https:\/\/pool-house.shop\/de\/\",\"logo\":{\"@type\":\"ImageObject\",\"inLanguage\":\"de\",\"@id\":\"https:\/\/pool-house.shop\/de\/#\/schema\/logo\/image\/\",\"url\":\"https:\/\/pool-house.shop\/wp-content\/uploads\/2025\/10\/logo-2-stvorec-mobil-modre.png\",\"contentUrl\":\"https:\/\/pool-house.shop\/wp-content\/uploads\/2025\/10\/logo-2-stvorec-mobil-modre.png\",\"width\":273,\"height\":189,\"caption\":\"Pool-House\"},\"image\":{\"@id\":\"https:\/\/pool-house.shop\/de\/#\/schema\/logo\/image\/\"},\"sameAs\":[\"https:\/\/www.facebook.com\/termodomsk\/\"]}]}<\/script>\n<!-- \/ Yoast SEO plugin. -->","yoast_head_json":{"title":"Vorfilter Giant PP DN 150\/150 40 l - Pool-House","robots":{"index":"index","follow":"follow","max-snippet":"max-snippet:-1","max-image-preview":"max-image-preview:large","max-video-preview":"max-video-preview:-1"},"canonical":"https:\/\/pool-house.shop\/de\/product\/vorfilter-giant-pp-dn-150-150-40-l\/","og_locale":"de_DE","og_type":"article","og_title":"Vorfilter Giant PP DN 150\/150 40 l - Pool-House","og_description":"Vorfilter Giant  Verschiedene Arten von Vorfiltern zur Vorfiltration mechanischer Verunreinigungen, zum wirksamen Schutz der Pumpe und zur Verl\u00e4ngerung ihrer Lebensdauer. Sie werden auf der Saugseite der Pumpe installiert. Dank des transparenten oder abnehmbaren Deckels kann der Verschmutzungsgrad des Filterelements \u00fcberpr\u00fcft werden. Das Filterelement l\u00e4sst sich leicht entnehmen und unter flie\u00dfendem Wasser reinigen.  Eigenschaften des Vorfilters Giant PP Diese Vorfilter bestehen aus glasfaserverst\u00e4rktem Polypropylen und verf\u00fcgen \u00fcber einen transparenten Polycarbonatdeckel.  - Das Volumen des Vorfilters betr\u00e4gt 20 l, der Filterkorb ist aus PP (Polypropylen).  - Saug- und Druckanschluss: 4\" (Klebeanschluss D110) oder 5\".","og_url":"https:\/\/pool-house.shop\/de\/product\/vorfilter-giant-pp-dn-150-150-40-l\/","og_site_name":"Pool-House","article_publisher":"https:\/\/www.facebook.com\/termodomsk\/","article_modified_time":"2026-02-05T12:00:20+00:00","og_image":[{"width":1400,"height":1400,"url":"https:\/\/pool-house.shop\/wp-content\/uploads\/2025\/03\/058440.png","type":"image\/png"}],"twitter_card":"summary_large_image","schema":{"@context":"https:\/\/schema.org","@graph":[{"@type":"WebPage","@id":"https:\/\/pool-house.shop\/de\/product\/vorfilter-giant-pp-dn-150-150-40-l\/","url":"https:\/\/pool-house.shop\/de\/product\/vorfilter-giant-pp-dn-150-150-40-l\/","name":"Vorfilter Giant PP DN 150\/150 40 l - Pool-House","isPartOf":{"@id":"https:\/\/pool-house.shop\/de\/#website"},"primaryImageOfPage":{"@id":"https:\/\/pool-house.shop\/de\/product\/vorfilter-giant-pp-dn-150-150-40-l\/#primaryimage"},"image":{"@id":"https:\/\/pool-house.shop\/de\/product\/vorfilter-giant-pp-dn-150-150-40-l\/#primaryimage"},"thumbnailUrl":"https:\/\/pool-house.shop\/wp-content\/uploads\/2025\/03\/058440.png","datePublished":"2025-03-23T22:59:48+00:00","dateModified":"2026-02-05T12:00:20+00:00","breadcrumb":{"@id":"https:\/\/pool-house.shop\/de\/product\/vorfilter-giant-pp-dn-150-150-40-l\/#breadcrumb"},"inLanguage":"de","potentialAction":[{"@type":"ReadAction","target":["https:\/\/pool-house.shop\/de\/product\/vorfilter-giant-pp-dn-150-150-40-l\/"]}]},{"@type":"ImageObject","inLanguage":"de","@id":"https:\/\/pool-house.shop\/de\/product\/vorfilter-giant-pp-dn-150-150-40-l\/#primaryimage","url":"https:\/\/pool-house.shop\/wp-content\/uploads\/2025\/03\/058440.png","contentUrl":"https:\/\/pool-house.shop\/wp-content\/uploads\/2025\/03\/058440.png","width":1400,"height":1400},{"@type":"BreadcrumbList","@id":"https:\/\/pool-house.shop\/de\/product\/vorfilter-giant-pp-dn-150-150-40-l\/#breadcrumb","itemListElement":[{"@type":"ListItem","position":1,"name":"Domovsk\u00e1 str\u00e1nka","item":"https:\/\/pool-house.shop\/de\/"},{"@type":"ListItem","position":2,"name":"Shop","item":"https:\/\/pool-house.shop\/de\/shop\/"},{"@type":"ListItem","position":3,"name":"Vorfilter Giant PP DN 150\/150 40 l"}]},{"@type":"WebSite","@id":"https:\/\/pool-house.shop\/de\/#website","url":"https:\/\/pool-house.shop\/de\/","name":"Pool-House","description":"","publisher":{"@id":"https:\/\/pool-house.shop\/de\/#organization"},"potentialAction":[{"@type":"SearchAction","target":{"@type":"EntryPoint","urlTemplate":"https:\/\/pool-house.shop\/de\/?s={search_term_string}"},"query-input":{"@type":"PropertyValueSpecification","valueRequired":true,"valueName":"search_term_string"}}],"inLanguage":"de"},{"@type":"Organization","@id":"https:\/\/pool-house.shop\/de\/#organization","name":"Pool-House","url":"https:\/\/pool-house.shop\/de\/","logo":{"@type":"ImageObject","inLanguage":"de","@id":"https:\/\/pool-house.shop\/de\/#\/schema\/logo\/image\/","url":"https:\/\/pool-house.shop\/wp-content\/uploads\/2025\/10\/logo-2-stvorec-mobil-modre.png","contentUrl":"https:\/\/pool-house.shop\/wp-content\/uploads\/2025\/10\/logo-2-stvorec-mobil-modre.png","width":273,"height":189,"caption":"Pool-House"},"image":{"@id":"https:\/\/pool-house.shop\/de\/#\/schema\/logo\/image\/"},"sameAs":["https:\/\/www.facebook.com\/termodomsk\/"]}]}},"_links":{"self":[{"href":"https:\/\/pool-house.shop\/de\/wp-json\/wp\/v2\/product\/8168","targetHints":{"allow":["GET"]}}],"collection":[{"href":"https:\/\/pool-house.shop\/de\/wp-json\/wp\/v2\/product"}],"about":[{"href":"https:\/\/pool-house.shop\/de\/wp-json\/wp\/v2\/types\/product"}],"wp:featuredmedia":[{"embeddable":true,"href":"https:\/\/pool-house.shop\/de\/wp-json\/wp\/v2\/media\/8171"}],"wp:attachment":[{"href":"https:\/\/pool-house.shop\/de\/wp-json\/wp\/v2\/media?parent=8168"}],"wp:term":[{"taxonomy":"product_brand","embeddable":true,"href":"https:\/\/pool-house.shop\/de\/wp-json\/wp\/v2\/product_brand?post=8168"},{"taxonomy":"product_cat","embeddable":true,"href":"https:\/\/pool-house.shop\/de\/wp-json\/wp\/v2\/product_cat?post=8168"},{"taxonomy":"product_tag","embeddable":true,"href":"https:\/\/pool-house.shop\/de\/wp-json\/wp\/v2\/product_tag?post=8168"}],"curies":[{"name":"wp","href":"https:\/\/api.w.org\/{rel}","templated":true}]}}