{"id":8192,"date":"2025-03-23T23:59:30","date_gmt":"2025-03-23T22:59:30","guid":{"rendered":"https:\/\/pool-house.shop\/product\/dab-euroswim-150m\/"},"modified":"2025-03-23T23:59:30","modified_gmt":"2025-03-23T22:59:30","slug":"dab-euroswim-150m","status":"publish","type":"product","link":"https:\/\/pool-house.shop\/de\/product\/dab-euroswim-150m\/","title":{"rendered":"DAB Euroswim 150M"},"content":{"rendered":"<p>DAB Euroswim<\/p>\n<p> Hocheffiziente selbstansaugende Pumpe mit integriertem Hochleistungs-Vorfilter.<br \/>\n Hocheffizienter und leiser Motor (53 \u2013 64 dBA) und eine \u00e4u\u00dferst zuverl\u00e4ssige Pumpe. Es ist sowohl eine einphasige als auch eine dreiphasige Version mit einer Leistung von 0,5 HP bis 3 HP erh\u00e4ltlich.  Die Konstruktion des Vorfilters erh\u00f6ht die Filterkapazit\u00e4t erheblich und reduziert den Wartungsaufwand aufgrund von Verstopfungen.<br \/>\n Der Motor ist vollst\u00e4ndig wasserdicht. Die Pumpe arbeitet extrem leise, ist sehr zuverl\u00e4ssig und ist sowohl f\u00fcr die Wasserzirkulation als auch f\u00fcr die Filtration von privaten Schwimmb\u00e4dern konzipiert.  In begrenztem Umfang ist sie auch f\u00fcr den Einsatz in der Landwirtschaft und Industrie geeignet.<br \/>\n Die Pumpe eignet sich zum F\u00f6rdern von sauberem oder leicht verschmutztem Wasser, aber auch von Wasser mit hohem Chlor-\/Brom- und PHMB-Gehalt (Polyhexamethylenguanidin), durch Chlorelektrolyse behandeltem Wasser und Meerwasser. Die Pumpe kann sowohl befestigt als auch transportiert werden.<\/p>\n<p> Konstruktive Merkmale der Pumpe<br \/>\n Pumpengeh\u00e4use und Filterkorb bestehen aus glasfaserverst\u00e4rktem Technopolymer.  Der Vorfilterdeckel besteht aus transparentem, chemikalienbest\u00e4ndigem Polycarbonat und der Diffusor aus verst\u00e4rktem Technopolymer. Der Gleitring besteht aus Kohlenstoff\/Aluminium\/NBR-Gummi\/Edelstahl AISI316. Die O-Ringe am Pumpengeh\u00e4use sind aus NBR-Gummi, die Gewindebefestigungen und Verst\u00e4rkungsringe aus Edelstahl AISI 316. Die Klappen zum Bef\u00fcllen und Entleeren des Wassers k\u00f6nnen werkzeuglos entfernt und ausgetauscht werden. Die Pumpe ist vom Obersten Hygienikeramt (OTH) zugelassen.<x id=\"gid_0\"><\/x> <x id=\"gid_1\"><\/x> Konstruktive Merkmale des Motors<x id=\"gid_2\"><\/x> Asynchroner zweipoliger Motor mit Dauerlast (S1) und einem breiten Leistungsbereich von 0,5 HP bis 3 HP, in einphasiger und dreiphasiger Ausf\u00fchrung. Das Motorgeh\u00e4use besteht aus Aluminiumguss mit einer elektrophoretischen Oberfl\u00e4chenbehandlung, die Oxidation auch unter aggressiven Bedingungen verhindert.<br \/>\n Die einphasige Version verf\u00fcgt \u00fcber einen eingebauten W\u00e4rme- und \u00dcberstromschutz sowie einen PSC-Kondensator (Permanent Split Capacitor), der in allen Versionen im Anschlusskasten untergebracht ist.<br \/>\n Schutzart des Motors und des Anschlusskastens: IP55<br \/>\n Isolationsklasse: F<br \/>\n Kugellager: sind wasserdicht, abgedichtet, wasser- und feuchtigkeitsbest\u00e4ndig.<br \/>\n Motorkonstruktion gem\u00e4\u00df Norm EN 60335-2-41.<\/p>\n<p> Technische Daten:<br \/>\n  &#8211; Betriebsbereich: 24 m\u00b3\/h, H = 24 m,<br \/>\n  &#8211; Leistung: 0,5 HP,<br \/>\n &#8211; Versorgungsspannung: 230 V,<br \/>\n &#8211; pH-Wert-Bereich: 6,5 \u2013 8,4,<br \/>\n &#8211; Temperaturbereich der gepumpten Fl\u00fcssigkeit: bis 60 \u00b0C,<br \/>\n &#8211; Selbstansaugung: bis 2 m \u2013 ohne R\u00fcckschlagventil,<br \/>\n &#8211; maximale Umgebungstemperatur: 50 \u00b0C,<br \/>\n &#8211; maximaler Arbeitsdruck: 2,5 bar,<br \/>\n &#8211; Nennarbeitsdruck: 0,8 \u2013 1,2 bar (ideal 1 bar),<br \/>\n &#8211; Referenznorm: IEC \u2013 60365.<\/p>\n","protected":false},"excerpt":{"rendered":"<p>DAB Euroswim<\/p>\n<p> Hocheffiziente selbstansaugende Pumpe mit integriertem Hochleistungs-Vorfilter.<br \/>\n Hocheffizienter und leiser Motor (53 \u2013 64 dBA) und eine \u00e4u\u00dferst zuverl\u00e4ssige Pumpe. Es ist sowohl eine einphasige als auch eine dreiphasige Version mit einer Leistung von 0,5 HP bis 3 HP erh\u00e4ltlich.  Die Konstruktion des Vorfilters erh\u00f6ht die Filterkapazit\u00e4t erheblich und reduziert den Wartungsaufwand aufgrund von Verstopfungen.<br \/>\n Der Motor ist vollst\u00e4ndig wasserdicht. Die Pumpe arbeitet extrem leise, ist sehr zuverl\u00e4ssig und ist sowohl f\u00fcr die Wasserzirkulation als auch f\u00fcr die Filtration von privaten Schwimmb\u00e4dern konzipiert.  In begrenztem Umfang ist sie auch f\u00fcr den Einsatz in der Landwirtschaft und Industrie geeignet.<br \/>\n Die Pumpe eignet sich zum F\u00f6rdern von sauberem oder leicht verschmutztem Wasser, aber auch von Wasser mit hohem Chlor-\/Bromgehalt und PHMB (Polyhexamethylenguanidin), durch Chlorelektrolyse behandeltem Wasser und Meerwasser. Die Pumpe kann sowohl befestigt als auch transportiert werden.<\/p>\n<p> Konstruktive Merkmale der Pumpe<br \/>\n Das Pumpengeh\u00e4use und der Filterkorb bestehen aus glasfaserverst\u00e4rktem Technopolymer. Der Vorfilterdeckel besteht aus transparentem, chemikalienbest\u00e4ndigem Polycarbonat und der Diffusor aus verst\u00e4rktem Technopolymer. Der Gleitring besteht aus Kohlenstoff\/Aluminium\/NBR-Gummi\/Edelstahl AISI316. Die O-Ringe am Pumpengeh\u00e4use sind aus NBR-Gummi, die Gewindebefestigungselemente und Verst\u00e4rkungsringe aus Edelstahl AISI 316. Die Klappen zum Bef\u00fcllen und Entleeren des Wassers k\u00f6nnen werkzeuglos entfernt und ausgetauscht werden. Die Pumpe ist vom Amt des Obersten Hygienikers (OTH) zugelassen.<\/p>\n<p> Konstruktive Merkmale des Motors<br \/>\n Asynchroner zweipoliger Motor mit Dauerlast (S1) und einem breiten Leistungsbereich von 0,5 HP bis 3 HP, in einphasiger und dreiphasiger Ausf\u00fchrung. Das Motorgeh\u00e4use besteht aus Aluminiumguss mit einer elektrophoretischen Oberfl\u00e4chenbehandlung, die Oxidation auch unter aggressiven Bedingungen verhindert.<br \/>\n Die einphasige Version verf\u00fcgt \u00fcber einen eingebauten W\u00e4rme- und \u00dcberstromschutz sowie einen PSC-Kondensator (Permanent Split Capacitor), der in allen Versionen im Anschlusskasten untergebracht ist.<br \/>\n Schutzart des Motors und des Anschlusskastens: IP55<br \/>\n Isolationsklasse: F<br \/>\n Kugellager: sind wasserdicht, abgedichtet, wasser- und feuchtigkeitsbest\u00e4ndig.<br \/>\n Motorkonstruktion gem\u00e4\u00df Norm EN 60335-2-41.<\/p>\n<p> Technische Daten:<br \/>\n  &#8211; Betriebsbereich: 24 m\u00b3\/h, H = 24 m,<br \/>\n  &#8211; Leistung: 0,5 HP,<br \/>\n &#8211; Versorgungsspannung: 230 V,<br \/>\n &#8211; pH-Wert-Bereich: 6,5 \u2013 8,4,<br \/>\n &#8211; Temperaturbereich der gepumpten Fl\u00fcssigkeit: bis 60 \u00b0C,<br \/>\n &#8211; Selbstansaugung: bis 2 m \u2013 ohne R\u00fcckschlagventil,<br \/>\n &#8211; maximale Umgebungstemperatur: 50 \u00b0C,<br \/>\n &#8211; maximaler Arbeitsdruck: 2,5 bar,<br \/>\n &#8211; Nennarbeitsdruck: 0,8 \u2013 1,2 bar (ideal 1 bar),<br \/>\n &#8211; Referenznorm: IEC \u2013 60365.<\/p>\n","protected":false},"featured_media":8194,"template":"","meta":[],"product_brand":[],"product_cat":[392,353,265],"product_tag":[267],"class_list":{"0":"post-8192","1":"product","2":"type-product","3":"status-publish","4":"has-post-thumbnail","6":"product_cat-dab-euroswim","7":"product_cat-filteranlagen","8":"product_cat-filterpumpen","9":"product_tag-filterpumpen","10":"thunk-woo-product-list","11":"open-woo-hover-none","12":"open-single-product-tab-horizontal","13":"open-shadow-","14":"open-shadow-hover-","16":"first","17":"instock","18":"taxable","19":"shipping-taxable","20":"purchasable","21":"product-type-simple"},"yoast_head":"<!-- This site is optimized with the Yoast SEO plugin v26.9 - https:\/\/yoast.com\/product\/yoast-seo-wordpress\/ -->\n<title>DAB Euroswim 150M - Pool-House<\/title>\n<meta name=\"robots\" content=\"index, follow, max-snippet:-1, max-image-preview:large, max-video-preview:-1\" \/>\n<link rel=\"canonical\" href=\"https:\/\/pool-house.shop\/de\/product\/dab-euroswim-150m\/\" \/>\n<meta property=\"og:locale\" content=\"de_DE\" \/>\n<meta property=\"og:type\" content=\"article\" \/>\n<meta property=\"og:title\" content=\"DAB Euroswim 150M - Pool-House\" \/>\n<meta property=\"og:description\" content=\"DAB Euroswim  Hocheffiziente selbstansaugende Pumpe mit integriertem Hochleistungs-Vorfilter. Hocheffizienter und leiser Motor (53 \u2013 64 dBA) und eine \u00e4u\u00dferst zuverl\u00e4ssige Pumpe. Es ist sowohl eine einphasige als auch eine dreiphasige Version mit einer Leistung von 0,5 HP bis 3 HP erh\u00e4ltlich. Die Konstruktion des Vorfilters erh\u00f6ht die Filterkapazit\u00e4t erheblich und reduziert den Wartungsaufwand aufgrund von Verstopfungen. Der Motor ist vollst\u00e4ndig wasserdicht. Die Pumpe arbeitet extrem leise, ist sehr zuverl\u00e4ssig und ist sowohl f\u00fcr die Wasserzirkulation als auch f\u00fcr die Filtration von privaten Schwimmb\u00e4dern konzipiert. In begrenztem Umfang ist sie auch f\u00fcr den Einsatz in der Landwirtschaft und Industrie geeignet. Die Pumpe eignet sich zum F\u00f6rdern von sauberem oder leicht verschmutztem Wasser, aber auch von Wasser mit hohem Chlor-\/Bromgehalt und PHMB (Polyhexamethylenguanidin), durch Chlorelektrolyse behandeltem Wasser und Meerwasser. Die Pumpe kann sowohl befestigt als auch transportiert werden.  Konstruktive Merkmale der Pumpe  Das Pumpengeh\u00e4use und der Filterkorb bestehen aus glasfaserverst\u00e4rktem Technopolymer. Der Vorfilterdeckel besteht aus transparentem, chemikalienbest\u00e4ndigem Polycarbonat und der Diffusor aus verst\u00e4rktem Technopolymer. Der Gleitring besteht aus Kohlenstoff\/Aluminium\/NBR-Gummi\/Edelstahl AISI316. Die O-Ringe am Pumpengeh\u00e4use sind aus NBR-Gummi, die Gewindebefestigungselemente und Verst\u00e4rkungsringe aus Edelstahl AISI 316. Die Klappen zum Bef\u00fcllen und Entleeren des Wassers k\u00f6nnen werkzeuglos entfernt und ausgetauscht werden. Die Pumpe ist vom Amt des Obersten Hygienikers (OTH) zugelassen.  Konstruktive Merkmale des Motors Asynchroner zweipoliger Motor mit Dauerlast (S1) und einem breiten Leistungsbereich von 0,5 HP bis 3 HP, in einphasiger und dreiphasiger Ausf\u00fchrung. Das Motorgeh\u00e4use besteht aus Aluminiumguss mit einer elektrophoretischen Oberfl\u00e4chenbehandlung, die Oxidation auch unter aggressiven Bedingungen verhindert.     Die einphasige Version verf\u00fcgt \u00fcber einen eingebauten W\u00e4rme- und \u00dcberstromschutz sowie einen PSC-Kondensator (Permanent Split Capacitor), der in allen Versionen im Anschlusskasten untergebracht ist. Schutzart des Motors und des Anschlusskastens: IP55 Isolationsklasse: F Kugellager: sind wasserdicht, abgedichtet, wasser- und feuchtigkeitsbest\u00e4ndig. Motorkonstruktion gem\u00e4\u00df Norm EN 60335-2-41.  Technische Daten:  - Betriebsbereich: 24 m\u00b3\/h, H = 24 m,  - Leistung: 0,5 HP, - Versorgungsspannung: 230 V, - pH-Wert-Bereich: 6,5 \u2013 8,4, - Temperaturbereich der gepumpten Fl\u00fcssigkeit: bis 60 \u00b0C, - Selbstansaugung: bis 2 m \u2013 ohne R\u00fcckschlagventil, - maximale Umgebungstemperatur: 50 \u00b0C, - maximaler Arbeitsdruck: 2,5 bar, - Nennarbeitsdruck: 0,8 \u2013 1,2 bar (ideal 1 bar), - Referenznorm: IEC \u2013 60365.\" \/>\n<meta property=\"og:url\" content=\"https:\/\/pool-house.shop\/de\/product\/dab-euroswim-150m\/\" \/>\n<meta property=\"og:site_name\" content=\"Pool-House\" \/>\n<meta property=\"article:publisher\" content=\"https:\/\/www.facebook.com\/termodomsk\/\" \/>\n<meta property=\"og:image\" content=\"https:\/\/pool-house.shop\/wp-content\/uploads\/2025\/03\/057241.png\" \/>\n\t<meta property=\"og:image:width\" content=\"1200\" \/>\n\t<meta property=\"og:image:height\" content=\"1200\" \/>\n\t<meta property=\"og:image:type\" content=\"image\/png\" \/>\n<meta name=\"twitter:card\" content=\"summary_large_image\" \/>\n<meta name=\"twitter:label1\" content=\"Gesch\u00e4tzte Lesezeit\" \/>\n\t<meta name=\"twitter:data1\" content=\"2\u00a0Minuten\" \/>\n<script type=\"application\/ld+json\" class=\"yoast-schema-graph\">{\"@context\":\"https:\/\/schema.org\",\"@graph\":[{\"@type\":\"WebPage\",\"@id\":\"https:\/\/pool-house.shop\/de\/product\/dab-euroswim-150m\/\",\"url\":\"https:\/\/pool-house.shop\/de\/product\/dab-euroswim-150m\/\",\"name\":\"DAB Euroswim 150M - Pool-House\",\"isPartOf\":{\"@id\":\"https:\/\/pool-house.shop\/de\/#website\"},\"primaryImageOfPage\":{\"@id\":\"https:\/\/pool-house.shop\/de\/product\/dab-euroswim-150m\/#primaryimage\"},\"image\":{\"@id\":\"https:\/\/pool-house.shop\/de\/product\/dab-euroswim-150m\/#primaryimage\"},\"thumbnailUrl\":\"https:\/\/pool-house.shop\/wp-content\/uploads\/2025\/03\/057241.png\",\"datePublished\":\"2025-03-23T22:59:30+00:00\",\"breadcrumb\":{\"@id\":\"https:\/\/pool-house.shop\/de\/product\/dab-euroswim-150m\/#breadcrumb\"},\"inLanguage\":\"de\",\"potentialAction\":[{\"@type\":\"ReadAction\",\"target\":[\"https:\/\/pool-house.shop\/de\/product\/dab-euroswim-150m\/\"]}]},{\"@type\":\"ImageObject\",\"inLanguage\":\"de\",\"@id\":\"https:\/\/pool-house.shop\/de\/product\/dab-euroswim-150m\/#primaryimage\",\"url\":\"https:\/\/pool-house.shop\/wp-content\/uploads\/2025\/03\/057241.png\",\"contentUrl\":\"https:\/\/pool-house.shop\/wp-content\/uploads\/2025\/03\/057241.png\",\"width\":1200,\"height\":1200},{\"@type\":\"BreadcrumbList\",\"@id\":\"https:\/\/pool-house.shop\/de\/product\/dab-euroswim-150m\/#breadcrumb\",\"itemListElement\":[{\"@type\":\"ListItem\",\"position\":1,\"name\":\"Domovsk\u00e1 str\u00e1nka\",\"item\":\"https:\/\/pool-house.shop\/de\/\"},{\"@type\":\"ListItem\",\"position\":2,\"name\":\"Shop\",\"item\":\"https:\/\/pool-house.shop\/de\/shop\/\"},{\"@type\":\"ListItem\",\"position\":3,\"name\":\"DAB Euroswim 150M\"}]},{\"@type\":\"WebSite\",\"@id\":\"https:\/\/pool-house.shop\/de\/#website\",\"url\":\"https:\/\/pool-house.shop\/de\/\",\"name\":\"Pool-House\",\"description\":\"\",\"publisher\":{\"@id\":\"https:\/\/pool-house.shop\/de\/#organization\"},\"potentialAction\":[{\"@type\":\"SearchAction\",\"target\":{\"@type\":\"EntryPoint\",\"urlTemplate\":\"https:\/\/pool-house.shop\/de\/?s={search_term_string}\"},\"query-input\":{\"@type\":\"PropertyValueSpecification\",\"valueRequired\":true,\"valueName\":\"search_term_string\"}}],\"inLanguage\":\"de\"},{\"@type\":\"Organization\",\"@id\":\"https:\/\/pool-house.shop\/de\/#organization\",\"name\":\"Pool-House\",\"url\":\"https:\/\/pool-house.shop\/de\/\",\"logo\":{\"@type\":\"ImageObject\",\"inLanguage\":\"de\",\"@id\":\"https:\/\/pool-house.shop\/de\/#\/schema\/logo\/image\/\",\"url\":\"https:\/\/pool-house.shop\/wp-content\/uploads\/2025\/10\/logo-2-stvorec-mobil-modre.png\",\"contentUrl\":\"https:\/\/pool-house.shop\/wp-content\/uploads\/2025\/10\/logo-2-stvorec-mobil-modre.png\",\"width\":273,\"height\":189,\"caption\":\"Pool-House\"},\"image\":{\"@id\":\"https:\/\/pool-house.shop\/de\/#\/schema\/logo\/image\/\"},\"sameAs\":[\"https:\/\/www.facebook.com\/termodomsk\/\"]}]}<\/script>\n<!-- \/ Yoast SEO plugin. -->","yoast_head_json":{"title":"DAB Euroswim 150M - Pool-House","robots":{"index":"index","follow":"follow","max-snippet":"max-snippet:-1","max-image-preview":"max-image-preview:large","max-video-preview":"max-video-preview:-1"},"canonical":"https:\/\/pool-house.shop\/de\/product\/dab-euroswim-150m\/","og_locale":"de_DE","og_type":"article","og_title":"DAB Euroswim 150M - Pool-House","og_description":"DAB Euroswim  Hocheffiziente selbstansaugende Pumpe mit integriertem Hochleistungs-Vorfilter. Hocheffizienter und leiser Motor (53 \u2013 64 dBA) und eine \u00e4u\u00dferst zuverl\u00e4ssige Pumpe. Es ist sowohl eine einphasige als auch eine dreiphasige Version mit einer Leistung von 0,5 HP bis 3 HP erh\u00e4ltlich. Die Konstruktion des Vorfilters erh\u00f6ht die Filterkapazit\u00e4t erheblich und reduziert den Wartungsaufwand aufgrund von Verstopfungen. Der Motor ist vollst\u00e4ndig wasserdicht. Die Pumpe arbeitet extrem leise, ist sehr zuverl\u00e4ssig und ist sowohl f\u00fcr die Wasserzirkulation als auch f\u00fcr die Filtration von privaten Schwimmb\u00e4dern konzipiert. In begrenztem Umfang ist sie auch f\u00fcr den Einsatz in der Landwirtschaft und Industrie geeignet. Die Pumpe eignet sich zum F\u00f6rdern von sauberem oder leicht verschmutztem Wasser, aber auch von Wasser mit hohem Chlor-\/Bromgehalt und PHMB (Polyhexamethylenguanidin), durch Chlorelektrolyse behandeltem Wasser und Meerwasser. Die Pumpe kann sowohl befestigt als auch transportiert werden.  Konstruktive Merkmale der Pumpe  Das Pumpengeh\u00e4use und der Filterkorb bestehen aus glasfaserverst\u00e4rktem Technopolymer. Der Vorfilterdeckel besteht aus transparentem, chemikalienbest\u00e4ndigem Polycarbonat und der Diffusor aus verst\u00e4rktem Technopolymer. Der Gleitring besteht aus Kohlenstoff\/Aluminium\/NBR-Gummi\/Edelstahl AISI316. Die O-Ringe am Pumpengeh\u00e4use sind aus NBR-Gummi, die Gewindebefestigungselemente und Verst\u00e4rkungsringe aus Edelstahl AISI 316. Die Klappen zum Bef\u00fcllen und Entleeren des Wassers k\u00f6nnen werkzeuglos entfernt und ausgetauscht werden. Die Pumpe ist vom Amt des Obersten Hygienikers (OTH) zugelassen.  Konstruktive Merkmale des Motors Asynchroner zweipoliger Motor mit Dauerlast (S1) und einem breiten Leistungsbereich von 0,5 HP bis 3 HP, in einphasiger und dreiphasiger Ausf\u00fchrung. Das Motorgeh\u00e4use besteht aus Aluminiumguss mit einer elektrophoretischen Oberfl\u00e4chenbehandlung, die Oxidation auch unter aggressiven Bedingungen verhindert.     Die einphasige Version verf\u00fcgt \u00fcber einen eingebauten W\u00e4rme- und \u00dcberstromschutz sowie einen PSC-Kondensator (Permanent Split Capacitor), der in allen Versionen im Anschlusskasten untergebracht ist. Schutzart des Motors und des Anschlusskastens: IP55 Isolationsklasse: F Kugellager: sind wasserdicht, abgedichtet, wasser- und feuchtigkeitsbest\u00e4ndig. Motorkonstruktion gem\u00e4\u00df Norm EN 60335-2-41.  Technische Daten:  - Betriebsbereich: 24 m\u00b3\/h, H = 24 m,  - Leistung: 0,5 HP, - Versorgungsspannung: 230 V, - pH-Wert-Bereich: 6,5 \u2013 8,4, - Temperaturbereich der gepumpten Fl\u00fcssigkeit: bis 60 \u00b0C, - Selbstansaugung: bis 2 m \u2013 ohne R\u00fcckschlagventil, - maximale Umgebungstemperatur: 50 \u00b0C, - maximaler Arbeitsdruck: 2,5 bar, - Nennarbeitsdruck: 0,8 \u2013 1,2 bar (ideal 1 bar), - Referenznorm: IEC \u2013 60365.","og_url":"https:\/\/pool-house.shop\/de\/product\/dab-euroswim-150m\/","og_site_name":"Pool-House","article_publisher":"https:\/\/www.facebook.com\/termodomsk\/","og_image":[{"width":1200,"height":1200,"url":"https:\/\/pool-house.shop\/wp-content\/uploads\/2025\/03\/057241.png","type":"image\/png"}],"twitter_card":"summary_large_image","twitter_misc":{"Gesch\u00e4tzte Lesezeit":"2\u00a0Minuten"},"schema":{"@context":"https:\/\/schema.org","@graph":[{"@type":"WebPage","@id":"https:\/\/pool-house.shop\/de\/product\/dab-euroswim-150m\/","url":"https:\/\/pool-house.shop\/de\/product\/dab-euroswim-150m\/","name":"DAB Euroswim 150M - Pool-House","isPartOf":{"@id":"https:\/\/pool-house.shop\/de\/#website"},"primaryImageOfPage":{"@id":"https:\/\/pool-house.shop\/de\/product\/dab-euroswim-150m\/#primaryimage"},"image":{"@id":"https:\/\/pool-house.shop\/de\/product\/dab-euroswim-150m\/#primaryimage"},"thumbnailUrl":"https:\/\/pool-house.shop\/wp-content\/uploads\/2025\/03\/057241.png","datePublished":"2025-03-23T22:59:30+00:00","breadcrumb":{"@id":"https:\/\/pool-house.shop\/de\/product\/dab-euroswim-150m\/#breadcrumb"},"inLanguage":"de","potentialAction":[{"@type":"ReadAction","target":["https:\/\/pool-house.shop\/de\/product\/dab-euroswim-150m\/"]}]},{"@type":"ImageObject","inLanguage":"de","@id":"https:\/\/pool-house.shop\/de\/product\/dab-euroswim-150m\/#primaryimage","url":"https:\/\/pool-house.shop\/wp-content\/uploads\/2025\/03\/057241.png","contentUrl":"https:\/\/pool-house.shop\/wp-content\/uploads\/2025\/03\/057241.png","width":1200,"height":1200},{"@type":"BreadcrumbList","@id":"https:\/\/pool-house.shop\/de\/product\/dab-euroswim-150m\/#breadcrumb","itemListElement":[{"@type":"ListItem","position":1,"name":"Domovsk\u00e1 str\u00e1nka","item":"https:\/\/pool-house.shop\/de\/"},{"@type":"ListItem","position":2,"name":"Shop","item":"https:\/\/pool-house.shop\/de\/shop\/"},{"@type":"ListItem","position":3,"name":"DAB Euroswim 150M"}]},{"@type":"WebSite","@id":"https:\/\/pool-house.shop\/de\/#website","url":"https:\/\/pool-house.shop\/de\/","name":"Pool-House","description":"","publisher":{"@id":"https:\/\/pool-house.shop\/de\/#organization"},"potentialAction":[{"@type":"SearchAction","target":{"@type":"EntryPoint","urlTemplate":"https:\/\/pool-house.shop\/de\/?s={search_term_string}"},"query-input":{"@type":"PropertyValueSpecification","valueRequired":true,"valueName":"search_term_string"}}],"inLanguage":"de"},{"@type":"Organization","@id":"https:\/\/pool-house.shop\/de\/#organization","name":"Pool-House","url":"https:\/\/pool-house.shop\/de\/","logo":{"@type":"ImageObject","inLanguage":"de","@id":"https:\/\/pool-house.shop\/de\/#\/schema\/logo\/image\/","url":"https:\/\/pool-house.shop\/wp-content\/uploads\/2025\/10\/logo-2-stvorec-mobil-modre.png","contentUrl":"https:\/\/pool-house.shop\/wp-content\/uploads\/2025\/10\/logo-2-stvorec-mobil-modre.png","width":273,"height":189,"caption":"Pool-House"},"image":{"@id":"https:\/\/pool-house.shop\/de\/#\/schema\/logo\/image\/"},"sameAs":["https:\/\/www.facebook.com\/termodomsk\/"]}]}},"_links":{"self":[{"href":"https:\/\/pool-house.shop\/de\/wp-json\/wp\/v2\/product\/8192","targetHints":{"allow":["GET"]}}],"collection":[{"href":"https:\/\/pool-house.shop\/de\/wp-json\/wp\/v2\/product"}],"about":[{"href":"https:\/\/pool-house.shop\/de\/wp-json\/wp\/v2\/types\/product"}],"wp:featuredmedia":[{"embeddable":true,"href":"https:\/\/pool-house.shop\/de\/wp-json\/wp\/v2\/media\/8194"}],"wp:attachment":[{"href":"https:\/\/pool-house.shop\/de\/wp-json\/wp\/v2\/media?parent=8192"}],"wp:term":[{"taxonomy":"product_brand","embeddable":true,"href":"https:\/\/pool-house.shop\/de\/wp-json\/wp\/v2\/product_brand?post=8192"},{"taxonomy":"product_cat","embeddable":true,"href":"https:\/\/pool-house.shop\/de\/wp-json\/wp\/v2\/product_cat?post=8192"},{"taxonomy":"product_tag","embeddable":true,"href":"https:\/\/pool-house.shop\/de\/wp-json\/wp\/v2\/product_tag?post=8192"}],"curies":[{"name":"wp","href":"https:\/\/api.w.org\/{rel}","templated":true}]}}