{"id":8208,"date":"2025-03-23T23:59:20","date_gmt":"2025-03-23T22:59:20","guid":{"rendered":"https:\/\/pool-house.shop\/product\/dab-verty-nova-400m\/"},"modified":"2025-03-23T23:59:20","modified_gmt":"2025-03-23T22:59:20","slug":"dab-verty-nova-400m","status":"publish","type":"product","link":"https:\/\/pool-house.shop\/de\/product\/dab-verty-nova-400m\/","title":{"rendered":"DAB Verty Nova 400M"},"content":{"rendered":"<p>DAB Verty Nova<\/p>\n<p> Kompakte und einfach zu bedienende Pumpe mit Schwimmerschalter. Sie kann auch in eine Grube mit den Ma\u00dfen 20 x 20 cm eingesetzt werden. Sie ist zum Pumpen von sauberem Wasser mit Partikeln bis zu 5 mm geeignet.<br \/>\n Die Pumpe eignet sich zur Entw\u00e4sserung von Kellern oder Geb\u00e4uden, zum Abpumpen von h\u00e4uslichem Schmutzwasser ohne F\u00e4kalien, zur Senkung des Grundwasserspiegels, zur Entw\u00e4sserung von Schwimmbecken, Tanks und Wasserbeh\u00e4ltern.<br \/>\n Sie kann auch als tragbare Pumpe verwendet werden und ist ideal f\u00fcr Gartenarbeiten oder andere Hobbys. Der integrierte Schwimmerschalter erm\u00f6glicht eine feste Installation und gew\u00e4hrleistet einen automatischen Betrieb. Sie zeichnet sich durch einfachen Zugang zum Schwimmer f\u00fcr Wartungszwecke und die Wahl zwischen automatischem oder manuellem Modus aus. Der minimale Wasserstand beim Pumpen betr\u00e4gt bis zu 2\/3 mm.   <\/p>\n<p> Konstruktive Merkmale der Pumpe:<br \/>\n &#8211; wasserdichtes Geh\u00e4use, Abdeckung und Sauggitter aus Technopolymer,<br \/>\n &#8211; Motor, Rotorwelle, Schrauben und Lager aus Edelstahl,<br \/>\n &#8211; Dreifachdichtung mit Ringen, Vorkammer f\u00fcr \u00d6l.<\/p>\n<p> Konstruktive Merkmale des Motors:<br \/>\n &#8211; Tauch-Asynchronmotor mit Dauerbetrieb,<br \/>\n &#8211; der Stator befindet sich in einem luftdichten Edelstahlgeh\u00e4use mit einer \u00e4u\u00dferen Abdeckung zum Schutz der Leitungen und des Kondensators,<br \/>\n &#8211; der Rotor l\u00e4uft auf geschmierten Kugellagern, die f\u00fcr geringe Ger\u00e4uschentwicklung und Langlebigkeit \u00fcberdimensioniert sind,<br \/>\n &#8211; eingebauter thermisch-amperometrischer Schutz und fest angeschlossener Kondensator.<\/p>\n<p> Technische Daten:<br \/>\n &#8211; Betriebsbereich: 11,7 m\u00b3\/Stunde,<br \/>\n &#8211; P1 max.: 600 W,<br \/>\n &#8211; P2: 400 W,<br \/>\n &#8211; Wasseransaugung bis zu einem Pegel von max. 2 \u2013 3 mm,<br \/>\n &#8211; niedriger Wasserstand f\u00fcr den Start im manuellen Modus: 10 \u2013 15 mm,<br \/>\n &#8211; automatische Einschaltung bei einem Pegel von 130 mm,<br \/>\n &#8211; manueller oder automatischer Modus,<br \/>\n &#8211; maximale Eintauchtiefe: 7 m,<br \/>\n &#8211; Fl\u00fcssigkeitstemperaturbereich: 0 \u00b0C bis +35 \u00b0C. <\/p>\n","protected":false},"excerpt":{"rendered":"<p>DAB Verty Nova<\/p>\n<p> Kompakte und einfach zu bedienende Pumpe mit Schwimmerschalter. Sie kann auch in eine Grube mit den Ma\u00dfen 20 x 20 cm eingesetzt werden. Sie ist zum Pumpen von sauberem Wasser mit Partikeln bis zu 5 mm geeignet.<br \/>\n Die Pumpe eignet sich zur Entw\u00e4sserung von Kellern oder Geb\u00e4uden, zum Abpumpen von h\u00e4uslichem Schmutzwasser ohne F\u00e4kalien, zur Senkung des Grundwasserspiegels, zur Entw\u00e4sserung von Schwimmbecken, Tanks und Wasserbeh\u00e4ltern.<br \/>\n Sie kann auch als tragbare Pumpe verwendet werden und ist ideal f\u00fcr Gartenarbeiten oder andere Hobbys. Der integrierte Schwimmerschalter erm\u00f6glicht eine feste Installation und gew\u00e4hrleistet einen automatischen Betrieb. Sie zeichnet sich durch einfachen Zugang zum Schwimmer f\u00fcr Wartungszwecke und die Wahl zwischen automatischem oder manuellem Modus aus. Der minimale Wasserstand beim Pumpen betr\u00e4gt bis zu 2\/3 mm.   <\/p>\n<p> Konstruktive Merkmale der Pumpe:<br \/>\n &#8211; wasserdichtes Geh\u00e4use, Abdeckung und Sauggitter aus Technopolymer,<br \/>\n &#8211; Motor, Rotorwelle, Schrauben und Lager aus Edelstahl,<br \/>\n &#8211; Dreifachdichtung mit Ringen, Vorkammer f\u00fcr \u00d6l.<\/p>\n<p> Konstruktive Merkmale des Motors:<br \/>\n &#8211; Tauch-Asynchronmotor mit Dauerbetrieb,<br \/>\n &#8211; der Stator befindet sich in einem luftdichten Edelstahlgeh\u00e4use mit einer \u00e4u\u00dferen Abdeckung zum Schutz der Leitungen und des Kondensators,<br \/>\n &#8211; der Rotor l\u00e4uft auf geschmierten Kugellagern, die f\u00fcr geringe Ger\u00e4uschentwicklung und Langlebigkeit \u00fcberdimensioniert sind,<br \/>\n &#8211; eingebauter thermisch-amperometrischer Schutz und fest angeschlossener Kondensator.<\/p>\n<p> Technische Daten:<br \/>\n &#8211; Betriebsbereich: 11,7 m\u00b3\/Stunde,<br \/>\n &#8211; P1 max.: 600 W,<br \/>\n &#8211; P2: 400 W,<br \/>\n &#8211; Wasseransaugung bis zu einem Pegel von max. 2 \u2013 3 mm,<br \/>\n &#8211; niedriger Wasserstand f\u00fcr den Start im manuellen Modus: 10 \u2013 15 mm,<br \/>\n &#8211; automatische Einschaltung bei einem Pegel von 130 mm,<br \/>\n &#8211; manueller oder automatischer Modus,<br \/>\n &#8211; maximale Eintauchtiefe: 7 m,<br \/>\n &#8211; Fl\u00fcssigkeitstemperaturbereich: 0 \u00b0C bis +35 \u00b0C. <\/p>\n","protected":false},"featured_media":8210,"template":"","meta":[],"product_brand":[],"product_cat":[392,353,265],"product_tag":[267],"class_list":{"0":"post-8208","1":"product","2":"type-product","3":"status-publish","4":"has-post-thumbnail","6":"product_cat-dab-euroswim","7":"product_cat-filteranlagen","8":"product_cat-filterpumpen","9":"product_tag-filterpumpen","10":"thunk-woo-product-list","11":"open-woo-hover-none","12":"open-single-product-tab-horizontal","13":"open-shadow-","14":"open-shadow-hover-","16":"first","17":"instock","18":"taxable","19":"shipping-taxable","20":"purchasable","21":"product-type-simple"},"yoast_head":"<!-- This site is optimized with the Yoast SEO plugin v26.9 - https:\/\/yoast.com\/product\/yoast-seo-wordpress\/ -->\n<title>DAB Verty Nova 400M - Pool-House<\/title>\n<meta name=\"robots\" content=\"index, follow, max-snippet:-1, max-image-preview:large, max-video-preview:-1\" \/>\n<link rel=\"canonical\" href=\"https:\/\/pool-house.shop\/de\/product\/dab-verty-nova-400m\/\" \/>\n<meta property=\"og:locale\" content=\"de_DE\" \/>\n<meta property=\"og:type\" content=\"article\" \/>\n<meta property=\"og:title\" content=\"DAB Verty Nova 400M - Pool-House\" \/>\n<meta property=\"og:description\" content=\"DAB Verty Nova  Kompakte und einfach zu bedienende Pumpe mit Schwimmerschalter. Sie kann auch in eine Grube mit den Ma\u00dfen 20 x 20 cm eingesetzt werden. Sie ist zum Pumpen von sauberem Wasser mit Partikeln bis zu 5 mm geeignet.  Die Pumpe eignet sich zur Entw\u00e4sserung von Kellern oder Geb\u00e4uden, zum Abpumpen von h\u00e4uslichem Schmutzwasser ohne F\u00e4kalien, zur Senkung des Grundwasserspiegels, zur Entw\u00e4sserung von Schwimmbecken, Tanks und Wasserbeh\u00e4ltern. Sie kann auch als tragbare Pumpe verwendet werden und ist ideal f\u00fcr Gartenarbeiten oder andere Hobbys. Der integrierte Schwimmerschalter erm\u00f6glicht eine feste Installation und gew\u00e4hrleistet einen automatischen Betrieb. Sie zeichnet sich durch einfachen Zugang zum Schwimmer f\u00fcr Wartungszwecke und die Wahl zwischen automatischem oder manuellem Modus aus. Der minimale Wasserstand beim Pumpen betr\u00e4gt bis zu 2\/3 mm.    Konstruktive Merkmale der Pumpe: - wasserdichtes Geh\u00e4use, Abdeckung und Sauggitter aus Technopolymer, - Motor, Rotorwelle, Schrauben und Lager aus Edelstahl, - Dreifachdichtung mit Ringen, Vorkammer f\u00fcr \u00d6l.   Konstruktive Merkmale des Motors:  - Tauch-Asynchronmotor mit Dauerbetrieb, - der Stator befindet sich in einem luftdichten Edelstahlgeh\u00e4use mit einer \u00e4u\u00dferen Abdeckung zum Schutz der Leitungen und des Kondensators, - der Rotor l\u00e4uft auf geschmierten Kugellagern, die f\u00fcr geringe Ger\u00e4uschentwicklung und Langlebigkeit \u00fcberdimensioniert sind, - eingebauter thermisch-amperometrischer Schutz und fest angeschlossener Kondensator.  Technische Daten: - Betriebsbereich: 11,7 m\u00b3\/Stunde, - P1 max.: 600 W, - P2: 400 W, - Wasseransaugung bis zu einem Pegel von max. 2 \u2013 3 mm, - niedriger Wasserstand f\u00fcr den Start im manuellen Modus: 10 \u2013 15 mm, - automatische Einschaltung bei einem Pegel von 130 mm, - manueller oder automatischer Modus, - maximale Eintauchtiefe: 7 m, - Fl\u00fcssigkeitstemperaturbereich: 0 \u00b0C bis +35 \u00b0C.\" \/>\n<meta property=\"og:url\" content=\"https:\/\/pool-house.shop\/de\/product\/dab-verty-nova-400m\/\" \/>\n<meta property=\"og:site_name\" content=\"Pool-House\" \/>\n<meta property=\"article:publisher\" content=\"https:\/\/www.facebook.com\/termodomsk\/\" \/>\n<meta property=\"og:image\" content=\"https:\/\/pool-house.shop\/wp-content\/uploads\/2025\/03\/057012.png\" \/>\n\t<meta property=\"og:image:width\" content=\"1600\" \/>\n\t<meta property=\"og:image:height\" content=\"1600\" \/>\n\t<meta property=\"og:image:type\" content=\"image\/png\" \/>\n<meta name=\"twitter:card\" content=\"summary_large_image\" \/>\n<meta name=\"twitter:label1\" content=\"Gesch\u00e4tzte Lesezeit\" \/>\n\t<meta name=\"twitter:data1\" content=\"1\u00a0Minute\" \/>\n<script type=\"application\/ld+json\" class=\"yoast-schema-graph\">{\"@context\":\"https:\/\/schema.org\",\"@graph\":[{\"@type\":\"WebPage\",\"@id\":\"https:\/\/pool-house.shop\/de\/product\/dab-verty-nova-400m\/\",\"url\":\"https:\/\/pool-house.shop\/de\/product\/dab-verty-nova-400m\/\",\"name\":\"DAB Verty Nova 400M - Pool-House\",\"isPartOf\":{\"@id\":\"https:\/\/pool-house.shop\/de\/#website\"},\"primaryImageOfPage\":{\"@id\":\"https:\/\/pool-house.shop\/de\/product\/dab-verty-nova-400m\/#primaryimage\"},\"image\":{\"@id\":\"https:\/\/pool-house.shop\/de\/product\/dab-verty-nova-400m\/#primaryimage\"},\"thumbnailUrl\":\"https:\/\/pool-house.shop\/wp-content\/uploads\/2025\/03\/057012.png\",\"datePublished\":\"2025-03-23T22:59:20+00:00\",\"breadcrumb\":{\"@id\":\"https:\/\/pool-house.shop\/de\/product\/dab-verty-nova-400m\/#breadcrumb\"},\"inLanguage\":\"de\",\"potentialAction\":[{\"@type\":\"ReadAction\",\"target\":[\"https:\/\/pool-house.shop\/de\/product\/dab-verty-nova-400m\/\"]}]},{\"@type\":\"ImageObject\",\"inLanguage\":\"de\",\"@id\":\"https:\/\/pool-house.shop\/de\/product\/dab-verty-nova-400m\/#primaryimage\",\"url\":\"https:\/\/pool-house.shop\/wp-content\/uploads\/2025\/03\/057012.png\",\"contentUrl\":\"https:\/\/pool-house.shop\/wp-content\/uploads\/2025\/03\/057012.png\",\"width\":1600,\"height\":1600},{\"@type\":\"BreadcrumbList\",\"@id\":\"https:\/\/pool-house.shop\/de\/product\/dab-verty-nova-400m\/#breadcrumb\",\"itemListElement\":[{\"@type\":\"ListItem\",\"position\":1,\"name\":\"Domovsk\u00e1 str\u00e1nka\",\"item\":\"https:\/\/pool-house.shop\/de\/\"},{\"@type\":\"ListItem\",\"position\":2,\"name\":\"Shop\",\"item\":\"https:\/\/pool-house.shop\/de\/shop\/\"},{\"@type\":\"ListItem\",\"position\":3,\"name\":\"DAB Verty Nova 400M\"}]},{\"@type\":\"WebSite\",\"@id\":\"https:\/\/pool-house.shop\/de\/#website\",\"url\":\"https:\/\/pool-house.shop\/de\/\",\"name\":\"Pool-House\",\"description\":\"\",\"publisher\":{\"@id\":\"https:\/\/pool-house.shop\/de\/#organization\"},\"potentialAction\":[{\"@type\":\"SearchAction\",\"target\":{\"@type\":\"EntryPoint\",\"urlTemplate\":\"https:\/\/pool-house.shop\/de\/?s={search_term_string}\"},\"query-input\":{\"@type\":\"PropertyValueSpecification\",\"valueRequired\":true,\"valueName\":\"search_term_string\"}}],\"inLanguage\":\"de\"},{\"@type\":\"Organization\",\"@id\":\"https:\/\/pool-house.shop\/de\/#organization\",\"name\":\"Pool-House\",\"url\":\"https:\/\/pool-house.shop\/de\/\",\"logo\":{\"@type\":\"ImageObject\",\"inLanguage\":\"de\",\"@id\":\"https:\/\/pool-house.shop\/de\/#\/schema\/logo\/image\/\",\"url\":\"https:\/\/pool-house.shop\/wp-content\/uploads\/2025\/10\/logo-2-stvorec-mobil-modre.png\",\"contentUrl\":\"https:\/\/pool-house.shop\/wp-content\/uploads\/2025\/10\/logo-2-stvorec-mobil-modre.png\",\"width\":273,\"height\":189,\"caption\":\"Pool-House\"},\"image\":{\"@id\":\"https:\/\/pool-house.shop\/de\/#\/schema\/logo\/image\/\"},\"sameAs\":[\"https:\/\/www.facebook.com\/termodomsk\/\"]}]}<\/script>\n<!-- \/ Yoast SEO plugin. -->","yoast_head_json":{"title":"DAB Verty Nova 400M - Pool-House","robots":{"index":"index","follow":"follow","max-snippet":"max-snippet:-1","max-image-preview":"max-image-preview:large","max-video-preview":"max-video-preview:-1"},"canonical":"https:\/\/pool-house.shop\/de\/product\/dab-verty-nova-400m\/","og_locale":"de_DE","og_type":"article","og_title":"DAB Verty Nova 400M - Pool-House","og_description":"DAB Verty Nova  Kompakte und einfach zu bedienende Pumpe mit Schwimmerschalter. Sie kann auch in eine Grube mit den Ma\u00dfen 20 x 20 cm eingesetzt werden. Sie ist zum Pumpen von sauberem Wasser mit Partikeln bis zu 5 mm geeignet.  Die Pumpe eignet sich zur Entw\u00e4sserung von Kellern oder Geb\u00e4uden, zum Abpumpen von h\u00e4uslichem Schmutzwasser ohne F\u00e4kalien, zur Senkung des Grundwasserspiegels, zur Entw\u00e4sserung von Schwimmbecken, Tanks und Wasserbeh\u00e4ltern. Sie kann auch als tragbare Pumpe verwendet werden und ist ideal f\u00fcr Gartenarbeiten oder andere Hobbys. Der integrierte Schwimmerschalter erm\u00f6glicht eine feste Installation und gew\u00e4hrleistet einen automatischen Betrieb. Sie zeichnet sich durch einfachen Zugang zum Schwimmer f\u00fcr Wartungszwecke und die Wahl zwischen automatischem oder manuellem Modus aus. Der minimale Wasserstand beim Pumpen betr\u00e4gt bis zu 2\/3 mm.    Konstruktive Merkmale der Pumpe: - wasserdichtes Geh\u00e4use, Abdeckung und Sauggitter aus Technopolymer, - Motor, Rotorwelle, Schrauben und Lager aus Edelstahl, - Dreifachdichtung mit Ringen, Vorkammer f\u00fcr \u00d6l.   Konstruktive Merkmale des Motors:  - Tauch-Asynchronmotor mit Dauerbetrieb, - der Stator befindet sich in einem luftdichten Edelstahlgeh\u00e4use mit einer \u00e4u\u00dferen Abdeckung zum Schutz der Leitungen und des Kondensators, - der Rotor l\u00e4uft auf geschmierten Kugellagern, die f\u00fcr geringe Ger\u00e4uschentwicklung und Langlebigkeit \u00fcberdimensioniert sind, - eingebauter thermisch-amperometrischer Schutz und fest angeschlossener Kondensator.  Technische Daten: - Betriebsbereich: 11,7 m\u00b3\/Stunde, - P1 max.: 600 W, - P2: 400 W, - Wasseransaugung bis zu einem Pegel von max. 2 \u2013 3 mm, - niedriger Wasserstand f\u00fcr den Start im manuellen Modus: 10 \u2013 15 mm, - automatische Einschaltung bei einem Pegel von 130 mm, - manueller oder automatischer Modus, - maximale Eintauchtiefe: 7 m, - Fl\u00fcssigkeitstemperaturbereich: 0 \u00b0C bis +35 \u00b0C.","og_url":"https:\/\/pool-house.shop\/de\/product\/dab-verty-nova-400m\/","og_site_name":"Pool-House","article_publisher":"https:\/\/www.facebook.com\/termodomsk\/","og_image":[{"width":1600,"height":1600,"url":"https:\/\/pool-house.shop\/wp-content\/uploads\/2025\/03\/057012.png","type":"image\/png"}],"twitter_card":"summary_large_image","twitter_misc":{"Gesch\u00e4tzte Lesezeit":"1\u00a0Minute"},"schema":{"@context":"https:\/\/schema.org","@graph":[{"@type":"WebPage","@id":"https:\/\/pool-house.shop\/de\/product\/dab-verty-nova-400m\/","url":"https:\/\/pool-house.shop\/de\/product\/dab-verty-nova-400m\/","name":"DAB Verty Nova 400M - Pool-House","isPartOf":{"@id":"https:\/\/pool-house.shop\/de\/#website"},"primaryImageOfPage":{"@id":"https:\/\/pool-house.shop\/de\/product\/dab-verty-nova-400m\/#primaryimage"},"image":{"@id":"https:\/\/pool-house.shop\/de\/product\/dab-verty-nova-400m\/#primaryimage"},"thumbnailUrl":"https:\/\/pool-house.shop\/wp-content\/uploads\/2025\/03\/057012.png","datePublished":"2025-03-23T22:59:20+00:00","breadcrumb":{"@id":"https:\/\/pool-house.shop\/de\/product\/dab-verty-nova-400m\/#breadcrumb"},"inLanguage":"de","potentialAction":[{"@type":"ReadAction","target":["https:\/\/pool-house.shop\/de\/product\/dab-verty-nova-400m\/"]}]},{"@type":"ImageObject","inLanguage":"de","@id":"https:\/\/pool-house.shop\/de\/product\/dab-verty-nova-400m\/#primaryimage","url":"https:\/\/pool-house.shop\/wp-content\/uploads\/2025\/03\/057012.png","contentUrl":"https:\/\/pool-house.shop\/wp-content\/uploads\/2025\/03\/057012.png","width":1600,"height":1600},{"@type":"BreadcrumbList","@id":"https:\/\/pool-house.shop\/de\/product\/dab-verty-nova-400m\/#breadcrumb","itemListElement":[{"@type":"ListItem","position":1,"name":"Domovsk\u00e1 str\u00e1nka","item":"https:\/\/pool-house.shop\/de\/"},{"@type":"ListItem","position":2,"name":"Shop","item":"https:\/\/pool-house.shop\/de\/shop\/"},{"@type":"ListItem","position":3,"name":"DAB Verty Nova 400M"}]},{"@type":"WebSite","@id":"https:\/\/pool-house.shop\/de\/#website","url":"https:\/\/pool-house.shop\/de\/","name":"Pool-House","description":"","publisher":{"@id":"https:\/\/pool-house.shop\/de\/#organization"},"potentialAction":[{"@type":"SearchAction","target":{"@type":"EntryPoint","urlTemplate":"https:\/\/pool-house.shop\/de\/?s={search_term_string}"},"query-input":{"@type":"PropertyValueSpecification","valueRequired":true,"valueName":"search_term_string"}}],"inLanguage":"de"},{"@type":"Organization","@id":"https:\/\/pool-house.shop\/de\/#organization","name":"Pool-House","url":"https:\/\/pool-house.shop\/de\/","logo":{"@type":"ImageObject","inLanguage":"de","@id":"https:\/\/pool-house.shop\/de\/#\/schema\/logo\/image\/","url":"https:\/\/pool-house.shop\/wp-content\/uploads\/2025\/10\/logo-2-stvorec-mobil-modre.png","contentUrl":"https:\/\/pool-house.shop\/wp-content\/uploads\/2025\/10\/logo-2-stvorec-mobil-modre.png","width":273,"height":189,"caption":"Pool-House"},"image":{"@id":"https:\/\/pool-house.shop\/de\/#\/schema\/logo\/image\/"},"sameAs":["https:\/\/www.facebook.com\/termodomsk\/"]}]}},"_links":{"self":[{"href":"https:\/\/pool-house.shop\/de\/wp-json\/wp\/v2\/product\/8208","targetHints":{"allow":["GET"]}}],"collection":[{"href":"https:\/\/pool-house.shop\/de\/wp-json\/wp\/v2\/product"}],"about":[{"href":"https:\/\/pool-house.shop\/de\/wp-json\/wp\/v2\/types\/product"}],"wp:featuredmedia":[{"embeddable":true,"href":"https:\/\/pool-house.shop\/de\/wp-json\/wp\/v2\/media\/8210"}],"wp:attachment":[{"href":"https:\/\/pool-house.shop\/de\/wp-json\/wp\/v2\/media?parent=8208"}],"wp:term":[{"taxonomy":"product_brand","embeddable":true,"href":"https:\/\/pool-house.shop\/de\/wp-json\/wp\/v2\/product_brand?post=8208"},{"taxonomy":"product_cat","embeddable":true,"href":"https:\/\/pool-house.shop\/de\/wp-json\/wp\/v2\/product_cat?post=8208"},{"taxonomy":"product_tag","embeddable":true,"href":"https:\/\/pool-house.shop\/de\/wp-json\/wp\/v2\/product_tag?post=8208"}],"curies":[{"name":"wp","href":"https:\/\/api.w.org\/{rel}","templated":true}]}}