{"id":8226,"date":"2025-03-23T23:59:22","date_gmt":"2025-03-23T22:59:22","guid":{"rendered":"https:\/\/pool-house.shop\/product\/dab-e-swim-150\/"},"modified":"2025-03-23T23:59:22","modified_gmt":"2025-03-23T22:59:22","slug":"dab-e-swim-150","status":"publish","type":"product","link":"https:\/\/pool-house.shop\/de\/product\/dab-e-swim-150\/","title":{"rendered":"DAB E-Swim 150"},"content":{"rendered":"<p>DAB E-Swim<\/p>\n<p> ESWIM ist eine neue elektronische Poolpumpe von DAB mit hoher Energieeffizienz.<br \/>\n Die E-SWIM Pumpe kombiniert fortschrittliche hydraulische Komponenten, Frequenzumrichtertechnologie und einen hocheffizienten Permanentmagnetmotor (innovative Wasserk\u00fchlung). Sie arbeitet leise und zuverl\u00e4ssig, speziell entwickelt f\u00fcr die Zirkulation und Filtration von Wasser in \u00f6ffentlichen und privaten Schwimmb\u00e4dern. In begrenztem Umfang ist sie auch f\u00fcr den Einsatz in Landwirtschaft und Industrie geeignet.<br \/>\n Die Pumpe eignet sich zum F\u00f6rdern von sauberem oder leicht verschmutztem Wasser, aber auch von Wasser mit hohem Chlor-\/Bromgehalt und PHMB (Polyhexamethylen-Guanidin) oder durch Chlorelektrolyse behandeltem Wasser. Die Pumpe kann sowohl befestigt als auch transportiert werden.<\/p>\n<p> Zertifikate<br \/>\n Energy Star, SVRS (nur bei SVRS-Version).<\/p>\n<p> Konstruktive Merkmale der Pumpe<br \/>\n Gro\u00dfvolumiger Filterkorb mit leicht abnehmbarem Deckel. Der Filter l\u00e4sst sich leicht entnehmen und reinigen und besteht aus antioxidativem Material f\u00fcr eine schnelle und einfache Sichtpr\u00fcfung. Die Pumpe ist mit einem Bajonettverschluss und Gummif\u00fc\u00dfen zur Vibrationsreduzierung ausgestattet.<x id=\"gid_6\"><\/x>  <x id=\"gid_7\"><\/x> Konstruktive Merkmale des Motors<x id=\"gid_8\"><\/x> Synchronmotor mit Permanentmagneten, b\u00fcrstenlos, mit gekapseltem Magnetrotor, gek\u00fchlt durch die gepumpte Fl\u00fcssigkeit (ohne K\u00fchlgebl\u00e4se) mit einem Ger\u00e4uschpegel von nur 45 dB. Das Aluminiumgeh\u00e4use des Motors ist mit Elastomer beschichtet.<x id=\"gid_9\"><\/x> <x id=\"gid_10\"><\/x> Elektronische Eigenschaften <x id=\"gid_11\"><\/x> Die Fernsteuerung ist \u00fcber 0 \u2013 10 V, 4 \u2013 20 mA und PWM-Signale m\u00f6glich. Dank des Frequenzumrichters k\u00f6nnen die Pumpen mit konstanter Drehzahl oder konstantem Durchfluss (ohne Sensoren) arbeiten, um eine optimale Leistung zu erzielen und den Energieverbrauch zu minimieren.     <\/p>\n<p> Technische Daten:<br \/>\n  &#8211; Betriebsbereich: 30 m\u00b3\/Std.,<br \/>\n  &#8211; maximale F\u00f6rderh\u00f6he: 15,4 m,<br \/>\n  &#8211; pH-Wert-Bereich: 6,5 \u2013 8,4,<br \/>\n  &#8211; Temperaturbereich der F\u00f6rderfl\u00fcssigkeit: ca. +4 \u00b0C \u2013 +40 \u00b0C,<br \/>\n  &#8211; maximale Umgebungstemperatur: +50 \u00b0C,<br \/>\n  &#8211; maximaler Betriebsdruck: 2,5 bar\/250 kPa,<br \/>\n &#8211; Motorschutzart: IP X5,<br \/>\n &#8211; Isolationsklasse: F,<br \/>\n &#8211; Laufradmaterial: Techopolymer,<br \/>\n &#8211; Standardspannung: 230 V, 50 Hz, 60 Hz.<\/p>\n<p> Bedienfeld und Funktionen<br \/>\n 4 voreingestellte Tasten f\u00fcr bis zu 8 Programme. Die Auto-Taste erm\u00f6glicht den automatischen Betrieb nach Zeitplan (t\u00e4glich\/w\u00f6chentlich).<br \/>\n Auf dem LCD-Display (2,75&#8243; x 1,58&#8243;) werden angezeigt: Betriebszeit, Betriebsmodus und aktueller Status.<br \/>\n Umfassendes Schutzsystem, einschlie\u00dflich Frostschutz und Trockenlaufschutz. Die Pumpe ist vom Amt des Obersten Hygienikers (OTH) zugelassen.<x id=\"gid_0\"><\/x> <x id=\"gid_1\"><\/x> Betrieb<x id=\"gid_2\"><\/x> Automatischer Betrieb bei verschiedenen Geschwindigkeiten. Die Zeitplanung ist auf T\u00c4GLICHER oder W\u00d6CHENTLICHER Basis m\u00f6glich.<br \/>\n M\u00f6glichkeit der Fernsteuerung der Pumpe \u00fcber eine digitale oder analoge Schnittstelle (4 \u2013 20 mA\/0 \u2013 10 V).<\/p>\n<p> Geringe Ger\u00e4uschentwicklung<br \/>\n Extrem leiser Betrieb dank Wasserk\u00fchlungstechnologie. Keine Vibrationen und kein K\u00fchlgebl\u00e4se. Dank des speziellen wassergek\u00fchlten Motors, des Inverters und der vibrationsd\u00e4mpfenden F\u00fc\u00dfe ist die e.swim die leiseste Poolpumpe auf dem Markt.    <\/p>\n","protected":false},"excerpt":{"rendered":"<p>DAB E-Swim<\/p>\n<p> ESWIM ist eine neue elektronische Poolpumpe von DAB mit hoher Energieeffizienz.<br \/>\n Die E-SWIM Pumpe kombiniert fortschrittliche hydraulische Komponenten, Frequenzumrichtertechnologie und einen hocheffizienten Permanentmagnetmotor (innovative Wasserk\u00fchlung). Sie arbeitet leise und zuverl\u00e4ssig, speziell entwickelt f\u00fcr die Zirkulation und Filtration von Wasser in \u00f6ffentlichen und privaten Schwimmb\u00e4dern. In begrenztem Umfang ist sie auch f\u00fcr den Einsatz in Landwirtschaft und Industrie geeignet.<br \/>\n Die Pumpe eignet sich zum F\u00f6rdern von sauberem oder leicht verschmutztem Wasser, aber auch von Wasser mit hohem Chlor-\/Bromgehalt und PHMB (Polyhexamethylen-Guanidin) oder durch Chlorelektrolyse behandeltem Wasser. Die Pumpe kann sowohl befestigt als auch transportiert werden.<\/p>\n<p> Zertifikate<br \/>\n Energy Star, SVRS (nur bei SVRS-Version).<\/p>\n<p> Konstruktive Merkmale der Pumpe<br \/>\n Gro\u00dfvolumiger Filterkorb mit leicht abnehmbarem Deckel. Der Filter l\u00e4sst sich leicht entnehmen und reinigen und besteht aus antioxidativem Material f\u00fcr eine schnelle und einfache Sichtpr\u00fcfung. Die Pumpe ist mit einem Bajonettverschluss und Gummif\u00fc\u00dfen zur Vibrationsreduzierung ausgestattet.<x id=\"gid_6\"><\/x>  <x id=\"gid_7\"><\/x> Konstruktive Merkmale des Motors<x id=\"gid_8\"><\/x> Synchronmotor mit Permanentmagneten, b\u00fcrstenlos, mit gekapseltem Magnetrotor, gek\u00fchlt durch die gepumpte Fl\u00fcssigkeit (ohne K\u00fchlgebl\u00e4se) mit einem Ger\u00e4uschpegel von nur 45 dB. Das Aluminiumgeh\u00e4use des Motors ist mit Elastomer beschichtet.<x id=\"gid_9\"><\/x> <x id=\"gid_10\"><\/x> Elektronische Eigenschaften <x id=\"gid_11\"><\/x> Die Fernsteuerung ist \u00fcber 0 \u2013 10 V, 4 \u2013 20 mA und PWM-Signale m\u00f6glich. Dank des Frequenzumrichters k\u00f6nnen die Pumpen mit konstanter Drehzahl oder konstantem Durchfluss (ohne Sensoren) arbeiten, um eine optimale Leistung zu erzielen und den Energieverbrauch zu minimieren.     <\/p>\n<p> Technische Daten:<br \/>\n  &#8211; Betriebsbereich: 30 m\u00b3\/Std.,<br \/>\n  &#8211; maximale F\u00f6rderh\u00f6he: 15,4 m,<br \/>\n  &#8211; pH-Wert-Bereich: 6,5 \u2013 8,4,<br \/>\n  &#8211; Temperaturbereich der F\u00f6rderfl\u00fcssigkeit: ca. +4 \u00b0C \u2013 +40 \u00b0C,<br \/>\n  &#8211; maximale Umgebungstemperatur: +50 \u00b0C,<br \/>\n  &#8211; maximaler Betriebsdruck: 2,5 bar\/250 kPa,<br \/>\n &#8211; Motorschutzart: IP X5,<br \/>\n &#8211; Isolationsklasse: F,<br \/>\n &#8211; Laufradmaterial: Techopolymer,<br \/>\n &#8211; Standardspannung: 230 V, 50 Hz, 60 Hz.<\/p>\n<p> Bedienfeld und Funktionen<br \/>\n 4 voreingestellte Tasten f\u00fcr bis zu 8 Programme. Die Auto-Taste erm\u00f6glicht den automatischen Betrieb nach Zeitplan (t\u00e4glich\/w\u00f6chentlich).<br \/>\n Auf dem LCD-Display (2,75&#8243; x 1,58&#8243;) werden angezeigt: Betriebszeit, Betriebsmodus und aktueller Status.<br \/>\n Umfassendes Schutzsystem, einschlie\u00dflich Frostschutz und Trockenlaufschutz. Die Pumpe ist vom Amt des Obersten Hygienikers (OTH) zugelassen.<\/p>\n<p> Betrieb<br \/>\n Automatischer Betrieb bei verschiedenen Geschwindigkeiten. Die Zeitplanung ist auf T\u00c4GLICHER oder W\u00d6CHENTLICHER Basis m\u00f6glich.<br \/>\n M\u00f6glichkeit der Fernsteuerung der Pumpe \u00fcber eine digitale oder analoge Schnittstelle (4 \u2013 20 mA\/0 \u2013 10 V).<\/p>\n<p> Geringe Ger\u00e4uschentwicklung<br \/>\n Extrem leiser Betrieb dank Wasserk\u00fchlungstechnologie. Keine Vibrationen und kein K\u00fchlgebl\u00e4se. Dank des speziellen wassergek\u00fchlten Motors, des Inverters und der vibrationsd\u00e4mpfenden F\u00fc\u00dfe ist die e.swim die leiseste Poolpumpe auf dem Markt.    <\/p>\n","protected":false},"featured_media":8227,"template":"","meta":[],"product_brand":[],"product_cat":[392,353,265],"product_tag":[267],"class_list":{"0":"post-8226","1":"product","2":"type-product","3":"status-publish","4":"has-post-thumbnail","6":"product_cat-dab-euroswim","7":"product_cat-filteranlagen","8":"product_cat-filterpumpen","9":"product_tag-filterpumpen","10":"thunk-woo-product-list","11":"open-woo-hover-none","12":"open-single-product-tab-horizontal","13":"open-shadow-","14":"open-shadow-hover-","16":"first","17":"instock","18":"taxable","19":"shipping-taxable","20":"purchasable","21":"product-type-simple"},"yoast_head":"<!-- This site is optimized with the Yoast SEO plugin v26.9 - https:\/\/yoast.com\/product\/yoast-seo-wordpress\/ -->\n<title>DAB E-Swim 150 - Pool-House<\/title>\n<meta name=\"robots\" content=\"index, follow, max-snippet:-1, max-image-preview:large, max-video-preview:-1\" \/>\n<link rel=\"canonical\" href=\"https:\/\/pool-house.shop\/de\/product\/dab-e-swim-150\/\" \/>\n<meta property=\"og:locale\" content=\"de_DE\" \/>\n<meta property=\"og:type\" content=\"article\" \/>\n<meta property=\"og:title\" content=\"DAB E-Swim 150 - Pool-House\" \/>\n<meta property=\"og:description\" content=\"DAB E-Swim  ESWIM ist eine neue elektronische Poolpumpe von DAB mit hoher Energieeffizienz. Die E-SWIM Pumpe kombiniert fortschrittliche hydraulische Komponenten, Frequenzumrichtertechnologie und einen hocheffizienten Permanentmagnetmotor (innovative Wasserk\u00fchlung). Sie arbeitet leise und zuverl\u00e4ssig, speziell entwickelt f\u00fcr die Zirkulation und Filtration von Wasser in \u00f6ffentlichen und privaten Schwimmb\u00e4dern. In begrenztem Umfang ist sie auch f\u00fcr den Einsatz in Landwirtschaft und Industrie geeignet.  Die Pumpe eignet sich zum F\u00f6rdern von sauberem oder leicht verschmutztem Wasser, aber auch von Wasser mit hohem Chlor-\/Bromgehalt und PHMB (Polyhexamethylen-Guanidin) oder durch Chlorelektrolyse behandeltem Wasser. Die Pumpe kann sowohl befestigt als auch transportiert werden.  Zertifikate Energy Star, SVRS (nur bei SVRS-Version).  Konstruktive Merkmale der Pumpe  Gro\u00dfvolumiger Filterkorb mit leicht abnehmbarem Deckel. Der Filter l\u00e4sst sich leicht entnehmen und reinigen und besteht aus antioxidativem Material f\u00fcr eine schnelle und einfache Sichtpr\u00fcfung. Die Pumpe ist mit einem Bajonettverschluss und Gummif\u00fc\u00dfen zur Vibrationsreduzierung ausgestattet.  Konstruktive Merkmale des Motors Synchronmotor mit Permanentmagneten, b\u00fcrstenlos, mit gekapseltem Magnetrotor, gek\u00fchlt durch die gepumpte Fl\u00fcssigkeit (ohne K\u00fchlgebl\u00e4se) mit einem Ger\u00e4uschpegel von nur 45 dB. Das Aluminiumgeh\u00e4use des Motors ist mit Elastomer beschichtet. Elektronische Eigenschaften Die Fernsteuerung ist \u00fcber 0 \u2013 10 V, 4 \u2013 20 mA und PWM-Signale m\u00f6glich. Dank des Frequenzumrichters k\u00f6nnen die Pumpen mit konstanter Drehzahl oder konstantem Durchfluss (ohne Sensoren) arbeiten, um eine optimale Leistung zu erzielen und den Energieverbrauch zu minimieren.     Technische Daten:  - Betriebsbereich: 30 m\u00b3\/Std.,  - maximale F\u00f6rderh\u00f6he: 15,4 m,  - pH-Wert-Bereich: 6,5 \u2013 8,4,  - Temperaturbereich der F\u00f6rderfl\u00fcssigkeit: ca. +4 \u00b0C \u2013 +40 \u00b0C,  - maximale Umgebungstemperatur: +50 \u00b0C,  - maximaler Betriebsdruck: 2,5 bar\/250 kPa,  - Motorschutzart: IP X5, - Isolationsklasse: F,  - Laufradmaterial: Techopolymer,  - Standardspannung: 230 V, 50 Hz, 60 Hz.  Bedienfeld und Funktionen 4 voreingestellte Tasten f\u00fcr bis zu 8 Programme. Die Auto-Taste erm\u00f6glicht den automatischen Betrieb nach Zeitplan (t\u00e4glich\/w\u00f6chentlich).   Auf dem LCD-Display (2,75&quot; x 1,58&quot;) werden angezeigt: Betriebszeit, Betriebsmodus und aktueller Status. Umfassendes Schutzsystem, einschlie\u00dflich Frostschutz und Trockenlaufschutz. Die Pumpe ist vom Amt des Obersten Hygienikers (OTH) zugelassen.  Betrieb Automatischer Betrieb bei verschiedenen Geschwindigkeiten. Die Zeitplanung ist auf T\u00c4GLICHER oder W\u00d6CHENTLICHER Basis m\u00f6glich. M\u00f6glichkeit der Fernsteuerung der Pumpe \u00fcber eine digitale oder analoge Schnittstelle (4 \u2013 20 mA\/0 \u2013 10 V).  Geringe Ger\u00e4uschentwicklung Extrem leiser Betrieb dank Wasserk\u00fchlungstechnologie. Keine Vibrationen und kein K\u00fchlgebl\u00e4se. Dank des speziellen wassergek\u00fchlten Motors, des Inverters und der vibrationsd\u00e4mpfenden F\u00fc\u00dfe ist die e.swim die leiseste Poolpumpe auf dem Markt.\" \/>\n<meta property=\"og:url\" content=\"https:\/\/pool-house.shop\/de\/product\/dab-e-swim-150\/\" \/>\n<meta property=\"og:site_name\" content=\"Pool-House\" \/>\n<meta property=\"article:publisher\" content=\"https:\/\/www.facebook.com\/termodomsk\/\" \/>\n<meta property=\"og:image\" content=\"https:\/\/pool-house.shop\/wp-content\/uploads\/2025\/03\/057105.png\" \/>\n\t<meta property=\"og:image:width\" content=\"1600\" \/>\n\t<meta property=\"og:image:height\" content=\"1600\" \/>\n\t<meta property=\"og:image:type\" content=\"image\/png\" \/>\n<meta name=\"twitter:card\" content=\"summary_large_image\" \/>\n<meta name=\"twitter:label1\" content=\"Gesch\u00e4tzte Lesezeit\" \/>\n\t<meta name=\"twitter:data1\" content=\"2\u00a0Minuten\" \/>\n<script type=\"application\/ld+json\" class=\"yoast-schema-graph\">{\"@context\":\"https:\/\/schema.org\",\"@graph\":[{\"@type\":\"WebPage\",\"@id\":\"https:\/\/pool-house.shop\/de\/product\/dab-e-swim-150\/\",\"url\":\"https:\/\/pool-house.shop\/de\/product\/dab-e-swim-150\/\",\"name\":\"DAB E-Swim 150 - Pool-House\",\"isPartOf\":{\"@id\":\"https:\/\/pool-house.shop\/de\/#website\"},\"primaryImageOfPage\":{\"@id\":\"https:\/\/pool-house.shop\/de\/product\/dab-e-swim-150\/#primaryimage\"},\"image\":{\"@id\":\"https:\/\/pool-house.shop\/de\/product\/dab-e-swim-150\/#primaryimage\"},\"thumbnailUrl\":\"https:\/\/pool-house.shop\/wp-content\/uploads\/2025\/03\/057105.png\",\"datePublished\":\"2025-03-23T22:59:22+00:00\",\"breadcrumb\":{\"@id\":\"https:\/\/pool-house.shop\/de\/product\/dab-e-swim-150\/#breadcrumb\"},\"inLanguage\":\"de\",\"potentialAction\":[{\"@type\":\"ReadAction\",\"target\":[\"https:\/\/pool-house.shop\/de\/product\/dab-e-swim-150\/\"]}]},{\"@type\":\"ImageObject\",\"inLanguage\":\"de\",\"@id\":\"https:\/\/pool-house.shop\/de\/product\/dab-e-swim-150\/#primaryimage\",\"url\":\"https:\/\/pool-house.shop\/wp-content\/uploads\/2025\/03\/057105.png\",\"contentUrl\":\"https:\/\/pool-house.shop\/wp-content\/uploads\/2025\/03\/057105.png\",\"width\":1600,\"height\":1600},{\"@type\":\"BreadcrumbList\",\"@id\":\"https:\/\/pool-house.shop\/de\/product\/dab-e-swim-150\/#breadcrumb\",\"itemListElement\":[{\"@type\":\"ListItem\",\"position\":1,\"name\":\"Domovsk\u00e1 str\u00e1nka\",\"item\":\"https:\/\/pool-house.shop\/de\/\"},{\"@type\":\"ListItem\",\"position\":2,\"name\":\"Shop\",\"item\":\"https:\/\/pool-house.shop\/de\/shop\/\"},{\"@type\":\"ListItem\",\"position\":3,\"name\":\"DAB E-Swim 150\"}]},{\"@type\":\"WebSite\",\"@id\":\"https:\/\/pool-house.shop\/de\/#website\",\"url\":\"https:\/\/pool-house.shop\/de\/\",\"name\":\"Pool-House\",\"description\":\"\",\"publisher\":{\"@id\":\"https:\/\/pool-house.shop\/de\/#organization\"},\"potentialAction\":[{\"@type\":\"SearchAction\",\"target\":{\"@type\":\"EntryPoint\",\"urlTemplate\":\"https:\/\/pool-house.shop\/de\/?s={search_term_string}\"},\"query-input\":{\"@type\":\"PropertyValueSpecification\",\"valueRequired\":true,\"valueName\":\"search_term_string\"}}],\"inLanguage\":\"de\"},{\"@type\":\"Organization\",\"@id\":\"https:\/\/pool-house.shop\/de\/#organization\",\"name\":\"Pool-House\",\"url\":\"https:\/\/pool-house.shop\/de\/\",\"logo\":{\"@type\":\"ImageObject\",\"inLanguage\":\"de\",\"@id\":\"https:\/\/pool-house.shop\/de\/#\/schema\/logo\/image\/\",\"url\":\"https:\/\/pool-house.shop\/wp-content\/uploads\/2025\/10\/logo-2-stvorec-mobil-modre.png\",\"contentUrl\":\"https:\/\/pool-house.shop\/wp-content\/uploads\/2025\/10\/logo-2-stvorec-mobil-modre.png\",\"width\":273,\"height\":189,\"caption\":\"Pool-House\"},\"image\":{\"@id\":\"https:\/\/pool-house.shop\/de\/#\/schema\/logo\/image\/\"},\"sameAs\":[\"https:\/\/www.facebook.com\/termodomsk\/\"]}]}<\/script>\n<!-- \/ Yoast SEO plugin. -->","yoast_head_json":{"title":"DAB E-Swim 150 - Pool-House","robots":{"index":"index","follow":"follow","max-snippet":"max-snippet:-1","max-image-preview":"max-image-preview:large","max-video-preview":"max-video-preview:-1"},"canonical":"https:\/\/pool-house.shop\/de\/product\/dab-e-swim-150\/","og_locale":"de_DE","og_type":"article","og_title":"DAB E-Swim 150 - Pool-House","og_description":"DAB E-Swim  ESWIM ist eine neue elektronische Poolpumpe von DAB mit hoher Energieeffizienz. Die E-SWIM Pumpe kombiniert fortschrittliche hydraulische Komponenten, Frequenzumrichtertechnologie und einen hocheffizienten Permanentmagnetmotor (innovative Wasserk\u00fchlung). Sie arbeitet leise und zuverl\u00e4ssig, speziell entwickelt f\u00fcr die Zirkulation und Filtration von Wasser in \u00f6ffentlichen und privaten Schwimmb\u00e4dern. In begrenztem Umfang ist sie auch f\u00fcr den Einsatz in Landwirtschaft und Industrie geeignet.  Die Pumpe eignet sich zum F\u00f6rdern von sauberem oder leicht verschmutztem Wasser, aber auch von Wasser mit hohem Chlor-\/Bromgehalt und PHMB (Polyhexamethylen-Guanidin) oder durch Chlorelektrolyse behandeltem Wasser. Die Pumpe kann sowohl befestigt als auch transportiert werden.  Zertifikate Energy Star, SVRS (nur bei SVRS-Version).  Konstruktive Merkmale der Pumpe  Gro\u00dfvolumiger Filterkorb mit leicht abnehmbarem Deckel. Der Filter l\u00e4sst sich leicht entnehmen und reinigen und besteht aus antioxidativem Material f\u00fcr eine schnelle und einfache Sichtpr\u00fcfung. Die Pumpe ist mit einem Bajonettverschluss und Gummif\u00fc\u00dfen zur Vibrationsreduzierung ausgestattet.  Konstruktive Merkmale des Motors Synchronmotor mit Permanentmagneten, b\u00fcrstenlos, mit gekapseltem Magnetrotor, gek\u00fchlt durch die gepumpte Fl\u00fcssigkeit (ohne K\u00fchlgebl\u00e4se) mit einem Ger\u00e4uschpegel von nur 45 dB. Das Aluminiumgeh\u00e4use des Motors ist mit Elastomer beschichtet. Elektronische Eigenschaften Die Fernsteuerung ist \u00fcber 0 \u2013 10 V, 4 \u2013 20 mA und PWM-Signale m\u00f6glich. Dank des Frequenzumrichters k\u00f6nnen die Pumpen mit konstanter Drehzahl oder konstantem Durchfluss (ohne Sensoren) arbeiten, um eine optimale Leistung zu erzielen und den Energieverbrauch zu minimieren.     Technische Daten:  - Betriebsbereich: 30 m\u00b3\/Std.,  - maximale F\u00f6rderh\u00f6he: 15,4 m,  - pH-Wert-Bereich: 6,5 \u2013 8,4,  - Temperaturbereich der F\u00f6rderfl\u00fcssigkeit: ca. +4 \u00b0C \u2013 +40 \u00b0C,  - maximale Umgebungstemperatur: +50 \u00b0C,  - maximaler Betriebsdruck: 2,5 bar\/250 kPa,  - Motorschutzart: IP X5, - Isolationsklasse: F,  - Laufradmaterial: Techopolymer,  - Standardspannung: 230 V, 50 Hz, 60 Hz.  Bedienfeld und Funktionen 4 voreingestellte Tasten f\u00fcr bis zu 8 Programme. Die Auto-Taste erm\u00f6glicht den automatischen Betrieb nach Zeitplan (t\u00e4glich\/w\u00f6chentlich).   Auf dem LCD-Display (2,75\" x 1,58\") werden angezeigt: Betriebszeit, Betriebsmodus und aktueller Status. Umfassendes Schutzsystem, einschlie\u00dflich Frostschutz und Trockenlaufschutz. Die Pumpe ist vom Amt des Obersten Hygienikers (OTH) zugelassen.  Betrieb Automatischer Betrieb bei verschiedenen Geschwindigkeiten. Die Zeitplanung ist auf T\u00c4GLICHER oder W\u00d6CHENTLICHER Basis m\u00f6glich. M\u00f6glichkeit der Fernsteuerung der Pumpe \u00fcber eine digitale oder analoge Schnittstelle (4 \u2013 20 mA\/0 \u2013 10 V).  Geringe Ger\u00e4uschentwicklung Extrem leiser Betrieb dank Wasserk\u00fchlungstechnologie. Keine Vibrationen und kein K\u00fchlgebl\u00e4se. Dank des speziellen wassergek\u00fchlten Motors, des Inverters und der vibrationsd\u00e4mpfenden F\u00fc\u00dfe ist die e.swim die leiseste Poolpumpe auf dem Markt.","og_url":"https:\/\/pool-house.shop\/de\/product\/dab-e-swim-150\/","og_site_name":"Pool-House","article_publisher":"https:\/\/www.facebook.com\/termodomsk\/","og_image":[{"width":1600,"height":1600,"url":"https:\/\/pool-house.shop\/wp-content\/uploads\/2025\/03\/057105.png","type":"image\/png"}],"twitter_card":"summary_large_image","twitter_misc":{"Gesch\u00e4tzte Lesezeit":"2\u00a0Minuten"},"schema":{"@context":"https:\/\/schema.org","@graph":[{"@type":"WebPage","@id":"https:\/\/pool-house.shop\/de\/product\/dab-e-swim-150\/","url":"https:\/\/pool-house.shop\/de\/product\/dab-e-swim-150\/","name":"DAB E-Swim 150 - Pool-House","isPartOf":{"@id":"https:\/\/pool-house.shop\/de\/#website"},"primaryImageOfPage":{"@id":"https:\/\/pool-house.shop\/de\/product\/dab-e-swim-150\/#primaryimage"},"image":{"@id":"https:\/\/pool-house.shop\/de\/product\/dab-e-swim-150\/#primaryimage"},"thumbnailUrl":"https:\/\/pool-house.shop\/wp-content\/uploads\/2025\/03\/057105.png","datePublished":"2025-03-23T22:59:22+00:00","breadcrumb":{"@id":"https:\/\/pool-house.shop\/de\/product\/dab-e-swim-150\/#breadcrumb"},"inLanguage":"de","potentialAction":[{"@type":"ReadAction","target":["https:\/\/pool-house.shop\/de\/product\/dab-e-swim-150\/"]}]},{"@type":"ImageObject","inLanguage":"de","@id":"https:\/\/pool-house.shop\/de\/product\/dab-e-swim-150\/#primaryimage","url":"https:\/\/pool-house.shop\/wp-content\/uploads\/2025\/03\/057105.png","contentUrl":"https:\/\/pool-house.shop\/wp-content\/uploads\/2025\/03\/057105.png","width":1600,"height":1600},{"@type":"BreadcrumbList","@id":"https:\/\/pool-house.shop\/de\/product\/dab-e-swim-150\/#breadcrumb","itemListElement":[{"@type":"ListItem","position":1,"name":"Domovsk\u00e1 str\u00e1nka","item":"https:\/\/pool-house.shop\/de\/"},{"@type":"ListItem","position":2,"name":"Shop","item":"https:\/\/pool-house.shop\/de\/shop\/"},{"@type":"ListItem","position":3,"name":"DAB E-Swim 150"}]},{"@type":"WebSite","@id":"https:\/\/pool-house.shop\/de\/#website","url":"https:\/\/pool-house.shop\/de\/","name":"Pool-House","description":"","publisher":{"@id":"https:\/\/pool-house.shop\/de\/#organization"},"potentialAction":[{"@type":"SearchAction","target":{"@type":"EntryPoint","urlTemplate":"https:\/\/pool-house.shop\/de\/?s={search_term_string}"},"query-input":{"@type":"PropertyValueSpecification","valueRequired":true,"valueName":"search_term_string"}}],"inLanguage":"de"},{"@type":"Organization","@id":"https:\/\/pool-house.shop\/de\/#organization","name":"Pool-House","url":"https:\/\/pool-house.shop\/de\/","logo":{"@type":"ImageObject","inLanguage":"de","@id":"https:\/\/pool-house.shop\/de\/#\/schema\/logo\/image\/","url":"https:\/\/pool-house.shop\/wp-content\/uploads\/2025\/10\/logo-2-stvorec-mobil-modre.png","contentUrl":"https:\/\/pool-house.shop\/wp-content\/uploads\/2025\/10\/logo-2-stvorec-mobil-modre.png","width":273,"height":189,"caption":"Pool-House"},"image":{"@id":"https:\/\/pool-house.shop\/de\/#\/schema\/logo\/image\/"},"sameAs":["https:\/\/www.facebook.com\/termodomsk\/"]}]}},"_links":{"self":[{"href":"https:\/\/pool-house.shop\/de\/wp-json\/wp\/v2\/product\/8226","targetHints":{"allow":["GET"]}}],"collection":[{"href":"https:\/\/pool-house.shop\/de\/wp-json\/wp\/v2\/product"}],"about":[{"href":"https:\/\/pool-house.shop\/de\/wp-json\/wp\/v2\/types\/product"}],"wp:featuredmedia":[{"embeddable":true,"href":"https:\/\/pool-house.shop\/de\/wp-json\/wp\/v2\/media\/8227"}],"wp:attachment":[{"href":"https:\/\/pool-house.shop\/de\/wp-json\/wp\/v2\/media?parent=8226"}],"wp:term":[{"taxonomy":"product_brand","embeddable":true,"href":"https:\/\/pool-house.shop\/de\/wp-json\/wp\/v2\/product_brand?post=8226"},{"taxonomy":"product_cat","embeddable":true,"href":"https:\/\/pool-house.shop\/de\/wp-json\/wp\/v2\/product_cat?post=8226"},{"taxonomy":"product_tag","embeddable":true,"href":"https:\/\/pool-house.shop\/de\/wp-json\/wp\/v2\/product_tag?post=8226"}],"curies":[{"name":"wp","href":"https:\/\/api.w.org\/{rel}","templated":true}]}}