{"id":8258,"date":"2025-03-23T23:58:33","date_gmt":"2025-03-23T22:58:33","guid":{"rendered":"https:\/\/pool-house.shop\/product\/e-magnus-4-550t-230-v-400-v\/"},"modified":"2025-03-23T23:58:33","modified_gmt":"2025-03-23T22:58:33","slug":"e-magnus-4-550t-230-v-400-v","status":"publish","type":"product","link":"https:\/\/pool-house.shop\/de\/product\/e-magnus-4-550t-230-v-400-v\/","title":{"rendered":"E-MAGNUS-4 550T 230 V\/400 V"},"content":{"rendered":"<p>E-Magnus-Pumpe<\/p>\n<p> Hocheffiziente Inverterpumpe mit einstellbarer Drehzahl f\u00fcr \u00f6ffentliche Schwimmb\u00e4der. Sie zeichnet sich durch ein gro\u00dfes Display, ein mehrsprachiges Men\u00fc und eine einfache Bedienung aus. Ein Wandbedienfeld ist optional erh\u00e4ltlich. T\u00e4glich k\u00f6nnen mehrere Zyklen mit unterschiedlichen Geschwindigkeiten eingestellt werden. Bis zu 8 E-Magnus-Pumpen k\u00f6nnen an ein System angeschlossen werden. Die Pumpen arbeiten synchron und abwechselnd, um Betrieb, Leistung und Zirkulationszeit zu optimieren.<br \/>\n Der neue E-Magnus arbeitet mit einem Frequenzumrichter f\u00fcr mehr Komfort, wodurch die Energiekosten minimiert werden.<br \/>\n Die Konstruktion der Pumpe ist auch f\u00fcr die Meerwasserzirkulation geeignet, die Pumpe ist mit einem Filterkorb mit hoher Kapazit\u00e4t ausgestattet und zeichnet sich durch einen extrem leisen Betrieb aus.<br \/>\n Es ist vom Amt des Obersten Hygienikers (OTH) zugelassen.<\/p>\n<p> Eigenschaften:<br \/>\n &#8211; erhebliche Energieeinsparung,<br \/>\n &#8211; einstellbare Drehzahl,<br \/>\n &#8211; Permanentmagnetmotor,<br \/>\n &#8211; einfache Inbetriebnahme,<br \/>\n &#8211; die Pumpe ist umweltfreundlich,<br \/>\n &#8211; Filtrationssteuerung,<br \/>\n &#8211; Saugsteuerung,<br \/>\n &#8211; Trockenlauf- und \u00dcberlastschutz,<br \/>\n &#8211; Wartungshinweise.<\/p>\n<p> Technische Daten:<br \/>\n &#8211; Betriebsbereich: 30 \u2013 123 m\u00b3\/Std.,<br \/>\n &#8211; Leistung: 5,5 PS,<br \/>\n &#8211; Versorgungsspannung: 230\/400 V \u2013 3 Phasen.<\/p>\n","protected":false},"excerpt":{"rendered":"<p>E-Magnus-Pumpe<\/p>\n<p> Hocheffiziente Inverterpumpe mit einstellbarer Drehzahl f\u00fcr \u00f6ffentliche Schwimmb\u00e4der. Sie zeichnet sich durch ein gro\u00dfes Display, ein mehrsprachiges Men\u00fc und eine einfache Bedienung aus. Ein Wandbedienfeld ist optional erh\u00e4ltlich. T\u00e4glich k\u00f6nnen mehrere Zyklen mit unterschiedlichen Geschwindigkeiten eingestellt werden. Bis zu 8 E-Magnus-Pumpen k\u00f6nnen an ein System angeschlossen werden. Die Pumpen arbeiten synchron und abwechselnd, um Betrieb, Leistung und Zirkulationszeit zu optimieren.<br \/>\n Der neue E-Magnus arbeitet mit einem Frequenzumrichter f\u00fcr mehr Komfort, wodurch die Energiekosten minimiert werden.<br \/>\n Die Konstruktion der Pumpe ist auch f\u00fcr die Meerwasserzirkulation geeignet, die Pumpe ist mit einem Filterkorb mit hoher Kapazit\u00e4t ausgestattet und zeichnet sich durch einen extrem leisen Betrieb aus.<br \/>\n Es ist vom Amt des Obersten Hygienikers (OTH) zugelassen.<\/p>\n<p> Eigenschaften:<br \/>\n &#8211; erhebliche Energieeinsparung,<br \/>\n &#8211; einstellbare Drehzahl,<br \/>\n &#8211; Permanentmagnetmotor,<br \/>\n &#8211; einfache Inbetriebnahme,<br \/>\n &#8211; die Pumpe ist umweltfreundlich,<br \/>\n &#8211; Filtrationssteuerung,<br \/>\n &#8211; Saugsteuerung,<br \/>\n &#8211; Trockenlauf- und \u00dcberlastschutz,<br \/>\n &#8211; Wartungshinweise.<\/p>\n<p> Technische Daten:<br \/>\n &#8211; Betriebsbereich: 30 \u2013 123 m\u00b3\/Std.,<br \/>\n &#8211; Leistung: 5,5 PS,<br \/>\n &#8211; Versorgungsspannung: 230\/400 V \u2013 3 Phasen.<\/p>\n","protected":false},"featured_media":8260,"template":"","meta":[],"product_brand":[],"product_cat":[353,396,265],"product_tag":[267],"class_list":{"0":"post-8258","1":"product","2":"type-product","3":"status-publish","4":"has-post-thumbnail","6":"product_cat-filteranlagen","7":"product_cat-saci","8":"product_cat-filterpumpen","9":"product_tag-filterpumpen","10":"thunk-woo-product-list","11":"open-woo-hover-none","12":"open-single-product-tab-horizontal","13":"open-shadow-","14":"open-shadow-hover-","16":"first","17":"instock","18":"taxable","19":"shipping-taxable","20":"purchasable","21":"product-type-simple"},"yoast_head":"<!-- This site is optimized with the Yoast SEO plugin v26.9 - https:\/\/yoast.com\/product\/yoast-seo-wordpress\/ -->\n<title>E-MAGNUS-4 550T 230 V\/400 V - Pool-House<\/title>\n<meta name=\"robots\" content=\"index, follow, max-snippet:-1, max-image-preview:large, max-video-preview:-1\" \/>\n<link rel=\"canonical\" href=\"https:\/\/pool-house.shop\/de\/product\/e-magnus-4-550t-230-v-400-v\/\" \/>\n<meta property=\"og:locale\" content=\"de_DE\" \/>\n<meta property=\"og:type\" content=\"article\" \/>\n<meta property=\"og:title\" content=\"E-MAGNUS-4 550T 230 V\/400 V - Pool-House\" \/>\n<meta property=\"og:description\" content=\"E-Magnus-Pumpe  Hocheffiziente Inverterpumpe mit einstellbarer Drehzahl f\u00fcr \u00f6ffentliche Schwimmb\u00e4der. Sie zeichnet sich durch ein gro\u00dfes Display, ein mehrsprachiges Men\u00fc und eine einfache Bedienung aus. Ein Wandbedienfeld ist optional erh\u00e4ltlich. T\u00e4glich k\u00f6nnen mehrere Zyklen mit unterschiedlichen Geschwindigkeiten eingestellt werden. Bis zu 8 E-Magnus-Pumpen k\u00f6nnen an ein System angeschlossen werden. Die Pumpen arbeiten synchron und abwechselnd, um Betrieb, Leistung und Zirkulationszeit zu optimieren.    Der neue E-Magnus arbeitet mit einem Frequenzumrichter f\u00fcr mehr Komfort, wodurch die Energiekosten minimiert werden.  Die Konstruktion der Pumpe ist auch f\u00fcr die Meerwasserzirkulation geeignet, die Pumpe ist mit einem Filterkorb mit hoher Kapazit\u00e4t ausgestattet und zeichnet sich durch einen extrem leisen Betrieb aus.  Es ist vom Amt des Obersten Hygienikers (OTH) zugelassen.  Eigenschaften: - erhebliche Energieeinsparung,  - einstellbare Drehzahl,  - Permanentmagnetmotor,  - einfache Inbetriebnahme,  - die Pumpe ist umweltfreundlich, - Filtrationssteuerung, - Saugsteuerung,  - Trockenlauf- und \u00dcberlastschutz,  - Wartungshinweise.  Technische Daten: - Betriebsbereich: 30 \u2013 123 m\u00b3\/Std.,  - Leistung: 5,5 PS,  - Versorgungsspannung: 230\/400 V \u2013 3 Phasen.\" \/>\n<meta property=\"og:url\" content=\"https:\/\/pool-house.shop\/de\/product\/e-magnus-4-550t-230-v-400-v\/\" \/>\n<meta property=\"og:site_name\" content=\"Pool-House\" \/>\n<meta property=\"article:publisher\" content=\"https:\/\/www.facebook.com\/termodomsk\/\" \/>\n<meta property=\"og:image\" content=\"https:\/\/pool-house.shop\/wp-content\/uploads\/2025\/03\/054005.png\" \/>\n\t<meta property=\"og:image:width\" content=\"1000\" \/>\n\t<meta property=\"og:image:height\" content=\"1000\" \/>\n\t<meta property=\"og:image:type\" content=\"image\/png\" \/>\n<meta name=\"twitter:card\" content=\"summary_large_image\" \/>\n<meta name=\"twitter:label1\" content=\"Gesch\u00e4tzte Lesezeit\" \/>\n\t<meta name=\"twitter:data1\" content=\"1\u00a0Minute\" \/>\n<script type=\"application\/ld+json\" class=\"yoast-schema-graph\">{\"@context\":\"https:\/\/schema.org\",\"@graph\":[{\"@type\":\"WebPage\",\"@id\":\"https:\/\/pool-house.shop\/de\/product\/e-magnus-4-550t-230-v-400-v\/\",\"url\":\"https:\/\/pool-house.shop\/de\/product\/e-magnus-4-550t-230-v-400-v\/\",\"name\":\"E-MAGNUS-4 550T 230 V\/400 V - Pool-House\",\"isPartOf\":{\"@id\":\"https:\/\/pool-house.shop\/de\/#website\"},\"primaryImageOfPage\":{\"@id\":\"https:\/\/pool-house.shop\/de\/product\/e-magnus-4-550t-230-v-400-v\/#primaryimage\"},\"image\":{\"@id\":\"https:\/\/pool-house.shop\/de\/product\/e-magnus-4-550t-230-v-400-v\/#primaryimage\"},\"thumbnailUrl\":\"https:\/\/pool-house.shop\/wp-content\/uploads\/2025\/03\/054005.png\",\"datePublished\":\"2025-03-23T22:58:33+00:00\",\"breadcrumb\":{\"@id\":\"https:\/\/pool-house.shop\/de\/product\/e-magnus-4-550t-230-v-400-v\/#breadcrumb\"},\"inLanguage\":\"de\",\"potentialAction\":[{\"@type\":\"ReadAction\",\"target\":[\"https:\/\/pool-house.shop\/de\/product\/e-magnus-4-550t-230-v-400-v\/\"]}]},{\"@type\":\"ImageObject\",\"inLanguage\":\"de\",\"@id\":\"https:\/\/pool-house.shop\/de\/product\/e-magnus-4-550t-230-v-400-v\/#primaryimage\",\"url\":\"https:\/\/pool-house.shop\/wp-content\/uploads\/2025\/03\/054005.png\",\"contentUrl\":\"https:\/\/pool-house.shop\/wp-content\/uploads\/2025\/03\/054005.png\",\"width\":1000,\"height\":1000},{\"@type\":\"BreadcrumbList\",\"@id\":\"https:\/\/pool-house.shop\/de\/product\/e-magnus-4-550t-230-v-400-v\/#breadcrumb\",\"itemListElement\":[{\"@type\":\"ListItem\",\"position\":1,\"name\":\"Domovsk\u00e1 str\u00e1nka\",\"item\":\"https:\/\/pool-house.shop\/de\/\"},{\"@type\":\"ListItem\",\"position\":2,\"name\":\"Shop\",\"item\":\"https:\/\/pool-house.shop\/de\/shop\/\"},{\"@type\":\"ListItem\",\"position\":3,\"name\":\"E-MAGNUS-4 550T 230 V\/400 V\"}]},{\"@type\":\"WebSite\",\"@id\":\"https:\/\/pool-house.shop\/de\/#website\",\"url\":\"https:\/\/pool-house.shop\/de\/\",\"name\":\"Pool-House\",\"description\":\"\",\"publisher\":{\"@id\":\"https:\/\/pool-house.shop\/de\/#organization\"},\"potentialAction\":[{\"@type\":\"SearchAction\",\"target\":{\"@type\":\"EntryPoint\",\"urlTemplate\":\"https:\/\/pool-house.shop\/de\/?s={search_term_string}\"},\"query-input\":{\"@type\":\"PropertyValueSpecification\",\"valueRequired\":true,\"valueName\":\"search_term_string\"}}],\"inLanguage\":\"de\"},{\"@type\":\"Organization\",\"@id\":\"https:\/\/pool-house.shop\/de\/#organization\",\"name\":\"Pool-House\",\"url\":\"https:\/\/pool-house.shop\/de\/\",\"logo\":{\"@type\":\"ImageObject\",\"inLanguage\":\"de\",\"@id\":\"https:\/\/pool-house.shop\/de\/#\/schema\/logo\/image\/\",\"url\":\"https:\/\/pool-house.shop\/wp-content\/uploads\/2025\/10\/logo-2-stvorec-mobil-modre.png\",\"contentUrl\":\"https:\/\/pool-house.shop\/wp-content\/uploads\/2025\/10\/logo-2-stvorec-mobil-modre.png\",\"width\":273,\"height\":189,\"caption\":\"Pool-House\"},\"image\":{\"@id\":\"https:\/\/pool-house.shop\/de\/#\/schema\/logo\/image\/\"},\"sameAs\":[\"https:\/\/www.facebook.com\/termodomsk\/\"]}]}<\/script>\n<!-- \/ Yoast SEO plugin. -->","yoast_head_json":{"title":"E-MAGNUS-4 550T 230 V\/400 V - Pool-House","robots":{"index":"index","follow":"follow","max-snippet":"max-snippet:-1","max-image-preview":"max-image-preview:large","max-video-preview":"max-video-preview:-1"},"canonical":"https:\/\/pool-house.shop\/de\/product\/e-magnus-4-550t-230-v-400-v\/","og_locale":"de_DE","og_type":"article","og_title":"E-MAGNUS-4 550T 230 V\/400 V - Pool-House","og_description":"E-Magnus-Pumpe  Hocheffiziente Inverterpumpe mit einstellbarer Drehzahl f\u00fcr \u00f6ffentliche Schwimmb\u00e4der. Sie zeichnet sich durch ein gro\u00dfes Display, ein mehrsprachiges Men\u00fc und eine einfache Bedienung aus. Ein Wandbedienfeld ist optional erh\u00e4ltlich. T\u00e4glich k\u00f6nnen mehrere Zyklen mit unterschiedlichen Geschwindigkeiten eingestellt werden. Bis zu 8 E-Magnus-Pumpen k\u00f6nnen an ein System angeschlossen werden. Die Pumpen arbeiten synchron und abwechselnd, um Betrieb, Leistung und Zirkulationszeit zu optimieren.    Der neue E-Magnus arbeitet mit einem Frequenzumrichter f\u00fcr mehr Komfort, wodurch die Energiekosten minimiert werden.  Die Konstruktion der Pumpe ist auch f\u00fcr die Meerwasserzirkulation geeignet, die Pumpe ist mit einem Filterkorb mit hoher Kapazit\u00e4t ausgestattet und zeichnet sich durch einen extrem leisen Betrieb aus.  Es ist vom Amt des Obersten Hygienikers (OTH) zugelassen.  Eigenschaften: - erhebliche Energieeinsparung,  - einstellbare Drehzahl,  - Permanentmagnetmotor,  - einfache Inbetriebnahme,  - die Pumpe ist umweltfreundlich, - Filtrationssteuerung, - Saugsteuerung,  - Trockenlauf- und \u00dcberlastschutz,  - Wartungshinweise.  Technische Daten: - Betriebsbereich: 30 \u2013 123 m\u00b3\/Std.,  - Leistung: 5,5 PS,  - Versorgungsspannung: 230\/400 V \u2013 3 Phasen.","og_url":"https:\/\/pool-house.shop\/de\/product\/e-magnus-4-550t-230-v-400-v\/","og_site_name":"Pool-House","article_publisher":"https:\/\/www.facebook.com\/termodomsk\/","og_image":[{"width":1000,"height":1000,"url":"https:\/\/pool-house.shop\/wp-content\/uploads\/2025\/03\/054005.png","type":"image\/png"}],"twitter_card":"summary_large_image","twitter_misc":{"Gesch\u00e4tzte Lesezeit":"1\u00a0Minute"},"schema":{"@context":"https:\/\/schema.org","@graph":[{"@type":"WebPage","@id":"https:\/\/pool-house.shop\/de\/product\/e-magnus-4-550t-230-v-400-v\/","url":"https:\/\/pool-house.shop\/de\/product\/e-magnus-4-550t-230-v-400-v\/","name":"E-MAGNUS-4 550T 230 V\/400 V - Pool-House","isPartOf":{"@id":"https:\/\/pool-house.shop\/de\/#website"},"primaryImageOfPage":{"@id":"https:\/\/pool-house.shop\/de\/product\/e-magnus-4-550t-230-v-400-v\/#primaryimage"},"image":{"@id":"https:\/\/pool-house.shop\/de\/product\/e-magnus-4-550t-230-v-400-v\/#primaryimage"},"thumbnailUrl":"https:\/\/pool-house.shop\/wp-content\/uploads\/2025\/03\/054005.png","datePublished":"2025-03-23T22:58:33+00:00","breadcrumb":{"@id":"https:\/\/pool-house.shop\/de\/product\/e-magnus-4-550t-230-v-400-v\/#breadcrumb"},"inLanguage":"de","potentialAction":[{"@type":"ReadAction","target":["https:\/\/pool-house.shop\/de\/product\/e-magnus-4-550t-230-v-400-v\/"]}]},{"@type":"ImageObject","inLanguage":"de","@id":"https:\/\/pool-house.shop\/de\/product\/e-magnus-4-550t-230-v-400-v\/#primaryimage","url":"https:\/\/pool-house.shop\/wp-content\/uploads\/2025\/03\/054005.png","contentUrl":"https:\/\/pool-house.shop\/wp-content\/uploads\/2025\/03\/054005.png","width":1000,"height":1000},{"@type":"BreadcrumbList","@id":"https:\/\/pool-house.shop\/de\/product\/e-magnus-4-550t-230-v-400-v\/#breadcrumb","itemListElement":[{"@type":"ListItem","position":1,"name":"Domovsk\u00e1 str\u00e1nka","item":"https:\/\/pool-house.shop\/de\/"},{"@type":"ListItem","position":2,"name":"Shop","item":"https:\/\/pool-house.shop\/de\/shop\/"},{"@type":"ListItem","position":3,"name":"E-MAGNUS-4 550T 230 V\/400 V"}]},{"@type":"WebSite","@id":"https:\/\/pool-house.shop\/de\/#website","url":"https:\/\/pool-house.shop\/de\/","name":"Pool-House","description":"","publisher":{"@id":"https:\/\/pool-house.shop\/de\/#organization"},"potentialAction":[{"@type":"SearchAction","target":{"@type":"EntryPoint","urlTemplate":"https:\/\/pool-house.shop\/de\/?s={search_term_string}"},"query-input":{"@type":"PropertyValueSpecification","valueRequired":true,"valueName":"search_term_string"}}],"inLanguage":"de"},{"@type":"Organization","@id":"https:\/\/pool-house.shop\/de\/#organization","name":"Pool-House","url":"https:\/\/pool-house.shop\/de\/","logo":{"@type":"ImageObject","inLanguage":"de","@id":"https:\/\/pool-house.shop\/de\/#\/schema\/logo\/image\/","url":"https:\/\/pool-house.shop\/wp-content\/uploads\/2025\/10\/logo-2-stvorec-mobil-modre.png","contentUrl":"https:\/\/pool-house.shop\/wp-content\/uploads\/2025\/10\/logo-2-stvorec-mobil-modre.png","width":273,"height":189,"caption":"Pool-House"},"image":{"@id":"https:\/\/pool-house.shop\/de\/#\/schema\/logo\/image\/"},"sameAs":["https:\/\/www.facebook.com\/termodomsk\/"]}]}},"_links":{"self":[{"href":"https:\/\/pool-house.shop\/de\/wp-json\/wp\/v2\/product\/8258","targetHints":{"allow":["GET"]}}],"collection":[{"href":"https:\/\/pool-house.shop\/de\/wp-json\/wp\/v2\/product"}],"about":[{"href":"https:\/\/pool-house.shop\/de\/wp-json\/wp\/v2\/types\/product"}],"wp:featuredmedia":[{"embeddable":true,"href":"https:\/\/pool-house.shop\/de\/wp-json\/wp\/v2\/media\/8260"}],"wp:attachment":[{"href":"https:\/\/pool-house.shop\/de\/wp-json\/wp\/v2\/media?parent=8258"}],"wp:term":[{"taxonomy":"product_brand","embeddable":true,"href":"https:\/\/pool-house.shop\/de\/wp-json\/wp\/v2\/product_brand?post=8258"},{"taxonomy":"product_cat","embeddable":true,"href":"https:\/\/pool-house.shop\/de\/wp-json\/wp\/v2\/product_cat?post=8258"},{"taxonomy":"product_tag","embeddable":true,"href":"https:\/\/pool-house.shop\/de\/wp-json\/wp\/v2\/product_tag?post=8258"}],"curies":[{"name":"wp","href":"https:\/\/api.w.org\/{rel}","templated":true}]}}