{"id":8259,"date":"2025-03-23T23:58:40","date_gmt":"2025-03-23T22:58:40","guid":{"rendered":"https:\/\/pool-house.shop\/product\/ie3-supra-300-230-400-v\/"},"modified":"2025-03-23T23:58:40","modified_gmt":"2025-03-23T22:58:40","slug":"ie3-supra-300-230-400-v","status":"publish","type":"product","link":"https:\/\/pool-house.shop\/de\/product\/ie3-supra-300-230-400-v\/","title":{"rendered":"IE3 Supra 300 230\/400 V"},"content":{"rendered":"<p>Pumpe IE3 Supra<\/p>\n<p> Die Supra-Pumpe aus der Serie der selbstansaugenden Pumpen. Sie verf\u00fcgt \u00fcber einen gro\u00dfen, integrierten Vorfilterkorb. Sie weist eine ausgezeichnete hydraulische Effizienz auf. Das Pumpengeh\u00e4use besteht aus glasfaserverst\u00e4rktem Polypropylen, wodurch es \u00e4u\u00dferst widerstandsf\u00e4hig ist.    Laufrad und Diffusor sind aus NORYL-Material gefertigt. <\/p>\n<p> Anwendungsbereiche:<br \/>\n &#8211; Unterhaltungselemente,<br \/>\n &#8211; Massagesysteme,<br \/>\n &#8211; Gegenstromanlagen.<\/p>\n<p> Technische Daten:<br \/>\n &#8211; Betriebsbereich: 52 m\u00b3\/Std., H = 10 m,<br \/>\n &#8211; Leistung: 3,0 PS,<br \/>\n &#8211; Versorgungsspannung: 230\/400 V,<br \/>\n &#8211; Welle: Edelstahl (AISI 316),<br \/>\n &#8211; Gleitring: Silikon-Keramik\/Edelstahl (AISI 316),<br \/>\n &#8211; Motor: 2.900 U\/Min.,<br \/>\n &#8211; Schutzart: IP55,<br \/>\n &#8211; salzwasserbest\u00e4ndige Konstruktion.<\/p>\n","protected":false},"excerpt":{"rendered":"<p>Pumpe IE3 Supra<\/p>\n<p> Die Supra-Pumpe aus der Serie der selbstansaugenden Pumpen. Sie verf\u00fcgt \u00fcber einen gro\u00dfen, integrierten Vorfilterkorb. Sie weist eine ausgezeichnete hydraulische Effizienz auf. Das Pumpengeh\u00e4use besteht aus glasfaserverst\u00e4rktem Polypropylen, wodurch es \u00e4u\u00dferst widerstandsf\u00e4hig ist.    Laufrad und Diffusor sind aus NORYL-Material gefertigt. <\/p>\n<p> Anwendungsbereiche:<br \/>\n &#8211; Unterhaltungselemente,<br \/>\n &#8211; Massagesysteme,<br \/>\n &#8211; Gegenstromanlagen.<\/p>\n<p> Technische Daten:<br \/>\n &#8211; Betriebsbereich: 52 m\u00b3\/Std., H = 10 m,<br \/>\n &#8211; Leistung: 3,0 PS,<br \/>\n &#8211; Versorgungsspannung: 230\/400 V,<br \/>\n &#8211; Welle: Edelstahl (AISI 316),<br \/>\n &#8211; Gleitring: Silikon-Keramik\/Edelstahl (AISI 316),<br \/>\n &#8211; Motor: 2.900 U\/Min.,<br \/>\n &#8211; Schutzart: IP55,<br \/>\n &#8211; salzwasserbest\u00e4ndige Konstruktion.<\/p>\n","protected":false},"featured_media":8261,"template":"","meta":[],"product_brand":[],"product_cat":[353,396,265],"product_tag":[267],"class_list":{"0":"post-8259","1":"product","2":"type-product","3":"status-publish","4":"has-post-thumbnail","6":"product_cat-filteranlagen","7":"product_cat-saci","8":"product_cat-filterpumpen","9":"product_tag-filterpumpen","10":"thunk-woo-product-list","11":"open-woo-hover-none","12":"open-single-product-tab-horizontal","13":"open-shadow-","14":"open-shadow-hover-","16":"first","17":"instock","18":"taxable","19":"shipping-taxable","20":"purchasable","21":"product-type-simple"},"yoast_head":"<!-- This site is optimized with the Yoast SEO plugin v26.9 - https:\/\/yoast.com\/product\/yoast-seo-wordpress\/ -->\n<title>IE3 Supra 300 230\/400 V - Pool-House<\/title>\n<meta name=\"robots\" content=\"index, follow, max-snippet:-1, max-image-preview:large, max-video-preview:-1\" \/>\n<link rel=\"canonical\" href=\"https:\/\/pool-house.shop\/de\/product\/ie3-supra-300-230-400-v\/\" \/>\n<meta property=\"og:locale\" content=\"de_DE\" \/>\n<meta property=\"og:type\" content=\"article\" \/>\n<meta property=\"og:title\" content=\"IE3 Supra 300 230\/400 V - Pool-House\" \/>\n<meta property=\"og:description\" content=\"Pumpe IE3 Supra  Die Supra-Pumpe aus der Serie der selbstansaugenden Pumpen. Sie verf\u00fcgt \u00fcber einen gro\u00dfen, integrierten Vorfilterkorb. Sie weist eine ausgezeichnete hydraulische Effizienz auf. Das Pumpengeh\u00e4use besteht aus glasfaserverst\u00e4rktem Polypropylen, wodurch es \u00e4u\u00dferst widerstandsf\u00e4hig ist.  Laufrad und Diffusor sind aus NORYL-Material gefertigt.   Anwendungsbereiche:  - Unterhaltungselemente,  - Massagesysteme,  - Gegenstromanlagen.  Technische Daten: - Betriebsbereich: 52 m\u00b3\/Std., H = 10 m, - Leistung: 3,0 PS, - Versorgungsspannung: 230\/400 V, - Welle: Edelstahl (AISI 316), - Gleitring: Silikon-Keramik\/Edelstahl (AISI 316),  - Motor: 2.900 U\/Min., - Schutzart: IP55, - salzwasserbest\u00e4ndige Konstruktion.\" \/>\n<meta property=\"og:url\" content=\"https:\/\/pool-house.shop\/de\/product\/ie3-supra-300-230-400-v\/\" \/>\n<meta property=\"og:site_name\" content=\"Pool-House\" \/>\n<meta property=\"article:publisher\" content=\"https:\/\/www.facebook.com\/termodomsk\/\" \/>\n<meta property=\"og:image\" content=\"https:\/\/pool-house.shop\/wp-content\/uploads\/2025\/03\/054033.png\" \/>\n\t<meta property=\"og:image:width\" content=\"1600\" \/>\n\t<meta property=\"og:image:height\" content=\"1600\" \/>\n\t<meta property=\"og:image:type\" content=\"image\/png\" \/>\n<meta name=\"twitter:card\" content=\"summary_large_image\" \/>\n<script type=\"application\/ld+json\" class=\"yoast-schema-graph\">{\"@context\":\"https:\/\/schema.org\",\"@graph\":[{\"@type\":\"WebPage\",\"@id\":\"https:\/\/pool-house.shop\/de\/product\/ie3-supra-300-230-400-v\/\",\"url\":\"https:\/\/pool-house.shop\/de\/product\/ie3-supra-300-230-400-v\/\",\"name\":\"IE3 Supra 300 230\/400 V - Pool-House\",\"isPartOf\":{\"@id\":\"https:\/\/pool-house.shop\/de\/#website\"},\"primaryImageOfPage\":{\"@id\":\"https:\/\/pool-house.shop\/de\/product\/ie3-supra-300-230-400-v\/#primaryimage\"},\"image\":{\"@id\":\"https:\/\/pool-house.shop\/de\/product\/ie3-supra-300-230-400-v\/#primaryimage\"},\"thumbnailUrl\":\"https:\/\/pool-house.shop\/wp-content\/uploads\/2025\/03\/054033.png\",\"datePublished\":\"2025-03-23T22:58:40+00:00\",\"breadcrumb\":{\"@id\":\"https:\/\/pool-house.shop\/de\/product\/ie3-supra-300-230-400-v\/#breadcrumb\"},\"inLanguage\":\"de\",\"potentialAction\":[{\"@type\":\"ReadAction\",\"target\":[\"https:\/\/pool-house.shop\/de\/product\/ie3-supra-300-230-400-v\/\"]}]},{\"@type\":\"ImageObject\",\"inLanguage\":\"de\",\"@id\":\"https:\/\/pool-house.shop\/de\/product\/ie3-supra-300-230-400-v\/#primaryimage\",\"url\":\"https:\/\/pool-house.shop\/wp-content\/uploads\/2025\/03\/054033.png\",\"contentUrl\":\"https:\/\/pool-house.shop\/wp-content\/uploads\/2025\/03\/054033.png\",\"width\":1600,\"height\":1600},{\"@type\":\"BreadcrumbList\",\"@id\":\"https:\/\/pool-house.shop\/de\/product\/ie3-supra-300-230-400-v\/#breadcrumb\",\"itemListElement\":[{\"@type\":\"ListItem\",\"position\":1,\"name\":\"Domovsk\u00e1 str\u00e1nka\",\"item\":\"https:\/\/pool-house.shop\/de\/\"},{\"@type\":\"ListItem\",\"position\":2,\"name\":\"Shop\",\"item\":\"https:\/\/pool-house.shop\/de\/shop\/\"},{\"@type\":\"ListItem\",\"position\":3,\"name\":\"IE3 Supra 300 230\/400 V\"}]},{\"@type\":\"WebSite\",\"@id\":\"https:\/\/pool-house.shop\/de\/#website\",\"url\":\"https:\/\/pool-house.shop\/de\/\",\"name\":\"Pool-House\",\"description\":\"\",\"publisher\":{\"@id\":\"https:\/\/pool-house.shop\/de\/#organization\"},\"potentialAction\":[{\"@type\":\"SearchAction\",\"target\":{\"@type\":\"EntryPoint\",\"urlTemplate\":\"https:\/\/pool-house.shop\/de\/?s={search_term_string}\"},\"query-input\":{\"@type\":\"PropertyValueSpecification\",\"valueRequired\":true,\"valueName\":\"search_term_string\"}}],\"inLanguage\":\"de\"},{\"@type\":\"Organization\",\"@id\":\"https:\/\/pool-house.shop\/de\/#organization\",\"name\":\"Pool-House\",\"url\":\"https:\/\/pool-house.shop\/de\/\",\"logo\":{\"@type\":\"ImageObject\",\"inLanguage\":\"de\",\"@id\":\"https:\/\/pool-house.shop\/de\/#\/schema\/logo\/image\/\",\"url\":\"https:\/\/pool-house.shop\/wp-content\/uploads\/2025\/10\/logo-2-stvorec-mobil-modre.png\",\"contentUrl\":\"https:\/\/pool-house.shop\/wp-content\/uploads\/2025\/10\/logo-2-stvorec-mobil-modre.png\",\"width\":273,\"height\":189,\"caption\":\"Pool-House\"},\"image\":{\"@id\":\"https:\/\/pool-house.shop\/de\/#\/schema\/logo\/image\/\"},\"sameAs\":[\"https:\/\/www.facebook.com\/termodomsk\/\"]}]}<\/script>\n<!-- \/ Yoast SEO plugin. -->","yoast_head_json":{"title":"IE3 Supra 300 230\/400 V - Pool-House","robots":{"index":"index","follow":"follow","max-snippet":"max-snippet:-1","max-image-preview":"max-image-preview:large","max-video-preview":"max-video-preview:-1"},"canonical":"https:\/\/pool-house.shop\/de\/product\/ie3-supra-300-230-400-v\/","og_locale":"de_DE","og_type":"article","og_title":"IE3 Supra 300 230\/400 V - Pool-House","og_description":"Pumpe IE3 Supra  Die Supra-Pumpe aus der Serie der selbstansaugenden Pumpen. Sie verf\u00fcgt \u00fcber einen gro\u00dfen, integrierten Vorfilterkorb. Sie weist eine ausgezeichnete hydraulische Effizienz auf. Das Pumpengeh\u00e4use besteht aus glasfaserverst\u00e4rktem Polypropylen, wodurch es \u00e4u\u00dferst widerstandsf\u00e4hig ist.  Laufrad und Diffusor sind aus NORYL-Material gefertigt.   Anwendungsbereiche:  - Unterhaltungselemente,  - Massagesysteme,  - Gegenstromanlagen.  Technische Daten: - Betriebsbereich: 52 m\u00b3\/Std., H = 10 m, - Leistung: 3,0 PS, - Versorgungsspannung: 230\/400 V, - Welle: Edelstahl (AISI 316), - Gleitring: Silikon-Keramik\/Edelstahl (AISI 316),  - Motor: 2.900 U\/Min., - Schutzart: IP55, - salzwasserbest\u00e4ndige Konstruktion.","og_url":"https:\/\/pool-house.shop\/de\/product\/ie3-supra-300-230-400-v\/","og_site_name":"Pool-House","article_publisher":"https:\/\/www.facebook.com\/termodomsk\/","og_image":[{"width":1600,"height":1600,"url":"https:\/\/pool-house.shop\/wp-content\/uploads\/2025\/03\/054033.png","type":"image\/png"}],"twitter_card":"summary_large_image","schema":{"@context":"https:\/\/schema.org","@graph":[{"@type":"WebPage","@id":"https:\/\/pool-house.shop\/de\/product\/ie3-supra-300-230-400-v\/","url":"https:\/\/pool-house.shop\/de\/product\/ie3-supra-300-230-400-v\/","name":"IE3 Supra 300 230\/400 V - Pool-House","isPartOf":{"@id":"https:\/\/pool-house.shop\/de\/#website"},"primaryImageOfPage":{"@id":"https:\/\/pool-house.shop\/de\/product\/ie3-supra-300-230-400-v\/#primaryimage"},"image":{"@id":"https:\/\/pool-house.shop\/de\/product\/ie3-supra-300-230-400-v\/#primaryimage"},"thumbnailUrl":"https:\/\/pool-house.shop\/wp-content\/uploads\/2025\/03\/054033.png","datePublished":"2025-03-23T22:58:40+00:00","breadcrumb":{"@id":"https:\/\/pool-house.shop\/de\/product\/ie3-supra-300-230-400-v\/#breadcrumb"},"inLanguage":"de","potentialAction":[{"@type":"ReadAction","target":["https:\/\/pool-house.shop\/de\/product\/ie3-supra-300-230-400-v\/"]}]},{"@type":"ImageObject","inLanguage":"de","@id":"https:\/\/pool-house.shop\/de\/product\/ie3-supra-300-230-400-v\/#primaryimage","url":"https:\/\/pool-house.shop\/wp-content\/uploads\/2025\/03\/054033.png","contentUrl":"https:\/\/pool-house.shop\/wp-content\/uploads\/2025\/03\/054033.png","width":1600,"height":1600},{"@type":"BreadcrumbList","@id":"https:\/\/pool-house.shop\/de\/product\/ie3-supra-300-230-400-v\/#breadcrumb","itemListElement":[{"@type":"ListItem","position":1,"name":"Domovsk\u00e1 str\u00e1nka","item":"https:\/\/pool-house.shop\/de\/"},{"@type":"ListItem","position":2,"name":"Shop","item":"https:\/\/pool-house.shop\/de\/shop\/"},{"@type":"ListItem","position":3,"name":"IE3 Supra 300 230\/400 V"}]},{"@type":"WebSite","@id":"https:\/\/pool-house.shop\/de\/#website","url":"https:\/\/pool-house.shop\/de\/","name":"Pool-House","description":"","publisher":{"@id":"https:\/\/pool-house.shop\/de\/#organization"},"potentialAction":[{"@type":"SearchAction","target":{"@type":"EntryPoint","urlTemplate":"https:\/\/pool-house.shop\/de\/?s={search_term_string}"},"query-input":{"@type":"PropertyValueSpecification","valueRequired":true,"valueName":"search_term_string"}}],"inLanguage":"de"},{"@type":"Organization","@id":"https:\/\/pool-house.shop\/de\/#organization","name":"Pool-House","url":"https:\/\/pool-house.shop\/de\/","logo":{"@type":"ImageObject","inLanguage":"de","@id":"https:\/\/pool-house.shop\/de\/#\/schema\/logo\/image\/","url":"https:\/\/pool-house.shop\/wp-content\/uploads\/2025\/10\/logo-2-stvorec-mobil-modre.png","contentUrl":"https:\/\/pool-house.shop\/wp-content\/uploads\/2025\/10\/logo-2-stvorec-mobil-modre.png","width":273,"height":189,"caption":"Pool-House"},"image":{"@id":"https:\/\/pool-house.shop\/de\/#\/schema\/logo\/image\/"},"sameAs":["https:\/\/www.facebook.com\/termodomsk\/"]}]}},"_links":{"self":[{"href":"https:\/\/pool-house.shop\/de\/wp-json\/wp\/v2\/product\/8259","targetHints":{"allow":["GET"]}}],"collection":[{"href":"https:\/\/pool-house.shop\/de\/wp-json\/wp\/v2\/product"}],"about":[{"href":"https:\/\/pool-house.shop\/de\/wp-json\/wp\/v2\/types\/product"}],"wp:featuredmedia":[{"embeddable":true,"href":"https:\/\/pool-house.shop\/de\/wp-json\/wp\/v2\/media\/8261"}],"wp:attachment":[{"href":"https:\/\/pool-house.shop\/de\/wp-json\/wp\/v2\/media?parent=8259"}],"wp:term":[{"taxonomy":"product_brand","embeddable":true,"href":"https:\/\/pool-house.shop\/de\/wp-json\/wp\/v2\/product_brand?post=8259"},{"taxonomy":"product_cat","embeddable":true,"href":"https:\/\/pool-house.shop\/de\/wp-json\/wp\/v2\/product_cat?post=8259"},{"taxonomy":"product_tag","embeddable":true,"href":"https:\/\/pool-house.shop\/de\/wp-json\/wp\/v2\/product_tag?post=8259"}],"curies":[{"name":"wp","href":"https:\/\/api.w.org\/{rel}","templated":true}]}}