{"id":8328,"date":"2025-03-23T23:57:57","date_gmt":"2025-03-23T22:57:57","guid":{"rendered":"https:\/\/pool-house.shop\/product\/optima-50m\/"},"modified":"2025-03-23T23:57:57","modified_gmt":"2025-03-23T22:57:57","slug":"optima-50m","status":"publish","type":"product","link":"https:\/\/pool-house.shop\/de\/product\/optima-50m\/","title":{"rendered":"OPTIMA 50M"},"content":{"rendered":"<p>Pumpe Optima<\/p>\n<p> Die Pumpe verf\u00fcgt \u00fcber einen gro\u00dfen Filterkorb mit einer transparenten Polycarbonatabdeckung, die eine einfache Kontrolle der Verschmutzung des Filterkorbs erm\u00f6glicht. Alle Motorteile sind vollst\u00e4ndig isoliert, ohne die M\u00f6glichkeit des Kontakts mit Wasser. Geh\u00e4use und Laufrad sind aus glasfaserverst\u00e4rktem Polypropylen gefertigt, das resistent gegen Poolchemikalien ist und eine lange Lebensdauer garantiert.<br \/>\n Dank der mechanischen Kohlenstoff-Keramik-Dichtung und der Dichtung aus Edelstahl (AISI-316) sowie der Welle aus Edelstahl AISI 316 ist die Pumpe besonders gut f\u00fcr den Betrieb mit Salzwasser geeignet.<br \/>\n Anschluss: Innengewinde 1\u00bd&#8220; oder Klebeverschraubung D50 mm. Die Pumpe ist vom Amt des Obersten Hygienikers (OTH) zugelassen.<\/p>\n<p> Technische Daten:<br \/>\n &#8211; F\u00f6rderbereich: 7 m\u00b3\/h, H = 10 m,<br \/>\n &#8211; Leistung: 0,5 PS,<br \/>\n &#8211; Netzspannung: 230 V. <\/p>\n","protected":false},"excerpt":{"rendered":"<p>Pumpe Optima<\/p>\n<p> Die Pumpe verf\u00fcgt \u00fcber einen gro\u00dfen Filterkorb mit einer transparenten Polycarbonatabdeckung, die eine einfache Kontrolle der Verschmutzung des Filterkorbs erm\u00f6glicht. Alle Motorteile sind vollst\u00e4ndig isoliert, ohne die M\u00f6glichkeit des Kontakts mit Wasser. Geh\u00e4use und Laufrad sind aus glasfaserverst\u00e4rktem Polypropylen gefertigt, das resistent gegen Poolchemikalien ist und eine lange Lebensdauer garantiert.<br \/>\n Dank der mechanischen Kohlenstoff-Keramik-Dichtung und der Dichtung aus Edelstahl (AISI-316) sowie der Welle aus Edelstahl AISI 316 ist die Pumpe besonders gut f\u00fcr den Betrieb mit Salzwasser geeignet.<br \/>\n Anschluss: Innengewinde 1\u00bd&#8220; oder Klebeverschraubung D50 mm. Die Pumpe ist vom Amt des Obersten Hygienikers (OTH) zugelassen.<\/p>\n<p> Technische Daten:<br \/>\n &#8211; F\u00f6rderbereich: 7 m\u00b3\/h, H = 10 m,<br \/>\n &#8211; Leistung: 0,5 PS,<br \/>\n &#8211; Netzspannung: 230 V. <\/p>\n","protected":false},"featured_media":8330,"template":"","meta":[],"product_brand":[],"product_cat":[353,396,265],"product_tag":[267],"class_list":{"0":"post-8328","1":"product","2":"type-product","3":"status-publish","4":"has-post-thumbnail","6":"product_cat-filteranlagen","7":"product_cat-saci","8":"product_cat-filterpumpen","9":"product_tag-filterpumpen","10":"thunk-woo-product-list","11":"open-woo-hover-none","12":"open-single-product-tab-horizontal","13":"open-shadow-","14":"open-shadow-hover-","16":"first","17":"instock","18":"taxable","19":"shipping-taxable","20":"purchasable","21":"product-type-simple"},"yoast_head":"<!-- This site is optimized with the Yoast SEO plugin v26.9 - https:\/\/yoast.com\/product\/yoast-seo-wordpress\/ -->\n<title>OPTIMA 50M - Pool-House<\/title>\n<meta name=\"robots\" content=\"index, follow, max-snippet:-1, max-image-preview:large, max-video-preview:-1\" \/>\n<link rel=\"canonical\" href=\"https:\/\/pool-house.shop\/de\/product\/optima-50m\/\" \/>\n<meta property=\"og:locale\" content=\"de_DE\" \/>\n<meta property=\"og:type\" content=\"article\" \/>\n<meta property=\"og:title\" content=\"OPTIMA 50M - Pool-House\" \/>\n<meta property=\"og:description\" content=\"Pumpe Optima  Die Pumpe verf\u00fcgt \u00fcber einen gro\u00dfen Filterkorb mit einer transparenten Polycarbonatabdeckung, die eine einfache Kontrolle der Verschmutzung des Filterkorbs erm\u00f6glicht. Alle Motorteile sind vollst\u00e4ndig isoliert, ohne die M\u00f6glichkeit des Kontakts mit Wasser. Geh\u00e4use und Laufrad sind aus glasfaserverst\u00e4rktem Polypropylen gefertigt, das resistent gegen Poolchemikalien ist und eine lange Lebensdauer garantiert.  Dank der mechanischen Kohlenstoff-Keramik-Dichtung und der Dichtung aus Edelstahl (AISI-316) sowie der Welle aus Edelstahl AISI 316 ist die Pumpe besonders gut f\u00fcr den Betrieb mit Salzwasser geeignet.  Anschluss: Innengewinde 1\u00bd&quot; oder Klebeverschraubung D50 mm. Die Pumpe ist vom Amt des Obersten Hygienikers (OTH) zugelassen.  Technische Daten: - F\u00f6rderbereich: 7 m\u00b3\/h, H = 10 m, - Leistung: 0,5 PS, - Netzspannung: 230 V.\" \/>\n<meta property=\"og:url\" content=\"https:\/\/pool-house.shop\/de\/product\/optima-50m\/\" \/>\n<meta property=\"og:site_name\" content=\"Pool-House\" \/>\n<meta property=\"article:publisher\" content=\"https:\/\/www.facebook.com\/termodomsk\/\" \/>\n<meta property=\"og:image\" content=\"https:\/\/pool-house.shop\/wp-content\/uploads\/2025\/03\/052071.png\" \/>\n\t<meta property=\"og:image:width\" content=\"1600\" \/>\n\t<meta property=\"og:image:height\" content=\"1600\" \/>\n\t<meta property=\"og:image:type\" content=\"image\/png\" \/>\n<meta name=\"twitter:card\" content=\"summary_large_image\" \/>\n<meta name=\"twitter:label1\" content=\"Gesch\u00e4tzte Lesezeit\" \/>\n\t<meta name=\"twitter:data1\" content=\"1\u00a0Minute\" \/>\n<script type=\"application\/ld+json\" class=\"yoast-schema-graph\">{\"@context\":\"https:\/\/schema.org\",\"@graph\":[{\"@type\":\"WebPage\",\"@id\":\"https:\/\/pool-house.shop\/de\/product\/optima-50m\/\",\"url\":\"https:\/\/pool-house.shop\/de\/product\/optima-50m\/\",\"name\":\"OPTIMA 50M - Pool-House\",\"isPartOf\":{\"@id\":\"https:\/\/pool-house.shop\/de\/#website\"},\"primaryImageOfPage\":{\"@id\":\"https:\/\/pool-house.shop\/de\/product\/optima-50m\/#primaryimage\"},\"image\":{\"@id\":\"https:\/\/pool-house.shop\/de\/product\/optima-50m\/#primaryimage\"},\"thumbnailUrl\":\"https:\/\/pool-house.shop\/wp-content\/uploads\/2025\/03\/052071.png\",\"datePublished\":\"2025-03-23T22:57:57+00:00\",\"breadcrumb\":{\"@id\":\"https:\/\/pool-house.shop\/de\/product\/optima-50m\/#breadcrumb\"},\"inLanguage\":\"de\",\"potentialAction\":[{\"@type\":\"ReadAction\",\"target\":[\"https:\/\/pool-house.shop\/de\/product\/optima-50m\/\"]}]},{\"@type\":\"ImageObject\",\"inLanguage\":\"de\",\"@id\":\"https:\/\/pool-house.shop\/de\/product\/optima-50m\/#primaryimage\",\"url\":\"https:\/\/pool-house.shop\/wp-content\/uploads\/2025\/03\/052071.png\",\"contentUrl\":\"https:\/\/pool-house.shop\/wp-content\/uploads\/2025\/03\/052071.png\",\"width\":1600,\"height\":1600},{\"@type\":\"BreadcrumbList\",\"@id\":\"https:\/\/pool-house.shop\/de\/product\/optima-50m\/#breadcrumb\",\"itemListElement\":[{\"@type\":\"ListItem\",\"position\":1,\"name\":\"Domovsk\u00e1 str\u00e1nka\",\"item\":\"https:\/\/pool-house.shop\/de\/\"},{\"@type\":\"ListItem\",\"position\":2,\"name\":\"Shop\",\"item\":\"https:\/\/pool-house.shop\/de\/shop\/\"},{\"@type\":\"ListItem\",\"position\":3,\"name\":\"OPTIMA 50M\"}]},{\"@type\":\"WebSite\",\"@id\":\"https:\/\/pool-house.shop\/de\/#website\",\"url\":\"https:\/\/pool-house.shop\/de\/\",\"name\":\"Pool-House\",\"description\":\"\",\"publisher\":{\"@id\":\"https:\/\/pool-house.shop\/de\/#organization\"},\"potentialAction\":[{\"@type\":\"SearchAction\",\"target\":{\"@type\":\"EntryPoint\",\"urlTemplate\":\"https:\/\/pool-house.shop\/de\/?s={search_term_string}\"},\"query-input\":{\"@type\":\"PropertyValueSpecification\",\"valueRequired\":true,\"valueName\":\"search_term_string\"}}],\"inLanguage\":\"de\"},{\"@type\":\"Organization\",\"@id\":\"https:\/\/pool-house.shop\/de\/#organization\",\"name\":\"Pool-House\",\"url\":\"https:\/\/pool-house.shop\/de\/\",\"logo\":{\"@type\":\"ImageObject\",\"inLanguage\":\"de\",\"@id\":\"https:\/\/pool-house.shop\/de\/#\/schema\/logo\/image\/\",\"url\":\"https:\/\/pool-house.shop\/wp-content\/uploads\/2025\/10\/logo-2-stvorec-mobil-modre.png\",\"contentUrl\":\"https:\/\/pool-house.shop\/wp-content\/uploads\/2025\/10\/logo-2-stvorec-mobil-modre.png\",\"width\":273,\"height\":189,\"caption\":\"Pool-House\"},\"image\":{\"@id\":\"https:\/\/pool-house.shop\/de\/#\/schema\/logo\/image\/\"},\"sameAs\":[\"https:\/\/www.facebook.com\/termodomsk\/\"]}]}<\/script>\n<!-- \/ Yoast SEO plugin. -->","yoast_head_json":{"title":"OPTIMA 50M - Pool-House","robots":{"index":"index","follow":"follow","max-snippet":"max-snippet:-1","max-image-preview":"max-image-preview:large","max-video-preview":"max-video-preview:-1"},"canonical":"https:\/\/pool-house.shop\/de\/product\/optima-50m\/","og_locale":"de_DE","og_type":"article","og_title":"OPTIMA 50M - Pool-House","og_description":"Pumpe Optima  Die Pumpe verf\u00fcgt \u00fcber einen gro\u00dfen Filterkorb mit einer transparenten Polycarbonatabdeckung, die eine einfache Kontrolle der Verschmutzung des Filterkorbs erm\u00f6glicht. Alle Motorteile sind vollst\u00e4ndig isoliert, ohne die M\u00f6glichkeit des Kontakts mit Wasser. Geh\u00e4use und Laufrad sind aus glasfaserverst\u00e4rktem Polypropylen gefertigt, das resistent gegen Poolchemikalien ist und eine lange Lebensdauer garantiert.  Dank der mechanischen Kohlenstoff-Keramik-Dichtung und der Dichtung aus Edelstahl (AISI-316) sowie der Welle aus Edelstahl AISI 316 ist die Pumpe besonders gut f\u00fcr den Betrieb mit Salzwasser geeignet.  Anschluss: Innengewinde 1\u00bd\" oder Klebeverschraubung D50 mm. Die Pumpe ist vom Amt des Obersten Hygienikers (OTH) zugelassen.  Technische Daten: - F\u00f6rderbereich: 7 m\u00b3\/h, H = 10 m, - Leistung: 0,5 PS, - Netzspannung: 230 V.","og_url":"https:\/\/pool-house.shop\/de\/product\/optima-50m\/","og_site_name":"Pool-House","article_publisher":"https:\/\/www.facebook.com\/termodomsk\/","og_image":[{"width":1600,"height":1600,"url":"https:\/\/pool-house.shop\/wp-content\/uploads\/2025\/03\/052071.png","type":"image\/png"}],"twitter_card":"summary_large_image","twitter_misc":{"Gesch\u00e4tzte Lesezeit":"1\u00a0Minute"},"schema":{"@context":"https:\/\/schema.org","@graph":[{"@type":"WebPage","@id":"https:\/\/pool-house.shop\/de\/product\/optima-50m\/","url":"https:\/\/pool-house.shop\/de\/product\/optima-50m\/","name":"OPTIMA 50M - Pool-House","isPartOf":{"@id":"https:\/\/pool-house.shop\/de\/#website"},"primaryImageOfPage":{"@id":"https:\/\/pool-house.shop\/de\/product\/optima-50m\/#primaryimage"},"image":{"@id":"https:\/\/pool-house.shop\/de\/product\/optima-50m\/#primaryimage"},"thumbnailUrl":"https:\/\/pool-house.shop\/wp-content\/uploads\/2025\/03\/052071.png","datePublished":"2025-03-23T22:57:57+00:00","breadcrumb":{"@id":"https:\/\/pool-house.shop\/de\/product\/optima-50m\/#breadcrumb"},"inLanguage":"de","potentialAction":[{"@type":"ReadAction","target":["https:\/\/pool-house.shop\/de\/product\/optima-50m\/"]}]},{"@type":"ImageObject","inLanguage":"de","@id":"https:\/\/pool-house.shop\/de\/product\/optima-50m\/#primaryimage","url":"https:\/\/pool-house.shop\/wp-content\/uploads\/2025\/03\/052071.png","contentUrl":"https:\/\/pool-house.shop\/wp-content\/uploads\/2025\/03\/052071.png","width":1600,"height":1600},{"@type":"BreadcrumbList","@id":"https:\/\/pool-house.shop\/de\/product\/optima-50m\/#breadcrumb","itemListElement":[{"@type":"ListItem","position":1,"name":"Domovsk\u00e1 str\u00e1nka","item":"https:\/\/pool-house.shop\/de\/"},{"@type":"ListItem","position":2,"name":"Shop","item":"https:\/\/pool-house.shop\/de\/shop\/"},{"@type":"ListItem","position":3,"name":"OPTIMA 50M"}]},{"@type":"WebSite","@id":"https:\/\/pool-house.shop\/de\/#website","url":"https:\/\/pool-house.shop\/de\/","name":"Pool-House","description":"","publisher":{"@id":"https:\/\/pool-house.shop\/de\/#organization"},"potentialAction":[{"@type":"SearchAction","target":{"@type":"EntryPoint","urlTemplate":"https:\/\/pool-house.shop\/de\/?s={search_term_string}"},"query-input":{"@type":"PropertyValueSpecification","valueRequired":true,"valueName":"search_term_string"}}],"inLanguage":"de"},{"@type":"Organization","@id":"https:\/\/pool-house.shop\/de\/#organization","name":"Pool-House","url":"https:\/\/pool-house.shop\/de\/","logo":{"@type":"ImageObject","inLanguage":"de","@id":"https:\/\/pool-house.shop\/de\/#\/schema\/logo\/image\/","url":"https:\/\/pool-house.shop\/wp-content\/uploads\/2025\/10\/logo-2-stvorec-mobil-modre.png","contentUrl":"https:\/\/pool-house.shop\/wp-content\/uploads\/2025\/10\/logo-2-stvorec-mobil-modre.png","width":273,"height":189,"caption":"Pool-House"},"image":{"@id":"https:\/\/pool-house.shop\/de\/#\/schema\/logo\/image\/"},"sameAs":["https:\/\/www.facebook.com\/termodomsk\/"]}]}},"_links":{"self":[{"href":"https:\/\/pool-house.shop\/de\/wp-json\/wp\/v2\/product\/8328","targetHints":{"allow":["GET"]}}],"collection":[{"href":"https:\/\/pool-house.shop\/de\/wp-json\/wp\/v2\/product"}],"about":[{"href":"https:\/\/pool-house.shop\/de\/wp-json\/wp\/v2\/types\/product"}],"wp:featuredmedia":[{"embeddable":true,"href":"https:\/\/pool-house.shop\/de\/wp-json\/wp\/v2\/media\/8330"}],"wp:attachment":[{"href":"https:\/\/pool-house.shop\/de\/wp-json\/wp\/v2\/media?parent=8328"}],"wp:term":[{"taxonomy":"product_brand","embeddable":true,"href":"https:\/\/pool-house.shop\/de\/wp-json\/wp\/v2\/product_brand?post=8328"},{"taxonomy":"product_cat","embeddable":true,"href":"https:\/\/pool-house.shop\/de\/wp-json\/wp\/v2\/product_cat?post=8328"},{"taxonomy":"product_tag","embeddable":true,"href":"https:\/\/pool-house.shop\/de\/wp-json\/wp\/v2\/product_tag?post=8328"}],"curies":[{"name":"wp","href":"https:\/\/api.w.org\/{rel}","templated":true}]}}