{"id":8345,"date":"2025-03-23T23:57:41","date_gmt":"2025-03-23T22:57:41","guid":{"rendered":"https:\/\/pool-house.shop\/product\/gemas-pe-vorfilter-dn-150-150-20l\/"},"modified":"2025-03-23T23:57:41","modified_gmt":"2025-03-23T22:57:41","slug":"gemas-pe-vorfilter-dn-150-150-20l","status":"publish","type":"product","link":"https:\/\/pool-house.shop\/de\/product\/gemas-pe-vorfilter-dn-150-150-20l\/","title":{"rendered":"Gemas PE Vorfilter DN 150\/150 20l"},"content":{"rendered":"<p>Gemas Polyester-Vorfilter<\/p>\n<p> Glasfaserverst\u00e4rkter Polyester-Vorfilter. Er zeichnet sich durch einen Flanschanschluss und ein Volumen von 20 l aus. Korb und \u00d6ffnungsmechanismus sind aus Edelstahl. Er verf\u00fcgt \u00fcber einen transparenten Acryldeckel. Anschluss: bis 160 mm.<\/p>\n<p> Technische Daten:<br \/>\n &#8211; Anschlussgr\u00f6\u00dfe: DN 100\/100,<br \/>\n &#8211; Vorfiltervolumen: 20 l,<br \/>\n &#8211; Vorfiltermaterial: Edelstahl.<\/p>\n<p> Gemas Vorfilter<br \/>\n Vorfilter verschiedener Typen dienen zur Vorfilterung mechanischer Verunreinigungen, zum effektiven Schutz der Pumpe und zur Verl\u00e4ngerung ihrer Lebensdauer. Sie werden auf der Saugseite der Pumpe installiert. Dank des transparenten Acryldeckels kann der Verschmutzungsgrad des Edelstahl-Filterkorbs \u00fcberpr\u00fcft werden. Der Filterkorb l\u00e4sst sich leicht entnehmen und unter flie\u00dfendem Wasser reinigen.<\/p>\n<p> Eigenschaften:<br \/>\n &#8211; Vorfilter aus glasfaserverst\u00e4rktem Polyester,<br \/>\n &#8211; transparenter Acryldeckel.       <\/p>\n","protected":false},"excerpt":{"rendered":"<p>Gemas Polyester-Vorfilter<\/p>\n<p> Glasfaserverst\u00e4rkter Polyester-Vorfilter. Er zeichnet sich durch einen Flanschanschluss und ein Volumen von 20 l aus. Korb und \u00d6ffnungsmechanismus sind aus Edelstahl. Er verf\u00fcgt \u00fcber einen transparenten Acryldeckel. Anschluss: bis 160 mm.<\/p>\n<p> Technische Daten:<br \/>\n &#8211; Anschlussgr\u00f6\u00dfe: DN 100\/100,<br \/>\n &#8211; Vorfiltervolumen: 20 l,<br \/>\n &#8211; Vorfiltermaterial: Edelstahl.<\/p>\n<p> Gemas Vorfilter<br \/>\n Vorfilter verschiedener Typen dienen zur Vorfilterung mechanischer Verunreinigungen, zum effektiven Schutz der Pumpe und zur Verl\u00e4ngerung ihrer Lebensdauer. Sie werden auf der Saugseite der Pumpe installiert. Dank des transparenten Acryldeckels kann der Verschmutzungsgrad des Edelstahl-Filterkorbs \u00fcberpr\u00fcft werden. Der Filterkorb l\u00e4sst sich leicht entnehmen und unter flie\u00dfendem Wasser reinigen.<\/p>\n<p> Eigenschaften:<br \/>\n &#8211; Vorfilter aus glasfaserverst\u00e4rktem Polyester,<br \/>\n &#8211; transparenter Acryldeckel.       <\/p>\n","protected":false},"featured_media":8347,"template":"","meta":[],"product_brand":[],"product_cat":[353,400,265],"product_tag":[267],"class_list":{"0":"post-8345","1":"product","2":"type-product","3":"status-publish","4":"has-post-thumbnail","6":"product_cat-filteranlagen","7":"product_cat-vorfilter-und-zubehoer","8":"product_cat-filterpumpen","9":"product_tag-filterpumpen","10":"thunk-woo-product-list","11":"open-woo-hover-none","12":"open-single-product-tab-horizontal","13":"open-shadow-","14":"open-shadow-hover-","16":"first","17":"instock","18":"taxable","19":"shipping-taxable","20":"purchasable","21":"product-type-simple"},"yoast_head":"<!-- This site is optimized with the Yoast SEO plugin v26.9 - https:\/\/yoast.com\/product\/yoast-seo-wordpress\/ -->\n<title>Gemas PE Vorfilter DN 150\/150 20l - Pool-House<\/title>\n<meta name=\"robots\" content=\"index, follow, max-snippet:-1, max-image-preview:large, max-video-preview:-1\" \/>\n<link rel=\"canonical\" href=\"https:\/\/pool-house.shop\/de\/product\/gemas-pe-vorfilter-dn-150-150-20l\/\" \/>\n<meta property=\"og:locale\" content=\"de_DE\" \/>\n<meta property=\"og:type\" content=\"article\" \/>\n<meta property=\"og:title\" content=\"Gemas PE Vorfilter DN 150\/150 20l - Pool-House\" \/>\n<meta property=\"og:description\" content=\"Gemas Polyester-Vorfilter  Glasfaserverst\u00e4rkter Polyester-Vorfilter. Er zeichnet sich durch einen Flanschanschluss und ein Volumen von 20 l aus. Korb und \u00d6ffnungsmechanismus sind aus Edelstahl. Er verf\u00fcgt \u00fcber einen transparenten Acryldeckel. Anschluss: bis 160 mm.  Technische Daten: - Anschlussgr\u00f6\u00dfe: DN 100\/100, - Vorfiltervolumen: 20 l, - Vorfiltermaterial: Edelstahl.  Gemas Vorfilter Vorfilter verschiedener Typen dienen zur Vorfilterung mechanischer Verunreinigungen, zum effektiven Schutz der Pumpe und zur Verl\u00e4ngerung ihrer Lebensdauer. Sie werden auf der Saugseite der Pumpe installiert. Dank des transparenten Acryldeckels kann der Verschmutzungsgrad des Edelstahl-Filterkorbs \u00fcberpr\u00fcft werden. Der Filterkorb l\u00e4sst sich leicht entnehmen und unter flie\u00dfendem Wasser reinigen.  Eigenschaften: - Vorfilter aus glasfaserverst\u00e4rktem Polyester, - transparenter Acryldeckel.\" \/>\n<meta property=\"og:url\" content=\"https:\/\/pool-house.shop\/de\/product\/gemas-pe-vorfilter-dn-150-150-20l\/\" \/>\n<meta property=\"og:site_name\" content=\"Pool-House\" \/>\n<meta property=\"article:publisher\" content=\"https:\/\/www.facebook.com\/termodomsk\/\" \/>\n<meta property=\"og:image\" content=\"https:\/\/pool-house.shop\/wp-content\/uploads\/2025\/03\/051615.png\" \/>\n\t<meta property=\"og:image:width\" content=\"1200\" \/>\n\t<meta property=\"og:image:height\" content=\"1200\" \/>\n\t<meta property=\"og:image:type\" content=\"image\/png\" \/>\n<meta name=\"twitter:card\" content=\"summary_large_image\" \/>\n<meta name=\"twitter:label1\" content=\"Gesch\u00e4tzte Lesezeit\" \/>\n\t<meta name=\"twitter:data1\" content=\"1\u00a0Minute\" \/>\n<script type=\"application\/ld+json\" class=\"yoast-schema-graph\">{\"@context\":\"https:\/\/schema.org\",\"@graph\":[{\"@type\":\"WebPage\",\"@id\":\"https:\/\/pool-house.shop\/de\/product\/gemas-pe-vorfilter-dn-150-150-20l\/\",\"url\":\"https:\/\/pool-house.shop\/de\/product\/gemas-pe-vorfilter-dn-150-150-20l\/\",\"name\":\"Gemas PE Vorfilter DN 150\/150 20l - Pool-House\",\"isPartOf\":{\"@id\":\"https:\/\/pool-house.shop\/de\/#website\"},\"primaryImageOfPage\":{\"@id\":\"https:\/\/pool-house.shop\/de\/product\/gemas-pe-vorfilter-dn-150-150-20l\/#primaryimage\"},\"image\":{\"@id\":\"https:\/\/pool-house.shop\/de\/product\/gemas-pe-vorfilter-dn-150-150-20l\/#primaryimage\"},\"thumbnailUrl\":\"https:\/\/pool-house.shop\/wp-content\/uploads\/2025\/03\/051615.png\",\"datePublished\":\"2025-03-23T22:57:41+00:00\",\"breadcrumb\":{\"@id\":\"https:\/\/pool-house.shop\/de\/product\/gemas-pe-vorfilter-dn-150-150-20l\/#breadcrumb\"},\"inLanguage\":\"de\",\"potentialAction\":[{\"@type\":\"ReadAction\",\"target\":[\"https:\/\/pool-house.shop\/de\/product\/gemas-pe-vorfilter-dn-150-150-20l\/\"]}]},{\"@type\":\"ImageObject\",\"inLanguage\":\"de\",\"@id\":\"https:\/\/pool-house.shop\/de\/product\/gemas-pe-vorfilter-dn-150-150-20l\/#primaryimage\",\"url\":\"https:\/\/pool-house.shop\/wp-content\/uploads\/2025\/03\/051615.png\",\"contentUrl\":\"https:\/\/pool-house.shop\/wp-content\/uploads\/2025\/03\/051615.png\",\"width\":1200,\"height\":1200},{\"@type\":\"BreadcrumbList\",\"@id\":\"https:\/\/pool-house.shop\/de\/product\/gemas-pe-vorfilter-dn-150-150-20l\/#breadcrumb\",\"itemListElement\":[{\"@type\":\"ListItem\",\"position\":1,\"name\":\"Domovsk\u00e1 str\u00e1nka\",\"item\":\"https:\/\/pool-house.shop\/de\/\"},{\"@type\":\"ListItem\",\"position\":2,\"name\":\"Shop\",\"item\":\"https:\/\/pool-house.shop\/de\/shop\/\"},{\"@type\":\"ListItem\",\"position\":3,\"name\":\"Gemas PE Vorfilter DN 150\/150 20l\"}]},{\"@type\":\"WebSite\",\"@id\":\"https:\/\/pool-house.shop\/de\/#website\",\"url\":\"https:\/\/pool-house.shop\/de\/\",\"name\":\"Pool-House\",\"description\":\"\",\"publisher\":{\"@id\":\"https:\/\/pool-house.shop\/de\/#organization\"},\"potentialAction\":[{\"@type\":\"SearchAction\",\"target\":{\"@type\":\"EntryPoint\",\"urlTemplate\":\"https:\/\/pool-house.shop\/de\/?s={search_term_string}\"},\"query-input\":{\"@type\":\"PropertyValueSpecification\",\"valueRequired\":true,\"valueName\":\"search_term_string\"}}],\"inLanguage\":\"de\"},{\"@type\":\"Organization\",\"@id\":\"https:\/\/pool-house.shop\/de\/#organization\",\"name\":\"Pool-House\",\"url\":\"https:\/\/pool-house.shop\/de\/\",\"logo\":{\"@type\":\"ImageObject\",\"inLanguage\":\"de\",\"@id\":\"https:\/\/pool-house.shop\/de\/#\/schema\/logo\/image\/\",\"url\":\"https:\/\/pool-house.shop\/wp-content\/uploads\/2025\/10\/logo-2-stvorec-mobil-modre.png\",\"contentUrl\":\"https:\/\/pool-house.shop\/wp-content\/uploads\/2025\/10\/logo-2-stvorec-mobil-modre.png\",\"width\":273,\"height\":189,\"caption\":\"Pool-House\"},\"image\":{\"@id\":\"https:\/\/pool-house.shop\/de\/#\/schema\/logo\/image\/\"},\"sameAs\":[\"https:\/\/www.facebook.com\/termodomsk\/\"]}]}<\/script>\n<!-- \/ Yoast SEO plugin. -->","yoast_head_json":{"title":"Gemas PE Vorfilter DN 150\/150 20l - Pool-House","robots":{"index":"index","follow":"follow","max-snippet":"max-snippet:-1","max-image-preview":"max-image-preview:large","max-video-preview":"max-video-preview:-1"},"canonical":"https:\/\/pool-house.shop\/de\/product\/gemas-pe-vorfilter-dn-150-150-20l\/","og_locale":"de_DE","og_type":"article","og_title":"Gemas PE Vorfilter DN 150\/150 20l - Pool-House","og_description":"Gemas Polyester-Vorfilter  Glasfaserverst\u00e4rkter Polyester-Vorfilter. Er zeichnet sich durch einen Flanschanschluss und ein Volumen von 20 l aus. Korb und \u00d6ffnungsmechanismus sind aus Edelstahl. Er verf\u00fcgt \u00fcber einen transparenten Acryldeckel. Anschluss: bis 160 mm.  Technische Daten: - Anschlussgr\u00f6\u00dfe: DN 100\/100, - Vorfiltervolumen: 20 l, - Vorfiltermaterial: Edelstahl.  Gemas Vorfilter Vorfilter verschiedener Typen dienen zur Vorfilterung mechanischer Verunreinigungen, zum effektiven Schutz der Pumpe und zur Verl\u00e4ngerung ihrer Lebensdauer. Sie werden auf der Saugseite der Pumpe installiert. Dank des transparenten Acryldeckels kann der Verschmutzungsgrad des Edelstahl-Filterkorbs \u00fcberpr\u00fcft werden. Der Filterkorb l\u00e4sst sich leicht entnehmen und unter flie\u00dfendem Wasser reinigen.  Eigenschaften: - Vorfilter aus glasfaserverst\u00e4rktem Polyester, - transparenter Acryldeckel.","og_url":"https:\/\/pool-house.shop\/de\/product\/gemas-pe-vorfilter-dn-150-150-20l\/","og_site_name":"Pool-House","article_publisher":"https:\/\/www.facebook.com\/termodomsk\/","og_image":[{"width":1200,"height":1200,"url":"https:\/\/pool-house.shop\/wp-content\/uploads\/2025\/03\/051615.png","type":"image\/png"}],"twitter_card":"summary_large_image","twitter_misc":{"Gesch\u00e4tzte Lesezeit":"1\u00a0Minute"},"schema":{"@context":"https:\/\/schema.org","@graph":[{"@type":"WebPage","@id":"https:\/\/pool-house.shop\/de\/product\/gemas-pe-vorfilter-dn-150-150-20l\/","url":"https:\/\/pool-house.shop\/de\/product\/gemas-pe-vorfilter-dn-150-150-20l\/","name":"Gemas PE Vorfilter DN 150\/150 20l - Pool-House","isPartOf":{"@id":"https:\/\/pool-house.shop\/de\/#website"},"primaryImageOfPage":{"@id":"https:\/\/pool-house.shop\/de\/product\/gemas-pe-vorfilter-dn-150-150-20l\/#primaryimage"},"image":{"@id":"https:\/\/pool-house.shop\/de\/product\/gemas-pe-vorfilter-dn-150-150-20l\/#primaryimage"},"thumbnailUrl":"https:\/\/pool-house.shop\/wp-content\/uploads\/2025\/03\/051615.png","datePublished":"2025-03-23T22:57:41+00:00","breadcrumb":{"@id":"https:\/\/pool-house.shop\/de\/product\/gemas-pe-vorfilter-dn-150-150-20l\/#breadcrumb"},"inLanguage":"de","potentialAction":[{"@type":"ReadAction","target":["https:\/\/pool-house.shop\/de\/product\/gemas-pe-vorfilter-dn-150-150-20l\/"]}]},{"@type":"ImageObject","inLanguage":"de","@id":"https:\/\/pool-house.shop\/de\/product\/gemas-pe-vorfilter-dn-150-150-20l\/#primaryimage","url":"https:\/\/pool-house.shop\/wp-content\/uploads\/2025\/03\/051615.png","contentUrl":"https:\/\/pool-house.shop\/wp-content\/uploads\/2025\/03\/051615.png","width":1200,"height":1200},{"@type":"BreadcrumbList","@id":"https:\/\/pool-house.shop\/de\/product\/gemas-pe-vorfilter-dn-150-150-20l\/#breadcrumb","itemListElement":[{"@type":"ListItem","position":1,"name":"Domovsk\u00e1 str\u00e1nka","item":"https:\/\/pool-house.shop\/de\/"},{"@type":"ListItem","position":2,"name":"Shop","item":"https:\/\/pool-house.shop\/de\/shop\/"},{"@type":"ListItem","position":3,"name":"Gemas PE Vorfilter DN 150\/150 20l"}]},{"@type":"WebSite","@id":"https:\/\/pool-house.shop\/de\/#website","url":"https:\/\/pool-house.shop\/de\/","name":"Pool-House","description":"","publisher":{"@id":"https:\/\/pool-house.shop\/de\/#organization"},"potentialAction":[{"@type":"SearchAction","target":{"@type":"EntryPoint","urlTemplate":"https:\/\/pool-house.shop\/de\/?s={search_term_string}"},"query-input":{"@type":"PropertyValueSpecification","valueRequired":true,"valueName":"search_term_string"}}],"inLanguage":"de"},{"@type":"Organization","@id":"https:\/\/pool-house.shop\/de\/#organization","name":"Pool-House","url":"https:\/\/pool-house.shop\/de\/","logo":{"@type":"ImageObject","inLanguage":"de","@id":"https:\/\/pool-house.shop\/de\/#\/schema\/logo\/image\/","url":"https:\/\/pool-house.shop\/wp-content\/uploads\/2025\/10\/logo-2-stvorec-mobil-modre.png","contentUrl":"https:\/\/pool-house.shop\/wp-content\/uploads\/2025\/10\/logo-2-stvorec-mobil-modre.png","width":273,"height":189,"caption":"Pool-House"},"image":{"@id":"https:\/\/pool-house.shop\/de\/#\/schema\/logo\/image\/"},"sameAs":["https:\/\/www.facebook.com\/termodomsk\/"]}]}},"_links":{"self":[{"href":"https:\/\/pool-house.shop\/de\/wp-json\/wp\/v2\/product\/8345","targetHints":{"allow":["GET"]}}],"collection":[{"href":"https:\/\/pool-house.shop\/de\/wp-json\/wp\/v2\/product"}],"about":[{"href":"https:\/\/pool-house.shop\/de\/wp-json\/wp\/v2\/types\/product"}],"wp:featuredmedia":[{"embeddable":true,"href":"https:\/\/pool-house.shop\/de\/wp-json\/wp\/v2\/media\/8347"}],"wp:attachment":[{"href":"https:\/\/pool-house.shop\/de\/wp-json\/wp\/v2\/media?parent=8345"}],"wp:term":[{"taxonomy":"product_brand","embeddable":true,"href":"https:\/\/pool-house.shop\/de\/wp-json\/wp\/v2\/product_brand?post=8345"},{"taxonomy":"product_cat","embeddable":true,"href":"https:\/\/pool-house.shop\/de\/wp-json\/wp\/v2\/product_cat?post=8345"},{"taxonomy":"product_tag","embeddable":true,"href":"https:\/\/pool-house.shop\/de\/wp-json\/wp\/v2\/product_tag?post=8345"}],"curies":[{"name":"wp","href":"https:\/\/api.w.org\/{rel}","templated":true}]}}