{"id":8392,"date":"2025-03-23T23:56:59","date_gmt":"2025-03-23T22:56:59","guid":{"rendered":"https:\/\/pool-house.shop\/product\/streamer-strn-150m\/"},"modified":"2025-03-23T23:56:59","modified_gmt":"2025-03-23T22:56:59","slug":"streamer-strn-150m","status":"publish","type":"product","link":"https:\/\/pool-house.shop\/de\/product\/streamer-strn-150m\/","title":{"rendered":"Streamer STRN 150M"},"content":{"rendered":"<p>Streamer-Pumpe<\/p>\n<p> Diese selbstansaugende GEMAS Streamer Pumpe aus Thermoplast l\u00e4sst sich in alle Arten von kleinen Pools installieren. Alle ihre Komponenten sind aus korrosionsbest\u00e4ndigem Thermoplast gefertigt, um Langlebigkeit und eine lange Lebensdauer zu gew\u00e4hrleisten.<\/p>\n<p> Technische Daten:<br \/>\n &#8211; Betriebsbereich: 24 m\u00b3\/Std., H = 10 m,<br \/>\n &#8211; Leistung: 1,5 PS,<br \/>\n &#8211; Versorgungsspannung: 230 V,<br \/>\n &#8211; Saug- und Druckanschluss: D50-Anschluss bis 1\/2 PS, \u00fcber diesem Wert Anschluss mittels D63-Verschraubung,<br \/>\n &#8211; 2.850 U\/Min., Motorschutzart: IP 55. <\/p>\n","protected":false},"excerpt":{"rendered":"<p>Streamer-Pumpe<\/p>\n<p> Diese selbstansaugende GEMAS Streamer Pumpe aus Thermoplast l\u00e4sst sich in alle Arten von kleinen Pools installieren. Alle ihre Komponenten sind aus korrosionsbest\u00e4ndigem Thermoplast gefertigt, um Langlebigkeit und eine lange Lebensdauer zu gew\u00e4hrleisten.<\/p>\n<p> Technische Daten:<br \/>\n &#8211; Betriebsbereich: 24 m\u00b3\/Std., H = 10 m,<br \/>\n &#8211; Leistung: 1,5 PS,<br \/>\n &#8211; Versorgungsspannung: 230 V,<br \/>\n &#8211; Saug- und Druckanschluss: D50-Anschluss bis 1\/2 PS, \u00fcber diesem Wert Anschluss mittels D63-Verschraubung,<br \/>\n &#8211; 2.850 U\/Min., Motorschutzart: IP 55. <\/p>\n","protected":false},"featured_media":8394,"template":"","meta":[],"product_brand":[],"product_cat":[353,398,265],"product_tag":[267],"class_list":{"0":"post-8392","1":"product","2":"type-product","3":"status-publish","4":"has-post-thumbnail","6":"product_cat-filteranlagen","7":"product_cat-gemas","8":"product_cat-filterpumpen","9":"product_tag-filterpumpen","10":"thunk-woo-product-list","11":"open-woo-hover-none","12":"open-single-product-tab-horizontal","13":"open-shadow-","14":"open-shadow-hover-","16":"first","17":"instock","18":"taxable","19":"shipping-taxable","20":"purchasable","21":"product-type-simple"},"yoast_head":"<!-- This site is optimized with the Yoast SEO plugin v26.9 - https:\/\/yoast.com\/product\/yoast-seo-wordpress\/ -->\n<title>Streamer STRN 150M - Pool-House<\/title>\n<meta name=\"robots\" content=\"index, follow, max-snippet:-1, max-image-preview:large, max-video-preview:-1\" \/>\n<link rel=\"canonical\" href=\"https:\/\/pool-house.shop\/de\/product\/streamer-strn-150m\/\" \/>\n<meta property=\"og:locale\" content=\"de_DE\" \/>\n<meta property=\"og:type\" content=\"article\" \/>\n<meta property=\"og:title\" content=\"Streamer STRN 150M - Pool-House\" \/>\n<meta property=\"og:description\" content=\"Streamer-Pumpe  Diese selbstansaugende GEMAS Streamer Pumpe aus Thermoplast l\u00e4sst sich in alle Arten von kleinen Pools installieren. Alle ihre Komponenten sind aus korrosionsbest\u00e4ndigem Thermoplast gefertigt, um Langlebigkeit und eine lange Lebensdauer zu gew\u00e4hrleisten.  Technische Daten: - Betriebsbereich: 24 m\u00b3\/Std., H = 10 m, - Leistung: 1,5 PS, - Versorgungsspannung: 230 V, - Saug- und Druckanschluss: D50-Anschluss bis 1\/2 PS, \u00fcber diesem Wert Anschluss mittels D63-Verschraubung, - 2.850 U\/Min., Motorschutzart: IP 55.\" \/>\n<meta property=\"og:url\" content=\"https:\/\/pool-house.shop\/de\/product\/streamer-strn-150m\/\" \/>\n<meta property=\"og:site_name\" content=\"Pool-House\" \/>\n<meta property=\"article:publisher\" content=\"https:\/\/www.facebook.com\/termodomsk\/\" \/>\n<meta property=\"og:image\" content=\"https:\/\/pool-house.shop\/wp-content\/uploads\/2025\/03\/051124.png\" \/>\n\t<meta property=\"og:image:width\" content=\"1000\" \/>\n\t<meta property=\"og:image:height\" content=\"1000\" \/>\n\t<meta property=\"og:image:type\" content=\"image\/png\" \/>\n<meta name=\"twitter:card\" content=\"summary_large_image\" \/>\n<script type=\"application\/ld+json\" class=\"yoast-schema-graph\">{\"@context\":\"https:\/\/schema.org\",\"@graph\":[{\"@type\":\"WebPage\",\"@id\":\"https:\/\/pool-house.shop\/de\/product\/streamer-strn-150m\/\",\"url\":\"https:\/\/pool-house.shop\/de\/product\/streamer-strn-150m\/\",\"name\":\"Streamer STRN 150M - Pool-House\",\"isPartOf\":{\"@id\":\"https:\/\/pool-house.shop\/de\/#website\"},\"primaryImageOfPage\":{\"@id\":\"https:\/\/pool-house.shop\/de\/product\/streamer-strn-150m\/#primaryimage\"},\"image\":{\"@id\":\"https:\/\/pool-house.shop\/de\/product\/streamer-strn-150m\/#primaryimage\"},\"thumbnailUrl\":\"https:\/\/pool-house.shop\/wp-content\/uploads\/2025\/03\/051124.png\",\"datePublished\":\"2025-03-23T22:56:59+00:00\",\"breadcrumb\":{\"@id\":\"https:\/\/pool-house.shop\/de\/product\/streamer-strn-150m\/#breadcrumb\"},\"inLanguage\":\"de\",\"potentialAction\":[{\"@type\":\"ReadAction\",\"target\":[\"https:\/\/pool-house.shop\/de\/product\/streamer-strn-150m\/\"]}]},{\"@type\":\"ImageObject\",\"inLanguage\":\"de\",\"@id\":\"https:\/\/pool-house.shop\/de\/product\/streamer-strn-150m\/#primaryimage\",\"url\":\"https:\/\/pool-house.shop\/wp-content\/uploads\/2025\/03\/051124.png\",\"contentUrl\":\"https:\/\/pool-house.shop\/wp-content\/uploads\/2025\/03\/051124.png\",\"width\":1000,\"height\":1000},{\"@type\":\"BreadcrumbList\",\"@id\":\"https:\/\/pool-house.shop\/de\/product\/streamer-strn-150m\/#breadcrumb\",\"itemListElement\":[{\"@type\":\"ListItem\",\"position\":1,\"name\":\"Domovsk\u00e1 str\u00e1nka\",\"item\":\"https:\/\/pool-house.shop\/de\/\"},{\"@type\":\"ListItem\",\"position\":2,\"name\":\"Shop\",\"item\":\"https:\/\/pool-house.shop\/de\/shop\/\"},{\"@type\":\"ListItem\",\"position\":3,\"name\":\"Streamer STRN 150M\"}]},{\"@type\":\"WebSite\",\"@id\":\"https:\/\/pool-house.shop\/de\/#website\",\"url\":\"https:\/\/pool-house.shop\/de\/\",\"name\":\"Pool-House\",\"description\":\"\",\"publisher\":{\"@id\":\"https:\/\/pool-house.shop\/de\/#organization\"},\"potentialAction\":[{\"@type\":\"SearchAction\",\"target\":{\"@type\":\"EntryPoint\",\"urlTemplate\":\"https:\/\/pool-house.shop\/de\/?s={search_term_string}\"},\"query-input\":{\"@type\":\"PropertyValueSpecification\",\"valueRequired\":true,\"valueName\":\"search_term_string\"}}],\"inLanguage\":\"de\"},{\"@type\":\"Organization\",\"@id\":\"https:\/\/pool-house.shop\/de\/#organization\",\"name\":\"Pool-House\",\"url\":\"https:\/\/pool-house.shop\/de\/\",\"logo\":{\"@type\":\"ImageObject\",\"inLanguage\":\"de\",\"@id\":\"https:\/\/pool-house.shop\/de\/#\/schema\/logo\/image\/\",\"url\":\"https:\/\/pool-house.shop\/wp-content\/uploads\/2025\/10\/logo-2-stvorec-mobil-modre.png\",\"contentUrl\":\"https:\/\/pool-house.shop\/wp-content\/uploads\/2025\/10\/logo-2-stvorec-mobil-modre.png\",\"width\":273,\"height\":189,\"caption\":\"Pool-House\"},\"image\":{\"@id\":\"https:\/\/pool-house.shop\/de\/#\/schema\/logo\/image\/\"},\"sameAs\":[\"https:\/\/www.facebook.com\/termodomsk\/\"]}]}<\/script>\n<!-- \/ Yoast SEO plugin. -->","yoast_head_json":{"title":"Streamer STRN 150M - Pool-House","robots":{"index":"index","follow":"follow","max-snippet":"max-snippet:-1","max-image-preview":"max-image-preview:large","max-video-preview":"max-video-preview:-1"},"canonical":"https:\/\/pool-house.shop\/de\/product\/streamer-strn-150m\/","og_locale":"de_DE","og_type":"article","og_title":"Streamer STRN 150M - Pool-House","og_description":"Streamer-Pumpe  Diese selbstansaugende GEMAS Streamer Pumpe aus Thermoplast l\u00e4sst sich in alle Arten von kleinen Pools installieren. Alle ihre Komponenten sind aus korrosionsbest\u00e4ndigem Thermoplast gefertigt, um Langlebigkeit und eine lange Lebensdauer zu gew\u00e4hrleisten.  Technische Daten: - Betriebsbereich: 24 m\u00b3\/Std., H = 10 m, - Leistung: 1,5 PS, - Versorgungsspannung: 230 V, - Saug- und Druckanschluss: D50-Anschluss bis 1\/2 PS, \u00fcber diesem Wert Anschluss mittels D63-Verschraubung, - 2.850 U\/Min., Motorschutzart: IP 55.","og_url":"https:\/\/pool-house.shop\/de\/product\/streamer-strn-150m\/","og_site_name":"Pool-House","article_publisher":"https:\/\/www.facebook.com\/termodomsk\/","og_image":[{"width":1000,"height":1000,"url":"https:\/\/pool-house.shop\/wp-content\/uploads\/2025\/03\/051124.png","type":"image\/png"}],"twitter_card":"summary_large_image","schema":{"@context":"https:\/\/schema.org","@graph":[{"@type":"WebPage","@id":"https:\/\/pool-house.shop\/de\/product\/streamer-strn-150m\/","url":"https:\/\/pool-house.shop\/de\/product\/streamer-strn-150m\/","name":"Streamer STRN 150M - Pool-House","isPartOf":{"@id":"https:\/\/pool-house.shop\/de\/#website"},"primaryImageOfPage":{"@id":"https:\/\/pool-house.shop\/de\/product\/streamer-strn-150m\/#primaryimage"},"image":{"@id":"https:\/\/pool-house.shop\/de\/product\/streamer-strn-150m\/#primaryimage"},"thumbnailUrl":"https:\/\/pool-house.shop\/wp-content\/uploads\/2025\/03\/051124.png","datePublished":"2025-03-23T22:56:59+00:00","breadcrumb":{"@id":"https:\/\/pool-house.shop\/de\/product\/streamer-strn-150m\/#breadcrumb"},"inLanguage":"de","potentialAction":[{"@type":"ReadAction","target":["https:\/\/pool-house.shop\/de\/product\/streamer-strn-150m\/"]}]},{"@type":"ImageObject","inLanguage":"de","@id":"https:\/\/pool-house.shop\/de\/product\/streamer-strn-150m\/#primaryimage","url":"https:\/\/pool-house.shop\/wp-content\/uploads\/2025\/03\/051124.png","contentUrl":"https:\/\/pool-house.shop\/wp-content\/uploads\/2025\/03\/051124.png","width":1000,"height":1000},{"@type":"BreadcrumbList","@id":"https:\/\/pool-house.shop\/de\/product\/streamer-strn-150m\/#breadcrumb","itemListElement":[{"@type":"ListItem","position":1,"name":"Domovsk\u00e1 str\u00e1nka","item":"https:\/\/pool-house.shop\/de\/"},{"@type":"ListItem","position":2,"name":"Shop","item":"https:\/\/pool-house.shop\/de\/shop\/"},{"@type":"ListItem","position":3,"name":"Streamer STRN 150M"}]},{"@type":"WebSite","@id":"https:\/\/pool-house.shop\/de\/#website","url":"https:\/\/pool-house.shop\/de\/","name":"Pool-House","description":"","publisher":{"@id":"https:\/\/pool-house.shop\/de\/#organization"},"potentialAction":[{"@type":"SearchAction","target":{"@type":"EntryPoint","urlTemplate":"https:\/\/pool-house.shop\/de\/?s={search_term_string}"},"query-input":{"@type":"PropertyValueSpecification","valueRequired":true,"valueName":"search_term_string"}}],"inLanguage":"de"},{"@type":"Organization","@id":"https:\/\/pool-house.shop\/de\/#organization","name":"Pool-House","url":"https:\/\/pool-house.shop\/de\/","logo":{"@type":"ImageObject","inLanguage":"de","@id":"https:\/\/pool-house.shop\/de\/#\/schema\/logo\/image\/","url":"https:\/\/pool-house.shop\/wp-content\/uploads\/2025\/10\/logo-2-stvorec-mobil-modre.png","contentUrl":"https:\/\/pool-house.shop\/wp-content\/uploads\/2025\/10\/logo-2-stvorec-mobil-modre.png","width":273,"height":189,"caption":"Pool-House"},"image":{"@id":"https:\/\/pool-house.shop\/de\/#\/schema\/logo\/image\/"},"sameAs":["https:\/\/www.facebook.com\/termodomsk\/"]}]}},"_links":{"self":[{"href":"https:\/\/pool-house.shop\/de\/wp-json\/wp\/v2\/product\/8392","targetHints":{"allow":["GET"]}}],"collection":[{"href":"https:\/\/pool-house.shop\/de\/wp-json\/wp\/v2\/product"}],"about":[{"href":"https:\/\/pool-house.shop\/de\/wp-json\/wp\/v2\/types\/product"}],"wp:featuredmedia":[{"embeddable":true,"href":"https:\/\/pool-house.shop\/de\/wp-json\/wp\/v2\/media\/8394"}],"wp:attachment":[{"href":"https:\/\/pool-house.shop\/de\/wp-json\/wp\/v2\/media?parent=8392"}],"wp:term":[{"taxonomy":"product_brand","embeddable":true,"href":"https:\/\/pool-house.shop\/de\/wp-json\/wp\/v2\/product_brand?post=8392"},{"taxonomy":"product_cat","embeddable":true,"href":"https:\/\/pool-house.shop\/de\/wp-json\/wp\/v2\/product_cat?post=8392"},{"taxonomy":"product_tag","embeddable":true,"href":"https:\/\/pool-house.shop\/de\/wp-json\/wp\/v2\/product_tag?post=8392"}],"curies":[{"name":"wp","href":"https:\/\/api.w.org\/{rel}","templated":true}]}}