{"id":8421,"date":"2025-03-23T23:56:31","date_gmt":"2025-03-23T22:56:31","guid":{"rendered":"https:\/\/pool-house.shop\/product\/badu-resort-110-3\/"},"modified":"2025-03-23T23:56:31","modified_gmt":"2025-03-23T22:56:31","slug":"badu-resort-110-3","status":"publish","type":"product","link":"https:\/\/pool-house.shop\/de\/product\/badu-resort-110-3\/","title":{"rendered":"BADU Resort 110, 3~"},"content":{"rendered":"<p>BADU Resort Pumpe<\/p>\n<p> Diese hochwertige, selbstansaugende BADU Resort Umw\u00e4lzpumpe ist eine Premium-Hochleistungspumpe und f\u00fcr \u00f6ffentliche Schwimmb\u00e4der konzipiert.<\/p>\n<p> Eigenschaften:<br \/>\n &#8211; M\u00f6glichkeit der Installation bis zu max. 3 m \u00fcber dem Wasserspiegel oder bis zu max. 3 m darunter,<br \/>\n &#8211; Monoblockpumpe mit integriertem Vorfilter (10 l),<br \/>\n &#8211; transparentes Polycarbonat-Geh\u00e4use,<br \/>\n &#8211; Saug- und Druckanschluss:<br \/>\n # 30: D75\/D75<br \/>\n # 40-45: D90\/D90<br \/>\n # 50-110: D110\/D110<\/p>\n<p> Technische Daten:<br \/>\n &#8211; Betriebsbereich: 33 m\u00b3\/h, H = 10 m,<br \/>\n &#8211; Versorgungsspannung: 230\/400 V.  <\/p>\n","protected":false},"excerpt":{"rendered":"<p>BADU Resort Pumpe<\/p>\n<p> Diese hochwertige, selbstansaugende BADU Resort Umw\u00e4lzpumpe ist eine Premium-Hochleistungspumpe und f\u00fcr \u00f6ffentliche Schwimmb\u00e4der konzipiert.<\/p>\n<p> Eigenschaften:<br \/>\n &#8211; M\u00f6glichkeit der Installation bis zu max. 3 m \u00fcber dem Wasserspiegel oder bis zu max. 3 m darunter,<br \/>\n &#8211; Monoblockpumpe mit integriertem Vorfilter (10 l),<br \/>\n &#8211; transparentes Polycarbonat-Geh\u00e4use,<br \/>\n &#8211; Saug- und Druckanschluss:<br \/>\n # 30: D75\/D75<br \/>\n # 40-45: D90\/D90<br \/>\n # 50-110: D110\/D110<\/p>\n<p> Technische Daten:<br \/>\n &#8211; Betriebsbereich: 33 m\u00b3\/h, H = 10 m,<br \/>\n &#8211; Versorgungsspannung: 230\/400 V.  <\/p>\n","protected":false},"featured_media":8423,"template":"","meta":[],"product_brand":[],"product_cat":[388,353,265],"product_tag":[267],"class_list":{"0":"post-8421","1":"product","2":"type-product","3":"status-publish","4":"has-post-thumbnail","6":"product_cat-badu-speck","7":"product_cat-filteranlagen","8":"product_cat-filterpumpen","9":"product_tag-filterpumpen","10":"thunk-woo-product-list","11":"open-woo-hover-none","12":"open-single-product-tab-horizontal","13":"open-shadow-","14":"open-shadow-hover-","16":"first","17":"instock","18":"taxable","19":"shipping-taxable","20":"purchasable","21":"product-type-simple"},"yoast_head":"<!-- This site is optimized with the Yoast SEO plugin v26.9 - https:\/\/yoast.com\/product\/yoast-seo-wordpress\/ -->\n<title>BADU Resort 110, 3~ - Pool-House<\/title>\n<meta name=\"robots\" content=\"index, follow, max-snippet:-1, max-image-preview:large, max-video-preview:-1\" \/>\n<link rel=\"canonical\" href=\"https:\/\/pool-house.shop\/de\/product\/badu-resort-110-3\/\" \/>\n<meta property=\"og:locale\" content=\"de_DE\" \/>\n<meta property=\"og:type\" content=\"article\" \/>\n<meta property=\"og:title\" content=\"BADU Resort 110, 3~ - Pool-House\" \/>\n<meta property=\"og:description\" content=\"BADU Resort Pumpe  Diese hochwertige, selbstansaugende BADU Resort Umw\u00e4lzpumpe ist eine Premium-Hochleistungspumpe und f\u00fcr \u00f6ffentliche Schwimmb\u00e4der konzipiert.  Eigenschaften: - M\u00f6glichkeit der Installation bis zu max. 3 m \u00fcber dem Wasserspiegel oder bis zu max. 3 m darunter, - Monoblockpumpe mit integriertem Vorfilter (10 l),  - transparentes Polycarbonat-Geh\u00e4use, - Saug- und Druckanschluss:  # 30: D75\/D75  # 40-45: D90\/D90  # 50-110: D110\/D110  Technische Daten:  - Betriebsbereich: 33 m\u00b3\/h, H = 10 m,  - Versorgungsspannung: 230\/400 V.\" \/>\n<meta property=\"og:url\" content=\"https:\/\/pool-house.shop\/de\/product\/badu-resort-110-3\/\" \/>\n<meta property=\"og:site_name\" content=\"Pool-House\" \/>\n<meta property=\"article:publisher\" content=\"https:\/\/www.facebook.com\/termodomsk\/\" \/>\n<meta property=\"og:image\" content=\"https:\/\/pool-house.shop\/wp-content\/uploads\/2025\/03\/050409.png\" \/>\n\t<meta property=\"og:image:width\" content=\"1000\" \/>\n\t<meta property=\"og:image:height\" content=\"1000\" \/>\n\t<meta property=\"og:image:type\" content=\"image\/png\" \/>\n<meta name=\"twitter:card\" content=\"summary_large_image\" \/>\n<script type=\"application\/ld+json\" class=\"yoast-schema-graph\">{\"@context\":\"https:\/\/schema.org\",\"@graph\":[{\"@type\":\"WebPage\",\"@id\":\"https:\/\/pool-house.shop\/de\/product\/badu-resort-110-3\/\",\"url\":\"https:\/\/pool-house.shop\/de\/product\/badu-resort-110-3\/\",\"name\":\"BADU Resort 110, 3~ - Pool-House\",\"isPartOf\":{\"@id\":\"https:\/\/pool-house.shop\/de\/#website\"},\"primaryImageOfPage\":{\"@id\":\"https:\/\/pool-house.shop\/de\/product\/badu-resort-110-3\/#primaryimage\"},\"image\":{\"@id\":\"https:\/\/pool-house.shop\/de\/product\/badu-resort-110-3\/#primaryimage\"},\"thumbnailUrl\":\"https:\/\/pool-house.shop\/wp-content\/uploads\/2025\/03\/050409.png\",\"datePublished\":\"2025-03-23T22:56:31+00:00\",\"breadcrumb\":{\"@id\":\"https:\/\/pool-house.shop\/de\/product\/badu-resort-110-3\/#breadcrumb\"},\"inLanguage\":\"de\",\"potentialAction\":[{\"@type\":\"ReadAction\",\"target\":[\"https:\/\/pool-house.shop\/de\/product\/badu-resort-110-3\/\"]}]},{\"@type\":\"ImageObject\",\"inLanguage\":\"de\",\"@id\":\"https:\/\/pool-house.shop\/de\/product\/badu-resort-110-3\/#primaryimage\",\"url\":\"https:\/\/pool-house.shop\/wp-content\/uploads\/2025\/03\/050409.png\",\"contentUrl\":\"https:\/\/pool-house.shop\/wp-content\/uploads\/2025\/03\/050409.png\",\"width\":1000,\"height\":1000},{\"@type\":\"BreadcrumbList\",\"@id\":\"https:\/\/pool-house.shop\/de\/product\/badu-resort-110-3\/#breadcrumb\",\"itemListElement\":[{\"@type\":\"ListItem\",\"position\":1,\"name\":\"Domovsk\u00e1 str\u00e1nka\",\"item\":\"https:\/\/pool-house.shop\/de\/\"},{\"@type\":\"ListItem\",\"position\":2,\"name\":\"Shop\",\"item\":\"https:\/\/pool-house.shop\/de\/shop\/\"},{\"@type\":\"ListItem\",\"position\":3,\"name\":\"BADU Resort 110, 3~\"}]},{\"@type\":\"WebSite\",\"@id\":\"https:\/\/pool-house.shop\/de\/#website\",\"url\":\"https:\/\/pool-house.shop\/de\/\",\"name\":\"Pool-House\",\"description\":\"\",\"publisher\":{\"@id\":\"https:\/\/pool-house.shop\/de\/#organization\"},\"potentialAction\":[{\"@type\":\"SearchAction\",\"target\":{\"@type\":\"EntryPoint\",\"urlTemplate\":\"https:\/\/pool-house.shop\/de\/?s={search_term_string}\"},\"query-input\":{\"@type\":\"PropertyValueSpecification\",\"valueRequired\":true,\"valueName\":\"search_term_string\"}}],\"inLanguage\":\"de\"},{\"@type\":\"Organization\",\"@id\":\"https:\/\/pool-house.shop\/de\/#organization\",\"name\":\"Pool-House\",\"url\":\"https:\/\/pool-house.shop\/de\/\",\"logo\":{\"@type\":\"ImageObject\",\"inLanguage\":\"de\",\"@id\":\"https:\/\/pool-house.shop\/de\/#\/schema\/logo\/image\/\",\"url\":\"https:\/\/pool-house.shop\/wp-content\/uploads\/2025\/10\/logo-2-stvorec-mobil-modre.png\",\"contentUrl\":\"https:\/\/pool-house.shop\/wp-content\/uploads\/2025\/10\/logo-2-stvorec-mobil-modre.png\",\"width\":273,\"height\":189,\"caption\":\"Pool-House\"},\"image\":{\"@id\":\"https:\/\/pool-house.shop\/de\/#\/schema\/logo\/image\/\"},\"sameAs\":[\"https:\/\/www.facebook.com\/termodomsk\/\"]}]}<\/script>\n<!-- \/ Yoast SEO plugin. -->","yoast_head_json":{"title":"BADU Resort 110, 3~ - Pool-House","robots":{"index":"index","follow":"follow","max-snippet":"max-snippet:-1","max-image-preview":"max-image-preview:large","max-video-preview":"max-video-preview:-1"},"canonical":"https:\/\/pool-house.shop\/de\/product\/badu-resort-110-3\/","og_locale":"de_DE","og_type":"article","og_title":"BADU Resort 110, 3~ - Pool-House","og_description":"BADU Resort Pumpe  Diese hochwertige, selbstansaugende BADU Resort Umw\u00e4lzpumpe ist eine Premium-Hochleistungspumpe und f\u00fcr \u00f6ffentliche Schwimmb\u00e4der konzipiert.  Eigenschaften: - M\u00f6glichkeit der Installation bis zu max. 3 m \u00fcber dem Wasserspiegel oder bis zu max. 3 m darunter, - Monoblockpumpe mit integriertem Vorfilter (10 l),  - transparentes Polycarbonat-Geh\u00e4use, - Saug- und Druckanschluss:  # 30: D75\/D75  # 40-45: D90\/D90  # 50-110: D110\/D110  Technische Daten:  - Betriebsbereich: 33 m\u00b3\/h, H = 10 m,  - Versorgungsspannung: 230\/400 V.","og_url":"https:\/\/pool-house.shop\/de\/product\/badu-resort-110-3\/","og_site_name":"Pool-House","article_publisher":"https:\/\/www.facebook.com\/termodomsk\/","og_image":[{"width":1000,"height":1000,"url":"https:\/\/pool-house.shop\/wp-content\/uploads\/2025\/03\/050409.png","type":"image\/png"}],"twitter_card":"summary_large_image","schema":{"@context":"https:\/\/schema.org","@graph":[{"@type":"WebPage","@id":"https:\/\/pool-house.shop\/de\/product\/badu-resort-110-3\/","url":"https:\/\/pool-house.shop\/de\/product\/badu-resort-110-3\/","name":"BADU Resort 110, 3~ - Pool-House","isPartOf":{"@id":"https:\/\/pool-house.shop\/de\/#website"},"primaryImageOfPage":{"@id":"https:\/\/pool-house.shop\/de\/product\/badu-resort-110-3\/#primaryimage"},"image":{"@id":"https:\/\/pool-house.shop\/de\/product\/badu-resort-110-3\/#primaryimage"},"thumbnailUrl":"https:\/\/pool-house.shop\/wp-content\/uploads\/2025\/03\/050409.png","datePublished":"2025-03-23T22:56:31+00:00","breadcrumb":{"@id":"https:\/\/pool-house.shop\/de\/product\/badu-resort-110-3\/#breadcrumb"},"inLanguage":"de","potentialAction":[{"@type":"ReadAction","target":["https:\/\/pool-house.shop\/de\/product\/badu-resort-110-3\/"]}]},{"@type":"ImageObject","inLanguage":"de","@id":"https:\/\/pool-house.shop\/de\/product\/badu-resort-110-3\/#primaryimage","url":"https:\/\/pool-house.shop\/wp-content\/uploads\/2025\/03\/050409.png","contentUrl":"https:\/\/pool-house.shop\/wp-content\/uploads\/2025\/03\/050409.png","width":1000,"height":1000},{"@type":"BreadcrumbList","@id":"https:\/\/pool-house.shop\/de\/product\/badu-resort-110-3\/#breadcrumb","itemListElement":[{"@type":"ListItem","position":1,"name":"Domovsk\u00e1 str\u00e1nka","item":"https:\/\/pool-house.shop\/de\/"},{"@type":"ListItem","position":2,"name":"Shop","item":"https:\/\/pool-house.shop\/de\/shop\/"},{"@type":"ListItem","position":3,"name":"BADU Resort 110, 3~"}]},{"@type":"WebSite","@id":"https:\/\/pool-house.shop\/de\/#website","url":"https:\/\/pool-house.shop\/de\/","name":"Pool-House","description":"","publisher":{"@id":"https:\/\/pool-house.shop\/de\/#organization"},"potentialAction":[{"@type":"SearchAction","target":{"@type":"EntryPoint","urlTemplate":"https:\/\/pool-house.shop\/de\/?s={search_term_string}"},"query-input":{"@type":"PropertyValueSpecification","valueRequired":true,"valueName":"search_term_string"}}],"inLanguage":"de"},{"@type":"Organization","@id":"https:\/\/pool-house.shop\/de\/#organization","name":"Pool-House","url":"https:\/\/pool-house.shop\/de\/","logo":{"@type":"ImageObject","inLanguage":"de","@id":"https:\/\/pool-house.shop\/de\/#\/schema\/logo\/image\/","url":"https:\/\/pool-house.shop\/wp-content\/uploads\/2025\/10\/logo-2-stvorec-mobil-modre.png","contentUrl":"https:\/\/pool-house.shop\/wp-content\/uploads\/2025\/10\/logo-2-stvorec-mobil-modre.png","width":273,"height":189,"caption":"Pool-House"},"image":{"@id":"https:\/\/pool-house.shop\/de\/#\/schema\/logo\/image\/"},"sameAs":["https:\/\/www.facebook.com\/termodomsk\/"]}]}},"_links":{"self":[{"href":"https:\/\/pool-house.shop\/de\/wp-json\/wp\/v2\/product\/8421","targetHints":{"allow":["GET"]}}],"collection":[{"href":"https:\/\/pool-house.shop\/de\/wp-json\/wp\/v2\/product"}],"about":[{"href":"https:\/\/pool-house.shop\/de\/wp-json\/wp\/v2\/types\/product"}],"wp:featuredmedia":[{"embeddable":true,"href":"https:\/\/pool-house.shop\/de\/wp-json\/wp\/v2\/media\/8423"}],"wp:attachment":[{"href":"https:\/\/pool-house.shop\/de\/wp-json\/wp\/v2\/media?parent=8421"}],"wp:term":[{"taxonomy":"product_brand","embeddable":true,"href":"https:\/\/pool-house.shop\/de\/wp-json\/wp\/v2\/product_brand?post=8421"},{"taxonomy":"product_cat","embeddable":true,"href":"https:\/\/pool-house.shop\/de\/wp-json\/wp\/v2\/product_cat?post=8421"},{"taxonomy":"product_tag","embeddable":true,"href":"https:\/\/pool-house.shop\/de\/wp-json\/wp\/v2\/product_tag?post=8421"}],"curies":[{"name":"wp","href":"https:\/\/api.w.org\/{rel}","templated":true}]}}