{"id":8440,"date":"2025-03-23T23:56:15","date_gmt":"2025-03-23T22:56:15","guid":{"rendered":"https:\/\/pool-house.shop\/product\/badu-prime-13-3\/"},"modified":"2025-03-23T23:56:15","modified_gmt":"2025-03-23T22:56:15","slug":"badu-prime-13-3","status":"publish","type":"product","link":"https:\/\/pool-house.shop\/de\/product\/badu-prime-13-3\/","title":{"rendered":"BADU Prime 13, 3~"},"content":{"rendered":"<p>BADU Prime Pumpe<\/p>\n<p> Diese selbstansaugende Umw\u00e4lzpumpe mit integriertem Vorfilter ist leistungsstark und als Monoblock ausgef\u00fchrt, verf\u00fcgt \u00fcber eine transparente Polycarbonatabdeckung und ist sowohl f\u00fcr private als auch \u00f6ffentliche Schwimmb\u00e4der geeignet.<br \/>\n Sie kann bis zu 3 m \u00fcber dem Wasserspiegel installiert werden.<br \/>\n Sie kann in Salzwassersystemen (Elektrolyse) bei einer Salzkonzentration von max. 5 g\/l installiert werden.<\/p>\n<p> Technische Daten:<br \/>\n &#8211; Betriebsbereich: 5 m\u00b3\/h, H = 10 m,<br \/>\n &#8211; Versorgungsspannung: 230\/400 V. <\/p>\n","protected":false},"excerpt":{"rendered":"<p>BADU Prime Pumpe<\/p>\n<p> Diese selbstansaugende Umw\u00e4lzpumpe mit integriertem Vorfilter ist leistungsstark und als Monoblock ausgef\u00fchrt, verf\u00fcgt \u00fcber eine transparente Polycarbonatabdeckung und ist sowohl f\u00fcr private als auch \u00f6ffentliche Schwimmb\u00e4der geeignet.<br \/>\n Sie kann bis zu 3 m \u00fcber dem Wasserspiegel installiert werden.<br \/>\n Sie kann in Salzwassersystemen (Elektrolyse) bei einer Salzkonzentration von max. 5 g\/l installiert werden.<\/p>\n<p> Technische Daten:<br \/>\n &#8211; Betriebsbereich: 5 m\u00b3\/h, H = 10 m,<br \/>\n &#8211; Versorgungsspannung: 230\/400 V. <\/p>\n","protected":false},"featured_media":8442,"template":"","meta":[],"product_brand":[],"product_cat":[388,353,265],"product_tag":[267],"class_list":{"0":"post-8440","1":"product","2":"type-product","3":"status-publish","4":"has-post-thumbnail","6":"product_cat-badu-speck","7":"product_cat-filteranlagen","8":"product_cat-filterpumpen","9":"product_tag-filterpumpen","10":"thunk-woo-product-list","11":"open-woo-hover-none","12":"open-single-product-tab-horizontal","13":"open-shadow-","14":"open-shadow-hover-","16":"first","17":"instock","18":"taxable","19":"shipping-taxable","20":"purchasable","21":"product-type-simple"},"yoast_head":"<!-- This site is optimized with the Yoast SEO plugin v26.9 - https:\/\/yoast.com\/product\/yoast-seo-wordpress\/ -->\n<title>BADU Prime 13, 3~ - Pool-House<\/title>\n<meta name=\"robots\" content=\"index, follow, max-snippet:-1, max-image-preview:large, max-video-preview:-1\" \/>\n<link rel=\"canonical\" href=\"https:\/\/pool-house.shop\/de\/product\/badu-prime-13-3\/\" \/>\n<meta property=\"og:locale\" content=\"de_DE\" \/>\n<meta property=\"og:type\" content=\"article\" \/>\n<meta property=\"og:title\" content=\"BADU Prime 13, 3~ - Pool-House\" \/>\n<meta property=\"og:description\" content=\"BADU Prime Pumpe  Diese selbstansaugende Umw\u00e4lzpumpe mit integriertem Vorfilter ist leistungsstark und als Monoblock ausgef\u00fchrt, verf\u00fcgt \u00fcber eine transparente Polycarbonatabdeckung und ist sowohl f\u00fcr private als auch \u00f6ffentliche Schwimmb\u00e4der geeignet. Sie kann bis zu 3 m \u00fcber dem Wasserspiegel installiert werden. Sie kann in Salzwassersystemen (Elektrolyse) bei einer Salzkonzentration von max. 5 g\/l installiert werden.  Technische Daten: - Betriebsbereich: 5 m\u00b3\/h, H = 10 m, - Versorgungsspannung: 230\/400 V.\" \/>\n<meta property=\"og:url\" content=\"https:\/\/pool-house.shop\/de\/product\/badu-prime-13-3\/\" \/>\n<meta property=\"og:site_name\" content=\"Pool-House\" \/>\n<meta property=\"article:publisher\" content=\"https:\/\/www.facebook.com\/termodomsk\/\" \/>\n<meta property=\"og:image\" content=\"https:\/\/pool-house.shop\/wp-content\/uploads\/2025\/03\/050313.png\" \/>\n\t<meta property=\"og:image:width\" content=\"1000\" \/>\n\t<meta property=\"og:image:height\" content=\"1000\" \/>\n\t<meta property=\"og:image:type\" content=\"image\/png\" \/>\n<meta name=\"twitter:card\" content=\"summary_large_image\" \/>\n<script type=\"application\/ld+json\" class=\"yoast-schema-graph\">{\"@context\":\"https:\/\/schema.org\",\"@graph\":[{\"@type\":\"WebPage\",\"@id\":\"https:\/\/pool-house.shop\/de\/product\/badu-prime-13-3\/\",\"url\":\"https:\/\/pool-house.shop\/de\/product\/badu-prime-13-3\/\",\"name\":\"BADU Prime 13, 3~ - Pool-House\",\"isPartOf\":{\"@id\":\"https:\/\/pool-house.shop\/de\/#website\"},\"primaryImageOfPage\":{\"@id\":\"https:\/\/pool-house.shop\/de\/product\/badu-prime-13-3\/#primaryimage\"},\"image\":{\"@id\":\"https:\/\/pool-house.shop\/de\/product\/badu-prime-13-3\/#primaryimage\"},\"thumbnailUrl\":\"https:\/\/pool-house.shop\/wp-content\/uploads\/2025\/03\/050313.png\",\"datePublished\":\"2025-03-23T22:56:15+00:00\",\"breadcrumb\":{\"@id\":\"https:\/\/pool-house.shop\/de\/product\/badu-prime-13-3\/#breadcrumb\"},\"inLanguage\":\"de\",\"potentialAction\":[{\"@type\":\"ReadAction\",\"target\":[\"https:\/\/pool-house.shop\/de\/product\/badu-prime-13-3\/\"]}]},{\"@type\":\"ImageObject\",\"inLanguage\":\"de\",\"@id\":\"https:\/\/pool-house.shop\/de\/product\/badu-prime-13-3\/#primaryimage\",\"url\":\"https:\/\/pool-house.shop\/wp-content\/uploads\/2025\/03\/050313.png\",\"contentUrl\":\"https:\/\/pool-house.shop\/wp-content\/uploads\/2025\/03\/050313.png\",\"width\":1000,\"height\":1000},{\"@type\":\"BreadcrumbList\",\"@id\":\"https:\/\/pool-house.shop\/de\/product\/badu-prime-13-3\/#breadcrumb\",\"itemListElement\":[{\"@type\":\"ListItem\",\"position\":1,\"name\":\"Domovsk\u00e1 str\u00e1nka\",\"item\":\"https:\/\/pool-house.shop\/de\/\"},{\"@type\":\"ListItem\",\"position\":2,\"name\":\"Shop\",\"item\":\"https:\/\/pool-house.shop\/de\/shop\/\"},{\"@type\":\"ListItem\",\"position\":3,\"name\":\"BADU Prime 13, 3~\"}]},{\"@type\":\"WebSite\",\"@id\":\"https:\/\/pool-house.shop\/de\/#website\",\"url\":\"https:\/\/pool-house.shop\/de\/\",\"name\":\"Pool-House\",\"description\":\"\",\"publisher\":{\"@id\":\"https:\/\/pool-house.shop\/de\/#organization\"},\"potentialAction\":[{\"@type\":\"SearchAction\",\"target\":{\"@type\":\"EntryPoint\",\"urlTemplate\":\"https:\/\/pool-house.shop\/de\/?s={search_term_string}\"},\"query-input\":{\"@type\":\"PropertyValueSpecification\",\"valueRequired\":true,\"valueName\":\"search_term_string\"}}],\"inLanguage\":\"de\"},{\"@type\":\"Organization\",\"@id\":\"https:\/\/pool-house.shop\/de\/#organization\",\"name\":\"Pool-House\",\"url\":\"https:\/\/pool-house.shop\/de\/\",\"logo\":{\"@type\":\"ImageObject\",\"inLanguage\":\"de\",\"@id\":\"https:\/\/pool-house.shop\/de\/#\/schema\/logo\/image\/\",\"url\":\"https:\/\/pool-house.shop\/wp-content\/uploads\/2025\/10\/logo-2-stvorec-mobil-modre.png\",\"contentUrl\":\"https:\/\/pool-house.shop\/wp-content\/uploads\/2025\/10\/logo-2-stvorec-mobil-modre.png\",\"width\":273,\"height\":189,\"caption\":\"Pool-House\"},\"image\":{\"@id\":\"https:\/\/pool-house.shop\/de\/#\/schema\/logo\/image\/\"},\"sameAs\":[\"https:\/\/www.facebook.com\/termodomsk\/\"]}]}<\/script>\n<!-- \/ Yoast SEO plugin. -->","yoast_head_json":{"title":"BADU Prime 13, 3~ - Pool-House","robots":{"index":"index","follow":"follow","max-snippet":"max-snippet:-1","max-image-preview":"max-image-preview:large","max-video-preview":"max-video-preview:-1"},"canonical":"https:\/\/pool-house.shop\/de\/product\/badu-prime-13-3\/","og_locale":"de_DE","og_type":"article","og_title":"BADU Prime 13, 3~ - Pool-House","og_description":"BADU Prime Pumpe  Diese selbstansaugende Umw\u00e4lzpumpe mit integriertem Vorfilter ist leistungsstark und als Monoblock ausgef\u00fchrt, verf\u00fcgt \u00fcber eine transparente Polycarbonatabdeckung und ist sowohl f\u00fcr private als auch \u00f6ffentliche Schwimmb\u00e4der geeignet. Sie kann bis zu 3 m \u00fcber dem Wasserspiegel installiert werden. Sie kann in Salzwassersystemen (Elektrolyse) bei einer Salzkonzentration von max. 5 g\/l installiert werden.  Technische Daten: - Betriebsbereich: 5 m\u00b3\/h, H = 10 m, - Versorgungsspannung: 230\/400 V.","og_url":"https:\/\/pool-house.shop\/de\/product\/badu-prime-13-3\/","og_site_name":"Pool-House","article_publisher":"https:\/\/www.facebook.com\/termodomsk\/","og_image":[{"width":1000,"height":1000,"url":"https:\/\/pool-house.shop\/wp-content\/uploads\/2025\/03\/050313.png","type":"image\/png"}],"twitter_card":"summary_large_image","schema":{"@context":"https:\/\/schema.org","@graph":[{"@type":"WebPage","@id":"https:\/\/pool-house.shop\/de\/product\/badu-prime-13-3\/","url":"https:\/\/pool-house.shop\/de\/product\/badu-prime-13-3\/","name":"BADU Prime 13, 3~ - Pool-House","isPartOf":{"@id":"https:\/\/pool-house.shop\/de\/#website"},"primaryImageOfPage":{"@id":"https:\/\/pool-house.shop\/de\/product\/badu-prime-13-3\/#primaryimage"},"image":{"@id":"https:\/\/pool-house.shop\/de\/product\/badu-prime-13-3\/#primaryimage"},"thumbnailUrl":"https:\/\/pool-house.shop\/wp-content\/uploads\/2025\/03\/050313.png","datePublished":"2025-03-23T22:56:15+00:00","breadcrumb":{"@id":"https:\/\/pool-house.shop\/de\/product\/badu-prime-13-3\/#breadcrumb"},"inLanguage":"de","potentialAction":[{"@type":"ReadAction","target":["https:\/\/pool-house.shop\/de\/product\/badu-prime-13-3\/"]}]},{"@type":"ImageObject","inLanguage":"de","@id":"https:\/\/pool-house.shop\/de\/product\/badu-prime-13-3\/#primaryimage","url":"https:\/\/pool-house.shop\/wp-content\/uploads\/2025\/03\/050313.png","contentUrl":"https:\/\/pool-house.shop\/wp-content\/uploads\/2025\/03\/050313.png","width":1000,"height":1000},{"@type":"BreadcrumbList","@id":"https:\/\/pool-house.shop\/de\/product\/badu-prime-13-3\/#breadcrumb","itemListElement":[{"@type":"ListItem","position":1,"name":"Domovsk\u00e1 str\u00e1nka","item":"https:\/\/pool-house.shop\/de\/"},{"@type":"ListItem","position":2,"name":"Shop","item":"https:\/\/pool-house.shop\/de\/shop\/"},{"@type":"ListItem","position":3,"name":"BADU Prime 13, 3~"}]},{"@type":"WebSite","@id":"https:\/\/pool-house.shop\/de\/#website","url":"https:\/\/pool-house.shop\/de\/","name":"Pool-House","description":"","publisher":{"@id":"https:\/\/pool-house.shop\/de\/#organization"},"potentialAction":[{"@type":"SearchAction","target":{"@type":"EntryPoint","urlTemplate":"https:\/\/pool-house.shop\/de\/?s={search_term_string}"},"query-input":{"@type":"PropertyValueSpecification","valueRequired":true,"valueName":"search_term_string"}}],"inLanguage":"de"},{"@type":"Organization","@id":"https:\/\/pool-house.shop\/de\/#organization","name":"Pool-House","url":"https:\/\/pool-house.shop\/de\/","logo":{"@type":"ImageObject","inLanguage":"de","@id":"https:\/\/pool-house.shop\/de\/#\/schema\/logo\/image\/","url":"https:\/\/pool-house.shop\/wp-content\/uploads\/2025\/10\/logo-2-stvorec-mobil-modre.png","contentUrl":"https:\/\/pool-house.shop\/wp-content\/uploads\/2025\/10\/logo-2-stvorec-mobil-modre.png","width":273,"height":189,"caption":"Pool-House"},"image":{"@id":"https:\/\/pool-house.shop\/de\/#\/schema\/logo\/image\/"},"sameAs":["https:\/\/www.facebook.com\/termodomsk\/"]}]}},"_links":{"self":[{"href":"https:\/\/pool-house.shop\/de\/wp-json\/wp\/v2\/product\/8440","targetHints":{"allow":["GET"]}}],"collection":[{"href":"https:\/\/pool-house.shop\/de\/wp-json\/wp\/v2\/product"}],"about":[{"href":"https:\/\/pool-house.shop\/de\/wp-json\/wp\/v2\/types\/product"}],"wp:featuredmedia":[{"embeddable":true,"href":"https:\/\/pool-house.shop\/de\/wp-json\/wp\/v2\/media\/8442"}],"wp:attachment":[{"href":"https:\/\/pool-house.shop\/de\/wp-json\/wp\/v2\/media?parent=8440"}],"wp:term":[{"taxonomy":"product_brand","embeddable":true,"href":"https:\/\/pool-house.shop\/de\/wp-json\/wp\/v2\/product_brand?post=8440"},{"taxonomy":"product_cat","embeddable":true,"href":"https:\/\/pool-house.shop\/de\/wp-json\/wp\/v2\/product_cat?post=8440"},{"taxonomy":"product_tag","embeddable":true,"href":"https:\/\/pool-house.shop\/de\/wp-json\/wp\/v2\/product_tag?post=8440"}],"curies":[{"name":"wp","href":"https:\/\/api.w.org\/{rel}","templated":true}]}}