{"id":8946,"date":"2025-09-30T09:26:14","date_gmt":"2025-09-30T07:26:14","guid":{"rendered":"https:\/\/pool-house.shop\/product\/mr-pure-premium-mps22-ph-rx-orp-salzchlorinator-fuer-pools-bis-90-m%c2%b3\/"},"modified":"2025-09-30T09:26:14","modified_gmt":"2025-09-30T07:26:14","slug":"mr-pure-premium-mps22-ph-rx-orp-salzchlorinator-fuer-pools-bis-90-m%c2%b3","status":"publish","type":"product","link":"https:\/\/pool-house.shop\/de\/product\/mr-pure-premium-mps22-ph-rx-orp-salzchlorinator-fuer-pools-bis-90-m%c2%b3\/","title":{"rendered":"Mr. Pure Premium MPS22 &#8211; pH + Rx (ORP) \u2013 Salzchlorinator f\u00fcr Pools bis 90 m\u00b3"},"content":{"rendered":"<p>Mr. Pure Premium ist ein moderner Salzchlorinator zur Desinfektion von Poolwasser ohne den Einsatz von Chlortabletten. Dank der Salzelektrolyse produziert er direkt im Pool reines Chlor, das f\u00fcr kristallklares und hygienisch einwandfreies Wasser sorgt. <\/p>\n<p><strong>Hauptvorteile:<\/strong><\/p>\n<ul>\n<li>Automatische Chlorproduktion aus Salz<\/li>\n<li>Einfache Wartung und intuitive Bedienung<\/li>\n<li>Stabile Desinfektion ohne den typischen Chlorgeruch<\/li>\n<li>Schonend f\u00fcr Haut, Augen und Haare<\/li>\n<li>Geeignet f\u00fcr verschiedene Pooltypen<\/li>\n<\/ul>\n<p>Mr. Pure Premium ist eine zuverl\u00e4ssige und umweltfreundliche L\u00f6sung f\u00fcr alle, die gesundes Baden in sauberem Wasser mit minimalem Wartungsaufwand genie\u00dfen m\u00f6chten.<\/p>\n","protected":false},"excerpt":{"rendered":"<p>Mr. Pure Premium ist ein moderner Salzchlorinator zur Desinfektion von Poolwasser ohne den Einsatz von Chlortabletten. Dank der Salzelektrolyse produziert er direkt im Pool reines Chlor, das f\u00fcr kristallklares und hygienisch einwandfreies Wasser sorgt. Hauptvorteile: Automatische Chlorproduktion aus Salz Einfache Wartung und intuitive Bedienung Stabile Desinfektion ohne den typischen Chlorgeruch Schonend f\u00fcr Haut, Augen und &hellip;<\/p>\n<p class=\"read-more\"> <a class=\" thunk-readmore button \" href=\"https:\/\/pool-house.shop\/de\/product\/mr-pure-premium-mps22-ph-rx-orp-salzchlorinator-fuer-pools-bis-90-m%c2%b3\/\"> <span class=\"screen-reader-text\">Mr. Pure Premium MPS22 &#8211; pH + Rx (ORP) \u2013 Salzchlorinator f\u00fcr Pools bis 90 m\u00b3<\/span>Weiterlesen<\/a><\/p>\n","protected":false},"featured_media":8948,"template":"","meta":[],"product_brand":[],"product_cat":[358,357,15],"product_tag":[],"class_list":{"0":"post-8946","1":"product","2":"type-product","3":"status-publish","4":"has-post-thumbnail","6":"product_cat-salzelektrolysegerate","7":"product_cat-wasseraufbereitung","8":"product_cat-mr_pool_house","9":"thunk-woo-product-list","10":"open-woo-hover-none","11":"open-single-product-tab-horizontal","12":"open-shadow-","13":"open-shadow-hover-","15":"first","16":"instock","17":"taxable","18":"shipping-taxable","19":"purchasable","20":"product-type-simple"},"yoast_head":"<!-- This site is optimized with the Yoast SEO plugin v26.9 - https:\/\/yoast.com\/product\/yoast-seo-wordpress\/ -->\n<title>Mr. Pure Premium MPS22 - pH + Rx (ORP) \u2013 Salzchlorinator f\u00fcr Pools bis 90 m\u00b3 - Pool-House<\/title>\n<meta name=\"robots\" content=\"index, follow, max-snippet:-1, max-image-preview:large, max-video-preview:-1\" \/>\n<link rel=\"canonical\" href=\"https:\/\/pool-house.shop\/de\/product\/mr-pure-premium-mps22-ph-rx-orp-salzchlorinator-fuer-pools-bis-90-m%c2%b3\/\" \/>\n<meta property=\"og:locale\" content=\"de_DE\" \/>\n<meta property=\"og:type\" content=\"article\" \/>\n<meta property=\"og:title\" content=\"Mr. Pure Premium MPS22 - pH + Rx (ORP) \u2013 Salzchlorinator f\u00fcr Pools bis 90 m\u00b3 - Pool-House\" \/>\n<meta property=\"og:description\" content=\"Mr. Pure Premium ist ein moderner Salzchlorinator zur Desinfektion von Poolwasser ohne den Einsatz von Chlortabletten. Dank der Salzelektrolyse produziert er direkt im Pool reines Chlor, das f\u00fcr kristallklares und hygienisch einwandfreies Wasser sorgt. Hauptvorteile: Automatische Chlorproduktion aus Salz Einfache Wartung und intuitive Bedienung Stabile Desinfektion ohne den typischen Chlorgeruch Schonend f\u00fcr Haut, Augen und &hellip; Mr. Pure Premium MPS22 &#8211; pH + Rx (ORP) \u2013 Salzchlorinator f\u00fcr Pools bis 90 m\u00b3Weiterlesen\" \/>\n<meta property=\"og:url\" content=\"https:\/\/pool-house.shop\/de\/product\/mr-pure-premium-mps22-ph-rx-orp-salzchlorinator-fuer-pools-bis-90-m%c2%b3\/\" \/>\n<meta property=\"og:site_name\" content=\"Pool-House\" \/>\n<meta property=\"article:publisher\" content=\"https:\/\/www.facebook.com\/termodomsk\/\" \/>\n<meta property=\"og:image\" content=\"https:\/\/pool-house.shop\/wp-content\/uploads\/2025\/09\/Mr.Pure-4-scaled.png\" \/>\n\t<meta property=\"og:image:width\" content=\"2560\" \/>\n\t<meta property=\"og:image:height\" content=\"1860\" \/>\n\t<meta property=\"og:image:type\" content=\"image\/png\" \/>\n<meta name=\"twitter:card\" content=\"summary_large_image\" \/>\n<script type=\"application\/ld+json\" class=\"yoast-schema-graph\">{\"@context\":\"https:\/\/schema.org\",\"@graph\":[{\"@type\":\"WebPage\",\"@id\":\"https:\/\/pool-house.shop\/de\/product\/mr-pure-premium-mps22-ph-rx-orp-salzchlorinator-fuer-pools-bis-90-m%c2%b3\/\",\"url\":\"https:\/\/pool-house.shop\/de\/product\/mr-pure-premium-mps22-ph-rx-orp-salzchlorinator-fuer-pools-bis-90-m%c2%b3\/\",\"name\":\"Mr. Pure Premium MPS22 - pH + Rx (ORP) \u2013 Salzchlorinator f\u00fcr Pools bis 90 m\u00b3 - Pool-House\",\"isPartOf\":{\"@id\":\"https:\/\/pool-house.shop\/de\/#website\"},\"primaryImageOfPage\":{\"@id\":\"https:\/\/pool-house.shop\/de\/product\/mr-pure-premium-mps22-ph-rx-orp-salzchlorinator-fuer-pools-bis-90-m%c2%b3\/#primaryimage\"},\"image\":{\"@id\":\"https:\/\/pool-house.shop\/de\/product\/mr-pure-premium-mps22-ph-rx-orp-salzchlorinator-fuer-pools-bis-90-m%c2%b3\/#primaryimage\"},\"thumbnailUrl\":\"https:\/\/pool-house.shop\/wp-content\/uploads\/2025\/09\/Mr.Pure-4-scaled.png\",\"datePublished\":\"2025-09-30T07:26:14+00:00\",\"breadcrumb\":{\"@id\":\"https:\/\/pool-house.shop\/de\/product\/mr-pure-premium-mps22-ph-rx-orp-salzchlorinator-fuer-pools-bis-90-m%c2%b3\/#breadcrumb\"},\"inLanguage\":\"de\",\"potentialAction\":[{\"@type\":\"ReadAction\",\"target\":[\"https:\/\/pool-house.shop\/de\/product\/mr-pure-premium-mps22-ph-rx-orp-salzchlorinator-fuer-pools-bis-90-m%c2%b3\/\"]}]},{\"@type\":\"ImageObject\",\"inLanguage\":\"de\",\"@id\":\"https:\/\/pool-house.shop\/de\/product\/mr-pure-premium-mps22-ph-rx-orp-salzchlorinator-fuer-pools-bis-90-m%c2%b3\/#primaryimage\",\"url\":\"https:\/\/pool-house.shop\/wp-content\/uploads\/2025\/09\/Mr.Pure-4-scaled.png\",\"contentUrl\":\"https:\/\/pool-house.shop\/wp-content\/uploads\/2025\/09\/Mr.Pure-4-scaled.png\",\"width\":2560,\"height\":1860},{\"@type\":\"BreadcrumbList\",\"@id\":\"https:\/\/pool-house.shop\/de\/product\/mr-pure-premium-mps22-ph-rx-orp-salzchlorinator-fuer-pools-bis-90-m%c2%b3\/#breadcrumb\",\"itemListElement\":[{\"@type\":\"ListItem\",\"position\":1,\"name\":\"Domovsk\u00e1 str\u00e1nka\",\"item\":\"https:\/\/pool-house.shop\/de\/\"},{\"@type\":\"ListItem\",\"position\":2,\"name\":\"Shop\",\"item\":\"https:\/\/pool-house.shop\/de\/shop\/\"},{\"@type\":\"ListItem\",\"position\":3,\"name\":\"Mr. Pure Premium MPS22 &#8211; pH + Rx (ORP) \u2013 Salzchlorinator f\u00fcr Pools bis 90 m\u00b3\"}]},{\"@type\":\"WebSite\",\"@id\":\"https:\/\/pool-house.shop\/de\/#website\",\"url\":\"https:\/\/pool-house.shop\/de\/\",\"name\":\"Pool-House\",\"description\":\"\",\"publisher\":{\"@id\":\"https:\/\/pool-house.shop\/de\/#organization\"},\"potentialAction\":[{\"@type\":\"SearchAction\",\"target\":{\"@type\":\"EntryPoint\",\"urlTemplate\":\"https:\/\/pool-house.shop\/de\/?s={search_term_string}\"},\"query-input\":{\"@type\":\"PropertyValueSpecification\",\"valueRequired\":true,\"valueName\":\"search_term_string\"}}],\"inLanguage\":\"de\"},{\"@type\":\"Organization\",\"@id\":\"https:\/\/pool-house.shop\/de\/#organization\",\"name\":\"Pool-House\",\"url\":\"https:\/\/pool-house.shop\/de\/\",\"logo\":{\"@type\":\"ImageObject\",\"inLanguage\":\"de\",\"@id\":\"https:\/\/pool-house.shop\/de\/#\/schema\/logo\/image\/\",\"url\":\"https:\/\/pool-house.shop\/wp-content\/uploads\/2025\/10\/logo-2-stvorec-mobil-modre.png\",\"contentUrl\":\"https:\/\/pool-house.shop\/wp-content\/uploads\/2025\/10\/logo-2-stvorec-mobil-modre.png\",\"width\":273,\"height\":189,\"caption\":\"Pool-House\"},\"image\":{\"@id\":\"https:\/\/pool-house.shop\/de\/#\/schema\/logo\/image\/\"},\"sameAs\":[\"https:\/\/www.facebook.com\/termodomsk\/\"]}]}<\/script>\n<!-- \/ Yoast SEO plugin. -->","yoast_head_json":{"title":"Mr. Pure Premium MPS22 - pH + Rx (ORP) \u2013 Salzchlorinator f\u00fcr Pools bis 90 m\u00b3 - Pool-House","robots":{"index":"index","follow":"follow","max-snippet":"max-snippet:-1","max-image-preview":"max-image-preview:large","max-video-preview":"max-video-preview:-1"},"canonical":"https:\/\/pool-house.shop\/de\/product\/mr-pure-premium-mps22-ph-rx-orp-salzchlorinator-fuer-pools-bis-90-m%c2%b3\/","og_locale":"de_DE","og_type":"article","og_title":"Mr. Pure Premium MPS22 - pH + Rx (ORP) \u2013 Salzchlorinator f\u00fcr Pools bis 90 m\u00b3 - Pool-House","og_description":"Mr. Pure Premium ist ein moderner Salzchlorinator zur Desinfektion von Poolwasser ohne den Einsatz von Chlortabletten. Dank der Salzelektrolyse produziert er direkt im Pool reines Chlor, das f\u00fcr kristallklares und hygienisch einwandfreies Wasser sorgt. Hauptvorteile: Automatische Chlorproduktion aus Salz Einfache Wartung und intuitive Bedienung Stabile Desinfektion ohne den typischen Chlorgeruch Schonend f\u00fcr Haut, Augen und &hellip; Mr. Pure Premium MPS22 &#8211; pH + Rx (ORP) \u2013 Salzchlorinator f\u00fcr Pools bis 90 m\u00b3Weiterlesen","og_url":"https:\/\/pool-house.shop\/de\/product\/mr-pure-premium-mps22-ph-rx-orp-salzchlorinator-fuer-pools-bis-90-m%c2%b3\/","og_site_name":"Pool-House","article_publisher":"https:\/\/www.facebook.com\/termodomsk\/","og_image":[{"width":2560,"height":1860,"url":"https:\/\/pool-house.shop\/wp-content\/uploads\/2025\/09\/Mr.Pure-4-scaled.png","type":"image\/png"}],"twitter_card":"summary_large_image","schema":{"@context":"https:\/\/schema.org","@graph":[{"@type":"WebPage","@id":"https:\/\/pool-house.shop\/de\/product\/mr-pure-premium-mps22-ph-rx-orp-salzchlorinator-fuer-pools-bis-90-m%c2%b3\/","url":"https:\/\/pool-house.shop\/de\/product\/mr-pure-premium-mps22-ph-rx-orp-salzchlorinator-fuer-pools-bis-90-m%c2%b3\/","name":"Mr. Pure Premium MPS22 - pH + Rx (ORP) \u2013 Salzchlorinator f\u00fcr Pools bis 90 m\u00b3 - Pool-House","isPartOf":{"@id":"https:\/\/pool-house.shop\/de\/#website"},"primaryImageOfPage":{"@id":"https:\/\/pool-house.shop\/de\/product\/mr-pure-premium-mps22-ph-rx-orp-salzchlorinator-fuer-pools-bis-90-m%c2%b3\/#primaryimage"},"image":{"@id":"https:\/\/pool-house.shop\/de\/product\/mr-pure-premium-mps22-ph-rx-orp-salzchlorinator-fuer-pools-bis-90-m%c2%b3\/#primaryimage"},"thumbnailUrl":"https:\/\/pool-house.shop\/wp-content\/uploads\/2025\/09\/Mr.Pure-4-scaled.png","datePublished":"2025-09-30T07:26:14+00:00","breadcrumb":{"@id":"https:\/\/pool-house.shop\/de\/product\/mr-pure-premium-mps22-ph-rx-orp-salzchlorinator-fuer-pools-bis-90-m%c2%b3\/#breadcrumb"},"inLanguage":"de","potentialAction":[{"@type":"ReadAction","target":["https:\/\/pool-house.shop\/de\/product\/mr-pure-premium-mps22-ph-rx-orp-salzchlorinator-fuer-pools-bis-90-m%c2%b3\/"]}]},{"@type":"ImageObject","inLanguage":"de","@id":"https:\/\/pool-house.shop\/de\/product\/mr-pure-premium-mps22-ph-rx-orp-salzchlorinator-fuer-pools-bis-90-m%c2%b3\/#primaryimage","url":"https:\/\/pool-house.shop\/wp-content\/uploads\/2025\/09\/Mr.Pure-4-scaled.png","contentUrl":"https:\/\/pool-house.shop\/wp-content\/uploads\/2025\/09\/Mr.Pure-4-scaled.png","width":2560,"height":1860},{"@type":"BreadcrumbList","@id":"https:\/\/pool-house.shop\/de\/product\/mr-pure-premium-mps22-ph-rx-orp-salzchlorinator-fuer-pools-bis-90-m%c2%b3\/#breadcrumb","itemListElement":[{"@type":"ListItem","position":1,"name":"Domovsk\u00e1 str\u00e1nka","item":"https:\/\/pool-house.shop\/de\/"},{"@type":"ListItem","position":2,"name":"Shop","item":"https:\/\/pool-house.shop\/de\/shop\/"},{"@type":"ListItem","position":3,"name":"Mr. Pure Premium MPS22 &#8211; pH + Rx (ORP) \u2013 Salzchlorinator f\u00fcr Pools bis 90 m\u00b3"}]},{"@type":"WebSite","@id":"https:\/\/pool-house.shop\/de\/#website","url":"https:\/\/pool-house.shop\/de\/","name":"Pool-House","description":"","publisher":{"@id":"https:\/\/pool-house.shop\/de\/#organization"},"potentialAction":[{"@type":"SearchAction","target":{"@type":"EntryPoint","urlTemplate":"https:\/\/pool-house.shop\/de\/?s={search_term_string}"},"query-input":{"@type":"PropertyValueSpecification","valueRequired":true,"valueName":"search_term_string"}}],"inLanguage":"de"},{"@type":"Organization","@id":"https:\/\/pool-house.shop\/de\/#organization","name":"Pool-House","url":"https:\/\/pool-house.shop\/de\/","logo":{"@type":"ImageObject","inLanguage":"de","@id":"https:\/\/pool-house.shop\/de\/#\/schema\/logo\/image\/","url":"https:\/\/pool-house.shop\/wp-content\/uploads\/2025\/10\/logo-2-stvorec-mobil-modre.png","contentUrl":"https:\/\/pool-house.shop\/wp-content\/uploads\/2025\/10\/logo-2-stvorec-mobil-modre.png","width":273,"height":189,"caption":"Pool-House"},"image":{"@id":"https:\/\/pool-house.shop\/de\/#\/schema\/logo\/image\/"},"sameAs":["https:\/\/www.facebook.com\/termodomsk\/"]}]}},"_links":{"self":[{"href":"https:\/\/pool-house.shop\/de\/wp-json\/wp\/v2\/product\/8946","targetHints":{"allow":["GET"]}}],"collection":[{"href":"https:\/\/pool-house.shop\/de\/wp-json\/wp\/v2\/product"}],"about":[{"href":"https:\/\/pool-house.shop\/de\/wp-json\/wp\/v2\/types\/product"}],"wp:featuredmedia":[{"embeddable":true,"href":"https:\/\/pool-house.shop\/de\/wp-json\/wp\/v2\/media\/8948"}],"wp:attachment":[{"href":"https:\/\/pool-house.shop\/de\/wp-json\/wp\/v2\/media?parent=8946"}],"wp:term":[{"taxonomy":"product_brand","embeddable":true,"href":"https:\/\/pool-house.shop\/de\/wp-json\/wp\/v2\/product_brand?post=8946"},{"taxonomy":"product_cat","embeddable":true,"href":"https:\/\/pool-house.shop\/de\/wp-json\/wp\/v2\/product_cat?post=8946"},{"taxonomy":"product_tag","embeddable":true,"href":"https:\/\/pool-house.shop\/de\/wp-json\/wp\/v2\/product_tag?post=8946"}],"curies":[{"name":"wp","href":"https:\/\/api.w.org\/{rel}","templated":true}]}}