{"id":8964,"date":"2025-09-30T09:37:13","date_gmt":"2025-09-30T07:37:13","guid":{"rendered":"https:\/\/pool-house.shop\/product\/automatisches-6-wege-ventil-mr-wash-24s\/"},"modified":"2025-09-30T09:37:13","modified_gmt":"2025-09-30T07:37:13","slug":"automatisches-6-wege-ventil-mr-wash-24s","status":"publish","type":"product","link":"https:\/\/pool-house.shop\/de\/product\/automatisches-6-wege-ventil-mr-wash-24s\/","title":{"rendered":"Automatisches 6-Wege-Ventil Mr.Wash 24S"},"content":{"rendered":"<p data-start=\"37\" data-end=\"253\">Wasserfiltration, verschiedene Reinigungsmodi f\u00fcr das Filtersystem und automatische Funktionsumschaltung \u2013 all das bietet das 6-Wege-Ventil Mr.Wash. Es spart Ihnen Zeit und M\u00fche.  <\/p>\n<p data-start=\"255\" data-end=\"315\"><strong data-start=\"255\" data-end=\"313\">6 Funktionen, die sich um Ihr Wasser und Filtersystem k\u00fcmmern.<\/strong><\/p>\n<ul data-start=\"316\" data-end=\"566\">\n<li data-start=\"316\" data-end=\"364\">\n<p data-start=\"318\" data-end=\"364\">Sie k\u00f6nnen das System \u00fcber eine mobile App steuern.<\/p>\n<\/li>\n<li data-start=\"365\" data-end=\"417\">\n<p data-start=\"367\" data-end=\"417\">Sie verbinden es mit Ihrem Smart Home.<\/p>\n<\/li>\n<li data-start=\"418\" data-end=\"461\">\n<p data-start=\"420\" data-end=\"461\">Die Automatisierung minimiert das Fehlerrisiko.<\/p>\n<\/li>\n<li data-start=\"462\" data-end=\"512\">\n<p data-start=\"464\" data-end=\"512\">Es optimiert die Filtration und erh\u00f6ht die Wasserqualit\u00e4t.<\/p>\n<\/li>\n<li data-start=\"513\" data-end=\"566\">\n<p data-start=\"515\" data-end=\"566\">Sie k\u00f6nnen es an Inverter- und klassische Pumpen anschlie\u00dfen.<\/p>\n<\/li>\n<\/ul>\n<p data-start=\"568\" data-end=\"630\" data-is-last-node=\"\" data-is-only-node=\"\"><strong data-start=\"568\" data-end=\"604\">Qualit\u00e4t und Service ohne Kompromisse<\/strong><\/p>\n<p data-start=\"568\" data-end=\"630\" data-is-last-node=\"\" data-is-only-node=\"\">5 Jahre Garantie.<\/p>\n","protected":false},"excerpt":{"rendered":"<p>Wasserfiltration, verschiedene Reinigungsmodi f\u00fcr das Filtersystem und automatische Funktionsumschaltung \u2013 all das bietet das 6-Wege-Ventil Mr.Wash. Es spart Ihnen Zeit und M\u00fche. 6 Funktionen, die sich um Ihr Wasser und Filtersystem k\u00fcmmern. Sie k\u00f6nnen das System \u00fcber eine mobile App steuern. Sie verbinden es mit Ihrem Smart Home. Die Automatisierung minimiert das Fehlerrisiko. Es optimiert &hellip;<\/p>\n<p class=\"read-more\"> <a class=\" thunk-readmore button \" href=\"https:\/\/pool-house.shop\/de\/product\/automatisches-6-wege-ventil-mr-wash-24s\/\"> <span class=\"screen-reader-text\">Automatisches 6-Wege-Ventil Mr.Wash 24S<\/span>Weiterlesen<\/a><\/p>\n","protected":false},"featured_media":5818,"template":"","meta":[],"product_brand":[],"product_cat":[15],"product_tag":[],"class_list":{"0":"post-8964","1":"product","2":"type-product","3":"status-publish","4":"has-post-thumbnail","6":"product_cat-mr_pool_house","7":"thunk-woo-product-list","8":"open-woo-hover-none","9":"open-single-product-tab-horizontal","10":"open-shadow-","11":"open-shadow-hover-","13":"first","14":"instock","15":"taxable","16":"shipping-taxable","17":"purchasable","18":"product-type-simple"},"yoast_head":"<!-- This site is optimized with the Yoast SEO plugin v26.9 - https:\/\/yoast.com\/product\/yoast-seo-wordpress\/ -->\n<title>Automatisches 6-Wege-Ventil Mr.Wash 24S - Pool-House<\/title>\n<meta name=\"robots\" content=\"index, follow, max-snippet:-1, max-image-preview:large, max-video-preview:-1\" \/>\n<link rel=\"canonical\" href=\"https:\/\/pool-house.shop\/de\/product\/automatisches-6-wege-ventil-mr-wash-24s\/\" \/>\n<meta property=\"og:locale\" content=\"de_DE\" \/>\n<meta property=\"og:type\" content=\"article\" \/>\n<meta property=\"og:title\" content=\"Automatisches 6-Wege-Ventil Mr.Wash 24S - Pool-House\" \/>\n<meta property=\"og:description\" content=\"Wasserfiltration, verschiedene Reinigungsmodi f\u00fcr das Filtersystem und automatische Funktionsumschaltung \u2013 all das bietet das 6-Wege-Ventil Mr.Wash. Es spart Ihnen Zeit und M\u00fche. 6 Funktionen, die sich um Ihr Wasser und Filtersystem k\u00fcmmern. Sie k\u00f6nnen das System \u00fcber eine mobile App steuern. Sie verbinden es mit Ihrem Smart Home. Die Automatisierung minimiert das Fehlerrisiko. Es optimiert &hellip; Automatisches 6-Wege-Ventil Mr.Wash 24SWeiterlesen\" \/>\n<meta property=\"og:url\" content=\"https:\/\/pool-house.shop\/de\/product\/automatisches-6-wege-ventil-mr-wash-24s\/\" \/>\n<meta property=\"og:site_name\" content=\"Pool-House\" \/>\n<meta property=\"article:publisher\" content=\"https:\/\/www.facebook.com\/termodomsk\/\" \/>\n<meta property=\"og:image\" content=\"https:\/\/pool-house.shop\/wp-content\/uploads\/2025\/09\/Mr.Wash-4-scaled.png\" \/>\n\t<meta property=\"og:image:width\" content=\"2560\" \/>\n\t<meta property=\"og:image:height\" content=\"1675\" \/>\n\t<meta property=\"og:image:type\" content=\"image\/png\" \/>\n<meta name=\"twitter:card\" content=\"summary_large_image\" \/>\n<script type=\"application\/ld+json\" class=\"yoast-schema-graph\">{\"@context\":\"https:\/\/schema.org\",\"@graph\":[{\"@type\":\"WebPage\",\"@id\":\"https:\/\/pool-house.shop\/de\/product\/automatisches-6-wege-ventil-mr-wash-24s\/\",\"url\":\"https:\/\/pool-house.shop\/de\/product\/automatisches-6-wege-ventil-mr-wash-24s\/\",\"name\":\"Automatisches 6-Wege-Ventil Mr.Wash 24S - Pool-House\",\"isPartOf\":{\"@id\":\"https:\/\/pool-house.shop\/de\/#website\"},\"primaryImageOfPage\":{\"@id\":\"https:\/\/pool-house.shop\/de\/product\/automatisches-6-wege-ventil-mr-wash-24s\/#primaryimage\"},\"image\":{\"@id\":\"https:\/\/pool-house.shop\/de\/product\/automatisches-6-wege-ventil-mr-wash-24s\/#primaryimage\"},\"thumbnailUrl\":\"https:\/\/pool-house.shop\/wp-content\/uploads\/2025\/09\/Mr.Wash-4-scaled.png\",\"datePublished\":\"2025-09-30T07:37:13+00:00\",\"breadcrumb\":{\"@id\":\"https:\/\/pool-house.shop\/de\/product\/automatisches-6-wege-ventil-mr-wash-24s\/#breadcrumb\"},\"inLanguage\":\"de\",\"potentialAction\":[{\"@type\":\"ReadAction\",\"target\":[\"https:\/\/pool-house.shop\/de\/product\/automatisches-6-wege-ventil-mr-wash-24s\/\"]}]},{\"@type\":\"ImageObject\",\"inLanguage\":\"de\",\"@id\":\"https:\/\/pool-house.shop\/de\/product\/automatisches-6-wege-ventil-mr-wash-24s\/#primaryimage\",\"url\":\"https:\/\/pool-house.shop\/wp-content\/uploads\/2025\/09\/Mr.Wash-4-scaled.png\",\"contentUrl\":\"https:\/\/pool-house.shop\/wp-content\/uploads\/2025\/09\/Mr.Wash-4-scaled.png\",\"width\":2560,\"height\":1675},{\"@type\":\"BreadcrumbList\",\"@id\":\"https:\/\/pool-house.shop\/de\/product\/automatisches-6-wege-ventil-mr-wash-24s\/#breadcrumb\",\"itemListElement\":[{\"@type\":\"ListItem\",\"position\":1,\"name\":\"Domovsk\u00e1 str\u00e1nka\",\"item\":\"https:\/\/pool-house.shop\/de\/\"},{\"@type\":\"ListItem\",\"position\":2,\"name\":\"Shop\",\"item\":\"https:\/\/pool-house.shop\/de\/shop\/\"},{\"@type\":\"ListItem\",\"position\":3,\"name\":\"Automatisches 6-Wege-Ventil Mr.Wash 24S\"}]},{\"@type\":\"WebSite\",\"@id\":\"https:\/\/pool-house.shop\/de\/#website\",\"url\":\"https:\/\/pool-house.shop\/de\/\",\"name\":\"Pool-House\",\"description\":\"\",\"publisher\":{\"@id\":\"https:\/\/pool-house.shop\/de\/#organization\"},\"potentialAction\":[{\"@type\":\"SearchAction\",\"target\":{\"@type\":\"EntryPoint\",\"urlTemplate\":\"https:\/\/pool-house.shop\/de\/?s={search_term_string}\"},\"query-input\":{\"@type\":\"PropertyValueSpecification\",\"valueRequired\":true,\"valueName\":\"search_term_string\"}}],\"inLanguage\":\"de\"},{\"@type\":\"Organization\",\"@id\":\"https:\/\/pool-house.shop\/de\/#organization\",\"name\":\"Pool-House\",\"url\":\"https:\/\/pool-house.shop\/de\/\",\"logo\":{\"@type\":\"ImageObject\",\"inLanguage\":\"de\",\"@id\":\"https:\/\/pool-house.shop\/de\/#\/schema\/logo\/image\/\",\"url\":\"https:\/\/pool-house.shop\/wp-content\/uploads\/2025\/10\/logo-2-stvorec-mobil-modre.png\",\"contentUrl\":\"https:\/\/pool-house.shop\/wp-content\/uploads\/2025\/10\/logo-2-stvorec-mobil-modre.png\",\"width\":273,\"height\":189,\"caption\":\"Pool-House\"},\"image\":{\"@id\":\"https:\/\/pool-house.shop\/de\/#\/schema\/logo\/image\/\"},\"sameAs\":[\"https:\/\/www.facebook.com\/termodomsk\/\"]}]}<\/script>\n<!-- \/ Yoast SEO plugin. -->","yoast_head_json":{"title":"Automatisches 6-Wege-Ventil Mr.Wash 24S - Pool-House","robots":{"index":"index","follow":"follow","max-snippet":"max-snippet:-1","max-image-preview":"max-image-preview:large","max-video-preview":"max-video-preview:-1"},"canonical":"https:\/\/pool-house.shop\/de\/product\/automatisches-6-wege-ventil-mr-wash-24s\/","og_locale":"de_DE","og_type":"article","og_title":"Automatisches 6-Wege-Ventil Mr.Wash 24S - Pool-House","og_description":"Wasserfiltration, verschiedene Reinigungsmodi f\u00fcr das Filtersystem und automatische Funktionsumschaltung \u2013 all das bietet das 6-Wege-Ventil Mr.Wash. Es spart Ihnen Zeit und M\u00fche. 6 Funktionen, die sich um Ihr Wasser und Filtersystem k\u00fcmmern. Sie k\u00f6nnen das System \u00fcber eine mobile App steuern. Sie verbinden es mit Ihrem Smart Home. Die Automatisierung minimiert das Fehlerrisiko. Es optimiert &hellip; Automatisches 6-Wege-Ventil Mr.Wash 24SWeiterlesen","og_url":"https:\/\/pool-house.shop\/de\/product\/automatisches-6-wege-ventil-mr-wash-24s\/","og_site_name":"Pool-House","article_publisher":"https:\/\/www.facebook.com\/termodomsk\/","og_image":[{"width":2560,"height":1675,"url":"https:\/\/pool-house.shop\/wp-content\/uploads\/2025\/09\/Mr.Wash-4-scaled.png","type":"image\/png"}],"twitter_card":"summary_large_image","schema":{"@context":"https:\/\/schema.org","@graph":[{"@type":"WebPage","@id":"https:\/\/pool-house.shop\/de\/product\/automatisches-6-wege-ventil-mr-wash-24s\/","url":"https:\/\/pool-house.shop\/de\/product\/automatisches-6-wege-ventil-mr-wash-24s\/","name":"Automatisches 6-Wege-Ventil Mr.Wash 24S - Pool-House","isPartOf":{"@id":"https:\/\/pool-house.shop\/de\/#website"},"primaryImageOfPage":{"@id":"https:\/\/pool-house.shop\/de\/product\/automatisches-6-wege-ventil-mr-wash-24s\/#primaryimage"},"image":{"@id":"https:\/\/pool-house.shop\/de\/product\/automatisches-6-wege-ventil-mr-wash-24s\/#primaryimage"},"thumbnailUrl":"https:\/\/pool-house.shop\/wp-content\/uploads\/2025\/09\/Mr.Wash-4-scaled.png","datePublished":"2025-09-30T07:37:13+00:00","breadcrumb":{"@id":"https:\/\/pool-house.shop\/de\/product\/automatisches-6-wege-ventil-mr-wash-24s\/#breadcrumb"},"inLanguage":"de","potentialAction":[{"@type":"ReadAction","target":["https:\/\/pool-house.shop\/de\/product\/automatisches-6-wege-ventil-mr-wash-24s\/"]}]},{"@type":"ImageObject","inLanguage":"de","@id":"https:\/\/pool-house.shop\/de\/product\/automatisches-6-wege-ventil-mr-wash-24s\/#primaryimage","url":"https:\/\/pool-house.shop\/wp-content\/uploads\/2025\/09\/Mr.Wash-4-scaled.png","contentUrl":"https:\/\/pool-house.shop\/wp-content\/uploads\/2025\/09\/Mr.Wash-4-scaled.png","width":2560,"height":1675},{"@type":"BreadcrumbList","@id":"https:\/\/pool-house.shop\/de\/product\/automatisches-6-wege-ventil-mr-wash-24s\/#breadcrumb","itemListElement":[{"@type":"ListItem","position":1,"name":"Domovsk\u00e1 str\u00e1nka","item":"https:\/\/pool-house.shop\/de\/"},{"@type":"ListItem","position":2,"name":"Shop","item":"https:\/\/pool-house.shop\/de\/shop\/"},{"@type":"ListItem","position":3,"name":"Automatisches 6-Wege-Ventil Mr.Wash 24S"}]},{"@type":"WebSite","@id":"https:\/\/pool-house.shop\/de\/#website","url":"https:\/\/pool-house.shop\/de\/","name":"Pool-House","description":"","publisher":{"@id":"https:\/\/pool-house.shop\/de\/#organization"},"potentialAction":[{"@type":"SearchAction","target":{"@type":"EntryPoint","urlTemplate":"https:\/\/pool-house.shop\/de\/?s={search_term_string}"},"query-input":{"@type":"PropertyValueSpecification","valueRequired":true,"valueName":"search_term_string"}}],"inLanguage":"de"},{"@type":"Organization","@id":"https:\/\/pool-house.shop\/de\/#organization","name":"Pool-House","url":"https:\/\/pool-house.shop\/de\/","logo":{"@type":"ImageObject","inLanguage":"de","@id":"https:\/\/pool-house.shop\/de\/#\/schema\/logo\/image\/","url":"https:\/\/pool-house.shop\/wp-content\/uploads\/2025\/10\/logo-2-stvorec-mobil-modre.png","contentUrl":"https:\/\/pool-house.shop\/wp-content\/uploads\/2025\/10\/logo-2-stvorec-mobil-modre.png","width":273,"height":189,"caption":"Pool-House"},"image":{"@id":"https:\/\/pool-house.shop\/de\/#\/schema\/logo\/image\/"},"sameAs":["https:\/\/www.facebook.com\/termodomsk\/"]}]}},"_links":{"self":[{"href":"https:\/\/pool-house.shop\/de\/wp-json\/wp\/v2\/product\/8964","targetHints":{"allow":["GET"]}}],"collection":[{"href":"https:\/\/pool-house.shop\/de\/wp-json\/wp\/v2\/product"}],"about":[{"href":"https:\/\/pool-house.shop\/de\/wp-json\/wp\/v2\/types\/product"}],"wp:featuredmedia":[{"embeddable":true,"href":"https:\/\/pool-house.shop\/de\/wp-json\/wp\/v2\/media\/5818"}],"wp:attachment":[{"href":"https:\/\/pool-house.shop\/de\/wp-json\/wp\/v2\/media?parent=8964"}],"wp:term":[{"taxonomy":"product_brand","embeddable":true,"href":"https:\/\/pool-house.shop\/de\/wp-json\/wp\/v2\/product_brand?post=8964"},{"taxonomy":"product_cat","embeddable":true,"href":"https:\/\/pool-house.shop\/de\/wp-json\/wp\/v2\/product_cat?post=8964"},{"taxonomy":"product_tag","embeddable":true,"href":"https:\/\/pool-house.shop\/de\/wp-json\/wp\/v2\/product_tag?post=8964"}],"curies":[{"name":"wp","href":"https:\/\/api.w.org\/{rel}","templated":true}]}}