{"id":8999,"date":"2025-04-08T12:27:43","date_gmt":"2025-04-08T10:27:43","guid":{"rendered":"https:\/\/pool-house.shop\/product\/applikator-fuer-fluessig-pvc\/"},"modified":"2026-02-03T14:57:13","modified_gmt":"2026-02-03T13:57:13","slug":"applikator-fuer-fluessig-pvc","status":"publish","type":"product","link":"https:\/\/pool-house.shop\/de\/product\/applikator-fuer-fluessig-pvc\/","title":{"rendered":"Applikator f\u00fcr Fl\u00fcssig-PVC"},"content":{"rendered":"<p>Tropfflasche<\/p>\n<p> Eine Tropfflasche ist ein kleiner Beh\u00e4lter aus Kunststoff, dessen Konstruktion die tropfenweise Dosierung von Fl\u00fcssigkeiten erm\u00f6glicht. Dadurch wird der Umgang mit Chemikalien sicherer, insbesondere bei reizenden oder toxischen Substanzen. Sie kann den kontrollierten Einsatz von Chemikalien f\u00f6rdern, wodurch \u00fcberm\u00e4\u00dfiger Verbrauch oder Verschwendung reduziert wird.  <\/p>\n<p> Bei der Installation von Poolfolie ist die Tropfflasche ein n\u00fctzliches Werkzeug zur pr\u00e4zisen tropfenweisen Dosierung von Klebstoff.<\/p>\n","protected":false},"excerpt":{"rendered":"<p>Tropfflasche<\/p>\n<p> Eine Tropfflasche ist ein kleiner Beh\u00e4lter aus Kunststoff, dessen Konstruktion die tropfenweise Dosierung von Fl\u00fcssigkeiten erm\u00f6glicht. Dadurch wird der Umgang mit Chemikalien sicherer, insbesondere bei reizenden oder toxischen Substanzen. Sie kann den kontrollierten Einsatz von Chemikalien f\u00f6rdern, wodurch \u00fcberm\u00e4\u00dfiger Verbrauch oder Verschwendung reduziert wird.  <\/p>\n<p> Bei der Installation von Poolfolie ist die Tropfflasche ein n\u00fctzliches Werkzeug zur pr\u00e4zisen tropfenweisen Dosierung von Klebstoff.<\/p>\n","protected":false},"featured_media":4365,"template":"","meta":[],"product_brand":[],"product_cat":[210,211,282,225,298],"product_tag":[],"class_list":{"0":"post-8999","1":"product","2":"type-product","3":"status-publish","4":"has-post-thumbnail","6":"product_cat-poolfolien-und-zubehor","7":"product_cat-renolit-alkorplan","8":"product_cat-zubehor-3","9":"product_cat-soprema-pool","10":"product_cat-zubehor-sopremapool","11":"thunk-woo-product-list","12":"open-woo-hover-none","13":"open-single-product-tab-horizontal","14":"open-shadow-","15":"open-shadow-hover-","17":"first","18":"instock","19":"taxable","20":"shipping-taxable","21":"purchasable","22":"product-type-simple"},"yoast_head":"<!-- This site is optimized with the Yoast SEO plugin v26.9 - https:\/\/yoast.com\/product\/yoast-seo-wordpress\/ -->\n<title>Applikator f\u00fcr Fl\u00fcssig-PVC - Pool-House<\/title>\n<meta name=\"robots\" content=\"index, follow, max-snippet:-1, max-image-preview:large, max-video-preview:-1\" \/>\n<link rel=\"canonical\" href=\"https:\/\/pool-house.shop\/de\/product\/applikator-fuer-fluessig-pvc\/\" \/>\n<meta property=\"og:locale\" content=\"de_DE\" \/>\n<meta property=\"og:type\" content=\"article\" \/>\n<meta property=\"og:title\" content=\"Applikator f\u00fcr Fl\u00fcssig-PVC - Pool-House\" \/>\n<meta property=\"og:description\" content=\"Tropfflasche  Eine Tropfflasche ist ein kleiner Beh\u00e4lter aus Kunststoff, dessen Konstruktion die tropfenweise Dosierung von Fl\u00fcssigkeiten erm\u00f6glicht. Dadurch wird der Umgang mit Chemikalien sicherer, insbesondere bei reizenden oder toxischen Substanzen. Sie kann den kontrollierten Einsatz von Chemikalien f\u00f6rdern, wodurch \u00fcberm\u00e4\u00dfiger Verbrauch oder Verschwendung reduziert wird.   Bei der Installation von Poolfolie ist die Tropfflasche ein n\u00fctzliches Werkzeug zur pr\u00e4zisen tropfenweisen Dosierung von Klebstoff.\" \/>\n<meta property=\"og:url\" content=\"https:\/\/pool-house.shop\/de\/product\/applikator-fuer-fluessig-pvc\/\" \/>\n<meta property=\"og:site_name\" content=\"Pool-House\" \/>\n<meta property=\"article:publisher\" content=\"https:\/\/www.facebook.com\/termodomsk\/\" \/>\n<meta property=\"article:modified_time\" content=\"2026-02-03T13:57:13+00:00\" \/>\n<meta property=\"og:image\" content=\"https:\/\/pool-house.shop\/wp-content\/uploads\/2025\/04\/160499.png\" \/>\n\t<meta property=\"og:image:width\" content=\"1000\" \/>\n\t<meta property=\"og:image:height\" content=\"1000\" \/>\n\t<meta property=\"og:image:type\" content=\"image\/png\" \/>\n<meta name=\"twitter:card\" content=\"summary_large_image\" \/>\n<script type=\"application\/ld+json\" class=\"yoast-schema-graph\">{\"@context\":\"https:\/\/schema.org\",\"@graph\":[{\"@type\":\"WebPage\",\"@id\":\"https:\/\/pool-house.shop\/de\/product\/applikator-fuer-fluessig-pvc\/\",\"url\":\"https:\/\/pool-house.shop\/de\/product\/applikator-fuer-fluessig-pvc\/\",\"name\":\"Applikator f\u00fcr Fl\u00fcssig-PVC - Pool-House\",\"isPartOf\":{\"@id\":\"https:\/\/pool-house.shop\/de\/#website\"},\"primaryImageOfPage\":{\"@id\":\"https:\/\/pool-house.shop\/de\/product\/applikator-fuer-fluessig-pvc\/#primaryimage\"},\"image\":{\"@id\":\"https:\/\/pool-house.shop\/de\/product\/applikator-fuer-fluessig-pvc\/#primaryimage\"},\"thumbnailUrl\":\"https:\/\/pool-house.shop\/wp-content\/uploads\/2025\/04\/160499.png\",\"datePublished\":\"2025-04-08T10:27:43+00:00\",\"dateModified\":\"2026-02-03T13:57:13+00:00\",\"breadcrumb\":{\"@id\":\"https:\/\/pool-house.shop\/de\/product\/applikator-fuer-fluessig-pvc\/#breadcrumb\"},\"inLanguage\":\"de\",\"potentialAction\":[{\"@type\":\"ReadAction\",\"target\":[\"https:\/\/pool-house.shop\/de\/product\/applikator-fuer-fluessig-pvc\/\"]}]},{\"@type\":\"ImageObject\",\"inLanguage\":\"de\",\"@id\":\"https:\/\/pool-house.shop\/de\/product\/applikator-fuer-fluessig-pvc\/#primaryimage\",\"url\":\"https:\/\/pool-house.shop\/wp-content\/uploads\/2025\/04\/160499.png\",\"contentUrl\":\"https:\/\/pool-house.shop\/wp-content\/uploads\/2025\/04\/160499.png\",\"width\":1000,\"height\":1000},{\"@type\":\"BreadcrumbList\",\"@id\":\"https:\/\/pool-house.shop\/de\/product\/applikator-fuer-fluessig-pvc\/#breadcrumb\",\"itemListElement\":[{\"@type\":\"ListItem\",\"position\":1,\"name\":\"Domovsk\u00e1 str\u00e1nka\",\"item\":\"https:\/\/pool-house.shop\/de\/\"},{\"@type\":\"ListItem\",\"position\":2,\"name\":\"Shop\",\"item\":\"https:\/\/pool-house.shop\/de\/shop\/\"},{\"@type\":\"ListItem\",\"position\":3,\"name\":\"Applikator f\u00fcr Fl\u00fcssig-PVC\"}]},{\"@type\":\"WebSite\",\"@id\":\"https:\/\/pool-house.shop\/de\/#website\",\"url\":\"https:\/\/pool-house.shop\/de\/\",\"name\":\"Pool-House\",\"description\":\"\",\"publisher\":{\"@id\":\"https:\/\/pool-house.shop\/de\/#organization\"},\"potentialAction\":[{\"@type\":\"SearchAction\",\"target\":{\"@type\":\"EntryPoint\",\"urlTemplate\":\"https:\/\/pool-house.shop\/de\/?s={search_term_string}\"},\"query-input\":{\"@type\":\"PropertyValueSpecification\",\"valueRequired\":true,\"valueName\":\"search_term_string\"}}],\"inLanguage\":\"de\"},{\"@type\":\"Organization\",\"@id\":\"https:\/\/pool-house.shop\/de\/#organization\",\"name\":\"Pool-House\",\"url\":\"https:\/\/pool-house.shop\/de\/\",\"logo\":{\"@type\":\"ImageObject\",\"inLanguage\":\"de\",\"@id\":\"https:\/\/pool-house.shop\/de\/#\/schema\/logo\/image\/\",\"url\":\"https:\/\/pool-house.shop\/wp-content\/uploads\/2025\/10\/logo-2-stvorec-mobil-modre.png\",\"contentUrl\":\"https:\/\/pool-house.shop\/wp-content\/uploads\/2025\/10\/logo-2-stvorec-mobil-modre.png\",\"width\":273,\"height\":189,\"caption\":\"Pool-House\"},\"image\":{\"@id\":\"https:\/\/pool-house.shop\/de\/#\/schema\/logo\/image\/\"},\"sameAs\":[\"https:\/\/www.facebook.com\/termodomsk\/\"]}]}<\/script>\n<!-- \/ Yoast SEO plugin. -->","yoast_head_json":{"title":"Applikator f\u00fcr Fl\u00fcssig-PVC - Pool-House","robots":{"index":"index","follow":"follow","max-snippet":"max-snippet:-1","max-image-preview":"max-image-preview:large","max-video-preview":"max-video-preview:-1"},"canonical":"https:\/\/pool-house.shop\/de\/product\/applikator-fuer-fluessig-pvc\/","og_locale":"de_DE","og_type":"article","og_title":"Applikator f\u00fcr Fl\u00fcssig-PVC - Pool-House","og_description":"Tropfflasche  Eine Tropfflasche ist ein kleiner Beh\u00e4lter aus Kunststoff, dessen Konstruktion die tropfenweise Dosierung von Fl\u00fcssigkeiten erm\u00f6glicht. Dadurch wird der Umgang mit Chemikalien sicherer, insbesondere bei reizenden oder toxischen Substanzen. Sie kann den kontrollierten Einsatz von Chemikalien f\u00f6rdern, wodurch \u00fcberm\u00e4\u00dfiger Verbrauch oder Verschwendung reduziert wird.   Bei der Installation von Poolfolie ist die Tropfflasche ein n\u00fctzliches Werkzeug zur pr\u00e4zisen tropfenweisen Dosierung von Klebstoff.","og_url":"https:\/\/pool-house.shop\/de\/product\/applikator-fuer-fluessig-pvc\/","og_site_name":"Pool-House","article_publisher":"https:\/\/www.facebook.com\/termodomsk\/","article_modified_time":"2026-02-03T13:57:13+00:00","og_image":[{"width":1000,"height":1000,"url":"https:\/\/pool-house.shop\/wp-content\/uploads\/2025\/04\/160499.png","type":"image\/png"}],"twitter_card":"summary_large_image","schema":{"@context":"https:\/\/schema.org","@graph":[{"@type":"WebPage","@id":"https:\/\/pool-house.shop\/de\/product\/applikator-fuer-fluessig-pvc\/","url":"https:\/\/pool-house.shop\/de\/product\/applikator-fuer-fluessig-pvc\/","name":"Applikator f\u00fcr Fl\u00fcssig-PVC - Pool-House","isPartOf":{"@id":"https:\/\/pool-house.shop\/de\/#website"},"primaryImageOfPage":{"@id":"https:\/\/pool-house.shop\/de\/product\/applikator-fuer-fluessig-pvc\/#primaryimage"},"image":{"@id":"https:\/\/pool-house.shop\/de\/product\/applikator-fuer-fluessig-pvc\/#primaryimage"},"thumbnailUrl":"https:\/\/pool-house.shop\/wp-content\/uploads\/2025\/04\/160499.png","datePublished":"2025-04-08T10:27:43+00:00","dateModified":"2026-02-03T13:57:13+00:00","breadcrumb":{"@id":"https:\/\/pool-house.shop\/de\/product\/applikator-fuer-fluessig-pvc\/#breadcrumb"},"inLanguage":"de","potentialAction":[{"@type":"ReadAction","target":["https:\/\/pool-house.shop\/de\/product\/applikator-fuer-fluessig-pvc\/"]}]},{"@type":"ImageObject","inLanguage":"de","@id":"https:\/\/pool-house.shop\/de\/product\/applikator-fuer-fluessig-pvc\/#primaryimage","url":"https:\/\/pool-house.shop\/wp-content\/uploads\/2025\/04\/160499.png","contentUrl":"https:\/\/pool-house.shop\/wp-content\/uploads\/2025\/04\/160499.png","width":1000,"height":1000},{"@type":"BreadcrumbList","@id":"https:\/\/pool-house.shop\/de\/product\/applikator-fuer-fluessig-pvc\/#breadcrumb","itemListElement":[{"@type":"ListItem","position":1,"name":"Domovsk\u00e1 str\u00e1nka","item":"https:\/\/pool-house.shop\/de\/"},{"@type":"ListItem","position":2,"name":"Shop","item":"https:\/\/pool-house.shop\/de\/shop\/"},{"@type":"ListItem","position":3,"name":"Applikator f\u00fcr Fl\u00fcssig-PVC"}]},{"@type":"WebSite","@id":"https:\/\/pool-house.shop\/de\/#website","url":"https:\/\/pool-house.shop\/de\/","name":"Pool-House","description":"","publisher":{"@id":"https:\/\/pool-house.shop\/de\/#organization"},"potentialAction":[{"@type":"SearchAction","target":{"@type":"EntryPoint","urlTemplate":"https:\/\/pool-house.shop\/de\/?s={search_term_string}"},"query-input":{"@type":"PropertyValueSpecification","valueRequired":true,"valueName":"search_term_string"}}],"inLanguage":"de"},{"@type":"Organization","@id":"https:\/\/pool-house.shop\/de\/#organization","name":"Pool-House","url":"https:\/\/pool-house.shop\/de\/","logo":{"@type":"ImageObject","inLanguage":"de","@id":"https:\/\/pool-house.shop\/de\/#\/schema\/logo\/image\/","url":"https:\/\/pool-house.shop\/wp-content\/uploads\/2025\/10\/logo-2-stvorec-mobil-modre.png","contentUrl":"https:\/\/pool-house.shop\/wp-content\/uploads\/2025\/10\/logo-2-stvorec-mobil-modre.png","width":273,"height":189,"caption":"Pool-House"},"image":{"@id":"https:\/\/pool-house.shop\/de\/#\/schema\/logo\/image\/"},"sameAs":["https:\/\/www.facebook.com\/termodomsk\/"]}]}},"_links":{"self":[{"href":"https:\/\/pool-house.shop\/de\/wp-json\/wp\/v2\/product\/8999","targetHints":{"allow":["GET"]}}],"collection":[{"href":"https:\/\/pool-house.shop\/de\/wp-json\/wp\/v2\/product"}],"about":[{"href":"https:\/\/pool-house.shop\/de\/wp-json\/wp\/v2\/types\/product"}],"wp:featuredmedia":[{"embeddable":true,"href":"https:\/\/pool-house.shop\/de\/wp-json\/wp\/v2\/media\/4365"}],"wp:attachment":[{"href":"https:\/\/pool-house.shop\/de\/wp-json\/wp\/v2\/media?parent=8999"}],"wp:term":[{"taxonomy":"product_brand","embeddable":true,"href":"https:\/\/pool-house.shop\/de\/wp-json\/wp\/v2\/product_brand?post=8999"},{"taxonomy":"product_cat","embeddable":true,"href":"https:\/\/pool-house.shop\/de\/wp-json\/wp\/v2\/product_cat?post=8999"},{"taxonomy":"product_tag","embeddable":true,"href":"https:\/\/pool-house.shop\/de\/wp-json\/wp\/v2\/product_tag?post=8999"}],"curies":[{"name":"wp","href":"https:\/\/api.w.org\/{rel}","templated":true}]}}