{"id":9801,"date":"2025-04-08T12:25:27","date_gmt":"2025-04-08T10:25:27","guid":{"rendered":"https:\/\/pool-house.shop\/product\/gridsoap-waermepumpenreiniger-1l\/"},"modified":"2025-04-08T12:25:27","modified_gmt":"2025-04-08T10:25:27","slug":"gridsoap-waermepumpenreiniger-1l","status":"publish","type":"product","link":"https:\/\/pool-house.shop\/de\/product\/gridsoap-waermepumpenreiniger-1l\/","title":{"rendered":"Gridsoap W\u00e4rmepumpenreiniger 1l"},"content":{"rendered":"<p>Gridsoap W\u00e4rmepumpenreiniger<\/p>\n<p> Ein \u00e4u\u00dferst wirksames Reinigungsmittel, das die Lamellen des W\u00e4rmetauschers in nur 10 Minuten perfekt reinigt. Zudem enth\u00e4lt es keine sch\u00e4dlichen Chemikalien f\u00fcr Umwelt oder Benutzer. <\/p>\n<p>  Vorteile von GridSoap:<br \/>\n &#8211; Reinigt die Lamellen der W\u00e4rmepumpe schnell und effektiv<br \/>\n &#8211; Biologisch abbaubar, schadet weder der Natur noch dem Benutzer.<br \/>\n  &#8211; Saubere Lamellen erm\u00f6glichen einen optimalen Betrieb der W\u00e4rmepumpe<br \/>\n  &#8211; Freier Luftstrom und ein ausgeglichenes System reduzieren die Eisbildung<br \/>\n  &#8211; Lamellen mit einer Schutzschicht \u00fcberziehen<br \/>\n &#8211; Energieeffizienter, somit kosteng\u00fcnstiger Betrieb<\/p>\n<p> Optimaler und energieeffizienter Betrieb<br \/>\n Durch GridSoap gereinigte Lamellen gew\u00e4hrleisten einen perfekten Luftstrom, wodurch der Energieverbrauch auf einem optimalen Niveau bleibt, was zu besserer Leistung und energieeffizientem Betrieb f\u00fchrt.<\/p>\n<p>  Minimale Eisbildung<br \/>\n Freier Luftstrom und ein ausgeglichenes System reduzieren die Eisbildung.<\/p>\n<p>  Keine Besch\u00e4digung<br \/>\n Die Reinigung mit Hochdruckwasser oder anderen mechanischen Mitteln f\u00fchrt zu irreversiblen Verformungen der Lamellen.<br \/>\n  GridSoap reinigt effektiv zwischen den Lamellen und sogar in der Kondensationszone, ohne die Lamellen zu besch\u00e4digen.<\/p>\n<p>  Schutzschicht<br \/>\n GridSoap \u00fcberzieht die Lamellen mit einer Schutzschicht, die das Anhaften von Schmutz erschwert und gleichzeitig vor Korrosion sch\u00fctzt.<\/p>\n","protected":false},"excerpt":{"rendered":"<p>Gridsoap W\u00e4rmepumpenreiniger<\/p>\n<p> Ein \u00e4u\u00dferst wirksames Reinigungsmittel, das die Lamellen des W\u00e4rmetauschers in nur 10 Minuten perfekt reinigt. Zudem enth\u00e4lt es keine sch\u00e4dlichen Chemikalien f\u00fcr Umwelt oder Benutzer. <\/p>\n<p>  Vorteile von GridSoap:<br \/>\n &#8211; Reinigt die Lamellen der W\u00e4rmepumpe schnell und effektiv<br \/>\n &#8211; Biologisch abbaubar, schadet weder der Natur noch dem Benutzer.<br \/>\n  &#8211; Saubere Lamellen erm\u00f6glichen einen optimalen Betrieb der W\u00e4rmepumpe<br \/>\n  &#8211; Freier Luftstrom und ein ausgeglichenes System reduzieren die Eisbildung<br \/>\n  &#8211; Lamellen mit einer Schutzschicht \u00fcberziehen<br \/>\n &#8211; Energieeffizienter, somit kosteng\u00fcnstiger Betrieb<\/p>\n<p> Optimaler und energieeffizienter Betrieb<br \/>\n Durch GridSoap gereinigte Lamellen gew\u00e4hrleisten einen perfekten Luftstrom, wodurch der Energieverbrauch auf einem optimalen Niveau bleibt, was zu besserer Leistung und energieeffizientem Betrieb f\u00fchrt.<\/p>\n<p>  Minimale Eisbildung<br \/>\n Freier Luftstrom und ein ausgeglichenes System reduzieren die Eisbildung.<\/p>\n<p>  Keine Besch\u00e4digung<br \/>\n Die Reinigung mit Hochdruckwasser oder anderen mechanischen Mitteln f\u00fchrt zu irreversiblen Verformungen der Lamellen.<br \/>\n  GridSoap reinigt effektiv zwischen den Lamellen und sogar in der Kondensationszone, ohne die Lamellen zu besch\u00e4digen.<\/p>\n<p>  Schutzschicht<br \/>\n GridSoap \u00fcberzieht die Lamellen mit einer Schutzschicht, die das Anhaften von Schmutz erschwert und gleichzeitig vor Korrosion sch\u00fctzt.<\/p>\n","protected":false},"featured_media":9796,"template":"","meta":[],"product_brand":[],"product_cat":[337,271],"product_tag":[],"class_list":{"0":"post-9801","1":"product","2":"type-product","3":"status-publish","4":"has-post-thumbnail","6":"product_cat-reinigungsmittel","7":"product_cat-poolchemie","8":"thunk-woo-product-list","9":"open-woo-hover-none","10":"open-single-product-tab-horizontal","11":"open-shadow-","12":"open-shadow-hover-","14":"first","15":"instock","16":"taxable","17":"shipping-taxable","18":"purchasable","19":"product-type-simple"},"yoast_head":"<!-- This site is optimized with the Yoast SEO plugin v26.9 - https:\/\/yoast.com\/product\/yoast-seo-wordpress\/ -->\n<title>Gridsoap W\u00e4rmepumpenreiniger 1l - Pool-House<\/title>\n<meta name=\"robots\" content=\"index, follow, max-snippet:-1, max-image-preview:large, max-video-preview:-1\" \/>\n<link rel=\"canonical\" href=\"https:\/\/pool-house.shop\/de\/product\/gridsoap-waermepumpenreiniger-1l\/\" \/>\n<meta property=\"og:locale\" content=\"de_DE\" \/>\n<meta property=\"og:type\" content=\"article\" \/>\n<meta property=\"og:title\" content=\"Gridsoap W\u00e4rmepumpenreiniger 1l - Pool-House\" \/>\n<meta property=\"og:description\" content=\"Gridsoap W\u00e4rmepumpenreiniger  Ein \u00e4u\u00dferst wirksames Reinigungsmittel, das die Lamellen des W\u00e4rmetauschers in nur 10 Minuten perfekt reinigt. Zudem enth\u00e4lt es keine sch\u00e4dlichen Chemikalien f\u00fcr Umwelt oder Benutzer.   Vorteile von GridSoap: - Reinigt die Lamellen der W\u00e4rmepumpe schnell und effektiv - Biologisch abbaubar, schadet weder der Natur noch dem Benutzer.  - Saubere Lamellen erm\u00f6glichen einen optimalen Betrieb der W\u00e4rmepumpe  - Freier Luftstrom und ein ausgeglichenes System reduzieren die Eisbildung  - Lamellen mit einer Schutzschicht \u00fcberziehen - Energieeffizienter, somit kosteng\u00fcnstiger Betrieb  Optimaler und energieeffizienter Betrieb Durch GridSoap gereinigte Lamellen gew\u00e4hrleisten einen perfekten Luftstrom, wodurch der Energieverbrauch auf einem optimalen Niveau bleibt, was zu besserer Leistung und energieeffizientem Betrieb f\u00fchrt.   Minimale Eisbildung Freier Luftstrom und ein ausgeglichenes System reduzieren die Eisbildung.   Keine Besch\u00e4digung Die Reinigung mit Hochdruckwasser oder anderen mechanischen Mitteln f\u00fchrt zu irreversiblen Verformungen der Lamellen.  GridSoap reinigt effektiv zwischen den Lamellen und sogar in der Kondensationszone, ohne die Lamellen zu besch\u00e4digen.   Schutzschicht GridSoap \u00fcberzieht die Lamellen mit einer Schutzschicht, die das Anhaften von Schmutz erschwert und gleichzeitig vor Korrosion sch\u00fctzt.\" \/>\n<meta property=\"og:url\" content=\"https:\/\/pool-house.shop\/de\/product\/gridsoap-waermepumpenreiniger-1l\/\" \/>\n<meta property=\"og:site_name\" content=\"Pool-House\" \/>\n<meta property=\"article:publisher\" content=\"https:\/\/www.facebook.com\/termodomsk\/\" \/>\n<meta property=\"og:image\" content=\"https:\/\/pool-house.shop\/wp-content\/uploads\/2025\/04\/155515.png\" \/>\n\t<meta property=\"og:image:width\" content=\"1000\" \/>\n\t<meta property=\"og:image:height\" content=\"1000\" \/>\n\t<meta property=\"og:image:type\" content=\"image\/png\" \/>\n<meta name=\"twitter:card\" content=\"summary_large_image\" \/>\n<meta name=\"twitter:label1\" content=\"Gesch\u00e4tzte Lesezeit\" \/>\n\t<meta name=\"twitter:data1\" content=\"1\u00a0Minute\" \/>\n<script type=\"application\/ld+json\" class=\"yoast-schema-graph\">{\"@context\":\"https:\/\/schema.org\",\"@graph\":[{\"@type\":\"WebPage\",\"@id\":\"https:\/\/pool-house.shop\/de\/product\/gridsoap-waermepumpenreiniger-1l\/\",\"url\":\"https:\/\/pool-house.shop\/de\/product\/gridsoap-waermepumpenreiniger-1l\/\",\"name\":\"Gridsoap W\u00e4rmepumpenreiniger 1l - Pool-House\",\"isPartOf\":{\"@id\":\"https:\/\/pool-house.shop\/de\/#website\"},\"primaryImageOfPage\":{\"@id\":\"https:\/\/pool-house.shop\/de\/product\/gridsoap-waermepumpenreiniger-1l\/#primaryimage\"},\"image\":{\"@id\":\"https:\/\/pool-house.shop\/de\/product\/gridsoap-waermepumpenreiniger-1l\/#primaryimage\"},\"thumbnailUrl\":\"https:\/\/pool-house.shop\/wp-content\/uploads\/2025\/04\/155515.png\",\"datePublished\":\"2025-04-08T10:25:27+00:00\",\"breadcrumb\":{\"@id\":\"https:\/\/pool-house.shop\/de\/product\/gridsoap-waermepumpenreiniger-1l\/#breadcrumb\"},\"inLanguage\":\"de\",\"potentialAction\":[{\"@type\":\"ReadAction\",\"target\":[\"https:\/\/pool-house.shop\/de\/product\/gridsoap-waermepumpenreiniger-1l\/\"]}]},{\"@type\":\"ImageObject\",\"inLanguage\":\"de\",\"@id\":\"https:\/\/pool-house.shop\/de\/product\/gridsoap-waermepumpenreiniger-1l\/#primaryimage\",\"url\":\"https:\/\/pool-house.shop\/wp-content\/uploads\/2025\/04\/155515.png\",\"contentUrl\":\"https:\/\/pool-house.shop\/wp-content\/uploads\/2025\/04\/155515.png\",\"width\":1000,\"height\":1000},{\"@type\":\"BreadcrumbList\",\"@id\":\"https:\/\/pool-house.shop\/de\/product\/gridsoap-waermepumpenreiniger-1l\/#breadcrumb\",\"itemListElement\":[{\"@type\":\"ListItem\",\"position\":1,\"name\":\"Domovsk\u00e1 str\u00e1nka\",\"item\":\"https:\/\/pool-house.shop\/de\/\"},{\"@type\":\"ListItem\",\"position\":2,\"name\":\"Shop\",\"item\":\"https:\/\/pool-house.shop\/de\/shop\/\"},{\"@type\":\"ListItem\",\"position\":3,\"name\":\"Gridsoap W\u00e4rmepumpenreiniger 1l\"}]},{\"@type\":\"WebSite\",\"@id\":\"https:\/\/pool-house.shop\/de\/#website\",\"url\":\"https:\/\/pool-house.shop\/de\/\",\"name\":\"Pool-House\",\"description\":\"\",\"publisher\":{\"@id\":\"https:\/\/pool-house.shop\/de\/#organization\"},\"potentialAction\":[{\"@type\":\"SearchAction\",\"target\":{\"@type\":\"EntryPoint\",\"urlTemplate\":\"https:\/\/pool-house.shop\/de\/?s={search_term_string}\"},\"query-input\":{\"@type\":\"PropertyValueSpecification\",\"valueRequired\":true,\"valueName\":\"search_term_string\"}}],\"inLanguage\":\"de\"},{\"@type\":\"Organization\",\"@id\":\"https:\/\/pool-house.shop\/de\/#organization\",\"name\":\"Pool-House\",\"url\":\"https:\/\/pool-house.shop\/de\/\",\"logo\":{\"@type\":\"ImageObject\",\"inLanguage\":\"de\",\"@id\":\"https:\/\/pool-house.shop\/de\/#\/schema\/logo\/image\/\",\"url\":\"https:\/\/pool-house.shop\/wp-content\/uploads\/2025\/10\/logo-2-stvorec-mobil-modre.png\",\"contentUrl\":\"https:\/\/pool-house.shop\/wp-content\/uploads\/2025\/10\/logo-2-stvorec-mobil-modre.png\",\"width\":273,\"height\":189,\"caption\":\"Pool-House\"},\"image\":{\"@id\":\"https:\/\/pool-house.shop\/de\/#\/schema\/logo\/image\/\"},\"sameAs\":[\"https:\/\/www.facebook.com\/termodomsk\/\"]}]}<\/script>\n<!-- \/ Yoast SEO plugin. -->","yoast_head_json":{"title":"Gridsoap W\u00e4rmepumpenreiniger 1l - Pool-House","robots":{"index":"index","follow":"follow","max-snippet":"max-snippet:-1","max-image-preview":"max-image-preview:large","max-video-preview":"max-video-preview:-1"},"canonical":"https:\/\/pool-house.shop\/de\/product\/gridsoap-waermepumpenreiniger-1l\/","og_locale":"de_DE","og_type":"article","og_title":"Gridsoap W\u00e4rmepumpenreiniger 1l - Pool-House","og_description":"Gridsoap W\u00e4rmepumpenreiniger  Ein \u00e4u\u00dferst wirksames Reinigungsmittel, das die Lamellen des W\u00e4rmetauschers in nur 10 Minuten perfekt reinigt. Zudem enth\u00e4lt es keine sch\u00e4dlichen Chemikalien f\u00fcr Umwelt oder Benutzer.   Vorteile von GridSoap: - Reinigt die Lamellen der W\u00e4rmepumpe schnell und effektiv - Biologisch abbaubar, schadet weder der Natur noch dem Benutzer.  - Saubere Lamellen erm\u00f6glichen einen optimalen Betrieb der W\u00e4rmepumpe  - Freier Luftstrom und ein ausgeglichenes System reduzieren die Eisbildung  - Lamellen mit einer Schutzschicht \u00fcberziehen - Energieeffizienter, somit kosteng\u00fcnstiger Betrieb  Optimaler und energieeffizienter Betrieb Durch GridSoap gereinigte Lamellen gew\u00e4hrleisten einen perfekten Luftstrom, wodurch der Energieverbrauch auf einem optimalen Niveau bleibt, was zu besserer Leistung und energieeffizientem Betrieb f\u00fchrt.   Minimale Eisbildung Freier Luftstrom und ein ausgeglichenes System reduzieren die Eisbildung.   Keine Besch\u00e4digung Die Reinigung mit Hochdruckwasser oder anderen mechanischen Mitteln f\u00fchrt zu irreversiblen Verformungen der Lamellen.  GridSoap reinigt effektiv zwischen den Lamellen und sogar in der Kondensationszone, ohne die Lamellen zu besch\u00e4digen.   Schutzschicht GridSoap \u00fcberzieht die Lamellen mit einer Schutzschicht, die das Anhaften von Schmutz erschwert und gleichzeitig vor Korrosion sch\u00fctzt.","og_url":"https:\/\/pool-house.shop\/de\/product\/gridsoap-waermepumpenreiniger-1l\/","og_site_name":"Pool-House","article_publisher":"https:\/\/www.facebook.com\/termodomsk\/","og_image":[{"width":1000,"height":1000,"url":"https:\/\/pool-house.shop\/wp-content\/uploads\/2025\/04\/155515.png","type":"image\/png"}],"twitter_card":"summary_large_image","twitter_misc":{"Gesch\u00e4tzte Lesezeit":"1\u00a0Minute"},"schema":{"@context":"https:\/\/schema.org","@graph":[{"@type":"WebPage","@id":"https:\/\/pool-house.shop\/de\/product\/gridsoap-waermepumpenreiniger-1l\/","url":"https:\/\/pool-house.shop\/de\/product\/gridsoap-waermepumpenreiniger-1l\/","name":"Gridsoap W\u00e4rmepumpenreiniger 1l - Pool-House","isPartOf":{"@id":"https:\/\/pool-house.shop\/de\/#website"},"primaryImageOfPage":{"@id":"https:\/\/pool-house.shop\/de\/product\/gridsoap-waermepumpenreiniger-1l\/#primaryimage"},"image":{"@id":"https:\/\/pool-house.shop\/de\/product\/gridsoap-waermepumpenreiniger-1l\/#primaryimage"},"thumbnailUrl":"https:\/\/pool-house.shop\/wp-content\/uploads\/2025\/04\/155515.png","datePublished":"2025-04-08T10:25:27+00:00","breadcrumb":{"@id":"https:\/\/pool-house.shop\/de\/product\/gridsoap-waermepumpenreiniger-1l\/#breadcrumb"},"inLanguage":"de","potentialAction":[{"@type":"ReadAction","target":["https:\/\/pool-house.shop\/de\/product\/gridsoap-waermepumpenreiniger-1l\/"]}]},{"@type":"ImageObject","inLanguage":"de","@id":"https:\/\/pool-house.shop\/de\/product\/gridsoap-waermepumpenreiniger-1l\/#primaryimage","url":"https:\/\/pool-house.shop\/wp-content\/uploads\/2025\/04\/155515.png","contentUrl":"https:\/\/pool-house.shop\/wp-content\/uploads\/2025\/04\/155515.png","width":1000,"height":1000},{"@type":"BreadcrumbList","@id":"https:\/\/pool-house.shop\/de\/product\/gridsoap-waermepumpenreiniger-1l\/#breadcrumb","itemListElement":[{"@type":"ListItem","position":1,"name":"Domovsk\u00e1 str\u00e1nka","item":"https:\/\/pool-house.shop\/de\/"},{"@type":"ListItem","position":2,"name":"Shop","item":"https:\/\/pool-house.shop\/de\/shop\/"},{"@type":"ListItem","position":3,"name":"Gridsoap W\u00e4rmepumpenreiniger 1l"}]},{"@type":"WebSite","@id":"https:\/\/pool-house.shop\/de\/#website","url":"https:\/\/pool-house.shop\/de\/","name":"Pool-House","description":"","publisher":{"@id":"https:\/\/pool-house.shop\/de\/#organization"},"potentialAction":[{"@type":"SearchAction","target":{"@type":"EntryPoint","urlTemplate":"https:\/\/pool-house.shop\/de\/?s={search_term_string}"},"query-input":{"@type":"PropertyValueSpecification","valueRequired":true,"valueName":"search_term_string"}}],"inLanguage":"de"},{"@type":"Organization","@id":"https:\/\/pool-house.shop\/de\/#organization","name":"Pool-House","url":"https:\/\/pool-house.shop\/de\/","logo":{"@type":"ImageObject","inLanguage":"de","@id":"https:\/\/pool-house.shop\/de\/#\/schema\/logo\/image\/","url":"https:\/\/pool-house.shop\/wp-content\/uploads\/2025\/10\/logo-2-stvorec-mobil-modre.png","contentUrl":"https:\/\/pool-house.shop\/wp-content\/uploads\/2025\/10\/logo-2-stvorec-mobil-modre.png","width":273,"height":189,"caption":"Pool-House"},"image":{"@id":"https:\/\/pool-house.shop\/de\/#\/schema\/logo\/image\/"},"sameAs":["https:\/\/www.facebook.com\/termodomsk\/"]}]}},"_links":{"self":[{"href":"https:\/\/pool-house.shop\/de\/wp-json\/wp\/v2\/product\/9801","targetHints":{"allow":["GET"]}}],"collection":[{"href":"https:\/\/pool-house.shop\/de\/wp-json\/wp\/v2\/product"}],"about":[{"href":"https:\/\/pool-house.shop\/de\/wp-json\/wp\/v2\/types\/product"}],"wp:featuredmedia":[{"embeddable":true,"href":"https:\/\/pool-house.shop\/de\/wp-json\/wp\/v2\/media\/9796"}],"wp:attachment":[{"href":"https:\/\/pool-house.shop\/de\/wp-json\/wp\/v2\/media?parent=9801"}],"wp:term":[{"taxonomy":"product_brand","embeddable":true,"href":"https:\/\/pool-house.shop\/de\/wp-json\/wp\/v2\/product_brand?post=9801"},{"taxonomy":"product_cat","embeddable":true,"href":"https:\/\/pool-house.shop\/de\/wp-json\/wp\/v2\/product_cat?post=9801"},{"taxonomy":"product_tag","embeddable":true,"href":"https:\/\/pool-house.shop\/de\/wp-json\/wp\/v2\/product_tag?post=9801"}],"curies":[{"name":"wp","href":"https:\/\/api.w.org\/{rel}","templated":true}]}}