{"id":9808,"date":"2025-04-08T12:25:26","date_gmt":"2025-04-08T10:25:26","guid":{"rendered":"https:\/\/pool-house.shop\/product\/fix-a-leak-1-kg\/"},"modified":"2025-04-08T12:25:26","modified_gmt":"2025-04-08T10:25:26","slug":"fix-a-leak-1-kg","status":"publish","type":"product","link":"https:\/\/pool-house.shop\/de\/product\/fix-a-leak-1-kg\/","title":{"rendered":"Fix a Leak 1 kg"},"content":{"rendered":"<p>Fix a Leak &#8211; Leckdichter<\/p>\n<p> FIX-A-LEAK ist eine konzentrierte, patentierte Mischung, die Lecks praktisch auf jedem Material abdichten kann. Es kann zur Abdichtung von Lecks an Poolw\u00e4nden verwendet werden und funktioniert ebenso gut bei Rohrleitungen. Es kann auch L\u00f6cher und Risse mit einem Durchmesser von 3 mm abdichten. Es bildet einen dauerhaften Verschluss.   <\/p>\n<p> Diese Mischung ist in der Lage, Haarrisse und Risse in jedem Pool ohne Entleerung oder andere Arbeiten abzudichten. Nach Zugabe ins Wasser kommt es mit Luftsauerstoff in Kontakt und h\u00e4rtet aus, wodurch die L\u00fccke geschlossen wird.<br \/>\n In vielen F\u00e4llen hilft es, einen Lecksuchdienst zu vermeiden. Es besch\u00e4digt Salzgeneratoren, Heizungen, Pumpen oder Filter nicht. Die endg\u00fcltige H\u00e4rte wird innerhalb von 48 Stunden erreicht.  <\/p>\n<p> Ein Liter des Leckreparaturmittels kann f\u00fcr kleinere Lecks bis zu einem Poolvolumen von 80 m\u00b3 ausreichen. Bei gr\u00f6\u00dferen Lecks \u00fcberschreiten Sie 1 Liter pro 20 m\u00b3 nicht. <\/p>\n","protected":false},"excerpt":{"rendered":"<p>Fix a Leak &#8211; Leckdichter<\/p>\n<p> FIX-A-LEAK ist eine konzentrierte, patentierte Mischung, die Lecks praktisch auf jedem Material abdichten kann. Es kann zur Abdichtung von Lecks an Poolw\u00e4nden verwendet werden und funktioniert ebenso gut bei Rohrleitungen. Es kann auch L\u00f6cher und Risse mit einem Durchmesser von 3 mm abdichten. Es bildet einen dauerhaften Verschluss.   <\/p>\n<p> Diese Mischung ist in der Lage, Haarrisse und Risse in jedem Pool ohne Entleerung oder andere Arbeiten abzudichten. Nach Zugabe ins Wasser kommt es mit Luftsauerstoff in Kontakt und h\u00e4rtet aus, wodurch die L\u00fccke geschlossen wird.<br \/>\n In vielen F\u00e4llen hilft es, einen Lecksuchdienst zu vermeiden. Es besch\u00e4digt Salzgeneratoren, Heizungen, Pumpen oder Filter nicht. Die endg\u00fcltige H\u00e4rte wird innerhalb von 48 Stunden erreicht.  <\/p>\n<p> Ein Liter des Leckreparaturmittels kann f\u00fcr kleinere Lecks bis zu einem Poolvolumen von 80 m\u00b3 ausreichen. Bei gr\u00f6\u00dferen Lecks \u00fcberschreiten Sie 1 Liter pro 20 m\u00b3 nicht. <\/p>\n","protected":false},"featured_media":4342,"template":"","meta":[],"product_brand":[],"product_cat":[271],"product_tag":[],"class_list":{"0":"post-9808","1":"product","2":"type-product","3":"status-publish","4":"has-post-thumbnail","6":"product_cat-poolchemie","7":"thunk-woo-product-list","8":"open-woo-hover-none","9":"open-single-product-tab-horizontal","10":"open-shadow-","11":"open-shadow-hover-","13":"first","14":"instock","15":"taxable","16":"shipping-taxable","17":"purchasable","18":"product-type-simple"},"yoast_head":"<!-- This site is optimized with the Yoast SEO plugin v26.9 - https:\/\/yoast.com\/product\/yoast-seo-wordpress\/ -->\n<title>Fix a Leak 1 kg - Pool-House<\/title>\n<meta name=\"robots\" content=\"index, follow, max-snippet:-1, max-image-preview:large, max-video-preview:-1\" \/>\n<link rel=\"canonical\" href=\"https:\/\/pool-house.shop\/de\/product\/fix-a-leak-1-kg\/\" \/>\n<meta property=\"og:locale\" content=\"de_DE\" \/>\n<meta property=\"og:type\" content=\"article\" \/>\n<meta property=\"og:title\" content=\"Fix a Leak 1 kg - Pool-House\" \/>\n<meta property=\"og:description\" content=\"Fix a Leak - Leckdichter  FIX-A-LEAK ist eine konzentrierte, patentierte Mischung, die Lecks praktisch auf jedem Material abdichten kann. Es kann zur Abdichtung von Lecks an Poolw\u00e4nden verwendet werden und funktioniert ebenso gut bei Rohrleitungen. Es kann auch L\u00f6cher und Risse mit einem Durchmesser von 3 mm abdichten. Es bildet einen dauerhaften Verschluss.    Diese Mischung ist in der Lage, Haarrisse und Risse in jedem Pool ohne Entleerung oder andere Arbeiten abzudichten. Nach Zugabe ins Wasser kommt es mit Luftsauerstoff in Kontakt und h\u00e4rtet aus, wodurch die L\u00fccke geschlossen wird.  In vielen F\u00e4llen hilft es, einen Lecksuchdienst zu vermeiden. Es besch\u00e4digt Salzgeneratoren, Heizungen, Pumpen oder Filter nicht. Die endg\u00fcltige H\u00e4rte wird innerhalb von 48 Stunden erreicht.   Ein Liter des Leckreparaturmittels kann f\u00fcr kleinere Lecks bis zu einem Poolvolumen von 80 m\u00b3 ausreichen. Bei gr\u00f6\u00dferen Lecks \u00fcberschreiten Sie 1 Liter pro 20 m\u00b3 nicht.\" \/>\n<meta property=\"og:url\" content=\"https:\/\/pool-house.shop\/de\/product\/fix-a-leak-1-kg\/\" \/>\n<meta property=\"og:site_name\" content=\"Pool-House\" \/>\n<meta property=\"article:publisher\" content=\"https:\/\/www.facebook.com\/termodomsk\/\" \/>\n<meta property=\"og:image\" content=\"https:\/\/pool-house.shop\/wp-content\/uploads\/2025\/04\/155514.png\" \/>\n\t<meta property=\"og:image:width\" content=\"250\" \/>\n\t<meta property=\"og:image:height\" content=\"600\" \/>\n\t<meta property=\"og:image:type\" content=\"image\/png\" \/>\n<meta name=\"twitter:card\" content=\"summary_large_image\" \/>\n<meta name=\"twitter:label1\" content=\"Gesch\u00e4tzte Lesezeit\" \/>\n\t<meta name=\"twitter:data1\" content=\"1\u00a0Minute\" \/>\n<script type=\"application\/ld+json\" class=\"yoast-schema-graph\">{\"@context\":\"https:\/\/schema.org\",\"@graph\":[{\"@type\":\"WebPage\",\"@id\":\"https:\/\/pool-house.shop\/de\/product\/fix-a-leak-1-kg\/\",\"url\":\"https:\/\/pool-house.shop\/de\/product\/fix-a-leak-1-kg\/\",\"name\":\"Fix a Leak 1 kg - Pool-House\",\"isPartOf\":{\"@id\":\"https:\/\/pool-house.shop\/de\/#website\"},\"primaryImageOfPage\":{\"@id\":\"https:\/\/pool-house.shop\/de\/product\/fix-a-leak-1-kg\/#primaryimage\"},\"image\":{\"@id\":\"https:\/\/pool-house.shop\/de\/product\/fix-a-leak-1-kg\/#primaryimage\"},\"thumbnailUrl\":\"https:\/\/pool-house.shop\/wp-content\/uploads\/2025\/04\/155514.png\",\"datePublished\":\"2025-04-08T10:25:26+00:00\",\"breadcrumb\":{\"@id\":\"https:\/\/pool-house.shop\/de\/product\/fix-a-leak-1-kg\/#breadcrumb\"},\"inLanguage\":\"de\",\"potentialAction\":[{\"@type\":\"ReadAction\",\"target\":[\"https:\/\/pool-house.shop\/de\/product\/fix-a-leak-1-kg\/\"]}]},{\"@type\":\"ImageObject\",\"inLanguage\":\"de\",\"@id\":\"https:\/\/pool-house.shop\/de\/product\/fix-a-leak-1-kg\/#primaryimage\",\"url\":\"https:\/\/pool-house.shop\/wp-content\/uploads\/2025\/04\/155514.png\",\"contentUrl\":\"https:\/\/pool-house.shop\/wp-content\/uploads\/2025\/04\/155514.png\",\"width\":250,\"height\":600},{\"@type\":\"BreadcrumbList\",\"@id\":\"https:\/\/pool-house.shop\/de\/product\/fix-a-leak-1-kg\/#breadcrumb\",\"itemListElement\":[{\"@type\":\"ListItem\",\"position\":1,\"name\":\"Domovsk\u00e1 str\u00e1nka\",\"item\":\"https:\/\/pool-house.shop\/de\/\"},{\"@type\":\"ListItem\",\"position\":2,\"name\":\"Shop\",\"item\":\"https:\/\/pool-house.shop\/de\/shop\/\"},{\"@type\":\"ListItem\",\"position\":3,\"name\":\"Fix a Leak 1 kg\"}]},{\"@type\":\"WebSite\",\"@id\":\"https:\/\/pool-house.shop\/de\/#website\",\"url\":\"https:\/\/pool-house.shop\/de\/\",\"name\":\"Pool-House\",\"description\":\"\",\"publisher\":{\"@id\":\"https:\/\/pool-house.shop\/de\/#organization\"},\"potentialAction\":[{\"@type\":\"SearchAction\",\"target\":{\"@type\":\"EntryPoint\",\"urlTemplate\":\"https:\/\/pool-house.shop\/de\/?s={search_term_string}\"},\"query-input\":{\"@type\":\"PropertyValueSpecification\",\"valueRequired\":true,\"valueName\":\"search_term_string\"}}],\"inLanguage\":\"de\"},{\"@type\":\"Organization\",\"@id\":\"https:\/\/pool-house.shop\/de\/#organization\",\"name\":\"Pool-House\",\"url\":\"https:\/\/pool-house.shop\/de\/\",\"logo\":{\"@type\":\"ImageObject\",\"inLanguage\":\"de\",\"@id\":\"https:\/\/pool-house.shop\/de\/#\/schema\/logo\/image\/\",\"url\":\"https:\/\/pool-house.shop\/wp-content\/uploads\/2025\/10\/logo-2-stvorec-mobil-modre.png\",\"contentUrl\":\"https:\/\/pool-house.shop\/wp-content\/uploads\/2025\/10\/logo-2-stvorec-mobil-modre.png\",\"width\":273,\"height\":189,\"caption\":\"Pool-House\"},\"image\":{\"@id\":\"https:\/\/pool-house.shop\/de\/#\/schema\/logo\/image\/\"},\"sameAs\":[\"https:\/\/www.facebook.com\/termodomsk\/\"]}]}<\/script>\n<!-- \/ Yoast SEO plugin. -->","yoast_head_json":{"title":"Fix a Leak 1 kg - Pool-House","robots":{"index":"index","follow":"follow","max-snippet":"max-snippet:-1","max-image-preview":"max-image-preview:large","max-video-preview":"max-video-preview:-1"},"canonical":"https:\/\/pool-house.shop\/de\/product\/fix-a-leak-1-kg\/","og_locale":"de_DE","og_type":"article","og_title":"Fix a Leak 1 kg - Pool-House","og_description":"Fix a Leak - Leckdichter  FIX-A-LEAK ist eine konzentrierte, patentierte Mischung, die Lecks praktisch auf jedem Material abdichten kann. Es kann zur Abdichtung von Lecks an Poolw\u00e4nden verwendet werden und funktioniert ebenso gut bei Rohrleitungen. Es kann auch L\u00f6cher und Risse mit einem Durchmesser von 3 mm abdichten. Es bildet einen dauerhaften Verschluss.    Diese Mischung ist in der Lage, Haarrisse und Risse in jedem Pool ohne Entleerung oder andere Arbeiten abzudichten. Nach Zugabe ins Wasser kommt es mit Luftsauerstoff in Kontakt und h\u00e4rtet aus, wodurch die L\u00fccke geschlossen wird.  In vielen F\u00e4llen hilft es, einen Lecksuchdienst zu vermeiden. Es besch\u00e4digt Salzgeneratoren, Heizungen, Pumpen oder Filter nicht. Die endg\u00fcltige H\u00e4rte wird innerhalb von 48 Stunden erreicht.   Ein Liter des Leckreparaturmittels kann f\u00fcr kleinere Lecks bis zu einem Poolvolumen von 80 m\u00b3 ausreichen. Bei gr\u00f6\u00dferen Lecks \u00fcberschreiten Sie 1 Liter pro 20 m\u00b3 nicht.","og_url":"https:\/\/pool-house.shop\/de\/product\/fix-a-leak-1-kg\/","og_site_name":"Pool-House","article_publisher":"https:\/\/www.facebook.com\/termodomsk\/","og_image":[{"width":250,"height":600,"url":"https:\/\/pool-house.shop\/wp-content\/uploads\/2025\/04\/155514.png","type":"image\/png"}],"twitter_card":"summary_large_image","twitter_misc":{"Gesch\u00e4tzte Lesezeit":"1\u00a0Minute"},"schema":{"@context":"https:\/\/schema.org","@graph":[{"@type":"WebPage","@id":"https:\/\/pool-house.shop\/de\/product\/fix-a-leak-1-kg\/","url":"https:\/\/pool-house.shop\/de\/product\/fix-a-leak-1-kg\/","name":"Fix a Leak 1 kg - Pool-House","isPartOf":{"@id":"https:\/\/pool-house.shop\/de\/#website"},"primaryImageOfPage":{"@id":"https:\/\/pool-house.shop\/de\/product\/fix-a-leak-1-kg\/#primaryimage"},"image":{"@id":"https:\/\/pool-house.shop\/de\/product\/fix-a-leak-1-kg\/#primaryimage"},"thumbnailUrl":"https:\/\/pool-house.shop\/wp-content\/uploads\/2025\/04\/155514.png","datePublished":"2025-04-08T10:25:26+00:00","breadcrumb":{"@id":"https:\/\/pool-house.shop\/de\/product\/fix-a-leak-1-kg\/#breadcrumb"},"inLanguage":"de","potentialAction":[{"@type":"ReadAction","target":["https:\/\/pool-house.shop\/de\/product\/fix-a-leak-1-kg\/"]}]},{"@type":"ImageObject","inLanguage":"de","@id":"https:\/\/pool-house.shop\/de\/product\/fix-a-leak-1-kg\/#primaryimage","url":"https:\/\/pool-house.shop\/wp-content\/uploads\/2025\/04\/155514.png","contentUrl":"https:\/\/pool-house.shop\/wp-content\/uploads\/2025\/04\/155514.png","width":250,"height":600},{"@type":"BreadcrumbList","@id":"https:\/\/pool-house.shop\/de\/product\/fix-a-leak-1-kg\/#breadcrumb","itemListElement":[{"@type":"ListItem","position":1,"name":"Domovsk\u00e1 str\u00e1nka","item":"https:\/\/pool-house.shop\/de\/"},{"@type":"ListItem","position":2,"name":"Shop","item":"https:\/\/pool-house.shop\/de\/shop\/"},{"@type":"ListItem","position":3,"name":"Fix a Leak 1 kg"}]},{"@type":"WebSite","@id":"https:\/\/pool-house.shop\/de\/#website","url":"https:\/\/pool-house.shop\/de\/","name":"Pool-House","description":"","publisher":{"@id":"https:\/\/pool-house.shop\/de\/#organization"},"potentialAction":[{"@type":"SearchAction","target":{"@type":"EntryPoint","urlTemplate":"https:\/\/pool-house.shop\/de\/?s={search_term_string}"},"query-input":{"@type":"PropertyValueSpecification","valueRequired":true,"valueName":"search_term_string"}}],"inLanguage":"de"},{"@type":"Organization","@id":"https:\/\/pool-house.shop\/de\/#organization","name":"Pool-House","url":"https:\/\/pool-house.shop\/de\/","logo":{"@type":"ImageObject","inLanguage":"de","@id":"https:\/\/pool-house.shop\/de\/#\/schema\/logo\/image\/","url":"https:\/\/pool-house.shop\/wp-content\/uploads\/2025\/10\/logo-2-stvorec-mobil-modre.png","contentUrl":"https:\/\/pool-house.shop\/wp-content\/uploads\/2025\/10\/logo-2-stvorec-mobil-modre.png","width":273,"height":189,"caption":"Pool-House"},"image":{"@id":"https:\/\/pool-house.shop\/de\/#\/schema\/logo\/image\/"},"sameAs":["https:\/\/www.facebook.com\/termodomsk\/"]}]}},"_links":{"self":[{"href":"https:\/\/pool-house.shop\/de\/wp-json\/wp\/v2\/product\/9808","targetHints":{"allow":["GET"]}}],"collection":[{"href":"https:\/\/pool-house.shop\/de\/wp-json\/wp\/v2\/product"}],"about":[{"href":"https:\/\/pool-house.shop\/de\/wp-json\/wp\/v2\/types\/product"}],"wp:featuredmedia":[{"embeddable":true,"href":"https:\/\/pool-house.shop\/de\/wp-json\/wp\/v2\/media\/4342"}],"wp:attachment":[{"href":"https:\/\/pool-house.shop\/de\/wp-json\/wp\/v2\/media?parent=9808"}],"wp:term":[{"taxonomy":"product_brand","embeddable":true,"href":"https:\/\/pool-house.shop\/de\/wp-json\/wp\/v2\/product_brand?post=9808"},{"taxonomy":"product_cat","embeddable":true,"href":"https:\/\/pool-house.shop\/de\/wp-json\/wp\/v2\/product_cat?post=9808"},{"taxonomy":"product_tag","embeddable":true,"href":"https:\/\/pool-house.shop\/de\/wp-json\/wp\/v2\/product_tag?post=9808"}],"curies":[{"name":"wp","href":"https:\/\/api.w.org\/{rel}","templated":true}]}}